{"id":866,"date":"2021-12-27T13:28:09","date_gmt":"2021-12-27T13:28:09","guid":{"rendered":"https:\/\/park-hotel-ai-cappuccini.ms.decms.eu\/?page_id=866"},"modified":"2023-03-23T09:48:23","modified_gmt":"2023-03-23T09:48:23","slug":"links","status":"publish","type":"page","link":"https:\/\/www.parkhotelaicappuccini.it\/fr\/links\/","title":{"rendered":"Links"},"content":{"rendered":"<p><strong>Sites institutionnels<\/strong><\/p>\n<p>Site de la Commune de Gubbio :<br \/>\n<a href=\"http:\/\/www.comune.gubbio.pg.it\" target=\"_blank\" rel=\"noopener\">www.comune.gubbio.pg.it<\/a><\/p>\n<p>Site de la R\u00e9gion Ombrie :<br \/>\n<a href=\"http:\/\/www.regione.umbria.it\" target=\"_blank\" rel=\"noopener\">www.regione.umbria.it<\/a><\/p>\n<p>Portail de la R\u00e9gion Ombrie pour le Tourisme, Environnement et Culture :<br \/>\n<a href=\"https:\/\/www.umbriatourism.it\">https:\/\/www.umbriatourism.it\/fr\/homepage<\/a><\/p>\n<p>Portail du Gouvernement Italien du Tourisme :<br \/>\n<a href=\"http:\/\/www.italia.it\" target=\"_blank\" rel=\"noopener\">www.italia.it<\/a><\/p>\n<p>&nbsp;<\/p>\n<p><strong>Sites utiles pour voyager<\/strong><\/p>\n<p>Site de Trenitalia:<br \/>\n<a href=\"http:\/\/www.ferroviedellostato.it\" target=\"_blank\" rel=\"noopener\">www.ferroviedellostato.it<\/a><\/p>\n<p>Site de Trainline:<br \/>\n<a href=\"https:\/\/www.thetrainline.com\/\">https:\/\/www.thetrainline.com\/en-us<\/a><\/p>\n<p>Site des Autoroutes pour l\u2019Italie :<br \/>\n<a href=\"http:\/\/www.autostrade.it\" target=\"_blank\" rel=\"noopener\">www.autostrade.it<\/a><\/p>\n<p>Site de l\u2019A\u00e9roport P\u00e9rouse-S.Egidio:<br \/>\n<a href=\"http:\/\/www.airport.umbria.it\" target=\"_blank\" rel=\"noopener\">www.airport.umbria.it<\/a><\/p>\n<p>Site de l\u2019A\u00e9roport Anc\u00f4ne-Falconara:<br \/>\n<a href=\"http:\/\/www.ancona-airport.com\" target=\"_blank\" rel=\"noopener\">www.ancona-airport.com<\/a><\/p>\n<p>Site des A\u00e9roports de Rome (Fiumicino et Ciampino):<br \/>\n<a href=\"http:\/\/www.adr.it\" target=\"_blank\" rel=\"noopener\">www.adr.it<\/a><\/p>\n<p>Site de Avis \u2013 Location de voitures :<br \/>\n<a href=\"https:\/\/www.avisautonoleggio.it\/\" target=\"_blank\" rel=\"noopener\">https:\/\/www.avisautonoleggio.it\/<\/a><\/p>\n<p>Site de ViaMichelin:<br \/>\n<a href=\"http:\/\/www.viamichelin.it\" target=\"_blank\" rel=\"noopener\">www.viamichelin.it<\/a><\/p>\n<p>Site m\u00e9t\u00e9o :<br \/>\n<a href=\"http:\/\/www.meteo.it\" target=\"_blank\" rel=\"noopener\">www.meteo.it<\/a><\/p>\n<p>Site Small Luxury Hotels of the World:<br \/>\n<a href=\"http:\/\/www.slh.com\" target=\"_blank\" rel=\"noopener\">www.slh.com<\/a><\/p>\n<p>Site Ombrie Bien-\u00eatre :<br \/>\n<a href=\"http:\/\/www.umbriabenessere.eu\" target=\"_blank\" rel=\"noopener\">www.umbriabenessere.eu<\/a><\/p>\n<p>&nbsp;<\/p>\n<p><strong>Histoire, Folklore et Curiosit\u00e9<\/strong><\/p>\n<p>Site Festa dei Ceri (F\u00eate des Cierges):<br \/>\n<a href=\"http:\/\/www.ceri.it\" target=\"_blank\" rel=\"noopener\">www.ceri.it<\/a><\/p>\n<p>Site de l\u2019Arbre de No\u00ebl de Gubbio:<br \/>\n<a href=\"http:\/\/www.alberodigubbio.com\" target=\"_blank\" rel=\"noopener\">www.alberodigubbio.com<\/a><\/p>\n<p>Site des natifs de Gubbio dans le monde:<br \/>\n<a href=\"http:\/\/www.eugubininelmondo.it\" target=\"_blank\" rel=\"noopener\">www.eugubininelmondo.it<\/a><\/p>\n<p>Site des Arbal\u00e9triers de Gubbio:<br \/>\n<a href=\"http:\/\/www.balestrierigubbio.it\" target=\"_blank\" rel=\"noopener\">www.balestrierigubbio.it<\/a><\/p>\n<p>Site des jongleurs de drapeaux de Gubbio:<br \/>\n<a href=\"http:\/\/www.sbandieratori.com\" target=\"_blank\" rel=\"noopener\">www.sbandieratori.com<\/a><\/p>\n","protected":false},"excerpt":{"rendered":"<p>Sites institutionnels Site de la Commune de Gubbio : www.comune.gubbio.pg.it Site de la R\u00e9gion Ombrie : www.regione.umbria.it Portail de la R\u00e9gion Ombrie pour le Tourisme, Environnement et Culture : https:\/\/www.umbriatourism.it\/fr\/homepage Portail du Gouvernement Italien du Tourisme : www.italia.it &nbsp; Sites utiles pour voyager Site de Trenitalia: www.ferroviedellostato.it Site de Trainline: https:\/\/www.thetrainline.com\/en-us Site des Autoroutes pour [&hellip;]<\/p>\n","protected":false},"author":36,"featured_media":0,"parent":0,"menu_order":999,"comment_status":"closed","ping_status":"closed","template":"template-default-3.php","meta":{"footnotes":""},"class_list":["post-866","page","type-page","status-publish","hentry"],"yoast_head":"<!-- This site is optimized with the Yoast SEO plugin v26.9 - https:\/\/yoast.com\/product\/yoast-seo-wordpress\/ -->\n<title>Links - Park Hotel Ai Cappuccini -<\/title>\n<meta name=\"description\" content=\"Sites institutionnels  Site de la Commune de Gubbio : www.comune.gubbio.pg.it  Site de la R\u00e9gion Ombrie : www.regione.umbria.it  Portail de la R\u00e9gion Ombrie pour le Tourisme, Environnement et Culture : https:\/\/www.umbriatourism.it\/fr\/homepage  Portail du Gouvernement Italien du Tourisme : www.italia.it  &nbsp;  Sites utiles pour voyager  Site de Trenitalia: www.ferroviedellostato.it  Site de Trainline: https:\/\/www.thetrainline.com\/en-us  Site des Autoroutes pour l\u2019Italie : www.autostrade.it  Site de l\u2019A\u00e9roport P\u00e9rouse-S.Egidio: www.airport.umbria.it  Site de l\u2019A\u00e9roport Anc\u00f4ne-Falconara: www.ancona-airport.com  Site des A\u00e9roports de Rome (Fiumicino et Ciampino): www.adr.it  Site de Avis \u2013 Location de voitures : https:\/\/www.avisautonoleggio.it\/  Site de ViaMichelin: www.viamichelin.it  Site m\u00e9t\u00e9o : www.meteo.it  Site Small Luxury Hotels of the World: www.slh.com  Site Ombrie Bien-\u00eatre : www.umbriabenessere.eu  &nbsp;  Histoire, Folklore et Curiosit\u00e9  Site Festa dei Ceri (F\u00eate des Cierges): www.ceri.it  Site de l\u2019Arbre de No\u00ebl de Gubbio: www.alberodigubbio.com  Site des natifs de Gubbio dans le monde: www.eugubininelmondo.it  Site des Arbal\u00e9triers de Gubbio: www.balestrierigubbio.it  Site des jongleurs de drapeaux de Gubbio: www.sbandieratori.com.\" \/>\n<meta name=\"robots\" content=\"index, follow, max-snippet:-1, max-image-preview:large, max-video-preview:-1\" \/>\n<link rel=\"canonical\" href=\"https:\/\/www.parkhotelaicappuccini.it\/fr\/links\/\" \/>\n<meta property=\"og:locale\" content=\"fr_FR\" \/>\n<meta property=\"og:type\" content=\"article\" \/>\n<meta property=\"og:title\" content=\"Links - Park Hotel Ai Cappuccini -\" \/>\n<meta property=\"og:description\" content=\"Sites institutionnels  Site de la Commune de Gubbio : www.comune.gubbio.pg.it  Site de la R\u00e9gion Ombrie : www.regione.umbria.it  Portail de la R\u00e9gion Ombrie pour le Tourisme, Environnement et Culture : https:\/\/www.umbriatourism.it\/fr\/homepage  Portail du Gouvernement Italien du Tourisme : www.italia.it  &nbsp;  Sites utiles pour voyager  Site de Trenitalia: www.ferroviedellostato.it  Site de Trainline: https:\/\/www.thetrainline.com\/en-us  Site des Autoroutes pour l\u2019Italie : www.autostrade.it  Site de l\u2019A\u00e9roport P\u00e9rouse-S.Egidio: www.airport.umbria.it  Site de l\u2019A\u00e9roport Anc\u00f4ne-Falconara: www.ancona-airport.com  Site des A\u00e9roports de Rome (Fiumicino et Ciampino): www.adr.it  Site de Avis \u2013 Location de voitures : https:\/\/www.avisautonoleggio.it\/  Site de ViaMichelin: www.viamichelin.it  Site m\u00e9t\u00e9o : www.meteo.it  Site Small Luxury Hotels of the World: www.slh.com  Site Ombrie Bien-\u00eatre : www.umbriabenessere.eu  &nbsp;  Histoire, Folklore et Curiosit\u00e9  Site Festa dei Ceri (F\u00eate des Cierges): www.ceri.it  Site de l\u2019Arbre de No\u00ebl de Gubbio: www.alberodigubbio.com  Site des natifs de Gubbio dans le monde: www.eugubininelmondo.it  Site des Arbal\u00e9triers de Gubbio: www.balestrierigubbio.it  Site des jongleurs de drapeaux de Gubbio: www.sbandieratori.com.\" \/>\n<meta property=\"og:url\" content=\"https:\/\/www.parkhotelaicappuccini.it\/fr\/links\/\" \/>\n<meta property=\"og:site_name\" content=\"Park Hotel Ai Cappuccini\" \/>\n<meta property=\"article:modified_time\" content=\"2023-03-23T09:48:23+00:00\" \/>\n<meta property=\"og:image\" content=\"https:\/\/www.parkhotelaicappuccini.it\/wp-content\/uploads\/sites\/385\/2021\/12\/Parco-Acque-6.jpg\" \/>\n\t<meta property=\"og:image:width\" content=\"1200\" \/>\n\t<meta property=\"og:image:height\" content=\"666\" \/>\n\t<meta property=\"og:image:type\" content=\"image\/jpeg\" \/>\n<meta name=\"twitter:card\" content=\"summary_large_image\" \/>\n<meta name=\"twitter:label1\" content=\"Dur\u00e9e de lecture estim\u00e9e\" \/>\n\t<meta name=\"twitter:data1\" content=\"1 minute\" \/>\n<script type=\"application\/ld+json\" class=\"yoast-schema-graph\">{\"@context\":\"https:\/\/schema.org\",\"@graph\":[{\"@type\":\"WebPage\",\"@id\":\"https:\/\/www.parkhotelaicappuccini.it\/fr\/links\/\",\"url\":\"https:\/\/www.parkhotelaicappuccini.it\/fr\/links\/\",\"name\":\"Links - Park Hotel Ai Cappuccini -\",\"isPartOf\":{\"@id\":\"https:\/\/www.parkhotelaicappuccini.it\/fr\/#website\"},\"datePublished\":\"2021-12-27T13:28:09+00:00\",\"dateModified\":\"2023-03-23T09:48:23+00:00\",\"description\":\"Sites institutionnels Site de la Commune de Gubbio : www.comune.gubbio.pg.it Site de la R\u00e9gion Ombrie : www.regione.umbria.it Portail de la R\u00e9gion Ombrie pour le Tourisme, Environnement et Culture : https:\/\/www.umbriatourism.it\/fr\/homepage Portail du Gouvernement Italien du Tourisme : www.italia.it &nbsp; Sites utiles pour voyager Site de Trenitalia: www.ferroviedellostato.it Site de Trainline: https:\/\/www.thetrainline.com\/en-us Site des Autoroutes pour l\u2019Italie : www.autostrade.it Site de l\u2019A\u00e9roport P\u00e9rouse-S.Egidio: www.airport.umbria.it Site de l\u2019A\u00e9roport Anc\u00f4ne-Falconara: www.ancona-airport.com Site des A\u00e9roports de Rome (Fiumicino et Ciampino): www.adr.it Site de Avis \u2013 Location de voitures : https:\/\/www.avisautonoleggio.it\/ Site de ViaMichelin: www.viamichelin.it Site m\u00e9t\u00e9o : www.meteo.it Site Small Luxury Hotels of the World: www.slh.com Site Ombrie Bien-\u00eatre : www.umbriabenessere.eu &nbsp; Histoire, Folklore et Curiosit\u00e9 Site Festa dei Ceri (F\u00eate des Cierges): www.ceri.it Site de l\u2019Arbre de No\u00ebl de Gubbio: www.alberodigubbio.com Site des natifs de Gubbio dans le monde: www.eugubininelmondo.it Site des Arbal\u00e9triers de Gubbio: www.balestrierigubbio.it Site des jongleurs de drapeaux de Gubbio: www.sbandieratori.com.\",\"breadcrumb\":{\"@id\":\"https:\/\/www.parkhotelaicappuccini.it\/fr\/links\/#breadcrumb\"},\"inLanguage\":\"fr-FR\",\"potentialAction\":[{\"@type\":\"ReadAction\",\"target\":[\"https:\/\/www.parkhotelaicappuccini.it\/fr\/links\/\"]}]},{\"@type\":\"BreadcrumbList\",\"@id\":\"https:\/\/www.parkhotelaicappuccini.it\/fr\/links\/#breadcrumb\",\"itemListElement\":[{\"@type\":\"ListItem\",\"position\":1,\"name\":\"Home\",\"item\":\"https:\/\/www.parkhotelaicappuccini.it\/fr\/\"},{\"@type\":\"ListItem\",\"position\":2,\"name\":\"Links\"}]},{\"@type\":\"WebSite\",\"@id\":\"https:\/\/www.parkhotelaicappuccini.it\/fr\/#website\",\"url\":\"https:\/\/www.parkhotelaicappuccini.it\/fr\/\",\"name\":\"Park Hotel Ai Cappuccini\",\"description\":\"Just another ms.decms.eu site\",\"potentialAction\":[{\"@type\":\"SearchAction\",\"target\":{\"@type\":\"EntryPoint\",\"urlTemplate\":\"https:\/\/www.parkhotelaicappuccini.it\/fr\/?s={search_term_string}\"},\"query-input\":{\"@type\":\"PropertyValueSpecification\",\"valueRequired\":true,\"valueName\":\"search_term_string\"}}],\"inLanguage\":\"fr-FR\"}]}<\/script>\n<!-- \/ Yoast SEO plugin. -->","yoast_head_json":{"title":"Links - Park Hotel Ai Cappuccini -","description":"Sites institutionnels  Site de la Commune de Gubbio : www.comune.gubbio.pg.it  Site de la R\u00e9gion Ombrie : www.regione.umbria.it  Portail de la R\u00e9gion Ombrie pour le Tourisme, Environnement et Culture : https:\/\/www.umbriatourism.it\/fr\/homepage  Portail du Gouvernement Italien du Tourisme : www.italia.it  &nbsp;  Sites utiles pour voyager  Site de Trenitalia: www.ferroviedellostato.it  Site de Trainline: https:\/\/www.thetrainline.com\/en-us  Site des Autoroutes pour l\u2019Italie : www.autostrade.it  Site de l\u2019A\u00e9roport P\u00e9rouse-S.Egidio: www.airport.umbria.it  Site de l\u2019A\u00e9roport Anc\u00f4ne-Falconara: www.ancona-airport.com  Site des A\u00e9roports de Rome (Fiumicino et Ciampino): www.adr.it  Site de Avis \u2013 Location de voitures : https:\/\/www.avisautonoleggio.it\/  Site de ViaMichelin: www.viamichelin.it  Site m\u00e9t\u00e9o : www.meteo.it  Site Small Luxury Hotels of the World: www.slh.com  Site Ombrie Bien-\u00eatre : www.umbriabenessere.eu  &nbsp;  Histoire, Folklore et Curiosit\u00e9  Site Festa dei Ceri (F\u00eate des Cierges): www.ceri.it  Site de l\u2019Arbre de No\u00ebl de Gubbio: www.alberodigubbio.com  Site des natifs de Gubbio dans le monde: www.eugubininelmondo.it  Site des Arbal\u00e9triers de Gubbio: www.balestrierigubbio.it  Site des jongleurs de drapeaux de Gubbio: www.sbandieratori.com.","robots":{"index":"index","follow":"follow","max-snippet":"max-snippet:-1","max-image-preview":"max-image-preview:large","max-video-preview":"max-video-preview:-1"},"canonical":"https:\/\/www.parkhotelaicappuccini.it\/fr\/links\/","og_locale":"fr_FR","og_type":"article","og_title":"Links - Park Hotel Ai Cappuccini -","og_description":"Sites institutionnels  Site de la Commune de Gubbio : www.comune.gubbio.pg.it  Site de la R\u00e9gion Ombrie : www.regione.umbria.it  Portail de la R\u00e9gion Ombrie pour le Tourisme, Environnement et Culture : https:\/\/www.umbriatourism.it\/fr\/homepage  Portail du Gouvernement Italien du Tourisme : www.italia.it  &nbsp;  Sites utiles pour voyager  Site de Trenitalia: www.ferroviedellostato.it  Site de Trainline: https:\/\/www.thetrainline.com\/en-us  Site des Autoroutes pour l\u2019Italie : www.autostrade.it  Site de l\u2019A\u00e9roport P\u00e9rouse-S.Egidio: www.airport.umbria.it  Site de l\u2019A\u00e9roport Anc\u00f4ne-Falconara: www.ancona-airport.com  Site des A\u00e9roports de Rome (Fiumicino et Ciampino): www.adr.it  Site de Avis \u2013 Location de voitures : https:\/\/www.avisautonoleggio.it\/  Site de ViaMichelin: www.viamichelin.it  Site m\u00e9t\u00e9o : www.meteo.it  Site Small Luxury Hotels of the World: www.slh.com  Site Ombrie Bien-\u00eatre : www.umbriabenessere.eu  &nbsp;  Histoire, Folklore et Curiosit\u00e9  Site Festa dei Ceri (F\u00eate des Cierges): www.ceri.it  Site de l\u2019Arbre de No\u00ebl de Gubbio: www.alberodigubbio.com  Site des natifs de Gubbio dans le monde: www.eugubininelmondo.it  Site des Arbal\u00e9triers de Gubbio: www.balestrierigubbio.it  Site des jongleurs de drapeaux de Gubbio: www.sbandieratori.com.","og_url":"https:\/\/www.parkhotelaicappuccini.it\/fr\/links\/","og_site_name":"Park Hotel Ai Cappuccini","article_modified_time":"2023-03-23T09:48:23+00:00","og_image":[{"width":1200,"height":666,"url":"https:\/\/www.parkhotelaicappuccini.it\/wp-content\/uploads\/sites\/385\/2021\/12\/Parco-Acque-6.jpg","type":"image\/jpeg"}],"twitter_card":"summary_large_image","twitter_misc":{"Dur\u00e9e de lecture estim\u00e9e":"1 minute"},"schema":{"@context":"https:\/\/schema.org","@graph":[{"@type":"WebPage","@id":"https:\/\/www.parkhotelaicappuccini.it\/fr\/links\/","url":"https:\/\/www.parkhotelaicappuccini.it\/fr\/links\/","name":"Links - Park Hotel Ai Cappuccini -","isPartOf":{"@id":"https:\/\/www.parkhotelaicappuccini.it\/fr\/#website"},"datePublished":"2021-12-27T13:28:09+00:00","dateModified":"2023-03-23T09:48:23+00:00","description":"Sites institutionnels Site de la Commune de Gubbio : www.comune.gubbio.pg.it Site de la R\u00e9gion Ombrie : www.regione.umbria.it Portail de la R\u00e9gion Ombrie pour le Tourisme, Environnement et Culture : https:\/\/www.umbriatourism.it\/fr\/homepage Portail du Gouvernement Italien du Tourisme : www.italia.it &nbsp; Sites utiles pour voyager Site de Trenitalia: www.ferroviedellostato.it Site de Trainline: https:\/\/www.thetrainline.com\/en-us Site des Autoroutes pour l\u2019Italie : www.autostrade.it Site de l\u2019A\u00e9roport P\u00e9rouse-S.Egidio: www.airport.umbria.it Site de l\u2019A\u00e9roport Anc\u00f4ne-Falconara: www.ancona-airport.com Site des A\u00e9roports de Rome (Fiumicino et Ciampino): www.adr.it Site de Avis \u2013 Location de voitures : https:\/\/www.avisautonoleggio.it\/ Site de ViaMichelin: www.viamichelin.it Site m\u00e9t\u00e9o : www.meteo.it Site Small Luxury Hotels of the World: www.slh.com Site Ombrie Bien-\u00eatre : www.umbriabenessere.eu &nbsp; Histoire, Folklore et Curiosit\u00e9 Site Festa dei Ceri (F\u00eate des Cierges): www.ceri.it Site de l\u2019Arbre de No\u00ebl de Gubbio: www.alberodigubbio.com Site des natifs de Gubbio dans le monde: www.eugubininelmondo.it Site des Arbal\u00e9triers de Gubbio: www.balestrierigubbio.it Site des jongleurs de drapeaux de Gubbio: www.sbandieratori.com.","breadcrumb":{"@id":"https:\/\/www.parkhotelaicappuccini.it\/fr\/links\/#breadcrumb"},"inLanguage":"fr-FR","potentialAction":[{"@type":"ReadAction","target":["https:\/\/www.parkhotelaicappuccini.it\/fr\/links\/"]}]},{"@type":"BreadcrumbList","@id":"https:\/\/www.parkhotelaicappuccini.it\/fr\/links\/#breadcrumb","itemListElement":[{"@type":"ListItem","position":1,"name":"Home","item":"https:\/\/www.parkhotelaicappuccini.it\/fr\/"},{"@type":"ListItem","position":2,"name":"Links"}]},{"@type":"WebSite","@id":"https:\/\/www.parkhotelaicappuccini.it\/fr\/#website","url":"https:\/\/www.parkhotelaicappuccini.it\/fr\/","name":"Park Hotel Ai Cappuccini","description":"Just another ms.decms.eu site","potentialAction":[{"@type":"SearchAction","target":{"@type":"EntryPoint","urlTemplate":"https:\/\/www.parkhotelaicappuccini.it\/fr\/?s={search_term_string}"},"query-input":{"@type":"PropertyValueSpecification","valueRequired":true,"valueName":"search_term_string"}}],"inLanguage":"fr-FR"}]}},"acf":[],"_links":{"self":[{"href":"https:\/\/www.parkhotelaicappuccini.it\/fr\/wp-json\/wp\/v2\/pages\/866","targetHints":{"allow":["GET"]}}],"collection":[{"href":"https:\/\/www.parkhotelaicappuccini.it\/fr\/wp-json\/wp\/v2\/pages"}],"about":[{"href":"https:\/\/www.parkhotelaicappuccini.it\/fr\/wp-json\/wp\/v2\/types\/page"}],"author":[{"embeddable":true,"href":"https:\/\/www.parkhotelaicappuccini.it\/fr\/wp-json\/wp\/v2\/users\/36"}],"replies":[{"embeddable":true,"href":"https:\/\/www.parkhotelaicappuccini.it\/fr\/wp-json\/wp\/v2\/comments?post=866"}],"version-history":[{"count":0,"href":"https:\/\/www.parkhotelaicappuccini.it\/fr\/wp-json\/wp\/v2\/pages\/866\/revisions"}],"wp:attachment":[{"href":"https:\/\/www.parkhotelaicappuccini.it\/fr\/wp-json\/wp\/v2\/media?parent=866"}],"curies":[{"name":"wp","href":"https:\/\/api.w.org\/{rel}","templated":true}]}}