{"id":85,"date":"2021-12-14T16:04:17","date_gmt":"2021-12-14T16:04:17","guid":{"rendered":"https:\/\/park-hotel-ai-cappuccini.ms.decms.eu\/?page_id=85"},"modified":"2022-12-07T11:30:57","modified_gmt":"2022-12-07T11:30:57","slug":"monasticum-double","status":"publish","type":"page","link":"https:\/\/www.parkhotelaicappuccini.it\/fr\/chambres\/monasticum-double\/","title":{"rendered":"Monasticum Double"},"content":{"rendered":"<p>Chambre meubl\u00e9e de fa\u00e7on traditionnelle, situ\u00e9e dans la partie antique de l&rsquo;ancien couvent et donnant sur le clo\u00eetre.<\/p>\n<p>17\/20 sqm<\/p>\n<p><strong>Occupation maximum<\/strong><br \/>\n2 personnes (2 adultes, 1 enfants)<\/p>\n<p><strong>\u00c9quipements num\u00e9riques<\/strong><br \/>\nVideo Payante, T\u00e9l\u00e9vision par satellite, T\u00e9l\u00e9vision, Radio, T\u00e9l\u00e9vision LCD, WiFi, WiFi Gratuit, Acc\u00e8s gratuit \u00e0 internet<\/p>\n<p><strong>Literie au choix<\/strong><br \/>\nDouble<\/p>\n<p><strong>Salle de bain<\/strong><br \/>\nS\u00e8che-cheveux, Salle de bains priv\u00e9e et wc, Bidet, Douche<\/p>\n","protected":false},"excerpt":{"rendered":"<p>Chambre meubl\u00e9e de fa\u00e7on traditionnelle, situ\u00e9e dans la partie antique de l&rsquo;ancien couvent et donnant sur le clo\u00eetre. 17\/20 sqm Occupation maximum 2 personnes (2 adultes, 1 enfants) \u00c9quipements num\u00e9riques Video Payante, T\u00e9l\u00e9vision par satellite, T\u00e9l\u00e9vision, Radio, T\u00e9l\u00e9vision LCD, WiFi, WiFi Gratuit, Acc\u00e8s gratuit \u00e0 internet Literie au choix Double Salle de bain S\u00e8che-cheveux, Salle [&hellip;]<\/p>\n","protected":false},"author":36,"featured_media":0,"parent":43,"menu_order":15,"comment_status":"closed","ping_status":"closed","template":"template-single-room.php","meta":{"footnotes":""},"class_list":["post-85","page","type-page","status-publish","hentry"],"yoast_head":"<!-- This site is optimized with the Yoast SEO plugin v26.9 - https:\/\/yoast.com\/product\/yoast-seo-wordpress\/ -->\n<title>Monasticum Double - Park Hotel Ai Cappuccini -<\/title>\n<meta name=\"description\" content=\"Chambre meubl\u00e9e de fa\u00e7on traditionnelle, situ\u00e9e dans la partie antique de l&#039;ancien couvent et donnant sur le clo\u00eetre.  17\/20 sqm  Occupation maximum 2 personnes (2 adultes, 1 enfants)  \u00c9quipements num\u00e9riques Video Payante, T\u00e9l\u00e9vision par satellite, T\u00e9l\u00e9vision, Radio, T\u00e9l\u00e9vision LCD, WiFi, WiFi Gratuit, Acc\u00e8s gratuit \u00e0 internet  Literie au choix Double  Salle de bain S\u00e8che-cheveux, Salle de bains priv\u00e9e et wc, Bidet, Douche.\" \/>\n<meta name=\"robots\" content=\"index, follow, max-snippet:-1, max-image-preview:large, max-video-preview:-1\" \/>\n<link rel=\"canonical\" href=\"https:\/\/www.parkhotelaicappuccini.it\/fr\/chambres\/monasticum-double\/\" \/>\n<meta property=\"og:locale\" content=\"fr_FR\" \/>\n<meta property=\"og:type\" content=\"article\" \/>\n<meta property=\"og:title\" content=\"Monasticum Double - Park Hotel Ai Cappuccini -\" \/>\n<meta property=\"og:description\" content=\"Chambre meubl\u00e9e de fa\u00e7on traditionnelle, situ\u00e9e dans la partie antique de l&#039;ancien couvent et donnant sur le clo\u00eetre.  17\/20 sqm  Occupation maximum 2 personnes (2 adultes, 1 enfants)  \u00c9quipements num\u00e9riques Video Payante, T\u00e9l\u00e9vision par satellite, T\u00e9l\u00e9vision, Radio, T\u00e9l\u00e9vision LCD, WiFi, WiFi Gratuit, Acc\u00e8s gratuit \u00e0 internet  Literie au choix Double  Salle de bain S\u00e8che-cheveux, Salle de bains priv\u00e9e et wc, Bidet, Douche.\" \/>\n<meta property=\"og:url\" content=\"https:\/\/www.parkhotelaicappuccini.it\/fr\/chambres\/monasticum-double\/\" \/>\n<meta property=\"og:site_name\" content=\"Park Hotel Ai Cappuccini\" \/>\n<meta property=\"article:modified_time\" content=\"2022-12-07T11:30:57+00:00\" \/>\n<meta property=\"og:image\" content=\"https:\/\/www.parkhotelaicappuccini.it\/wp-content\/uploads\/sites\/385\/2021\/12\/Parco-Acque-6.jpg\" \/>\n\t<meta property=\"og:image:width\" content=\"1200\" \/>\n\t<meta property=\"og:image:height\" content=\"666\" \/>\n\t<meta property=\"og:image:type\" content=\"image\/jpeg\" \/>\n<meta name=\"twitter:card\" content=\"summary_large_image\" \/>\n<meta name=\"twitter:label1\" content=\"Dur\u00e9e de lecture estim\u00e9e\" \/>\n\t<meta name=\"twitter:data1\" content=\"1 minute\" \/>\n<script type=\"application\/ld+json\" class=\"yoast-schema-graph\">{\"@context\":\"https:\/\/schema.org\",\"@graph\":[{\"@type\":\"WebPage\",\"@id\":\"https:\/\/www.parkhotelaicappuccini.it\/fr\/chambres\/monasticum-double\/\",\"url\":\"https:\/\/www.parkhotelaicappuccini.it\/fr\/chambres\/monasticum-double\/\",\"name\":\"Monasticum Double - Park Hotel Ai Cappuccini -\",\"isPartOf\":{\"@id\":\"https:\/\/www.parkhotelaicappuccini.it\/fr\/#website\"},\"datePublished\":\"2021-12-14T16:04:17+00:00\",\"dateModified\":\"2022-12-07T11:30:57+00:00\",\"description\":\"Chambre meubl\u00e9e de fa\u00e7on traditionnelle, situ\u00e9e dans la partie antique de l'ancien couvent et donnant sur le clo\u00eetre. 17\/20 sqm Occupation maximum 2 personnes (2 adultes, 1 enfants) \u00c9quipements num\u00e9riques Video Payante, T\u00e9l\u00e9vision par satellite, T\u00e9l\u00e9vision, Radio, T\u00e9l\u00e9vision LCD, WiFi, WiFi Gratuit, Acc\u00e8s gratuit \u00e0 internet Literie au choix Double Salle de bain S\u00e8che-cheveux, Salle de bains priv\u00e9e et wc, Bidet, Douche.\",\"breadcrumb\":{\"@id\":\"https:\/\/www.parkhotelaicappuccini.it\/fr\/chambres\/monasticum-double\/#breadcrumb\"},\"inLanguage\":\"fr-FR\",\"potentialAction\":[{\"@type\":\"ReadAction\",\"target\":[\"https:\/\/www.parkhotelaicappuccini.it\/fr\/chambres\/monasticum-double\/\"]}]},{\"@type\":\"BreadcrumbList\",\"@id\":\"https:\/\/www.parkhotelaicappuccini.it\/fr\/chambres\/monasticum-double\/#breadcrumb\",\"itemListElement\":[{\"@type\":\"ListItem\",\"position\":1,\"name\":\"Home\",\"item\":\"https:\/\/www.parkhotelaicappuccini.it\/fr\/\"},{\"@type\":\"ListItem\",\"position\":2,\"name\":\"Chambres\",\"item\":\"https:\/\/www.parkhotelaicappuccini.it\/fr\/chambres\/\"},{\"@type\":\"ListItem\",\"position\":3,\"name\":\"Monasticum Double\"}]},{\"@type\":\"WebSite\",\"@id\":\"https:\/\/www.parkhotelaicappuccini.it\/fr\/#website\",\"url\":\"https:\/\/www.parkhotelaicappuccini.it\/fr\/\",\"name\":\"Park Hotel Ai Cappuccini\",\"description\":\"Just another ms.decms.eu site\",\"potentialAction\":[{\"@type\":\"SearchAction\",\"target\":{\"@type\":\"EntryPoint\",\"urlTemplate\":\"https:\/\/www.parkhotelaicappuccini.it\/fr\/?s={search_term_string}\"},\"query-input\":{\"@type\":\"PropertyValueSpecification\",\"valueRequired\":true,\"valueName\":\"search_term_string\"}}],\"inLanguage\":\"fr-FR\"}]}<\/script>\n<!-- \/ Yoast SEO plugin. -->","yoast_head_json":{"title":"Monasticum Double - Park Hotel Ai Cappuccini -","description":"Chambre meubl\u00e9e de fa\u00e7on traditionnelle, situ\u00e9e dans la partie antique de l'ancien couvent et donnant sur le clo\u00eetre.  17\/20 sqm  Occupation maximum 2 personnes (2 adultes, 1 enfants)  \u00c9quipements num\u00e9riques Video Payante, T\u00e9l\u00e9vision par satellite, T\u00e9l\u00e9vision, Radio, T\u00e9l\u00e9vision LCD, WiFi, WiFi Gratuit, Acc\u00e8s gratuit \u00e0 internet  Literie au choix Double  Salle de bain S\u00e8che-cheveux, Salle de bains priv\u00e9e et wc, Bidet, Douche.","robots":{"index":"index","follow":"follow","max-snippet":"max-snippet:-1","max-image-preview":"max-image-preview:large","max-video-preview":"max-video-preview:-1"},"canonical":"https:\/\/www.parkhotelaicappuccini.it\/fr\/chambres\/monasticum-double\/","og_locale":"fr_FR","og_type":"article","og_title":"Monasticum Double - Park Hotel Ai Cappuccini -","og_description":"Chambre meubl\u00e9e de fa\u00e7on traditionnelle, situ\u00e9e dans la partie antique de l'ancien couvent et donnant sur le clo\u00eetre.  17\/20 sqm  Occupation maximum 2 personnes (2 adultes, 1 enfants)  \u00c9quipements num\u00e9riques Video Payante, T\u00e9l\u00e9vision par satellite, T\u00e9l\u00e9vision, Radio, T\u00e9l\u00e9vision LCD, WiFi, WiFi Gratuit, Acc\u00e8s gratuit \u00e0 internet  Literie au choix Double  Salle de bain S\u00e8che-cheveux, Salle de bains priv\u00e9e et wc, Bidet, Douche.","og_url":"https:\/\/www.parkhotelaicappuccini.it\/fr\/chambres\/monasticum-double\/","og_site_name":"Park Hotel Ai Cappuccini","article_modified_time":"2022-12-07T11:30:57+00:00","og_image":[{"width":1200,"height":666,"url":"https:\/\/www.parkhotelaicappuccini.it\/wp-content\/uploads\/sites\/385\/2021\/12\/Parco-Acque-6.jpg","type":"image\/jpeg"}],"twitter_card":"summary_large_image","twitter_misc":{"Dur\u00e9e de lecture estim\u00e9e":"1 minute"},"schema":{"@context":"https:\/\/schema.org","@graph":[{"@type":"WebPage","@id":"https:\/\/www.parkhotelaicappuccini.it\/fr\/chambres\/monasticum-double\/","url":"https:\/\/www.parkhotelaicappuccini.it\/fr\/chambres\/monasticum-double\/","name":"Monasticum Double - Park Hotel Ai Cappuccini -","isPartOf":{"@id":"https:\/\/www.parkhotelaicappuccini.it\/fr\/#website"},"datePublished":"2021-12-14T16:04:17+00:00","dateModified":"2022-12-07T11:30:57+00:00","description":"Chambre meubl\u00e9e de fa\u00e7on traditionnelle, situ\u00e9e dans la partie antique de l'ancien couvent et donnant sur le clo\u00eetre. 17\/20 sqm Occupation maximum 2 personnes (2 adultes, 1 enfants) \u00c9quipements num\u00e9riques Video Payante, T\u00e9l\u00e9vision par satellite, T\u00e9l\u00e9vision, Radio, T\u00e9l\u00e9vision LCD, WiFi, WiFi Gratuit, Acc\u00e8s gratuit \u00e0 internet Literie au choix Double Salle de bain S\u00e8che-cheveux, Salle de bains priv\u00e9e et wc, Bidet, Douche.","breadcrumb":{"@id":"https:\/\/www.parkhotelaicappuccini.it\/fr\/chambres\/monasticum-double\/#breadcrumb"},"inLanguage":"fr-FR","potentialAction":[{"@type":"ReadAction","target":["https:\/\/www.parkhotelaicappuccini.it\/fr\/chambres\/monasticum-double\/"]}]},{"@type":"BreadcrumbList","@id":"https:\/\/www.parkhotelaicappuccini.it\/fr\/chambres\/monasticum-double\/#breadcrumb","itemListElement":[{"@type":"ListItem","position":1,"name":"Home","item":"https:\/\/www.parkhotelaicappuccini.it\/fr\/"},{"@type":"ListItem","position":2,"name":"Chambres","item":"https:\/\/www.parkhotelaicappuccini.it\/fr\/chambres\/"},{"@type":"ListItem","position":3,"name":"Monasticum Double"}]},{"@type":"WebSite","@id":"https:\/\/www.parkhotelaicappuccini.it\/fr\/#website","url":"https:\/\/www.parkhotelaicappuccini.it\/fr\/","name":"Park Hotel Ai Cappuccini","description":"Just another ms.decms.eu site","potentialAction":[{"@type":"SearchAction","target":{"@type":"EntryPoint","urlTemplate":"https:\/\/www.parkhotelaicappuccini.it\/fr\/?s={search_term_string}"},"query-input":{"@type":"PropertyValueSpecification","valueRequired":true,"valueName":"search_term_string"}}],"inLanguage":"fr-FR"}]}},"acf":[],"_links":{"self":[{"href":"https:\/\/www.parkhotelaicappuccini.it\/fr\/wp-json\/wp\/v2\/pages\/85","targetHints":{"allow":["GET"]}}],"collection":[{"href":"https:\/\/www.parkhotelaicappuccini.it\/fr\/wp-json\/wp\/v2\/pages"}],"about":[{"href":"https:\/\/www.parkhotelaicappuccini.it\/fr\/wp-json\/wp\/v2\/types\/page"}],"author":[{"embeddable":true,"href":"https:\/\/www.parkhotelaicappuccini.it\/fr\/wp-json\/wp\/v2\/users\/36"}],"replies":[{"embeddable":true,"href":"https:\/\/www.parkhotelaicappuccini.it\/fr\/wp-json\/wp\/v2\/comments?post=85"}],"version-history":[{"count":0,"href":"https:\/\/www.parkhotelaicappuccini.it\/fr\/wp-json\/wp\/v2\/pages\/85\/revisions"}],"up":[{"embeddable":true,"href":"https:\/\/www.parkhotelaicappuccini.it\/fr\/wp-json\/wp\/v2\/pages\/43"}],"wp:attachment":[{"href":"https:\/\/www.parkhotelaicappuccini.it\/fr\/wp-json\/wp\/v2\/media?parent=85"}],"curies":[{"name":"wp","href":"https:\/\/api.w.org\/{rel}","templated":true}]}}