{"id":823,"date":"2021-12-27T10:34:34","date_gmt":"2021-12-27T10:34:34","guid":{"rendered":"https:\/\/park-hotel-ai-cappuccini.ms.decms.eu\/?page_id=823"},"modified":"2022-02-25T16:23:06","modified_gmt":"2022-02-25T16:23:06","slug":"poggiovallepoggiovalle","status":"publish","type":"page","link":"https:\/\/www.parkhotelaicappuccini.it\/fr\/autres-structures\/poggiovallepoggiovalle\/","title":{"rendered":"Poggiovalle Tenuta Italiana"},"content":{"rendered":"<p style=\"text-align: center\">UMBRIA &amp; TUSCANY &#8211; COUNTRY HOUSE<\/p>\n<p>Poggiovalle se trouve pr\u00e8s de Citt\u00e0 della Pieve, entre Rome et Florence, dans un domaine de 1100 hectares.<\/p>\n<p>La douceur des collines toscanes et le vert intense de l\u2019Ombrie mystique, permettent aux h\u00f4tes de passer enti\u00e8res journ\u00e9es en relax, dans un milieu aux vastes horizons. Les appartements et les pavillons se trouvent dans deux unit\u00e9s, le Borgo Belvedere, inaugur\u00e9 en 1998 et compl\u00e8tement restaur\u00e9 en 2002, et le Borgo Granaro, \u00e0 800 m\u00e8tres de distance, inaugur\u00e9 en 2003.<\/p>\n<p>Les deux bourgs pr\u00e9sentent toutes les caract\u00e9ristiques pour une vacance en campagne, en toute libert\u00e9 et au contact de la nature.<\/p>\n<p>Pour infos:\u00a0<a href=\"mailto:info@poggiovalle.com\">info@poggiovalle.com<\/a><\/p>\n<p>Website: <a href=\"https:\/\/www.poggiovalle.com\/en\/\">www.poggiovalle.com<\/a><\/p>\n","protected":false},"excerpt":{"rendered":"<p>UMBRIA &amp; TUSCANY &#8211; COUNTRY HOUSE Poggiovalle se trouve pr\u00e8s de Citt\u00e0 della Pieve, entre Rome et Florence, dans un domaine de 1100 hectares. La douceur des collines toscanes et le vert intense de l\u2019Ombrie mystique, permettent aux h\u00f4tes de passer enti\u00e8res journ\u00e9es en relax, dans un milieu aux vastes horizons. Les appartements et les [&hellip;]<\/p>\n","protected":false},"author":36,"featured_media":0,"parent":779,"menu_order":20,"comment_status":"closed","ping_status":"closed","template":"template-default-4.php","meta":{"footnotes":""},"class_list":["post-823","page","type-page","status-publish","hentry"],"yoast_head":"<!-- This site is optimized with the Yoast SEO plugin v26.9 - https:\/\/yoast.com\/product\/yoast-seo-wordpress\/ -->\n<title>Poggiovalle Tenuta Italiana - Park Hotel Ai Cappuccini -<\/title>\n<meta name=\"description\" content=\"UMBRIA &amp; TUSCANY - COUNTRY HOUSE Poggiovalle se trouve pr\u00e8s de Citt\u00e0 della Pieve, entre Rome et Florence, dans un domaine de 1100 hectares.  La douceur des collines toscanes et le vert intense de l\u2019Ombrie mystique, permettent aux h\u00f4tes de passer enti\u00e8res journ\u00e9es en relax, dans un milieu aux vastes horizons. Les appartements et les pavillons se trouvent dans deux unit\u00e9s, le Borgo Belvedere, inaugur\u00e9 en 1998 et compl\u00e8tement restaur\u00e9 en 2002, et le Borgo Granaro, \u00e0 800 m\u00e8tres de distance, inaugur\u00e9 en 2003.  Les deux bourgs pr\u00e9sentent toutes les caract\u00e9ristiques pour une vacance en campagne, en toute libert\u00e9 et au contact de la nature.  Pour infos:\u00a0info@poggiovalle.com  Website: www.poggiovalle.com\" \/>\n<meta name=\"robots\" content=\"index, follow, max-snippet:-1, max-image-preview:large, max-video-preview:-1\" \/>\n<link rel=\"canonical\" href=\"https:\/\/www.parkhotelaicappuccini.it\/fr\/autres-structures\/poggiovallepoggiovalle\/\" \/>\n<meta property=\"og:locale\" content=\"fr_FR\" \/>\n<meta property=\"og:type\" content=\"article\" \/>\n<meta property=\"og:title\" content=\"Poggiovalle Tenuta Italiana - Park Hotel Ai Cappuccini -\" \/>\n<meta property=\"og:description\" content=\"UMBRIA &amp; TUSCANY - COUNTRY HOUSE Poggiovalle se trouve pr\u00e8s de Citt\u00e0 della Pieve, entre Rome et Florence, dans un domaine de 1100 hectares.  La douceur des collines toscanes et le vert intense de l\u2019Ombrie mystique, permettent aux h\u00f4tes de passer enti\u00e8res journ\u00e9es en relax, dans un milieu aux vastes horizons. Les appartements et les pavillons se trouvent dans deux unit\u00e9s, le Borgo Belvedere, inaugur\u00e9 en 1998 et compl\u00e8tement restaur\u00e9 en 2002, et le Borgo Granaro, \u00e0 800 m\u00e8tres de distance, inaugur\u00e9 en 2003.  Les deux bourgs pr\u00e9sentent toutes les caract\u00e9ristiques pour une vacance en campagne, en toute libert\u00e9 et au contact de la nature.  Pour infos:\u00a0info@poggiovalle.com  Website: www.poggiovalle.com\" \/>\n<meta property=\"og:url\" content=\"https:\/\/www.parkhotelaicappuccini.it\/fr\/autres-structures\/poggiovallepoggiovalle\/\" \/>\n<meta property=\"og:site_name\" content=\"Park Hotel Ai Cappuccini\" \/>\n<meta property=\"article:modified_time\" content=\"2022-02-25T16:23:06+00:00\" \/>\n<meta property=\"og:image\" content=\"https:\/\/www.parkhotelaicappuccini.it\/wp-content\/uploads\/sites\/385\/2021\/12\/Parco-Acque-6.jpg\" \/>\n\t<meta property=\"og:image:width\" content=\"1200\" \/>\n\t<meta property=\"og:image:height\" content=\"666\" \/>\n\t<meta property=\"og:image:type\" content=\"image\/jpeg\" \/>\n<meta name=\"twitter:card\" content=\"summary_large_image\" \/>\n<meta name=\"twitter:label1\" content=\"Dur\u00e9e de lecture estim\u00e9e\" \/>\n\t<meta name=\"twitter:data1\" content=\"1 minute\" \/>\n<script type=\"application\/ld+json\" class=\"yoast-schema-graph\">{\"@context\":\"https:\/\/schema.org\",\"@graph\":[{\"@type\":\"WebPage\",\"@id\":\"https:\/\/www.parkhotelaicappuccini.it\/fr\/autres-structures\/poggiovallepoggiovalle\/\",\"url\":\"https:\/\/www.parkhotelaicappuccini.it\/fr\/autres-structures\/poggiovallepoggiovalle\/\",\"name\":\"Poggiovalle Tenuta Italiana - Park Hotel Ai Cappuccini -\",\"isPartOf\":{\"@id\":\"https:\/\/www.parkhotelaicappuccini.it\/fr\/#website\"},\"datePublished\":\"2021-12-27T10:34:34+00:00\",\"dateModified\":\"2022-02-25T16:23:06+00:00\",\"description\":\"UMBRIA &amp; TUSCANY - COUNTRY HOUSE Poggiovalle se trouve pr\u00e8s de Citt\u00e0 della Pieve, entre Rome et Florence, dans un domaine de 1100 hectares. La douceur des collines toscanes et le vert intense de l\u2019Ombrie mystique, permettent aux h\u00f4tes de passer enti\u00e8res journ\u00e9es en relax, dans un milieu aux vastes horizons. Les appartements et les pavillons se trouvent dans deux unit\u00e9s, le Borgo Belvedere, inaugur\u00e9 en 1998 et compl\u00e8tement restaur\u00e9 en 2002, et le Borgo Granaro, \u00e0 800 m\u00e8tres de distance, inaugur\u00e9 en 2003. Les deux bourgs pr\u00e9sentent toutes les caract\u00e9ristiques pour une vacance en campagne, en toute libert\u00e9 et au contact de la nature. Pour infos:\u00a0info@poggiovalle.com Website: www.poggiovalle.com\",\"breadcrumb\":{\"@id\":\"https:\/\/www.parkhotelaicappuccini.it\/fr\/autres-structures\/poggiovallepoggiovalle\/#breadcrumb\"},\"inLanguage\":\"fr-FR\",\"potentialAction\":[{\"@type\":\"ReadAction\",\"target\":[\"https:\/\/www.parkhotelaicappuccini.it\/fr\/autres-structures\/poggiovallepoggiovalle\/\"]}]},{\"@type\":\"BreadcrumbList\",\"@id\":\"https:\/\/www.parkhotelaicappuccini.it\/fr\/autres-structures\/poggiovallepoggiovalle\/#breadcrumb\",\"itemListElement\":[{\"@type\":\"ListItem\",\"position\":1,\"name\":\"Home\",\"item\":\"https:\/\/www.parkhotelaicappuccini.it\/fr\/\"},{\"@type\":\"ListItem\",\"position\":2,\"name\":\"Nos vacances \u00e0 la campagne\",\"item\":\"https:\/\/www.parkhotelaicappuccini.it\/fr\/autres-structures\/\"},{\"@type\":\"ListItem\",\"position\":3,\"name\":\"Poggiovalle Tenuta Italiana\"}]},{\"@type\":\"WebSite\",\"@id\":\"https:\/\/www.parkhotelaicappuccini.it\/fr\/#website\",\"url\":\"https:\/\/www.parkhotelaicappuccini.it\/fr\/\",\"name\":\"Park Hotel Ai Cappuccini\",\"description\":\"Just another ms.decms.eu site\",\"potentialAction\":[{\"@type\":\"SearchAction\",\"target\":{\"@type\":\"EntryPoint\",\"urlTemplate\":\"https:\/\/www.parkhotelaicappuccini.it\/fr\/?s={search_term_string}\"},\"query-input\":{\"@type\":\"PropertyValueSpecification\",\"valueRequired\":true,\"valueName\":\"search_term_string\"}}],\"inLanguage\":\"fr-FR\"}]}<\/script>\n<!-- \/ Yoast SEO plugin. -->","yoast_head_json":{"title":"Poggiovalle Tenuta Italiana - Park Hotel Ai Cappuccini -","description":"UMBRIA &amp; TUSCANY - COUNTRY HOUSE Poggiovalle se trouve pr\u00e8s de Citt\u00e0 della Pieve, entre Rome et Florence, dans un domaine de 1100 hectares.  La douceur des collines toscanes et le vert intense de l\u2019Ombrie mystique, permettent aux h\u00f4tes de passer enti\u00e8res journ\u00e9es en relax, dans un milieu aux vastes horizons. Les appartements et les pavillons se trouvent dans deux unit\u00e9s, le Borgo Belvedere, inaugur\u00e9 en 1998 et compl\u00e8tement restaur\u00e9 en 2002, et le Borgo Granaro, \u00e0 800 m\u00e8tres de distance, inaugur\u00e9 en 2003.  Les deux bourgs pr\u00e9sentent toutes les caract\u00e9ristiques pour une vacance en campagne, en toute libert\u00e9 et au contact de la nature.  Pour infos:\u00a0info@poggiovalle.com  Website: www.poggiovalle.com","robots":{"index":"index","follow":"follow","max-snippet":"max-snippet:-1","max-image-preview":"max-image-preview:large","max-video-preview":"max-video-preview:-1"},"canonical":"https:\/\/www.parkhotelaicappuccini.it\/fr\/autres-structures\/poggiovallepoggiovalle\/","og_locale":"fr_FR","og_type":"article","og_title":"Poggiovalle Tenuta Italiana - Park Hotel Ai Cappuccini -","og_description":"UMBRIA &amp; TUSCANY - COUNTRY HOUSE Poggiovalle se trouve pr\u00e8s de Citt\u00e0 della Pieve, entre Rome et Florence, dans un domaine de 1100 hectares.  La douceur des collines toscanes et le vert intense de l\u2019Ombrie mystique, permettent aux h\u00f4tes de passer enti\u00e8res journ\u00e9es en relax, dans un milieu aux vastes horizons. Les appartements et les pavillons se trouvent dans deux unit\u00e9s, le Borgo Belvedere, inaugur\u00e9 en 1998 et compl\u00e8tement restaur\u00e9 en 2002, et le Borgo Granaro, \u00e0 800 m\u00e8tres de distance, inaugur\u00e9 en 2003.  Les deux bourgs pr\u00e9sentent toutes les caract\u00e9ristiques pour une vacance en campagne, en toute libert\u00e9 et au contact de la nature.  Pour infos:\u00a0info@poggiovalle.com  Website: www.poggiovalle.com","og_url":"https:\/\/www.parkhotelaicappuccini.it\/fr\/autres-structures\/poggiovallepoggiovalle\/","og_site_name":"Park Hotel Ai Cappuccini","article_modified_time":"2022-02-25T16:23:06+00:00","og_image":[{"width":1200,"height":666,"url":"https:\/\/www.parkhotelaicappuccini.it\/wp-content\/uploads\/sites\/385\/2021\/12\/Parco-Acque-6.jpg","type":"image\/jpeg"}],"twitter_card":"summary_large_image","twitter_misc":{"Dur\u00e9e de lecture estim\u00e9e":"1 minute"},"schema":{"@context":"https:\/\/schema.org","@graph":[{"@type":"WebPage","@id":"https:\/\/www.parkhotelaicappuccini.it\/fr\/autres-structures\/poggiovallepoggiovalle\/","url":"https:\/\/www.parkhotelaicappuccini.it\/fr\/autres-structures\/poggiovallepoggiovalle\/","name":"Poggiovalle Tenuta Italiana - Park Hotel Ai Cappuccini -","isPartOf":{"@id":"https:\/\/www.parkhotelaicappuccini.it\/fr\/#website"},"datePublished":"2021-12-27T10:34:34+00:00","dateModified":"2022-02-25T16:23:06+00:00","description":"UMBRIA &amp; TUSCANY - COUNTRY HOUSE Poggiovalle se trouve pr\u00e8s de Citt\u00e0 della Pieve, entre Rome et Florence, dans un domaine de 1100 hectares. La douceur des collines toscanes et le vert intense de l\u2019Ombrie mystique, permettent aux h\u00f4tes de passer enti\u00e8res journ\u00e9es en relax, dans un milieu aux vastes horizons. Les appartements et les pavillons se trouvent dans deux unit\u00e9s, le Borgo Belvedere, inaugur\u00e9 en 1998 et compl\u00e8tement restaur\u00e9 en 2002, et le Borgo Granaro, \u00e0 800 m\u00e8tres de distance, inaugur\u00e9 en 2003. Les deux bourgs pr\u00e9sentent toutes les caract\u00e9ristiques pour une vacance en campagne, en toute libert\u00e9 et au contact de la nature. Pour infos:\u00a0info@poggiovalle.com Website: www.poggiovalle.com","breadcrumb":{"@id":"https:\/\/www.parkhotelaicappuccini.it\/fr\/autres-structures\/poggiovallepoggiovalle\/#breadcrumb"},"inLanguage":"fr-FR","potentialAction":[{"@type":"ReadAction","target":["https:\/\/www.parkhotelaicappuccini.it\/fr\/autres-structures\/poggiovallepoggiovalle\/"]}]},{"@type":"BreadcrumbList","@id":"https:\/\/www.parkhotelaicappuccini.it\/fr\/autres-structures\/poggiovallepoggiovalle\/#breadcrumb","itemListElement":[{"@type":"ListItem","position":1,"name":"Home","item":"https:\/\/www.parkhotelaicappuccini.it\/fr\/"},{"@type":"ListItem","position":2,"name":"Nos vacances \u00e0 la campagne","item":"https:\/\/www.parkhotelaicappuccini.it\/fr\/autres-structures\/"},{"@type":"ListItem","position":3,"name":"Poggiovalle Tenuta Italiana"}]},{"@type":"WebSite","@id":"https:\/\/www.parkhotelaicappuccini.it\/fr\/#website","url":"https:\/\/www.parkhotelaicappuccini.it\/fr\/","name":"Park Hotel Ai Cappuccini","description":"Just another ms.decms.eu site","potentialAction":[{"@type":"SearchAction","target":{"@type":"EntryPoint","urlTemplate":"https:\/\/www.parkhotelaicappuccini.it\/fr\/?s={search_term_string}"},"query-input":{"@type":"PropertyValueSpecification","valueRequired":true,"valueName":"search_term_string"}}],"inLanguage":"fr-FR"}]}},"acf":[],"_links":{"self":[{"href":"https:\/\/www.parkhotelaicappuccini.it\/fr\/wp-json\/wp\/v2\/pages\/823","targetHints":{"allow":["GET"]}}],"collection":[{"href":"https:\/\/www.parkhotelaicappuccini.it\/fr\/wp-json\/wp\/v2\/pages"}],"about":[{"href":"https:\/\/www.parkhotelaicappuccini.it\/fr\/wp-json\/wp\/v2\/types\/page"}],"author":[{"embeddable":true,"href":"https:\/\/www.parkhotelaicappuccini.it\/fr\/wp-json\/wp\/v2\/users\/36"}],"replies":[{"embeddable":true,"href":"https:\/\/www.parkhotelaicappuccini.it\/fr\/wp-json\/wp\/v2\/comments?post=823"}],"version-history":[{"count":0,"href":"https:\/\/www.parkhotelaicappuccini.it\/fr\/wp-json\/wp\/v2\/pages\/823\/revisions"}],"up":[{"embeddable":true,"href":"https:\/\/www.parkhotelaicappuccini.it\/fr\/wp-json\/wp\/v2\/pages\/779"}],"wp:attachment":[{"href":"https:\/\/www.parkhotelaicappuccini.it\/fr\/wp-json\/wp\/v2\/media?parent=823"}],"curies":[{"name":"wp","href":"https:\/\/api.w.org\/{rel}","templated":true}]}}