{"id":806,"date":"2021-12-27T10:00:44","date_gmt":"2021-12-27T10:00:44","guid":{"rendered":"https:\/\/park-hotel-ai-cappuccini.ms.decms.eu\/?page_id=806"},"modified":"2025-01-13T15:02:14","modified_gmt":"2025-01-13T15:02:14","slug":"i-casali-di-villa-benveduti","status":"publish","type":"page","link":"https:\/\/www.parkhotelaicappuccini.it\/fr\/autres-structures\/i-casali-di-villa-benveduti\/","title":{"rendered":"I Casali di Villa Benveduti"},"content":{"rendered":"<p style=\"text-align: center\">GUBBIO<\/p>\n<p>Les fermes, situ\u00e9es sur les collines ondulantes de la campagne ombrienne, pr\u00e8s du centre historique de Gubbio, ont \u00e9t\u00e9 r\u00e9cemment r\u00e9nov\u00e9es selon les traditions rurales des fermes en pierre, en terre cuite et en bois. Les maisons de campagne sont immerg\u00e9es dans la plus grande propri\u00e9t\u00e9 de la Villa Benveduti, situ\u00e9e le long de la c\u00e9l\u00e8bre \u00ab\u00a0Via di Francesco\u00a0\u00bb (chemin de Saint Franciscain), qui passe par Gubbio et rejoint La Verna et Assise. C&rsquo;est le lieu de vacances id\u00e9al pour tous ceux qui sont \u00e0 la recherche de nature, de temps bien pass\u00e9 dans un paysage non contamin\u00e9 d&rsquo;une beaut\u00e9 in\u00e9gal\u00e9e. Un endroit o\u00f9 l&rsquo;on peut retrouver le rythme lent des saisons, loin de l&rsquo;agitation et du stress d&rsquo;aujourd&rsquo;hui.<\/p>\n<p>infobooking: <a href=\"mailto:icasali@villabenveduti.it\">icasali@villabenveduti.it<\/a><br \/>\n<a href=\"https:\/\/www.villabenveduti.it\/casali%20en.html\">website<\/a><br \/>\nI Casali di Villa Benveduti CIR: 054024B404031703 &#8211; CIN: IT054024B404031703<\/p>\n","protected":false},"excerpt":{"rendered":"<p>GUBBIO Les fermes, situ\u00e9es sur les collines ondulantes de la campagne ombrienne, pr\u00e8s du centre historique de Gubbio, ont \u00e9t\u00e9 r\u00e9cemment r\u00e9nov\u00e9es selon les traditions rurales des fermes en pierre, en terre cuite et en bois. Les maisons de campagne sont immerg\u00e9es dans la plus grande propri\u00e9t\u00e9 de la Villa Benveduti, situ\u00e9e le long de [&hellip;]<\/p>\n","protected":false},"author":36,"featured_media":0,"parent":779,"menu_order":15,"comment_status":"closed","ping_status":"closed","template":"template-default-4.php","meta":{"footnotes":""},"class_list":["post-806","page","type-page","status-publish","hentry"],"yoast_head":"<!-- This site is optimized with the Yoast SEO plugin v26.9 - https:\/\/yoast.com\/product\/yoast-seo-wordpress\/ -->\n<title>I Casali di Villa Benveduti - Park Hotel Ai Cappuccini -<\/title>\n<meta name=\"description\" content=\"GUBBIO Les fermes, situ\u00e9es sur les collines ondulantes de la campagne ombrienne, pr\u00e8s du centre historique de Gubbio, ont \u00e9t\u00e9 r\u00e9cemment r\u00e9nov\u00e9es selon les traditions rurales des fermes en pierre, en terre cuite et en bois. Les maisons de campagne sont immerg\u00e9es dans la plus grande propri\u00e9t\u00e9 de la Villa Benveduti, situ\u00e9e le long de la c\u00e9l\u00e8bre &quot;Via di Francesco&quot; (chemin de Saint Franciscain), qui passe par Gubbio et rejoint La Verna et Assise\" \/>\n<meta name=\"robots\" content=\"index, follow, max-snippet:-1, max-image-preview:large, max-video-preview:-1\" \/>\n<link rel=\"canonical\" href=\"https:\/\/www.parkhotelaicappuccini.it\/fr\/autres-structures\/i-casali-di-villa-benveduti\/\" \/>\n<meta property=\"og:locale\" content=\"fr_FR\" \/>\n<meta property=\"og:type\" content=\"article\" \/>\n<meta property=\"og:title\" content=\"I Casali di Villa Benveduti - Park Hotel Ai Cappuccini -\" \/>\n<meta property=\"og:description\" content=\"GUBBIO Les fermes, situ\u00e9es sur les collines ondulantes de la campagne ombrienne, pr\u00e8s du centre historique de Gubbio, ont \u00e9t\u00e9 r\u00e9cemment r\u00e9nov\u00e9es selon les traditions rurales des fermes en pierre, en terre cuite et en bois. Les maisons de campagne sont immerg\u00e9es dans la plus grande propri\u00e9t\u00e9 de la Villa Benveduti, situ\u00e9e le long de la c\u00e9l\u00e8bre &quot;Via di Francesco&quot; (chemin de Saint Franciscain), qui passe par Gubbio et rejoint La Verna et Assise\" \/>\n<meta property=\"og:url\" content=\"https:\/\/www.parkhotelaicappuccini.it\/fr\/autres-structures\/i-casali-di-villa-benveduti\/\" \/>\n<meta property=\"og:site_name\" content=\"Park Hotel Ai Cappuccini\" \/>\n<meta property=\"article:modified_time\" content=\"2025-01-13T15:02:14+00:00\" \/>\n<meta property=\"og:image\" content=\"https:\/\/www.parkhotelaicappuccini.it\/wp-content\/uploads\/sites\/385\/2021\/12\/Parco-Acque-6.jpg\" \/>\n\t<meta property=\"og:image:width\" content=\"1200\" \/>\n\t<meta property=\"og:image:height\" content=\"666\" \/>\n\t<meta property=\"og:image:type\" content=\"image\/jpeg\" \/>\n<meta name=\"twitter:card\" content=\"summary_large_image\" \/>\n<meta name=\"twitter:label1\" content=\"Dur\u00e9e de lecture estim\u00e9e\" \/>\n\t<meta name=\"twitter:data1\" content=\"1 minute\" \/>\n<script type=\"application\/ld+json\" class=\"yoast-schema-graph\">{\"@context\":\"https:\/\/schema.org\",\"@graph\":[{\"@type\":\"WebPage\",\"@id\":\"https:\/\/www.parkhotelaicappuccini.it\/fr\/autres-structures\/i-casali-di-villa-benveduti\/\",\"url\":\"https:\/\/www.parkhotelaicappuccini.it\/fr\/autres-structures\/i-casali-di-villa-benveduti\/\",\"name\":\"I Casali di Villa Benveduti - Park Hotel Ai Cappuccini -\",\"isPartOf\":{\"@id\":\"https:\/\/www.parkhotelaicappuccini.it\/fr\/#website\"},\"datePublished\":\"2021-12-27T10:00:44+00:00\",\"dateModified\":\"2025-01-13T15:02:14+00:00\",\"description\":\"GUBBIO Les fermes, situ\u00e9es sur les collines ondulantes de la campagne ombrienne, pr\u00e8s du centre historique de Gubbio, ont \u00e9t\u00e9 r\u00e9cemment r\u00e9nov\u00e9es selon les traditions rurales des fermes en pierre, en terre cuite et en bois. Les maisons de campagne sont immerg\u00e9es dans la plus grande propri\u00e9t\u00e9 de la Villa Benveduti, situ\u00e9e le long de la c\u00e9l\u00e8bre \\\"Via di Francesco\\\" (chemin de Saint Franciscain), qui passe par Gubbio et rejoint La Verna et Assise\",\"breadcrumb\":{\"@id\":\"https:\/\/www.parkhotelaicappuccini.it\/fr\/autres-structures\/i-casali-di-villa-benveduti\/#breadcrumb\"},\"inLanguage\":\"fr-FR\",\"potentialAction\":[{\"@type\":\"ReadAction\",\"target\":[\"https:\/\/www.parkhotelaicappuccini.it\/fr\/autres-structures\/i-casali-di-villa-benveduti\/\"]}]},{\"@type\":\"BreadcrumbList\",\"@id\":\"https:\/\/www.parkhotelaicappuccini.it\/fr\/autres-structures\/i-casali-di-villa-benveduti\/#breadcrumb\",\"itemListElement\":[{\"@type\":\"ListItem\",\"position\":1,\"name\":\"Home\",\"item\":\"https:\/\/www.parkhotelaicappuccini.it\/fr\/\"},{\"@type\":\"ListItem\",\"position\":2,\"name\":\"Nos vacances \u00e0 la campagne\",\"item\":\"https:\/\/www.parkhotelaicappuccini.it\/fr\/autres-structures\/\"},{\"@type\":\"ListItem\",\"position\":3,\"name\":\"I Casali di Villa Benveduti\"}]},{\"@type\":\"WebSite\",\"@id\":\"https:\/\/www.parkhotelaicappuccini.it\/fr\/#website\",\"url\":\"https:\/\/www.parkhotelaicappuccini.it\/fr\/\",\"name\":\"Park Hotel Ai Cappuccini\",\"description\":\"Just another ms.decms.eu site\",\"potentialAction\":[{\"@type\":\"SearchAction\",\"target\":{\"@type\":\"EntryPoint\",\"urlTemplate\":\"https:\/\/www.parkhotelaicappuccini.it\/fr\/?s={search_term_string}\"},\"query-input\":{\"@type\":\"PropertyValueSpecification\",\"valueRequired\":true,\"valueName\":\"search_term_string\"}}],\"inLanguage\":\"fr-FR\"}]}<\/script>\n<!-- \/ Yoast SEO plugin. -->","yoast_head_json":{"title":"I Casali di Villa Benveduti - Park Hotel Ai Cappuccini -","description":"GUBBIO Les fermes, situ\u00e9es sur les collines ondulantes de la campagne ombrienne, pr\u00e8s du centre historique de Gubbio, ont \u00e9t\u00e9 r\u00e9cemment r\u00e9nov\u00e9es selon les traditions rurales des fermes en pierre, en terre cuite et en bois. Les maisons de campagne sont immerg\u00e9es dans la plus grande propri\u00e9t\u00e9 de la Villa Benveduti, situ\u00e9e le long de la c\u00e9l\u00e8bre \"Via di Francesco\" (chemin de Saint Franciscain), qui passe par Gubbio et rejoint La Verna et Assise","robots":{"index":"index","follow":"follow","max-snippet":"max-snippet:-1","max-image-preview":"max-image-preview:large","max-video-preview":"max-video-preview:-1"},"canonical":"https:\/\/www.parkhotelaicappuccini.it\/fr\/autres-structures\/i-casali-di-villa-benveduti\/","og_locale":"fr_FR","og_type":"article","og_title":"I Casali di Villa Benveduti - Park Hotel Ai Cappuccini -","og_description":"GUBBIO Les fermes, situ\u00e9es sur les collines ondulantes de la campagne ombrienne, pr\u00e8s du centre historique de Gubbio, ont \u00e9t\u00e9 r\u00e9cemment r\u00e9nov\u00e9es selon les traditions rurales des fermes en pierre, en terre cuite et en bois. Les maisons de campagne sont immerg\u00e9es dans la plus grande propri\u00e9t\u00e9 de la Villa Benveduti, situ\u00e9e le long de la c\u00e9l\u00e8bre \"Via di Francesco\" (chemin de Saint Franciscain), qui passe par Gubbio et rejoint La Verna et Assise","og_url":"https:\/\/www.parkhotelaicappuccini.it\/fr\/autres-structures\/i-casali-di-villa-benveduti\/","og_site_name":"Park Hotel Ai Cappuccini","article_modified_time":"2025-01-13T15:02:14+00:00","og_image":[{"width":1200,"height":666,"url":"https:\/\/www.parkhotelaicappuccini.it\/wp-content\/uploads\/sites\/385\/2021\/12\/Parco-Acque-6.jpg","type":"image\/jpeg"}],"twitter_card":"summary_large_image","twitter_misc":{"Dur\u00e9e de lecture estim\u00e9e":"1 minute"},"schema":{"@context":"https:\/\/schema.org","@graph":[{"@type":"WebPage","@id":"https:\/\/www.parkhotelaicappuccini.it\/fr\/autres-structures\/i-casali-di-villa-benveduti\/","url":"https:\/\/www.parkhotelaicappuccini.it\/fr\/autres-structures\/i-casali-di-villa-benveduti\/","name":"I Casali di Villa Benveduti - Park Hotel Ai Cappuccini -","isPartOf":{"@id":"https:\/\/www.parkhotelaicappuccini.it\/fr\/#website"},"datePublished":"2021-12-27T10:00:44+00:00","dateModified":"2025-01-13T15:02:14+00:00","description":"GUBBIO Les fermes, situ\u00e9es sur les collines ondulantes de la campagne ombrienne, pr\u00e8s du centre historique de Gubbio, ont \u00e9t\u00e9 r\u00e9cemment r\u00e9nov\u00e9es selon les traditions rurales des fermes en pierre, en terre cuite et en bois. Les maisons de campagne sont immerg\u00e9es dans la plus grande propri\u00e9t\u00e9 de la Villa Benveduti, situ\u00e9e le long de la c\u00e9l\u00e8bre \"Via di Francesco\" (chemin de Saint Franciscain), qui passe par Gubbio et rejoint La Verna et Assise","breadcrumb":{"@id":"https:\/\/www.parkhotelaicappuccini.it\/fr\/autres-structures\/i-casali-di-villa-benveduti\/#breadcrumb"},"inLanguage":"fr-FR","potentialAction":[{"@type":"ReadAction","target":["https:\/\/www.parkhotelaicappuccini.it\/fr\/autres-structures\/i-casali-di-villa-benveduti\/"]}]},{"@type":"BreadcrumbList","@id":"https:\/\/www.parkhotelaicappuccini.it\/fr\/autres-structures\/i-casali-di-villa-benveduti\/#breadcrumb","itemListElement":[{"@type":"ListItem","position":1,"name":"Home","item":"https:\/\/www.parkhotelaicappuccini.it\/fr\/"},{"@type":"ListItem","position":2,"name":"Nos vacances \u00e0 la campagne","item":"https:\/\/www.parkhotelaicappuccini.it\/fr\/autres-structures\/"},{"@type":"ListItem","position":3,"name":"I Casali di Villa Benveduti"}]},{"@type":"WebSite","@id":"https:\/\/www.parkhotelaicappuccini.it\/fr\/#website","url":"https:\/\/www.parkhotelaicappuccini.it\/fr\/","name":"Park Hotel Ai Cappuccini","description":"Just another ms.decms.eu site","potentialAction":[{"@type":"SearchAction","target":{"@type":"EntryPoint","urlTemplate":"https:\/\/www.parkhotelaicappuccini.it\/fr\/?s={search_term_string}"},"query-input":{"@type":"PropertyValueSpecification","valueRequired":true,"valueName":"search_term_string"}}],"inLanguage":"fr-FR"}]}},"acf":[],"_links":{"self":[{"href":"https:\/\/www.parkhotelaicappuccini.it\/fr\/wp-json\/wp\/v2\/pages\/806","targetHints":{"allow":["GET"]}}],"collection":[{"href":"https:\/\/www.parkhotelaicappuccini.it\/fr\/wp-json\/wp\/v2\/pages"}],"about":[{"href":"https:\/\/www.parkhotelaicappuccini.it\/fr\/wp-json\/wp\/v2\/types\/page"}],"author":[{"embeddable":true,"href":"https:\/\/www.parkhotelaicappuccini.it\/fr\/wp-json\/wp\/v2\/users\/36"}],"replies":[{"embeddable":true,"href":"https:\/\/www.parkhotelaicappuccini.it\/fr\/wp-json\/wp\/v2\/comments?post=806"}],"version-history":[{"count":0,"href":"https:\/\/www.parkhotelaicappuccini.it\/fr\/wp-json\/wp\/v2\/pages\/806\/revisions"}],"up":[{"embeddable":true,"href":"https:\/\/www.parkhotelaicappuccini.it\/fr\/wp-json\/wp\/v2\/pages\/779"}],"wp:attachment":[{"href":"https:\/\/www.parkhotelaicappuccini.it\/fr\/wp-json\/wp\/v2\/media?parent=806"}],"curies":[{"name":"wp","href":"https:\/\/api.w.org\/{rel}","templated":true}]}}