{"id":788,"date":"2021-12-27T09:21:51","date_gmt":"2021-12-27T09:21:51","guid":{"rendered":"https:\/\/park-hotel-ai-cappuccini.ms.decms.eu\/?page_id=788"},"modified":"2025-01-13T14:56:47","modified_gmt":"2025-01-13T14:56:47","slug":"villa-benveduti","status":"publish","type":"page","link":"https:\/\/www.parkhotelaicappuccini.it\/fr\/autres-structures\/villa-benveduti\/","title":{"rendered":"Villa Benveduti"},"content":{"rendered":"<p style=\"text-align: center\">GUBBIO<\/p>\n<p>Une villa de campagne somptueuse, restaur\u00e9e et agrandie \u00e0 la fin du XIIIe si\u00e8cle, positionn\u00e9e sur une douce colline de la campagne de Gubbio, qui a \u00e9t\u00e9 la r\u00e9sidence d\u2019\u00e9t\u00e9 de la famille noble Benveduti.<\/p>\n<p>Les salles splendides d\u00e9cor\u00e9es avec fresques et enrichies par des stucs originaux, la structure architecturale qui est d\u2019une \u00e9l\u00e9gance raffin\u00e9e, l\u2019all\u00e9e d\u2019acc\u00e8s et le magnifique parc environnant rendent cette villa la solution id\u00e9ale pour des \u00e9v\u00e9nements de prestige comme un banquet nuptial ou une soir\u00e9e de gala.<\/p>\n<p>En outre, l\u2019ancienne cave, annexe \u00e0 la villa, repr\u00e9sente le cadre le plus adapte pour les d\u00e9gustations de vins et produits de la gastronomie locale ou pour d\u00eeners typiques.<\/p>\n<p>Cette villa peut \u00eatre lou\u00e9e en entier pour des s\u00e9jours exclusifs, avec ses 10 chambres et suites, une plus suggestive que l\u2019autre, am\u00e9nag\u00e9es dans la partie la plus noble de la r\u00e9sidence et r\u00e9cemment restaur\u00e9es. <a href=\"https:\/\/www.villabenveduti.it\/index%20en.html\">https:\/\/www.villabenveduti.it\/index%20en.html\u00a0<\/a><br \/>\n<a href=\"mailto:info@villabenveduti.it\">info@villabenveduti.it<\/a><br \/>\nVilla Benveduti CIR: 054024B902034084 \u2013 CIN: IT054024B902034084<\/p>\n","protected":false},"excerpt":{"rendered":"<p>GUBBIO Une villa de campagne somptueuse, restaur\u00e9e et agrandie \u00e0 la fin du XIIIe si\u00e8cle, positionn\u00e9e sur une douce colline de la campagne de Gubbio, qui a \u00e9t\u00e9 la r\u00e9sidence d\u2019\u00e9t\u00e9 de la famille noble Benveduti. Les salles splendides d\u00e9cor\u00e9es avec fresques et enrichies par des stucs originaux, la structure architecturale qui est d\u2019une \u00e9l\u00e9gance [&hellip;]<\/p>\n","protected":false},"author":36,"featured_media":0,"parent":779,"menu_order":5,"comment_status":"closed","ping_status":"closed","template":"template-default-4.php","meta":{"footnotes":""},"class_list":["post-788","page","type-page","status-publish","hentry"],"yoast_head":"<!-- This site is optimized with the Yoast SEO plugin v26.9 - https:\/\/yoast.com\/product\/yoast-seo-wordpress\/ -->\n<title>Villa Benveduti - Park Hotel Ai Cappuccini -<\/title>\n<meta name=\"description\" content=\"GUBBIO Une villa de campagne somptueuse, restaur\u00e9e et agrandie \u00e0 la fin du XIIIe si\u00e8cle, positionn\u00e9e sur une douce colline de la campagne de Gubbio, qui a \u00e9t\u00e9 la r\u00e9sidence d\u2019\u00e9t\u00e9 de la famille noble Benveduti.  Les salles splendides d\u00e9cor\u00e9es avec fresques et enrichies par des stucs originaux, la structure architecturale qui est d\u2019une \u00e9l\u00e9gance raffin\u00e9e, l\u2019all\u00e9e d\u2019acc\u00e8s et le magnifique parc environnant rendent cette villa la solution id\u00e9ale pour des \u00e9v\u00e9nements de prestige comme un banquet nuptial ou une soir\u00e9e de gala.  En outre, l\u2019ancienne cave, annexe \u00e0 la villa, repr\u00e9sente le cadre le plus adapte pour les d\u00e9gustations de vins et produits de la gastronomie locale ou pour d\u00eeners typiques.  Cette villa peut \u00eatre lou\u00e9e en entier pour des s\u00e9jours exclusifs, avec ses 10 chambres et suites, une plus suggestive que l\u2019autre, am\u00e9nag\u00e9es dans la partie la plus noble de la r\u00e9sidence et r\u00e9cemment restaur\u00e9es. https:\/\/www.villabenveduti.it\/index%20en.html\u00a0 info@villabenveduti.it Villa Benveduti CIR: 054024B902034084 \u2013 CIN: IT054024B902034084\" \/>\n<meta name=\"robots\" content=\"index, follow, max-snippet:-1, max-image-preview:large, max-video-preview:-1\" \/>\n<link rel=\"canonical\" href=\"https:\/\/www.parkhotelaicappuccini.it\/fr\/autres-structures\/villa-benveduti\/\" \/>\n<meta property=\"og:locale\" content=\"fr_FR\" \/>\n<meta property=\"og:type\" content=\"article\" \/>\n<meta property=\"og:title\" content=\"Villa Benveduti - Park Hotel Ai Cappuccini -\" \/>\n<meta property=\"og:description\" content=\"GUBBIO Une villa de campagne somptueuse, restaur\u00e9e et agrandie \u00e0 la fin du XIIIe si\u00e8cle, positionn\u00e9e sur une douce colline de la campagne de Gubbio, qui a \u00e9t\u00e9 la r\u00e9sidence d\u2019\u00e9t\u00e9 de la famille noble Benveduti.  Les salles splendides d\u00e9cor\u00e9es avec fresques et enrichies par des stucs originaux, la structure architecturale qui est d\u2019une \u00e9l\u00e9gance raffin\u00e9e, l\u2019all\u00e9e d\u2019acc\u00e8s et le magnifique parc environnant rendent cette villa la solution id\u00e9ale pour des \u00e9v\u00e9nements de prestige comme un banquet nuptial ou une soir\u00e9e de gala.  En outre, l\u2019ancienne cave, annexe \u00e0 la villa, repr\u00e9sente le cadre le plus adapte pour les d\u00e9gustations de vins et produits de la gastronomie locale ou pour d\u00eeners typiques.  Cette villa peut \u00eatre lou\u00e9e en entier pour des s\u00e9jours exclusifs, avec ses 10 chambres et suites, une plus suggestive que l\u2019autre, am\u00e9nag\u00e9es dans la partie la plus noble de la r\u00e9sidence et r\u00e9cemment restaur\u00e9es. https:\/\/www.villabenveduti.it\/index%20en.html\u00a0 info@villabenveduti.it Villa Benveduti CIR: 054024B902034084 \u2013 CIN: IT054024B902034084\" \/>\n<meta property=\"og:url\" content=\"https:\/\/www.parkhotelaicappuccini.it\/fr\/autres-structures\/villa-benveduti\/\" \/>\n<meta property=\"og:site_name\" content=\"Park Hotel Ai Cappuccini\" \/>\n<meta property=\"article:modified_time\" content=\"2025-01-13T14:56:47+00:00\" \/>\n<meta property=\"og:image\" content=\"https:\/\/www.parkhotelaicappuccini.it\/wp-content\/uploads\/sites\/385\/2021\/12\/Parco-Acque-6.jpg\" \/>\n\t<meta property=\"og:image:width\" content=\"1200\" \/>\n\t<meta property=\"og:image:height\" content=\"666\" \/>\n\t<meta property=\"og:image:type\" content=\"image\/jpeg\" \/>\n<meta name=\"twitter:card\" content=\"summary_large_image\" \/>\n<meta name=\"twitter:label1\" content=\"Dur\u00e9e de lecture estim\u00e9e\" \/>\n\t<meta name=\"twitter:data1\" content=\"1 minute\" \/>\n<script type=\"application\/ld+json\" class=\"yoast-schema-graph\">{\"@context\":\"https:\/\/schema.org\",\"@graph\":[{\"@type\":\"WebPage\",\"@id\":\"https:\/\/www.parkhotelaicappuccini.it\/fr\/autres-structures\/villa-benveduti\/\",\"url\":\"https:\/\/www.parkhotelaicappuccini.it\/fr\/autres-structures\/villa-benveduti\/\",\"name\":\"Villa Benveduti - Park Hotel Ai Cappuccini -\",\"isPartOf\":{\"@id\":\"https:\/\/www.parkhotelaicappuccini.it\/fr\/#website\"},\"datePublished\":\"2021-12-27T09:21:51+00:00\",\"dateModified\":\"2025-01-13T14:56:47+00:00\",\"description\":\"GUBBIO Une villa de campagne somptueuse, restaur\u00e9e et agrandie \u00e0 la fin du XIIIe si\u00e8cle, positionn\u00e9e sur une douce colline de la campagne de Gubbio, qui a \u00e9t\u00e9 la r\u00e9sidence d\u2019\u00e9t\u00e9 de la famille noble Benveduti. Les salles splendides d\u00e9cor\u00e9es avec fresques et enrichies par des stucs originaux, la structure architecturale qui est d\u2019une \u00e9l\u00e9gance raffin\u00e9e, l\u2019all\u00e9e d\u2019acc\u00e8s et le magnifique parc environnant rendent cette villa la solution id\u00e9ale pour des \u00e9v\u00e9nements de prestige comme un banquet nuptial ou une soir\u00e9e de gala. En outre, l\u2019ancienne cave, annexe \u00e0 la villa, repr\u00e9sente le cadre le plus adapte pour les d\u00e9gustations de vins et produits de la gastronomie locale ou pour d\u00eeners typiques. Cette villa peut \u00eatre lou\u00e9e en entier pour des s\u00e9jours exclusifs, avec ses 10 chambres et suites, une plus suggestive que l\u2019autre, am\u00e9nag\u00e9es dans la partie la plus noble de la r\u00e9sidence et r\u00e9cemment restaur\u00e9es. https:\/\/www.villabenveduti.it\/index%20en.html\u00a0 info@villabenveduti.it Villa Benveduti CIR: 054024B902034084 \u2013 CIN: IT054024B902034084\",\"breadcrumb\":{\"@id\":\"https:\/\/www.parkhotelaicappuccini.it\/fr\/autres-structures\/villa-benveduti\/#breadcrumb\"},\"inLanguage\":\"fr-FR\",\"potentialAction\":[{\"@type\":\"ReadAction\",\"target\":[\"https:\/\/www.parkhotelaicappuccini.it\/fr\/autres-structures\/villa-benveduti\/\"]}]},{\"@type\":\"BreadcrumbList\",\"@id\":\"https:\/\/www.parkhotelaicappuccini.it\/fr\/autres-structures\/villa-benveduti\/#breadcrumb\",\"itemListElement\":[{\"@type\":\"ListItem\",\"position\":1,\"name\":\"Home\",\"item\":\"https:\/\/www.parkhotelaicappuccini.it\/fr\/\"},{\"@type\":\"ListItem\",\"position\":2,\"name\":\"Nos vacances \u00e0 la campagne\",\"item\":\"https:\/\/www.parkhotelaicappuccini.it\/fr\/autres-structures\/\"},{\"@type\":\"ListItem\",\"position\":3,\"name\":\"Villa Benveduti\"}]},{\"@type\":\"WebSite\",\"@id\":\"https:\/\/www.parkhotelaicappuccini.it\/fr\/#website\",\"url\":\"https:\/\/www.parkhotelaicappuccini.it\/fr\/\",\"name\":\"Park Hotel Ai Cappuccini\",\"description\":\"Just another ms.decms.eu site\",\"potentialAction\":[{\"@type\":\"SearchAction\",\"target\":{\"@type\":\"EntryPoint\",\"urlTemplate\":\"https:\/\/www.parkhotelaicappuccini.it\/fr\/?s={search_term_string}\"},\"query-input\":{\"@type\":\"PropertyValueSpecification\",\"valueRequired\":true,\"valueName\":\"search_term_string\"}}],\"inLanguage\":\"fr-FR\"}]}<\/script>\n<!-- \/ Yoast SEO plugin. -->","yoast_head_json":{"title":"Villa Benveduti - Park Hotel Ai Cappuccini -","description":"GUBBIO Une villa de campagne somptueuse, restaur\u00e9e et agrandie \u00e0 la fin du XIIIe si\u00e8cle, positionn\u00e9e sur une douce colline de la campagne de Gubbio, qui a \u00e9t\u00e9 la r\u00e9sidence d\u2019\u00e9t\u00e9 de la famille noble Benveduti.  Les salles splendides d\u00e9cor\u00e9es avec fresques et enrichies par des stucs originaux, la structure architecturale qui est d\u2019une \u00e9l\u00e9gance raffin\u00e9e, l\u2019all\u00e9e d\u2019acc\u00e8s et le magnifique parc environnant rendent cette villa la solution id\u00e9ale pour des \u00e9v\u00e9nements de prestige comme un banquet nuptial ou une soir\u00e9e de gala.  En outre, l\u2019ancienne cave, annexe \u00e0 la villa, repr\u00e9sente le cadre le plus adapte pour les d\u00e9gustations de vins et produits de la gastronomie locale ou pour d\u00eeners typiques.  Cette villa peut \u00eatre lou\u00e9e en entier pour des s\u00e9jours exclusifs, avec ses 10 chambres et suites, une plus suggestive que l\u2019autre, am\u00e9nag\u00e9es dans la partie la plus noble de la r\u00e9sidence et r\u00e9cemment restaur\u00e9es. https:\/\/www.villabenveduti.it\/index%20en.html\u00a0 info@villabenveduti.it Villa Benveduti CIR: 054024B902034084 \u2013 CIN: IT054024B902034084","robots":{"index":"index","follow":"follow","max-snippet":"max-snippet:-1","max-image-preview":"max-image-preview:large","max-video-preview":"max-video-preview:-1"},"canonical":"https:\/\/www.parkhotelaicappuccini.it\/fr\/autres-structures\/villa-benveduti\/","og_locale":"fr_FR","og_type":"article","og_title":"Villa Benveduti - Park Hotel Ai Cappuccini -","og_description":"GUBBIO Une villa de campagne somptueuse, restaur\u00e9e et agrandie \u00e0 la fin du XIIIe si\u00e8cle, positionn\u00e9e sur une douce colline de la campagne de Gubbio, qui a \u00e9t\u00e9 la r\u00e9sidence d\u2019\u00e9t\u00e9 de la famille noble Benveduti.  Les salles splendides d\u00e9cor\u00e9es avec fresques et enrichies par des stucs originaux, la structure architecturale qui est d\u2019une \u00e9l\u00e9gance raffin\u00e9e, l\u2019all\u00e9e d\u2019acc\u00e8s et le magnifique parc environnant rendent cette villa la solution id\u00e9ale pour des \u00e9v\u00e9nements de prestige comme un banquet nuptial ou une soir\u00e9e de gala.  En outre, l\u2019ancienne cave, annexe \u00e0 la villa, repr\u00e9sente le cadre le plus adapte pour les d\u00e9gustations de vins et produits de la gastronomie locale ou pour d\u00eeners typiques.  Cette villa peut \u00eatre lou\u00e9e en entier pour des s\u00e9jours exclusifs, avec ses 10 chambres et suites, une plus suggestive que l\u2019autre, am\u00e9nag\u00e9es dans la partie la plus noble de la r\u00e9sidence et r\u00e9cemment restaur\u00e9es. https:\/\/www.villabenveduti.it\/index%20en.html\u00a0 info@villabenveduti.it Villa Benveduti CIR: 054024B902034084 \u2013 CIN: IT054024B902034084","og_url":"https:\/\/www.parkhotelaicappuccini.it\/fr\/autres-structures\/villa-benveduti\/","og_site_name":"Park Hotel Ai Cappuccini","article_modified_time":"2025-01-13T14:56:47+00:00","og_image":[{"width":1200,"height":666,"url":"https:\/\/www.parkhotelaicappuccini.it\/wp-content\/uploads\/sites\/385\/2021\/12\/Parco-Acque-6.jpg","type":"image\/jpeg"}],"twitter_card":"summary_large_image","twitter_misc":{"Dur\u00e9e de lecture estim\u00e9e":"1 minute"},"schema":{"@context":"https:\/\/schema.org","@graph":[{"@type":"WebPage","@id":"https:\/\/www.parkhotelaicappuccini.it\/fr\/autres-structures\/villa-benveduti\/","url":"https:\/\/www.parkhotelaicappuccini.it\/fr\/autres-structures\/villa-benveduti\/","name":"Villa Benveduti - Park Hotel Ai Cappuccini -","isPartOf":{"@id":"https:\/\/www.parkhotelaicappuccini.it\/fr\/#website"},"datePublished":"2021-12-27T09:21:51+00:00","dateModified":"2025-01-13T14:56:47+00:00","description":"GUBBIO Une villa de campagne somptueuse, restaur\u00e9e et agrandie \u00e0 la fin du XIIIe si\u00e8cle, positionn\u00e9e sur une douce colline de la campagne de Gubbio, qui a \u00e9t\u00e9 la r\u00e9sidence d\u2019\u00e9t\u00e9 de la famille noble Benveduti. Les salles splendides d\u00e9cor\u00e9es avec fresques et enrichies par des stucs originaux, la structure architecturale qui est d\u2019une \u00e9l\u00e9gance raffin\u00e9e, l\u2019all\u00e9e d\u2019acc\u00e8s et le magnifique parc environnant rendent cette villa la solution id\u00e9ale pour des \u00e9v\u00e9nements de prestige comme un banquet nuptial ou une soir\u00e9e de gala. En outre, l\u2019ancienne cave, annexe \u00e0 la villa, repr\u00e9sente le cadre le plus adapte pour les d\u00e9gustations de vins et produits de la gastronomie locale ou pour d\u00eeners typiques. Cette villa peut \u00eatre lou\u00e9e en entier pour des s\u00e9jours exclusifs, avec ses 10 chambres et suites, une plus suggestive que l\u2019autre, am\u00e9nag\u00e9es dans la partie la plus noble de la r\u00e9sidence et r\u00e9cemment restaur\u00e9es. https:\/\/www.villabenveduti.it\/index%20en.html\u00a0 info@villabenveduti.it Villa Benveduti CIR: 054024B902034084 \u2013 CIN: IT054024B902034084","breadcrumb":{"@id":"https:\/\/www.parkhotelaicappuccini.it\/fr\/autres-structures\/villa-benveduti\/#breadcrumb"},"inLanguage":"fr-FR","potentialAction":[{"@type":"ReadAction","target":["https:\/\/www.parkhotelaicappuccini.it\/fr\/autres-structures\/villa-benveduti\/"]}]},{"@type":"BreadcrumbList","@id":"https:\/\/www.parkhotelaicappuccini.it\/fr\/autres-structures\/villa-benveduti\/#breadcrumb","itemListElement":[{"@type":"ListItem","position":1,"name":"Home","item":"https:\/\/www.parkhotelaicappuccini.it\/fr\/"},{"@type":"ListItem","position":2,"name":"Nos vacances \u00e0 la campagne","item":"https:\/\/www.parkhotelaicappuccini.it\/fr\/autres-structures\/"},{"@type":"ListItem","position":3,"name":"Villa Benveduti"}]},{"@type":"WebSite","@id":"https:\/\/www.parkhotelaicappuccini.it\/fr\/#website","url":"https:\/\/www.parkhotelaicappuccini.it\/fr\/","name":"Park Hotel Ai Cappuccini","description":"Just another ms.decms.eu site","potentialAction":[{"@type":"SearchAction","target":{"@type":"EntryPoint","urlTemplate":"https:\/\/www.parkhotelaicappuccini.it\/fr\/?s={search_term_string}"},"query-input":{"@type":"PropertyValueSpecification","valueRequired":true,"valueName":"search_term_string"}}],"inLanguage":"fr-FR"}]}},"acf":[],"_links":{"self":[{"href":"https:\/\/www.parkhotelaicappuccini.it\/fr\/wp-json\/wp\/v2\/pages\/788","targetHints":{"allow":["GET"]}}],"collection":[{"href":"https:\/\/www.parkhotelaicappuccini.it\/fr\/wp-json\/wp\/v2\/pages"}],"about":[{"href":"https:\/\/www.parkhotelaicappuccini.it\/fr\/wp-json\/wp\/v2\/types\/page"}],"author":[{"embeddable":true,"href":"https:\/\/www.parkhotelaicappuccini.it\/fr\/wp-json\/wp\/v2\/users\/36"}],"replies":[{"embeddable":true,"href":"https:\/\/www.parkhotelaicappuccini.it\/fr\/wp-json\/wp\/v2\/comments?post=788"}],"version-history":[{"count":0,"href":"https:\/\/www.parkhotelaicappuccini.it\/fr\/wp-json\/wp\/v2\/pages\/788\/revisions"}],"up":[{"embeddable":true,"href":"https:\/\/www.parkhotelaicappuccini.it\/fr\/wp-json\/wp\/v2\/pages\/779"}],"wp:attachment":[{"href":"https:\/\/www.parkhotelaicappuccini.it\/fr\/wp-json\/wp\/v2\/media?parent=788"}],"curies":[{"name":"wp","href":"https:\/\/api.w.org\/{rel}","templated":true}]}}