{"id":760,"date":"2021-12-24T14:07:09","date_gmt":"2021-12-24T14:07:09","guid":{"rendered":"https:\/\/park-hotel-ai-cappuccini.ms.decms.eu\/?page_id=760"},"modified":"2021-12-24T14:08:40","modified_gmt":"2021-12-24T14:08:40","slug":"qui-est-marc-messegue","status":"publish","type":"page","link":"https:\/\/www.parkhotelaicappuccini.it\/fr\/marc-messegue\/qui-est-marc-messegue\/","title":{"rendered":"Qui est Marc Mess\u00e9gu\u00e9"},"content":{"rendered":"<p>Marc Mess\u00e9gu\u00e9, fran\u00e7ais de naissance et ombrien d\u2019adoption, vante une longue exp\u00e9rience dans le domaine de la phytoth\u00e9rapie et de l\u2019herboristerie, v\u00e9ritables traditions de famille. Depuis des ann\u00e9es, il est engag\u00e9 dans la sensibilisation de l\u2019importance de l\u2019alimentation pour am\u00e9liorer la qualit\u00e9 de vie en r\u00e9tablissant l\u2019\u00e9quilibre psycho-physique naturel et harmonieux. C\u2019est \u00e0 lui que l\u2019on doit le r\u00e9volutionnaire r\u00e9gime One Day, qui permet de retrouver la forme gr\u00e2ce \u00e0 un seul jour de r\u00e9gime par semaine. L\u2019\u00e9tude constante et la recherche continue l\u2019am\u00e8nent \u00e0 poursuivre toujours des nouveaux parcours, visant \u00e0 int\u00e9grer les pratiques anciennes et savantes de la m\u00e9decine naturelle aux th\u00e9rapies contemporaines.<\/p>\n<p>\u00ab\u00a0<em>La recherche passionn\u00e9e, l\u2019\u00e9tude constante et la t\u00e9nacit\u00e9 dans la poursuite d\u2019une id\u00e9e ont fait du nom Mess\u00e9gu\u00e9 une r\u00e9f\u00e9rence dans le monde pour tout ce qui est naturel. C\u2019est le pr\u00e9cieux h\u00e9ritage de mon p\u00e8re, le plus grand don qu\u2019il nous a fait\u00a0: son nom, le nom que nous, ses enfants, portons et qui portent mes enfants, le nom que Maurice Mess\u00e9gu\u00e9 a honor\u00e9 au cours de sa carri\u00e8re professionnelle et que nous essayons d\u2019honorer en essayant d\u2019am\u00e9liorer la qualit\u00e9 de la vie<\/em>\u00a0\u00bb\u00a0 (Marc Mess\u00e9gu\u00e9).<\/p>\n","protected":false},"excerpt":{"rendered":"<p>Marc Mess\u00e9gu\u00e9, fran\u00e7ais de naissance et ombrien d\u2019adoption, vante une longue exp\u00e9rience dans le domaine de la phytoth\u00e9rapie et de l\u2019herboristerie, v\u00e9ritables traditions de famille. Depuis des ann\u00e9es, il est engag\u00e9 dans la sensibilisation de l\u2019importance de l\u2019alimentation pour am\u00e9liorer la qualit\u00e9 de vie en r\u00e9tablissant l\u2019\u00e9quilibre psycho-physique naturel et harmonieux. C\u2019est \u00e0 lui que [&hellip;]<\/p>\n","protected":false},"author":36,"featured_media":0,"parent":731,"menu_order":10,"comment_status":"closed","ping_status":"closed","template":"template-default-3.php","meta":{"footnotes":""},"class_list":["post-760","page","type-page","status-publish","hentry"],"yoast_head":"<!-- This site is optimized with the Yoast SEO plugin v26.9 - https:\/\/yoast.com\/product\/yoast-seo-wordpress\/ -->\n<title>Qui est Marc Mess\u00e9gu\u00e9 - Park Hotel Ai Cappuccini -<\/title>\n<meta name=\"description\" content=\"Marc Mess\u00e9gu\u00e9, fran\u00e7ais de naissance et ombrien d\u2019adoption, vante une longue exp\u00e9rience dans le domaine de la phytoth\u00e9rapie et de l\u2019herboristerie, v\u00e9ritables traditions de famille. Depuis des ann\u00e9es, il est engag\u00e9 dans la sensibilisation de l\u2019importance de l\u2019alimentation pour am\u00e9liorer la qualit\u00e9 de vie en r\u00e9tablissant l\u2019\u00e9quilibre psycho-physique naturel et harmonieux\" \/>\n<meta name=\"robots\" content=\"index, follow, max-snippet:-1, max-image-preview:large, max-video-preview:-1\" \/>\n<link rel=\"canonical\" href=\"https:\/\/www.parkhotelaicappuccini.it\/fr\/marc-messegue\/qui-est-marc-messegue\/\" \/>\n<meta property=\"og:locale\" content=\"fr_FR\" \/>\n<meta property=\"og:type\" content=\"article\" \/>\n<meta property=\"og:title\" content=\"Qui est Marc Mess\u00e9gu\u00e9 - Park Hotel Ai Cappuccini -\" \/>\n<meta property=\"og:description\" content=\"Marc Mess\u00e9gu\u00e9, fran\u00e7ais de naissance et ombrien d\u2019adoption, vante une longue exp\u00e9rience dans le domaine de la phytoth\u00e9rapie et de l\u2019herboristerie, v\u00e9ritables traditions de famille. Depuis des ann\u00e9es, il est engag\u00e9 dans la sensibilisation de l\u2019importance de l\u2019alimentation pour am\u00e9liorer la qualit\u00e9 de vie en r\u00e9tablissant l\u2019\u00e9quilibre psycho-physique naturel et harmonieux\" \/>\n<meta property=\"og:url\" content=\"https:\/\/www.parkhotelaicappuccini.it\/fr\/marc-messegue\/qui-est-marc-messegue\/\" \/>\n<meta property=\"og:site_name\" content=\"Park Hotel Ai Cappuccini\" \/>\n<meta property=\"article:modified_time\" content=\"2021-12-24T14:08:40+00:00\" \/>\n<meta property=\"og:image\" content=\"https:\/\/www.parkhotelaicappuccini.it\/wp-content\/uploads\/sites\/385\/2021\/12\/Parco-Acque-6.jpg\" \/>\n\t<meta property=\"og:image:width\" content=\"1200\" \/>\n\t<meta property=\"og:image:height\" content=\"666\" \/>\n\t<meta property=\"og:image:type\" content=\"image\/jpeg\" \/>\n<meta name=\"twitter:card\" content=\"summary_large_image\" \/>\n<meta name=\"twitter:label1\" content=\"Dur\u00e9e de lecture estim\u00e9e\" \/>\n\t<meta name=\"twitter:data1\" content=\"1 minute\" \/>\n<script type=\"application\/ld+json\" class=\"yoast-schema-graph\">{\"@context\":\"https:\/\/schema.org\",\"@graph\":[{\"@type\":\"WebPage\",\"@id\":\"https:\/\/www.parkhotelaicappuccini.it\/fr\/marc-messegue\/qui-est-marc-messegue\/\",\"url\":\"https:\/\/www.parkhotelaicappuccini.it\/fr\/marc-messegue\/qui-est-marc-messegue\/\",\"name\":\"Qui est Marc Mess\u00e9gu\u00e9 - Park Hotel Ai Cappuccini -\",\"isPartOf\":{\"@id\":\"https:\/\/www.parkhotelaicappuccini.it\/fr\/#website\"},\"datePublished\":\"2021-12-24T14:07:09+00:00\",\"dateModified\":\"2021-12-24T14:08:40+00:00\",\"description\":\"Marc Mess\u00e9gu\u00e9, fran\u00e7ais de naissance et ombrien d\u2019adoption, vante une longue exp\u00e9rience dans le domaine de la phytoth\u00e9rapie et de l\u2019herboristerie, v\u00e9ritables traditions de famille. Depuis des ann\u00e9es, il est engag\u00e9 dans la sensibilisation de l\u2019importance de l\u2019alimentation pour am\u00e9liorer la qualit\u00e9 de vie en r\u00e9tablissant l\u2019\u00e9quilibre psycho-physique naturel et harmonieux\",\"breadcrumb\":{\"@id\":\"https:\/\/www.parkhotelaicappuccini.it\/fr\/marc-messegue\/qui-est-marc-messegue\/#breadcrumb\"},\"inLanguage\":\"fr-FR\",\"potentialAction\":[{\"@type\":\"ReadAction\",\"target\":[\"https:\/\/www.parkhotelaicappuccini.it\/fr\/marc-messegue\/qui-est-marc-messegue\/\"]}]},{\"@type\":\"BreadcrumbList\",\"@id\":\"https:\/\/www.parkhotelaicappuccini.it\/fr\/marc-messegue\/qui-est-marc-messegue\/#breadcrumb\",\"itemListElement\":[{\"@type\":\"ListItem\",\"position\":1,\"name\":\"Home\",\"item\":\"https:\/\/www.parkhotelaicappuccini.it\/fr\/\"},{\"@type\":\"ListItem\",\"position\":2,\"name\":\"Marc Mess\u00e9gu\u00e9\",\"item\":\"https:\/\/www.parkhotelaicappuccini.it\/fr\/marc-messegue\/\"},{\"@type\":\"ListItem\",\"position\":3,\"name\":\"Qui est Marc Mess\u00e9gu\u00e9\"}]},{\"@type\":\"WebSite\",\"@id\":\"https:\/\/www.parkhotelaicappuccini.it\/fr\/#website\",\"url\":\"https:\/\/www.parkhotelaicappuccini.it\/fr\/\",\"name\":\"Park Hotel Ai Cappuccini\",\"description\":\"Just another ms.decms.eu site\",\"potentialAction\":[{\"@type\":\"SearchAction\",\"target\":{\"@type\":\"EntryPoint\",\"urlTemplate\":\"https:\/\/www.parkhotelaicappuccini.it\/fr\/?s={search_term_string}\"},\"query-input\":{\"@type\":\"PropertyValueSpecification\",\"valueRequired\":true,\"valueName\":\"search_term_string\"}}],\"inLanguage\":\"fr-FR\"}]}<\/script>\n<!-- \/ Yoast SEO plugin. -->","yoast_head_json":{"title":"Qui est Marc Mess\u00e9gu\u00e9 - Park Hotel Ai Cappuccini -","description":"Marc Mess\u00e9gu\u00e9, fran\u00e7ais de naissance et ombrien d\u2019adoption, vante une longue exp\u00e9rience dans le domaine de la phytoth\u00e9rapie et de l\u2019herboristerie, v\u00e9ritables traditions de famille. Depuis des ann\u00e9es, il est engag\u00e9 dans la sensibilisation de l\u2019importance de l\u2019alimentation pour am\u00e9liorer la qualit\u00e9 de vie en r\u00e9tablissant l\u2019\u00e9quilibre psycho-physique naturel et harmonieux","robots":{"index":"index","follow":"follow","max-snippet":"max-snippet:-1","max-image-preview":"max-image-preview:large","max-video-preview":"max-video-preview:-1"},"canonical":"https:\/\/www.parkhotelaicappuccini.it\/fr\/marc-messegue\/qui-est-marc-messegue\/","og_locale":"fr_FR","og_type":"article","og_title":"Qui est Marc Mess\u00e9gu\u00e9 - Park Hotel Ai Cappuccini -","og_description":"Marc Mess\u00e9gu\u00e9, fran\u00e7ais de naissance et ombrien d\u2019adoption, vante une longue exp\u00e9rience dans le domaine de la phytoth\u00e9rapie et de l\u2019herboristerie, v\u00e9ritables traditions de famille. Depuis des ann\u00e9es, il est engag\u00e9 dans la sensibilisation de l\u2019importance de l\u2019alimentation pour am\u00e9liorer la qualit\u00e9 de vie en r\u00e9tablissant l\u2019\u00e9quilibre psycho-physique naturel et harmonieux","og_url":"https:\/\/www.parkhotelaicappuccini.it\/fr\/marc-messegue\/qui-est-marc-messegue\/","og_site_name":"Park Hotel Ai Cappuccini","article_modified_time":"2021-12-24T14:08:40+00:00","og_image":[{"width":1200,"height":666,"url":"https:\/\/www.parkhotelaicappuccini.it\/wp-content\/uploads\/sites\/385\/2021\/12\/Parco-Acque-6.jpg","type":"image\/jpeg"}],"twitter_card":"summary_large_image","twitter_misc":{"Dur\u00e9e de lecture estim\u00e9e":"1 minute"},"schema":{"@context":"https:\/\/schema.org","@graph":[{"@type":"WebPage","@id":"https:\/\/www.parkhotelaicappuccini.it\/fr\/marc-messegue\/qui-est-marc-messegue\/","url":"https:\/\/www.parkhotelaicappuccini.it\/fr\/marc-messegue\/qui-est-marc-messegue\/","name":"Qui est Marc Mess\u00e9gu\u00e9 - Park Hotel Ai Cappuccini -","isPartOf":{"@id":"https:\/\/www.parkhotelaicappuccini.it\/fr\/#website"},"datePublished":"2021-12-24T14:07:09+00:00","dateModified":"2021-12-24T14:08:40+00:00","description":"Marc Mess\u00e9gu\u00e9, fran\u00e7ais de naissance et ombrien d\u2019adoption, vante une longue exp\u00e9rience dans le domaine de la phytoth\u00e9rapie et de l\u2019herboristerie, v\u00e9ritables traditions de famille. Depuis des ann\u00e9es, il est engag\u00e9 dans la sensibilisation de l\u2019importance de l\u2019alimentation pour am\u00e9liorer la qualit\u00e9 de vie en r\u00e9tablissant l\u2019\u00e9quilibre psycho-physique naturel et harmonieux","breadcrumb":{"@id":"https:\/\/www.parkhotelaicappuccini.it\/fr\/marc-messegue\/qui-est-marc-messegue\/#breadcrumb"},"inLanguage":"fr-FR","potentialAction":[{"@type":"ReadAction","target":["https:\/\/www.parkhotelaicappuccini.it\/fr\/marc-messegue\/qui-est-marc-messegue\/"]}]},{"@type":"BreadcrumbList","@id":"https:\/\/www.parkhotelaicappuccini.it\/fr\/marc-messegue\/qui-est-marc-messegue\/#breadcrumb","itemListElement":[{"@type":"ListItem","position":1,"name":"Home","item":"https:\/\/www.parkhotelaicappuccini.it\/fr\/"},{"@type":"ListItem","position":2,"name":"Marc Mess\u00e9gu\u00e9","item":"https:\/\/www.parkhotelaicappuccini.it\/fr\/marc-messegue\/"},{"@type":"ListItem","position":3,"name":"Qui est Marc Mess\u00e9gu\u00e9"}]},{"@type":"WebSite","@id":"https:\/\/www.parkhotelaicappuccini.it\/fr\/#website","url":"https:\/\/www.parkhotelaicappuccini.it\/fr\/","name":"Park Hotel Ai Cappuccini","description":"Just another ms.decms.eu site","potentialAction":[{"@type":"SearchAction","target":{"@type":"EntryPoint","urlTemplate":"https:\/\/www.parkhotelaicappuccini.it\/fr\/?s={search_term_string}"},"query-input":{"@type":"PropertyValueSpecification","valueRequired":true,"valueName":"search_term_string"}}],"inLanguage":"fr-FR"}]}},"acf":[],"_links":{"self":[{"href":"https:\/\/www.parkhotelaicappuccini.it\/fr\/wp-json\/wp\/v2\/pages\/760","targetHints":{"allow":["GET"]}}],"collection":[{"href":"https:\/\/www.parkhotelaicappuccini.it\/fr\/wp-json\/wp\/v2\/pages"}],"about":[{"href":"https:\/\/www.parkhotelaicappuccini.it\/fr\/wp-json\/wp\/v2\/types\/page"}],"author":[{"embeddable":true,"href":"https:\/\/www.parkhotelaicappuccini.it\/fr\/wp-json\/wp\/v2\/users\/36"}],"replies":[{"embeddable":true,"href":"https:\/\/www.parkhotelaicappuccini.it\/fr\/wp-json\/wp\/v2\/comments?post=760"}],"version-history":[{"count":0,"href":"https:\/\/www.parkhotelaicappuccini.it\/fr\/wp-json\/wp\/v2\/pages\/760\/revisions"}],"up":[{"embeddable":true,"href":"https:\/\/www.parkhotelaicappuccini.it\/fr\/wp-json\/wp\/v2\/pages\/731"}],"wp:attachment":[{"href":"https:\/\/www.parkhotelaicappuccini.it\/fr\/wp-json\/wp\/v2\/media?parent=760"}],"curies":[{"name":"wp","href":"https:\/\/api.w.org\/{rel}","templated":true}]}}