{"id":751,"date":"2021-12-24T13:44:14","date_gmt":"2021-12-24T13:44:14","guid":{"rendered":"https:\/\/park-hotel-ai-cappuccini.ms.decms.eu\/?page_id=751"},"modified":"2021-12-24T13:46:00","modified_gmt":"2021-12-24T13:46:00","slug":"methode-marc-messegue","status":"publish","type":"page","link":"https:\/\/www.parkhotelaicappuccini.it\/fr\/marc-messegue\/methode-marc-messegue\/","title":{"rendered":"M\u00e9thode Marc Mess\u00e9gu\u00e9"},"content":{"rendered":"<p>Le Marc Mess\u00e9gu\u00e9 ai Cappuccini de Gubbio est un endroit o\u00f9 la phytoth\u00e9rapie et la m\u00e9decine allopathique s\u2019harmonisent avec l\u2019\u00e9ducation nutritionnelle et la physioth\u00e9rapie. Cet endroit est id\u00e9al pour tous ceux qui veulent r\u00e9soudre des probl\u00e8mes tels que le surpoids, l\u2019hypertension art\u00e9rielle, l\u2019alt\u00e9ration du m\u00e9tabolisme du glucose et des lipides, des troubles de la fonction h\u00e9patique, intestinale ou de la circulation et \u00e9galement pour ceux qui veulent tout simplement retrouver la forme et le bien-\u00eatre, sans m\u00e9dicaments, mais sous une stricte surveillance m\u00e9dicale sp\u00e9cialis\u00e9e, gr\u00e2ce \u00e0 des examens cardiologiques, en laboratoire (h\u00e9matologique-h\u00e9matochimique) et\u00a0 \u00e0 une analyse de la composition corporelle (bio-imp\u00e9dancem\u00e8tre), contr\u00f4les n\u00e9cessaires pour l\u2019admission aux soins. Tisanes, d\u00e9coctions, capsules d\u2019herbes micronis\u00e9es, extraits liquides sont les \u00e9l\u00e9ments principaux du cycle de th\u00e9rapie au cours duquel nous nous occupons de nos patients en \u00e9tablissant pour chacun d\u2019entre eux des recettes phytoth\u00e9rapiques, des r\u00e9gimes alimentaires, des examens m\u00e9dicaux et des programmes personnalis\u00e9s de th\u00e9rapie physique. De plus, toutes les plantes officinales et aromatiques utilis\u00e9es ont \u00e9t\u00e9 soumises \u00e0 des analyses chimiques et biologiques afin de constater l\u2019absence d\u2019additifs chimiques et de pesticides : toutes ces plantes sont conformes aux limites maximales de r\u00e9sidus (LMR) autoris\u00e9es.<\/p>\n<p>Tous ceux qui s\u2019adressent \u00e0 Marc Mess\u00e9gu\u00e9 suivent un programme sp\u00e9cifique de th\u00e9rapie physique\u00a0: de soutien aux r\u00e9gimes di\u00e9t\u00e9tiques, correctif, utilis\u00e9 de plus comme Th\u00e9rapie d\u2019Occupation afin de fournir aux patients un engagement relaxant continu pour combler la journ\u00e9e. Des p\u00e9diluves et manuluves th\u00e9rapeutiques et des inhalations aux herbes sont pr\u00e9vus tous les jours. Une heure par jour est d\u00e9di\u00e9e au drainage lymphatique manuel ou au massage r\u00e9flexe du tissu conjonctif ou au massage combin\u00e9 avec des techniques de gommage chimique-physique, selon les besoins individuels. Une deuxi\u00e8me heure de la journ\u00e9e est d\u00e9di\u00e9e \u00e0 l\u2019hydro-massage au magn\u00e9sium et au potassium ou aux bains avec des sels, \u00e0 une th\u00e9rapie physique dans la salle de gym ou dans l\u2019eau, \u00e0 une promenade en groupe. Un grand nombre de th\u00e9rapies et de traitements de beaut\u00e9 permettent enfin de compl\u00e9ter agr\u00e9ablement la journ\u00e9e de nos clients.<\/p>\n<p>Ceux qui choisissent le traitement Marc Mess\u00e9gu\u00e9 ai Cappuccini suivent un programme alimentaire sp\u00e9cifique qui se base sur les principes alimentaires de la m\u00e9decine naturelle, qui s\u2019adapte \u00e0 tous les go\u00fbts.<br \/>\n<strong>Nous proposons trois programmes alimentaires de base qui tiennent compte des besoins prioritaires de l\u2019organisme:<\/strong><\/p>\n<ul>\n<li>R\u00e9gime asodique, hypolipidique, hypoglucidique, hypocalorique\u00a0: 3 repas par jour pour une moyenne totale de 900\/1000 Kcal\u00a0;<\/li>\n<li>R\u00e9gime hyposod\u00e9, hypolipidique, normocalorique : 4 repas par jours pour une moyenne totale de 1500\/1600 Kcal\u00a0;<\/li>\n<li>R\u00e9gime \u00e9quilibr\u00e9 de reprise : 4 repas par jours pour une moyenne totale de 2800 Kcal.<\/li>\n<\/ul>\n<p>Toutes le propositions de r\u00e9gime, personnalis\u00e9es selon les go\u00fbts et\/ou les intol\u00e9rances alimentaires de chaque patient, sont \u00e9tudi\u00e9es afin d\u2019apporter, m\u00eame dans les cas d\u2019un r\u00e9gime de fort amaigrissement, les quantit\u00e9s recommand\u00e9es de prot\u00e9ines, de vitamines, de sels min\u00e9raux et de f\u00e9culents.<\/p>\n","protected":false},"excerpt":{"rendered":"<p>Le Marc Mess\u00e9gu\u00e9 ai Cappuccini de Gubbio est un endroit o\u00f9 la phytoth\u00e9rapie et la m\u00e9decine allopathique s\u2019harmonisent avec l\u2019\u00e9ducation nutritionnelle et la physioth\u00e9rapie. Cet endroit est id\u00e9al pour tous ceux qui veulent r\u00e9soudre des probl\u00e8mes tels que le surpoids, l\u2019hypertension art\u00e9rielle, l\u2019alt\u00e9ration du m\u00e9tabolisme du glucose et des lipides, des troubles de la fonction [&hellip;]<\/p>\n","protected":false},"author":36,"featured_media":0,"parent":731,"menu_order":5,"comment_status":"closed","ping_status":"closed","template":"template-default-3.php","meta":{"footnotes":""},"class_list":["post-751","page","type-page","status-publish","hentry"],"yoast_head":"<!-- This site is optimized with the Yoast SEO plugin v26.9 - https:\/\/yoast.com\/product\/yoast-seo-wordpress\/ -->\n<title>M\u00e9thode Marc Mess\u00e9gu\u00e9 - Park Hotel Ai Cappuccini -<\/title>\n<meta name=\"description\" content=\"Le Marc Mess\u00e9gu\u00e9 ai Cappuccini de Gubbio est un endroit o\u00f9 la phytoth\u00e9rapie et la m\u00e9decine allopathique s\u2019harmonisent avec l\u2019\u00e9ducation nutritionnelle et la physioth\u00e9rapie. Cet endroit est id\u00e9al pour tous ceux qui veulent r\u00e9soudre des probl\u00e8mes tels que le surpoids, l\u2019hypertension art\u00e9rielle, l\u2019alt\u00e9ration du m\u00e9tabolisme du glucose et des lipides, des troubles de la fonction h\u00e9patique, intestinale ou de la circulation et \u00e9galement pour ceux qui veulent tout simplement retrouver la forme et le bien-\u00eatre, sans m\u00e9dicaments, mais sous une stricte surveillance m\u00e9dicale sp\u00e9cialis\u00e9e, gr\u00e2ce \u00e0 des examens cardiologiques, en laboratoire (h\u00e9matologique-h\u00e9matochimique) et\u00a0 \u00e0 une analyse de la composition corporelle (bio-imp\u00e9dancem\u00e8tre), contr\u00f4les n\u00e9cessaires pour l\u2019admission aux soins\" \/>\n<meta name=\"robots\" content=\"index, follow, max-snippet:-1, max-image-preview:large, max-video-preview:-1\" \/>\n<link rel=\"canonical\" href=\"https:\/\/www.parkhotelaicappuccini.it\/fr\/marc-messegue\/methode-marc-messegue\/\" \/>\n<meta property=\"og:locale\" content=\"fr_FR\" \/>\n<meta property=\"og:type\" content=\"article\" \/>\n<meta property=\"og:title\" content=\"M\u00e9thode Marc Mess\u00e9gu\u00e9 - Park Hotel Ai Cappuccini -\" \/>\n<meta property=\"og:description\" content=\"Le Marc Mess\u00e9gu\u00e9 ai Cappuccini de Gubbio est un endroit o\u00f9 la phytoth\u00e9rapie et la m\u00e9decine allopathique s\u2019harmonisent avec l\u2019\u00e9ducation nutritionnelle et la physioth\u00e9rapie. Cet endroit est id\u00e9al pour tous ceux qui veulent r\u00e9soudre des probl\u00e8mes tels que le surpoids, l\u2019hypertension art\u00e9rielle, l\u2019alt\u00e9ration du m\u00e9tabolisme du glucose et des lipides, des troubles de la fonction h\u00e9patique, intestinale ou de la circulation et \u00e9galement pour ceux qui veulent tout simplement retrouver la forme et le bien-\u00eatre, sans m\u00e9dicaments, mais sous une stricte surveillance m\u00e9dicale sp\u00e9cialis\u00e9e, gr\u00e2ce \u00e0 des examens cardiologiques, en laboratoire (h\u00e9matologique-h\u00e9matochimique) et\u00a0 \u00e0 une analyse de la composition corporelle (bio-imp\u00e9dancem\u00e8tre), contr\u00f4les n\u00e9cessaires pour l\u2019admission aux soins\" \/>\n<meta property=\"og:url\" content=\"https:\/\/www.parkhotelaicappuccini.it\/fr\/marc-messegue\/methode-marc-messegue\/\" \/>\n<meta property=\"og:site_name\" content=\"Park Hotel Ai Cappuccini\" \/>\n<meta property=\"article:modified_time\" content=\"2021-12-24T13:46:00+00:00\" \/>\n<meta property=\"og:image\" content=\"https:\/\/www.parkhotelaicappuccini.it\/wp-content\/uploads\/sites\/385\/2021\/12\/Parco-Acque-6.jpg\" \/>\n\t<meta property=\"og:image:width\" content=\"1200\" \/>\n\t<meta property=\"og:image:height\" content=\"666\" \/>\n\t<meta property=\"og:image:type\" content=\"image\/jpeg\" \/>\n<meta name=\"twitter:card\" content=\"summary_large_image\" \/>\n<meta name=\"twitter:label1\" content=\"Dur\u00e9e de lecture estim\u00e9e\" \/>\n\t<meta name=\"twitter:data1\" content=\"3 minutes\" \/>\n<script type=\"application\/ld+json\" class=\"yoast-schema-graph\">{\"@context\":\"https:\/\/schema.org\",\"@graph\":[{\"@type\":\"WebPage\",\"@id\":\"https:\/\/www.parkhotelaicappuccini.it\/fr\/marc-messegue\/methode-marc-messegue\/\",\"url\":\"https:\/\/www.parkhotelaicappuccini.it\/fr\/marc-messegue\/methode-marc-messegue\/\",\"name\":\"M\u00e9thode Marc Mess\u00e9gu\u00e9 - Park Hotel Ai Cappuccini -\",\"isPartOf\":{\"@id\":\"https:\/\/www.parkhotelaicappuccini.it\/fr\/#website\"},\"datePublished\":\"2021-12-24T13:44:14+00:00\",\"dateModified\":\"2021-12-24T13:46:00+00:00\",\"description\":\"Le Marc Mess\u00e9gu\u00e9 ai Cappuccini de Gubbio est un endroit o\u00f9 la phytoth\u00e9rapie et la m\u00e9decine allopathique s\u2019harmonisent avec l\u2019\u00e9ducation nutritionnelle et la physioth\u00e9rapie. Cet endroit est id\u00e9al pour tous ceux qui veulent r\u00e9soudre des probl\u00e8mes tels que le surpoids, l\u2019hypertension art\u00e9rielle, l\u2019alt\u00e9ration du m\u00e9tabolisme du glucose et des lipides, des troubles de la fonction h\u00e9patique, intestinale ou de la circulation et \u00e9galement pour ceux qui veulent tout simplement retrouver la forme et le bien-\u00eatre, sans m\u00e9dicaments, mais sous une stricte surveillance m\u00e9dicale sp\u00e9cialis\u00e9e, gr\u00e2ce \u00e0 des examens cardiologiques, en laboratoire (h\u00e9matologique-h\u00e9matochimique) et\u00a0 \u00e0 une analyse de la composition corporelle (bio-imp\u00e9dancem\u00e8tre), contr\u00f4les n\u00e9cessaires pour l\u2019admission aux soins\",\"breadcrumb\":{\"@id\":\"https:\/\/www.parkhotelaicappuccini.it\/fr\/marc-messegue\/methode-marc-messegue\/#breadcrumb\"},\"inLanguage\":\"fr-FR\",\"potentialAction\":[{\"@type\":\"ReadAction\",\"target\":[\"https:\/\/www.parkhotelaicappuccini.it\/fr\/marc-messegue\/methode-marc-messegue\/\"]}]},{\"@type\":\"BreadcrumbList\",\"@id\":\"https:\/\/www.parkhotelaicappuccini.it\/fr\/marc-messegue\/methode-marc-messegue\/#breadcrumb\",\"itemListElement\":[{\"@type\":\"ListItem\",\"position\":1,\"name\":\"Home\",\"item\":\"https:\/\/www.parkhotelaicappuccini.it\/fr\/\"},{\"@type\":\"ListItem\",\"position\":2,\"name\":\"Marc Mess\u00e9gu\u00e9\",\"item\":\"https:\/\/www.parkhotelaicappuccini.it\/fr\/marc-messegue\/\"},{\"@type\":\"ListItem\",\"position\":3,\"name\":\"M\u00e9thode Marc Mess\u00e9gu\u00e9\"}]},{\"@type\":\"WebSite\",\"@id\":\"https:\/\/www.parkhotelaicappuccini.it\/fr\/#website\",\"url\":\"https:\/\/www.parkhotelaicappuccini.it\/fr\/\",\"name\":\"Park Hotel Ai Cappuccini\",\"description\":\"Just another ms.decms.eu site\",\"potentialAction\":[{\"@type\":\"SearchAction\",\"target\":{\"@type\":\"EntryPoint\",\"urlTemplate\":\"https:\/\/www.parkhotelaicappuccini.it\/fr\/?s={search_term_string}\"},\"query-input\":{\"@type\":\"PropertyValueSpecification\",\"valueRequired\":true,\"valueName\":\"search_term_string\"}}],\"inLanguage\":\"fr-FR\"}]}<\/script>\n<!-- \/ Yoast SEO plugin. -->","yoast_head_json":{"title":"M\u00e9thode Marc Mess\u00e9gu\u00e9 - Park Hotel Ai Cappuccini -","description":"Le Marc Mess\u00e9gu\u00e9 ai Cappuccini de Gubbio est un endroit o\u00f9 la phytoth\u00e9rapie et la m\u00e9decine allopathique s\u2019harmonisent avec l\u2019\u00e9ducation nutritionnelle et la physioth\u00e9rapie. Cet endroit est id\u00e9al pour tous ceux qui veulent r\u00e9soudre des probl\u00e8mes tels que le surpoids, l\u2019hypertension art\u00e9rielle, l\u2019alt\u00e9ration du m\u00e9tabolisme du glucose et des lipides, des troubles de la fonction h\u00e9patique, intestinale ou de la circulation et \u00e9galement pour ceux qui veulent tout simplement retrouver la forme et le bien-\u00eatre, sans m\u00e9dicaments, mais sous une stricte surveillance m\u00e9dicale sp\u00e9cialis\u00e9e, gr\u00e2ce \u00e0 des examens cardiologiques, en laboratoire (h\u00e9matologique-h\u00e9matochimique) et\u00a0 \u00e0 une analyse de la composition corporelle (bio-imp\u00e9dancem\u00e8tre), contr\u00f4les n\u00e9cessaires pour l\u2019admission aux soins","robots":{"index":"index","follow":"follow","max-snippet":"max-snippet:-1","max-image-preview":"max-image-preview:large","max-video-preview":"max-video-preview:-1"},"canonical":"https:\/\/www.parkhotelaicappuccini.it\/fr\/marc-messegue\/methode-marc-messegue\/","og_locale":"fr_FR","og_type":"article","og_title":"M\u00e9thode Marc Mess\u00e9gu\u00e9 - Park Hotel Ai Cappuccini -","og_description":"Le Marc Mess\u00e9gu\u00e9 ai Cappuccini de Gubbio est un endroit o\u00f9 la phytoth\u00e9rapie et la m\u00e9decine allopathique s\u2019harmonisent avec l\u2019\u00e9ducation nutritionnelle et la physioth\u00e9rapie. Cet endroit est id\u00e9al pour tous ceux qui veulent r\u00e9soudre des probl\u00e8mes tels que le surpoids, l\u2019hypertension art\u00e9rielle, l\u2019alt\u00e9ration du m\u00e9tabolisme du glucose et des lipides, des troubles de la fonction h\u00e9patique, intestinale ou de la circulation et \u00e9galement pour ceux qui veulent tout simplement retrouver la forme et le bien-\u00eatre, sans m\u00e9dicaments, mais sous une stricte surveillance m\u00e9dicale sp\u00e9cialis\u00e9e, gr\u00e2ce \u00e0 des examens cardiologiques, en laboratoire (h\u00e9matologique-h\u00e9matochimique) et\u00a0 \u00e0 une analyse de la composition corporelle (bio-imp\u00e9dancem\u00e8tre), contr\u00f4les n\u00e9cessaires pour l\u2019admission aux soins","og_url":"https:\/\/www.parkhotelaicappuccini.it\/fr\/marc-messegue\/methode-marc-messegue\/","og_site_name":"Park Hotel Ai Cappuccini","article_modified_time":"2021-12-24T13:46:00+00:00","og_image":[{"width":1200,"height":666,"url":"https:\/\/www.parkhotelaicappuccini.it\/wp-content\/uploads\/sites\/385\/2021\/12\/Parco-Acque-6.jpg","type":"image\/jpeg"}],"twitter_card":"summary_large_image","twitter_misc":{"Dur\u00e9e de lecture estim\u00e9e":"3 minutes"},"schema":{"@context":"https:\/\/schema.org","@graph":[{"@type":"WebPage","@id":"https:\/\/www.parkhotelaicappuccini.it\/fr\/marc-messegue\/methode-marc-messegue\/","url":"https:\/\/www.parkhotelaicappuccini.it\/fr\/marc-messegue\/methode-marc-messegue\/","name":"M\u00e9thode Marc Mess\u00e9gu\u00e9 - Park Hotel Ai Cappuccini -","isPartOf":{"@id":"https:\/\/www.parkhotelaicappuccini.it\/fr\/#website"},"datePublished":"2021-12-24T13:44:14+00:00","dateModified":"2021-12-24T13:46:00+00:00","description":"Le Marc Mess\u00e9gu\u00e9 ai Cappuccini de Gubbio est un endroit o\u00f9 la phytoth\u00e9rapie et la m\u00e9decine allopathique s\u2019harmonisent avec l\u2019\u00e9ducation nutritionnelle et la physioth\u00e9rapie. Cet endroit est id\u00e9al pour tous ceux qui veulent r\u00e9soudre des probl\u00e8mes tels que le surpoids, l\u2019hypertension art\u00e9rielle, l\u2019alt\u00e9ration du m\u00e9tabolisme du glucose et des lipides, des troubles de la fonction h\u00e9patique, intestinale ou de la circulation et \u00e9galement pour ceux qui veulent tout simplement retrouver la forme et le bien-\u00eatre, sans m\u00e9dicaments, mais sous une stricte surveillance m\u00e9dicale sp\u00e9cialis\u00e9e, gr\u00e2ce \u00e0 des examens cardiologiques, en laboratoire (h\u00e9matologique-h\u00e9matochimique) et\u00a0 \u00e0 une analyse de la composition corporelle (bio-imp\u00e9dancem\u00e8tre), contr\u00f4les n\u00e9cessaires pour l\u2019admission aux soins","breadcrumb":{"@id":"https:\/\/www.parkhotelaicappuccini.it\/fr\/marc-messegue\/methode-marc-messegue\/#breadcrumb"},"inLanguage":"fr-FR","potentialAction":[{"@type":"ReadAction","target":["https:\/\/www.parkhotelaicappuccini.it\/fr\/marc-messegue\/methode-marc-messegue\/"]}]},{"@type":"BreadcrumbList","@id":"https:\/\/www.parkhotelaicappuccini.it\/fr\/marc-messegue\/methode-marc-messegue\/#breadcrumb","itemListElement":[{"@type":"ListItem","position":1,"name":"Home","item":"https:\/\/www.parkhotelaicappuccini.it\/fr\/"},{"@type":"ListItem","position":2,"name":"Marc Mess\u00e9gu\u00e9","item":"https:\/\/www.parkhotelaicappuccini.it\/fr\/marc-messegue\/"},{"@type":"ListItem","position":3,"name":"M\u00e9thode Marc Mess\u00e9gu\u00e9"}]},{"@type":"WebSite","@id":"https:\/\/www.parkhotelaicappuccini.it\/fr\/#website","url":"https:\/\/www.parkhotelaicappuccini.it\/fr\/","name":"Park Hotel Ai Cappuccini","description":"Just another ms.decms.eu site","potentialAction":[{"@type":"SearchAction","target":{"@type":"EntryPoint","urlTemplate":"https:\/\/www.parkhotelaicappuccini.it\/fr\/?s={search_term_string}"},"query-input":{"@type":"PropertyValueSpecification","valueRequired":true,"valueName":"search_term_string"}}],"inLanguage":"fr-FR"}]}},"acf":[],"_links":{"self":[{"href":"https:\/\/www.parkhotelaicappuccini.it\/fr\/wp-json\/wp\/v2\/pages\/751","targetHints":{"allow":["GET"]}}],"collection":[{"href":"https:\/\/www.parkhotelaicappuccini.it\/fr\/wp-json\/wp\/v2\/pages"}],"about":[{"href":"https:\/\/www.parkhotelaicappuccini.it\/fr\/wp-json\/wp\/v2\/types\/page"}],"author":[{"embeddable":true,"href":"https:\/\/www.parkhotelaicappuccini.it\/fr\/wp-json\/wp\/v2\/users\/36"}],"replies":[{"embeddable":true,"href":"https:\/\/www.parkhotelaicappuccini.it\/fr\/wp-json\/wp\/v2\/comments?post=751"}],"version-history":[{"count":0,"href":"https:\/\/www.parkhotelaicappuccini.it\/fr\/wp-json\/wp\/v2\/pages\/751\/revisions"}],"up":[{"embeddable":true,"href":"https:\/\/www.parkhotelaicappuccini.it\/fr\/wp-json\/wp\/v2\/pages\/731"}],"wp:attachment":[{"href":"https:\/\/www.parkhotelaicappuccini.it\/fr\/wp-json\/wp\/v2\/media?parent=751"}],"curies":[{"name":"wp","href":"https:\/\/api.w.org\/{rel}","templated":true}]}}