{"id":731,"date":"2021-12-24T13:08:13","date_gmt":"2021-12-24T13:08:13","guid":{"rendered":"https:\/\/park-hotel-ai-cappuccini.ms.decms.eu\/?page_id=731"},"modified":"2026-02-05T14:36:52","modified_gmt":"2026-02-05T14:36:52","slug":"marc-messegue","status":"publish","type":"page","link":"https:\/\/www.parkhotelaicappuccini.it\/fr\/marc-messegue\/","title":{"rendered":"Marc Mess\u00e9gu\u00e9"},"content":{"rendered":"<p><strong>Seulement ici en Italie.<\/strong><br \/>\nLa collaboration avec le c\u00e9l\u00e8bre phytoth\u00e9rapeute et herboriste Marc Mess\u00e9gu\u00e9 \u2013 fils de Maurice Mess\u00e9gu\u00e9, pionnier de la phytoth\u00e9rapie \u2013\u00a0 est n\u00e9e\u00a0de l\u2019id\u00e9e de la recherche du bien-\u00eatre \u00e0 partir d\u2019une relation privil\u00e9gi\u00e9e avec la nature et vise \u00e0 enrichir davantage les propositions du Cappuccini Wellness &amp; Spa.<\/p>\n<p>Une philosophie de bien-\u00eatre r\u00e9volutionnaire, et pourtant tr\u00e8s ancienne, o\u00f9 la recherche et l\u2019utilisation de plantes m\u00e9dicinales et l\u2019adoption d\u2019une alimentation saine s\u2019int\u00e8grent \u00e0 la m\u00e9decine, \u00e0 la physioth\u00e9rapie et \u00e0 l\u2019esth\u00e9tique. Les clients du Park H\u00f4tel ai Cappuccini peuvent compter sur la pr\u00e9sence constante de Marc Mess\u00e9gu\u00e9 et de son \u00e9quipe historique dirig\u00e9e par le docteur Pier Roberto Merani et sur un suivi quotidien d\u2019un traitement \u00ab\u00a0sur mesure\u00a0\u00bb qui respecte l\u2019unicit\u00e9 de chaque personne et se fonde sur la d\u00e9toxication du corps et de l\u2019esprit pour la remise en forme.<\/p>\n","protected":false},"excerpt":{"rendered":"<p>Seulement ici en Italie. La collaboration avec le c\u00e9l\u00e8bre phytoth\u00e9rapeute et herboriste Marc Mess\u00e9gu\u00e9 \u2013 fils de Maurice Mess\u00e9gu\u00e9, pionnier de la phytoth\u00e9rapie \u2013\u00a0 est n\u00e9e\u00a0de l\u2019id\u00e9e de la recherche du bien-\u00eatre \u00e0 partir d\u2019une relation privil\u00e9gi\u00e9e avec la nature et vise \u00e0 enrichir davantage les propositions du Cappuccini Wellness &amp; Spa. Une philosophie de [&hellip;]<\/p>\n","protected":false},"author":36,"featured_media":0,"parent":0,"menu_order":20,"comment_status":"closed","ping_status":"closed","template":"template-default-3.php","meta":{"footnotes":""},"class_list":["post-731","page","type-page","status-publish","hentry"],"yoast_head":"<!-- This site is optimized with the Yoast SEO plugin v26.9 - https:\/\/yoast.com\/product\/yoast-seo-wordpress\/ -->\n<title>Marc Mess\u00e9gu\u00e9 - Park Hotel Ai Cappuccini -<\/title>\n<meta name=\"description\" content=\"Seulement ici en Italie. La collaboration avec le c\u00e9l\u00e8bre phytoth\u00e9rapeute et herboriste Marc Mess\u00e9gu\u00e9 \u2013 fils de Maurice Mess\u00e9gu\u00e9, pionnier de la phytoth\u00e9rapie \u2013\u00a0 est n\u00e9e\u00a0de l\u2019id\u00e9e de la recherche du bien-\u00eatre \u00e0 partir d\u2019une relation privil\u00e9gi\u00e9e avec la nature et vise \u00e0 enrichir davantage les propositions du Cappuccini Wellness &amp; Spa.  Une philosophie de bien-\u00eatre r\u00e9volutionnaire, et pourtant tr\u00e8s ancienne, o\u00f9 la recherche et l\u2019utilisation de plantes m\u00e9dicinales et l\u2019adoption d\u2019une alimentation saine s\u2019int\u00e8grent \u00e0 la m\u00e9decine, \u00e0 la physioth\u00e9rapie et \u00e0 l\u2019esth\u00e9tique. Les clients du Park H\u00f4tel ai Cappuccini peuvent compter sur la pr\u00e9sence constante de Marc Mess\u00e9gu\u00e9 et de son \u00e9quipe historique dirig\u00e9e par le docteur Pier Roberto Merani et sur un suivi quotidien d\u2019un traitement \u00ab\u00a0sur mesure\u00a0\u00bb qui respecte l\u2019unicit\u00e9 de chaque personne et se fonde sur la d\u00e9toxication du corps et de l\u2019esprit pour la remise en forme.\" \/>\n<meta name=\"robots\" content=\"index, follow, max-snippet:-1, max-image-preview:large, max-video-preview:-1\" \/>\n<link rel=\"canonical\" href=\"https:\/\/www.parkhotelaicappuccini.it\/fr\/marc-messegue\/\" \/>\n<meta property=\"og:locale\" content=\"fr_FR\" \/>\n<meta property=\"og:type\" content=\"article\" \/>\n<meta property=\"og:title\" content=\"Marc Mess\u00e9gu\u00e9 - Park Hotel Ai Cappuccini -\" \/>\n<meta property=\"og:description\" content=\"Seulement ici en Italie. La collaboration avec le c\u00e9l\u00e8bre phytoth\u00e9rapeute et herboriste Marc Mess\u00e9gu\u00e9 \u2013 fils de Maurice Mess\u00e9gu\u00e9, pionnier de la phytoth\u00e9rapie \u2013\u00a0 est n\u00e9e\u00a0de l\u2019id\u00e9e de la recherche du bien-\u00eatre \u00e0 partir d\u2019une relation privil\u00e9gi\u00e9e avec la nature et vise \u00e0 enrichir davantage les propositions du Cappuccini Wellness &amp; Spa.  Une philosophie de bien-\u00eatre r\u00e9volutionnaire, et pourtant tr\u00e8s ancienne, o\u00f9 la recherche et l\u2019utilisation de plantes m\u00e9dicinales et l\u2019adoption d\u2019une alimentation saine s\u2019int\u00e8grent \u00e0 la m\u00e9decine, \u00e0 la physioth\u00e9rapie et \u00e0 l\u2019esth\u00e9tique. Les clients du Park H\u00f4tel ai Cappuccini peuvent compter sur la pr\u00e9sence constante de Marc Mess\u00e9gu\u00e9 et de son \u00e9quipe historique dirig\u00e9e par le docteur Pier Roberto Merani et sur un suivi quotidien d\u2019un traitement \u00ab\u00a0sur mesure\u00a0\u00bb qui respecte l\u2019unicit\u00e9 de chaque personne et se fonde sur la d\u00e9toxication du corps et de l\u2019esprit pour la remise en forme.\" \/>\n<meta property=\"og:url\" content=\"https:\/\/www.parkhotelaicappuccini.it\/fr\/marc-messegue\/\" \/>\n<meta property=\"og:site_name\" content=\"Park Hotel Ai Cappuccini\" \/>\n<meta property=\"article:modified_time\" content=\"2026-02-05T14:36:52+00:00\" \/>\n<meta property=\"og:image\" content=\"https:\/\/www.parkhotelaicappuccini.it\/wp-content\/uploads\/sites\/385\/2021\/12\/Parco-Acque-6.jpg\" \/>\n\t<meta property=\"og:image:width\" content=\"1200\" \/>\n\t<meta property=\"og:image:height\" content=\"666\" \/>\n\t<meta property=\"og:image:type\" content=\"image\/jpeg\" \/>\n<meta name=\"twitter:card\" content=\"summary_large_image\" \/>\n<meta name=\"twitter:label1\" content=\"Dur\u00e9e de lecture estim\u00e9e\" \/>\n\t<meta name=\"twitter:data1\" content=\"1 minute\" \/>\n<script type=\"application\/ld+json\" class=\"yoast-schema-graph\">{\"@context\":\"https:\/\/schema.org\",\"@graph\":[{\"@type\":\"WebPage\",\"@id\":\"https:\/\/www.parkhotelaicappuccini.it\/fr\/marc-messegue\/\",\"url\":\"https:\/\/www.parkhotelaicappuccini.it\/fr\/marc-messegue\/\",\"name\":\"Marc Mess\u00e9gu\u00e9 - Park Hotel Ai Cappuccini -\",\"isPartOf\":{\"@id\":\"https:\/\/www.parkhotelaicappuccini.it\/fr\/#website\"},\"datePublished\":\"2021-12-24T13:08:13+00:00\",\"dateModified\":\"2026-02-05T14:36:52+00:00\",\"description\":\"Seulement ici en Italie. La collaboration avec le c\u00e9l\u00e8bre phytoth\u00e9rapeute et herboriste Marc Mess\u00e9gu\u00e9 \u2013 fils de Maurice Mess\u00e9gu\u00e9, pionnier de la phytoth\u00e9rapie \u2013\u00a0 est n\u00e9e\u00a0de l\u2019id\u00e9e de la recherche du bien-\u00eatre \u00e0 partir d\u2019une relation privil\u00e9gi\u00e9e avec la nature et vise \u00e0 enrichir davantage les propositions du Cappuccini Wellness &amp; Spa. Une philosophie de bien-\u00eatre r\u00e9volutionnaire, et pourtant tr\u00e8s ancienne, o\u00f9 la recherche et l\u2019utilisation de plantes m\u00e9dicinales et l\u2019adoption d\u2019une alimentation saine s\u2019int\u00e8grent \u00e0 la m\u00e9decine, \u00e0 la physioth\u00e9rapie et \u00e0 l\u2019esth\u00e9tique. Les clients du Park H\u00f4tel ai Cappuccini peuvent compter sur la pr\u00e9sence constante de Marc Mess\u00e9gu\u00e9 et de son \u00e9quipe historique dirig\u00e9e par le docteur Pier Roberto Merani et sur un suivi quotidien d\u2019un traitement \u00ab\u00a0sur mesure\u00a0\u00bb qui respecte l\u2019unicit\u00e9 de chaque personne et se fonde sur la d\u00e9toxication du corps et de l\u2019esprit pour la remise en forme.\",\"breadcrumb\":{\"@id\":\"https:\/\/www.parkhotelaicappuccini.it\/fr\/marc-messegue\/#breadcrumb\"},\"inLanguage\":\"fr-FR\",\"potentialAction\":[{\"@type\":\"ReadAction\",\"target\":[\"https:\/\/www.parkhotelaicappuccini.it\/fr\/marc-messegue\/\"]}]},{\"@type\":\"BreadcrumbList\",\"@id\":\"https:\/\/www.parkhotelaicappuccini.it\/fr\/marc-messegue\/#breadcrumb\",\"itemListElement\":[{\"@type\":\"ListItem\",\"position\":1,\"name\":\"Home\",\"item\":\"https:\/\/www.parkhotelaicappuccini.it\/fr\/\"},{\"@type\":\"ListItem\",\"position\":2,\"name\":\"Marc Mess\u00e9gu\u00e9\"}]},{\"@type\":\"WebSite\",\"@id\":\"https:\/\/www.parkhotelaicappuccini.it\/fr\/#website\",\"url\":\"https:\/\/www.parkhotelaicappuccini.it\/fr\/\",\"name\":\"Park Hotel Ai Cappuccini\",\"description\":\"Just another ms.decms.eu site\",\"potentialAction\":[{\"@type\":\"SearchAction\",\"target\":{\"@type\":\"EntryPoint\",\"urlTemplate\":\"https:\/\/www.parkhotelaicappuccini.it\/fr\/?s={search_term_string}\"},\"query-input\":{\"@type\":\"PropertyValueSpecification\",\"valueRequired\":true,\"valueName\":\"search_term_string\"}}],\"inLanguage\":\"fr-FR\"}]}<\/script>\n<!-- \/ Yoast SEO plugin. -->","yoast_head_json":{"title":"Marc Mess\u00e9gu\u00e9 - Park Hotel Ai Cappuccini -","description":"Seulement ici en Italie. La collaboration avec le c\u00e9l\u00e8bre phytoth\u00e9rapeute et herboriste Marc Mess\u00e9gu\u00e9 \u2013 fils de Maurice Mess\u00e9gu\u00e9, pionnier de la phytoth\u00e9rapie \u2013\u00a0 est n\u00e9e\u00a0de l\u2019id\u00e9e de la recherche du bien-\u00eatre \u00e0 partir d\u2019une relation privil\u00e9gi\u00e9e avec la nature et vise \u00e0 enrichir davantage les propositions du Cappuccini Wellness &amp; Spa.  Une philosophie de bien-\u00eatre r\u00e9volutionnaire, et pourtant tr\u00e8s ancienne, o\u00f9 la recherche et l\u2019utilisation de plantes m\u00e9dicinales et l\u2019adoption d\u2019une alimentation saine s\u2019int\u00e8grent \u00e0 la m\u00e9decine, \u00e0 la physioth\u00e9rapie et \u00e0 l\u2019esth\u00e9tique. Les clients du Park H\u00f4tel ai Cappuccini peuvent compter sur la pr\u00e9sence constante de Marc Mess\u00e9gu\u00e9 et de son \u00e9quipe historique dirig\u00e9e par le docteur Pier Roberto Merani et sur un suivi quotidien d\u2019un traitement \u00ab\u00a0sur mesure\u00a0\u00bb qui respecte l\u2019unicit\u00e9 de chaque personne et se fonde sur la d\u00e9toxication du corps et de l\u2019esprit pour la remise en forme.","robots":{"index":"index","follow":"follow","max-snippet":"max-snippet:-1","max-image-preview":"max-image-preview:large","max-video-preview":"max-video-preview:-1"},"canonical":"https:\/\/www.parkhotelaicappuccini.it\/fr\/marc-messegue\/","og_locale":"fr_FR","og_type":"article","og_title":"Marc Mess\u00e9gu\u00e9 - Park Hotel Ai Cappuccini -","og_description":"Seulement ici en Italie. La collaboration avec le c\u00e9l\u00e8bre phytoth\u00e9rapeute et herboriste Marc Mess\u00e9gu\u00e9 \u2013 fils de Maurice Mess\u00e9gu\u00e9, pionnier de la phytoth\u00e9rapie \u2013\u00a0 est n\u00e9e\u00a0de l\u2019id\u00e9e de la recherche du bien-\u00eatre \u00e0 partir d\u2019une relation privil\u00e9gi\u00e9e avec la nature et vise \u00e0 enrichir davantage les propositions du Cappuccini Wellness &amp; Spa.  Une philosophie de bien-\u00eatre r\u00e9volutionnaire, et pourtant tr\u00e8s ancienne, o\u00f9 la recherche et l\u2019utilisation de plantes m\u00e9dicinales et l\u2019adoption d\u2019une alimentation saine s\u2019int\u00e8grent \u00e0 la m\u00e9decine, \u00e0 la physioth\u00e9rapie et \u00e0 l\u2019esth\u00e9tique. Les clients du Park H\u00f4tel ai Cappuccini peuvent compter sur la pr\u00e9sence constante de Marc Mess\u00e9gu\u00e9 et de son \u00e9quipe historique dirig\u00e9e par le docteur Pier Roberto Merani et sur un suivi quotidien d\u2019un traitement \u00ab\u00a0sur mesure\u00a0\u00bb qui respecte l\u2019unicit\u00e9 de chaque personne et se fonde sur la d\u00e9toxication du corps et de l\u2019esprit pour la remise en forme.","og_url":"https:\/\/www.parkhotelaicappuccini.it\/fr\/marc-messegue\/","og_site_name":"Park Hotel Ai Cappuccini","article_modified_time":"2026-02-05T14:36:52+00:00","og_image":[{"width":1200,"height":666,"url":"https:\/\/www.parkhotelaicappuccini.it\/wp-content\/uploads\/sites\/385\/2021\/12\/Parco-Acque-6.jpg","type":"image\/jpeg"}],"twitter_card":"summary_large_image","twitter_misc":{"Dur\u00e9e de lecture estim\u00e9e":"1 minute"},"schema":{"@context":"https:\/\/schema.org","@graph":[{"@type":"WebPage","@id":"https:\/\/www.parkhotelaicappuccini.it\/fr\/marc-messegue\/","url":"https:\/\/www.parkhotelaicappuccini.it\/fr\/marc-messegue\/","name":"Marc Mess\u00e9gu\u00e9 - Park Hotel Ai Cappuccini -","isPartOf":{"@id":"https:\/\/www.parkhotelaicappuccini.it\/fr\/#website"},"datePublished":"2021-12-24T13:08:13+00:00","dateModified":"2026-02-05T14:36:52+00:00","description":"Seulement ici en Italie. La collaboration avec le c\u00e9l\u00e8bre phytoth\u00e9rapeute et herboriste Marc Mess\u00e9gu\u00e9 \u2013 fils de Maurice Mess\u00e9gu\u00e9, pionnier de la phytoth\u00e9rapie \u2013\u00a0 est n\u00e9e\u00a0de l\u2019id\u00e9e de la recherche du bien-\u00eatre \u00e0 partir d\u2019une relation privil\u00e9gi\u00e9e avec la nature et vise \u00e0 enrichir davantage les propositions du Cappuccini Wellness &amp; Spa. Une philosophie de bien-\u00eatre r\u00e9volutionnaire, et pourtant tr\u00e8s ancienne, o\u00f9 la recherche et l\u2019utilisation de plantes m\u00e9dicinales et l\u2019adoption d\u2019une alimentation saine s\u2019int\u00e8grent \u00e0 la m\u00e9decine, \u00e0 la physioth\u00e9rapie et \u00e0 l\u2019esth\u00e9tique. Les clients du Park H\u00f4tel ai Cappuccini peuvent compter sur la pr\u00e9sence constante de Marc Mess\u00e9gu\u00e9 et de son \u00e9quipe historique dirig\u00e9e par le docteur Pier Roberto Merani et sur un suivi quotidien d\u2019un traitement \u00ab\u00a0sur mesure\u00a0\u00bb qui respecte l\u2019unicit\u00e9 de chaque personne et se fonde sur la d\u00e9toxication du corps et de l\u2019esprit pour la remise en forme.","breadcrumb":{"@id":"https:\/\/www.parkhotelaicappuccini.it\/fr\/marc-messegue\/#breadcrumb"},"inLanguage":"fr-FR","potentialAction":[{"@type":"ReadAction","target":["https:\/\/www.parkhotelaicappuccini.it\/fr\/marc-messegue\/"]}]},{"@type":"BreadcrumbList","@id":"https:\/\/www.parkhotelaicappuccini.it\/fr\/marc-messegue\/#breadcrumb","itemListElement":[{"@type":"ListItem","position":1,"name":"Home","item":"https:\/\/www.parkhotelaicappuccini.it\/fr\/"},{"@type":"ListItem","position":2,"name":"Marc Mess\u00e9gu\u00e9"}]},{"@type":"WebSite","@id":"https:\/\/www.parkhotelaicappuccini.it\/fr\/#website","url":"https:\/\/www.parkhotelaicappuccini.it\/fr\/","name":"Park Hotel Ai Cappuccini","description":"Just another ms.decms.eu site","potentialAction":[{"@type":"SearchAction","target":{"@type":"EntryPoint","urlTemplate":"https:\/\/www.parkhotelaicappuccini.it\/fr\/?s={search_term_string}"},"query-input":{"@type":"PropertyValueSpecification","valueRequired":true,"valueName":"search_term_string"}}],"inLanguage":"fr-FR"}]}},"acf":[],"_links":{"self":[{"href":"https:\/\/www.parkhotelaicappuccini.it\/fr\/wp-json\/wp\/v2\/pages\/731","targetHints":{"allow":["GET"]}}],"collection":[{"href":"https:\/\/www.parkhotelaicappuccini.it\/fr\/wp-json\/wp\/v2\/pages"}],"about":[{"href":"https:\/\/www.parkhotelaicappuccini.it\/fr\/wp-json\/wp\/v2\/types\/page"}],"author":[{"embeddable":true,"href":"https:\/\/www.parkhotelaicappuccini.it\/fr\/wp-json\/wp\/v2\/users\/36"}],"replies":[{"embeddable":true,"href":"https:\/\/www.parkhotelaicappuccini.it\/fr\/wp-json\/wp\/v2\/comments?post=731"}],"version-history":[{"count":0,"href":"https:\/\/www.parkhotelaicappuccini.it\/fr\/wp-json\/wp\/v2\/pages\/731\/revisions"}],"wp:attachment":[{"href":"https:\/\/www.parkhotelaicappuccini.it\/fr\/wp-json\/wp\/v2\/media?parent=731"}],"curies":[{"name":"wp","href":"https:\/\/api.w.org\/{rel}","templated":true}]}}