{"id":657,"date":"2021-12-23T13:40:21","date_gmt":"2021-12-23T13:40:21","guid":{"rendered":"https:\/\/park-hotel-ai-cappuccini.ms.decms.eu\/?page_id=657"},"modified":"2024-06-25T13:49:41","modified_gmt":"2024-06-25T13:49:41","slug":"localisation","status":"publish","type":"page","link":"https:\/\/www.parkhotelaicappuccini.it\/fr\/localisation\/","title":{"rendered":"Localisation"},"content":{"rendered":"<p>Park Hotel ai Cappuccini &#8211; Via Tifernate &#8211; 06024 Gubbio<\/p>\n<p>Le Park H\u00f4tel ai Cappuccini se trouve \u00e0 Gubbio, plong\u00e9 dans un parc splendide, \u00e0 une centaine de m\u00e8tres du centre historique. La ville de Gubbio est situ\u00e9e en Ombrie, pr\u00e8s de la fronti\u00e8re avec les Marches, \u00e0 une altitude de 500 m, dans le d\u00e9partement de P\u00e9rouse, qui se trouve \u00e0 environ 40 Km. L\u2019\u00e9tendue de la commune est de 525 km\u00b2 et compte env. 32.000 habitants, dont env. 14.000 habitent dans le centre ville.<\/p>\n<p>De Gubbio vous pouvez facilement atteindre les plus importantes localit\u00e9s de l\u2019Ombrie et des limitrophes Toscane et Marches.<\/p>\n<p>Coordonn\u00e9es GPS: Latitude 43.35642 Nord | Longitude 12.56665 Est<\/p>\n","protected":false},"excerpt":{"rendered":"<p>Park Hotel ai Cappuccini &#8211; Via Tifernate &#8211; 06024 Gubbio Le Park H\u00f4tel ai Cappuccini se trouve \u00e0 Gubbio, plong\u00e9 dans un parc splendide, \u00e0 une centaine de m\u00e8tres du centre historique. La ville de Gubbio est situ\u00e9e en Ombrie, pr\u00e8s de la fronti\u00e8re avec les Marches, \u00e0 une altitude de 500 m, dans le [&hellip;]<\/p>\n","protected":false},"author":36,"featured_media":0,"parent":0,"menu_order":60,"comment_status":"closed","ping_status":"closed","template":"template-location.php","meta":{"footnotes":""},"class_list":["post-657","page","type-page","status-publish","hentry"],"yoast_head":"<!-- This site is optimized with the Yoast SEO plugin v26.9 - https:\/\/yoast.com\/product\/yoast-seo-wordpress\/ -->\n<title>Localisation - Park Hotel Ai Cappuccini -<\/title>\n<meta name=\"description\" content=\"Park Hotel ai Cappuccini - Via Tifernate - 06024 Gubbio  Le Park H\u00f4tel ai Cappuccini se trouve \u00e0 Gubbio, plong\u00e9 dans un parc splendide, \u00e0 une centaine de m\u00e8tres du centre historique. La ville de Gubbio est situ\u00e9e en Ombrie, pr\u00e8s de la fronti\u00e8re avec les Marches, \u00e0 une altitude de 500 m, dans le d\u00e9partement de P\u00e9rouse, qui se trouve \u00e0 environ 40 Km\" \/>\n<meta name=\"robots\" content=\"index, follow, max-snippet:-1, max-image-preview:large, max-video-preview:-1\" \/>\n<link rel=\"canonical\" href=\"https:\/\/www.parkhotelaicappuccini.it\/fr\/localisation\/\" \/>\n<meta property=\"og:locale\" content=\"fr_FR\" \/>\n<meta property=\"og:type\" content=\"article\" \/>\n<meta property=\"og:title\" content=\"Localisation - Park Hotel Ai Cappuccini -\" \/>\n<meta property=\"og:description\" content=\"Park Hotel ai Cappuccini - Via Tifernate - 06024 Gubbio  Le Park H\u00f4tel ai Cappuccini se trouve \u00e0 Gubbio, plong\u00e9 dans un parc splendide, \u00e0 une centaine de m\u00e8tres du centre historique. La ville de Gubbio est situ\u00e9e en Ombrie, pr\u00e8s de la fronti\u00e8re avec les Marches, \u00e0 une altitude de 500 m, dans le d\u00e9partement de P\u00e9rouse, qui se trouve \u00e0 environ 40 Km\" \/>\n<meta property=\"og:url\" content=\"https:\/\/www.parkhotelaicappuccini.it\/fr\/localisation\/\" \/>\n<meta property=\"og:site_name\" content=\"Park Hotel Ai Cappuccini\" \/>\n<meta property=\"article:modified_time\" content=\"2024-06-25T13:49:41+00:00\" \/>\n<meta property=\"og:image\" content=\"https:\/\/www.parkhotelaicappuccini.it\/wp-content\/uploads\/sites\/385\/2021\/12\/Parco-Acque-6.jpg\" \/>\n\t<meta property=\"og:image:width\" content=\"1200\" \/>\n\t<meta property=\"og:image:height\" content=\"666\" \/>\n\t<meta property=\"og:image:type\" content=\"image\/jpeg\" \/>\n<meta name=\"twitter:card\" content=\"summary_large_image\" \/>\n<meta name=\"twitter:label1\" content=\"Dur\u00e9e de lecture estim\u00e9e\" \/>\n\t<meta name=\"twitter:data1\" content=\"1 minute\" \/>\n<script type=\"application\/ld+json\" class=\"yoast-schema-graph\">{\"@context\":\"https:\/\/schema.org\",\"@graph\":[{\"@type\":\"WebPage\",\"@id\":\"https:\/\/www.parkhotelaicappuccini.it\/fr\/localisation\/\",\"url\":\"https:\/\/www.parkhotelaicappuccini.it\/fr\/localisation\/\",\"name\":\"Localisation - Park Hotel Ai Cappuccini -\",\"isPartOf\":{\"@id\":\"https:\/\/www.parkhotelaicappuccini.it\/fr\/#website\"},\"datePublished\":\"2021-12-23T13:40:21+00:00\",\"dateModified\":\"2024-06-25T13:49:41+00:00\",\"description\":\"Park Hotel ai Cappuccini - Via Tifernate - 06024 Gubbio Le Park H\u00f4tel ai Cappuccini se trouve \u00e0 Gubbio, plong\u00e9 dans un parc splendide, \u00e0 une centaine de m\u00e8tres du centre historique. La ville de Gubbio est situ\u00e9e en Ombrie, pr\u00e8s de la fronti\u00e8re avec les Marches, \u00e0 une altitude de 500 m, dans le d\u00e9partement de P\u00e9rouse, qui se trouve \u00e0 environ 40 Km\",\"breadcrumb\":{\"@id\":\"https:\/\/www.parkhotelaicappuccini.it\/fr\/localisation\/#breadcrumb\"},\"inLanguage\":\"fr-FR\",\"potentialAction\":[{\"@type\":\"ReadAction\",\"target\":[\"https:\/\/www.parkhotelaicappuccini.it\/fr\/localisation\/\"]}]},{\"@type\":\"BreadcrumbList\",\"@id\":\"https:\/\/www.parkhotelaicappuccini.it\/fr\/localisation\/#breadcrumb\",\"itemListElement\":[{\"@type\":\"ListItem\",\"position\":1,\"name\":\"Home\",\"item\":\"https:\/\/www.parkhotelaicappuccini.it\/fr\/\"},{\"@type\":\"ListItem\",\"position\":2,\"name\":\"Localisation\"}]},{\"@type\":\"WebSite\",\"@id\":\"https:\/\/www.parkhotelaicappuccini.it\/fr\/#website\",\"url\":\"https:\/\/www.parkhotelaicappuccini.it\/fr\/\",\"name\":\"Park Hotel Ai Cappuccini\",\"description\":\"Just another ms.decms.eu site\",\"potentialAction\":[{\"@type\":\"SearchAction\",\"target\":{\"@type\":\"EntryPoint\",\"urlTemplate\":\"https:\/\/www.parkhotelaicappuccini.it\/fr\/?s={search_term_string}\"},\"query-input\":{\"@type\":\"PropertyValueSpecification\",\"valueRequired\":true,\"valueName\":\"search_term_string\"}}],\"inLanguage\":\"fr-FR\"}]}<\/script>\n<!-- \/ Yoast SEO plugin. -->","yoast_head_json":{"title":"Localisation - Park Hotel Ai Cappuccini -","description":"Park Hotel ai Cappuccini - Via Tifernate - 06024 Gubbio  Le Park H\u00f4tel ai Cappuccini se trouve \u00e0 Gubbio, plong\u00e9 dans un parc splendide, \u00e0 une centaine de m\u00e8tres du centre historique. La ville de Gubbio est situ\u00e9e en Ombrie, pr\u00e8s de la fronti\u00e8re avec les Marches, \u00e0 une altitude de 500 m, dans le d\u00e9partement de P\u00e9rouse, qui se trouve \u00e0 environ 40 Km","robots":{"index":"index","follow":"follow","max-snippet":"max-snippet:-1","max-image-preview":"max-image-preview:large","max-video-preview":"max-video-preview:-1"},"canonical":"https:\/\/www.parkhotelaicappuccini.it\/fr\/localisation\/","og_locale":"fr_FR","og_type":"article","og_title":"Localisation - Park Hotel Ai Cappuccini -","og_description":"Park Hotel ai Cappuccini - Via Tifernate - 06024 Gubbio  Le Park H\u00f4tel ai Cappuccini se trouve \u00e0 Gubbio, plong\u00e9 dans un parc splendide, \u00e0 une centaine de m\u00e8tres du centre historique. La ville de Gubbio est situ\u00e9e en Ombrie, pr\u00e8s de la fronti\u00e8re avec les Marches, \u00e0 une altitude de 500 m, dans le d\u00e9partement de P\u00e9rouse, qui se trouve \u00e0 environ 40 Km","og_url":"https:\/\/www.parkhotelaicappuccini.it\/fr\/localisation\/","og_site_name":"Park Hotel Ai Cappuccini","article_modified_time":"2024-06-25T13:49:41+00:00","og_image":[{"width":1200,"height":666,"url":"https:\/\/www.parkhotelaicappuccini.it\/wp-content\/uploads\/sites\/385\/2021\/12\/Parco-Acque-6.jpg","type":"image\/jpeg"}],"twitter_card":"summary_large_image","twitter_misc":{"Dur\u00e9e de lecture estim\u00e9e":"1 minute"},"schema":{"@context":"https:\/\/schema.org","@graph":[{"@type":"WebPage","@id":"https:\/\/www.parkhotelaicappuccini.it\/fr\/localisation\/","url":"https:\/\/www.parkhotelaicappuccini.it\/fr\/localisation\/","name":"Localisation - Park Hotel Ai Cappuccini -","isPartOf":{"@id":"https:\/\/www.parkhotelaicappuccini.it\/fr\/#website"},"datePublished":"2021-12-23T13:40:21+00:00","dateModified":"2024-06-25T13:49:41+00:00","description":"Park Hotel ai Cappuccini - Via Tifernate - 06024 Gubbio Le Park H\u00f4tel ai Cappuccini se trouve \u00e0 Gubbio, plong\u00e9 dans un parc splendide, \u00e0 une centaine de m\u00e8tres du centre historique. La ville de Gubbio est situ\u00e9e en Ombrie, pr\u00e8s de la fronti\u00e8re avec les Marches, \u00e0 une altitude de 500 m, dans le d\u00e9partement de P\u00e9rouse, qui se trouve \u00e0 environ 40 Km","breadcrumb":{"@id":"https:\/\/www.parkhotelaicappuccini.it\/fr\/localisation\/#breadcrumb"},"inLanguage":"fr-FR","potentialAction":[{"@type":"ReadAction","target":["https:\/\/www.parkhotelaicappuccini.it\/fr\/localisation\/"]}]},{"@type":"BreadcrumbList","@id":"https:\/\/www.parkhotelaicappuccini.it\/fr\/localisation\/#breadcrumb","itemListElement":[{"@type":"ListItem","position":1,"name":"Home","item":"https:\/\/www.parkhotelaicappuccini.it\/fr\/"},{"@type":"ListItem","position":2,"name":"Localisation"}]},{"@type":"WebSite","@id":"https:\/\/www.parkhotelaicappuccini.it\/fr\/#website","url":"https:\/\/www.parkhotelaicappuccini.it\/fr\/","name":"Park Hotel Ai Cappuccini","description":"Just another ms.decms.eu site","potentialAction":[{"@type":"SearchAction","target":{"@type":"EntryPoint","urlTemplate":"https:\/\/www.parkhotelaicappuccini.it\/fr\/?s={search_term_string}"},"query-input":{"@type":"PropertyValueSpecification","valueRequired":true,"valueName":"search_term_string"}}],"inLanguage":"fr-FR"}]}},"acf":[],"_links":{"self":[{"href":"https:\/\/www.parkhotelaicappuccini.it\/fr\/wp-json\/wp\/v2\/pages\/657","targetHints":{"allow":["GET"]}}],"collection":[{"href":"https:\/\/www.parkhotelaicappuccini.it\/fr\/wp-json\/wp\/v2\/pages"}],"about":[{"href":"https:\/\/www.parkhotelaicappuccini.it\/fr\/wp-json\/wp\/v2\/types\/page"}],"author":[{"embeddable":true,"href":"https:\/\/www.parkhotelaicappuccini.it\/fr\/wp-json\/wp\/v2\/users\/36"}],"replies":[{"embeddable":true,"href":"https:\/\/www.parkhotelaicappuccini.it\/fr\/wp-json\/wp\/v2\/comments?post=657"}],"version-history":[{"count":0,"href":"https:\/\/www.parkhotelaicappuccini.it\/fr\/wp-json\/wp\/v2\/pages\/657\/revisions"}],"wp:attachment":[{"href":"https:\/\/www.parkhotelaicappuccini.it\/fr\/wp-json\/wp\/v2\/media?parent=657"}],"curies":[{"name":"wp","href":"https:\/\/api.w.org\/{rel}","templated":true}]}}