{"id":569,"date":"2021-12-21T08:35:19","date_gmt":"2021-12-21T08:35:19","guid":{"rendered":"https:\/\/park-hotel-ai-cappuccini.ms.decms.eu\/?page_id=569"},"modified":"2022-01-26T09:07:59","modified_gmt":"2022-01-26T09:07:59","slug":"parc-aquatique","status":"publish","type":"page","link":"https:\/\/www.parkhotelaicappuccini.it\/fr\/spa-fitness\/parc-aquatique\/","title":{"rendered":"Parc Aquatique"},"content":{"rendered":"<p>Le Parc Aquatique du Cappuccini Wellness &amp; Spa se compose de deux espaces: un premier espace de 350 m2, acc\u00e8s libre et appel\u00e9 Acque Emozionali (Eaux Ludiques), qui dispose d\u2019une piscine avec couloirs de natation, une pataugeoire, une piscine \u00e0 contre-courant et une jacuzzi \u00e0 28\/29\u00b0C; un deuxi\u00e8me espace plus intime et r\u00e9serv\u00e9, la Salle Hydromassages, qui dispose d\u2019un jacuzzi circulaire et d\u2019un jacuzzi en forme d\u2019une arche qui utilise de l\u2019eau m\u00e9lang\u00e9e avec magn\u00e9sium et potassium et d\u2019une piscine thalassoth\u00e9rapie.<\/p>\n","protected":false},"excerpt":{"rendered":"<p>Le Parc Aquatique du Cappuccini Wellness &amp; Spa se compose de deux espaces: un premier espace de 350 m2, acc\u00e8s libre et appel\u00e9 Acque Emozionali (Eaux Ludiques), qui dispose d\u2019une piscine avec couloirs de natation, une pataugeoire, une piscine \u00e0 contre-courant et une jacuzzi \u00e0 28\/29\u00b0C; un deuxi\u00e8me espace plus intime et r\u00e9serv\u00e9, la Salle [&hellip;]<\/p>\n","protected":false},"author":36,"featured_media":0,"parent":473,"menu_order":10,"comment_status":"closed","ping_status":"closed","template":"template-single-spa.php","meta":{"footnotes":""},"class_list":["post-569","page","type-page","status-publish","hentry"],"yoast_head":"<!-- This site is optimized with the Yoast SEO plugin v26.9 - https:\/\/yoast.com\/product\/yoast-seo-wordpress\/ -->\n<title>Parc Aquatique - Park Hotel Ai Cappuccini -<\/title>\n<meta name=\"description\" content=\"Le Parc Aquatique du Cappuccini Wellness &amp; Spa se compose de deux espaces: un premier espace de 350 m2, acc\u00e8s libre et appel\u00e9 Acque Emozionali (Eaux Ludiques), qui dispose d\u2019une piscine avec couloirs de natation, une pataugeoire, une piscine \u00e0 contre-courant et une jacuzzi \u00e0 28\/29\u00b0C; un deuxi\u00e8me espace plus intime et r\u00e9serv\u00e9, la Salle Hydromassages, qui dispose d\u2019un jacuzzi circulaire et d\u2019un jacuzzi en forme d\u2019une arche qui utilise de l\u2019eau m\u00e9lang\u00e9e avec magn\u00e9sium et potassium et d\u2019une piscine thalassoth\u00e9rapie..\" \/>\n<meta name=\"robots\" content=\"index, follow, max-snippet:-1, max-image-preview:large, max-video-preview:-1\" \/>\n<link rel=\"canonical\" href=\"https:\/\/www.parkhotelaicappuccini.it\/fr\/spa-fitness\/parc-aquatique\/\" \/>\n<meta property=\"og:locale\" content=\"fr_FR\" \/>\n<meta property=\"og:type\" content=\"article\" \/>\n<meta property=\"og:title\" content=\"Parc Aquatique - Park Hotel Ai Cappuccini -\" \/>\n<meta property=\"og:description\" content=\"Le Parc Aquatique du Cappuccini Wellness &amp; Spa se compose de deux espaces: un premier espace de 350 m2, acc\u00e8s libre et appel\u00e9 Acque Emozionali (Eaux Ludiques), qui dispose d\u2019une piscine avec couloirs de natation, une pataugeoire, une piscine \u00e0 contre-courant et une jacuzzi \u00e0 28\/29\u00b0C; un deuxi\u00e8me espace plus intime et r\u00e9serv\u00e9, la Salle Hydromassages, qui dispose d\u2019un jacuzzi circulaire et d\u2019un jacuzzi en forme d\u2019une arche qui utilise de l\u2019eau m\u00e9lang\u00e9e avec magn\u00e9sium et potassium et d\u2019une piscine thalassoth\u00e9rapie..\" \/>\n<meta property=\"og:url\" content=\"https:\/\/www.parkhotelaicappuccini.it\/fr\/spa-fitness\/parc-aquatique\/\" \/>\n<meta property=\"og:site_name\" content=\"Park Hotel Ai Cappuccini\" \/>\n<meta property=\"article:modified_time\" content=\"2022-01-26T09:07:59+00:00\" \/>\n<meta property=\"og:image\" content=\"https:\/\/www.parkhotelaicappuccini.it\/wp-content\/uploads\/sites\/385\/2021\/12\/Parco-Acque-6.jpg\" \/>\n\t<meta property=\"og:image:width\" content=\"1200\" \/>\n\t<meta property=\"og:image:height\" content=\"666\" \/>\n\t<meta property=\"og:image:type\" content=\"image\/jpeg\" \/>\n<meta name=\"twitter:card\" content=\"summary_large_image\" \/>\n<meta name=\"twitter:label1\" content=\"Dur\u00e9e de lecture estim\u00e9e\" \/>\n\t<meta name=\"twitter:data1\" content=\"1 minute\" \/>\n<script type=\"application\/ld+json\" class=\"yoast-schema-graph\">{\"@context\":\"https:\/\/schema.org\",\"@graph\":[{\"@type\":\"WebPage\",\"@id\":\"https:\/\/www.parkhotelaicappuccini.it\/fr\/spa-fitness\/parc-aquatique\/\",\"url\":\"https:\/\/www.parkhotelaicappuccini.it\/fr\/spa-fitness\/parc-aquatique\/\",\"name\":\"Parc Aquatique - Park Hotel Ai Cappuccini -\",\"isPartOf\":{\"@id\":\"https:\/\/www.parkhotelaicappuccini.it\/fr\/#website\"},\"datePublished\":\"2021-12-21T08:35:19+00:00\",\"dateModified\":\"2022-01-26T09:07:59+00:00\",\"description\":\"Le Parc Aquatique du Cappuccini Wellness &amp; Spa se compose de deux espaces: un premier espace de 350 m2, acc\u00e8s libre et appel\u00e9 Acque Emozionali (Eaux Ludiques), qui dispose d\u2019une piscine avec couloirs de natation, une pataugeoire, une piscine \u00e0 contre-courant et une jacuzzi \u00e0 28\/29\u00b0C; un deuxi\u00e8me espace plus intime et r\u00e9serv\u00e9, la Salle Hydromassages, qui dispose d\u2019un jacuzzi circulaire et d\u2019un jacuzzi en forme d\u2019une arche qui utilise de l\u2019eau m\u00e9lang\u00e9e avec magn\u00e9sium et potassium et d\u2019une piscine thalassoth\u00e9rapie..\",\"breadcrumb\":{\"@id\":\"https:\/\/www.parkhotelaicappuccini.it\/fr\/spa-fitness\/parc-aquatique\/#breadcrumb\"},\"inLanguage\":\"fr-FR\",\"potentialAction\":[{\"@type\":\"ReadAction\",\"target\":[\"https:\/\/www.parkhotelaicappuccini.it\/fr\/spa-fitness\/parc-aquatique\/\"]}]},{\"@type\":\"BreadcrumbList\",\"@id\":\"https:\/\/www.parkhotelaicappuccini.it\/fr\/spa-fitness\/parc-aquatique\/#breadcrumb\",\"itemListElement\":[{\"@type\":\"ListItem\",\"position\":1,\"name\":\"Home\",\"item\":\"https:\/\/www.parkhotelaicappuccini.it\/fr\/\"},{\"@type\":\"ListItem\",\"position\":2,\"name\":\"Spa &amp; fitness\",\"item\":\"https:\/\/www.parkhotelaicappuccini.it\/fr\/spa-fitness\/\"},{\"@type\":\"ListItem\",\"position\":3,\"name\":\"Parc Aquatique\"}]},{\"@type\":\"WebSite\",\"@id\":\"https:\/\/www.parkhotelaicappuccini.it\/fr\/#website\",\"url\":\"https:\/\/www.parkhotelaicappuccini.it\/fr\/\",\"name\":\"Park Hotel Ai Cappuccini\",\"description\":\"Just another ms.decms.eu site\",\"potentialAction\":[{\"@type\":\"SearchAction\",\"target\":{\"@type\":\"EntryPoint\",\"urlTemplate\":\"https:\/\/www.parkhotelaicappuccini.it\/fr\/?s={search_term_string}\"},\"query-input\":{\"@type\":\"PropertyValueSpecification\",\"valueRequired\":true,\"valueName\":\"search_term_string\"}}],\"inLanguage\":\"fr-FR\"}]}<\/script>\n<!-- \/ Yoast SEO plugin. -->","yoast_head_json":{"title":"Parc Aquatique - Park Hotel Ai Cappuccini -","description":"Le Parc Aquatique du Cappuccini Wellness &amp; Spa se compose de deux espaces: un premier espace de 350 m2, acc\u00e8s libre et appel\u00e9 Acque Emozionali (Eaux Ludiques), qui dispose d\u2019une piscine avec couloirs de natation, une pataugeoire, une piscine \u00e0 contre-courant et une jacuzzi \u00e0 28\/29\u00b0C; un deuxi\u00e8me espace plus intime et r\u00e9serv\u00e9, la Salle Hydromassages, qui dispose d\u2019un jacuzzi circulaire et d\u2019un jacuzzi en forme d\u2019une arche qui utilise de l\u2019eau m\u00e9lang\u00e9e avec magn\u00e9sium et potassium et d\u2019une piscine thalassoth\u00e9rapie..","robots":{"index":"index","follow":"follow","max-snippet":"max-snippet:-1","max-image-preview":"max-image-preview:large","max-video-preview":"max-video-preview:-1"},"canonical":"https:\/\/www.parkhotelaicappuccini.it\/fr\/spa-fitness\/parc-aquatique\/","og_locale":"fr_FR","og_type":"article","og_title":"Parc Aquatique - Park Hotel Ai Cappuccini -","og_description":"Le Parc Aquatique du Cappuccini Wellness &amp; Spa se compose de deux espaces: un premier espace de 350 m2, acc\u00e8s libre et appel\u00e9 Acque Emozionali (Eaux Ludiques), qui dispose d\u2019une piscine avec couloirs de natation, une pataugeoire, une piscine \u00e0 contre-courant et une jacuzzi \u00e0 28\/29\u00b0C; un deuxi\u00e8me espace plus intime et r\u00e9serv\u00e9, la Salle Hydromassages, qui dispose d\u2019un jacuzzi circulaire et d\u2019un jacuzzi en forme d\u2019une arche qui utilise de l\u2019eau m\u00e9lang\u00e9e avec magn\u00e9sium et potassium et d\u2019une piscine thalassoth\u00e9rapie..","og_url":"https:\/\/www.parkhotelaicappuccini.it\/fr\/spa-fitness\/parc-aquatique\/","og_site_name":"Park Hotel Ai Cappuccini","article_modified_time":"2022-01-26T09:07:59+00:00","og_image":[{"width":1200,"height":666,"url":"https:\/\/www.parkhotelaicappuccini.it\/wp-content\/uploads\/sites\/385\/2021\/12\/Parco-Acque-6.jpg","type":"image\/jpeg"}],"twitter_card":"summary_large_image","twitter_misc":{"Dur\u00e9e de lecture estim\u00e9e":"1 minute"},"schema":{"@context":"https:\/\/schema.org","@graph":[{"@type":"WebPage","@id":"https:\/\/www.parkhotelaicappuccini.it\/fr\/spa-fitness\/parc-aquatique\/","url":"https:\/\/www.parkhotelaicappuccini.it\/fr\/spa-fitness\/parc-aquatique\/","name":"Parc Aquatique - Park Hotel Ai Cappuccini -","isPartOf":{"@id":"https:\/\/www.parkhotelaicappuccini.it\/fr\/#website"},"datePublished":"2021-12-21T08:35:19+00:00","dateModified":"2022-01-26T09:07:59+00:00","description":"Le Parc Aquatique du Cappuccini Wellness &amp; Spa se compose de deux espaces: un premier espace de 350 m2, acc\u00e8s libre et appel\u00e9 Acque Emozionali (Eaux Ludiques), qui dispose d\u2019une piscine avec couloirs de natation, une pataugeoire, une piscine \u00e0 contre-courant et une jacuzzi \u00e0 28\/29\u00b0C; un deuxi\u00e8me espace plus intime et r\u00e9serv\u00e9, la Salle Hydromassages, qui dispose d\u2019un jacuzzi circulaire et d\u2019un jacuzzi en forme d\u2019une arche qui utilise de l\u2019eau m\u00e9lang\u00e9e avec magn\u00e9sium et potassium et d\u2019une piscine thalassoth\u00e9rapie..","breadcrumb":{"@id":"https:\/\/www.parkhotelaicappuccini.it\/fr\/spa-fitness\/parc-aquatique\/#breadcrumb"},"inLanguage":"fr-FR","potentialAction":[{"@type":"ReadAction","target":["https:\/\/www.parkhotelaicappuccini.it\/fr\/spa-fitness\/parc-aquatique\/"]}]},{"@type":"BreadcrumbList","@id":"https:\/\/www.parkhotelaicappuccini.it\/fr\/spa-fitness\/parc-aquatique\/#breadcrumb","itemListElement":[{"@type":"ListItem","position":1,"name":"Home","item":"https:\/\/www.parkhotelaicappuccini.it\/fr\/"},{"@type":"ListItem","position":2,"name":"Spa &amp; fitness","item":"https:\/\/www.parkhotelaicappuccini.it\/fr\/spa-fitness\/"},{"@type":"ListItem","position":3,"name":"Parc Aquatique"}]},{"@type":"WebSite","@id":"https:\/\/www.parkhotelaicappuccini.it\/fr\/#website","url":"https:\/\/www.parkhotelaicappuccini.it\/fr\/","name":"Park Hotel Ai Cappuccini","description":"Just another ms.decms.eu site","potentialAction":[{"@type":"SearchAction","target":{"@type":"EntryPoint","urlTemplate":"https:\/\/www.parkhotelaicappuccini.it\/fr\/?s={search_term_string}"},"query-input":{"@type":"PropertyValueSpecification","valueRequired":true,"valueName":"search_term_string"}}],"inLanguage":"fr-FR"}]}},"acf":[],"_links":{"self":[{"href":"https:\/\/www.parkhotelaicappuccini.it\/fr\/wp-json\/wp\/v2\/pages\/569","targetHints":{"allow":["GET"]}}],"collection":[{"href":"https:\/\/www.parkhotelaicappuccini.it\/fr\/wp-json\/wp\/v2\/pages"}],"about":[{"href":"https:\/\/www.parkhotelaicappuccini.it\/fr\/wp-json\/wp\/v2\/types\/page"}],"author":[{"embeddable":true,"href":"https:\/\/www.parkhotelaicappuccini.it\/fr\/wp-json\/wp\/v2\/users\/36"}],"replies":[{"embeddable":true,"href":"https:\/\/www.parkhotelaicappuccini.it\/fr\/wp-json\/wp\/v2\/comments?post=569"}],"version-history":[{"count":0,"href":"https:\/\/www.parkhotelaicappuccini.it\/fr\/wp-json\/wp\/v2\/pages\/569\/revisions"}],"up":[{"embeddable":true,"href":"https:\/\/www.parkhotelaicappuccini.it\/fr\/wp-json\/wp\/v2\/pages\/473"}],"wp:attachment":[{"href":"https:\/\/www.parkhotelaicappuccini.it\/fr\/wp-json\/wp\/v2\/media?parent=569"}],"curies":[{"name":"wp","href":"https:\/\/api.w.org\/{rel}","templated":true}]}}