{"id":525,"date":"2021-12-20T16:50:39","date_gmt":"2021-12-20T16:50:39","guid":{"rendered":"https:\/\/park-hotel-ai-cappuccini.ms.decms.eu\/?page_id=525"},"modified":"2021-12-20T16:54:55","modified_gmt":"2021-12-20T16:54:55","slug":"fitness","status":"publish","type":"page","link":"https:\/\/www.parkhotelaicappuccini.it\/fr\/spa-fitness\/fitness\/","title":{"rendered":"Fitness"},"content":{"rendered":"<p>Faire du mouvement, se tenir en forme, se porter bien\u2026en piscine ou dans notre salle de fitness. En plein air, si on pr\u00e9f\u00e8re, le long de nos parcours de trekking, \u00e0 cheval ou en v\u00e9lo tout-terrain.<\/p>\n","protected":false},"excerpt":{"rendered":"<p>Faire du mouvement, se tenir en forme, se porter bien\u2026en piscine ou dans notre salle de fitness. En plein air, si on pr\u00e9f\u00e8re, le long de nos parcours de trekking, \u00e0 cheval ou en v\u00e9lo tout-terrain.<\/p>\n","protected":false},"author":36,"featured_media":0,"parent":473,"menu_order":15,"comment_status":"closed","ping_status":"closed","template":"template-single-spa.php","meta":{"footnotes":""},"class_list":["post-525","page","type-page","status-publish","hentry"],"yoast_head":"<!-- This site is optimized with the Yoast SEO plugin v26.9 - https:\/\/yoast.com\/product\/yoast-seo-wordpress\/ -->\n<title>Fitness - Park Hotel Ai Cappuccini -<\/title>\n<meta name=\"description\" content=\"Faire du mouvement, se tenir en forme, se porter bien\u2026en piscine ou dans notre salle de fitness. En plein air, si on pr\u00e9f\u00e8re, le long de nos parcours de trekking, \u00e0 cheval ou en v\u00e9lo tout-terrain.\" \/>\n<meta name=\"robots\" content=\"index, follow, max-snippet:-1, max-image-preview:large, max-video-preview:-1\" \/>\n<link rel=\"canonical\" href=\"https:\/\/www.parkhotelaicappuccini.it\/fr\/spa-fitness\/fitness\/\" \/>\n<meta property=\"og:locale\" content=\"fr_FR\" \/>\n<meta property=\"og:type\" content=\"article\" \/>\n<meta property=\"og:title\" content=\"Fitness - Park Hotel Ai Cappuccini -\" \/>\n<meta property=\"og:description\" content=\"Faire du mouvement, se tenir en forme, se porter bien\u2026en piscine ou dans notre salle de fitness. En plein air, si on pr\u00e9f\u00e8re, le long de nos parcours de trekking, \u00e0 cheval ou en v\u00e9lo tout-terrain.\" \/>\n<meta property=\"og:url\" content=\"https:\/\/www.parkhotelaicappuccini.it\/fr\/spa-fitness\/fitness\/\" \/>\n<meta property=\"og:site_name\" content=\"Park Hotel Ai Cappuccini\" \/>\n<meta property=\"article:modified_time\" content=\"2021-12-20T16:54:55+00:00\" \/>\n<meta property=\"og:image\" content=\"https:\/\/www.parkhotelaicappuccini.it\/wp-content\/uploads\/sites\/385\/2021\/12\/Parco-Acque-6.jpg\" \/>\n\t<meta property=\"og:image:width\" content=\"1200\" \/>\n\t<meta property=\"og:image:height\" content=\"666\" \/>\n\t<meta property=\"og:image:type\" content=\"image\/jpeg\" \/>\n<meta name=\"twitter:card\" content=\"summary_large_image\" \/>\n<script type=\"application\/ld+json\" class=\"yoast-schema-graph\">{\"@context\":\"https:\/\/schema.org\",\"@graph\":[{\"@type\":\"WebPage\",\"@id\":\"https:\/\/www.parkhotelaicappuccini.it\/fr\/spa-fitness\/fitness\/\",\"url\":\"https:\/\/www.parkhotelaicappuccini.it\/fr\/spa-fitness\/fitness\/\",\"name\":\"Fitness - Park Hotel Ai Cappuccini -\",\"isPartOf\":{\"@id\":\"https:\/\/www.parkhotelaicappuccini.it\/fr\/#website\"},\"datePublished\":\"2021-12-20T16:50:39+00:00\",\"dateModified\":\"2021-12-20T16:54:55+00:00\",\"description\":\"Faire du mouvement, se tenir en forme, se porter bien\u2026en piscine ou dans notre salle de fitness. En plein air, si on pr\u00e9f\u00e8re, le long de nos parcours de trekking, \u00e0 cheval ou en v\u00e9lo tout-terrain.\",\"breadcrumb\":{\"@id\":\"https:\/\/www.parkhotelaicappuccini.it\/fr\/spa-fitness\/fitness\/#breadcrumb\"},\"inLanguage\":\"fr-FR\",\"potentialAction\":[{\"@type\":\"ReadAction\",\"target\":[\"https:\/\/www.parkhotelaicappuccini.it\/fr\/spa-fitness\/fitness\/\"]}]},{\"@type\":\"BreadcrumbList\",\"@id\":\"https:\/\/www.parkhotelaicappuccini.it\/fr\/spa-fitness\/fitness\/#breadcrumb\",\"itemListElement\":[{\"@type\":\"ListItem\",\"position\":1,\"name\":\"Home\",\"item\":\"https:\/\/www.parkhotelaicappuccini.it\/fr\/\"},{\"@type\":\"ListItem\",\"position\":2,\"name\":\"Spa &amp; fitness\",\"item\":\"https:\/\/www.parkhotelaicappuccini.it\/fr\/spa-fitness\/\"},{\"@type\":\"ListItem\",\"position\":3,\"name\":\"Fitness\"}]},{\"@type\":\"WebSite\",\"@id\":\"https:\/\/www.parkhotelaicappuccini.it\/fr\/#website\",\"url\":\"https:\/\/www.parkhotelaicappuccini.it\/fr\/\",\"name\":\"Park Hotel Ai Cappuccini\",\"description\":\"Just another ms.decms.eu site\",\"potentialAction\":[{\"@type\":\"SearchAction\",\"target\":{\"@type\":\"EntryPoint\",\"urlTemplate\":\"https:\/\/www.parkhotelaicappuccini.it\/fr\/?s={search_term_string}\"},\"query-input\":{\"@type\":\"PropertyValueSpecification\",\"valueRequired\":true,\"valueName\":\"search_term_string\"}}],\"inLanguage\":\"fr-FR\"}]}<\/script>\n<!-- \/ Yoast SEO plugin. -->","yoast_head_json":{"title":"Fitness - Park Hotel Ai Cappuccini -","description":"Faire du mouvement, se tenir en forme, se porter bien\u2026en piscine ou dans notre salle de fitness. En plein air, si on pr\u00e9f\u00e8re, le long de nos parcours de trekking, \u00e0 cheval ou en v\u00e9lo tout-terrain.","robots":{"index":"index","follow":"follow","max-snippet":"max-snippet:-1","max-image-preview":"max-image-preview:large","max-video-preview":"max-video-preview:-1"},"canonical":"https:\/\/www.parkhotelaicappuccini.it\/fr\/spa-fitness\/fitness\/","og_locale":"fr_FR","og_type":"article","og_title":"Fitness - Park Hotel Ai Cappuccini -","og_description":"Faire du mouvement, se tenir en forme, se porter bien\u2026en piscine ou dans notre salle de fitness. En plein air, si on pr\u00e9f\u00e8re, le long de nos parcours de trekking, \u00e0 cheval ou en v\u00e9lo tout-terrain.","og_url":"https:\/\/www.parkhotelaicappuccini.it\/fr\/spa-fitness\/fitness\/","og_site_name":"Park Hotel Ai Cappuccini","article_modified_time":"2021-12-20T16:54:55+00:00","og_image":[{"width":1200,"height":666,"url":"https:\/\/www.parkhotelaicappuccini.it\/wp-content\/uploads\/sites\/385\/2021\/12\/Parco-Acque-6.jpg","type":"image\/jpeg"}],"twitter_card":"summary_large_image","schema":{"@context":"https:\/\/schema.org","@graph":[{"@type":"WebPage","@id":"https:\/\/www.parkhotelaicappuccini.it\/fr\/spa-fitness\/fitness\/","url":"https:\/\/www.parkhotelaicappuccini.it\/fr\/spa-fitness\/fitness\/","name":"Fitness - Park Hotel Ai Cappuccini -","isPartOf":{"@id":"https:\/\/www.parkhotelaicappuccini.it\/fr\/#website"},"datePublished":"2021-12-20T16:50:39+00:00","dateModified":"2021-12-20T16:54:55+00:00","description":"Faire du mouvement, se tenir en forme, se porter bien\u2026en piscine ou dans notre salle de fitness. En plein air, si on pr\u00e9f\u00e8re, le long de nos parcours de trekking, \u00e0 cheval ou en v\u00e9lo tout-terrain.","breadcrumb":{"@id":"https:\/\/www.parkhotelaicappuccini.it\/fr\/spa-fitness\/fitness\/#breadcrumb"},"inLanguage":"fr-FR","potentialAction":[{"@type":"ReadAction","target":["https:\/\/www.parkhotelaicappuccini.it\/fr\/spa-fitness\/fitness\/"]}]},{"@type":"BreadcrumbList","@id":"https:\/\/www.parkhotelaicappuccini.it\/fr\/spa-fitness\/fitness\/#breadcrumb","itemListElement":[{"@type":"ListItem","position":1,"name":"Home","item":"https:\/\/www.parkhotelaicappuccini.it\/fr\/"},{"@type":"ListItem","position":2,"name":"Spa &amp; fitness","item":"https:\/\/www.parkhotelaicappuccini.it\/fr\/spa-fitness\/"},{"@type":"ListItem","position":3,"name":"Fitness"}]},{"@type":"WebSite","@id":"https:\/\/www.parkhotelaicappuccini.it\/fr\/#website","url":"https:\/\/www.parkhotelaicappuccini.it\/fr\/","name":"Park Hotel Ai Cappuccini","description":"Just another ms.decms.eu site","potentialAction":[{"@type":"SearchAction","target":{"@type":"EntryPoint","urlTemplate":"https:\/\/www.parkhotelaicappuccini.it\/fr\/?s={search_term_string}"},"query-input":{"@type":"PropertyValueSpecification","valueRequired":true,"valueName":"search_term_string"}}],"inLanguage":"fr-FR"}]}},"acf":[],"_links":{"self":[{"href":"https:\/\/www.parkhotelaicappuccini.it\/fr\/wp-json\/wp\/v2\/pages\/525","targetHints":{"allow":["GET"]}}],"collection":[{"href":"https:\/\/www.parkhotelaicappuccini.it\/fr\/wp-json\/wp\/v2\/pages"}],"about":[{"href":"https:\/\/www.parkhotelaicappuccini.it\/fr\/wp-json\/wp\/v2\/types\/page"}],"author":[{"embeddable":true,"href":"https:\/\/www.parkhotelaicappuccini.it\/fr\/wp-json\/wp\/v2\/users\/36"}],"replies":[{"embeddable":true,"href":"https:\/\/www.parkhotelaicappuccini.it\/fr\/wp-json\/wp\/v2\/comments?post=525"}],"version-history":[{"count":0,"href":"https:\/\/www.parkhotelaicappuccini.it\/fr\/wp-json\/wp\/v2\/pages\/525\/revisions"}],"up":[{"embeddable":true,"href":"https:\/\/www.parkhotelaicappuccini.it\/fr\/wp-json\/wp\/v2\/pages\/473"}],"wp:attachment":[{"href":"https:\/\/www.parkhotelaicappuccini.it\/fr\/wp-json\/wp\/v2\/media?parent=525"}],"curies":[{"name":"wp","href":"https:\/\/api.w.org\/{rel}","templated":true}]}}