{"id":513,"date":"2021-12-20T16:27:26","date_gmt":"2021-12-20T16:27:26","guid":{"rendered":"https:\/\/park-hotel-ai-cappuccini.ms.decms.eu\/?page_id=513"},"modified":"2021-12-20T16:27:26","modified_gmt":"2021-12-20T16:27:26","slug":"raxul","status":"publish","type":"page","link":"https:\/\/www.parkhotelaicappuccini.it\/fr\/spa-fitness\/spa\/raxul\/","title":{"rendered":"Raxul"},"content":{"rendered":"<p>Si on cherche quelque chose de plus, le sommet du bien-\u00eatre s\u2019atteint avec le Raxul, la cabine qui s\u2019inspire \u00e0 la m\u00e9thodologie des anciennes thermes romaines, con\u00e7ue comme des vrais \u00ab temples de plaisir \u00bb qui gr\u00e2ce \u00e0 la bioclimatologie offre des \u00e9tonnants b\u00e9n\u00e9fices bienfaisants et un \u00e9tat de relax qui convole tous les sens.<\/p>\n<p>La table de marbre r\u00e9chauff\u00e9e pour les traitements vis\u00e9s, les compresses et le savonnage agr\u00e9able et final.<\/p>\n","protected":false},"excerpt":{"rendered":"<p>Si on cherche quelque chose de plus, le sommet du bien-\u00eatre s\u2019atteint avec le Raxul, la cabine qui s\u2019inspire \u00e0 la m\u00e9thodologie des anciennes thermes romaines, con\u00e7ue comme des vrais \u00ab temples de plaisir \u00bb qui gr\u00e2ce \u00e0 la bioclimatologie offre des \u00e9tonnants b\u00e9n\u00e9fices bienfaisants et un \u00e9tat de relax qui convole tous les sens. [&hellip;]<\/p>\n","protected":false},"author":36,"featured_media":0,"parent":493,"menu_order":10,"comment_status":"closed","ping_status":"closed","template":"template-default-3.php","meta":{"footnotes":""},"class_list":["post-513","page","type-page","status-publish","hentry"],"yoast_head":"<!-- This site is optimized with the Yoast SEO plugin v26.9 - https:\/\/yoast.com\/product\/yoast-seo-wordpress\/ -->\n<title>Raxul - Park Hotel Ai Cappuccini -<\/title>\n<meta name=\"description\" content=\"Si on cherche quelque chose de plus, le sommet du bien-\u00eatre s\u2019atteint avec le Raxul, la cabine qui s\u2019inspire \u00e0 la m\u00e9thodologie des anciennes thermes romaines, con\u00e7ue comme des vrais \u00ab temples de plaisir \u00bb qui gr\u00e2ce \u00e0 la bioclimatologie offre des \u00e9tonnants b\u00e9n\u00e9fices bienfaisants et un \u00e9tat de relax qui convole tous les sens.  La table de marbre r\u00e9chauff\u00e9e pour les traitements vis\u00e9s, les compresses et le savonnage agr\u00e9able et final..\" \/>\n<meta name=\"robots\" content=\"index, follow, max-snippet:-1, max-image-preview:large, max-video-preview:-1\" \/>\n<link rel=\"canonical\" href=\"https:\/\/www.parkhotelaicappuccini.it\/fr\/spa-fitness\/spa\/raxul\/\" \/>\n<meta property=\"og:locale\" content=\"fr_FR\" \/>\n<meta property=\"og:type\" content=\"article\" \/>\n<meta property=\"og:title\" content=\"Raxul - Park Hotel Ai Cappuccini -\" \/>\n<meta property=\"og:description\" content=\"Si on cherche quelque chose de plus, le sommet du bien-\u00eatre s\u2019atteint avec le Raxul, la cabine qui s\u2019inspire \u00e0 la m\u00e9thodologie des anciennes thermes romaines, con\u00e7ue comme des vrais \u00ab temples de plaisir \u00bb qui gr\u00e2ce \u00e0 la bioclimatologie offre des \u00e9tonnants b\u00e9n\u00e9fices bienfaisants et un \u00e9tat de relax qui convole tous les sens.  La table de marbre r\u00e9chauff\u00e9e pour les traitements vis\u00e9s, les compresses et le savonnage agr\u00e9able et final..\" \/>\n<meta property=\"og:url\" content=\"https:\/\/www.parkhotelaicappuccini.it\/fr\/spa-fitness\/spa\/raxul\/\" \/>\n<meta property=\"og:site_name\" content=\"Park Hotel Ai Cappuccini\" \/>\n<meta property=\"og:image\" content=\"https:\/\/www.parkhotelaicappuccini.it\/wp-content\/uploads\/sites\/385\/2021\/12\/Parco-Acque-6.jpg\" \/>\n\t<meta property=\"og:image:width\" content=\"1200\" \/>\n\t<meta property=\"og:image:height\" content=\"666\" \/>\n\t<meta property=\"og:image:type\" content=\"image\/jpeg\" \/>\n<meta name=\"twitter:card\" content=\"summary_large_image\" \/>\n<meta name=\"twitter:label1\" content=\"Dur\u00e9e de lecture estim\u00e9e\" \/>\n\t<meta name=\"twitter:data1\" content=\"1 minute\" \/>\n<script type=\"application\/ld+json\" class=\"yoast-schema-graph\">{\"@context\":\"https:\/\/schema.org\",\"@graph\":[{\"@type\":\"WebPage\",\"@id\":\"https:\/\/www.parkhotelaicappuccini.it\/fr\/spa-fitness\/spa\/raxul\/\",\"url\":\"https:\/\/www.parkhotelaicappuccini.it\/fr\/spa-fitness\/spa\/raxul\/\",\"name\":\"Raxul - Park Hotel Ai Cappuccini -\",\"isPartOf\":{\"@id\":\"https:\/\/www.parkhotelaicappuccini.it\/fr\/#website\"},\"datePublished\":\"2021-12-20T16:27:26+00:00\",\"description\":\"Si on cherche quelque chose de plus, le sommet du bien-\u00eatre s\u2019atteint avec le Raxul, la cabine qui s\u2019inspire \u00e0 la m\u00e9thodologie des anciennes thermes romaines, con\u00e7ue comme des vrais \u00ab temples de plaisir \u00bb qui gr\u00e2ce \u00e0 la bioclimatologie offre des \u00e9tonnants b\u00e9n\u00e9fices bienfaisants et un \u00e9tat de relax qui convole tous les sens. La table de marbre r\u00e9chauff\u00e9e pour les traitements vis\u00e9s, les compresses et le savonnage agr\u00e9able et final..\",\"breadcrumb\":{\"@id\":\"https:\/\/www.parkhotelaicappuccini.it\/fr\/spa-fitness\/spa\/raxul\/#breadcrumb\"},\"inLanguage\":\"fr-FR\",\"potentialAction\":[{\"@type\":\"ReadAction\",\"target\":[\"https:\/\/www.parkhotelaicappuccini.it\/fr\/spa-fitness\/spa\/raxul\/\"]}]},{\"@type\":\"BreadcrumbList\",\"@id\":\"https:\/\/www.parkhotelaicappuccini.it\/fr\/spa-fitness\/spa\/raxul\/#breadcrumb\",\"itemListElement\":[{\"@type\":\"ListItem\",\"position\":1,\"name\":\"Home\",\"item\":\"https:\/\/www.parkhotelaicappuccini.it\/fr\/\"},{\"@type\":\"ListItem\",\"position\":2,\"name\":\"Spa &amp; fitness\",\"item\":\"https:\/\/www.parkhotelaicappuccini.it\/fr\/spa-fitness\/\"},{\"@type\":\"ListItem\",\"position\":3,\"name\":\"Spa\",\"item\":\"https:\/\/www.parkhotelaicappuccini.it\/fr\/spa-fitness\/spa\/\"},{\"@type\":\"ListItem\",\"position\":4,\"name\":\"Raxul\"}]},{\"@type\":\"WebSite\",\"@id\":\"https:\/\/www.parkhotelaicappuccini.it\/fr\/#website\",\"url\":\"https:\/\/www.parkhotelaicappuccini.it\/fr\/\",\"name\":\"Park Hotel Ai Cappuccini\",\"description\":\"Just another ms.decms.eu site\",\"potentialAction\":[{\"@type\":\"SearchAction\",\"target\":{\"@type\":\"EntryPoint\",\"urlTemplate\":\"https:\/\/www.parkhotelaicappuccini.it\/fr\/?s={search_term_string}\"},\"query-input\":{\"@type\":\"PropertyValueSpecification\",\"valueRequired\":true,\"valueName\":\"search_term_string\"}}],\"inLanguage\":\"fr-FR\"}]}<\/script>\n<!-- \/ Yoast SEO plugin. -->","yoast_head_json":{"title":"Raxul - Park Hotel Ai Cappuccini -","description":"Si on cherche quelque chose de plus, le sommet du bien-\u00eatre s\u2019atteint avec le Raxul, la cabine qui s\u2019inspire \u00e0 la m\u00e9thodologie des anciennes thermes romaines, con\u00e7ue comme des vrais \u00ab temples de plaisir \u00bb qui gr\u00e2ce \u00e0 la bioclimatologie offre des \u00e9tonnants b\u00e9n\u00e9fices bienfaisants et un \u00e9tat de relax qui convole tous les sens.  La table de marbre r\u00e9chauff\u00e9e pour les traitements vis\u00e9s, les compresses et le savonnage agr\u00e9able et final..","robots":{"index":"index","follow":"follow","max-snippet":"max-snippet:-1","max-image-preview":"max-image-preview:large","max-video-preview":"max-video-preview:-1"},"canonical":"https:\/\/www.parkhotelaicappuccini.it\/fr\/spa-fitness\/spa\/raxul\/","og_locale":"fr_FR","og_type":"article","og_title":"Raxul - Park Hotel Ai Cappuccini -","og_description":"Si on cherche quelque chose de plus, le sommet du bien-\u00eatre s\u2019atteint avec le Raxul, la cabine qui s\u2019inspire \u00e0 la m\u00e9thodologie des anciennes thermes romaines, con\u00e7ue comme des vrais \u00ab temples de plaisir \u00bb qui gr\u00e2ce \u00e0 la bioclimatologie offre des \u00e9tonnants b\u00e9n\u00e9fices bienfaisants et un \u00e9tat de relax qui convole tous les sens.  La table de marbre r\u00e9chauff\u00e9e pour les traitements vis\u00e9s, les compresses et le savonnage agr\u00e9able et final..","og_url":"https:\/\/www.parkhotelaicappuccini.it\/fr\/spa-fitness\/spa\/raxul\/","og_site_name":"Park Hotel Ai Cappuccini","og_image":[{"width":1200,"height":666,"url":"https:\/\/www.parkhotelaicappuccini.it\/wp-content\/uploads\/sites\/385\/2021\/12\/Parco-Acque-6.jpg","type":"image\/jpeg"}],"twitter_card":"summary_large_image","twitter_misc":{"Dur\u00e9e de lecture estim\u00e9e":"1 minute"},"schema":{"@context":"https:\/\/schema.org","@graph":[{"@type":"WebPage","@id":"https:\/\/www.parkhotelaicappuccini.it\/fr\/spa-fitness\/spa\/raxul\/","url":"https:\/\/www.parkhotelaicappuccini.it\/fr\/spa-fitness\/spa\/raxul\/","name":"Raxul - Park Hotel Ai Cappuccini -","isPartOf":{"@id":"https:\/\/www.parkhotelaicappuccini.it\/fr\/#website"},"datePublished":"2021-12-20T16:27:26+00:00","description":"Si on cherche quelque chose de plus, le sommet du bien-\u00eatre s\u2019atteint avec le Raxul, la cabine qui s\u2019inspire \u00e0 la m\u00e9thodologie des anciennes thermes romaines, con\u00e7ue comme des vrais \u00ab temples de plaisir \u00bb qui gr\u00e2ce \u00e0 la bioclimatologie offre des \u00e9tonnants b\u00e9n\u00e9fices bienfaisants et un \u00e9tat de relax qui convole tous les sens. La table de marbre r\u00e9chauff\u00e9e pour les traitements vis\u00e9s, les compresses et le savonnage agr\u00e9able et final..","breadcrumb":{"@id":"https:\/\/www.parkhotelaicappuccini.it\/fr\/spa-fitness\/spa\/raxul\/#breadcrumb"},"inLanguage":"fr-FR","potentialAction":[{"@type":"ReadAction","target":["https:\/\/www.parkhotelaicappuccini.it\/fr\/spa-fitness\/spa\/raxul\/"]}]},{"@type":"BreadcrumbList","@id":"https:\/\/www.parkhotelaicappuccini.it\/fr\/spa-fitness\/spa\/raxul\/#breadcrumb","itemListElement":[{"@type":"ListItem","position":1,"name":"Home","item":"https:\/\/www.parkhotelaicappuccini.it\/fr\/"},{"@type":"ListItem","position":2,"name":"Spa &amp; fitness","item":"https:\/\/www.parkhotelaicappuccini.it\/fr\/spa-fitness\/"},{"@type":"ListItem","position":3,"name":"Spa","item":"https:\/\/www.parkhotelaicappuccini.it\/fr\/spa-fitness\/spa\/"},{"@type":"ListItem","position":4,"name":"Raxul"}]},{"@type":"WebSite","@id":"https:\/\/www.parkhotelaicappuccini.it\/fr\/#website","url":"https:\/\/www.parkhotelaicappuccini.it\/fr\/","name":"Park Hotel Ai Cappuccini","description":"Just another ms.decms.eu site","potentialAction":[{"@type":"SearchAction","target":{"@type":"EntryPoint","urlTemplate":"https:\/\/www.parkhotelaicappuccini.it\/fr\/?s={search_term_string}"},"query-input":{"@type":"PropertyValueSpecification","valueRequired":true,"valueName":"search_term_string"}}],"inLanguage":"fr-FR"}]}},"acf":[],"_links":{"self":[{"href":"https:\/\/www.parkhotelaicappuccini.it\/fr\/wp-json\/wp\/v2\/pages\/513","targetHints":{"allow":["GET"]}}],"collection":[{"href":"https:\/\/www.parkhotelaicappuccini.it\/fr\/wp-json\/wp\/v2\/pages"}],"about":[{"href":"https:\/\/www.parkhotelaicappuccini.it\/fr\/wp-json\/wp\/v2\/types\/page"}],"author":[{"embeddable":true,"href":"https:\/\/www.parkhotelaicappuccini.it\/fr\/wp-json\/wp\/v2\/users\/36"}],"replies":[{"embeddable":true,"href":"https:\/\/www.parkhotelaicappuccini.it\/fr\/wp-json\/wp\/v2\/comments?post=513"}],"version-history":[{"count":0,"href":"https:\/\/www.parkhotelaicappuccini.it\/fr\/wp-json\/wp\/v2\/pages\/513\/revisions"}],"up":[{"embeddable":true,"href":"https:\/\/www.parkhotelaicappuccini.it\/fr\/wp-json\/wp\/v2\/pages\/493"}],"wp:attachment":[{"href":"https:\/\/www.parkhotelaicappuccini.it\/fr\/wp-json\/wp\/v2\/media?parent=513"}],"curies":[{"name":"wp","href":"https:\/\/api.w.org\/{rel}","templated":true}]}}