{"id":505,"date":"2021-12-20T16:20:46","date_gmt":"2021-12-20T16:20:46","guid":{"rendered":"https:\/\/park-hotel-ai-cappuccini.ms.decms.eu\/?page_id=505"},"modified":"2023-10-03T09:26:46","modified_gmt":"2023-10-03T09:26:46","slug":"le-spa","status":"publish","type":"page","link":"https:\/\/www.parkhotelaicappuccini.it\/fr\/spa-fitness\/spa\/le-spa\/","title":{"rendered":"Le Spa"},"content":{"rendered":"<p>Dans la SPA le plaisir de relaxation et de d\u00e9contraction musculaire est per\u00e7u d\u00e8s qu\u2019on franchisse le seuil : en se d\u00e9tendant dans le bain m\u00e9diterran\u00e9en ; en se purifiant dans les saunas finlandaises et le bain turque ; en s\u2019abandonnant dans la salle relax avec une tisane entour\u00e9s d\u2019une ti\u00e9deur pour se r\u00e9chauffer sans se fatiguer ; en retrouvant sa vitalit\u00e9 pendant le parcours des douches \u00e9motionnelles et du \u00ab wasser paradise \u00bb avec l\u2019arome-chromoth\u00e9rapie, o\u00f9 les aromes tropicales accompagn\u00e9e \u00e0 des douches ti\u00e8des, qui \u00e9voquent les journ\u00e9es chaudes des plages lointaines, interrompues par des temp\u00eates br\u00e8ves et embaum\u00e9es, pendant qu\u2019eaux froides, avec essences de mente, ram\u00e8nent \u00e0 notre esprit les froides glaces du nord.<\/p>\n","protected":false},"excerpt":{"rendered":"<p>Dans la SPA le plaisir de relaxation et de d\u00e9contraction musculaire est per\u00e7u d\u00e8s qu\u2019on franchisse le seuil : en se d\u00e9tendant dans le bain m\u00e9diterran\u00e9en ; en se purifiant dans les saunas finlandaises et le bain turque ; en s\u2019abandonnant dans la salle relax avec une tisane entour\u00e9s d\u2019une ti\u00e9deur pour se r\u00e9chauffer sans [&hellip;]<\/p>\n","protected":false},"author":36,"featured_media":0,"parent":493,"menu_order":5,"comment_status":"closed","ping_status":"closed","template":"template-default-3.php","meta":{"footnotes":""},"class_list":["post-505","page","type-page","status-publish","hentry"],"yoast_head":"<!-- This site is optimized with the Yoast SEO plugin v26.9 - https:\/\/yoast.com\/product\/yoast-seo-wordpress\/ -->\n<title>Le Spa - Park Hotel Ai Cappuccini -<\/title>\n<meta name=\"description\" content=\"Dans la SPA le plaisir de relaxation et de d\u00e9contraction musculaire est per\u00e7u d\u00e8s qu\u2019on franchisse le seuil : en se d\u00e9tendant dans le bain m\u00e9diterran\u00e9en ; en se purifiant dans les saunas finlandaises et le bain turque ; en s\u2019abandonnant dans la salle relax avec une tisane entour\u00e9s d\u2019une ti\u00e9deur pour se r\u00e9chauffer sans se fatiguer ; en retrouvant sa vitalit\u00e9 pendant le parcours des douches \u00e9motionnelles et du \u00ab wasser paradise \u00bb avec l\u2019arome-chromoth\u00e9rapie, o\u00f9 les aromes tropicales accompagn\u00e9e \u00e0 des douches ti\u00e8des, qui \u00e9voquent les journ\u00e9es chaudes des plages lointaines, interrompues par des temp\u00eates br\u00e8ves et embaum\u00e9es, pendant qu\u2019eaux froides, avec essences de mente, ram\u00e8nent \u00e0 notre esprit les froides glaces du nord..\" \/>\n<meta name=\"robots\" content=\"index, follow, max-snippet:-1, max-image-preview:large, max-video-preview:-1\" \/>\n<link rel=\"canonical\" href=\"https:\/\/www.parkhotelaicappuccini.it\/fr\/spa-fitness\/spa\/le-spa\/\" \/>\n<meta property=\"og:locale\" content=\"fr_FR\" \/>\n<meta property=\"og:type\" content=\"article\" \/>\n<meta property=\"og:title\" content=\"Le Spa - Park Hotel Ai Cappuccini -\" \/>\n<meta property=\"og:description\" content=\"Dans la SPA le plaisir de relaxation et de d\u00e9contraction musculaire est per\u00e7u d\u00e8s qu\u2019on franchisse le seuil : en se d\u00e9tendant dans le bain m\u00e9diterran\u00e9en ; en se purifiant dans les saunas finlandaises et le bain turque ; en s\u2019abandonnant dans la salle relax avec une tisane entour\u00e9s d\u2019une ti\u00e9deur pour se r\u00e9chauffer sans se fatiguer ; en retrouvant sa vitalit\u00e9 pendant le parcours des douches \u00e9motionnelles et du \u00ab wasser paradise \u00bb avec l\u2019arome-chromoth\u00e9rapie, o\u00f9 les aromes tropicales accompagn\u00e9e \u00e0 des douches ti\u00e8des, qui \u00e9voquent les journ\u00e9es chaudes des plages lointaines, interrompues par des temp\u00eates br\u00e8ves et embaum\u00e9es, pendant qu\u2019eaux froides, avec essences de mente, ram\u00e8nent \u00e0 notre esprit les froides glaces du nord..\" \/>\n<meta property=\"og:url\" content=\"https:\/\/www.parkhotelaicappuccini.it\/fr\/spa-fitness\/spa\/le-spa\/\" \/>\n<meta property=\"og:site_name\" content=\"Park Hotel Ai Cappuccini\" \/>\n<meta property=\"article:modified_time\" content=\"2023-10-03T09:26:46+00:00\" \/>\n<meta property=\"og:image\" content=\"https:\/\/www.parkhotelaicappuccini.it\/wp-content\/uploads\/sites\/385\/2021\/12\/Parco-Acque-6.jpg\" \/>\n\t<meta property=\"og:image:width\" content=\"1200\" \/>\n\t<meta property=\"og:image:height\" content=\"666\" \/>\n\t<meta property=\"og:image:type\" content=\"image\/jpeg\" \/>\n<meta name=\"twitter:card\" content=\"summary_large_image\" \/>\n<meta name=\"twitter:label1\" content=\"Dur\u00e9e de lecture estim\u00e9e\" \/>\n\t<meta name=\"twitter:data1\" content=\"1 minute\" \/>\n<script type=\"application\/ld+json\" class=\"yoast-schema-graph\">{\"@context\":\"https:\/\/schema.org\",\"@graph\":[{\"@type\":\"WebPage\",\"@id\":\"https:\/\/www.parkhotelaicappuccini.it\/fr\/spa-fitness\/spa\/le-spa\/\",\"url\":\"https:\/\/www.parkhotelaicappuccini.it\/fr\/spa-fitness\/spa\/le-spa\/\",\"name\":\"Le Spa - Park Hotel Ai Cappuccini -\",\"isPartOf\":{\"@id\":\"https:\/\/www.parkhotelaicappuccini.it\/fr\/#website\"},\"datePublished\":\"2021-12-20T16:20:46+00:00\",\"dateModified\":\"2023-10-03T09:26:46+00:00\",\"description\":\"Dans la SPA le plaisir de relaxation et de d\u00e9contraction musculaire est per\u00e7u d\u00e8s qu\u2019on franchisse le seuil : en se d\u00e9tendant dans le bain m\u00e9diterran\u00e9en ; en se purifiant dans les saunas finlandaises et le bain turque ; en s\u2019abandonnant dans la salle relax avec une tisane entour\u00e9s d\u2019une ti\u00e9deur pour se r\u00e9chauffer sans se fatiguer ; en retrouvant sa vitalit\u00e9 pendant le parcours des douches \u00e9motionnelles et du \u00ab wasser paradise \u00bb avec l\u2019arome-chromoth\u00e9rapie, o\u00f9 les aromes tropicales accompagn\u00e9e \u00e0 des douches ti\u00e8des, qui \u00e9voquent les journ\u00e9es chaudes des plages lointaines, interrompues par des temp\u00eates br\u00e8ves et embaum\u00e9es, pendant qu\u2019eaux froides, avec essences de mente, ram\u00e8nent \u00e0 notre esprit les froides glaces du nord..\",\"breadcrumb\":{\"@id\":\"https:\/\/www.parkhotelaicappuccini.it\/fr\/spa-fitness\/spa\/le-spa\/#breadcrumb\"},\"inLanguage\":\"fr-FR\",\"potentialAction\":[{\"@type\":\"ReadAction\",\"target\":[\"https:\/\/www.parkhotelaicappuccini.it\/fr\/spa-fitness\/spa\/le-spa\/\"]}]},{\"@type\":\"BreadcrumbList\",\"@id\":\"https:\/\/www.parkhotelaicappuccini.it\/fr\/spa-fitness\/spa\/le-spa\/#breadcrumb\",\"itemListElement\":[{\"@type\":\"ListItem\",\"position\":1,\"name\":\"Home\",\"item\":\"https:\/\/www.parkhotelaicappuccini.it\/fr\/\"},{\"@type\":\"ListItem\",\"position\":2,\"name\":\"Spa &amp; fitness\",\"item\":\"https:\/\/www.parkhotelaicappuccini.it\/fr\/spa-fitness\/\"},{\"@type\":\"ListItem\",\"position\":3,\"name\":\"Spa\",\"item\":\"https:\/\/www.parkhotelaicappuccini.it\/fr\/spa-fitness\/spa\/\"},{\"@type\":\"ListItem\",\"position\":4,\"name\":\"Le Spa\"}]},{\"@type\":\"WebSite\",\"@id\":\"https:\/\/www.parkhotelaicappuccini.it\/fr\/#website\",\"url\":\"https:\/\/www.parkhotelaicappuccini.it\/fr\/\",\"name\":\"Park Hotel Ai Cappuccini\",\"description\":\"Just another ms.decms.eu site\",\"potentialAction\":[{\"@type\":\"SearchAction\",\"target\":{\"@type\":\"EntryPoint\",\"urlTemplate\":\"https:\/\/www.parkhotelaicappuccini.it\/fr\/?s={search_term_string}\"},\"query-input\":{\"@type\":\"PropertyValueSpecification\",\"valueRequired\":true,\"valueName\":\"search_term_string\"}}],\"inLanguage\":\"fr-FR\"}]}<\/script>\n<!-- \/ Yoast SEO plugin. -->","yoast_head_json":{"title":"Le Spa - Park Hotel Ai Cappuccini -","description":"Dans la SPA le plaisir de relaxation et de d\u00e9contraction musculaire est per\u00e7u d\u00e8s qu\u2019on franchisse le seuil : en se d\u00e9tendant dans le bain m\u00e9diterran\u00e9en ; en se purifiant dans les saunas finlandaises et le bain turque ; en s\u2019abandonnant dans la salle relax avec une tisane entour\u00e9s d\u2019une ti\u00e9deur pour se r\u00e9chauffer sans se fatiguer ; en retrouvant sa vitalit\u00e9 pendant le parcours des douches \u00e9motionnelles et du \u00ab wasser paradise \u00bb avec l\u2019arome-chromoth\u00e9rapie, o\u00f9 les aromes tropicales accompagn\u00e9e \u00e0 des douches ti\u00e8des, qui \u00e9voquent les journ\u00e9es chaudes des plages lointaines, interrompues par des temp\u00eates br\u00e8ves et embaum\u00e9es, pendant qu\u2019eaux froides, avec essences de mente, ram\u00e8nent \u00e0 notre esprit les froides glaces du nord..","robots":{"index":"index","follow":"follow","max-snippet":"max-snippet:-1","max-image-preview":"max-image-preview:large","max-video-preview":"max-video-preview:-1"},"canonical":"https:\/\/www.parkhotelaicappuccini.it\/fr\/spa-fitness\/spa\/le-spa\/","og_locale":"fr_FR","og_type":"article","og_title":"Le Spa - Park Hotel Ai Cappuccini -","og_description":"Dans la SPA le plaisir de relaxation et de d\u00e9contraction musculaire est per\u00e7u d\u00e8s qu\u2019on franchisse le seuil : en se d\u00e9tendant dans le bain m\u00e9diterran\u00e9en ; en se purifiant dans les saunas finlandaises et le bain turque ; en s\u2019abandonnant dans la salle relax avec une tisane entour\u00e9s d\u2019une ti\u00e9deur pour se r\u00e9chauffer sans se fatiguer ; en retrouvant sa vitalit\u00e9 pendant le parcours des douches \u00e9motionnelles et du \u00ab wasser paradise \u00bb avec l\u2019arome-chromoth\u00e9rapie, o\u00f9 les aromes tropicales accompagn\u00e9e \u00e0 des douches ti\u00e8des, qui \u00e9voquent les journ\u00e9es chaudes des plages lointaines, interrompues par des temp\u00eates br\u00e8ves et embaum\u00e9es, pendant qu\u2019eaux froides, avec essences de mente, ram\u00e8nent \u00e0 notre esprit les froides glaces du nord..","og_url":"https:\/\/www.parkhotelaicappuccini.it\/fr\/spa-fitness\/spa\/le-spa\/","og_site_name":"Park Hotel Ai Cappuccini","article_modified_time":"2023-10-03T09:26:46+00:00","og_image":[{"width":1200,"height":666,"url":"https:\/\/www.parkhotelaicappuccini.it\/wp-content\/uploads\/sites\/385\/2021\/12\/Parco-Acque-6.jpg","type":"image\/jpeg"}],"twitter_card":"summary_large_image","twitter_misc":{"Dur\u00e9e de lecture estim\u00e9e":"1 minute"},"schema":{"@context":"https:\/\/schema.org","@graph":[{"@type":"WebPage","@id":"https:\/\/www.parkhotelaicappuccini.it\/fr\/spa-fitness\/spa\/le-spa\/","url":"https:\/\/www.parkhotelaicappuccini.it\/fr\/spa-fitness\/spa\/le-spa\/","name":"Le Spa - Park Hotel Ai Cappuccini -","isPartOf":{"@id":"https:\/\/www.parkhotelaicappuccini.it\/fr\/#website"},"datePublished":"2021-12-20T16:20:46+00:00","dateModified":"2023-10-03T09:26:46+00:00","description":"Dans la SPA le plaisir de relaxation et de d\u00e9contraction musculaire est per\u00e7u d\u00e8s qu\u2019on franchisse le seuil : en se d\u00e9tendant dans le bain m\u00e9diterran\u00e9en ; en se purifiant dans les saunas finlandaises et le bain turque ; en s\u2019abandonnant dans la salle relax avec une tisane entour\u00e9s d\u2019une ti\u00e9deur pour se r\u00e9chauffer sans se fatiguer ; en retrouvant sa vitalit\u00e9 pendant le parcours des douches \u00e9motionnelles et du \u00ab wasser paradise \u00bb avec l\u2019arome-chromoth\u00e9rapie, o\u00f9 les aromes tropicales accompagn\u00e9e \u00e0 des douches ti\u00e8des, qui \u00e9voquent les journ\u00e9es chaudes des plages lointaines, interrompues par des temp\u00eates br\u00e8ves et embaum\u00e9es, pendant qu\u2019eaux froides, avec essences de mente, ram\u00e8nent \u00e0 notre esprit les froides glaces du nord..","breadcrumb":{"@id":"https:\/\/www.parkhotelaicappuccini.it\/fr\/spa-fitness\/spa\/le-spa\/#breadcrumb"},"inLanguage":"fr-FR","potentialAction":[{"@type":"ReadAction","target":["https:\/\/www.parkhotelaicappuccini.it\/fr\/spa-fitness\/spa\/le-spa\/"]}]},{"@type":"BreadcrumbList","@id":"https:\/\/www.parkhotelaicappuccini.it\/fr\/spa-fitness\/spa\/le-spa\/#breadcrumb","itemListElement":[{"@type":"ListItem","position":1,"name":"Home","item":"https:\/\/www.parkhotelaicappuccini.it\/fr\/"},{"@type":"ListItem","position":2,"name":"Spa &amp; fitness","item":"https:\/\/www.parkhotelaicappuccini.it\/fr\/spa-fitness\/"},{"@type":"ListItem","position":3,"name":"Spa","item":"https:\/\/www.parkhotelaicappuccini.it\/fr\/spa-fitness\/spa\/"},{"@type":"ListItem","position":4,"name":"Le Spa"}]},{"@type":"WebSite","@id":"https:\/\/www.parkhotelaicappuccini.it\/fr\/#website","url":"https:\/\/www.parkhotelaicappuccini.it\/fr\/","name":"Park Hotel Ai Cappuccini","description":"Just another ms.decms.eu site","potentialAction":[{"@type":"SearchAction","target":{"@type":"EntryPoint","urlTemplate":"https:\/\/www.parkhotelaicappuccini.it\/fr\/?s={search_term_string}"},"query-input":{"@type":"PropertyValueSpecification","valueRequired":true,"valueName":"search_term_string"}}],"inLanguage":"fr-FR"}]}},"acf":[],"_links":{"self":[{"href":"https:\/\/www.parkhotelaicappuccini.it\/fr\/wp-json\/wp\/v2\/pages\/505","targetHints":{"allow":["GET"]}}],"collection":[{"href":"https:\/\/www.parkhotelaicappuccini.it\/fr\/wp-json\/wp\/v2\/pages"}],"about":[{"href":"https:\/\/www.parkhotelaicappuccini.it\/fr\/wp-json\/wp\/v2\/types\/page"}],"author":[{"embeddable":true,"href":"https:\/\/www.parkhotelaicappuccini.it\/fr\/wp-json\/wp\/v2\/users\/36"}],"replies":[{"embeddable":true,"href":"https:\/\/www.parkhotelaicappuccini.it\/fr\/wp-json\/wp\/v2\/comments?post=505"}],"version-history":[{"count":0,"href":"https:\/\/www.parkhotelaicappuccini.it\/fr\/wp-json\/wp\/v2\/pages\/505\/revisions"}],"up":[{"embeddable":true,"href":"https:\/\/www.parkhotelaicappuccini.it\/fr\/wp-json\/wp\/v2\/pages\/493"}],"wp:attachment":[{"href":"https:\/\/www.parkhotelaicappuccini.it\/fr\/wp-json\/wp\/v2\/media?parent=505"}],"curies":[{"name":"wp","href":"https:\/\/api.w.org\/{rel}","templated":true}]}}