{"id":493,"date":"2021-12-20T15:34:07","date_gmt":"2021-12-20T15:34:07","guid":{"rendered":"https:\/\/park-hotel-ai-cappuccini.ms.decms.eu\/?page_id=493"},"modified":"2026-01-08T16:12:03","modified_gmt":"2026-01-08T16:12:03","slug":"spa","status":"publish","type":"page","link":"https:\/\/www.parkhotelaicappuccini.it\/fr\/spa-fitness\/spa\/","title":{"rendered":"Spa"},"content":{"rendered":"<p>Une nouvelle philosophie avance ; son objectif est de faire retrouver l\u2019harmonie et la beaut\u00e9 par les propri\u00e9t\u00e9s b\u00e9n\u00e9fiques du monde v\u00e9g\u00e9tale, avec une parfaite fusion entre la technologie et la nature.<\/p>\n<p>Un lieu de design, encadr\u00e9 par les teintes chaudes du bois, impr\u00e9gn\u00e9 d\u2019un parfum naturel d\u2019essences du territoire et de celles \u00e9tudi\u00e9es par des entreprises cosm\u00e9tiques de premier ordre qui proposent une vaste gamme de produits naturels \u00e0 base de plantes et fleurs, o\u00f9 le corps retrouve sa dimension d\u2019\u00e9quilibre.<\/p>\n<p>Le Parcours Spa comprend les services suivants: SPA (saunas, bain turc, bain m\u00e9diterran\u00e9en, douches \u00e9motionnelles, espace d\u00e9tente) ; Salle d&rsquo;hydromassage; Oasi del Parco (piscine int\u00e9rieure\/ext\u00e9rieure \u00e0 34\u00b0C, parcours Kneipp, espace Silence et D\u00e9tente); spa kit. Prix \u200b\u200b\u00e0 partir de 50,00 euros par personne<\/p>\n","protected":false},"excerpt":{"rendered":"<p>Une nouvelle philosophie avance ; son objectif est de faire retrouver l\u2019harmonie et la beaut\u00e9 par les propri\u00e9t\u00e9s b\u00e9n\u00e9fiques du monde v\u00e9g\u00e9tale, avec une parfaite fusion entre la technologie et la nature. Un lieu de design, encadr\u00e9 par les teintes chaudes du bois, impr\u00e9gn\u00e9 d\u2019un parfum naturel d\u2019essences du territoire et de celles \u00e9tudi\u00e9es par [&hellip;]<\/p>\n","protected":false},"author":36,"featured_media":0,"parent":473,"menu_order":5,"comment_status":"closed","ping_status":"closed","template":"template-single-spa.php","meta":{"footnotes":""},"class_list":["post-493","page","type-page","status-publish","hentry"],"yoast_head":"<!-- This site is optimized with the Yoast SEO plugin v26.9 - https:\/\/yoast.com\/product\/yoast-seo-wordpress\/ -->\n<title>Spa - Park Hotel Ai Cappuccini -<\/title>\n<meta name=\"description\" content=\"Une nouvelle philosophie avance ; son objectif est de faire retrouver l\u2019harmonie et la beaut\u00e9 par les propri\u00e9t\u00e9s b\u00e9n\u00e9fiques du monde v\u00e9g\u00e9tale, avec une parfaite fusion entre la technologie et la nature.  Un lieu de design, encadr\u00e9 par les teintes chaudes du bois, impr\u00e9gn\u00e9 d\u2019un parfum naturel d\u2019essences du territoire et de celles \u00e9tudi\u00e9es par des entreprises cosm\u00e9tiques de premier ordre qui proposent une vaste gamme de produits naturels \u00e0 base de plantes et fleurs, o\u00f9 le corps retrouve sa dimension d\u2019\u00e9quilibre.  Le Parcours Spa comprend les services suivants: SPA (saunas, bain turc, bain m\u00e9diterran\u00e9en, douches \u00e9motionnelles, espace d\u00e9tente) ; Salle d&#039;hydromassage; Oasi del Parco (piscine int\u00e9rieure\/ext\u00e9rieure \u00e0 34\u00b0C, parcours Kneipp, espace Silence et D\u00e9tente); spa kit. Prix \u200b\u200b\u00e0 partir de 50,00 euros par personne\" \/>\n<meta name=\"robots\" content=\"index, follow, max-snippet:-1, max-image-preview:large, max-video-preview:-1\" \/>\n<link rel=\"canonical\" href=\"https:\/\/www.parkhotelaicappuccini.it\/fr\/spa-fitness\/spa\/\" \/>\n<meta property=\"og:locale\" content=\"fr_FR\" \/>\n<meta property=\"og:type\" content=\"article\" \/>\n<meta property=\"og:title\" content=\"Spa - Park Hotel Ai Cappuccini -\" \/>\n<meta property=\"og:description\" content=\"Une nouvelle philosophie avance ; son objectif est de faire retrouver l\u2019harmonie et la beaut\u00e9 par les propri\u00e9t\u00e9s b\u00e9n\u00e9fiques du monde v\u00e9g\u00e9tale, avec une parfaite fusion entre la technologie et la nature.  Un lieu de design, encadr\u00e9 par les teintes chaudes du bois, impr\u00e9gn\u00e9 d\u2019un parfum naturel d\u2019essences du territoire et de celles \u00e9tudi\u00e9es par des entreprises cosm\u00e9tiques de premier ordre qui proposent une vaste gamme de produits naturels \u00e0 base de plantes et fleurs, o\u00f9 le corps retrouve sa dimension d\u2019\u00e9quilibre.  Le Parcours Spa comprend les services suivants: SPA (saunas, bain turc, bain m\u00e9diterran\u00e9en, douches \u00e9motionnelles, espace d\u00e9tente) ; Salle d&#039;hydromassage; Oasi del Parco (piscine int\u00e9rieure\/ext\u00e9rieure \u00e0 34\u00b0C, parcours Kneipp, espace Silence et D\u00e9tente); spa kit. Prix \u200b\u200b\u00e0 partir de 50,00 euros par personne\" \/>\n<meta property=\"og:url\" content=\"https:\/\/www.parkhotelaicappuccini.it\/fr\/spa-fitness\/spa\/\" \/>\n<meta property=\"og:site_name\" content=\"Park Hotel Ai Cappuccini\" \/>\n<meta property=\"article:modified_time\" content=\"2026-01-08T16:12:03+00:00\" \/>\n<meta property=\"og:image\" content=\"https:\/\/www.parkhotelaicappuccini.it\/wp-content\/uploads\/sites\/385\/2021\/12\/Parco-Acque-6.jpg\" \/>\n\t<meta property=\"og:image:width\" content=\"1200\" \/>\n\t<meta property=\"og:image:height\" content=\"666\" \/>\n\t<meta property=\"og:image:type\" content=\"image\/jpeg\" \/>\n<meta name=\"twitter:card\" content=\"summary_large_image\" \/>\n<meta name=\"twitter:label1\" content=\"Dur\u00e9e de lecture estim\u00e9e\" \/>\n\t<meta name=\"twitter:data1\" content=\"1 minute\" \/>\n<script type=\"application\/ld+json\" class=\"yoast-schema-graph\">{\"@context\":\"https:\/\/schema.org\",\"@graph\":[{\"@type\":\"WebPage\",\"@id\":\"https:\/\/www.parkhotelaicappuccini.it\/fr\/spa-fitness\/spa\/\",\"url\":\"https:\/\/www.parkhotelaicappuccini.it\/fr\/spa-fitness\/spa\/\",\"name\":\"Spa - Park Hotel Ai Cappuccini -\",\"isPartOf\":{\"@id\":\"https:\/\/www.parkhotelaicappuccini.it\/fr\/#website\"},\"datePublished\":\"2021-12-20T15:34:07+00:00\",\"dateModified\":\"2026-01-08T16:12:03+00:00\",\"description\":\"Une nouvelle philosophie avance ; son objectif est de faire retrouver l\u2019harmonie et la beaut\u00e9 par les propri\u00e9t\u00e9s b\u00e9n\u00e9fiques du monde v\u00e9g\u00e9tale, avec une parfaite fusion entre la technologie et la nature. Un lieu de design, encadr\u00e9 par les teintes chaudes du bois, impr\u00e9gn\u00e9 d\u2019un parfum naturel d\u2019essences du territoire et de celles \u00e9tudi\u00e9es par des entreprises cosm\u00e9tiques de premier ordre qui proposent une vaste gamme de produits naturels \u00e0 base de plantes et fleurs, o\u00f9 le corps retrouve sa dimension d\u2019\u00e9quilibre. Le Parcours Spa comprend les services suivants: SPA (saunas, bain turc, bain m\u00e9diterran\u00e9en, douches \u00e9motionnelles, espace d\u00e9tente) ; Salle d'hydromassage; Oasi del Parco (piscine int\u00e9rieure\/ext\u00e9rieure \u00e0 34\u00b0C, parcours Kneipp, espace Silence et D\u00e9tente); spa kit. Prix \u200b\u200b\u00e0 partir de 50,00 euros par personne\",\"breadcrumb\":{\"@id\":\"https:\/\/www.parkhotelaicappuccini.it\/fr\/spa-fitness\/spa\/#breadcrumb\"},\"inLanguage\":\"fr-FR\",\"potentialAction\":[{\"@type\":\"ReadAction\",\"target\":[\"https:\/\/www.parkhotelaicappuccini.it\/fr\/spa-fitness\/spa\/\"]}]},{\"@type\":\"BreadcrumbList\",\"@id\":\"https:\/\/www.parkhotelaicappuccini.it\/fr\/spa-fitness\/spa\/#breadcrumb\",\"itemListElement\":[{\"@type\":\"ListItem\",\"position\":1,\"name\":\"Home\",\"item\":\"https:\/\/www.parkhotelaicappuccini.it\/fr\/\"},{\"@type\":\"ListItem\",\"position\":2,\"name\":\"Spa &amp; fitness\",\"item\":\"https:\/\/www.parkhotelaicappuccini.it\/fr\/spa-fitness\/\"},{\"@type\":\"ListItem\",\"position\":3,\"name\":\"Spa\"}]},{\"@type\":\"WebSite\",\"@id\":\"https:\/\/www.parkhotelaicappuccini.it\/fr\/#website\",\"url\":\"https:\/\/www.parkhotelaicappuccini.it\/fr\/\",\"name\":\"Park Hotel Ai Cappuccini\",\"description\":\"Just another ms.decms.eu site\",\"potentialAction\":[{\"@type\":\"SearchAction\",\"target\":{\"@type\":\"EntryPoint\",\"urlTemplate\":\"https:\/\/www.parkhotelaicappuccini.it\/fr\/?s={search_term_string}\"},\"query-input\":{\"@type\":\"PropertyValueSpecification\",\"valueRequired\":true,\"valueName\":\"search_term_string\"}}],\"inLanguage\":\"fr-FR\"}]}<\/script>\n<!-- \/ Yoast SEO plugin. -->","yoast_head_json":{"title":"Spa - Park Hotel Ai Cappuccini -","description":"Une nouvelle philosophie avance ; son objectif est de faire retrouver l\u2019harmonie et la beaut\u00e9 par les propri\u00e9t\u00e9s b\u00e9n\u00e9fiques du monde v\u00e9g\u00e9tale, avec une parfaite fusion entre la technologie et la nature.  Un lieu de design, encadr\u00e9 par les teintes chaudes du bois, impr\u00e9gn\u00e9 d\u2019un parfum naturel d\u2019essences du territoire et de celles \u00e9tudi\u00e9es par des entreprises cosm\u00e9tiques de premier ordre qui proposent une vaste gamme de produits naturels \u00e0 base de plantes et fleurs, o\u00f9 le corps retrouve sa dimension d\u2019\u00e9quilibre.  Le Parcours Spa comprend les services suivants: SPA (saunas, bain turc, bain m\u00e9diterran\u00e9en, douches \u00e9motionnelles, espace d\u00e9tente) ; Salle d'hydromassage; Oasi del Parco (piscine int\u00e9rieure\/ext\u00e9rieure \u00e0 34\u00b0C, parcours Kneipp, espace Silence et D\u00e9tente); spa kit. Prix \u200b\u200b\u00e0 partir de 50,00 euros par personne","robots":{"index":"index","follow":"follow","max-snippet":"max-snippet:-1","max-image-preview":"max-image-preview:large","max-video-preview":"max-video-preview:-1"},"canonical":"https:\/\/www.parkhotelaicappuccini.it\/fr\/spa-fitness\/spa\/","og_locale":"fr_FR","og_type":"article","og_title":"Spa - Park Hotel Ai Cappuccini -","og_description":"Une nouvelle philosophie avance ; son objectif est de faire retrouver l\u2019harmonie et la beaut\u00e9 par les propri\u00e9t\u00e9s b\u00e9n\u00e9fiques du monde v\u00e9g\u00e9tale, avec une parfaite fusion entre la technologie et la nature.  Un lieu de design, encadr\u00e9 par les teintes chaudes du bois, impr\u00e9gn\u00e9 d\u2019un parfum naturel d\u2019essences du territoire et de celles \u00e9tudi\u00e9es par des entreprises cosm\u00e9tiques de premier ordre qui proposent une vaste gamme de produits naturels \u00e0 base de plantes et fleurs, o\u00f9 le corps retrouve sa dimension d\u2019\u00e9quilibre.  Le Parcours Spa comprend les services suivants: SPA (saunas, bain turc, bain m\u00e9diterran\u00e9en, douches \u00e9motionnelles, espace d\u00e9tente) ; Salle d'hydromassage; Oasi del Parco (piscine int\u00e9rieure\/ext\u00e9rieure \u00e0 34\u00b0C, parcours Kneipp, espace Silence et D\u00e9tente); spa kit. Prix \u200b\u200b\u00e0 partir de 50,00 euros par personne","og_url":"https:\/\/www.parkhotelaicappuccini.it\/fr\/spa-fitness\/spa\/","og_site_name":"Park Hotel Ai Cappuccini","article_modified_time":"2026-01-08T16:12:03+00:00","og_image":[{"width":1200,"height":666,"url":"https:\/\/www.parkhotelaicappuccini.it\/wp-content\/uploads\/sites\/385\/2021\/12\/Parco-Acque-6.jpg","type":"image\/jpeg"}],"twitter_card":"summary_large_image","twitter_misc":{"Dur\u00e9e de lecture estim\u00e9e":"1 minute"},"schema":{"@context":"https:\/\/schema.org","@graph":[{"@type":"WebPage","@id":"https:\/\/www.parkhotelaicappuccini.it\/fr\/spa-fitness\/spa\/","url":"https:\/\/www.parkhotelaicappuccini.it\/fr\/spa-fitness\/spa\/","name":"Spa - Park Hotel Ai Cappuccini -","isPartOf":{"@id":"https:\/\/www.parkhotelaicappuccini.it\/fr\/#website"},"datePublished":"2021-12-20T15:34:07+00:00","dateModified":"2026-01-08T16:12:03+00:00","description":"Une nouvelle philosophie avance ; son objectif est de faire retrouver l\u2019harmonie et la beaut\u00e9 par les propri\u00e9t\u00e9s b\u00e9n\u00e9fiques du monde v\u00e9g\u00e9tale, avec une parfaite fusion entre la technologie et la nature. Un lieu de design, encadr\u00e9 par les teintes chaudes du bois, impr\u00e9gn\u00e9 d\u2019un parfum naturel d\u2019essences du territoire et de celles \u00e9tudi\u00e9es par des entreprises cosm\u00e9tiques de premier ordre qui proposent une vaste gamme de produits naturels \u00e0 base de plantes et fleurs, o\u00f9 le corps retrouve sa dimension d\u2019\u00e9quilibre. Le Parcours Spa comprend les services suivants: SPA (saunas, bain turc, bain m\u00e9diterran\u00e9en, douches \u00e9motionnelles, espace d\u00e9tente) ; Salle d'hydromassage; Oasi del Parco (piscine int\u00e9rieure\/ext\u00e9rieure \u00e0 34\u00b0C, parcours Kneipp, espace Silence et D\u00e9tente); spa kit. Prix \u200b\u200b\u00e0 partir de 50,00 euros par personne","breadcrumb":{"@id":"https:\/\/www.parkhotelaicappuccini.it\/fr\/spa-fitness\/spa\/#breadcrumb"},"inLanguage":"fr-FR","potentialAction":[{"@type":"ReadAction","target":["https:\/\/www.parkhotelaicappuccini.it\/fr\/spa-fitness\/spa\/"]}]},{"@type":"BreadcrumbList","@id":"https:\/\/www.parkhotelaicappuccini.it\/fr\/spa-fitness\/spa\/#breadcrumb","itemListElement":[{"@type":"ListItem","position":1,"name":"Home","item":"https:\/\/www.parkhotelaicappuccini.it\/fr\/"},{"@type":"ListItem","position":2,"name":"Spa &amp; fitness","item":"https:\/\/www.parkhotelaicappuccini.it\/fr\/spa-fitness\/"},{"@type":"ListItem","position":3,"name":"Spa"}]},{"@type":"WebSite","@id":"https:\/\/www.parkhotelaicappuccini.it\/fr\/#website","url":"https:\/\/www.parkhotelaicappuccini.it\/fr\/","name":"Park Hotel Ai Cappuccini","description":"Just another ms.decms.eu site","potentialAction":[{"@type":"SearchAction","target":{"@type":"EntryPoint","urlTemplate":"https:\/\/www.parkhotelaicappuccini.it\/fr\/?s={search_term_string}"},"query-input":{"@type":"PropertyValueSpecification","valueRequired":true,"valueName":"search_term_string"}}],"inLanguage":"fr-FR"}]}},"acf":[],"_links":{"self":[{"href":"https:\/\/www.parkhotelaicappuccini.it\/fr\/wp-json\/wp\/v2\/pages\/493","targetHints":{"allow":["GET"]}}],"collection":[{"href":"https:\/\/www.parkhotelaicappuccini.it\/fr\/wp-json\/wp\/v2\/pages"}],"about":[{"href":"https:\/\/www.parkhotelaicappuccini.it\/fr\/wp-json\/wp\/v2\/types\/page"}],"author":[{"embeddable":true,"href":"https:\/\/www.parkhotelaicappuccini.it\/fr\/wp-json\/wp\/v2\/users\/36"}],"replies":[{"embeddable":true,"href":"https:\/\/www.parkhotelaicappuccini.it\/fr\/wp-json\/wp\/v2\/comments?post=493"}],"version-history":[{"count":0,"href":"https:\/\/www.parkhotelaicappuccini.it\/fr\/wp-json\/wp\/v2\/pages\/493\/revisions"}],"up":[{"embeddable":true,"href":"https:\/\/www.parkhotelaicappuccini.it\/fr\/wp-json\/wp\/v2\/pages\/473"}],"wp:attachment":[{"href":"https:\/\/www.parkhotelaicappuccini.it\/fr\/wp-json\/wp\/v2\/media?parent=493"}],"curies":[{"name":"wp","href":"https:\/\/api.w.org\/{rel}","templated":true}]}}