{"id":473,"date":"2021-12-20T14:50:51","date_gmt":"2021-12-20T14:50:51","guid":{"rendered":"https:\/\/park-hotel-ai-cappuccini.ms.decms.eu\/?page_id=473"},"modified":"2024-01-17T14:37:20","modified_gmt":"2024-01-17T14:37:20","slug":"spa-fitness","status":"publish","type":"page","link":"https:\/\/www.parkhotelaicappuccini.it\/fr\/spa-fitness\/","title":{"rendered":"Spa &amp; fitness"},"content":{"rendered":"<p>UNE NOUVELLE \u00c8RE S\u2019OUVRE AUPR\u00c8S DU PARK H\u00d4TEL AI CAPPUCCINI.<\/p>\n<p>Le Cappuccini Wellness &amp; Spa est n\u00e9e, un lieu o\u00f9 se serpentent des parcours d\u00e9di\u00e9s au bien-\u00eatre, \u00e0 l\u2019esth\u00e9tique, \u00e0 la forme et \u00e0 l\u2019activit\u00e9 physique qui se fondent dans une seule ambiance suggestive.<\/p>\n","protected":false},"excerpt":{"rendered":"<p>UNE NOUVELLE \u00c8RE S\u2019OUVRE AUPR\u00c8S DU PARK H\u00d4TEL AI CAPPUCCINI. Le Cappuccini Wellness &amp; Spa est n\u00e9e, un lieu o\u00f9 se serpentent des parcours d\u00e9di\u00e9s au bien-\u00eatre, \u00e0 l\u2019esth\u00e9tique, \u00e0 la forme et \u00e0 l\u2019activit\u00e9 physique qui se fondent dans une seule ambiance suggestive.<\/p>\n","protected":false},"author":36,"featured_media":0,"parent":0,"menu_order":30,"comment_status":"closed","ping_status":"closed","template":"template-spa.php","meta":{"footnotes":""},"class_list":["post-473","page","type-page","status-publish","hentry"],"yoast_head":"<!-- This site is optimized with the Yoast SEO plugin v26.9 - https:\/\/yoast.com\/product\/yoast-seo-wordpress\/ -->\n<title>Spa &amp; fitness - Park Hotel Ai Cappuccini -<\/title>\n<meta name=\"description\" content=\"UNE NOUVELLE \u00c8RE S\u2019OUVRE AUPR\u00c8S DU PARK H\u00d4TEL AI CAPPUCCINI.  Le Cappuccini Wellness &amp; Spa est n\u00e9e, un lieu o\u00f9 se serpentent des parcours d\u00e9di\u00e9s au bien-\u00eatre, \u00e0 l\u2019esth\u00e9tique, \u00e0 la forme et \u00e0 l\u2019activit\u00e9 physique qui se fondent dans une seule ambiance suggestive..\" \/>\n<meta name=\"robots\" content=\"index, follow, max-snippet:-1, max-image-preview:large, max-video-preview:-1\" \/>\n<link rel=\"canonical\" href=\"https:\/\/www.parkhotelaicappuccini.it\/fr\/spa-fitness\/\" \/>\n<meta property=\"og:locale\" content=\"fr_FR\" \/>\n<meta property=\"og:type\" content=\"article\" \/>\n<meta property=\"og:title\" content=\"Spa &amp; fitness - Park Hotel Ai Cappuccini -\" \/>\n<meta property=\"og:description\" content=\"UNE NOUVELLE \u00c8RE S\u2019OUVRE AUPR\u00c8S DU PARK H\u00d4TEL AI CAPPUCCINI.  Le Cappuccini Wellness &amp; Spa est n\u00e9e, un lieu o\u00f9 se serpentent des parcours d\u00e9di\u00e9s au bien-\u00eatre, \u00e0 l\u2019esth\u00e9tique, \u00e0 la forme et \u00e0 l\u2019activit\u00e9 physique qui se fondent dans une seule ambiance suggestive..\" \/>\n<meta property=\"og:url\" content=\"https:\/\/www.parkhotelaicappuccini.it\/fr\/spa-fitness\/\" \/>\n<meta property=\"og:site_name\" content=\"Park Hotel Ai Cappuccini\" \/>\n<meta property=\"article:modified_time\" content=\"2024-01-17T14:37:20+00:00\" \/>\n<meta property=\"og:image\" content=\"https:\/\/www.parkhotelaicappuccini.it\/wp-content\/uploads\/sites\/385\/2021\/12\/Parco-Acque-6.jpg\" \/>\n\t<meta property=\"og:image:width\" content=\"1200\" \/>\n\t<meta property=\"og:image:height\" content=\"666\" \/>\n\t<meta property=\"og:image:type\" content=\"image\/jpeg\" \/>\n<meta name=\"twitter:card\" content=\"summary_large_image\" \/>\n<meta name=\"twitter:label1\" content=\"Dur\u00e9e de lecture estim\u00e9e\" \/>\n\t<meta name=\"twitter:data1\" content=\"1 minute\" \/>\n<script type=\"application\/ld+json\" class=\"yoast-schema-graph\">{\"@context\":\"https:\/\/schema.org\",\"@graph\":[{\"@type\":\"WebPage\",\"@id\":\"https:\/\/www.parkhotelaicappuccini.it\/fr\/spa-fitness\/\",\"url\":\"https:\/\/www.parkhotelaicappuccini.it\/fr\/spa-fitness\/\",\"name\":\"Spa &amp; fitness - Park Hotel Ai Cappuccini -\",\"isPartOf\":{\"@id\":\"https:\/\/www.parkhotelaicappuccini.it\/fr\/#website\"},\"datePublished\":\"2021-12-20T14:50:51+00:00\",\"dateModified\":\"2024-01-17T14:37:20+00:00\",\"description\":\"UNE NOUVELLE \u00c8RE S\u2019OUVRE AUPR\u00c8S DU PARK H\u00d4TEL AI CAPPUCCINI. Le Cappuccini Wellness &amp; Spa est n\u00e9e, un lieu o\u00f9 se serpentent des parcours d\u00e9di\u00e9s au bien-\u00eatre, \u00e0 l\u2019esth\u00e9tique, \u00e0 la forme et \u00e0 l\u2019activit\u00e9 physique qui se fondent dans une seule ambiance suggestive..\",\"breadcrumb\":{\"@id\":\"https:\/\/www.parkhotelaicappuccini.it\/fr\/spa-fitness\/#breadcrumb\"},\"inLanguage\":\"fr-FR\",\"potentialAction\":[{\"@type\":\"ReadAction\",\"target\":[\"https:\/\/www.parkhotelaicappuccini.it\/fr\/spa-fitness\/\"]}]},{\"@type\":\"BreadcrumbList\",\"@id\":\"https:\/\/www.parkhotelaicappuccini.it\/fr\/spa-fitness\/#breadcrumb\",\"itemListElement\":[{\"@type\":\"ListItem\",\"position\":1,\"name\":\"Home\",\"item\":\"https:\/\/www.parkhotelaicappuccini.it\/fr\/\"},{\"@type\":\"ListItem\",\"position\":2,\"name\":\"Spa &amp; fitness\"}]},{\"@type\":\"WebSite\",\"@id\":\"https:\/\/www.parkhotelaicappuccini.it\/fr\/#website\",\"url\":\"https:\/\/www.parkhotelaicappuccini.it\/fr\/\",\"name\":\"Park Hotel Ai Cappuccini\",\"description\":\"Just another ms.decms.eu site\",\"potentialAction\":[{\"@type\":\"SearchAction\",\"target\":{\"@type\":\"EntryPoint\",\"urlTemplate\":\"https:\/\/www.parkhotelaicappuccini.it\/fr\/?s={search_term_string}\"},\"query-input\":{\"@type\":\"PropertyValueSpecification\",\"valueRequired\":true,\"valueName\":\"search_term_string\"}}],\"inLanguage\":\"fr-FR\"}]}<\/script>\n<!-- \/ Yoast SEO plugin. -->","yoast_head_json":{"title":"Spa &amp; fitness - Park Hotel Ai Cappuccini -","description":"UNE NOUVELLE \u00c8RE S\u2019OUVRE AUPR\u00c8S DU PARK H\u00d4TEL AI CAPPUCCINI.  Le Cappuccini Wellness &amp; Spa est n\u00e9e, un lieu o\u00f9 se serpentent des parcours d\u00e9di\u00e9s au bien-\u00eatre, \u00e0 l\u2019esth\u00e9tique, \u00e0 la forme et \u00e0 l\u2019activit\u00e9 physique qui se fondent dans une seule ambiance suggestive..","robots":{"index":"index","follow":"follow","max-snippet":"max-snippet:-1","max-image-preview":"max-image-preview:large","max-video-preview":"max-video-preview:-1"},"canonical":"https:\/\/www.parkhotelaicappuccini.it\/fr\/spa-fitness\/","og_locale":"fr_FR","og_type":"article","og_title":"Spa &amp; fitness - Park Hotel Ai Cappuccini -","og_description":"UNE NOUVELLE \u00c8RE S\u2019OUVRE AUPR\u00c8S DU PARK H\u00d4TEL AI CAPPUCCINI.  Le Cappuccini Wellness &amp; Spa est n\u00e9e, un lieu o\u00f9 se serpentent des parcours d\u00e9di\u00e9s au bien-\u00eatre, \u00e0 l\u2019esth\u00e9tique, \u00e0 la forme et \u00e0 l\u2019activit\u00e9 physique qui se fondent dans une seule ambiance suggestive..","og_url":"https:\/\/www.parkhotelaicappuccini.it\/fr\/spa-fitness\/","og_site_name":"Park Hotel Ai Cappuccini","article_modified_time":"2024-01-17T14:37:20+00:00","og_image":[{"width":1200,"height":666,"url":"https:\/\/www.parkhotelaicappuccini.it\/wp-content\/uploads\/sites\/385\/2021\/12\/Parco-Acque-6.jpg","type":"image\/jpeg"}],"twitter_card":"summary_large_image","twitter_misc":{"Dur\u00e9e de lecture estim\u00e9e":"1 minute"},"schema":{"@context":"https:\/\/schema.org","@graph":[{"@type":"WebPage","@id":"https:\/\/www.parkhotelaicappuccini.it\/fr\/spa-fitness\/","url":"https:\/\/www.parkhotelaicappuccini.it\/fr\/spa-fitness\/","name":"Spa &amp; fitness - Park Hotel Ai Cappuccini -","isPartOf":{"@id":"https:\/\/www.parkhotelaicappuccini.it\/fr\/#website"},"datePublished":"2021-12-20T14:50:51+00:00","dateModified":"2024-01-17T14:37:20+00:00","description":"UNE NOUVELLE \u00c8RE S\u2019OUVRE AUPR\u00c8S DU PARK H\u00d4TEL AI CAPPUCCINI. Le Cappuccini Wellness &amp; Spa est n\u00e9e, un lieu o\u00f9 se serpentent des parcours d\u00e9di\u00e9s au bien-\u00eatre, \u00e0 l\u2019esth\u00e9tique, \u00e0 la forme et \u00e0 l\u2019activit\u00e9 physique qui se fondent dans une seule ambiance suggestive..","breadcrumb":{"@id":"https:\/\/www.parkhotelaicappuccini.it\/fr\/spa-fitness\/#breadcrumb"},"inLanguage":"fr-FR","potentialAction":[{"@type":"ReadAction","target":["https:\/\/www.parkhotelaicappuccini.it\/fr\/spa-fitness\/"]}]},{"@type":"BreadcrumbList","@id":"https:\/\/www.parkhotelaicappuccini.it\/fr\/spa-fitness\/#breadcrumb","itemListElement":[{"@type":"ListItem","position":1,"name":"Home","item":"https:\/\/www.parkhotelaicappuccini.it\/fr\/"},{"@type":"ListItem","position":2,"name":"Spa &amp; fitness"}]},{"@type":"WebSite","@id":"https:\/\/www.parkhotelaicappuccini.it\/fr\/#website","url":"https:\/\/www.parkhotelaicappuccini.it\/fr\/","name":"Park Hotel Ai Cappuccini","description":"Just another ms.decms.eu site","potentialAction":[{"@type":"SearchAction","target":{"@type":"EntryPoint","urlTemplate":"https:\/\/www.parkhotelaicappuccini.it\/fr\/?s={search_term_string}"},"query-input":{"@type":"PropertyValueSpecification","valueRequired":true,"valueName":"search_term_string"}}],"inLanguage":"fr-FR"}]}},"acf":[],"_links":{"self":[{"href":"https:\/\/www.parkhotelaicappuccini.it\/fr\/wp-json\/wp\/v2\/pages\/473","targetHints":{"allow":["GET"]}}],"collection":[{"href":"https:\/\/www.parkhotelaicappuccini.it\/fr\/wp-json\/wp\/v2\/pages"}],"about":[{"href":"https:\/\/www.parkhotelaicappuccini.it\/fr\/wp-json\/wp\/v2\/types\/page"}],"author":[{"embeddable":true,"href":"https:\/\/www.parkhotelaicappuccini.it\/fr\/wp-json\/wp\/v2\/users\/36"}],"replies":[{"embeddable":true,"href":"https:\/\/www.parkhotelaicappuccini.it\/fr\/wp-json\/wp\/v2\/comments?post=473"}],"version-history":[{"count":0,"href":"https:\/\/www.parkhotelaicappuccini.it\/fr\/wp-json\/wp\/v2\/pages\/473\/revisions"}],"wp:attachment":[{"href":"https:\/\/www.parkhotelaicappuccini.it\/fr\/wp-json\/wp\/v2\/media?parent=473"}],"curies":[{"name":"wp","href":"https:\/\/api.w.org\/{rel}","templated":true}]}}