{"id":463,"date":"2021-12-20T14:33:02","date_gmt":"2021-12-20T14:33:02","guid":{"rendered":"https:\/\/park-hotel-ai-cappuccini.ms.decms.eu\/?page_id=463"},"modified":"2021-12-20T14:36:22","modified_gmt":"2021-12-20T14:36:22","slug":"palazzo-della-porta","status":"publish","type":"page","link":"https:\/\/www.parkhotelaicappuccini.it\/fr\/reunion-mariages\/mariage\/palazzo-della-porta\/","title":{"rendered":"Palazzo della Porta"},"content":{"rendered":"<p>Le \u00ab Palais de la Porte \u00bb est une des plus charmantes r\u00e9sidences de la ville. Ce palais remonte au XVe si\u00e8cle et son nom vient de l\u2019illustre nom de famille.<\/p>\n<p>Enrichi par des pi\u00e8ces d\u2019\u00e9poque, parmi lesquelles le portail imposant du XVIe si\u00e8cle en pierre de gr\u00e8s et r\u00e9cemment restaur\u00e9, il offre un cadre charmant pour des \u00e9v\u00e9nements exclusifs au c\u0153ur du centre historique de Gubbio, la \u00ab ville en pierre \u00bb.<\/p>\n","protected":false},"excerpt":{"rendered":"<p>Le \u00ab Palais de la Porte \u00bb est une des plus charmantes r\u00e9sidences de la ville. Ce palais remonte au XVe si\u00e8cle et son nom vient de l\u2019illustre nom de famille. Enrichi par des pi\u00e8ces d\u2019\u00e9poque, parmi lesquelles le portail imposant du XVIe si\u00e8cle en pierre de gr\u00e8s et r\u00e9cemment restaur\u00e9, il offre un cadre [&hellip;]<\/p>\n","protected":false},"author":36,"featured_media":0,"parent":381,"menu_order":15,"comment_status":"closed","ping_status":"closed","template":"template-single-wedding.php","meta":{"footnotes":""},"class_list":["post-463","page","type-page","status-publish","hentry"],"yoast_head":"<!-- This site is optimized with the Yoast SEO plugin v26.9 - https:\/\/yoast.com\/product\/yoast-seo-wordpress\/ -->\n<title>Palazzo della Porta - Park Hotel Ai Cappuccini -<\/title>\n<meta name=\"description\" content=\"Le \u00ab Palais de la Porte \u00bb est une des plus charmantes r\u00e9sidences de la ville. Ce palais remonte au XVe si\u00e8cle et son nom vient de l\u2019illustre nom de famille.  Enrichi par des pi\u00e8ces d\u2019\u00e9poque, parmi lesquelles le portail imposant du XVIe si\u00e8cle en pierre de gr\u00e8s et r\u00e9cemment restaur\u00e9, il offre un cadre charmant pour des \u00e9v\u00e9nements exclusifs au c\u0153ur du centre historique de Gubbio, la \u00ab ville en pierre \u00bb.\" \/>\n<meta name=\"robots\" content=\"index, follow, max-snippet:-1, max-image-preview:large, max-video-preview:-1\" \/>\n<link rel=\"canonical\" href=\"https:\/\/www.parkhotelaicappuccini.it\/fr\/reunion-mariages\/mariage\/palazzo-della-porta\/\" \/>\n<meta property=\"og:locale\" content=\"fr_FR\" \/>\n<meta property=\"og:type\" content=\"article\" \/>\n<meta property=\"og:title\" content=\"Palazzo della Porta - Park Hotel Ai Cappuccini -\" \/>\n<meta property=\"og:description\" content=\"Le \u00ab Palais de la Porte \u00bb est une des plus charmantes r\u00e9sidences de la ville. Ce palais remonte au XVe si\u00e8cle et son nom vient de l\u2019illustre nom de famille.  Enrichi par des pi\u00e8ces d\u2019\u00e9poque, parmi lesquelles le portail imposant du XVIe si\u00e8cle en pierre de gr\u00e8s et r\u00e9cemment restaur\u00e9, il offre un cadre charmant pour des \u00e9v\u00e9nements exclusifs au c\u0153ur du centre historique de Gubbio, la \u00ab ville en pierre \u00bb.\" \/>\n<meta property=\"og:url\" content=\"https:\/\/www.parkhotelaicappuccini.it\/fr\/reunion-mariages\/mariage\/palazzo-della-porta\/\" \/>\n<meta property=\"og:site_name\" content=\"Park Hotel Ai Cappuccini\" \/>\n<meta property=\"article:modified_time\" content=\"2021-12-20T14:36:22+00:00\" \/>\n<meta property=\"og:image\" content=\"https:\/\/www.parkhotelaicappuccini.it\/wp-content\/uploads\/sites\/385\/2021\/12\/Parco-Acque-6.jpg\" \/>\n\t<meta property=\"og:image:width\" content=\"1200\" \/>\n\t<meta property=\"og:image:height\" content=\"666\" \/>\n\t<meta property=\"og:image:type\" content=\"image\/jpeg\" \/>\n<meta name=\"twitter:card\" content=\"summary_large_image\" \/>\n<meta name=\"twitter:label1\" content=\"Dur\u00e9e de lecture estim\u00e9e\" \/>\n\t<meta name=\"twitter:data1\" content=\"1 minute\" \/>\n<script type=\"application\/ld+json\" class=\"yoast-schema-graph\">{\"@context\":\"https:\/\/schema.org\",\"@graph\":[{\"@type\":\"WebPage\",\"@id\":\"https:\/\/www.parkhotelaicappuccini.it\/fr\/reunion-mariages\/mariage\/palazzo-della-porta\/\",\"url\":\"https:\/\/www.parkhotelaicappuccini.it\/fr\/reunion-mariages\/mariage\/palazzo-della-porta\/\",\"name\":\"Palazzo della Porta - Park Hotel Ai Cappuccini -\",\"isPartOf\":{\"@id\":\"https:\/\/www.parkhotelaicappuccini.it\/fr\/#website\"},\"datePublished\":\"2021-12-20T14:33:02+00:00\",\"dateModified\":\"2021-12-20T14:36:22+00:00\",\"description\":\"Le \u00ab Palais de la Porte \u00bb est une des plus charmantes r\u00e9sidences de la ville. Ce palais remonte au XVe si\u00e8cle et son nom vient de l\u2019illustre nom de famille. Enrichi par des pi\u00e8ces d\u2019\u00e9poque, parmi lesquelles le portail imposant du XVIe si\u00e8cle en pierre de gr\u00e8s et r\u00e9cemment restaur\u00e9, il offre un cadre charmant pour des \u00e9v\u00e9nements exclusifs au c\u0153ur du centre historique de Gubbio, la \u00ab ville en pierre \u00bb.\",\"breadcrumb\":{\"@id\":\"https:\/\/www.parkhotelaicappuccini.it\/fr\/reunion-mariages\/mariage\/palazzo-della-porta\/#breadcrumb\"},\"inLanguage\":\"fr-FR\",\"potentialAction\":[{\"@type\":\"ReadAction\",\"target\":[\"https:\/\/www.parkhotelaicappuccini.it\/fr\/reunion-mariages\/mariage\/palazzo-della-porta\/\"]}]},{\"@type\":\"BreadcrumbList\",\"@id\":\"https:\/\/www.parkhotelaicappuccini.it\/fr\/reunion-mariages\/mariage\/palazzo-della-porta\/#breadcrumb\",\"itemListElement\":[{\"@type\":\"ListItem\",\"position\":1,\"name\":\"Home\",\"item\":\"https:\/\/www.parkhotelaicappuccini.it\/fr\/\"},{\"@type\":\"ListItem\",\"position\":2,\"name\":\"R\u00e9union &#038; Mariages\",\"item\":\"https:\/\/www.parkhotelaicappuccini.it\/fr\/reunion-mariages\/\"},{\"@type\":\"ListItem\",\"position\":3,\"name\":\"Mariage\",\"item\":\"https:\/\/www.parkhotelaicappuccini.it\/fr\/reunion-mariages\/mariage\/\"},{\"@type\":\"ListItem\",\"position\":4,\"name\":\"Palazzo della Porta\"}]},{\"@type\":\"WebSite\",\"@id\":\"https:\/\/www.parkhotelaicappuccini.it\/fr\/#website\",\"url\":\"https:\/\/www.parkhotelaicappuccini.it\/fr\/\",\"name\":\"Park Hotel Ai Cappuccini\",\"description\":\"Just another ms.decms.eu site\",\"potentialAction\":[{\"@type\":\"SearchAction\",\"target\":{\"@type\":\"EntryPoint\",\"urlTemplate\":\"https:\/\/www.parkhotelaicappuccini.it\/fr\/?s={search_term_string}\"},\"query-input\":{\"@type\":\"PropertyValueSpecification\",\"valueRequired\":true,\"valueName\":\"search_term_string\"}}],\"inLanguage\":\"fr-FR\"}]}<\/script>\n<!-- \/ Yoast SEO plugin. -->","yoast_head_json":{"title":"Palazzo della Porta - Park Hotel Ai Cappuccini -","description":"Le \u00ab Palais de la Porte \u00bb est une des plus charmantes r\u00e9sidences de la ville. Ce palais remonte au XVe si\u00e8cle et son nom vient de l\u2019illustre nom de famille.  Enrichi par des pi\u00e8ces d\u2019\u00e9poque, parmi lesquelles le portail imposant du XVIe si\u00e8cle en pierre de gr\u00e8s et r\u00e9cemment restaur\u00e9, il offre un cadre charmant pour des \u00e9v\u00e9nements exclusifs au c\u0153ur du centre historique de Gubbio, la \u00ab ville en pierre \u00bb.","robots":{"index":"index","follow":"follow","max-snippet":"max-snippet:-1","max-image-preview":"max-image-preview:large","max-video-preview":"max-video-preview:-1"},"canonical":"https:\/\/www.parkhotelaicappuccini.it\/fr\/reunion-mariages\/mariage\/palazzo-della-porta\/","og_locale":"fr_FR","og_type":"article","og_title":"Palazzo della Porta - Park Hotel Ai Cappuccini -","og_description":"Le \u00ab Palais de la Porte \u00bb est une des plus charmantes r\u00e9sidences de la ville. Ce palais remonte au XVe si\u00e8cle et son nom vient de l\u2019illustre nom de famille.  Enrichi par des pi\u00e8ces d\u2019\u00e9poque, parmi lesquelles le portail imposant du XVIe si\u00e8cle en pierre de gr\u00e8s et r\u00e9cemment restaur\u00e9, il offre un cadre charmant pour des \u00e9v\u00e9nements exclusifs au c\u0153ur du centre historique de Gubbio, la \u00ab ville en pierre \u00bb.","og_url":"https:\/\/www.parkhotelaicappuccini.it\/fr\/reunion-mariages\/mariage\/palazzo-della-porta\/","og_site_name":"Park Hotel Ai Cappuccini","article_modified_time":"2021-12-20T14:36:22+00:00","og_image":[{"width":1200,"height":666,"url":"https:\/\/www.parkhotelaicappuccini.it\/wp-content\/uploads\/sites\/385\/2021\/12\/Parco-Acque-6.jpg","type":"image\/jpeg"}],"twitter_card":"summary_large_image","twitter_misc":{"Dur\u00e9e de lecture estim\u00e9e":"1 minute"},"schema":{"@context":"https:\/\/schema.org","@graph":[{"@type":"WebPage","@id":"https:\/\/www.parkhotelaicappuccini.it\/fr\/reunion-mariages\/mariage\/palazzo-della-porta\/","url":"https:\/\/www.parkhotelaicappuccini.it\/fr\/reunion-mariages\/mariage\/palazzo-della-porta\/","name":"Palazzo della Porta - Park Hotel Ai Cappuccini -","isPartOf":{"@id":"https:\/\/www.parkhotelaicappuccini.it\/fr\/#website"},"datePublished":"2021-12-20T14:33:02+00:00","dateModified":"2021-12-20T14:36:22+00:00","description":"Le \u00ab Palais de la Porte \u00bb est une des plus charmantes r\u00e9sidences de la ville. Ce palais remonte au XVe si\u00e8cle et son nom vient de l\u2019illustre nom de famille. Enrichi par des pi\u00e8ces d\u2019\u00e9poque, parmi lesquelles le portail imposant du XVIe si\u00e8cle en pierre de gr\u00e8s et r\u00e9cemment restaur\u00e9, il offre un cadre charmant pour des \u00e9v\u00e9nements exclusifs au c\u0153ur du centre historique de Gubbio, la \u00ab ville en pierre \u00bb.","breadcrumb":{"@id":"https:\/\/www.parkhotelaicappuccini.it\/fr\/reunion-mariages\/mariage\/palazzo-della-porta\/#breadcrumb"},"inLanguage":"fr-FR","potentialAction":[{"@type":"ReadAction","target":["https:\/\/www.parkhotelaicappuccini.it\/fr\/reunion-mariages\/mariage\/palazzo-della-porta\/"]}]},{"@type":"BreadcrumbList","@id":"https:\/\/www.parkhotelaicappuccini.it\/fr\/reunion-mariages\/mariage\/palazzo-della-porta\/#breadcrumb","itemListElement":[{"@type":"ListItem","position":1,"name":"Home","item":"https:\/\/www.parkhotelaicappuccini.it\/fr\/"},{"@type":"ListItem","position":2,"name":"R\u00e9union &#038; Mariages","item":"https:\/\/www.parkhotelaicappuccini.it\/fr\/reunion-mariages\/"},{"@type":"ListItem","position":3,"name":"Mariage","item":"https:\/\/www.parkhotelaicappuccini.it\/fr\/reunion-mariages\/mariage\/"},{"@type":"ListItem","position":4,"name":"Palazzo della Porta"}]},{"@type":"WebSite","@id":"https:\/\/www.parkhotelaicappuccini.it\/fr\/#website","url":"https:\/\/www.parkhotelaicappuccini.it\/fr\/","name":"Park Hotel Ai Cappuccini","description":"Just another ms.decms.eu site","potentialAction":[{"@type":"SearchAction","target":{"@type":"EntryPoint","urlTemplate":"https:\/\/www.parkhotelaicappuccini.it\/fr\/?s={search_term_string}"},"query-input":{"@type":"PropertyValueSpecification","valueRequired":true,"valueName":"search_term_string"}}],"inLanguage":"fr-FR"}]}},"acf":[],"_links":{"self":[{"href":"https:\/\/www.parkhotelaicappuccini.it\/fr\/wp-json\/wp\/v2\/pages\/463","targetHints":{"allow":["GET"]}}],"collection":[{"href":"https:\/\/www.parkhotelaicappuccini.it\/fr\/wp-json\/wp\/v2\/pages"}],"about":[{"href":"https:\/\/www.parkhotelaicappuccini.it\/fr\/wp-json\/wp\/v2\/types\/page"}],"author":[{"embeddable":true,"href":"https:\/\/www.parkhotelaicappuccini.it\/fr\/wp-json\/wp\/v2\/users\/36"}],"replies":[{"embeddable":true,"href":"https:\/\/www.parkhotelaicappuccini.it\/fr\/wp-json\/wp\/v2\/comments?post=463"}],"version-history":[{"count":0,"href":"https:\/\/www.parkhotelaicappuccini.it\/fr\/wp-json\/wp\/v2\/pages\/463\/revisions"}],"up":[{"embeddable":true,"href":"https:\/\/www.parkhotelaicappuccini.it\/fr\/wp-json\/wp\/v2\/pages\/381"}],"wp:attachment":[{"href":"https:\/\/www.parkhotelaicappuccini.it\/fr\/wp-json\/wp\/v2\/media?parent=463"}],"curies":[{"name":"wp","href":"https:\/\/api.w.org\/{rel}","templated":true}]}}