{"id":340,"date":"2021-12-17T10:24:47","date_gmt":"2021-12-17T10:24:47","guid":{"rendered":"https:\/\/park-hotel-ai-cappuccini.ms.decms.eu\/?page_id=340"},"modified":"2022-01-10T08:38:28","modified_gmt":"2022-01-10T08:38:28","slug":"salle-europa","status":"publish","type":"page","link":"https:\/\/www.parkhotelaicappuccini.it\/fr\/reunion-mariages\/reunion\/salle-europa\/","title":{"rendered":"SALLE EUROPA"},"content":{"rendered":"<p>La sale Europa avec ses 438 m\u00b2 est la plus grande du Centre Congr\u00e8s du Park H\u00f4tel ai Cappuccini.<\/p>\n<p>Sa caract\u00e9ristique principale est la flexibilit\u00e9 d\u2019emploi : ses parois \u00e0 coulisse sont insonoris\u00e9s pour toutes les diff\u00e9rentes exigences qui peuvent d\u00e9river pour un congr\u00e8s.<\/p>\n","protected":false},"excerpt":{"rendered":"<p>La sale Europa avec ses 438 m\u00b2 est la plus grande du Centre Congr\u00e8s du Park H\u00f4tel ai Cappuccini. Sa caract\u00e9ristique principale est la flexibilit\u00e9 d\u2019emploi : ses parois \u00e0 coulisse sont insonoris\u00e9s pour toutes les diff\u00e9rentes exigences qui peuvent d\u00e9river pour un congr\u00e8s.<\/p>\n","protected":false},"author":36,"featured_media":0,"parent":286,"menu_order":15,"comment_status":"closed","ping_status":"closed","template":"template-meeting.php","meta":{"footnotes":""},"class_list":["post-340","page","type-page","status-publish","hentry"],"yoast_head":"<!-- This site is optimized with the Yoast SEO plugin v26.9 - https:\/\/yoast.com\/product\/yoast-seo-wordpress\/ -->\n<title>SALLE EUROPA - Park Hotel Ai Cappuccini -<\/title>\n<meta name=\"description\" content=\"La sale Europa avec ses 438 m\u00b2 est la plus grande du Centre Congr\u00e8s du Park H\u00f4tel ai Cappuccini.  Sa caract\u00e9ristique principale est la flexibilit\u00e9 d\u2019emploi : ses parois \u00e0 coulisse sont insonoris\u00e9s pour toutes les diff\u00e9rentes exigences qui peuvent d\u00e9river pour un congr\u00e8s..\" \/>\n<meta name=\"robots\" content=\"index, follow, max-snippet:-1, max-image-preview:large, max-video-preview:-1\" \/>\n<link rel=\"canonical\" href=\"https:\/\/www.parkhotelaicappuccini.it\/fr\/reunion-mariages\/reunion\/salle-europa\/\" \/>\n<meta property=\"og:locale\" content=\"fr_FR\" \/>\n<meta property=\"og:type\" content=\"article\" \/>\n<meta property=\"og:title\" content=\"SALLE EUROPA - Park Hotel Ai Cappuccini -\" \/>\n<meta property=\"og:description\" content=\"La sale Europa avec ses 438 m\u00b2 est la plus grande du Centre Congr\u00e8s du Park H\u00f4tel ai Cappuccini.  Sa caract\u00e9ristique principale est la flexibilit\u00e9 d\u2019emploi : ses parois \u00e0 coulisse sont insonoris\u00e9s pour toutes les diff\u00e9rentes exigences qui peuvent d\u00e9river pour un congr\u00e8s..\" \/>\n<meta property=\"og:url\" content=\"https:\/\/www.parkhotelaicappuccini.it\/fr\/reunion-mariages\/reunion\/salle-europa\/\" \/>\n<meta property=\"og:site_name\" content=\"Park Hotel Ai Cappuccini\" \/>\n<meta property=\"article:modified_time\" content=\"2022-01-10T08:38:28+00:00\" \/>\n<meta property=\"og:image\" content=\"https:\/\/www.parkhotelaicappuccini.it\/wp-content\/uploads\/sites\/385\/2021\/12\/Parco-Acque-6.jpg\" \/>\n\t<meta property=\"og:image:width\" content=\"1200\" \/>\n\t<meta property=\"og:image:height\" content=\"666\" \/>\n\t<meta property=\"og:image:type\" content=\"image\/jpeg\" \/>\n<meta name=\"twitter:card\" content=\"summary_large_image\" \/>\n<meta name=\"twitter:label1\" content=\"Dur\u00e9e de lecture estim\u00e9e\" \/>\n\t<meta name=\"twitter:data1\" content=\"1 minute\" \/>\n<script type=\"application\/ld+json\" class=\"yoast-schema-graph\">{\"@context\":\"https:\/\/schema.org\",\"@graph\":[{\"@type\":\"WebPage\",\"@id\":\"https:\/\/www.parkhotelaicappuccini.it\/fr\/reunion-mariages\/reunion\/salle-europa\/\",\"url\":\"https:\/\/www.parkhotelaicappuccini.it\/fr\/reunion-mariages\/reunion\/salle-europa\/\",\"name\":\"SALLE EUROPA - Park Hotel Ai Cappuccini -\",\"isPartOf\":{\"@id\":\"https:\/\/www.parkhotelaicappuccini.it\/fr\/#website\"},\"datePublished\":\"2021-12-17T10:24:47+00:00\",\"dateModified\":\"2022-01-10T08:38:28+00:00\",\"description\":\"La sale Europa avec ses 438 m\u00b2 est la plus grande du Centre Congr\u00e8s du Park H\u00f4tel ai Cappuccini. Sa caract\u00e9ristique principale est la flexibilit\u00e9 d\u2019emploi : ses parois \u00e0 coulisse sont insonoris\u00e9s pour toutes les diff\u00e9rentes exigences qui peuvent d\u00e9river pour un congr\u00e8s..\",\"breadcrumb\":{\"@id\":\"https:\/\/www.parkhotelaicappuccini.it\/fr\/reunion-mariages\/reunion\/salle-europa\/#breadcrumb\"},\"inLanguage\":\"fr-FR\",\"potentialAction\":[{\"@type\":\"ReadAction\",\"target\":[\"https:\/\/www.parkhotelaicappuccini.it\/fr\/reunion-mariages\/reunion\/salle-europa\/\"]}]},{\"@type\":\"BreadcrumbList\",\"@id\":\"https:\/\/www.parkhotelaicappuccini.it\/fr\/reunion-mariages\/reunion\/salle-europa\/#breadcrumb\",\"itemListElement\":[{\"@type\":\"ListItem\",\"position\":1,\"name\":\"Home\",\"item\":\"https:\/\/www.parkhotelaicappuccini.it\/fr\/\"},{\"@type\":\"ListItem\",\"position\":2,\"name\":\"R\u00e9union &#038; Mariages\",\"item\":\"https:\/\/www.parkhotelaicappuccini.it\/fr\/reunion-mariages\/\"},{\"@type\":\"ListItem\",\"position\":3,\"name\":\"Reunion\",\"item\":\"https:\/\/www.parkhotelaicappuccini.it\/fr\/reunion-mariages\/reunion\/\"},{\"@type\":\"ListItem\",\"position\":4,\"name\":\"SALLE EUROPA\"}]},{\"@type\":\"WebSite\",\"@id\":\"https:\/\/www.parkhotelaicappuccini.it\/fr\/#website\",\"url\":\"https:\/\/www.parkhotelaicappuccini.it\/fr\/\",\"name\":\"Park Hotel Ai Cappuccini\",\"description\":\"Just another ms.decms.eu site\",\"potentialAction\":[{\"@type\":\"SearchAction\",\"target\":{\"@type\":\"EntryPoint\",\"urlTemplate\":\"https:\/\/www.parkhotelaicappuccini.it\/fr\/?s={search_term_string}\"},\"query-input\":{\"@type\":\"PropertyValueSpecification\",\"valueRequired\":true,\"valueName\":\"search_term_string\"}}],\"inLanguage\":\"fr-FR\"}]}<\/script>\n<!-- \/ Yoast SEO plugin. -->","yoast_head_json":{"title":"SALLE EUROPA - Park Hotel Ai Cappuccini -","description":"La sale Europa avec ses 438 m\u00b2 est la plus grande du Centre Congr\u00e8s du Park H\u00f4tel ai Cappuccini.  Sa caract\u00e9ristique principale est la flexibilit\u00e9 d\u2019emploi : ses parois \u00e0 coulisse sont insonoris\u00e9s pour toutes les diff\u00e9rentes exigences qui peuvent d\u00e9river pour un congr\u00e8s..","robots":{"index":"index","follow":"follow","max-snippet":"max-snippet:-1","max-image-preview":"max-image-preview:large","max-video-preview":"max-video-preview:-1"},"canonical":"https:\/\/www.parkhotelaicappuccini.it\/fr\/reunion-mariages\/reunion\/salle-europa\/","og_locale":"fr_FR","og_type":"article","og_title":"SALLE EUROPA - Park Hotel Ai Cappuccini -","og_description":"La sale Europa avec ses 438 m\u00b2 est la plus grande du Centre Congr\u00e8s du Park H\u00f4tel ai Cappuccini.  Sa caract\u00e9ristique principale est la flexibilit\u00e9 d\u2019emploi : ses parois \u00e0 coulisse sont insonoris\u00e9s pour toutes les diff\u00e9rentes exigences qui peuvent d\u00e9river pour un congr\u00e8s..","og_url":"https:\/\/www.parkhotelaicappuccini.it\/fr\/reunion-mariages\/reunion\/salle-europa\/","og_site_name":"Park Hotel Ai Cappuccini","article_modified_time":"2022-01-10T08:38:28+00:00","og_image":[{"width":1200,"height":666,"url":"https:\/\/www.parkhotelaicappuccini.it\/wp-content\/uploads\/sites\/385\/2021\/12\/Parco-Acque-6.jpg","type":"image\/jpeg"}],"twitter_card":"summary_large_image","twitter_misc":{"Dur\u00e9e de lecture estim\u00e9e":"1 minute"},"schema":{"@context":"https:\/\/schema.org","@graph":[{"@type":"WebPage","@id":"https:\/\/www.parkhotelaicappuccini.it\/fr\/reunion-mariages\/reunion\/salle-europa\/","url":"https:\/\/www.parkhotelaicappuccini.it\/fr\/reunion-mariages\/reunion\/salle-europa\/","name":"SALLE EUROPA - Park Hotel Ai Cappuccini -","isPartOf":{"@id":"https:\/\/www.parkhotelaicappuccini.it\/fr\/#website"},"datePublished":"2021-12-17T10:24:47+00:00","dateModified":"2022-01-10T08:38:28+00:00","description":"La sale Europa avec ses 438 m\u00b2 est la plus grande du Centre Congr\u00e8s du Park H\u00f4tel ai Cappuccini. Sa caract\u00e9ristique principale est la flexibilit\u00e9 d\u2019emploi : ses parois \u00e0 coulisse sont insonoris\u00e9s pour toutes les diff\u00e9rentes exigences qui peuvent d\u00e9river pour un congr\u00e8s..","breadcrumb":{"@id":"https:\/\/www.parkhotelaicappuccini.it\/fr\/reunion-mariages\/reunion\/salle-europa\/#breadcrumb"},"inLanguage":"fr-FR","potentialAction":[{"@type":"ReadAction","target":["https:\/\/www.parkhotelaicappuccini.it\/fr\/reunion-mariages\/reunion\/salle-europa\/"]}]},{"@type":"BreadcrumbList","@id":"https:\/\/www.parkhotelaicappuccini.it\/fr\/reunion-mariages\/reunion\/salle-europa\/#breadcrumb","itemListElement":[{"@type":"ListItem","position":1,"name":"Home","item":"https:\/\/www.parkhotelaicappuccini.it\/fr\/"},{"@type":"ListItem","position":2,"name":"R\u00e9union &#038; Mariages","item":"https:\/\/www.parkhotelaicappuccini.it\/fr\/reunion-mariages\/"},{"@type":"ListItem","position":3,"name":"Reunion","item":"https:\/\/www.parkhotelaicappuccini.it\/fr\/reunion-mariages\/reunion\/"},{"@type":"ListItem","position":4,"name":"SALLE EUROPA"}]},{"@type":"WebSite","@id":"https:\/\/www.parkhotelaicappuccini.it\/fr\/#website","url":"https:\/\/www.parkhotelaicappuccini.it\/fr\/","name":"Park Hotel Ai Cappuccini","description":"Just another ms.decms.eu site","potentialAction":[{"@type":"SearchAction","target":{"@type":"EntryPoint","urlTemplate":"https:\/\/www.parkhotelaicappuccini.it\/fr\/?s={search_term_string}"},"query-input":{"@type":"PropertyValueSpecification","valueRequired":true,"valueName":"search_term_string"}}],"inLanguage":"fr-FR"}]}},"acf":[],"_links":{"self":[{"href":"https:\/\/www.parkhotelaicappuccini.it\/fr\/wp-json\/wp\/v2\/pages\/340","targetHints":{"allow":["GET"]}}],"collection":[{"href":"https:\/\/www.parkhotelaicappuccini.it\/fr\/wp-json\/wp\/v2\/pages"}],"about":[{"href":"https:\/\/www.parkhotelaicappuccini.it\/fr\/wp-json\/wp\/v2\/types\/page"}],"author":[{"embeddable":true,"href":"https:\/\/www.parkhotelaicappuccini.it\/fr\/wp-json\/wp\/v2\/users\/36"}],"replies":[{"embeddable":true,"href":"https:\/\/www.parkhotelaicappuccini.it\/fr\/wp-json\/wp\/v2\/comments?post=340"}],"version-history":[{"count":0,"href":"https:\/\/www.parkhotelaicappuccini.it\/fr\/wp-json\/wp\/v2\/pages\/340\/revisions"}],"up":[{"embeddable":true,"href":"https:\/\/www.parkhotelaicappuccini.it\/fr\/wp-json\/wp\/v2\/pages\/286"}],"wp:attachment":[{"href":"https:\/\/www.parkhotelaicappuccini.it\/fr\/wp-json\/wp\/v2\/media?parent=340"}],"curies":[{"name":"wp","href":"https:\/\/api.w.org\/{rel}","templated":true}]}}