{"id":313,"date":"2021-12-16T16:28:06","date_gmt":"2021-12-16T16:28:06","guid":{"rendered":"https:\/\/park-hotel-ai-cappuccini.ms.decms.eu\/?page_id=313"},"modified":"2022-01-10T08:26:25","modified_gmt":"2022-01-10T08:26:25","slug":"salle-tavole-eugubine","status":"publish","type":"page","link":"https:\/\/www.parkhotelaicappuccini.it\/fr\/reunion-mariages\/reunion\/salle-tavole-eugubine\/","title":{"rendered":"SALLE \u00abTAVOLE EUGUBINE\u00bb"},"content":{"rendered":"<p>Cette salle est s\u00fbrement la plus int\u00e9ressante du Centre Congr\u00e8s. Le nom vient des Tables de bronze de Gubbio (\u00ab Eugubine \u00bb) qui d\u00e9crivaient les c\u00e9r\u00e9monies religieuses des anciens ombriens et qui remontent au IIIe \u2013 Ie si\u00e8cle avant J\u00e9sus-Christ et d\u00e9couvertes en 1444, aujourd\u2019hui conserv\u00e9es dans le mus\u00e9e du Palais des Consuls (Palazzo dei Consoli).<\/p>\n<p>Cette salle se trouve au premier \u00e9tage, les arcades et les vo\u00fbtes du plafond ont \u00e9t\u00e9 enti\u00e8rement construites en briques exprimant une mystique simplicit\u00e9 monastique.<\/p>\n<p>Les petites fen\u00eatres en enfilade retiennent la puissante lumi\u00e8re qui en exalte la beaut\u00e9 architecturale.<br \/>\n<img loading=\"lazy\" decoding=\"async\" class=\"alignnone size-medium wp-image-354\" src=\"https:\/\/park-hotel-ai-cappuccini.ms.decms.eu\/wp-content\/uploads\/sites\/385\/2021\/12\/PiantaSalaTavole-234x300.jpg\" alt=\"\" width=\"234\" height=\"300\" srcset=\"https:\/\/www.parkhotelaicappuccini.it\/wp-content\/uploads\/sites\/385\/2021\/12\/PiantaSalaTavole-234x300.jpg 234w, https:\/\/www.parkhotelaicappuccini.it\/wp-content\/uploads\/sites\/385\/2021\/12\/PiantaSalaTavole-200x256.jpg 200w, https:\/\/www.parkhotelaicappuccini.it\/wp-content\/uploads\/sites\/385\/2021\/12\/PiantaSalaTavole.jpg 250w\" sizes=\"auto, (max-width: 234px) 100vw, 234px\" \/><br \/>\nPAX 82 &#8211; Platea &#8211; mq. 110<\/p>\n<p>PAX 54 &#8211; Shool &#8211; mq. 110<\/p>\n<p>PAX 39 &#8211; U-shape &#8211; mq. 110<\/p>\n","protected":false},"excerpt":{"rendered":"<p>Cette salle est s\u00fbrement la plus int\u00e9ressante du Centre Congr\u00e8s. Le nom vient des Tables de bronze de Gubbio (\u00ab Eugubine \u00bb) qui d\u00e9crivaient les c\u00e9r\u00e9monies religieuses des anciens ombriens et qui remontent au IIIe \u2013 Ie si\u00e8cle avant J\u00e9sus-Christ et d\u00e9couvertes en 1444, aujourd\u2019hui conserv\u00e9es dans le mus\u00e9e du Palais des Consuls (Palazzo dei [&hellip;]<\/p>\n","protected":false},"author":36,"featured_media":0,"parent":286,"menu_order":10,"comment_status":"closed","ping_status":"closed","template":"template-meeting.php","meta":{"footnotes":""},"class_list":["post-313","page","type-page","status-publish","hentry"],"yoast_head":"<!-- This site is optimized with the Yoast SEO plugin v26.9 - https:\/\/yoast.com\/product\/yoast-seo-wordpress\/ -->\n<title>SALLE \u00abTAVOLE EUGUBINE\u00bb - Park Hotel Ai Cappuccini -<\/title>\n<meta name=\"description\" content=\"Cette salle est s\u00fbrement la plus int\u00e9ressante du Centre Congr\u00e8s. Le nom vient des Tables de bronze de Gubbio (\u00ab Eugubine \u00bb) qui d\u00e9crivaient les c\u00e9r\u00e9monies religieuses des anciens ombriens et qui remontent au IIIe \u2013 Ie si\u00e8cle avant J\u00e9sus-Christ et d\u00e9couvertes en 1444, aujourd\u2019hui conserv\u00e9es dans le mus\u00e9e du Palais des Consuls (Palazzo dei Consoli).  Cette salle se trouve au premier \u00e9tage, les arcades et les vo\u00fbtes du plafond ont \u00e9t\u00e9 enti\u00e8rement construites en briques exprimant une mystique simplicit\u00e9 monastique.  Les petites fen\u00eatres en enfilade retiennent la puissante lumi\u00e8re qui en exalte la beaut\u00e9 architecturale.  PAX 82 - Platea - mq\" \/>\n<meta name=\"robots\" content=\"index, follow, max-snippet:-1, max-image-preview:large, max-video-preview:-1\" \/>\n<link rel=\"canonical\" href=\"https:\/\/www.parkhotelaicappuccini.it\/fr\/reunion-mariages\/reunion\/salle-tavole-eugubine\/\" \/>\n<meta property=\"og:locale\" content=\"fr_FR\" \/>\n<meta property=\"og:type\" content=\"article\" \/>\n<meta property=\"og:title\" content=\"SALLE \u00abTAVOLE EUGUBINE\u00bb - Park Hotel Ai Cappuccini -\" \/>\n<meta property=\"og:description\" content=\"Cette salle est s\u00fbrement la plus int\u00e9ressante du Centre Congr\u00e8s. Le nom vient des Tables de bronze de Gubbio (\u00ab Eugubine \u00bb) qui d\u00e9crivaient les c\u00e9r\u00e9monies religieuses des anciens ombriens et qui remontent au IIIe \u2013 Ie si\u00e8cle avant J\u00e9sus-Christ et d\u00e9couvertes en 1444, aujourd\u2019hui conserv\u00e9es dans le mus\u00e9e du Palais des Consuls (Palazzo dei Consoli).  Cette salle se trouve au premier \u00e9tage, les arcades et les vo\u00fbtes du plafond ont \u00e9t\u00e9 enti\u00e8rement construites en briques exprimant une mystique simplicit\u00e9 monastique.  Les petites fen\u00eatres en enfilade retiennent la puissante lumi\u00e8re qui en exalte la beaut\u00e9 architecturale.  PAX 82 - Platea - mq\" \/>\n<meta property=\"og:url\" content=\"https:\/\/www.parkhotelaicappuccini.it\/fr\/reunion-mariages\/reunion\/salle-tavole-eugubine\/\" \/>\n<meta property=\"og:site_name\" content=\"Park Hotel Ai Cappuccini\" \/>\n<meta property=\"article:modified_time\" content=\"2022-01-10T08:26:25+00:00\" \/>\n<meta property=\"og:image\" content=\"https:\/\/park-hotel-ai-cappuccini.ms.decms.eu\/wp-content\/uploads\/sites\/385\/2021\/12\/PiantaSalaTavole-234x300.jpg\" \/>\n<meta name=\"twitter:card\" content=\"summary_large_image\" \/>\n<meta name=\"twitter:label1\" content=\"Dur\u00e9e de lecture estim\u00e9e\" \/>\n\t<meta name=\"twitter:data1\" content=\"1 minute\" \/>\n<script type=\"application\/ld+json\" class=\"yoast-schema-graph\">{\"@context\":\"https:\/\/schema.org\",\"@graph\":[{\"@type\":\"WebPage\",\"@id\":\"https:\/\/www.parkhotelaicappuccini.it\/fr\/reunion-mariages\/reunion\/salle-tavole-eugubine\/\",\"url\":\"https:\/\/www.parkhotelaicappuccini.it\/fr\/reunion-mariages\/reunion\/salle-tavole-eugubine\/\",\"name\":\"SALLE \u00abTAVOLE EUGUBINE\u00bb - Park Hotel Ai Cappuccini -\",\"isPartOf\":{\"@id\":\"https:\/\/www.parkhotelaicappuccini.it\/fr\/#website\"},\"primaryImageOfPage\":{\"@id\":\"https:\/\/www.parkhotelaicappuccini.it\/fr\/reunion-mariages\/reunion\/salle-tavole-eugubine\/#primaryimage\"},\"image\":{\"@id\":\"https:\/\/www.parkhotelaicappuccini.it\/fr\/reunion-mariages\/reunion\/salle-tavole-eugubine\/#primaryimage\"},\"thumbnailUrl\":\"https:\/\/park-hotel-ai-cappuccini.ms.decms.eu\/wp-content\/uploads\/sites\/385\/2021\/12\/PiantaSalaTavole-234x300.jpg\",\"datePublished\":\"2021-12-16T16:28:06+00:00\",\"dateModified\":\"2022-01-10T08:26:25+00:00\",\"description\":\"Cette salle est s\u00fbrement la plus int\u00e9ressante du Centre Congr\u00e8s. Le nom vient des Tables de bronze de Gubbio (\u00ab Eugubine \u00bb) qui d\u00e9crivaient les c\u00e9r\u00e9monies religieuses des anciens ombriens et qui remontent au IIIe \u2013 Ie si\u00e8cle avant J\u00e9sus-Christ et d\u00e9couvertes en 1444, aujourd\u2019hui conserv\u00e9es dans le mus\u00e9e du Palais des Consuls (Palazzo dei Consoli). Cette salle se trouve au premier \u00e9tage, les arcades et les vo\u00fbtes du plafond ont \u00e9t\u00e9 enti\u00e8rement construites en briques exprimant une mystique simplicit\u00e9 monastique. Les petites fen\u00eatres en enfilade retiennent la puissante lumi\u00e8re qui en exalte la beaut\u00e9 architecturale. PAX 82 - Platea - mq\",\"breadcrumb\":{\"@id\":\"https:\/\/www.parkhotelaicappuccini.it\/fr\/reunion-mariages\/reunion\/salle-tavole-eugubine\/#breadcrumb\"},\"inLanguage\":\"fr-FR\",\"potentialAction\":[{\"@type\":\"ReadAction\",\"target\":[\"https:\/\/www.parkhotelaicappuccini.it\/fr\/reunion-mariages\/reunion\/salle-tavole-eugubine\/\"]}]},{\"@type\":\"ImageObject\",\"inLanguage\":\"fr-FR\",\"@id\":\"https:\/\/www.parkhotelaicappuccini.it\/fr\/reunion-mariages\/reunion\/salle-tavole-eugubine\/#primaryimage\",\"url\":\"https:\/\/park-hotel-ai-cappuccini.ms.decms.eu\/wp-content\/uploads\/sites\/385\/2021\/12\/PiantaSalaTavole-234x300.jpg\",\"contentUrl\":\"https:\/\/park-hotel-ai-cappuccini.ms.decms.eu\/wp-content\/uploads\/sites\/385\/2021\/12\/PiantaSalaTavole-234x300.jpg\"},{\"@type\":\"BreadcrumbList\",\"@id\":\"https:\/\/www.parkhotelaicappuccini.it\/fr\/reunion-mariages\/reunion\/salle-tavole-eugubine\/#breadcrumb\",\"itemListElement\":[{\"@type\":\"ListItem\",\"position\":1,\"name\":\"Home\",\"item\":\"https:\/\/www.parkhotelaicappuccini.it\/fr\/\"},{\"@type\":\"ListItem\",\"position\":2,\"name\":\"R\u00e9union &#038; Mariages\",\"item\":\"https:\/\/www.parkhotelaicappuccini.it\/fr\/reunion-mariages\/\"},{\"@type\":\"ListItem\",\"position\":3,\"name\":\"Reunion\",\"item\":\"https:\/\/www.parkhotelaicappuccini.it\/fr\/reunion-mariages\/reunion\/\"},{\"@type\":\"ListItem\",\"position\":4,\"name\":\"SALLE \u00abTAVOLE EUGUBINE\u00bb\"}]},{\"@type\":\"WebSite\",\"@id\":\"https:\/\/www.parkhotelaicappuccini.it\/fr\/#website\",\"url\":\"https:\/\/www.parkhotelaicappuccini.it\/fr\/\",\"name\":\"Park Hotel Ai Cappuccini\",\"description\":\"Just another ms.decms.eu site\",\"potentialAction\":[{\"@type\":\"SearchAction\",\"target\":{\"@type\":\"EntryPoint\",\"urlTemplate\":\"https:\/\/www.parkhotelaicappuccini.it\/fr\/?s={search_term_string}\"},\"query-input\":{\"@type\":\"PropertyValueSpecification\",\"valueRequired\":true,\"valueName\":\"search_term_string\"}}],\"inLanguage\":\"fr-FR\"}]}<\/script>\n<!-- \/ Yoast SEO plugin. -->","yoast_head_json":{"title":"SALLE \u00abTAVOLE EUGUBINE\u00bb - Park Hotel Ai Cappuccini -","description":"Cette salle est s\u00fbrement la plus int\u00e9ressante du Centre Congr\u00e8s. Le nom vient des Tables de bronze de Gubbio (\u00ab Eugubine \u00bb) qui d\u00e9crivaient les c\u00e9r\u00e9monies religieuses des anciens ombriens et qui remontent au IIIe \u2013 Ie si\u00e8cle avant J\u00e9sus-Christ et d\u00e9couvertes en 1444, aujourd\u2019hui conserv\u00e9es dans le mus\u00e9e du Palais des Consuls (Palazzo dei Consoli).  Cette salle se trouve au premier \u00e9tage, les arcades et les vo\u00fbtes du plafond ont \u00e9t\u00e9 enti\u00e8rement construites en briques exprimant une mystique simplicit\u00e9 monastique.  Les petites fen\u00eatres en enfilade retiennent la puissante lumi\u00e8re qui en exalte la beaut\u00e9 architecturale.  PAX 82 - Platea - mq","robots":{"index":"index","follow":"follow","max-snippet":"max-snippet:-1","max-image-preview":"max-image-preview:large","max-video-preview":"max-video-preview:-1"},"canonical":"https:\/\/www.parkhotelaicappuccini.it\/fr\/reunion-mariages\/reunion\/salle-tavole-eugubine\/","og_locale":"fr_FR","og_type":"article","og_title":"SALLE \u00abTAVOLE EUGUBINE\u00bb - Park Hotel Ai Cappuccini -","og_description":"Cette salle est s\u00fbrement la plus int\u00e9ressante du Centre Congr\u00e8s. Le nom vient des Tables de bronze de Gubbio (\u00ab Eugubine \u00bb) qui d\u00e9crivaient les c\u00e9r\u00e9monies religieuses des anciens ombriens et qui remontent au IIIe \u2013 Ie si\u00e8cle avant J\u00e9sus-Christ et d\u00e9couvertes en 1444, aujourd\u2019hui conserv\u00e9es dans le mus\u00e9e du Palais des Consuls (Palazzo dei Consoli).  Cette salle se trouve au premier \u00e9tage, les arcades et les vo\u00fbtes du plafond ont \u00e9t\u00e9 enti\u00e8rement construites en briques exprimant une mystique simplicit\u00e9 monastique.  Les petites fen\u00eatres en enfilade retiennent la puissante lumi\u00e8re qui en exalte la beaut\u00e9 architecturale.  PAX 82 - Platea - mq","og_url":"https:\/\/www.parkhotelaicappuccini.it\/fr\/reunion-mariages\/reunion\/salle-tavole-eugubine\/","og_site_name":"Park Hotel Ai Cappuccini","article_modified_time":"2022-01-10T08:26:25+00:00","og_image":[{"url":"https:\/\/park-hotel-ai-cappuccini.ms.decms.eu\/wp-content\/uploads\/sites\/385\/2021\/12\/PiantaSalaTavole-234x300.jpg","type":"","width":"","height":""}],"twitter_card":"summary_large_image","twitter_misc":{"Dur\u00e9e de lecture estim\u00e9e":"1 minute"},"schema":{"@context":"https:\/\/schema.org","@graph":[{"@type":"WebPage","@id":"https:\/\/www.parkhotelaicappuccini.it\/fr\/reunion-mariages\/reunion\/salle-tavole-eugubine\/","url":"https:\/\/www.parkhotelaicappuccini.it\/fr\/reunion-mariages\/reunion\/salle-tavole-eugubine\/","name":"SALLE \u00abTAVOLE EUGUBINE\u00bb - Park Hotel Ai Cappuccini -","isPartOf":{"@id":"https:\/\/www.parkhotelaicappuccini.it\/fr\/#website"},"primaryImageOfPage":{"@id":"https:\/\/www.parkhotelaicappuccini.it\/fr\/reunion-mariages\/reunion\/salle-tavole-eugubine\/#primaryimage"},"image":{"@id":"https:\/\/www.parkhotelaicappuccini.it\/fr\/reunion-mariages\/reunion\/salle-tavole-eugubine\/#primaryimage"},"thumbnailUrl":"https:\/\/park-hotel-ai-cappuccini.ms.decms.eu\/wp-content\/uploads\/sites\/385\/2021\/12\/PiantaSalaTavole-234x300.jpg","datePublished":"2021-12-16T16:28:06+00:00","dateModified":"2022-01-10T08:26:25+00:00","description":"Cette salle est s\u00fbrement la plus int\u00e9ressante du Centre Congr\u00e8s. Le nom vient des Tables de bronze de Gubbio (\u00ab Eugubine \u00bb) qui d\u00e9crivaient les c\u00e9r\u00e9monies religieuses des anciens ombriens et qui remontent au IIIe \u2013 Ie si\u00e8cle avant J\u00e9sus-Christ et d\u00e9couvertes en 1444, aujourd\u2019hui conserv\u00e9es dans le mus\u00e9e du Palais des Consuls (Palazzo dei Consoli). Cette salle se trouve au premier \u00e9tage, les arcades et les vo\u00fbtes du plafond ont \u00e9t\u00e9 enti\u00e8rement construites en briques exprimant une mystique simplicit\u00e9 monastique. Les petites fen\u00eatres en enfilade retiennent la puissante lumi\u00e8re qui en exalte la beaut\u00e9 architecturale. PAX 82 - Platea - mq","breadcrumb":{"@id":"https:\/\/www.parkhotelaicappuccini.it\/fr\/reunion-mariages\/reunion\/salle-tavole-eugubine\/#breadcrumb"},"inLanguage":"fr-FR","potentialAction":[{"@type":"ReadAction","target":["https:\/\/www.parkhotelaicappuccini.it\/fr\/reunion-mariages\/reunion\/salle-tavole-eugubine\/"]}]},{"@type":"ImageObject","inLanguage":"fr-FR","@id":"https:\/\/www.parkhotelaicappuccini.it\/fr\/reunion-mariages\/reunion\/salle-tavole-eugubine\/#primaryimage","url":"https:\/\/park-hotel-ai-cappuccini.ms.decms.eu\/wp-content\/uploads\/sites\/385\/2021\/12\/PiantaSalaTavole-234x300.jpg","contentUrl":"https:\/\/park-hotel-ai-cappuccini.ms.decms.eu\/wp-content\/uploads\/sites\/385\/2021\/12\/PiantaSalaTavole-234x300.jpg"},{"@type":"BreadcrumbList","@id":"https:\/\/www.parkhotelaicappuccini.it\/fr\/reunion-mariages\/reunion\/salle-tavole-eugubine\/#breadcrumb","itemListElement":[{"@type":"ListItem","position":1,"name":"Home","item":"https:\/\/www.parkhotelaicappuccini.it\/fr\/"},{"@type":"ListItem","position":2,"name":"R\u00e9union &#038; Mariages","item":"https:\/\/www.parkhotelaicappuccini.it\/fr\/reunion-mariages\/"},{"@type":"ListItem","position":3,"name":"Reunion","item":"https:\/\/www.parkhotelaicappuccini.it\/fr\/reunion-mariages\/reunion\/"},{"@type":"ListItem","position":4,"name":"SALLE \u00abTAVOLE EUGUBINE\u00bb"}]},{"@type":"WebSite","@id":"https:\/\/www.parkhotelaicappuccini.it\/fr\/#website","url":"https:\/\/www.parkhotelaicappuccini.it\/fr\/","name":"Park Hotel Ai Cappuccini","description":"Just another ms.decms.eu site","potentialAction":[{"@type":"SearchAction","target":{"@type":"EntryPoint","urlTemplate":"https:\/\/www.parkhotelaicappuccini.it\/fr\/?s={search_term_string}"},"query-input":{"@type":"PropertyValueSpecification","valueRequired":true,"valueName":"search_term_string"}}],"inLanguage":"fr-FR"}]}},"acf":[],"_links":{"self":[{"href":"https:\/\/www.parkhotelaicappuccini.it\/fr\/wp-json\/wp\/v2\/pages\/313","targetHints":{"allow":["GET"]}}],"collection":[{"href":"https:\/\/www.parkhotelaicappuccini.it\/fr\/wp-json\/wp\/v2\/pages"}],"about":[{"href":"https:\/\/www.parkhotelaicappuccini.it\/fr\/wp-json\/wp\/v2\/types\/page"}],"author":[{"embeddable":true,"href":"https:\/\/www.parkhotelaicappuccini.it\/fr\/wp-json\/wp\/v2\/users\/36"}],"replies":[{"embeddable":true,"href":"https:\/\/www.parkhotelaicappuccini.it\/fr\/wp-json\/wp\/v2\/comments?post=313"}],"version-history":[{"count":0,"href":"https:\/\/www.parkhotelaicappuccini.it\/fr\/wp-json\/wp\/v2\/pages\/313\/revisions"}],"up":[{"embeddable":true,"href":"https:\/\/www.parkhotelaicappuccini.it\/fr\/wp-json\/wp\/v2\/pages\/286"}],"wp:attachment":[{"href":"https:\/\/www.parkhotelaicappuccini.it\/fr\/wp-json\/wp\/v2\/media?parent=313"}],"curies":[{"name":"wp","href":"https:\/\/api.w.org\/{rel}","templated":true}]}}