{"id":296,"date":"2021-12-16T14:36:08","date_gmt":"2021-12-16T14:36:08","guid":{"rendered":"https:\/\/park-hotel-ai-cappuccini.ms.decms.eu\/?page_id=296"},"modified":"2022-01-10T08:30:13","modified_gmt":"2022-01-10T08:30:13","slug":"salle-capogrossi","status":"publish","type":"page","link":"https:\/\/www.parkhotelaicappuccini.it\/fr\/reunion-mariages\/reunion\/salle-capogrossi\/","title":{"rendered":"SALLE CAPOGROSSI"},"content":{"rendered":"<p>La salle Capogrossi est la plus exclusive du Centre Congr\u00e8s du Park H\u00f4tel ai Cappuccini. Le nom vient des fresques qui s\u2019imposent sur les parois ex\u00e9cut\u00e9es par l\u2019artiste de Rome Giuseppe Caporossi qui, par ses id\u00e9ogrammes, repr\u00e9sente un \u00e9v\u00e8nement extraordinaire dans le panorama des artistes du XXe si\u00e8cle.<\/p>\n<p>Cette salle a une contenance de 200 places, des fauteuils confortables recouverts d\u2019alcantara rouge et munis de rabats de jaquette sur les accoudoirs.<br \/>\n<img loading=\"lazy\" decoding=\"async\" class=\"alignnone size-medium wp-image-356\" src=\"https:\/\/park-hotel-ai-cappuccini.ms.decms.eu\/wp-content\/uploads\/sites\/385\/2021\/12\/PiantaSala-Capogrossi-144x300.jpg\" alt=\"\" width=\"144\" height=\"300\" srcset=\"https:\/\/www.parkhotelaicappuccini.it\/wp-content\/uploads\/sites\/385\/2021\/12\/PiantaSala-Capogrossi-144x300.jpg 144w, https:\/\/www.parkhotelaicappuccini.it\/wp-content\/uploads\/sites\/385\/2021\/12\/PiantaSala-Capogrossi.jpg 200w\" sizes=\"auto, (max-width: 144px) 100vw, 144px\" \/><\/p>\n<p>BUREAU D&rsquo;ACCUEIL,<br \/>\nPC SUR DEMANDE<br \/>\nTABLE PR\u00c9SIDENTIELLE<br \/>\nPOUR 6 PERSONNES AVEC 6 MICROPHONES<br \/>\nPODIUM LAT\u00c9RAL AVEC MICROPHONE<br \/>\n\u00c9CRAN R\u00c9TRACTABLE<br \/>\n\u00c9LECTRIQUE MESURE 4,5 M. X 3 M.<br \/>\nPROJECTEUR VID\u00c9O<\/p>\n<p>PAX 195 &#8211; mq. 180<br \/>\nCONTROL ROOM<\/p>\n","protected":false},"excerpt":{"rendered":"<p>La salle Capogrossi est la plus exclusive du Centre Congr\u00e8s du Park H\u00f4tel ai Cappuccini. Le nom vient des fresques qui s\u2019imposent sur les parois ex\u00e9cut\u00e9es par l\u2019artiste de Rome Giuseppe Caporossi qui, par ses id\u00e9ogrammes, repr\u00e9sente un \u00e9v\u00e8nement extraordinaire dans le panorama des artistes du XXe si\u00e8cle. Cette salle a une contenance de 200 [&hellip;]<\/p>\n","protected":false},"author":36,"featured_media":0,"parent":286,"menu_order":5,"comment_status":"closed","ping_status":"closed","template":"template-meeting.php","meta":{"footnotes":""},"class_list":["post-296","page","type-page","status-publish","hentry"],"yoast_head":"<!-- This site is optimized with the Yoast SEO plugin v26.9 - https:\/\/yoast.com\/product\/yoast-seo-wordpress\/ -->\n<title>SALLE CAPOGROSSI - Park Hotel Ai Cappuccini -<\/title>\n<meta name=\"description\" content=\"La salle Capogrossi est la plus exclusive du Centre Congr\u00e8s du Park H\u00f4tel ai Cappuccini. Le nom vient des fresques qui s\u2019imposent sur les parois ex\u00e9cut\u00e9es par l\u2019artiste de Rome Giuseppe Caporossi qui, par ses id\u00e9ogrammes, repr\u00e9sente un \u00e9v\u00e8nement extraordinaire dans le panorama des artistes du XXe si\u00e8cle.  Cette salle a une contenance de 200 places, des fauteuils confortables recouverts d\u2019alcantara rouge et munis de rabats de jaquette sur les accoudoirs.   BUREAU D&#039;ACCUEIL, PC SUR DEMANDE TABLE PR\u00c9SIDENTIELLE POUR 6 PERSONNES AVEC 6 MICROPHONES PODIUM LAT\u00c9RAL AVEC MICROPHONE \u00c9CRAN R\u00c9TRACTABLE \u00c9LECTRIQUE MESURE 4,5 M\" \/>\n<meta name=\"robots\" content=\"index, follow, max-snippet:-1, max-image-preview:large, max-video-preview:-1\" \/>\n<link rel=\"canonical\" href=\"https:\/\/www.parkhotelaicappuccini.it\/fr\/reunion-mariages\/reunion\/salle-capogrossi\/\" \/>\n<meta property=\"og:locale\" content=\"fr_FR\" \/>\n<meta property=\"og:type\" content=\"article\" \/>\n<meta property=\"og:title\" content=\"SALLE CAPOGROSSI - Park Hotel Ai Cappuccini -\" \/>\n<meta property=\"og:description\" content=\"La salle Capogrossi est la plus exclusive du Centre Congr\u00e8s du Park H\u00f4tel ai Cappuccini. Le nom vient des fresques qui s\u2019imposent sur les parois ex\u00e9cut\u00e9es par l\u2019artiste de Rome Giuseppe Caporossi qui, par ses id\u00e9ogrammes, repr\u00e9sente un \u00e9v\u00e8nement extraordinaire dans le panorama des artistes du XXe si\u00e8cle.  Cette salle a une contenance de 200 places, des fauteuils confortables recouverts d\u2019alcantara rouge et munis de rabats de jaquette sur les accoudoirs.   BUREAU D&#039;ACCUEIL, PC SUR DEMANDE TABLE PR\u00c9SIDENTIELLE POUR 6 PERSONNES AVEC 6 MICROPHONES PODIUM LAT\u00c9RAL AVEC MICROPHONE \u00c9CRAN R\u00c9TRACTABLE \u00c9LECTRIQUE MESURE 4,5 M\" \/>\n<meta property=\"og:url\" content=\"https:\/\/www.parkhotelaicappuccini.it\/fr\/reunion-mariages\/reunion\/salle-capogrossi\/\" \/>\n<meta property=\"og:site_name\" content=\"Park Hotel Ai Cappuccini\" \/>\n<meta property=\"article:modified_time\" content=\"2022-01-10T08:30:13+00:00\" \/>\n<meta property=\"og:image\" content=\"https:\/\/park-hotel-ai-cappuccini.ms.decms.eu\/wp-content\/uploads\/sites\/385\/2021\/12\/PiantaSala-Capogrossi-144x300.jpg\" \/>\n<meta name=\"twitter:card\" content=\"summary_large_image\" \/>\n<meta name=\"twitter:label1\" content=\"Dur\u00e9e de lecture estim\u00e9e\" \/>\n\t<meta name=\"twitter:data1\" content=\"1 minute\" \/>\n<script type=\"application\/ld+json\" class=\"yoast-schema-graph\">{\"@context\":\"https:\/\/schema.org\",\"@graph\":[{\"@type\":\"WebPage\",\"@id\":\"https:\/\/www.parkhotelaicappuccini.it\/fr\/reunion-mariages\/reunion\/salle-capogrossi\/\",\"url\":\"https:\/\/www.parkhotelaicappuccini.it\/fr\/reunion-mariages\/reunion\/salle-capogrossi\/\",\"name\":\"SALLE CAPOGROSSI - Park Hotel Ai Cappuccini -\",\"isPartOf\":{\"@id\":\"https:\/\/www.parkhotelaicappuccini.it\/fr\/#website\"},\"primaryImageOfPage\":{\"@id\":\"https:\/\/www.parkhotelaicappuccini.it\/fr\/reunion-mariages\/reunion\/salle-capogrossi\/#primaryimage\"},\"image\":{\"@id\":\"https:\/\/www.parkhotelaicappuccini.it\/fr\/reunion-mariages\/reunion\/salle-capogrossi\/#primaryimage\"},\"thumbnailUrl\":\"https:\/\/park-hotel-ai-cappuccini.ms.decms.eu\/wp-content\/uploads\/sites\/385\/2021\/12\/PiantaSala-Capogrossi-144x300.jpg\",\"datePublished\":\"2021-12-16T14:36:08+00:00\",\"dateModified\":\"2022-01-10T08:30:13+00:00\",\"description\":\"La salle Capogrossi est la plus exclusive du Centre Congr\u00e8s du Park H\u00f4tel ai Cappuccini. Le nom vient des fresques qui s\u2019imposent sur les parois ex\u00e9cut\u00e9es par l\u2019artiste de Rome Giuseppe Caporossi qui, par ses id\u00e9ogrammes, repr\u00e9sente un \u00e9v\u00e8nement extraordinaire dans le panorama des artistes du XXe si\u00e8cle. Cette salle a une contenance de 200 places, des fauteuils confortables recouverts d\u2019alcantara rouge et munis de rabats de jaquette sur les accoudoirs. BUREAU D'ACCUEIL, PC SUR DEMANDE TABLE PR\u00c9SIDENTIELLE POUR 6 PERSONNES AVEC 6 MICROPHONES PODIUM LAT\u00c9RAL AVEC MICROPHONE \u00c9CRAN R\u00c9TRACTABLE \u00c9LECTRIQUE MESURE 4,5 M\",\"breadcrumb\":{\"@id\":\"https:\/\/www.parkhotelaicappuccini.it\/fr\/reunion-mariages\/reunion\/salle-capogrossi\/#breadcrumb\"},\"inLanguage\":\"fr-FR\",\"potentialAction\":[{\"@type\":\"ReadAction\",\"target\":[\"https:\/\/www.parkhotelaicappuccini.it\/fr\/reunion-mariages\/reunion\/salle-capogrossi\/\"]}]},{\"@type\":\"ImageObject\",\"inLanguage\":\"fr-FR\",\"@id\":\"https:\/\/www.parkhotelaicappuccini.it\/fr\/reunion-mariages\/reunion\/salle-capogrossi\/#primaryimage\",\"url\":\"https:\/\/park-hotel-ai-cappuccini.ms.decms.eu\/wp-content\/uploads\/sites\/385\/2021\/12\/PiantaSala-Capogrossi-144x300.jpg\",\"contentUrl\":\"https:\/\/park-hotel-ai-cappuccini.ms.decms.eu\/wp-content\/uploads\/sites\/385\/2021\/12\/PiantaSala-Capogrossi-144x300.jpg\"},{\"@type\":\"BreadcrumbList\",\"@id\":\"https:\/\/www.parkhotelaicappuccini.it\/fr\/reunion-mariages\/reunion\/salle-capogrossi\/#breadcrumb\",\"itemListElement\":[{\"@type\":\"ListItem\",\"position\":1,\"name\":\"Home\",\"item\":\"https:\/\/www.parkhotelaicappuccini.it\/fr\/\"},{\"@type\":\"ListItem\",\"position\":2,\"name\":\"R\u00e9union &#038; Mariages\",\"item\":\"https:\/\/www.parkhotelaicappuccini.it\/fr\/reunion-mariages\/\"},{\"@type\":\"ListItem\",\"position\":3,\"name\":\"Reunion\",\"item\":\"https:\/\/www.parkhotelaicappuccini.it\/fr\/reunion-mariages\/reunion\/\"},{\"@type\":\"ListItem\",\"position\":4,\"name\":\"SALLE CAPOGROSSI\"}]},{\"@type\":\"WebSite\",\"@id\":\"https:\/\/www.parkhotelaicappuccini.it\/fr\/#website\",\"url\":\"https:\/\/www.parkhotelaicappuccini.it\/fr\/\",\"name\":\"Park Hotel Ai Cappuccini\",\"description\":\"Just another ms.decms.eu site\",\"potentialAction\":[{\"@type\":\"SearchAction\",\"target\":{\"@type\":\"EntryPoint\",\"urlTemplate\":\"https:\/\/www.parkhotelaicappuccini.it\/fr\/?s={search_term_string}\"},\"query-input\":{\"@type\":\"PropertyValueSpecification\",\"valueRequired\":true,\"valueName\":\"search_term_string\"}}],\"inLanguage\":\"fr-FR\"}]}<\/script>\n<!-- \/ Yoast SEO plugin. -->","yoast_head_json":{"title":"SALLE CAPOGROSSI - Park Hotel Ai Cappuccini -","description":"La salle Capogrossi est la plus exclusive du Centre Congr\u00e8s du Park H\u00f4tel ai Cappuccini. Le nom vient des fresques qui s\u2019imposent sur les parois ex\u00e9cut\u00e9es par l\u2019artiste de Rome Giuseppe Caporossi qui, par ses id\u00e9ogrammes, repr\u00e9sente un \u00e9v\u00e8nement extraordinaire dans le panorama des artistes du XXe si\u00e8cle.  Cette salle a une contenance de 200 places, des fauteuils confortables recouverts d\u2019alcantara rouge et munis de rabats de jaquette sur les accoudoirs.   BUREAU D'ACCUEIL, PC SUR DEMANDE TABLE PR\u00c9SIDENTIELLE POUR 6 PERSONNES AVEC 6 MICROPHONES PODIUM LAT\u00c9RAL AVEC MICROPHONE \u00c9CRAN R\u00c9TRACTABLE \u00c9LECTRIQUE MESURE 4,5 M","robots":{"index":"index","follow":"follow","max-snippet":"max-snippet:-1","max-image-preview":"max-image-preview:large","max-video-preview":"max-video-preview:-1"},"canonical":"https:\/\/www.parkhotelaicappuccini.it\/fr\/reunion-mariages\/reunion\/salle-capogrossi\/","og_locale":"fr_FR","og_type":"article","og_title":"SALLE CAPOGROSSI - Park Hotel Ai Cappuccini -","og_description":"La salle Capogrossi est la plus exclusive du Centre Congr\u00e8s du Park H\u00f4tel ai Cappuccini. Le nom vient des fresques qui s\u2019imposent sur les parois ex\u00e9cut\u00e9es par l\u2019artiste de Rome Giuseppe Caporossi qui, par ses id\u00e9ogrammes, repr\u00e9sente un \u00e9v\u00e8nement extraordinaire dans le panorama des artistes du XXe si\u00e8cle.  Cette salle a une contenance de 200 places, des fauteuils confortables recouverts d\u2019alcantara rouge et munis de rabats de jaquette sur les accoudoirs.   BUREAU D'ACCUEIL, PC SUR DEMANDE TABLE PR\u00c9SIDENTIELLE POUR 6 PERSONNES AVEC 6 MICROPHONES PODIUM LAT\u00c9RAL AVEC MICROPHONE \u00c9CRAN R\u00c9TRACTABLE \u00c9LECTRIQUE MESURE 4,5 M","og_url":"https:\/\/www.parkhotelaicappuccini.it\/fr\/reunion-mariages\/reunion\/salle-capogrossi\/","og_site_name":"Park Hotel Ai Cappuccini","article_modified_time":"2022-01-10T08:30:13+00:00","og_image":[{"url":"https:\/\/park-hotel-ai-cappuccini.ms.decms.eu\/wp-content\/uploads\/sites\/385\/2021\/12\/PiantaSala-Capogrossi-144x300.jpg","type":"","width":"","height":""}],"twitter_card":"summary_large_image","twitter_misc":{"Dur\u00e9e de lecture estim\u00e9e":"1 minute"},"schema":{"@context":"https:\/\/schema.org","@graph":[{"@type":"WebPage","@id":"https:\/\/www.parkhotelaicappuccini.it\/fr\/reunion-mariages\/reunion\/salle-capogrossi\/","url":"https:\/\/www.parkhotelaicappuccini.it\/fr\/reunion-mariages\/reunion\/salle-capogrossi\/","name":"SALLE CAPOGROSSI - Park Hotel Ai Cappuccini -","isPartOf":{"@id":"https:\/\/www.parkhotelaicappuccini.it\/fr\/#website"},"primaryImageOfPage":{"@id":"https:\/\/www.parkhotelaicappuccini.it\/fr\/reunion-mariages\/reunion\/salle-capogrossi\/#primaryimage"},"image":{"@id":"https:\/\/www.parkhotelaicappuccini.it\/fr\/reunion-mariages\/reunion\/salle-capogrossi\/#primaryimage"},"thumbnailUrl":"https:\/\/park-hotel-ai-cappuccini.ms.decms.eu\/wp-content\/uploads\/sites\/385\/2021\/12\/PiantaSala-Capogrossi-144x300.jpg","datePublished":"2021-12-16T14:36:08+00:00","dateModified":"2022-01-10T08:30:13+00:00","description":"La salle Capogrossi est la plus exclusive du Centre Congr\u00e8s du Park H\u00f4tel ai Cappuccini. Le nom vient des fresques qui s\u2019imposent sur les parois ex\u00e9cut\u00e9es par l\u2019artiste de Rome Giuseppe Caporossi qui, par ses id\u00e9ogrammes, repr\u00e9sente un \u00e9v\u00e8nement extraordinaire dans le panorama des artistes du XXe si\u00e8cle. Cette salle a une contenance de 200 places, des fauteuils confortables recouverts d\u2019alcantara rouge et munis de rabats de jaquette sur les accoudoirs. BUREAU D'ACCUEIL, PC SUR DEMANDE TABLE PR\u00c9SIDENTIELLE POUR 6 PERSONNES AVEC 6 MICROPHONES PODIUM LAT\u00c9RAL AVEC MICROPHONE \u00c9CRAN R\u00c9TRACTABLE \u00c9LECTRIQUE MESURE 4,5 M","breadcrumb":{"@id":"https:\/\/www.parkhotelaicappuccini.it\/fr\/reunion-mariages\/reunion\/salle-capogrossi\/#breadcrumb"},"inLanguage":"fr-FR","potentialAction":[{"@type":"ReadAction","target":["https:\/\/www.parkhotelaicappuccini.it\/fr\/reunion-mariages\/reunion\/salle-capogrossi\/"]}]},{"@type":"ImageObject","inLanguage":"fr-FR","@id":"https:\/\/www.parkhotelaicappuccini.it\/fr\/reunion-mariages\/reunion\/salle-capogrossi\/#primaryimage","url":"https:\/\/park-hotel-ai-cappuccini.ms.decms.eu\/wp-content\/uploads\/sites\/385\/2021\/12\/PiantaSala-Capogrossi-144x300.jpg","contentUrl":"https:\/\/park-hotel-ai-cappuccini.ms.decms.eu\/wp-content\/uploads\/sites\/385\/2021\/12\/PiantaSala-Capogrossi-144x300.jpg"},{"@type":"BreadcrumbList","@id":"https:\/\/www.parkhotelaicappuccini.it\/fr\/reunion-mariages\/reunion\/salle-capogrossi\/#breadcrumb","itemListElement":[{"@type":"ListItem","position":1,"name":"Home","item":"https:\/\/www.parkhotelaicappuccini.it\/fr\/"},{"@type":"ListItem","position":2,"name":"R\u00e9union &#038; Mariages","item":"https:\/\/www.parkhotelaicappuccini.it\/fr\/reunion-mariages\/"},{"@type":"ListItem","position":3,"name":"Reunion","item":"https:\/\/www.parkhotelaicappuccini.it\/fr\/reunion-mariages\/reunion\/"},{"@type":"ListItem","position":4,"name":"SALLE CAPOGROSSI"}]},{"@type":"WebSite","@id":"https:\/\/www.parkhotelaicappuccini.it\/fr\/#website","url":"https:\/\/www.parkhotelaicappuccini.it\/fr\/","name":"Park Hotel Ai Cappuccini","description":"Just another ms.decms.eu site","potentialAction":[{"@type":"SearchAction","target":{"@type":"EntryPoint","urlTemplate":"https:\/\/www.parkhotelaicappuccini.it\/fr\/?s={search_term_string}"},"query-input":{"@type":"PropertyValueSpecification","valueRequired":true,"valueName":"search_term_string"}}],"inLanguage":"fr-FR"}]}},"acf":[],"_links":{"self":[{"href":"https:\/\/www.parkhotelaicappuccini.it\/fr\/wp-json\/wp\/v2\/pages\/296","targetHints":{"allow":["GET"]}}],"collection":[{"href":"https:\/\/www.parkhotelaicappuccini.it\/fr\/wp-json\/wp\/v2\/pages"}],"about":[{"href":"https:\/\/www.parkhotelaicappuccini.it\/fr\/wp-json\/wp\/v2\/types\/page"}],"author":[{"embeddable":true,"href":"https:\/\/www.parkhotelaicappuccini.it\/fr\/wp-json\/wp\/v2\/users\/36"}],"replies":[{"embeddable":true,"href":"https:\/\/www.parkhotelaicappuccini.it\/fr\/wp-json\/wp\/v2\/comments?post=296"}],"version-history":[{"count":0,"href":"https:\/\/www.parkhotelaicappuccini.it\/fr\/wp-json\/wp\/v2\/pages\/296\/revisions"}],"up":[{"embeddable":true,"href":"https:\/\/www.parkhotelaicappuccini.it\/fr\/wp-json\/wp\/v2\/pages\/286"}],"wp:attachment":[{"href":"https:\/\/www.parkhotelaicappuccini.it\/fr\/wp-json\/wp\/v2\/media?parent=296"}],"curies":[{"name":"wp","href":"https:\/\/api.w.org\/{rel}","templated":true}]}}