{"id":28,"date":"2021-12-10T14:08:26","date_gmt":"2021-12-10T14:08:26","guid":{"rendered":"https:\/\/park-hotel-ai-cappuccini.ms.decms.eu\/?page_id=28"},"modified":"2025-11-20T17:59:04","modified_gmt":"2025-11-20T17:59:04","slug":"hotel","status":"publish","type":"page","link":"https:\/\/www.parkhotelaicappuccini.it\/fr\/hotel\/","title":{"rendered":"H\u00f4tel"},"content":{"rendered":"<p>Le Park H\u00f4tel ai Cappuccini est un couvent du XVIIe si\u00e8cle savamment restaur\u00e9.<\/p>\n<p>Ce splendide b\u00e2timent et les communaut\u00e9s religieuses qui d\u00e9s la fin de sa construction l\u2019ont habit\u00e9, appartiennent \u00e0 l\u2019histoire de Gubbio. Gubbio se trouve au c\u0153ur de l\u2019Ombrie, bijou candide plong\u00e9 dans le vert.<\/p>\n<p>Ses pierres et son architecture sont t\u00e9moignages sur l\u2019\u00e9poque m\u00e9di\u00e9vale grandiose, raffin\u00e9 et savante. Ecart\u00e9, mais quand m\u00eame proche du centre ville, aujourd\u2019hui le Park H\u00f4tel ai Cappuccini est un b\u00e2timent qui unit, par une combinaison heureuse et \u00e9quilibr\u00e9, lieux anciens et conforts nouveaux.<\/p>\n<p><strong>Services<\/strong>\u00a0: 92 chambres &#8211; restaurant &#8211; bar &#8211; centre de bien-\u00eatre et spa &#8211; centre de conf\u00e9rences &#8211; grand parking gratuit &#8211; garage<\/p>\n","protected":false},"excerpt":{"rendered":"<p>Le Park H\u00f4tel ai Cappuccini est un couvent du XVIIe si\u00e8cle savamment restaur\u00e9. Ce splendide b\u00e2timent et les communaut\u00e9s religieuses qui d\u00e9s la fin de sa construction l\u2019ont habit\u00e9, appartiennent \u00e0 l\u2019histoire de Gubbio. Gubbio se trouve au c\u0153ur de l\u2019Ombrie, bijou candide plong\u00e9 dans le vert. Ses pierres et son architecture sont t\u00e9moignages sur [&hellip;]<\/p>\n","protected":false},"author":36,"featured_media":0,"parent":0,"menu_order":5,"comment_status":"closed","ping_status":"closed","template":"template-default-2.php","meta":{"footnotes":""},"class_list":["post-28","page","type-page","status-publish","hentry"],"yoast_head":"<!-- This site is optimized with the Yoast SEO plugin v26.9 - https:\/\/yoast.com\/product\/yoast-seo-wordpress\/ -->\n<title>H\u00f4tel - Park Hotel Ai Cappuccini -<\/title>\n<meta name=\"description\" content=\"Le Park H\u00f4tel ai Cappuccini est un couvent du XVIIe si\u00e8cle savamment restaur\u00e9.  Ce splendide b\u00e2timent et les communaut\u00e9s religieuses qui d\u00e9s la fin de sa construction l\u2019ont habit\u00e9, appartiennent \u00e0 l\u2019histoire de Gubbio. Gubbio se trouve au c\u0153ur de l\u2019Ombrie, bijou candide plong\u00e9 dans le vert.  Ses pierres et son architecture sont t\u00e9moignages sur l\u2019\u00e9poque m\u00e9di\u00e9vale grandiose, raffin\u00e9 et savante\" \/>\n<meta name=\"robots\" content=\"index, follow, max-snippet:-1, max-image-preview:large, max-video-preview:-1\" \/>\n<link rel=\"canonical\" href=\"https:\/\/www.parkhotelaicappuccini.it\/fr\/hotel\/\" \/>\n<meta property=\"og:locale\" content=\"fr_FR\" \/>\n<meta property=\"og:type\" content=\"article\" \/>\n<meta property=\"og:title\" content=\"H\u00f4tel - Park Hotel Ai Cappuccini -\" \/>\n<meta property=\"og:description\" content=\"Le Park H\u00f4tel ai Cappuccini est un couvent du XVIIe si\u00e8cle savamment restaur\u00e9.  Ce splendide b\u00e2timent et les communaut\u00e9s religieuses qui d\u00e9s la fin de sa construction l\u2019ont habit\u00e9, appartiennent \u00e0 l\u2019histoire de Gubbio. Gubbio se trouve au c\u0153ur de l\u2019Ombrie, bijou candide plong\u00e9 dans le vert.  Ses pierres et son architecture sont t\u00e9moignages sur l\u2019\u00e9poque m\u00e9di\u00e9vale grandiose, raffin\u00e9 et savante\" \/>\n<meta property=\"og:url\" content=\"https:\/\/www.parkhotelaicappuccini.it\/fr\/hotel\/\" \/>\n<meta property=\"og:site_name\" content=\"Park Hotel Ai Cappuccini\" \/>\n<meta property=\"article:modified_time\" content=\"2025-11-20T17:59:04+00:00\" \/>\n<meta property=\"og:image\" content=\"https:\/\/www.parkhotelaicappuccini.it\/wp-content\/uploads\/sites\/385\/2021\/12\/Parco-Acque-6.jpg\" \/>\n\t<meta property=\"og:image:width\" content=\"1200\" \/>\n\t<meta property=\"og:image:height\" content=\"666\" \/>\n\t<meta property=\"og:image:type\" content=\"image\/jpeg\" \/>\n<meta name=\"twitter:card\" content=\"summary_large_image\" \/>\n<meta name=\"twitter:label1\" content=\"Dur\u00e9e de lecture estim\u00e9e\" \/>\n\t<meta name=\"twitter:data1\" content=\"1 minute\" \/>\n<script type=\"application\/ld+json\" class=\"yoast-schema-graph\">{\"@context\":\"https:\/\/schema.org\",\"@graph\":[{\"@type\":\"WebPage\",\"@id\":\"https:\/\/www.parkhotelaicappuccini.it\/fr\/hotel\/\",\"url\":\"https:\/\/www.parkhotelaicappuccini.it\/fr\/hotel\/\",\"name\":\"H\u00f4tel - Park Hotel Ai Cappuccini -\",\"isPartOf\":{\"@id\":\"https:\/\/www.parkhotelaicappuccini.it\/fr\/#website\"},\"datePublished\":\"2021-12-10T14:08:26+00:00\",\"dateModified\":\"2025-11-20T17:59:04+00:00\",\"description\":\"Le Park H\u00f4tel ai Cappuccini est un couvent du XVIIe si\u00e8cle savamment restaur\u00e9. Ce splendide b\u00e2timent et les communaut\u00e9s religieuses qui d\u00e9s la fin de sa construction l\u2019ont habit\u00e9, appartiennent \u00e0 l\u2019histoire de Gubbio. Gubbio se trouve au c\u0153ur de l\u2019Ombrie, bijou candide plong\u00e9 dans le vert. Ses pierres et son architecture sont t\u00e9moignages sur l\u2019\u00e9poque m\u00e9di\u00e9vale grandiose, raffin\u00e9 et savante\",\"breadcrumb\":{\"@id\":\"https:\/\/www.parkhotelaicappuccini.it\/fr\/hotel\/#breadcrumb\"},\"inLanguage\":\"fr-FR\",\"potentialAction\":[{\"@type\":\"ReadAction\",\"target\":[\"https:\/\/www.parkhotelaicappuccini.it\/fr\/hotel\/\"]}]},{\"@type\":\"BreadcrumbList\",\"@id\":\"https:\/\/www.parkhotelaicappuccini.it\/fr\/hotel\/#breadcrumb\",\"itemListElement\":[{\"@type\":\"ListItem\",\"position\":1,\"name\":\"Home\",\"item\":\"https:\/\/www.parkhotelaicappuccini.it\/fr\/\"},{\"@type\":\"ListItem\",\"position\":2,\"name\":\"H\u00f4tel\"}]},{\"@type\":\"WebSite\",\"@id\":\"https:\/\/www.parkhotelaicappuccini.it\/fr\/#website\",\"url\":\"https:\/\/www.parkhotelaicappuccini.it\/fr\/\",\"name\":\"Park Hotel Ai Cappuccini\",\"description\":\"Just another ms.decms.eu site\",\"potentialAction\":[{\"@type\":\"SearchAction\",\"target\":{\"@type\":\"EntryPoint\",\"urlTemplate\":\"https:\/\/www.parkhotelaicappuccini.it\/fr\/?s={search_term_string}\"},\"query-input\":{\"@type\":\"PropertyValueSpecification\",\"valueRequired\":true,\"valueName\":\"search_term_string\"}}],\"inLanguage\":\"fr-FR\"}]}<\/script>\n<!-- \/ Yoast SEO plugin. -->","yoast_head_json":{"title":"H\u00f4tel - Park Hotel Ai Cappuccini -","description":"Le Park H\u00f4tel ai Cappuccini est un couvent du XVIIe si\u00e8cle savamment restaur\u00e9.  Ce splendide b\u00e2timent et les communaut\u00e9s religieuses qui d\u00e9s la fin de sa construction l\u2019ont habit\u00e9, appartiennent \u00e0 l\u2019histoire de Gubbio. Gubbio se trouve au c\u0153ur de l\u2019Ombrie, bijou candide plong\u00e9 dans le vert.  Ses pierres et son architecture sont t\u00e9moignages sur l\u2019\u00e9poque m\u00e9di\u00e9vale grandiose, raffin\u00e9 et savante","robots":{"index":"index","follow":"follow","max-snippet":"max-snippet:-1","max-image-preview":"max-image-preview:large","max-video-preview":"max-video-preview:-1"},"canonical":"https:\/\/www.parkhotelaicappuccini.it\/fr\/hotel\/","og_locale":"fr_FR","og_type":"article","og_title":"H\u00f4tel - Park Hotel Ai Cappuccini -","og_description":"Le Park H\u00f4tel ai Cappuccini est un couvent du XVIIe si\u00e8cle savamment restaur\u00e9.  Ce splendide b\u00e2timent et les communaut\u00e9s religieuses qui d\u00e9s la fin de sa construction l\u2019ont habit\u00e9, appartiennent \u00e0 l\u2019histoire de Gubbio. Gubbio se trouve au c\u0153ur de l\u2019Ombrie, bijou candide plong\u00e9 dans le vert.  Ses pierres et son architecture sont t\u00e9moignages sur l\u2019\u00e9poque m\u00e9di\u00e9vale grandiose, raffin\u00e9 et savante","og_url":"https:\/\/www.parkhotelaicappuccini.it\/fr\/hotel\/","og_site_name":"Park Hotel Ai Cappuccini","article_modified_time":"2025-11-20T17:59:04+00:00","og_image":[{"width":1200,"height":666,"url":"https:\/\/www.parkhotelaicappuccini.it\/wp-content\/uploads\/sites\/385\/2021\/12\/Parco-Acque-6.jpg","type":"image\/jpeg"}],"twitter_card":"summary_large_image","twitter_misc":{"Dur\u00e9e de lecture estim\u00e9e":"1 minute"},"schema":{"@context":"https:\/\/schema.org","@graph":[{"@type":"WebPage","@id":"https:\/\/www.parkhotelaicappuccini.it\/fr\/hotel\/","url":"https:\/\/www.parkhotelaicappuccini.it\/fr\/hotel\/","name":"H\u00f4tel - Park Hotel Ai Cappuccini -","isPartOf":{"@id":"https:\/\/www.parkhotelaicappuccini.it\/fr\/#website"},"datePublished":"2021-12-10T14:08:26+00:00","dateModified":"2025-11-20T17:59:04+00:00","description":"Le Park H\u00f4tel ai Cappuccini est un couvent du XVIIe si\u00e8cle savamment restaur\u00e9. Ce splendide b\u00e2timent et les communaut\u00e9s religieuses qui d\u00e9s la fin de sa construction l\u2019ont habit\u00e9, appartiennent \u00e0 l\u2019histoire de Gubbio. Gubbio se trouve au c\u0153ur de l\u2019Ombrie, bijou candide plong\u00e9 dans le vert. Ses pierres et son architecture sont t\u00e9moignages sur l\u2019\u00e9poque m\u00e9di\u00e9vale grandiose, raffin\u00e9 et savante","breadcrumb":{"@id":"https:\/\/www.parkhotelaicappuccini.it\/fr\/hotel\/#breadcrumb"},"inLanguage":"fr-FR","potentialAction":[{"@type":"ReadAction","target":["https:\/\/www.parkhotelaicappuccini.it\/fr\/hotel\/"]}]},{"@type":"BreadcrumbList","@id":"https:\/\/www.parkhotelaicappuccini.it\/fr\/hotel\/#breadcrumb","itemListElement":[{"@type":"ListItem","position":1,"name":"Home","item":"https:\/\/www.parkhotelaicappuccini.it\/fr\/"},{"@type":"ListItem","position":2,"name":"H\u00f4tel"}]},{"@type":"WebSite","@id":"https:\/\/www.parkhotelaicappuccini.it\/fr\/#website","url":"https:\/\/www.parkhotelaicappuccini.it\/fr\/","name":"Park Hotel Ai Cappuccini","description":"Just another ms.decms.eu site","potentialAction":[{"@type":"SearchAction","target":{"@type":"EntryPoint","urlTemplate":"https:\/\/www.parkhotelaicappuccini.it\/fr\/?s={search_term_string}"},"query-input":{"@type":"PropertyValueSpecification","valueRequired":true,"valueName":"search_term_string"}}],"inLanguage":"fr-FR"}]}},"acf":[],"_links":{"self":[{"href":"https:\/\/www.parkhotelaicappuccini.it\/fr\/wp-json\/wp\/v2\/pages\/28","targetHints":{"allow":["GET"]}}],"collection":[{"href":"https:\/\/www.parkhotelaicappuccini.it\/fr\/wp-json\/wp\/v2\/pages"}],"about":[{"href":"https:\/\/www.parkhotelaicappuccini.it\/fr\/wp-json\/wp\/v2\/types\/page"}],"author":[{"embeddable":true,"href":"https:\/\/www.parkhotelaicappuccini.it\/fr\/wp-json\/wp\/v2\/users\/36"}],"replies":[{"embeddable":true,"href":"https:\/\/www.parkhotelaicappuccini.it\/fr\/wp-json\/wp\/v2\/comments?post=28"}],"version-history":[{"count":0,"href":"https:\/\/www.parkhotelaicappuccini.it\/fr\/wp-json\/wp\/v2\/pages\/28\/revisions"}],"wp:attachment":[{"href":"https:\/\/www.parkhotelaicappuccini.it\/fr\/wp-json\/wp\/v2\/media?parent=28"}],"curies":[{"name":"wp","href":"https:\/\/api.w.org\/{rel}","templated":true}]}}