{"id":279,"date":"2021-12-16T10:39:36","date_gmt":"2021-12-16T10:39:36","guid":{"rendered":"https:\/\/park-hotel-ai-cappuccini.ms.decms.eu\/?page_id=279"},"modified":"2022-01-12T13:22:14","modified_gmt":"2022-01-12T13:22:14","slug":"reunion-mariages","status":"publish","type":"page","link":"https:\/\/www.parkhotelaicappuccini.it\/fr\/reunion-mariages\/","title":{"rendered":"R\u00e9union &#038; Mariages"},"content":{"rendered":"<p>Laissez-vous envo\u00fbter par des environnements suggestifs pour des \u00e9v\u00e9nements inoubliables qui laissent un signe ind\u00e9l\u00e9bile dans votre m\u00e9moire et celle de vos invit\u00e9s.<\/p>\n","protected":false},"excerpt":{"rendered":"<p>Laissez-vous envo\u00fbter par des environnements suggestifs pour des \u00e9v\u00e9nements inoubliables qui laissent un signe ind\u00e9l\u00e9bile dans votre m\u00e9moire et celle de vos invit\u00e9s.<\/p>\n","protected":false},"author":36,"featured_media":0,"parent":0,"menu_order":20,"comment_status":"closed","ping_status":"closed","template":"template-weddings.php","meta":{"footnotes":""},"class_list":["post-279","page","type-page","status-publish","hentry"],"yoast_head":"<!-- This site is optimized with the Yoast SEO plugin v26.9 - https:\/\/yoast.com\/product\/yoast-seo-wordpress\/ -->\n<title>R\u00e9union &amp; Mariages - Park Hotel Ai Cappuccini -<\/title>\n<meta name=\"description\" content=\"Laissez-vous envo\u00fbter par des environnements suggestifs pour des \u00e9v\u00e9nements inoubliables qui laissent un signe ind\u00e9l\u00e9bile dans votre m\u00e9moire et celle de vos invit\u00e9s..\" \/>\n<meta name=\"robots\" content=\"index, follow, max-snippet:-1, max-image-preview:large, max-video-preview:-1\" \/>\n<link rel=\"canonical\" href=\"https:\/\/www.parkhotelaicappuccini.it\/fr\/reunion-mariages\/\" \/>\n<meta property=\"og:locale\" content=\"fr_FR\" \/>\n<meta property=\"og:type\" content=\"article\" \/>\n<meta property=\"og:title\" content=\"R\u00e9union &amp; Mariages - Park Hotel Ai Cappuccini -\" \/>\n<meta property=\"og:description\" content=\"Laissez-vous envo\u00fbter par des environnements suggestifs pour des \u00e9v\u00e9nements inoubliables qui laissent un signe ind\u00e9l\u00e9bile dans votre m\u00e9moire et celle de vos invit\u00e9s..\" \/>\n<meta property=\"og:url\" content=\"https:\/\/www.parkhotelaicappuccini.it\/fr\/reunion-mariages\/\" \/>\n<meta property=\"og:site_name\" content=\"Park Hotel Ai Cappuccini\" \/>\n<meta property=\"article:modified_time\" content=\"2022-01-12T13:22:14+00:00\" \/>\n<meta property=\"og:image\" content=\"https:\/\/www.parkhotelaicappuccini.it\/wp-content\/uploads\/sites\/385\/2021\/12\/Parco-Acque-6.jpg\" \/>\n\t<meta property=\"og:image:width\" content=\"1200\" \/>\n\t<meta property=\"og:image:height\" content=\"666\" \/>\n\t<meta property=\"og:image:type\" content=\"image\/jpeg\" \/>\n<meta name=\"twitter:card\" content=\"summary_large_image\" \/>\n<script type=\"application\/ld+json\" class=\"yoast-schema-graph\">{\"@context\":\"https:\/\/schema.org\",\"@graph\":[{\"@type\":\"WebPage\",\"@id\":\"https:\/\/www.parkhotelaicappuccini.it\/fr\/reunion-mariages\/\",\"url\":\"https:\/\/www.parkhotelaicappuccini.it\/fr\/reunion-mariages\/\",\"name\":\"R\u00e9union & Mariages - Park Hotel Ai Cappuccini -\",\"isPartOf\":{\"@id\":\"https:\/\/www.parkhotelaicappuccini.it\/fr\/#website\"},\"datePublished\":\"2021-12-16T10:39:36+00:00\",\"dateModified\":\"2022-01-12T13:22:14+00:00\",\"description\":\"Laissez-vous envo\u00fbter par des environnements suggestifs pour des \u00e9v\u00e9nements inoubliables qui laissent un signe ind\u00e9l\u00e9bile dans votre m\u00e9moire et celle de vos invit\u00e9s..\",\"breadcrumb\":{\"@id\":\"https:\/\/www.parkhotelaicappuccini.it\/fr\/reunion-mariages\/#breadcrumb\"},\"inLanguage\":\"fr-FR\",\"potentialAction\":[{\"@type\":\"ReadAction\",\"target\":[\"https:\/\/www.parkhotelaicappuccini.it\/fr\/reunion-mariages\/\"]}]},{\"@type\":\"BreadcrumbList\",\"@id\":\"https:\/\/www.parkhotelaicappuccini.it\/fr\/reunion-mariages\/#breadcrumb\",\"itemListElement\":[{\"@type\":\"ListItem\",\"position\":1,\"name\":\"Home\",\"item\":\"https:\/\/www.parkhotelaicappuccini.it\/fr\/\"},{\"@type\":\"ListItem\",\"position\":2,\"name\":\"R\u00e9union &#038; Mariages\"}]},{\"@type\":\"WebSite\",\"@id\":\"https:\/\/www.parkhotelaicappuccini.it\/fr\/#website\",\"url\":\"https:\/\/www.parkhotelaicappuccini.it\/fr\/\",\"name\":\"Park Hotel Ai Cappuccini\",\"description\":\"Just another ms.decms.eu site\",\"potentialAction\":[{\"@type\":\"SearchAction\",\"target\":{\"@type\":\"EntryPoint\",\"urlTemplate\":\"https:\/\/www.parkhotelaicappuccini.it\/fr\/?s={search_term_string}\"},\"query-input\":{\"@type\":\"PropertyValueSpecification\",\"valueRequired\":true,\"valueName\":\"search_term_string\"}}],\"inLanguage\":\"fr-FR\"}]}<\/script>\n<!-- \/ Yoast SEO plugin. -->","yoast_head_json":{"title":"R\u00e9union & Mariages - Park Hotel Ai Cappuccini -","description":"Laissez-vous envo\u00fbter par des environnements suggestifs pour des \u00e9v\u00e9nements inoubliables qui laissent un signe ind\u00e9l\u00e9bile dans votre m\u00e9moire et celle de vos invit\u00e9s..","robots":{"index":"index","follow":"follow","max-snippet":"max-snippet:-1","max-image-preview":"max-image-preview:large","max-video-preview":"max-video-preview:-1"},"canonical":"https:\/\/www.parkhotelaicappuccini.it\/fr\/reunion-mariages\/","og_locale":"fr_FR","og_type":"article","og_title":"R\u00e9union & Mariages - Park Hotel Ai Cappuccini -","og_description":"Laissez-vous envo\u00fbter par des environnements suggestifs pour des \u00e9v\u00e9nements inoubliables qui laissent un signe ind\u00e9l\u00e9bile dans votre m\u00e9moire et celle de vos invit\u00e9s..","og_url":"https:\/\/www.parkhotelaicappuccini.it\/fr\/reunion-mariages\/","og_site_name":"Park Hotel Ai Cappuccini","article_modified_time":"2022-01-12T13:22:14+00:00","og_image":[{"width":1200,"height":666,"url":"https:\/\/www.parkhotelaicappuccini.it\/wp-content\/uploads\/sites\/385\/2021\/12\/Parco-Acque-6.jpg","type":"image\/jpeg"}],"twitter_card":"summary_large_image","schema":{"@context":"https:\/\/schema.org","@graph":[{"@type":"WebPage","@id":"https:\/\/www.parkhotelaicappuccini.it\/fr\/reunion-mariages\/","url":"https:\/\/www.parkhotelaicappuccini.it\/fr\/reunion-mariages\/","name":"R\u00e9union & Mariages - Park Hotel Ai Cappuccini -","isPartOf":{"@id":"https:\/\/www.parkhotelaicappuccini.it\/fr\/#website"},"datePublished":"2021-12-16T10:39:36+00:00","dateModified":"2022-01-12T13:22:14+00:00","description":"Laissez-vous envo\u00fbter par des environnements suggestifs pour des \u00e9v\u00e9nements inoubliables qui laissent un signe ind\u00e9l\u00e9bile dans votre m\u00e9moire et celle de vos invit\u00e9s..","breadcrumb":{"@id":"https:\/\/www.parkhotelaicappuccini.it\/fr\/reunion-mariages\/#breadcrumb"},"inLanguage":"fr-FR","potentialAction":[{"@type":"ReadAction","target":["https:\/\/www.parkhotelaicappuccini.it\/fr\/reunion-mariages\/"]}]},{"@type":"BreadcrumbList","@id":"https:\/\/www.parkhotelaicappuccini.it\/fr\/reunion-mariages\/#breadcrumb","itemListElement":[{"@type":"ListItem","position":1,"name":"Home","item":"https:\/\/www.parkhotelaicappuccini.it\/fr\/"},{"@type":"ListItem","position":2,"name":"R\u00e9union &#038; Mariages"}]},{"@type":"WebSite","@id":"https:\/\/www.parkhotelaicappuccini.it\/fr\/#website","url":"https:\/\/www.parkhotelaicappuccini.it\/fr\/","name":"Park Hotel Ai Cappuccini","description":"Just another ms.decms.eu site","potentialAction":[{"@type":"SearchAction","target":{"@type":"EntryPoint","urlTemplate":"https:\/\/www.parkhotelaicappuccini.it\/fr\/?s={search_term_string}"},"query-input":{"@type":"PropertyValueSpecification","valueRequired":true,"valueName":"search_term_string"}}],"inLanguage":"fr-FR"}]}},"acf":[],"_links":{"self":[{"href":"https:\/\/www.parkhotelaicappuccini.it\/fr\/wp-json\/wp\/v2\/pages\/279","targetHints":{"allow":["GET"]}}],"collection":[{"href":"https:\/\/www.parkhotelaicappuccini.it\/fr\/wp-json\/wp\/v2\/pages"}],"about":[{"href":"https:\/\/www.parkhotelaicappuccini.it\/fr\/wp-json\/wp\/v2\/types\/page"}],"author":[{"embeddable":true,"href":"https:\/\/www.parkhotelaicappuccini.it\/fr\/wp-json\/wp\/v2\/users\/36"}],"replies":[{"embeddable":true,"href":"https:\/\/www.parkhotelaicappuccini.it\/fr\/wp-json\/wp\/v2\/comments?post=279"}],"version-history":[{"count":0,"href":"https:\/\/www.parkhotelaicappuccini.it\/fr\/wp-json\/wp\/v2\/pages\/279\/revisions"}],"wp:attachment":[{"href":"https:\/\/www.parkhotelaicappuccini.it\/fr\/wp-json\/wp\/v2\/media?parent=279"}],"curies":[{"name":"wp","href":"https:\/\/api.w.org\/{rel}","templated":true}]}}