{"id":2291,"date":"2026-02-05T14:43:03","date_gmt":"2026-02-05T14:43:03","guid":{"rendered":"https:\/\/www.parkhotelaicappuccini.it\/accessibilita-e-comfort-per-tutti\/"},"modified":"2026-02-06T08:26:54","modified_gmt":"2026-02-06T08:26:54","slug":"accessibilite-et-confort-pour-tous","status":"publish","type":"page","link":"https:\/\/www.parkhotelaicappuccini.it\/fr\/accessibilite-et-confort-pour-tous\/","title":{"rendered":"Accessibilit\u00e9 et confort pour tous"},"content":{"rendered":"<p>Au <strong>Park Hotel ai Cappuccini<\/strong>, notre priorit\u00e9 est d&rsquo;assurer \u00e0 chaque client un s\u00e9jour confortable, autonome et s\u00e9curis\u00e9.<\/p>\n<p>Nous nous engageons \u00e0 rendre notre \u00e9tablissement accessible \u00e0 tous, en accordant une attention particuli\u00e8re aux besoins des personnes ayant une d\u00e9ficience visuelle ou auditive, ou des difficult\u00e9s de mobilit\u00e9. Nous avons mis en \u0153uvre plusieurs am\u00e9nagements pour lever les obstacles architecturaux et rendre le s\u00e9jour plus agr\u00e9able et paisible, m\u00eame pour les personnes \u00e2g\u00e9es ou en convalescence.<\/p>\n<p>Nous souhaitons que chacun vive une exp\u00e9rience inoubliable et se sente parfaitement \u00e0 l&rsquo;aise. C&rsquo;est pourquoi nous avons rejoint le r\u00e9seau V4A (Village pour tous), qui promeut l&rsquo;accessibilit\u00e9 dans les \u00e9tablissements d&rsquo;h\u00e9bergement.<\/p>\n","protected":false},"excerpt":{"rendered":"<p>Au Park Hotel ai Cappuccini, notre priorit\u00e9 est d&rsquo;assurer \u00e0 chaque client un s\u00e9jour confortable, autonome et s\u00e9curis\u00e9. Nous nous engageons \u00e0 rendre notre \u00e9tablissement accessible \u00e0 tous, en accordant une attention particuli\u00e8re aux besoins des personnes ayant une d\u00e9ficience visuelle ou auditive, ou des difficult\u00e9s de mobilit\u00e9. Nous avons mis en \u0153uvre plusieurs am\u00e9nagements [&hellip;]<\/p>\n","protected":false},"author":699,"featured_media":0,"parent":0,"menu_order":200,"comment_status":"closed","ping_status":"closed","template":"template-default-2.php","meta":{"footnotes":""},"class_list":["post-2291","page","type-page","status-publish","hentry"],"yoast_head":"<!-- This site is optimized with the Yoast SEO plugin v26.9 - https:\/\/yoast.com\/product\/yoast-seo-wordpress\/ -->\n<title>Accessibilit\u00e9 et confort pour tous - Park Hotel Ai Cappuccini -<\/title>\n<meta name=\"description\" content=\"Au Park Hotel ai Cappuccini, notre priorit\u00e9 est d&#039;assurer \u00e0 chaque client un s\u00e9jour confortable, autonome et s\u00e9curis\u00e9.  Nous nous engageons \u00e0 rendre notre \u00e9tablissement accessible \u00e0 tous, en accordant une attention particuli\u00e8re aux besoins des personnes ayant une d\u00e9ficience visuelle ou auditive, ou des difficult\u00e9s de mobilit\u00e9. Nous avons mis en \u0153uvre plusieurs am\u00e9nagements pour lever les obstacles architecturaux et rendre le s\u00e9jour plus agr\u00e9able et paisible, m\u00eame pour les personnes \u00e2g\u00e9es ou en convalescence.  Nous souhaitons que chacun vive une exp\u00e9rience inoubliable et se sente parfaitement \u00e0 l&#039;aise\" \/>\n<meta name=\"robots\" content=\"index, follow, max-snippet:-1, max-image-preview:large, max-video-preview:-1\" \/>\n<link rel=\"canonical\" href=\"https:\/\/www.parkhotelaicappuccini.it\/fr\/accessibilite-et-confort-pour-tous\/\" \/>\n<meta property=\"og:locale\" content=\"fr_FR\" \/>\n<meta property=\"og:type\" content=\"article\" \/>\n<meta property=\"og:title\" content=\"Accessibilit\u00e9 et confort pour tous - Park Hotel Ai Cappuccini -\" \/>\n<meta property=\"og:description\" content=\"Au Park Hotel ai Cappuccini, notre priorit\u00e9 est d&#039;assurer \u00e0 chaque client un s\u00e9jour confortable, autonome et s\u00e9curis\u00e9.  Nous nous engageons \u00e0 rendre notre \u00e9tablissement accessible \u00e0 tous, en accordant une attention particuli\u00e8re aux besoins des personnes ayant une d\u00e9ficience visuelle ou auditive, ou des difficult\u00e9s de mobilit\u00e9. Nous avons mis en \u0153uvre plusieurs am\u00e9nagements pour lever les obstacles architecturaux et rendre le s\u00e9jour plus agr\u00e9able et paisible, m\u00eame pour les personnes \u00e2g\u00e9es ou en convalescence.  Nous souhaitons que chacun vive une exp\u00e9rience inoubliable et se sente parfaitement \u00e0 l&#039;aise\" \/>\n<meta property=\"og:url\" content=\"https:\/\/www.parkhotelaicappuccini.it\/fr\/accessibilite-et-confort-pour-tous\/\" \/>\n<meta property=\"og:site_name\" content=\"Park Hotel Ai Cappuccini\" \/>\n<meta property=\"article:modified_time\" content=\"2026-02-06T08:26:54+00:00\" \/>\n<meta property=\"og:image\" content=\"https:\/\/www.parkhotelaicappuccini.it\/wp-content\/uploads\/sites\/385\/2021\/12\/Parco-Acque-6.jpg\" \/>\n\t<meta property=\"og:image:width\" content=\"1200\" \/>\n\t<meta property=\"og:image:height\" content=\"666\" \/>\n\t<meta property=\"og:image:type\" content=\"image\/jpeg\" \/>\n<meta name=\"twitter:card\" content=\"summary_large_image\" \/>\n<meta name=\"twitter:label1\" content=\"Dur\u00e9e de lecture estim\u00e9e\" \/>\n\t<meta name=\"twitter:data1\" content=\"1 minute\" \/>\n<script type=\"application\/ld+json\" class=\"yoast-schema-graph\">{\"@context\":\"https:\/\/schema.org\",\"@graph\":[{\"@type\":\"WebPage\",\"@id\":\"https:\/\/www.parkhotelaicappuccini.it\/fr\/accessibilite-et-confort-pour-tous\/\",\"url\":\"https:\/\/www.parkhotelaicappuccini.it\/fr\/accessibilite-et-confort-pour-tous\/\",\"name\":\"Accessibilit\u00e9 et confort pour tous - Park Hotel Ai Cappuccini -\",\"isPartOf\":{\"@id\":\"https:\/\/www.parkhotelaicappuccini.it\/fr\/#website\"},\"datePublished\":\"2026-02-05T14:43:03+00:00\",\"dateModified\":\"2026-02-06T08:26:54+00:00\",\"description\":\"Au Park Hotel ai Cappuccini, notre priorit\u00e9 est d'assurer \u00e0 chaque client un s\u00e9jour confortable, autonome et s\u00e9curis\u00e9. Nous nous engageons \u00e0 rendre notre \u00e9tablissement accessible \u00e0 tous, en accordant une attention particuli\u00e8re aux besoins des personnes ayant une d\u00e9ficience visuelle ou auditive, ou des difficult\u00e9s de mobilit\u00e9. Nous avons mis en \u0153uvre plusieurs am\u00e9nagements pour lever les obstacles architecturaux et rendre le s\u00e9jour plus agr\u00e9able et paisible, m\u00eame pour les personnes \u00e2g\u00e9es ou en convalescence. Nous souhaitons que chacun vive une exp\u00e9rience inoubliable et se sente parfaitement \u00e0 l'aise\",\"breadcrumb\":{\"@id\":\"https:\/\/www.parkhotelaicappuccini.it\/fr\/accessibilite-et-confort-pour-tous\/#breadcrumb\"},\"inLanguage\":\"fr-FR\",\"potentialAction\":[{\"@type\":\"ReadAction\",\"target\":[\"https:\/\/www.parkhotelaicappuccini.it\/fr\/accessibilite-et-confort-pour-tous\/\"]}]},{\"@type\":\"BreadcrumbList\",\"@id\":\"https:\/\/www.parkhotelaicappuccini.it\/fr\/accessibilite-et-confort-pour-tous\/#breadcrumb\",\"itemListElement\":[{\"@type\":\"ListItem\",\"position\":1,\"name\":\"Home\",\"item\":\"https:\/\/www.parkhotelaicappuccini.it\/fr\/\"},{\"@type\":\"ListItem\",\"position\":2,\"name\":\"Accessibilit\u00e9 et confort pour tous\"}]},{\"@type\":\"WebSite\",\"@id\":\"https:\/\/www.parkhotelaicappuccini.it\/fr\/#website\",\"url\":\"https:\/\/www.parkhotelaicappuccini.it\/fr\/\",\"name\":\"Park Hotel Ai Cappuccini\",\"description\":\"Just another ms.decms.eu site\",\"potentialAction\":[{\"@type\":\"SearchAction\",\"target\":{\"@type\":\"EntryPoint\",\"urlTemplate\":\"https:\/\/www.parkhotelaicappuccini.it\/fr\/?s={search_term_string}\"},\"query-input\":{\"@type\":\"PropertyValueSpecification\",\"valueRequired\":true,\"valueName\":\"search_term_string\"}}],\"inLanguage\":\"fr-FR\"}]}<\/script>\n<!-- \/ Yoast SEO plugin. -->","yoast_head_json":{"title":"Accessibilit\u00e9 et confort pour tous - Park Hotel Ai Cappuccini -","description":"Au Park Hotel ai Cappuccini, notre priorit\u00e9 est d'assurer \u00e0 chaque client un s\u00e9jour confortable, autonome et s\u00e9curis\u00e9.  Nous nous engageons \u00e0 rendre notre \u00e9tablissement accessible \u00e0 tous, en accordant une attention particuli\u00e8re aux besoins des personnes ayant une d\u00e9ficience visuelle ou auditive, ou des difficult\u00e9s de mobilit\u00e9. Nous avons mis en \u0153uvre plusieurs am\u00e9nagements pour lever les obstacles architecturaux et rendre le s\u00e9jour plus agr\u00e9able et paisible, m\u00eame pour les personnes \u00e2g\u00e9es ou en convalescence.  Nous souhaitons que chacun vive une exp\u00e9rience inoubliable et se sente parfaitement \u00e0 l'aise","robots":{"index":"index","follow":"follow","max-snippet":"max-snippet:-1","max-image-preview":"max-image-preview:large","max-video-preview":"max-video-preview:-1"},"canonical":"https:\/\/www.parkhotelaicappuccini.it\/fr\/accessibilite-et-confort-pour-tous\/","og_locale":"fr_FR","og_type":"article","og_title":"Accessibilit\u00e9 et confort pour tous - Park Hotel Ai Cappuccini -","og_description":"Au Park Hotel ai Cappuccini, notre priorit\u00e9 est d'assurer \u00e0 chaque client un s\u00e9jour confortable, autonome et s\u00e9curis\u00e9.  Nous nous engageons \u00e0 rendre notre \u00e9tablissement accessible \u00e0 tous, en accordant une attention particuli\u00e8re aux besoins des personnes ayant une d\u00e9ficience visuelle ou auditive, ou des difficult\u00e9s de mobilit\u00e9. Nous avons mis en \u0153uvre plusieurs am\u00e9nagements pour lever les obstacles architecturaux et rendre le s\u00e9jour plus agr\u00e9able et paisible, m\u00eame pour les personnes \u00e2g\u00e9es ou en convalescence.  Nous souhaitons que chacun vive une exp\u00e9rience inoubliable et se sente parfaitement \u00e0 l'aise","og_url":"https:\/\/www.parkhotelaicappuccini.it\/fr\/accessibilite-et-confort-pour-tous\/","og_site_name":"Park Hotel Ai Cappuccini","article_modified_time":"2026-02-06T08:26:54+00:00","og_image":[{"width":1200,"height":666,"url":"https:\/\/www.parkhotelaicappuccini.it\/wp-content\/uploads\/sites\/385\/2021\/12\/Parco-Acque-6.jpg","type":"image\/jpeg"}],"twitter_card":"summary_large_image","twitter_misc":{"Dur\u00e9e de lecture estim\u00e9e":"1 minute"},"schema":{"@context":"https:\/\/schema.org","@graph":[{"@type":"WebPage","@id":"https:\/\/www.parkhotelaicappuccini.it\/fr\/accessibilite-et-confort-pour-tous\/","url":"https:\/\/www.parkhotelaicappuccini.it\/fr\/accessibilite-et-confort-pour-tous\/","name":"Accessibilit\u00e9 et confort pour tous - Park Hotel Ai Cappuccini -","isPartOf":{"@id":"https:\/\/www.parkhotelaicappuccini.it\/fr\/#website"},"datePublished":"2026-02-05T14:43:03+00:00","dateModified":"2026-02-06T08:26:54+00:00","description":"Au Park Hotel ai Cappuccini, notre priorit\u00e9 est d'assurer \u00e0 chaque client un s\u00e9jour confortable, autonome et s\u00e9curis\u00e9. Nous nous engageons \u00e0 rendre notre \u00e9tablissement accessible \u00e0 tous, en accordant une attention particuli\u00e8re aux besoins des personnes ayant une d\u00e9ficience visuelle ou auditive, ou des difficult\u00e9s de mobilit\u00e9. Nous avons mis en \u0153uvre plusieurs am\u00e9nagements pour lever les obstacles architecturaux et rendre le s\u00e9jour plus agr\u00e9able et paisible, m\u00eame pour les personnes \u00e2g\u00e9es ou en convalescence. Nous souhaitons que chacun vive une exp\u00e9rience inoubliable et se sente parfaitement \u00e0 l'aise","breadcrumb":{"@id":"https:\/\/www.parkhotelaicappuccini.it\/fr\/accessibilite-et-confort-pour-tous\/#breadcrumb"},"inLanguage":"fr-FR","potentialAction":[{"@type":"ReadAction","target":["https:\/\/www.parkhotelaicappuccini.it\/fr\/accessibilite-et-confort-pour-tous\/"]}]},{"@type":"BreadcrumbList","@id":"https:\/\/www.parkhotelaicappuccini.it\/fr\/accessibilite-et-confort-pour-tous\/#breadcrumb","itemListElement":[{"@type":"ListItem","position":1,"name":"Home","item":"https:\/\/www.parkhotelaicappuccini.it\/fr\/"},{"@type":"ListItem","position":2,"name":"Accessibilit\u00e9 et confort pour tous"}]},{"@type":"WebSite","@id":"https:\/\/www.parkhotelaicappuccini.it\/fr\/#website","url":"https:\/\/www.parkhotelaicappuccini.it\/fr\/","name":"Park Hotel Ai Cappuccini","description":"Just another ms.decms.eu site","potentialAction":[{"@type":"SearchAction","target":{"@type":"EntryPoint","urlTemplate":"https:\/\/www.parkhotelaicappuccini.it\/fr\/?s={search_term_string}"},"query-input":{"@type":"PropertyValueSpecification","valueRequired":true,"valueName":"search_term_string"}}],"inLanguage":"fr-FR"}]}},"acf":[],"_links":{"self":[{"href":"https:\/\/www.parkhotelaicappuccini.it\/fr\/wp-json\/wp\/v2\/pages\/2291","targetHints":{"allow":["GET"]}}],"collection":[{"href":"https:\/\/www.parkhotelaicappuccini.it\/fr\/wp-json\/wp\/v2\/pages"}],"about":[{"href":"https:\/\/www.parkhotelaicappuccini.it\/fr\/wp-json\/wp\/v2\/types\/page"}],"author":[{"embeddable":true,"href":"https:\/\/www.parkhotelaicappuccini.it\/fr\/wp-json\/wp\/v2\/users\/699"}],"replies":[{"embeddable":true,"href":"https:\/\/www.parkhotelaicappuccini.it\/fr\/wp-json\/wp\/v2\/comments?post=2291"}],"version-history":[{"count":0,"href":"https:\/\/www.parkhotelaicappuccini.it\/fr\/wp-json\/wp\/v2\/pages\/2291\/revisions"}],"wp:attachment":[{"href":"https:\/\/www.parkhotelaicappuccini.it\/fr\/wp-json\/wp\/v2\/media?parent=2291"}],"curies":[{"name":"wp","href":"https:\/\/api.w.org\/{rel}","templated":true}]}}