{"id":2110,"date":"2024-01-12T15:31:32","date_gmt":"2024-01-12T15:31:32","guid":{"rendered":"https:\/\/www.parkhotelaicappuccini.it\/?page_id=2110"},"modified":"2024-01-17T11:28:49","modified_gmt":"2024-01-17T11:28:49","slug":"oasi-del-parco","status":"publish","type":"page","link":"https:\/\/www.parkhotelaicappuccini.it\/fr\/spa-fitness\/oasi-del-parco\/","title":{"rendered":"Oasi del Parco"},"content":{"rendered":"<p>L&rsquo;Oasi del Parco, le nouvel espace bien-\u00eatre con\u00e7u par Simone Micheli, est situ\u00e9 dans le parc Cappuccini, dans une magnifique position sur\u00e9lev\u00e9e et panoramique, et propose : Piscine int\u00e9rieure\/ext\u00e9rieure \u00e0 34\u00b0C, parcours Kneipp, espace silence et d\u00e9tente. Il fait partie du circuit de Spa<\/p>\n","protected":false},"excerpt":{"rendered":"<p>L&rsquo;Oasi del Parco, le nouvel espace bien-\u00eatre con\u00e7u par Simone Micheli, est situ\u00e9 dans le parc Cappuccini, dans une magnifique position sur\u00e9lev\u00e9e et panoramique, et propose : Piscine int\u00e9rieure\/ext\u00e9rieure \u00e0 34\u00b0C, parcours Kneipp, espace silence et d\u00e9tente. Il fait partie du circuit de Spa<\/p>\n","protected":false},"author":413,"featured_media":0,"parent":473,"menu_order":4,"comment_status":"closed","ping_status":"closed","template":"template-single-spa.php","meta":{"footnotes":""},"class_list":["post-2110","page","type-page","status-publish","hentry"],"yoast_head":"<!-- This site is optimized with the Yoast SEO plugin v26.9 - https:\/\/yoast.com\/product\/yoast-seo-wordpress\/ -->\n<title>Oasi del Parco - Park Hotel Ai Cappuccini -<\/title>\n<meta name=\"description\" content=\"L&#039;Oasi del Parco, le nouvel espace bien-\u00eatre con\u00e7u par Simone Micheli, est situ\u00e9 dans le parc Cappuccini, dans une magnifique position sur\u00e9lev\u00e9e et panoramique, et propose : Piscine int\u00e9rieure\/ext\u00e9rieure \u00e0 34\u00b0C, parcours Kneipp, espace silence et d\u00e9tente. Il fait partie du circuit de Spa\" \/>\n<meta name=\"robots\" content=\"index, follow, max-snippet:-1, max-image-preview:large, max-video-preview:-1\" \/>\n<link rel=\"canonical\" href=\"https:\/\/www.parkhotelaicappuccini.it\/fr\/spa-fitness\/oasi-del-parco\/\" \/>\n<meta property=\"og:locale\" content=\"fr_FR\" \/>\n<meta property=\"og:type\" content=\"article\" \/>\n<meta property=\"og:title\" content=\"Oasi del Parco - Park Hotel Ai Cappuccini -\" \/>\n<meta property=\"og:description\" content=\"L&#039;Oasi del Parco, le nouvel espace bien-\u00eatre con\u00e7u par Simone Micheli, est situ\u00e9 dans le parc Cappuccini, dans une magnifique position sur\u00e9lev\u00e9e et panoramique, et propose : Piscine int\u00e9rieure\/ext\u00e9rieure \u00e0 34\u00b0C, parcours Kneipp, espace silence et d\u00e9tente. Il fait partie du circuit de Spa\" \/>\n<meta property=\"og:url\" content=\"https:\/\/www.parkhotelaicappuccini.it\/fr\/spa-fitness\/oasi-del-parco\/\" \/>\n<meta property=\"og:site_name\" content=\"Park Hotel Ai Cappuccini\" \/>\n<meta property=\"article:modified_time\" content=\"2024-01-17T11:28:49+00:00\" \/>\n<meta property=\"og:image\" content=\"https:\/\/www.parkhotelaicappuccini.it\/wp-content\/uploads\/sites\/385\/2021\/12\/Parco-Acque-6.jpg\" \/>\n\t<meta property=\"og:image:width\" content=\"1200\" \/>\n\t<meta property=\"og:image:height\" content=\"666\" \/>\n\t<meta property=\"og:image:type\" content=\"image\/jpeg\" \/>\n<meta name=\"twitter:card\" content=\"summary_large_image\" \/>\n<script type=\"application\/ld+json\" class=\"yoast-schema-graph\">{\"@context\":\"https:\/\/schema.org\",\"@graph\":[{\"@type\":\"WebPage\",\"@id\":\"https:\/\/www.parkhotelaicappuccini.it\/fr\/spa-fitness\/oasi-del-parco\/\",\"url\":\"https:\/\/www.parkhotelaicappuccini.it\/fr\/spa-fitness\/oasi-del-parco\/\",\"name\":\"Oasi del Parco - Park Hotel Ai Cappuccini -\",\"isPartOf\":{\"@id\":\"https:\/\/www.parkhotelaicappuccini.it\/fr\/#website\"},\"datePublished\":\"2024-01-12T15:31:32+00:00\",\"dateModified\":\"2024-01-17T11:28:49+00:00\",\"description\":\"L'Oasi del Parco, le nouvel espace bien-\u00eatre con\u00e7u par Simone Micheli, est situ\u00e9 dans le parc Cappuccini, dans une magnifique position sur\u00e9lev\u00e9e et panoramique, et propose : Piscine int\u00e9rieure\/ext\u00e9rieure \u00e0 34\u00b0C, parcours Kneipp, espace silence et d\u00e9tente. Il fait partie du circuit de Spa\",\"breadcrumb\":{\"@id\":\"https:\/\/www.parkhotelaicappuccini.it\/fr\/spa-fitness\/oasi-del-parco\/#breadcrumb\"},\"inLanguage\":\"fr-FR\",\"potentialAction\":[{\"@type\":\"ReadAction\",\"target\":[\"https:\/\/www.parkhotelaicappuccini.it\/fr\/spa-fitness\/oasi-del-parco\/\"]}]},{\"@type\":\"BreadcrumbList\",\"@id\":\"https:\/\/www.parkhotelaicappuccini.it\/fr\/spa-fitness\/oasi-del-parco\/#breadcrumb\",\"itemListElement\":[{\"@type\":\"ListItem\",\"position\":1,\"name\":\"Home\",\"item\":\"https:\/\/www.parkhotelaicappuccini.it\/fr\/\"},{\"@type\":\"ListItem\",\"position\":2,\"name\":\"Spa &amp; fitness\",\"item\":\"https:\/\/www.parkhotelaicappuccini.it\/fr\/spa-fitness\/\"},{\"@type\":\"ListItem\",\"position\":3,\"name\":\"Oasi del Parco\"}]},{\"@type\":\"WebSite\",\"@id\":\"https:\/\/www.parkhotelaicappuccini.it\/fr\/#website\",\"url\":\"https:\/\/www.parkhotelaicappuccini.it\/fr\/\",\"name\":\"Park Hotel Ai Cappuccini\",\"description\":\"Just another ms.decms.eu site\",\"potentialAction\":[{\"@type\":\"SearchAction\",\"target\":{\"@type\":\"EntryPoint\",\"urlTemplate\":\"https:\/\/www.parkhotelaicappuccini.it\/fr\/?s={search_term_string}\"},\"query-input\":{\"@type\":\"PropertyValueSpecification\",\"valueRequired\":true,\"valueName\":\"search_term_string\"}}],\"inLanguage\":\"fr-FR\"}]}<\/script>\n<!-- \/ Yoast SEO plugin. -->","yoast_head_json":{"title":"Oasi del Parco - Park Hotel Ai Cappuccini -","description":"L'Oasi del Parco, le nouvel espace bien-\u00eatre con\u00e7u par Simone Micheli, est situ\u00e9 dans le parc Cappuccini, dans une magnifique position sur\u00e9lev\u00e9e et panoramique, et propose : Piscine int\u00e9rieure\/ext\u00e9rieure \u00e0 34\u00b0C, parcours Kneipp, espace silence et d\u00e9tente. Il fait partie du circuit de Spa","robots":{"index":"index","follow":"follow","max-snippet":"max-snippet:-1","max-image-preview":"max-image-preview:large","max-video-preview":"max-video-preview:-1"},"canonical":"https:\/\/www.parkhotelaicappuccini.it\/fr\/spa-fitness\/oasi-del-parco\/","og_locale":"fr_FR","og_type":"article","og_title":"Oasi del Parco - Park Hotel Ai Cappuccini -","og_description":"L'Oasi del Parco, le nouvel espace bien-\u00eatre con\u00e7u par Simone Micheli, est situ\u00e9 dans le parc Cappuccini, dans une magnifique position sur\u00e9lev\u00e9e et panoramique, et propose : Piscine int\u00e9rieure\/ext\u00e9rieure \u00e0 34\u00b0C, parcours Kneipp, espace silence et d\u00e9tente. Il fait partie du circuit de Spa","og_url":"https:\/\/www.parkhotelaicappuccini.it\/fr\/spa-fitness\/oasi-del-parco\/","og_site_name":"Park Hotel Ai Cappuccini","article_modified_time":"2024-01-17T11:28:49+00:00","og_image":[{"width":1200,"height":666,"url":"https:\/\/www.parkhotelaicappuccini.it\/wp-content\/uploads\/sites\/385\/2021\/12\/Parco-Acque-6.jpg","type":"image\/jpeg"}],"twitter_card":"summary_large_image","schema":{"@context":"https:\/\/schema.org","@graph":[{"@type":"WebPage","@id":"https:\/\/www.parkhotelaicappuccini.it\/fr\/spa-fitness\/oasi-del-parco\/","url":"https:\/\/www.parkhotelaicappuccini.it\/fr\/spa-fitness\/oasi-del-parco\/","name":"Oasi del Parco - Park Hotel Ai Cappuccini -","isPartOf":{"@id":"https:\/\/www.parkhotelaicappuccini.it\/fr\/#website"},"datePublished":"2024-01-12T15:31:32+00:00","dateModified":"2024-01-17T11:28:49+00:00","description":"L'Oasi del Parco, le nouvel espace bien-\u00eatre con\u00e7u par Simone Micheli, est situ\u00e9 dans le parc Cappuccini, dans une magnifique position sur\u00e9lev\u00e9e et panoramique, et propose : Piscine int\u00e9rieure\/ext\u00e9rieure \u00e0 34\u00b0C, parcours Kneipp, espace silence et d\u00e9tente. Il fait partie du circuit de Spa","breadcrumb":{"@id":"https:\/\/www.parkhotelaicappuccini.it\/fr\/spa-fitness\/oasi-del-parco\/#breadcrumb"},"inLanguage":"fr-FR","potentialAction":[{"@type":"ReadAction","target":["https:\/\/www.parkhotelaicappuccini.it\/fr\/spa-fitness\/oasi-del-parco\/"]}]},{"@type":"BreadcrumbList","@id":"https:\/\/www.parkhotelaicappuccini.it\/fr\/spa-fitness\/oasi-del-parco\/#breadcrumb","itemListElement":[{"@type":"ListItem","position":1,"name":"Home","item":"https:\/\/www.parkhotelaicappuccini.it\/fr\/"},{"@type":"ListItem","position":2,"name":"Spa &amp; fitness","item":"https:\/\/www.parkhotelaicappuccini.it\/fr\/spa-fitness\/"},{"@type":"ListItem","position":3,"name":"Oasi del Parco"}]},{"@type":"WebSite","@id":"https:\/\/www.parkhotelaicappuccini.it\/fr\/#website","url":"https:\/\/www.parkhotelaicappuccini.it\/fr\/","name":"Park Hotel Ai Cappuccini","description":"Just another ms.decms.eu site","potentialAction":[{"@type":"SearchAction","target":{"@type":"EntryPoint","urlTemplate":"https:\/\/www.parkhotelaicappuccini.it\/fr\/?s={search_term_string}"},"query-input":{"@type":"PropertyValueSpecification","valueRequired":true,"valueName":"search_term_string"}}],"inLanguage":"fr-FR"}]}},"acf":[],"_links":{"self":[{"href":"https:\/\/www.parkhotelaicappuccini.it\/fr\/wp-json\/wp\/v2\/pages\/2110","targetHints":{"allow":["GET"]}}],"collection":[{"href":"https:\/\/www.parkhotelaicappuccini.it\/fr\/wp-json\/wp\/v2\/pages"}],"about":[{"href":"https:\/\/www.parkhotelaicappuccini.it\/fr\/wp-json\/wp\/v2\/types\/page"}],"author":[{"embeddable":true,"href":"https:\/\/www.parkhotelaicappuccini.it\/fr\/wp-json\/wp\/v2\/users\/413"}],"replies":[{"embeddable":true,"href":"https:\/\/www.parkhotelaicappuccini.it\/fr\/wp-json\/wp\/v2\/comments?post=2110"}],"version-history":[{"count":0,"href":"https:\/\/www.parkhotelaicappuccini.it\/fr\/wp-json\/wp\/v2\/pages\/2110\/revisions"}],"up":[{"embeddable":true,"href":"https:\/\/www.parkhotelaicappuccini.it\/fr\/wp-json\/wp\/v2\/pages\/473"}],"wp:attachment":[{"href":"https:\/\/www.parkhotelaicappuccini.it\/fr\/wp-json\/wp\/v2\/media?parent=2110"}],"curies":[{"name":"wp","href":"https:\/\/api.w.org\/{rel}","templated":true}]}}