{"id":1695,"date":"2022-01-14T09:30:26","date_gmt":"2022-01-14T09:30:26","guid":{"rendered":"https:\/\/park-hotel-ai-cappuccini.ms.decms.eu\/?page_id=1695"},"modified":"2022-01-14T09:30:26","modified_gmt":"2022-01-14T09:30:26","slug":"vendredi-saint-procession-du-christ-mort","status":"publish","type":"page","link":"https:\/\/www.parkhotelaicappuccini.it\/fr\/gubbio-et-ombrie\/rendez-vous\/vendredi-saint-procession-du-christ-mort\/","title":{"rendered":"Vendredi Saint: Procession du Christ Mort"},"content":{"rendered":"<p>La Procession du Christ Mort est une suggestive manifestation religieuse organis\u00e9e par la Confr\u00e9rie de Santa Croce della Foce le soir du Vendredi Saint. Diverses confr\u00e9ries d\u00e9filent par les vieilles rues du centre historique, dans leurs costumes typiques avec capuche blanche (bures) avec les statues du Christ (une pr\u00e9cieuse sculpture en bois du XVIIe si\u00e8cle) et de la vierge en souffrance, l\u2019ancien rosaire en bois \u00e0 33 perles (avec lequel les p\u00e8lerins se frapp\u00e8rent le dos en signe p\u00e9nitential pour la r\u00e9mission des p\u00e9ch\u00e9s), les grands croix et les symboles de la Passion.<\/p>\n<p>Le silence suggestif est rompu par le son des \u201cbattistrangole\u201d (cr\u00e9celles) et par le \u00ab Miserere \u00bb, un ancien chant p\u00e9nitential \u00e0 plus voix, transmit oralement, alors que la nuit est \u00e9clair\u00e9e par les torches et les feux de joie.<\/p>\n","protected":false},"excerpt":{"rendered":"<p>La Procession du Christ Mort est une suggestive manifestation religieuse organis\u00e9e par la Confr\u00e9rie de Santa Croce della Foce le soir du Vendredi Saint. Diverses confr\u00e9ries d\u00e9filent par les vieilles rues du centre historique, dans leurs costumes typiques avec capuche blanche (bures) avec les statues du Christ (une pr\u00e9cieuse sculpture en bois du XVIIe si\u00e8cle) [&hellip;]<\/p>\n","protected":false},"author":36,"featured_media":0,"parent":1641,"menu_order":30,"comment_status":"closed","ping_status":"closed","template":"template-default-3.php","meta":{"footnotes":""},"class_list":["post-1695","page","type-page","status-publish","hentry"],"yoast_head":"<!-- This site is optimized with the Yoast SEO plugin v26.9 - https:\/\/yoast.com\/product\/yoast-seo-wordpress\/ -->\n<title>Vendredi Saint: Procession du Christ Mort - Park Hotel Ai Cappuccini -<\/title>\n<meta name=\"description\" content=\"La Procession du Christ Mort est une suggestive manifestation religieuse organis\u00e9e par la Confr\u00e9rie de Santa Croce della Foce le soir du Vendredi Saint. Diverses confr\u00e9ries d\u00e9filent par les vieilles rues du centre historique, dans leurs costumes typiques avec capuche blanche (bures) avec les statues du Christ (une pr\u00e9cieuse sculpture en bois du XVIIe si\u00e8cle) et de la vierge en souffrance, l\u2019ancien rosaire en bois \u00e0 33 perles (avec lequel les p\u00e8lerins se frapp\u00e8rent le dos en signe p\u00e9nitential pour la r\u00e9mission des p\u00e9ch\u00e9s), les grands croix et les symboles de la Passion.  Le silence suggestif est rompu par le son des \u201cbattistrangole\u201d (cr\u00e9celles) et par le \u00ab Miserere \u00bb, un ancien chant p\u00e9nitential \u00e0 plus voix, transmit oralement, alors que la nuit est \u00e9clair\u00e9e par les torches et les feux de joie.\" \/>\n<meta name=\"robots\" content=\"index, follow, max-snippet:-1, max-image-preview:large, max-video-preview:-1\" \/>\n<link rel=\"canonical\" href=\"https:\/\/www.parkhotelaicappuccini.it\/fr\/gubbio-et-ombrie\/rendez-vous\/vendredi-saint-procession-du-christ-mort\/\" \/>\n<meta property=\"og:locale\" content=\"fr_FR\" \/>\n<meta property=\"og:type\" content=\"article\" \/>\n<meta property=\"og:title\" content=\"Vendredi Saint: Procession du Christ Mort - Park Hotel Ai Cappuccini -\" \/>\n<meta property=\"og:description\" content=\"La Procession du Christ Mort est une suggestive manifestation religieuse organis\u00e9e par la Confr\u00e9rie de Santa Croce della Foce le soir du Vendredi Saint. Diverses confr\u00e9ries d\u00e9filent par les vieilles rues du centre historique, dans leurs costumes typiques avec capuche blanche (bures) avec les statues du Christ (une pr\u00e9cieuse sculpture en bois du XVIIe si\u00e8cle) et de la vierge en souffrance, l\u2019ancien rosaire en bois \u00e0 33 perles (avec lequel les p\u00e8lerins se frapp\u00e8rent le dos en signe p\u00e9nitential pour la r\u00e9mission des p\u00e9ch\u00e9s), les grands croix et les symboles de la Passion.  Le silence suggestif est rompu par le son des \u201cbattistrangole\u201d (cr\u00e9celles) et par le \u00ab Miserere \u00bb, un ancien chant p\u00e9nitential \u00e0 plus voix, transmit oralement, alors que la nuit est \u00e9clair\u00e9e par les torches et les feux de joie.\" \/>\n<meta property=\"og:url\" content=\"https:\/\/www.parkhotelaicappuccini.it\/fr\/gubbio-et-ombrie\/rendez-vous\/vendredi-saint-procession-du-christ-mort\/\" \/>\n<meta property=\"og:site_name\" content=\"Park Hotel Ai Cappuccini\" \/>\n<meta property=\"og:image\" content=\"https:\/\/www.parkhotelaicappuccini.it\/wp-content\/uploads\/sites\/385\/2021\/12\/Parco-Acque-6.jpg\" \/>\n\t<meta property=\"og:image:width\" content=\"1200\" \/>\n\t<meta property=\"og:image:height\" content=\"666\" \/>\n\t<meta property=\"og:image:type\" content=\"image\/jpeg\" \/>\n<meta name=\"twitter:card\" content=\"summary_large_image\" \/>\n<meta name=\"twitter:label1\" content=\"Dur\u00e9e de lecture estim\u00e9e\" \/>\n\t<meta name=\"twitter:data1\" content=\"1 minute\" \/>\n<script type=\"application\/ld+json\" class=\"yoast-schema-graph\">{\"@context\":\"https:\/\/schema.org\",\"@graph\":[{\"@type\":\"WebPage\",\"@id\":\"https:\/\/www.parkhotelaicappuccini.it\/fr\/gubbio-et-ombrie\/rendez-vous\/vendredi-saint-procession-du-christ-mort\/\",\"url\":\"https:\/\/www.parkhotelaicappuccini.it\/fr\/gubbio-et-ombrie\/rendez-vous\/vendredi-saint-procession-du-christ-mort\/\",\"name\":\"Vendredi Saint: Procession du Christ Mort - Park Hotel Ai Cappuccini -\",\"isPartOf\":{\"@id\":\"https:\/\/www.parkhotelaicappuccini.it\/fr\/#website\"},\"datePublished\":\"2022-01-14T09:30:26+00:00\",\"description\":\"La Procession du Christ Mort est une suggestive manifestation religieuse organis\u00e9e par la Confr\u00e9rie de Santa Croce della Foce le soir du Vendredi Saint. Diverses confr\u00e9ries d\u00e9filent par les vieilles rues du centre historique, dans leurs costumes typiques avec capuche blanche (bures) avec les statues du Christ (une pr\u00e9cieuse sculpture en bois du XVIIe si\u00e8cle) et de la vierge en souffrance, l\u2019ancien rosaire en bois \u00e0 33 perles (avec lequel les p\u00e8lerins se frapp\u00e8rent le dos en signe p\u00e9nitential pour la r\u00e9mission des p\u00e9ch\u00e9s), les grands croix et les symboles de la Passion. Le silence suggestif est rompu par le son des \u201cbattistrangole\u201d (cr\u00e9celles) et par le \u00ab Miserere \u00bb, un ancien chant p\u00e9nitential \u00e0 plus voix, transmit oralement, alors que la nuit est \u00e9clair\u00e9e par les torches et les feux de joie.\",\"breadcrumb\":{\"@id\":\"https:\/\/www.parkhotelaicappuccini.it\/fr\/gubbio-et-ombrie\/rendez-vous\/vendredi-saint-procession-du-christ-mort\/#breadcrumb\"},\"inLanguage\":\"fr-FR\",\"potentialAction\":[{\"@type\":\"ReadAction\",\"target\":[\"https:\/\/www.parkhotelaicappuccini.it\/fr\/gubbio-et-ombrie\/rendez-vous\/vendredi-saint-procession-du-christ-mort\/\"]}]},{\"@type\":\"BreadcrumbList\",\"@id\":\"https:\/\/www.parkhotelaicappuccini.it\/fr\/gubbio-et-ombrie\/rendez-vous\/vendredi-saint-procession-du-christ-mort\/#breadcrumb\",\"itemListElement\":[{\"@type\":\"ListItem\",\"position\":1,\"name\":\"Home\",\"item\":\"https:\/\/www.parkhotelaicappuccini.it\/fr\/\"},{\"@type\":\"ListItem\",\"position\":2,\"name\":\"Gubbio et Ombrie\",\"item\":\"https:\/\/www.parkhotelaicappuccini.it\/fr\/gubbio-et-ombrie\/\"},{\"@type\":\"ListItem\",\"position\":3,\"name\":\"Rendez vous\",\"item\":\"https:\/\/www.parkhotelaicappuccini.it\/fr\/gubbio-et-ombrie\/rendez-vous\/\"},{\"@type\":\"ListItem\",\"position\":4,\"name\":\"Vendredi Saint: Procession du Christ Mort\"}]},{\"@type\":\"WebSite\",\"@id\":\"https:\/\/www.parkhotelaicappuccini.it\/fr\/#website\",\"url\":\"https:\/\/www.parkhotelaicappuccini.it\/fr\/\",\"name\":\"Park Hotel Ai Cappuccini\",\"description\":\"Just another ms.decms.eu site\",\"potentialAction\":[{\"@type\":\"SearchAction\",\"target\":{\"@type\":\"EntryPoint\",\"urlTemplate\":\"https:\/\/www.parkhotelaicappuccini.it\/fr\/?s={search_term_string}\"},\"query-input\":{\"@type\":\"PropertyValueSpecification\",\"valueRequired\":true,\"valueName\":\"search_term_string\"}}],\"inLanguage\":\"fr-FR\"}]}<\/script>\n<!-- \/ Yoast SEO plugin. -->","yoast_head_json":{"title":"Vendredi Saint: Procession du Christ Mort - Park Hotel Ai Cappuccini -","description":"La Procession du Christ Mort est une suggestive manifestation religieuse organis\u00e9e par la Confr\u00e9rie de Santa Croce della Foce le soir du Vendredi Saint. Diverses confr\u00e9ries d\u00e9filent par les vieilles rues du centre historique, dans leurs costumes typiques avec capuche blanche (bures) avec les statues du Christ (une pr\u00e9cieuse sculpture en bois du XVIIe si\u00e8cle) et de la vierge en souffrance, l\u2019ancien rosaire en bois \u00e0 33 perles (avec lequel les p\u00e8lerins se frapp\u00e8rent le dos en signe p\u00e9nitential pour la r\u00e9mission des p\u00e9ch\u00e9s), les grands croix et les symboles de la Passion.  Le silence suggestif est rompu par le son des \u201cbattistrangole\u201d (cr\u00e9celles) et par le \u00ab Miserere \u00bb, un ancien chant p\u00e9nitential \u00e0 plus voix, transmit oralement, alors que la nuit est \u00e9clair\u00e9e par les torches et les feux de joie.","robots":{"index":"index","follow":"follow","max-snippet":"max-snippet:-1","max-image-preview":"max-image-preview:large","max-video-preview":"max-video-preview:-1"},"canonical":"https:\/\/www.parkhotelaicappuccini.it\/fr\/gubbio-et-ombrie\/rendez-vous\/vendredi-saint-procession-du-christ-mort\/","og_locale":"fr_FR","og_type":"article","og_title":"Vendredi Saint: Procession du Christ Mort - Park Hotel Ai Cappuccini -","og_description":"La Procession du Christ Mort est une suggestive manifestation religieuse organis\u00e9e par la Confr\u00e9rie de Santa Croce della Foce le soir du Vendredi Saint. Diverses confr\u00e9ries d\u00e9filent par les vieilles rues du centre historique, dans leurs costumes typiques avec capuche blanche (bures) avec les statues du Christ (une pr\u00e9cieuse sculpture en bois du XVIIe si\u00e8cle) et de la vierge en souffrance, l\u2019ancien rosaire en bois \u00e0 33 perles (avec lequel les p\u00e8lerins se frapp\u00e8rent le dos en signe p\u00e9nitential pour la r\u00e9mission des p\u00e9ch\u00e9s), les grands croix et les symboles de la Passion.  Le silence suggestif est rompu par le son des \u201cbattistrangole\u201d (cr\u00e9celles) et par le \u00ab Miserere \u00bb, un ancien chant p\u00e9nitential \u00e0 plus voix, transmit oralement, alors que la nuit est \u00e9clair\u00e9e par les torches et les feux de joie.","og_url":"https:\/\/www.parkhotelaicappuccini.it\/fr\/gubbio-et-ombrie\/rendez-vous\/vendredi-saint-procession-du-christ-mort\/","og_site_name":"Park Hotel Ai Cappuccini","og_image":[{"width":1200,"height":666,"url":"https:\/\/www.parkhotelaicappuccini.it\/wp-content\/uploads\/sites\/385\/2021\/12\/Parco-Acque-6.jpg","type":"image\/jpeg"}],"twitter_card":"summary_large_image","twitter_misc":{"Dur\u00e9e de lecture estim\u00e9e":"1 minute"},"schema":{"@context":"https:\/\/schema.org","@graph":[{"@type":"WebPage","@id":"https:\/\/www.parkhotelaicappuccini.it\/fr\/gubbio-et-ombrie\/rendez-vous\/vendredi-saint-procession-du-christ-mort\/","url":"https:\/\/www.parkhotelaicappuccini.it\/fr\/gubbio-et-ombrie\/rendez-vous\/vendredi-saint-procession-du-christ-mort\/","name":"Vendredi Saint: Procession du Christ Mort - Park Hotel Ai Cappuccini -","isPartOf":{"@id":"https:\/\/www.parkhotelaicappuccini.it\/fr\/#website"},"datePublished":"2022-01-14T09:30:26+00:00","description":"La Procession du Christ Mort est une suggestive manifestation religieuse organis\u00e9e par la Confr\u00e9rie de Santa Croce della Foce le soir du Vendredi Saint. Diverses confr\u00e9ries d\u00e9filent par les vieilles rues du centre historique, dans leurs costumes typiques avec capuche blanche (bures) avec les statues du Christ (une pr\u00e9cieuse sculpture en bois du XVIIe si\u00e8cle) et de la vierge en souffrance, l\u2019ancien rosaire en bois \u00e0 33 perles (avec lequel les p\u00e8lerins se frapp\u00e8rent le dos en signe p\u00e9nitential pour la r\u00e9mission des p\u00e9ch\u00e9s), les grands croix et les symboles de la Passion. Le silence suggestif est rompu par le son des \u201cbattistrangole\u201d (cr\u00e9celles) et par le \u00ab Miserere \u00bb, un ancien chant p\u00e9nitential \u00e0 plus voix, transmit oralement, alors que la nuit est \u00e9clair\u00e9e par les torches et les feux de joie.","breadcrumb":{"@id":"https:\/\/www.parkhotelaicappuccini.it\/fr\/gubbio-et-ombrie\/rendez-vous\/vendredi-saint-procession-du-christ-mort\/#breadcrumb"},"inLanguage":"fr-FR","potentialAction":[{"@type":"ReadAction","target":["https:\/\/www.parkhotelaicappuccini.it\/fr\/gubbio-et-ombrie\/rendez-vous\/vendredi-saint-procession-du-christ-mort\/"]}]},{"@type":"BreadcrumbList","@id":"https:\/\/www.parkhotelaicappuccini.it\/fr\/gubbio-et-ombrie\/rendez-vous\/vendredi-saint-procession-du-christ-mort\/#breadcrumb","itemListElement":[{"@type":"ListItem","position":1,"name":"Home","item":"https:\/\/www.parkhotelaicappuccini.it\/fr\/"},{"@type":"ListItem","position":2,"name":"Gubbio et Ombrie","item":"https:\/\/www.parkhotelaicappuccini.it\/fr\/gubbio-et-ombrie\/"},{"@type":"ListItem","position":3,"name":"Rendez vous","item":"https:\/\/www.parkhotelaicappuccini.it\/fr\/gubbio-et-ombrie\/rendez-vous\/"},{"@type":"ListItem","position":4,"name":"Vendredi Saint: Procession du Christ Mort"}]},{"@type":"WebSite","@id":"https:\/\/www.parkhotelaicappuccini.it\/fr\/#website","url":"https:\/\/www.parkhotelaicappuccini.it\/fr\/","name":"Park Hotel Ai Cappuccini","description":"Just another ms.decms.eu site","potentialAction":[{"@type":"SearchAction","target":{"@type":"EntryPoint","urlTemplate":"https:\/\/www.parkhotelaicappuccini.it\/fr\/?s={search_term_string}"},"query-input":{"@type":"PropertyValueSpecification","valueRequired":true,"valueName":"search_term_string"}}],"inLanguage":"fr-FR"}]}},"acf":[],"_links":{"self":[{"href":"https:\/\/www.parkhotelaicappuccini.it\/fr\/wp-json\/wp\/v2\/pages\/1695","targetHints":{"allow":["GET"]}}],"collection":[{"href":"https:\/\/www.parkhotelaicappuccini.it\/fr\/wp-json\/wp\/v2\/pages"}],"about":[{"href":"https:\/\/www.parkhotelaicappuccini.it\/fr\/wp-json\/wp\/v2\/types\/page"}],"author":[{"embeddable":true,"href":"https:\/\/www.parkhotelaicappuccini.it\/fr\/wp-json\/wp\/v2\/users\/36"}],"replies":[{"embeddable":true,"href":"https:\/\/www.parkhotelaicappuccini.it\/fr\/wp-json\/wp\/v2\/comments?post=1695"}],"version-history":[{"count":0,"href":"https:\/\/www.parkhotelaicappuccini.it\/fr\/wp-json\/wp\/v2\/pages\/1695\/revisions"}],"up":[{"embeddable":true,"href":"https:\/\/www.parkhotelaicappuccini.it\/fr\/wp-json\/wp\/v2\/pages\/1641"}],"wp:attachment":[{"href":"https:\/\/www.parkhotelaicappuccini.it\/fr\/wp-json\/wp\/v2\/media?parent=1695"}],"curies":[{"name":"wp","href":"https:\/\/api.w.org\/{rel}","templated":true}]}}