{"id":1688,"date":"2022-01-14T09:25:29","date_gmt":"2022-01-14T09:25:29","guid":{"rendered":"https:\/\/park-hotel-ai-cappuccini.ms.decms.eu\/?page_id=1688"},"modified":"2022-01-14T09:25:29","modified_gmt":"2022-01-14T09:25:29","slug":"15-mai-festa-dei-ceri","status":"publish","type":"page","link":"https:\/\/www.parkhotelaicappuccini.it\/fr\/gubbio-et-ombrie\/rendez-vous\/15-mai-festa-dei-ceri\/","title":{"rendered":"15 mai: Festa dei Ceri"},"content":{"rendered":"<p>Une f\u00eate o\u00f9 le sacre et le profane se fondent dans une joie de vivre explosive. \u00ab Pourquoi est-il si difficile d\u2019expliquer cette f\u00eate? Parce que ce n\u2019est pas une f\u00eate qu\u2019on peut raconter, on la peut seulement vivre.<\/p>\n<p>Autrement on ne peut justifier que cette course n\u2019ait pas de vainqueurs, ne pr\u00e9voie aucun d\u00e9passement, ne dresse sur le pi\u00e9destal qu\u2019un protagoniste : le Patron de Gubbio (S. Ubaldo).<\/p>\n<p>On ne peut pas expliquer \u2013 face \u00e0 autant \u00e9vocations de fra\u00eeche date \u2013 cette forte tradition qui traverse le temps, fid\u00e8le mais tout de m\u00eame capable de s\u2019adapter aux temps qui changent. Pour la m\u00eame raison, il est presque impossible de d\u00e9crire la raison pour laquelle la \u00ab Festa dei Ceri \u00bb n\u2019a pas de spectateurs, m\u00eame pas un sc\u00e9nario, mais un rituel qui dure toute une journ\u00e9e, riche en \u00e9motion et participation; il ne faut pas de billets d\u2019entr\u00e9e, ni de chronom\u00e8tres, ni FotoFinish\u2026 une journ\u00e9e qui sort de la normalit\u00e9, qui la d\u00e9passe et la domine. \u00ab Beaucoup, tr\u00e8s, tout \u00bb : ainsi le regrett\u00e9 avocat Gini, l\u2019un des plus grands \u00ab chanteurs \u00bb modernes de la ville de Gubbio, au microphone de Folco Quilici, en 1973, r\u00e9suma embl\u00e9matiquement le 15 mai. (Du blog de Giacomo Marinelli Andreoli).<\/p>\n","protected":false},"excerpt":{"rendered":"<p>Une f\u00eate o\u00f9 le sacre et le profane se fondent dans une joie de vivre explosive. \u00ab Pourquoi est-il si difficile d\u2019expliquer cette f\u00eate? Parce que ce n\u2019est pas une f\u00eate qu\u2019on peut raconter, on la peut seulement vivre. Autrement on ne peut justifier que cette course n\u2019ait pas de vainqueurs, ne pr\u00e9voie aucun d\u00e9passement, [&hellip;]<\/p>\n","protected":false},"author":36,"featured_media":0,"parent":1641,"menu_order":25,"comment_status":"closed","ping_status":"closed","template":"template-default-3.php","meta":{"footnotes":""},"class_list":["post-1688","page","type-page","status-publish","hentry"],"yoast_head":"<!-- This site is optimized with the Yoast SEO plugin v26.9 - https:\/\/yoast.com\/product\/yoast-seo-wordpress\/ -->\n<title>15 mai: Festa dei Ceri - Park Hotel Ai Cappuccini -<\/title>\n<meta name=\"description\" content=\"Une f\u00eate o\u00f9 le sacre et le profane se fondent dans une joie de vivre explosive. \u00ab Pourquoi est-il si difficile d\u2019expliquer cette f\u00eate? Parce que ce n\u2019est pas une f\u00eate qu\u2019on peut raconter, on la peut seulement vivre.  Autrement on ne peut justifier que cette course n\u2019ait pas de vainqueurs, ne pr\u00e9voie aucun d\u00e9passement, ne dresse sur le pi\u00e9destal qu\u2019un protagoniste : le Patron de Gubbio (S\" \/>\n<meta name=\"robots\" content=\"index, follow, max-snippet:-1, max-image-preview:large, max-video-preview:-1\" \/>\n<link rel=\"canonical\" href=\"https:\/\/www.parkhotelaicappuccini.it\/fr\/gubbio-et-ombrie\/rendez-vous\/15-mai-festa-dei-ceri\/\" \/>\n<meta property=\"og:locale\" content=\"fr_FR\" \/>\n<meta property=\"og:type\" content=\"article\" \/>\n<meta property=\"og:title\" content=\"15 mai: Festa dei Ceri - Park Hotel Ai Cappuccini -\" \/>\n<meta property=\"og:description\" content=\"Une f\u00eate o\u00f9 le sacre et le profane se fondent dans une joie de vivre explosive. \u00ab Pourquoi est-il si difficile d\u2019expliquer cette f\u00eate? Parce que ce n\u2019est pas une f\u00eate qu\u2019on peut raconter, on la peut seulement vivre.  Autrement on ne peut justifier que cette course n\u2019ait pas de vainqueurs, ne pr\u00e9voie aucun d\u00e9passement, ne dresse sur le pi\u00e9destal qu\u2019un protagoniste : le Patron de Gubbio (S\" \/>\n<meta property=\"og:url\" content=\"https:\/\/www.parkhotelaicappuccini.it\/fr\/gubbio-et-ombrie\/rendez-vous\/15-mai-festa-dei-ceri\/\" \/>\n<meta property=\"og:site_name\" content=\"Park Hotel Ai Cappuccini\" \/>\n<meta property=\"og:image\" content=\"https:\/\/www.parkhotelaicappuccini.it\/wp-content\/uploads\/sites\/385\/2021\/12\/Parco-Acque-6.jpg\" \/>\n\t<meta property=\"og:image:width\" content=\"1200\" \/>\n\t<meta property=\"og:image:height\" content=\"666\" \/>\n\t<meta property=\"og:image:type\" content=\"image\/jpeg\" \/>\n<meta name=\"twitter:card\" content=\"summary_large_image\" \/>\n<meta name=\"twitter:label1\" content=\"Dur\u00e9e de lecture estim\u00e9e\" \/>\n\t<meta name=\"twitter:data1\" content=\"1 minute\" \/>\n<script type=\"application\/ld+json\" class=\"yoast-schema-graph\">{\"@context\":\"https:\/\/schema.org\",\"@graph\":[{\"@type\":\"WebPage\",\"@id\":\"https:\/\/www.parkhotelaicappuccini.it\/fr\/gubbio-et-ombrie\/rendez-vous\/15-mai-festa-dei-ceri\/\",\"url\":\"https:\/\/www.parkhotelaicappuccini.it\/fr\/gubbio-et-ombrie\/rendez-vous\/15-mai-festa-dei-ceri\/\",\"name\":\"15 mai: Festa dei Ceri - Park Hotel Ai Cappuccini -\",\"isPartOf\":{\"@id\":\"https:\/\/www.parkhotelaicappuccini.it\/fr\/#website\"},\"datePublished\":\"2022-01-14T09:25:29+00:00\",\"description\":\"Une f\u00eate o\u00f9 le sacre et le profane se fondent dans une joie de vivre explosive. \u00ab Pourquoi est-il si difficile d\u2019expliquer cette f\u00eate? Parce que ce n\u2019est pas une f\u00eate qu\u2019on peut raconter, on la peut seulement vivre. Autrement on ne peut justifier que cette course n\u2019ait pas de vainqueurs, ne pr\u00e9voie aucun d\u00e9passement, ne dresse sur le pi\u00e9destal qu\u2019un protagoniste : le Patron de Gubbio (S\",\"breadcrumb\":{\"@id\":\"https:\/\/www.parkhotelaicappuccini.it\/fr\/gubbio-et-ombrie\/rendez-vous\/15-mai-festa-dei-ceri\/#breadcrumb\"},\"inLanguage\":\"fr-FR\",\"potentialAction\":[{\"@type\":\"ReadAction\",\"target\":[\"https:\/\/www.parkhotelaicappuccini.it\/fr\/gubbio-et-ombrie\/rendez-vous\/15-mai-festa-dei-ceri\/\"]}]},{\"@type\":\"BreadcrumbList\",\"@id\":\"https:\/\/www.parkhotelaicappuccini.it\/fr\/gubbio-et-ombrie\/rendez-vous\/15-mai-festa-dei-ceri\/#breadcrumb\",\"itemListElement\":[{\"@type\":\"ListItem\",\"position\":1,\"name\":\"Home\",\"item\":\"https:\/\/www.parkhotelaicappuccini.it\/fr\/\"},{\"@type\":\"ListItem\",\"position\":2,\"name\":\"Gubbio et Ombrie\",\"item\":\"https:\/\/www.parkhotelaicappuccini.it\/fr\/gubbio-et-ombrie\/\"},{\"@type\":\"ListItem\",\"position\":3,\"name\":\"Rendez vous\",\"item\":\"https:\/\/www.parkhotelaicappuccini.it\/fr\/gubbio-et-ombrie\/rendez-vous\/\"},{\"@type\":\"ListItem\",\"position\":4,\"name\":\"15 mai: Festa dei Ceri\"}]},{\"@type\":\"WebSite\",\"@id\":\"https:\/\/www.parkhotelaicappuccini.it\/fr\/#website\",\"url\":\"https:\/\/www.parkhotelaicappuccini.it\/fr\/\",\"name\":\"Park Hotel Ai Cappuccini\",\"description\":\"Just another ms.decms.eu site\",\"potentialAction\":[{\"@type\":\"SearchAction\",\"target\":{\"@type\":\"EntryPoint\",\"urlTemplate\":\"https:\/\/www.parkhotelaicappuccini.it\/fr\/?s={search_term_string}\"},\"query-input\":{\"@type\":\"PropertyValueSpecification\",\"valueRequired\":true,\"valueName\":\"search_term_string\"}}],\"inLanguage\":\"fr-FR\"}]}<\/script>\n<!-- \/ Yoast SEO plugin. -->","yoast_head_json":{"title":"15 mai: Festa dei Ceri - Park Hotel Ai Cappuccini -","description":"Une f\u00eate o\u00f9 le sacre et le profane se fondent dans une joie de vivre explosive. \u00ab Pourquoi est-il si difficile d\u2019expliquer cette f\u00eate? Parce que ce n\u2019est pas une f\u00eate qu\u2019on peut raconter, on la peut seulement vivre.  Autrement on ne peut justifier que cette course n\u2019ait pas de vainqueurs, ne pr\u00e9voie aucun d\u00e9passement, ne dresse sur le pi\u00e9destal qu\u2019un protagoniste : le Patron de Gubbio (S","robots":{"index":"index","follow":"follow","max-snippet":"max-snippet:-1","max-image-preview":"max-image-preview:large","max-video-preview":"max-video-preview:-1"},"canonical":"https:\/\/www.parkhotelaicappuccini.it\/fr\/gubbio-et-ombrie\/rendez-vous\/15-mai-festa-dei-ceri\/","og_locale":"fr_FR","og_type":"article","og_title":"15 mai: Festa dei Ceri - Park Hotel Ai Cappuccini -","og_description":"Une f\u00eate o\u00f9 le sacre et le profane se fondent dans une joie de vivre explosive. \u00ab Pourquoi est-il si difficile d\u2019expliquer cette f\u00eate? Parce que ce n\u2019est pas une f\u00eate qu\u2019on peut raconter, on la peut seulement vivre.  Autrement on ne peut justifier que cette course n\u2019ait pas de vainqueurs, ne pr\u00e9voie aucun d\u00e9passement, ne dresse sur le pi\u00e9destal qu\u2019un protagoniste : le Patron de Gubbio (S","og_url":"https:\/\/www.parkhotelaicappuccini.it\/fr\/gubbio-et-ombrie\/rendez-vous\/15-mai-festa-dei-ceri\/","og_site_name":"Park Hotel Ai Cappuccini","og_image":[{"width":1200,"height":666,"url":"https:\/\/www.parkhotelaicappuccini.it\/wp-content\/uploads\/sites\/385\/2021\/12\/Parco-Acque-6.jpg","type":"image\/jpeg"}],"twitter_card":"summary_large_image","twitter_misc":{"Dur\u00e9e de lecture estim\u00e9e":"1 minute"},"schema":{"@context":"https:\/\/schema.org","@graph":[{"@type":"WebPage","@id":"https:\/\/www.parkhotelaicappuccini.it\/fr\/gubbio-et-ombrie\/rendez-vous\/15-mai-festa-dei-ceri\/","url":"https:\/\/www.parkhotelaicappuccini.it\/fr\/gubbio-et-ombrie\/rendez-vous\/15-mai-festa-dei-ceri\/","name":"15 mai: Festa dei Ceri - Park Hotel Ai Cappuccini -","isPartOf":{"@id":"https:\/\/www.parkhotelaicappuccini.it\/fr\/#website"},"datePublished":"2022-01-14T09:25:29+00:00","description":"Une f\u00eate o\u00f9 le sacre et le profane se fondent dans une joie de vivre explosive. \u00ab Pourquoi est-il si difficile d\u2019expliquer cette f\u00eate? Parce que ce n\u2019est pas une f\u00eate qu\u2019on peut raconter, on la peut seulement vivre. Autrement on ne peut justifier que cette course n\u2019ait pas de vainqueurs, ne pr\u00e9voie aucun d\u00e9passement, ne dresse sur le pi\u00e9destal qu\u2019un protagoniste : le Patron de Gubbio (S","breadcrumb":{"@id":"https:\/\/www.parkhotelaicappuccini.it\/fr\/gubbio-et-ombrie\/rendez-vous\/15-mai-festa-dei-ceri\/#breadcrumb"},"inLanguage":"fr-FR","potentialAction":[{"@type":"ReadAction","target":["https:\/\/www.parkhotelaicappuccini.it\/fr\/gubbio-et-ombrie\/rendez-vous\/15-mai-festa-dei-ceri\/"]}]},{"@type":"BreadcrumbList","@id":"https:\/\/www.parkhotelaicappuccini.it\/fr\/gubbio-et-ombrie\/rendez-vous\/15-mai-festa-dei-ceri\/#breadcrumb","itemListElement":[{"@type":"ListItem","position":1,"name":"Home","item":"https:\/\/www.parkhotelaicappuccini.it\/fr\/"},{"@type":"ListItem","position":2,"name":"Gubbio et Ombrie","item":"https:\/\/www.parkhotelaicappuccini.it\/fr\/gubbio-et-ombrie\/"},{"@type":"ListItem","position":3,"name":"Rendez vous","item":"https:\/\/www.parkhotelaicappuccini.it\/fr\/gubbio-et-ombrie\/rendez-vous\/"},{"@type":"ListItem","position":4,"name":"15 mai: Festa dei Ceri"}]},{"@type":"WebSite","@id":"https:\/\/www.parkhotelaicappuccini.it\/fr\/#website","url":"https:\/\/www.parkhotelaicappuccini.it\/fr\/","name":"Park Hotel Ai Cappuccini","description":"Just another ms.decms.eu site","potentialAction":[{"@type":"SearchAction","target":{"@type":"EntryPoint","urlTemplate":"https:\/\/www.parkhotelaicappuccini.it\/fr\/?s={search_term_string}"},"query-input":{"@type":"PropertyValueSpecification","valueRequired":true,"valueName":"search_term_string"}}],"inLanguage":"fr-FR"}]}},"acf":[],"_links":{"self":[{"href":"https:\/\/www.parkhotelaicappuccini.it\/fr\/wp-json\/wp\/v2\/pages\/1688","targetHints":{"allow":["GET"]}}],"collection":[{"href":"https:\/\/www.parkhotelaicappuccini.it\/fr\/wp-json\/wp\/v2\/pages"}],"about":[{"href":"https:\/\/www.parkhotelaicappuccini.it\/fr\/wp-json\/wp\/v2\/types\/page"}],"author":[{"embeddable":true,"href":"https:\/\/www.parkhotelaicappuccini.it\/fr\/wp-json\/wp\/v2\/users\/36"}],"replies":[{"embeddable":true,"href":"https:\/\/www.parkhotelaicappuccini.it\/fr\/wp-json\/wp\/v2\/comments?post=1688"}],"version-history":[{"count":0,"href":"https:\/\/www.parkhotelaicappuccini.it\/fr\/wp-json\/wp\/v2\/pages\/1688\/revisions"}],"up":[{"embeddable":true,"href":"https:\/\/www.parkhotelaicappuccini.it\/fr\/wp-json\/wp\/v2\/pages\/1641"}],"wp:attachment":[{"href":"https:\/\/www.parkhotelaicappuccini.it\/fr\/wp-json\/wp\/v2\/media?parent=1688"}],"curies":[{"name":"wp","href":"https:\/\/api.w.org\/{rel}","templated":true}]}}