{"id":1681,"date":"2022-01-14T09:21:09","date_gmt":"2022-01-14T09:21:09","guid":{"rendered":"https:\/\/park-hotel-ai-cappuccini.ms.decms.eu\/?page_id=1681"},"modified":"2022-01-14T09:21:09","modified_gmt":"2022-01-14T09:21:09","slug":"dernier-dimanche-de-mai-palio-della-balestra","status":"publish","type":"page","link":"https:\/\/www.parkhotelaicappuccini.it\/fr\/gubbio-et-ombrie\/rendez-vous\/dernier-dimanche-de-mai-palio-della-balestra\/","title":{"rendered":"Dernier dimanche de mai : Palio della Balestra"},"content":{"rendered":"<p>Le Palio della Balestra \u2013 Jeu de l\u2019Arbal\u00e8te \u2013 est un tournoi de tirs aux armes qui remonte \u00e0 l\u2019\u00e9poque m\u00e9di\u00e9vale; cette comp\u00e9tition est accompagn\u00e9e par sonneries de trompettes et lanceurs de drapeaux et se d\u00e9roule dans le magnifique sc\u00e9nario de Piazza Grande o\u00f9 se rencontrent les arbal\u00e9triers de Gubbio et ceux de Sansepolcro; les rapports entre les deux sont document\u00e9s depuis le XIVe si\u00e8cle; l\u2019\u00e9preuve consiste \u00e0 atteindre le centre d\u2019un cible appel\u00e9e Tasso, \u00e0 une distance du tireur de 36 m\u00e8tres, \u00e0 l\u2019aide d\u2019un carreau d\u00e9coch\u00e9 \u00e0 partir d\u2019une arbal\u00e8te.<\/p>\n<p>La f\u00eate se conclue par un d\u00e9fil\u00e9 historique costum\u00e9 dans les rues de la ville. Le Palio della Balestra se r\u00e9p\u00e8te le deuxi\u00e8me dimanche de septembre \u00e0 Sansepolcro.<\/p>\n","protected":false},"excerpt":{"rendered":"<p>Le Palio della Balestra \u2013 Jeu de l\u2019Arbal\u00e8te \u2013 est un tournoi de tirs aux armes qui remonte \u00e0 l\u2019\u00e9poque m\u00e9di\u00e9vale; cette comp\u00e9tition est accompagn\u00e9e par sonneries de trompettes et lanceurs de drapeaux et se d\u00e9roule dans le magnifique sc\u00e9nario de Piazza Grande o\u00f9 se rencontrent les arbal\u00e9triers de Gubbio et ceux de Sansepolcro; les [&hellip;]<\/p>\n","protected":false},"author":36,"featured_media":0,"parent":1641,"menu_order":20,"comment_status":"closed","ping_status":"closed","template":"template-default-3.php","meta":{"footnotes":""},"class_list":["post-1681","page","type-page","status-publish","hentry"],"yoast_head":"<!-- This site is optimized with the Yoast SEO plugin v26.9 - https:\/\/yoast.com\/product\/yoast-seo-wordpress\/ -->\n<title>Dernier dimanche de mai : Palio della Balestra - Park Hotel Ai Cappuccini -<\/title>\n<meta name=\"description\" content=\"Le Palio della Balestra \u2013 Jeu de l\u2019Arbal\u00e8te \u2013 est un tournoi de tirs aux armes qui remonte \u00e0 l\u2019\u00e9poque m\u00e9di\u00e9vale; cette comp\u00e9tition est accompagn\u00e9e par sonneries de trompettes et lanceurs de drapeaux et se d\u00e9roule dans le magnifique sc\u00e9nario de Piazza Grande o\u00f9 se rencontrent les arbal\u00e9triers de Gubbio et ceux de Sansepolcro; les rapports entre les deux sont document\u00e9s depuis le XIVe si\u00e8cle; l\u2019\u00e9preuve consiste \u00e0 atteindre le centre d\u2019un cible appel\u00e9e Tasso, \u00e0 une distance du tireur de 36 m\u00e8tres, \u00e0 l\u2019aide d\u2019un carreau d\u00e9coch\u00e9 \u00e0 partir d\u2019une arbal\u00e8te.  La f\u00eate se conclue par un d\u00e9fil\u00e9 historique costum\u00e9 dans les rues de la ville. Le Palio della Balestra se r\u00e9p\u00e8te le deuxi\u00e8me dimanche de septembre \u00e0 Sansepolcro.\" \/>\n<meta name=\"robots\" content=\"index, follow, max-snippet:-1, max-image-preview:large, max-video-preview:-1\" \/>\n<link rel=\"canonical\" href=\"https:\/\/www.parkhotelaicappuccini.it\/fr\/gubbio-et-ombrie\/rendez-vous\/dernier-dimanche-de-mai-palio-della-balestra\/\" \/>\n<meta property=\"og:locale\" content=\"fr_FR\" \/>\n<meta property=\"og:type\" content=\"article\" \/>\n<meta property=\"og:title\" content=\"Dernier dimanche de mai : Palio della Balestra - Park Hotel Ai Cappuccini -\" \/>\n<meta property=\"og:description\" content=\"Le Palio della Balestra \u2013 Jeu de l\u2019Arbal\u00e8te \u2013 est un tournoi de tirs aux armes qui remonte \u00e0 l\u2019\u00e9poque m\u00e9di\u00e9vale; cette comp\u00e9tition est accompagn\u00e9e par sonneries de trompettes et lanceurs de drapeaux et se d\u00e9roule dans le magnifique sc\u00e9nario de Piazza Grande o\u00f9 se rencontrent les arbal\u00e9triers de Gubbio et ceux de Sansepolcro; les rapports entre les deux sont document\u00e9s depuis le XIVe si\u00e8cle; l\u2019\u00e9preuve consiste \u00e0 atteindre le centre d\u2019un cible appel\u00e9e Tasso, \u00e0 une distance du tireur de 36 m\u00e8tres, \u00e0 l\u2019aide d\u2019un carreau d\u00e9coch\u00e9 \u00e0 partir d\u2019une arbal\u00e8te.  La f\u00eate se conclue par un d\u00e9fil\u00e9 historique costum\u00e9 dans les rues de la ville. Le Palio della Balestra se r\u00e9p\u00e8te le deuxi\u00e8me dimanche de septembre \u00e0 Sansepolcro.\" \/>\n<meta property=\"og:url\" content=\"https:\/\/www.parkhotelaicappuccini.it\/fr\/gubbio-et-ombrie\/rendez-vous\/dernier-dimanche-de-mai-palio-della-balestra\/\" \/>\n<meta property=\"og:site_name\" content=\"Park Hotel Ai Cappuccini\" \/>\n<meta property=\"og:image\" content=\"https:\/\/www.parkhotelaicappuccini.it\/wp-content\/uploads\/sites\/385\/2021\/12\/Parco-Acque-6.jpg\" \/>\n\t<meta property=\"og:image:width\" content=\"1200\" \/>\n\t<meta property=\"og:image:height\" content=\"666\" \/>\n\t<meta property=\"og:image:type\" content=\"image\/jpeg\" \/>\n<meta name=\"twitter:card\" content=\"summary_large_image\" \/>\n<meta name=\"twitter:label1\" content=\"Dur\u00e9e de lecture estim\u00e9e\" \/>\n\t<meta name=\"twitter:data1\" content=\"1 minute\" \/>\n<script type=\"application\/ld+json\" class=\"yoast-schema-graph\">{\"@context\":\"https:\/\/schema.org\",\"@graph\":[{\"@type\":\"WebPage\",\"@id\":\"https:\/\/www.parkhotelaicappuccini.it\/fr\/gubbio-et-ombrie\/rendez-vous\/dernier-dimanche-de-mai-palio-della-balestra\/\",\"url\":\"https:\/\/www.parkhotelaicappuccini.it\/fr\/gubbio-et-ombrie\/rendez-vous\/dernier-dimanche-de-mai-palio-della-balestra\/\",\"name\":\"Dernier dimanche de mai : Palio della Balestra - Park Hotel Ai Cappuccini -\",\"isPartOf\":{\"@id\":\"https:\/\/www.parkhotelaicappuccini.it\/fr\/#website\"},\"datePublished\":\"2022-01-14T09:21:09+00:00\",\"description\":\"Le Palio della Balestra \u2013 Jeu de l\u2019Arbal\u00e8te \u2013 est un tournoi de tirs aux armes qui remonte \u00e0 l\u2019\u00e9poque m\u00e9di\u00e9vale; cette comp\u00e9tition est accompagn\u00e9e par sonneries de trompettes et lanceurs de drapeaux et se d\u00e9roule dans le magnifique sc\u00e9nario de Piazza Grande o\u00f9 se rencontrent les arbal\u00e9triers de Gubbio et ceux de Sansepolcro; les rapports entre les deux sont document\u00e9s depuis le XIVe si\u00e8cle; l\u2019\u00e9preuve consiste \u00e0 atteindre le centre d\u2019un cible appel\u00e9e Tasso, \u00e0 une distance du tireur de 36 m\u00e8tres, \u00e0 l\u2019aide d\u2019un carreau d\u00e9coch\u00e9 \u00e0 partir d\u2019une arbal\u00e8te. La f\u00eate se conclue par un d\u00e9fil\u00e9 historique costum\u00e9 dans les rues de la ville. Le Palio della Balestra se r\u00e9p\u00e8te le deuxi\u00e8me dimanche de septembre \u00e0 Sansepolcro.\",\"breadcrumb\":{\"@id\":\"https:\/\/www.parkhotelaicappuccini.it\/fr\/gubbio-et-ombrie\/rendez-vous\/dernier-dimanche-de-mai-palio-della-balestra\/#breadcrumb\"},\"inLanguage\":\"fr-FR\",\"potentialAction\":[{\"@type\":\"ReadAction\",\"target\":[\"https:\/\/www.parkhotelaicappuccini.it\/fr\/gubbio-et-ombrie\/rendez-vous\/dernier-dimanche-de-mai-palio-della-balestra\/\"]}]},{\"@type\":\"BreadcrumbList\",\"@id\":\"https:\/\/www.parkhotelaicappuccini.it\/fr\/gubbio-et-ombrie\/rendez-vous\/dernier-dimanche-de-mai-palio-della-balestra\/#breadcrumb\",\"itemListElement\":[{\"@type\":\"ListItem\",\"position\":1,\"name\":\"Home\",\"item\":\"https:\/\/www.parkhotelaicappuccini.it\/fr\/\"},{\"@type\":\"ListItem\",\"position\":2,\"name\":\"Gubbio et Ombrie\",\"item\":\"https:\/\/www.parkhotelaicappuccini.it\/fr\/gubbio-et-ombrie\/\"},{\"@type\":\"ListItem\",\"position\":3,\"name\":\"Rendez vous\",\"item\":\"https:\/\/www.parkhotelaicappuccini.it\/fr\/gubbio-et-ombrie\/rendez-vous\/\"},{\"@type\":\"ListItem\",\"position\":4,\"name\":\"Dernier dimanche de mai : Palio della Balestra\"}]},{\"@type\":\"WebSite\",\"@id\":\"https:\/\/www.parkhotelaicappuccini.it\/fr\/#website\",\"url\":\"https:\/\/www.parkhotelaicappuccini.it\/fr\/\",\"name\":\"Park Hotel Ai Cappuccini\",\"description\":\"Just another ms.decms.eu site\",\"potentialAction\":[{\"@type\":\"SearchAction\",\"target\":{\"@type\":\"EntryPoint\",\"urlTemplate\":\"https:\/\/www.parkhotelaicappuccini.it\/fr\/?s={search_term_string}\"},\"query-input\":{\"@type\":\"PropertyValueSpecification\",\"valueRequired\":true,\"valueName\":\"search_term_string\"}}],\"inLanguage\":\"fr-FR\"}]}<\/script>\n<!-- \/ Yoast SEO plugin. -->","yoast_head_json":{"title":"Dernier dimanche de mai : Palio della Balestra - Park Hotel Ai Cappuccini -","description":"Le Palio della Balestra \u2013 Jeu de l\u2019Arbal\u00e8te \u2013 est un tournoi de tirs aux armes qui remonte \u00e0 l\u2019\u00e9poque m\u00e9di\u00e9vale; cette comp\u00e9tition est accompagn\u00e9e par sonneries de trompettes et lanceurs de drapeaux et se d\u00e9roule dans le magnifique sc\u00e9nario de Piazza Grande o\u00f9 se rencontrent les arbal\u00e9triers de Gubbio et ceux de Sansepolcro; les rapports entre les deux sont document\u00e9s depuis le XIVe si\u00e8cle; l\u2019\u00e9preuve consiste \u00e0 atteindre le centre d\u2019un cible appel\u00e9e Tasso, \u00e0 une distance du tireur de 36 m\u00e8tres, \u00e0 l\u2019aide d\u2019un carreau d\u00e9coch\u00e9 \u00e0 partir d\u2019une arbal\u00e8te.  La f\u00eate se conclue par un d\u00e9fil\u00e9 historique costum\u00e9 dans les rues de la ville. Le Palio della Balestra se r\u00e9p\u00e8te le deuxi\u00e8me dimanche de septembre \u00e0 Sansepolcro.","robots":{"index":"index","follow":"follow","max-snippet":"max-snippet:-1","max-image-preview":"max-image-preview:large","max-video-preview":"max-video-preview:-1"},"canonical":"https:\/\/www.parkhotelaicappuccini.it\/fr\/gubbio-et-ombrie\/rendez-vous\/dernier-dimanche-de-mai-palio-della-balestra\/","og_locale":"fr_FR","og_type":"article","og_title":"Dernier dimanche de mai : Palio della Balestra - Park Hotel Ai Cappuccini -","og_description":"Le Palio della Balestra \u2013 Jeu de l\u2019Arbal\u00e8te \u2013 est un tournoi de tirs aux armes qui remonte \u00e0 l\u2019\u00e9poque m\u00e9di\u00e9vale; cette comp\u00e9tition est accompagn\u00e9e par sonneries de trompettes et lanceurs de drapeaux et se d\u00e9roule dans le magnifique sc\u00e9nario de Piazza Grande o\u00f9 se rencontrent les arbal\u00e9triers de Gubbio et ceux de Sansepolcro; les rapports entre les deux sont document\u00e9s depuis le XIVe si\u00e8cle; l\u2019\u00e9preuve consiste \u00e0 atteindre le centre d\u2019un cible appel\u00e9e Tasso, \u00e0 une distance du tireur de 36 m\u00e8tres, \u00e0 l\u2019aide d\u2019un carreau d\u00e9coch\u00e9 \u00e0 partir d\u2019une arbal\u00e8te.  La f\u00eate se conclue par un d\u00e9fil\u00e9 historique costum\u00e9 dans les rues de la ville. Le Palio della Balestra se r\u00e9p\u00e8te le deuxi\u00e8me dimanche de septembre \u00e0 Sansepolcro.","og_url":"https:\/\/www.parkhotelaicappuccini.it\/fr\/gubbio-et-ombrie\/rendez-vous\/dernier-dimanche-de-mai-palio-della-balestra\/","og_site_name":"Park Hotel Ai Cappuccini","og_image":[{"width":1200,"height":666,"url":"https:\/\/www.parkhotelaicappuccini.it\/wp-content\/uploads\/sites\/385\/2021\/12\/Parco-Acque-6.jpg","type":"image\/jpeg"}],"twitter_card":"summary_large_image","twitter_misc":{"Dur\u00e9e de lecture estim\u00e9e":"1 minute"},"schema":{"@context":"https:\/\/schema.org","@graph":[{"@type":"WebPage","@id":"https:\/\/www.parkhotelaicappuccini.it\/fr\/gubbio-et-ombrie\/rendez-vous\/dernier-dimanche-de-mai-palio-della-balestra\/","url":"https:\/\/www.parkhotelaicappuccini.it\/fr\/gubbio-et-ombrie\/rendez-vous\/dernier-dimanche-de-mai-palio-della-balestra\/","name":"Dernier dimanche de mai : Palio della Balestra - Park Hotel Ai Cappuccini -","isPartOf":{"@id":"https:\/\/www.parkhotelaicappuccini.it\/fr\/#website"},"datePublished":"2022-01-14T09:21:09+00:00","description":"Le Palio della Balestra \u2013 Jeu de l\u2019Arbal\u00e8te \u2013 est un tournoi de tirs aux armes qui remonte \u00e0 l\u2019\u00e9poque m\u00e9di\u00e9vale; cette comp\u00e9tition est accompagn\u00e9e par sonneries de trompettes et lanceurs de drapeaux et se d\u00e9roule dans le magnifique sc\u00e9nario de Piazza Grande o\u00f9 se rencontrent les arbal\u00e9triers de Gubbio et ceux de Sansepolcro; les rapports entre les deux sont document\u00e9s depuis le XIVe si\u00e8cle; l\u2019\u00e9preuve consiste \u00e0 atteindre le centre d\u2019un cible appel\u00e9e Tasso, \u00e0 une distance du tireur de 36 m\u00e8tres, \u00e0 l\u2019aide d\u2019un carreau d\u00e9coch\u00e9 \u00e0 partir d\u2019une arbal\u00e8te. La f\u00eate se conclue par un d\u00e9fil\u00e9 historique costum\u00e9 dans les rues de la ville. Le Palio della Balestra se r\u00e9p\u00e8te le deuxi\u00e8me dimanche de septembre \u00e0 Sansepolcro.","breadcrumb":{"@id":"https:\/\/www.parkhotelaicappuccini.it\/fr\/gubbio-et-ombrie\/rendez-vous\/dernier-dimanche-de-mai-palio-della-balestra\/#breadcrumb"},"inLanguage":"fr-FR","potentialAction":[{"@type":"ReadAction","target":["https:\/\/www.parkhotelaicappuccini.it\/fr\/gubbio-et-ombrie\/rendez-vous\/dernier-dimanche-de-mai-palio-della-balestra\/"]}]},{"@type":"BreadcrumbList","@id":"https:\/\/www.parkhotelaicappuccini.it\/fr\/gubbio-et-ombrie\/rendez-vous\/dernier-dimanche-de-mai-palio-della-balestra\/#breadcrumb","itemListElement":[{"@type":"ListItem","position":1,"name":"Home","item":"https:\/\/www.parkhotelaicappuccini.it\/fr\/"},{"@type":"ListItem","position":2,"name":"Gubbio et Ombrie","item":"https:\/\/www.parkhotelaicappuccini.it\/fr\/gubbio-et-ombrie\/"},{"@type":"ListItem","position":3,"name":"Rendez vous","item":"https:\/\/www.parkhotelaicappuccini.it\/fr\/gubbio-et-ombrie\/rendez-vous\/"},{"@type":"ListItem","position":4,"name":"Dernier dimanche de mai : Palio della Balestra"}]},{"@type":"WebSite","@id":"https:\/\/www.parkhotelaicappuccini.it\/fr\/#website","url":"https:\/\/www.parkhotelaicappuccini.it\/fr\/","name":"Park Hotel Ai Cappuccini","description":"Just another ms.decms.eu site","potentialAction":[{"@type":"SearchAction","target":{"@type":"EntryPoint","urlTemplate":"https:\/\/www.parkhotelaicappuccini.it\/fr\/?s={search_term_string}"},"query-input":{"@type":"PropertyValueSpecification","valueRequired":true,"valueName":"search_term_string"}}],"inLanguage":"fr-FR"}]}},"acf":[],"_links":{"self":[{"href":"https:\/\/www.parkhotelaicappuccini.it\/fr\/wp-json\/wp\/v2\/pages\/1681","targetHints":{"allow":["GET"]}}],"collection":[{"href":"https:\/\/www.parkhotelaicappuccini.it\/fr\/wp-json\/wp\/v2\/pages"}],"about":[{"href":"https:\/\/www.parkhotelaicappuccini.it\/fr\/wp-json\/wp\/v2\/types\/page"}],"author":[{"embeddable":true,"href":"https:\/\/www.parkhotelaicappuccini.it\/fr\/wp-json\/wp\/v2\/users\/36"}],"replies":[{"embeddable":true,"href":"https:\/\/www.parkhotelaicappuccini.it\/fr\/wp-json\/wp\/v2\/comments?post=1681"}],"version-history":[{"count":0,"href":"https:\/\/www.parkhotelaicappuccini.it\/fr\/wp-json\/wp\/v2\/pages\/1681\/revisions"}],"up":[{"embeddable":true,"href":"https:\/\/www.parkhotelaicappuccini.it\/fr\/wp-json\/wp\/v2\/pages\/1641"}],"wp:attachment":[{"href":"https:\/\/www.parkhotelaicappuccini.it\/fr\/wp-json\/wp\/v2\/media?parent=1681"}],"curies":[{"name":"wp","href":"https:\/\/api.w.org\/{rel}","templated":true}]}}