{"id":1674,"date":"2022-01-14T08:50:02","date_gmt":"2022-01-14T08:50:02","guid":{"rendered":"https:\/\/park-hotel-ai-cappuccini.ms.decms.eu\/?page_id=1674"},"modified":"2022-01-14T08:50:02","modified_gmt":"2022-01-14T08:50:02","slug":"juillet-aout-saison-dete-des-spectacles-classiques-gubbio-summer-festival-gubbio-no-borders","status":"publish","type":"page","link":"https:\/\/www.parkhotelaicappuccini.it\/fr\/gubbio-et-ombrie\/rendez-vous\/juillet-aout-saison-dete-des-spectacles-classiques-gubbio-summer-festival-gubbio-no-borders\/","title":{"rendered":"Juillet\/Ao\u00fbt: Saison d\u2019\u00c9t\u00e9 des spectacles classiques, Gubbio Summer Festival, Gubbio No Borders"},"content":{"rendered":"<p>Dans le cadre incomparable du Th\u00e9\u00e2tre Romain de Gubbio s\u2019ouvre la saison d\u2019\u00c9t\u00e9 des spectacles classiques avec les grands protagonistes de la sc\u00e8ne italienne.<\/p>\n<p>Le Gubbio Summer Festival propose des concerts de musique classique et master classes avec Ma\u00eetres de renomm\u00e9 mondiale. Gubbio no Borders pr\u00e9sente le mieux de la musique jazz italienne.<\/p>\n","protected":false},"excerpt":{"rendered":"<p>Dans le cadre incomparable du Th\u00e9\u00e2tre Romain de Gubbio s\u2019ouvre la saison d\u2019\u00c9t\u00e9 des spectacles classiques avec les grands protagonistes de la sc\u00e8ne italienne. Le Gubbio Summer Festival propose des concerts de musique classique et master classes avec Ma\u00eetres de renomm\u00e9 mondiale. Gubbio no Borders pr\u00e9sente le mieux de la musique jazz italienne.<\/p>\n","protected":false},"author":36,"featured_media":0,"parent":1641,"menu_order":15,"comment_status":"closed","ping_status":"closed","template":"template-default-3.php","meta":{"footnotes":""},"class_list":["post-1674","page","type-page","status-publish","hentry"],"yoast_head":"<!-- This site is optimized with the Yoast SEO plugin v26.9 - https:\/\/yoast.com\/product\/yoast-seo-wordpress\/ -->\n<title>Juillet\/Ao\u00fbt: Saison d\u2019\u00c9t\u00e9 des spectacles classiques, Gubbio Summer Festival, Gubbio No Borders - Park Hotel Ai Cappuccini -<\/title>\n<meta name=\"description\" content=\"Dans le cadre incomparable du Th\u00e9\u00e2tre Romain de Gubbio s\u2019ouvre la saison d\u2019\u00c9t\u00e9 des spectacles classiques avec les grands protagonistes de la sc\u00e8ne italienne.  Le Gubbio Summer Festival propose des concerts de musique classique et master classes avec Ma\u00eetres de renomm\u00e9 mondiale. Gubbio no Borders pr\u00e9sente le mieux de la musique jazz italienne.\" \/>\n<meta name=\"robots\" content=\"index, follow, max-snippet:-1, max-image-preview:large, max-video-preview:-1\" \/>\n<link rel=\"canonical\" href=\"https:\/\/www.parkhotelaicappuccini.it\/fr\/gubbio-et-ombrie\/rendez-vous\/juillet-aout-saison-dete-des-spectacles-classiques-gubbio-summer-festival-gubbio-no-borders\/\" \/>\n<meta property=\"og:locale\" content=\"fr_FR\" \/>\n<meta property=\"og:type\" content=\"article\" \/>\n<meta property=\"og:title\" content=\"Juillet\/Ao\u00fbt: Saison d\u2019\u00c9t\u00e9 des spectacles classiques, Gubbio Summer Festival, Gubbio No Borders - Park Hotel Ai Cappuccini -\" \/>\n<meta property=\"og:description\" content=\"Dans le cadre incomparable du Th\u00e9\u00e2tre Romain de Gubbio s\u2019ouvre la saison d\u2019\u00c9t\u00e9 des spectacles classiques avec les grands protagonistes de la sc\u00e8ne italienne.  Le Gubbio Summer Festival propose des concerts de musique classique et master classes avec Ma\u00eetres de renomm\u00e9 mondiale. Gubbio no Borders pr\u00e9sente le mieux de la musique jazz italienne.\" \/>\n<meta property=\"og:url\" content=\"https:\/\/www.parkhotelaicappuccini.it\/fr\/gubbio-et-ombrie\/rendez-vous\/juillet-aout-saison-dete-des-spectacles-classiques-gubbio-summer-festival-gubbio-no-borders\/\" \/>\n<meta property=\"og:site_name\" content=\"Park Hotel Ai Cappuccini\" \/>\n<meta property=\"og:image\" content=\"https:\/\/www.parkhotelaicappuccini.it\/wp-content\/uploads\/sites\/385\/2021\/12\/Parco-Acque-6.jpg\" \/>\n\t<meta property=\"og:image:width\" content=\"1200\" \/>\n\t<meta property=\"og:image:height\" content=\"666\" \/>\n\t<meta property=\"og:image:type\" content=\"image\/jpeg\" \/>\n<meta name=\"twitter:card\" content=\"summary_large_image\" \/>\n<meta name=\"twitter:label1\" content=\"Dur\u00e9e de lecture estim\u00e9e\" \/>\n\t<meta name=\"twitter:data1\" content=\"1 minute\" \/>\n<script type=\"application\/ld+json\" class=\"yoast-schema-graph\">{\"@context\":\"https:\/\/schema.org\",\"@graph\":[{\"@type\":\"WebPage\",\"@id\":\"https:\/\/www.parkhotelaicappuccini.it\/fr\/gubbio-et-ombrie\/rendez-vous\/juillet-aout-saison-dete-des-spectacles-classiques-gubbio-summer-festival-gubbio-no-borders\/\",\"url\":\"https:\/\/www.parkhotelaicappuccini.it\/fr\/gubbio-et-ombrie\/rendez-vous\/juillet-aout-saison-dete-des-spectacles-classiques-gubbio-summer-festival-gubbio-no-borders\/\",\"name\":\"Juillet\/Ao\u00fbt: Saison d\u2019\u00c9t\u00e9 des spectacles classiques, Gubbio Summer Festival, Gubbio No Borders - Park Hotel Ai Cappuccini -\",\"isPartOf\":{\"@id\":\"https:\/\/www.parkhotelaicappuccini.it\/fr\/#website\"},\"datePublished\":\"2022-01-14T08:50:02+00:00\",\"description\":\"Dans le cadre incomparable du Th\u00e9\u00e2tre Romain de Gubbio s\u2019ouvre la saison d\u2019\u00c9t\u00e9 des spectacles classiques avec les grands protagonistes de la sc\u00e8ne italienne. Le Gubbio Summer Festival propose des concerts de musique classique et master classes avec Ma\u00eetres de renomm\u00e9 mondiale. Gubbio no Borders pr\u00e9sente le mieux de la musique jazz italienne.\",\"breadcrumb\":{\"@id\":\"https:\/\/www.parkhotelaicappuccini.it\/fr\/gubbio-et-ombrie\/rendez-vous\/juillet-aout-saison-dete-des-spectacles-classiques-gubbio-summer-festival-gubbio-no-borders\/#breadcrumb\"},\"inLanguage\":\"fr-FR\",\"potentialAction\":[{\"@type\":\"ReadAction\",\"target\":[\"https:\/\/www.parkhotelaicappuccini.it\/fr\/gubbio-et-ombrie\/rendez-vous\/juillet-aout-saison-dete-des-spectacles-classiques-gubbio-summer-festival-gubbio-no-borders\/\"]}]},{\"@type\":\"BreadcrumbList\",\"@id\":\"https:\/\/www.parkhotelaicappuccini.it\/fr\/gubbio-et-ombrie\/rendez-vous\/juillet-aout-saison-dete-des-spectacles-classiques-gubbio-summer-festival-gubbio-no-borders\/#breadcrumb\",\"itemListElement\":[{\"@type\":\"ListItem\",\"position\":1,\"name\":\"Home\",\"item\":\"https:\/\/www.parkhotelaicappuccini.it\/fr\/\"},{\"@type\":\"ListItem\",\"position\":2,\"name\":\"Gubbio et Ombrie\",\"item\":\"https:\/\/www.parkhotelaicappuccini.it\/fr\/gubbio-et-ombrie\/\"},{\"@type\":\"ListItem\",\"position\":3,\"name\":\"Rendez vous\",\"item\":\"https:\/\/www.parkhotelaicappuccini.it\/fr\/gubbio-et-ombrie\/rendez-vous\/\"},{\"@type\":\"ListItem\",\"position\":4,\"name\":\"Juillet\/Ao\u00fbt: Saison d\u2019\u00c9t\u00e9 des spectacles classiques, Gubbio Summer Festival, Gubbio No Borders\"}]},{\"@type\":\"WebSite\",\"@id\":\"https:\/\/www.parkhotelaicappuccini.it\/fr\/#website\",\"url\":\"https:\/\/www.parkhotelaicappuccini.it\/fr\/\",\"name\":\"Park Hotel Ai Cappuccini\",\"description\":\"Just another ms.decms.eu site\",\"potentialAction\":[{\"@type\":\"SearchAction\",\"target\":{\"@type\":\"EntryPoint\",\"urlTemplate\":\"https:\/\/www.parkhotelaicappuccini.it\/fr\/?s={search_term_string}\"},\"query-input\":{\"@type\":\"PropertyValueSpecification\",\"valueRequired\":true,\"valueName\":\"search_term_string\"}}],\"inLanguage\":\"fr-FR\"}]}<\/script>\n<!-- \/ Yoast SEO plugin. -->","yoast_head_json":{"title":"Juillet\/Ao\u00fbt: Saison d\u2019\u00c9t\u00e9 des spectacles classiques, Gubbio Summer Festival, Gubbio No Borders - Park Hotel Ai Cappuccini -","description":"Dans le cadre incomparable du Th\u00e9\u00e2tre Romain de Gubbio s\u2019ouvre la saison d\u2019\u00c9t\u00e9 des spectacles classiques avec les grands protagonistes de la sc\u00e8ne italienne.  Le Gubbio Summer Festival propose des concerts de musique classique et master classes avec Ma\u00eetres de renomm\u00e9 mondiale. Gubbio no Borders pr\u00e9sente le mieux de la musique jazz italienne.","robots":{"index":"index","follow":"follow","max-snippet":"max-snippet:-1","max-image-preview":"max-image-preview:large","max-video-preview":"max-video-preview:-1"},"canonical":"https:\/\/www.parkhotelaicappuccini.it\/fr\/gubbio-et-ombrie\/rendez-vous\/juillet-aout-saison-dete-des-spectacles-classiques-gubbio-summer-festival-gubbio-no-borders\/","og_locale":"fr_FR","og_type":"article","og_title":"Juillet\/Ao\u00fbt: Saison d\u2019\u00c9t\u00e9 des spectacles classiques, Gubbio Summer Festival, Gubbio No Borders - Park Hotel Ai Cappuccini -","og_description":"Dans le cadre incomparable du Th\u00e9\u00e2tre Romain de Gubbio s\u2019ouvre la saison d\u2019\u00c9t\u00e9 des spectacles classiques avec les grands protagonistes de la sc\u00e8ne italienne.  Le Gubbio Summer Festival propose des concerts de musique classique et master classes avec Ma\u00eetres de renomm\u00e9 mondiale. Gubbio no Borders pr\u00e9sente le mieux de la musique jazz italienne.","og_url":"https:\/\/www.parkhotelaicappuccini.it\/fr\/gubbio-et-ombrie\/rendez-vous\/juillet-aout-saison-dete-des-spectacles-classiques-gubbio-summer-festival-gubbio-no-borders\/","og_site_name":"Park Hotel Ai Cappuccini","og_image":[{"width":1200,"height":666,"url":"https:\/\/www.parkhotelaicappuccini.it\/wp-content\/uploads\/sites\/385\/2021\/12\/Parco-Acque-6.jpg","type":"image\/jpeg"}],"twitter_card":"summary_large_image","twitter_misc":{"Dur\u00e9e de lecture estim\u00e9e":"1 minute"},"schema":{"@context":"https:\/\/schema.org","@graph":[{"@type":"WebPage","@id":"https:\/\/www.parkhotelaicappuccini.it\/fr\/gubbio-et-ombrie\/rendez-vous\/juillet-aout-saison-dete-des-spectacles-classiques-gubbio-summer-festival-gubbio-no-borders\/","url":"https:\/\/www.parkhotelaicappuccini.it\/fr\/gubbio-et-ombrie\/rendez-vous\/juillet-aout-saison-dete-des-spectacles-classiques-gubbio-summer-festival-gubbio-no-borders\/","name":"Juillet\/Ao\u00fbt: Saison d\u2019\u00c9t\u00e9 des spectacles classiques, Gubbio Summer Festival, Gubbio No Borders - Park Hotel Ai Cappuccini -","isPartOf":{"@id":"https:\/\/www.parkhotelaicappuccini.it\/fr\/#website"},"datePublished":"2022-01-14T08:50:02+00:00","description":"Dans le cadre incomparable du Th\u00e9\u00e2tre Romain de Gubbio s\u2019ouvre la saison d\u2019\u00c9t\u00e9 des spectacles classiques avec les grands protagonistes de la sc\u00e8ne italienne. Le Gubbio Summer Festival propose des concerts de musique classique et master classes avec Ma\u00eetres de renomm\u00e9 mondiale. Gubbio no Borders pr\u00e9sente le mieux de la musique jazz italienne.","breadcrumb":{"@id":"https:\/\/www.parkhotelaicappuccini.it\/fr\/gubbio-et-ombrie\/rendez-vous\/juillet-aout-saison-dete-des-spectacles-classiques-gubbio-summer-festival-gubbio-no-borders\/#breadcrumb"},"inLanguage":"fr-FR","potentialAction":[{"@type":"ReadAction","target":["https:\/\/www.parkhotelaicappuccini.it\/fr\/gubbio-et-ombrie\/rendez-vous\/juillet-aout-saison-dete-des-spectacles-classiques-gubbio-summer-festival-gubbio-no-borders\/"]}]},{"@type":"BreadcrumbList","@id":"https:\/\/www.parkhotelaicappuccini.it\/fr\/gubbio-et-ombrie\/rendez-vous\/juillet-aout-saison-dete-des-spectacles-classiques-gubbio-summer-festival-gubbio-no-borders\/#breadcrumb","itemListElement":[{"@type":"ListItem","position":1,"name":"Home","item":"https:\/\/www.parkhotelaicappuccini.it\/fr\/"},{"@type":"ListItem","position":2,"name":"Gubbio et Ombrie","item":"https:\/\/www.parkhotelaicappuccini.it\/fr\/gubbio-et-ombrie\/"},{"@type":"ListItem","position":3,"name":"Rendez vous","item":"https:\/\/www.parkhotelaicappuccini.it\/fr\/gubbio-et-ombrie\/rendez-vous\/"},{"@type":"ListItem","position":4,"name":"Juillet\/Ao\u00fbt: Saison d\u2019\u00c9t\u00e9 des spectacles classiques, Gubbio Summer Festival, Gubbio No Borders"}]},{"@type":"WebSite","@id":"https:\/\/www.parkhotelaicappuccini.it\/fr\/#website","url":"https:\/\/www.parkhotelaicappuccini.it\/fr\/","name":"Park Hotel Ai Cappuccini","description":"Just another ms.decms.eu site","potentialAction":[{"@type":"SearchAction","target":{"@type":"EntryPoint","urlTemplate":"https:\/\/www.parkhotelaicappuccini.it\/fr\/?s={search_term_string}"},"query-input":{"@type":"PropertyValueSpecification","valueRequired":true,"valueName":"search_term_string"}}],"inLanguage":"fr-FR"}]}},"acf":[],"_links":{"self":[{"href":"https:\/\/www.parkhotelaicappuccini.it\/fr\/wp-json\/wp\/v2\/pages\/1674","targetHints":{"allow":["GET"]}}],"collection":[{"href":"https:\/\/www.parkhotelaicappuccini.it\/fr\/wp-json\/wp\/v2\/pages"}],"about":[{"href":"https:\/\/www.parkhotelaicappuccini.it\/fr\/wp-json\/wp\/v2\/types\/page"}],"author":[{"embeddable":true,"href":"https:\/\/www.parkhotelaicappuccini.it\/fr\/wp-json\/wp\/v2\/users\/36"}],"replies":[{"embeddable":true,"href":"https:\/\/www.parkhotelaicappuccini.it\/fr\/wp-json\/wp\/v2\/comments?post=1674"}],"version-history":[{"count":0,"href":"https:\/\/www.parkhotelaicappuccini.it\/fr\/wp-json\/wp\/v2\/pages\/1674\/revisions"}],"up":[{"embeddable":true,"href":"https:\/\/www.parkhotelaicappuccini.it\/fr\/wp-json\/wp\/v2\/pages\/1641"}],"wp:attachment":[{"href":"https:\/\/www.parkhotelaicappuccini.it\/fr\/wp-json\/wp\/v2\/media?parent=1674"}],"curies":[{"name":"wp","href":"https:\/\/api.w.org\/{rel}","templated":true}]}}