{"id":1649,"date":"2022-01-13T14:09:41","date_gmt":"2022-01-13T14:09:41","guid":{"rendered":"https:\/\/park-hotel-ai-cappuccini.ms.decms.eu\/?page_id=1649"},"modified":"2022-01-13T14:09:41","modified_gmt":"2022-01-13T14:09:41","slug":"noel-concert-sous-larbre","status":"publish","type":"page","link":"https:\/\/www.parkhotelaicappuccini.it\/fr\/gubbio-et-ombrie\/rendez-vous\/noel-concert-sous-larbre\/","title":{"rendered":"No\u00ebl : Concert sous l\u2019Arbre"},"content":{"rendered":"<p>D\u00e8s 1999, pour c\u00e9l\u00e9brer l\u2019Arbre de No\u00ebl de Gubbio, \u201cdessin\u00e9\u201d par des centaines de points lumineux sur le Mont Igino, il a \u00e9t\u00e9 d\u00e9cid\u00e9 d\u2019organiser un \u00e9v\u00e8nement musical qui bient\u00f4t est devenu l\u2019un des plus prestigieux dans le panorama de la culture nationale.<\/p>\n<p>Les ann\u00e9es pass\u00e9es, ont \u00e9t\u00e9 accueillies des orchestres du calibre de Maggio Musicale Fiorentino, Philharmonische Camerata Berlin, Budapest Gypsy Symphony Orchestra sous la direction de Ma\u00eetres d\u2019orchestre comme Salvatore Accardo, Zubin Metha, Lorin Maazel et artistes comme Nicola Piovani, Giovanni Allevi et Sergei Nakariakov.<br \/>\nIn celebration of The Gubbio Christmas Tree,\u00a0 \u201cdrawn\u201d with hundreds of lights on Mount Ingino.<\/p>\n<p><strong>Janoska Ensemble. Chiesa di San Domenico \u2013 17 December 2016 at 6.00 p.m.<\/strong><\/p>\n","protected":false},"excerpt":{"rendered":"<p>D\u00e8s 1999, pour c\u00e9l\u00e9brer l\u2019Arbre de No\u00ebl de Gubbio, \u201cdessin\u00e9\u201d par des centaines de points lumineux sur le Mont Igino, il a \u00e9t\u00e9 d\u00e9cid\u00e9 d\u2019organiser un \u00e9v\u00e8nement musical qui bient\u00f4t est devenu l\u2019un des plus prestigieux dans le panorama de la culture nationale. Les ann\u00e9es pass\u00e9es, ont \u00e9t\u00e9 accueillies des orchestres du calibre de Maggio [&hellip;]<\/p>\n","protected":false},"author":36,"featured_media":0,"parent":1641,"menu_order":5,"comment_status":"closed","ping_status":"closed","template":"template-default-3.php","meta":{"footnotes":""},"class_list":["post-1649","page","type-page","status-publish","hentry"],"yoast_head":"<!-- This site is optimized with the Yoast SEO plugin v26.9 - https:\/\/yoast.com\/product\/yoast-seo-wordpress\/ -->\n<title>No\u00ebl : Concert sous l\u2019Arbre - Park Hotel Ai Cappuccini -<\/title>\n<meta name=\"description\" content=\"D\u00e8s 1999, pour c\u00e9l\u00e9brer l\u2019Arbre de No\u00ebl de Gubbio, \u201cdessin\u00e9\u201d par des centaines de points lumineux sur le Mont Igino, il a \u00e9t\u00e9 d\u00e9cid\u00e9 d\u2019organiser un \u00e9v\u00e8nement musical qui bient\u00f4t est devenu l\u2019un des plus prestigieux dans le panorama de la culture nationale.  Les ann\u00e9es pass\u00e9es, ont \u00e9t\u00e9 accueillies des orchestres du calibre de Maggio Musicale Fiorentino, Philharmonische Camerata Berlin, Budapest Gypsy Symphony Orchestra sous la direction de Ma\u00eetres d\u2019orchestre comme Salvatore Accardo, Zubin Metha, Lorin Maazel et artistes comme Nicola Piovani, Giovanni Allevi et Sergei Nakariakov. In celebration of The Gubbio Christmas Tree,\u00a0 \u201cdrawn\u201d with hundreds of lights on Mount Ingino.  Janoska Ensemble. Chiesa di San Domenico \u2013 17 December 2016 at 6.00 p.m.\" \/>\n<meta name=\"robots\" content=\"index, follow, max-snippet:-1, max-image-preview:large, max-video-preview:-1\" \/>\n<link rel=\"canonical\" href=\"https:\/\/www.parkhotelaicappuccini.it\/fr\/gubbio-et-ombrie\/rendez-vous\/noel-concert-sous-larbre\/\" \/>\n<meta property=\"og:locale\" content=\"fr_FR\" \/>\n<meta property=\"og:type\" content=\"article\" \/>\n<meta property=\"og:title\" content=\"No\u00ebl : Concert sous l\u2019Arbre - Park Hotel Ai Cappuccini -\" \/>\n<meta property=\"og:description\" content=\"D\u00e8s 1999, pour c\u00e9l\u00e9brer l\u2019Arbre de No\u00ebl de Gubbio, \u201cdessin\u00e9\u201d par des centaines de points lumineux sur le Mont Igino, il a \u00e9t\u00e9 d\u00e9cid\u00e9 d\u2019organiser un \u00e9v\u00e8nement musical qui bient\u00f4t est devenu l\u2019un des plus prestigieux dans le panorama de la culture nationale.  Les ann\u00e9es pass\u00e9es, ont \u00e9t\u00e9 accueillies des orchestres du calibre de Maggio Musicale Fiorentino, Philharmonische Camerata Berlin, Budapest Gypsy Symphony Orchestra sous la direction de Ma\u00eetres d\u2019orchestre comme Salvatore Accardo, Zubin Metha, Lorin Maazel et artistes comme Nicola Piovani, Giovanni Allevi et Sergei Nakariakov. In celebration of The Gubbio Christmas Tree,\u00a0 \u201cdrawn\u201d with hundreds of lights on Mount Ingino.  Janoska Ensemble. Chiesa di San Domenico \u2013 17 December 2016 at 6.00 p.m.\" \/>\n<meta property=\"og:url\" content=\"https:\/\/www.parkhotelaicappuccini.it\/fr\/gubbio-et-ombrie\/rendez-vous\/noel-concert-sous-larbre\/\" \/>\n<meta property=\"og:site_name\" content=\"Park Hotel Ai Cappuccini\" \/>\n<meta property=\"og:image\" content=\"https:\/\/www.parkhotelaicappuccini.it\/wp-content\/uploads\/sites\/385\/2021\/12\/Parco-Acque-6.jpg\" \/>\n\t<meta property=\"og:image:width\" content=\"1200\" \/>\n\t<meta property=\"og:image:height\" content=\"666\" \/>\n\t<meta property=\"og:image:type\" content=\"image\/jpeg\" \/>\n<meta name=\"twitter:card\" content=\"summary_large_image\" \/>\n<meta name=\"twitter:label1\" content=\"Dur\u00e9e de lecture estim\u00e9e\" \/>\n\t<meta name=\"twitter:data1\" content=\"1 minute\" \/>\n<script type=\"application\/ld+json\" class=\"yoast-schema-graph\">{\"@context\":\"https:\/\/schema.org\",\"@graph\":[{\"@type\":\"WebPage\",\"@id\":\"https:\/\/www.parkhotelaicappuccini.it\/fr\/gubbio-et-ombrie\/rendez-vous\/noel-concert-sous-larbre\/\",\"url\":\"https:\/\/www.parkhotelaicappuccini.it\/fr\/gubbio-et-ombrie\/rendez-vous\/noel-concert-sous-larbre\/\",\"name\":\"No\u00ebl : Concert sous l\u2019Arbre - Park Hotel Ai Cappuccini -\",\"isPartOf\":{\"@id\":\"https:\/\/www.parkhotelaicappuccini.it\/fr\/#website\"},\"datePublished\":\"2022-01-13T14:09:41+00:00\",\"description\":\"D\u00e8s 1999, pour c\u00e9l\u00e9brer l\u2019Arbre de No\u00ebl de Gubbio, \u201cdessin\u00e9\u201d par des centaines de points lumineux sur le Mont Igino, il a \u00e9t\u00e9 d\u00e9cid\u00e9 d\u2019organiser un \u00e9v\u00e8nement musical qui bient\u00f4t est devenu l\u2019un des plus prestigieux dans le panorama de la culture nationale. Les ann\u00e9es pass\u00e9es, ont \u00e9t\u00e9 accueillies des orchestres du calibre de Maggio Musicale Fiorentino, Philharmonische Camerata Berlin, Budapest Gypsy Symphony Orchestra sous la direction de Ma\u00eetres d\u2019orchestre comme Salvatore Accardo, Zubin Metha, Lorin Maazel et artistes comme Nicola Piovani, Giovanni Allevi et Sergei Nakariakov. In celebration of The Gubbio Christmas Tree,\u00a0 \u201cdrawn\u201d with hundreds of lights on Mount Ingino. Janoska Ensemble. Chiesa di San Domenico \u2013 17 December 2016 at 6.00 p.m.\",\"breadcrumb\":{\"@id\":\"https:\/\/www.parkhotelaicappuccini.it\/fr\/gubbio-et-ombrie\/rendez-vous\/noel-concert-sous-larbre\/#breadcrumb\"},\"inLanguage\":\"fr-FR\",\"potentialAction\":[{\"@type\":\"ReadAction\",\"target\":[\"https:\/\/www.parkhotelaicappuccini.it\/fr\/gubbio-et-ombrie\/rendez-vous\/noel-concert-sous-larbre\/\"]}]},{\"@type\":\"BreadcrumbList\",\"@id\":\"https:\/\/www.parkhotelaicappuccini.it\/fr\/gubbio-et-ombrie\/rendez-vous\/noel-concert-sous-larbre\/#breadcrumb\",\"itemListElement\":[{\"@type\":\"ListItem\",\"position\":1,\"name\":\"Home\",\"item\":\"https:\/\/www.parkhotelaicappuccini.it\/fr\/\"},{\"@type\":\"ListItem\",\"position\":2,\"name\":\"Gubbio et Ombrie\",\"item\":\"https:\/\/www.parkhotelaicappuccini.it\/fr\/gubbio-et-ombrie\/\"},{\"@type\":\"ListItem\",\"position\":3,\"name\":\"Rendez vous\",\"item\":\"https:\/\/www.parkhotelaicappuccini.it\/fr\/gubbio-et-ombrie\/rendez-vous\/\"},{\"@type\":\"ListItem\",\"position\":4,\"name\":\"No\u00ebl : Concert sous l\u2019Arbre\"}]},{\"@type\":\"WebSite\",\"@id\":\"https:\/\/www.parkhotelaicappuccini.it\/fr\/#website\",\"url\":\"https:\/\/www.parkhotelaicappuccini.it\/fr\/\",\"name\":\"Park Hotel Ai Cappuccini\",\"description\":\"Just another ms.decms.eu site\",\"potentialAction\":[{\"@type\":\"SearchAction\",\"target\":{\"@type\":\"EntryPoint\",\"urlTemplate\":\"https:\/\/www.parkhotelaicappuccini.it\/fr\/?s={search_term_string}\"},\"query-input\":{\"@type\":\"PropertyValueSpecification\",\"valueRequired\":true,\"valueName\":\"search_term_string\"}}],\"inLanguage\":\"fr-FR\"}]}<\/script>\n<!-- \/ Yoast SEO plugin. -->","yoast_head_json":{"title":"No\u00ebl : Concert sous l\u2019Arbre - Park Hotel Ai Cappuccini -","description":"D\u00e8s 1999, pour c\u00e9l\u00e9brer l\u2019Arbre de No\u00ebl de Gubbio, \u201cdessin\u00e9\u201d par des centaines de points lumineux sur le Mont Igino, il a \u00e9t\u00e9 d\u00e9cid\u00e9 d\u2019organiser un \u00e9v\u00e8nement musical qui bient\u00f4t est devenu l\u2019un des plus prestigieux dans le panorama de la culture nationale.  Les ann\u00e9es pass\u00e9es, ont \u00e9t\u00e9 accueillies des orchestres du calibre de Maggio Musicale Fiorentino, Philharmonische Camerata Berlin, Budapest Gypsy Symphony Orchestra sous la direction de Ma\u00eetres d\u2019orchestre comme Salvatore Accardo, Zubin Metha, Lorin Maazel et artistes comme Nicola Piovani, Giovanni Allevi et Sergei Nakariakov. In celebration of The Gubbio Christmas Tree,\u00a0 \u201cdrawn\u201d with hundreds of lights on Mount Ingino.  Janoska Ensemble. Chiesa di San Domenico \u2013 17 December 2016 at 6.00 p.m.","robots":{"index":"index","follow":"follow","max-snippet":"max-snippet:-1","max-image-preview":"max-image-preview:large","max-video-preview":"max-video-preview:-1"},"canonical":"https:\/\/www.parkhotelaicappuccini.it\/fr\/gubbio-et-ombrie\/rendez-vous\/noel-concert-sous-larbre\/","og_locale":"fr_FR","og_type":"article","og_title":"No\u00ebl : Concert sous l\u2019Arbre - Park Hotel Ai Cappuccini -","og_description":"D\u00e8s 1999, pour c\u00e9l\u00e9brer l\u2019Arbre de No\u00ebl de Gubbio, \u201cdessin\u00e9\u201d par des centaines de points lumineux sur le Mont Igino, il a \u00e9t\u00e9 d\u00e9cid\u00e9 d\u2019organiser un \u00e9v\u00e8nement musical qui bient\u00f4t est devenu l\u2019un des plus prestigieux dans le panorama de la culture nationale.  Les ann\u00e9es pass\u00e9es, ont \u00e9t\u00e9 accueillies des orchestres du calibre de Maggio Musicale Fiorentino, Philharmonische Camerata Berlin, Budapest Gypsy Symphony Orchestra sous la direction de Ma\u00eetres d\u2019orchestre comme Salvatore Accardo, Zubin Metha, Lorin Maazel et artistes comme Nicola Piovani, Giovanni Allevi et Sergei Nakariakov. In celebration of The Gubbio Christmas Tree,\u00a0 \u201cdrawn\u201d with hundreds of lights on Mount Ingino.  Janoska Ensemble. Chiesa di San Domenico \u2013 17 December 2016 at 6.00 p.m.","og_url":"https:\/\/www.parkhotelaicappuccini.it\/fr\/gubbio-et-ombrie\/rendez-vous\/noel-concert-sous-larbre\/","og_site_name":"Park Hotel Ai Cappuccini","og_image":[{"width":1200,"height":666,"url":"https:\/\/www.parkhotelaicappuccini.it\/wp-content\/uploads\/sites\/385\/2021\/12\/Parco-Acque-6.jpg","type":"image\/jpeg"}],"twitter_card":"summary_large_image","twitter_misc":{"Dur\u00e9e de lecture estim\u00e9e":"1 minute"},"schema":{"@context":"https:\/\/schema.org","@graph":[{"@type":"WebPage","@id":"https:\/\/www.parkhotelaicappuccini.it\/fr\/gubbio-et-ombrie\/rendez-vous\/noel-concert-sous-larbre\/","url":"https:\/\/www.parkhotelaicappuccini.it\/fr\/gubbio-et-ombrie\/rendez-vous\/noel-concert-sous-larbre\/","name":"No\u00ebl : Concert sous l\u2019Arbre - Park Hotel Ai Cappuccini -","isPartOf":{"@id":"https:\/\/www.parkhotelaicappuccini.it\/fr\/#website"},"datePublished":"2022-01-13T14:09:41+00:00","description":"D\u00e8s 1999, pour c\u00e9l\u00e9brer l\u2019Arbre de No\u00ebl de Gubbio, \u201cdessin\u00e9\u201d par des centaines de points lumineux sur le Mont Igino, il a \u00e9t\u00e9 d\u00e9cid\u00e9 d\u2019organiser un \u00e9v\u00e8nement musical qui bient\u00f4t est devenu l\u2019un des plus prestigieux dans le panorama de la culture nationale. Les ann\u00e9es pass\u00e9es, ont \u00e9t\u00e9 accueillies des orchestres du calibre de Maggio Musicale Fiorentino, Philharmonische Camerata Berlin, Budapest Gypsy Symphony Orchestra sous la direction de Ma\u00eetres d\u2019orchestre comme Salvatore Accardo, Zubin Metha, Lorin Maazel et artistes comme Nicola Piovani, Giovanni Allevi et Sergei Nakariakov. In celebration of The Gubbio Christmas Tree,\u00a0 \u201cdrawn\u201d with hundreds of lights on Mount Ingino. Janoska Ensemble. Chiesa di San Domenico \u2013 17 December 2016 at 6.00 p.m.","breadcrumb":{"@id":"https:\/\/www.parkhotelaicappuccini.it\/fr\/gubbio-et-ombrie\/rendez-vous\/noel-concert-sous-larbre\/#breadcrumb"},"inLanguage":"fr-FR","potentialAction":[{"@type":"ReadAction","target":["https:\/\/www.parkhotelaicappuccini.it\/fr\/gubbio-et-ombrie\/rendez-vous\/noel-concert-sous-larbre\/"]}]},{"@type":"BreadcrumbList","@id":"https:\/\/www.parkhotelaicappuccini.it\/fr\/gubbio-et-ombrie\/rendez-vous\/noel-concert-sous-larbre\/#breadcrumb","itemListElement":[{"@type":"ListItem","position":1,"name":"Home","item":"https:\/\/www.parkhotelaicappuccini.it\/fr\/"},{"@type":"ListItem","position":2,"name":"Gubbio et Ombrie","item":"https:\/\/www.parkhotelaicappuccini.it\/fr\/gubbio-et-ombrie\/"},{"@type":"ListItem","position":3,"name":"Rendez vous","item":"https:\/\/www.parkhotelaicappuccini.it\/fr\/gubbio-et-ombrie\/rendez-vous\/"},{"@type":"ListItem","position":4,"name":"No\u00ebl : Concert sous l\u2019Arbre"}]},{"@type":"WebSite","@id":"https:\/\/www.parkhotelaicappuccini.it\/fr\/#website","url":"https:\/\/www.parkhotelaicappuccini.it\/fr\/","name":"Park Hotel Ai Cappuccini","description":"Just another ms.decms.eu site","potentialAction":[{"@type":"SearchAction","target":{"@type":"EntryPoint","urlTemplate":"https:\/\/www.parkhotelaicappuccini.it\/fr\/?s={search_term_string}"},"query-input":{"@type":"PropertyValueSpecification","valueRequired":true,"valueName":"search_term_string"}}],"inLanguage":"fr-FR"}]}},"acf":[],"_links":{"self":[{"href":"https:\/\/www.parkhotelaicappuccini.it\/fr\/wp-json\/wp\/v2\/pages\/1649","targetHints":{"allow":["GET"]}}],"collection":[{"href":"https:\/\/www.parkhotelaicappuccini.it\/fr\/wp-json\/wp\/v2\/pages"}],"about":[{"href":"https:\/\/www.parkhotelaicappuccini.it\/fr\/wp-json\/wp\/v2\/types\/page"}],"author":[{"embeddable":true,"href":"https:\/\/www.parkhotelaicappuccini.it\/fr\/wp-json\/wp\/v2\/users\/36"}],"replies":[{"embeddable":true,"href":"https:\/\/www.parkhotelaicappuccini.it\/fr\/wp-json\/wp\/v2\/comments?post=1649"}],"version-history":[{"count":0,"href":"https:\/\/www.parkhotelaicappuccini.it\/fr\/wp-json\/wp\/v2\/pages\/1649\/revisions"}],"up":[{"embeddable":true,"href":"https:\/\/www.parkhotelaicappuccini.it\/fr\/wp-json\/wp\/v2\/pages\/1641"}],"wp:attachment":[{"href":"https:\/\/www.parkhotelaicappuccini.it\/fr\/wp-json\/wp\/v2\/media?parent=1649"}],"curies":[{"name":"wp","href":"https:\/\/api.w.org\/{rel}","templated":true}]}}