{"id":1641,"date":"2022-01-13T09:57:26","date_gmt":"2022-01-13T09:57:26","guid":{"rendered":"https:\/\/park-hotel-ai-cappuccini.ms.decms.eu\/?page_id=1641"},"modified":"2022-01-14T10:25:05","modified_gmt":"2022-01-14T10:25:05","slug":"rendez-vous","status":"publish","type":"page","link":"https:\/\/www.parkhotelaicappuccini.it\/fr\/gubbio-et-ombrie\/rendez-vous\/","title":{"rendered":"Rendez vous"},"content":{"rendered":"<p style=\"text-align: center;\">Nous vous souhaitons un agr\u00e9able s\u00e9jour \u00e0 Gubbio !<\/p>\n","protected":false},"excerpt":{"rendered":"<p>Nous vous souhaitons un agr\u00e9able s\u00e9jour \u00e0 Gubbio !<\/p>\n","protected":false},"author":36,"featured_media":0,"parent":666,"menu_order":10,"comment_status":"closed","ping_status":"closed","template":"template-default-3.php","meta":{"footnotes":""},"class_list":["post-1641","page","type-page","status-publish","hentry"],"yoast_head":"<!-- This site is optimized with the Yoast SEO plugin v26.9 - https:\/\/yoast.com\/product\/yoast-seo-wordpress\/ -->\n<title>Rendez vous - Park Hotel Ai Cappuccini -<\/title>\n<meta name=\"description\" content=\"Nous vous souhaitons un agr\u00e9able s\u00e9jour \u00e0 Gubbio !.\" \/>\n<meta name=\"robots\" content=\"index, follow, max-snippet:-1, max-image-preview:large, max-video-preview:-1\" \/>\n<link rel=\"canonical\" href=\"https:\/\/www.parkhotelaicappuccini.it\/fr\/gubbio-et-ombrie\/rendez-vous\/\" \/>\n<meta property=\"og:locale\" content=\"fr_FR\" \/>\n<meta property=\"og:type\" content=\"article\" \/>\n<meta property=\"og:title\" content=\"Rendez vous - Park Hotel Ai Cappuccini -\" \/>\n<meta property=\"og:description\" content=\"Nous vous souhaitons un agr\u00e9able s\u00e9jour \u00e0 Gubbio !.\" \/>\n<meta property=\"og:url\" content=\"https:\/\/www.parkhotelaicappuccini.it\/fr\/gubbio-et-ombrie\/rendez-vous\/\" \/>\n<meta property=\"og:site_name\" content=\"Park Hotel Ai Cappuccini\" \/>\n<meta property=\"article:modified_time\" content=\"2022-01-14T10:25:05+00:00\" \/>\n<meta property=\"og:image\" content=\"https:\/\/www.parkhotelaicappuccini.it\/wp-content\/uploads\/sites\/385\/2021\/12\/Parco-Acque-6.jpg\" \/>\n\t<meta property=\"og:image:width\" content=\"1200\" \/>\n\t<meta property=\"og:image:height\" content=\"666\" \/>\n\t<meta property=\"og:image:type\" content=\"image\/jpeg\" \/>\n<meta name=\"twitter:card\" content=\"summary_large_image\" \/>\n<meta name=\"twitter:label1\" content=\"Dur\u00e9e de lecture estim\u00e9e\" \/>\n\t<meta name=\"twitter:data1\" content=\"1 minute\" \/>\n<script type=\"application\/ld+json\" class=\"yoast-schema-graph\">{\"@context\":\"https:\/\/schema.org\",\"@graph\":[{\"@type\":\"WebPage\",\"@id\":\"https:\/\/www.parkhotelaicappuccini.it\/fr\/gubbio-et-ombrie\/rendez-vous\/\",\"url\":\"https:\/\/www.parkhotelaicappuccini.it\/fr\/gubbio-et-ombrie\/rendez-vous\/\",\"name\":\"Rendez vous - Park Hotel Ai Cappuccini -\",\"isPartOf\":{\"@id\":\"https:\/\/www.parkhotelaicappuccini.it\/fr\/#website\"},\"datePublished\":\"2022-01-13T09:57:26+00:00\",\"dateModified\":\"2022-01-14T10:25:05+00:00\",\"description\":\"Nous vous souhaitons un agr\u00e9able s\u00e9jour \u00e0 Gubbio ! .\",\"breadcrumb\":{\"@id\":\"https:\/\/www.parkhotelaicappuccini.it\/fr\/gubbio-et-ombrie\/rendez-vous\/#breadcrumb\"},\"inLanguage\":\"fr-FR\",\"potentialAction\":[{\"@type\":\"ReadAction\",\"target\":[\"https:\/\/www.parkhotelaicappuccini.it\/fr\/gubbio-et-ombrie\/rendez-vous\/\"]}]},{\"@type\":\"BreadcrumbList\",\"@id\":\"https:\/\/www.parkhotelaicappuccini.it\/fr\/gubbio-et-ombrie\/rendez-vous\/#breadcrumb\",\"itemListElement\":[{\"@type\":\"ListItem\",\"position\":1,\"name\":\"Home\",\"item\":\"https:\/\/www.parkhotelaicappuccini.it\/fr\/\"},{\"@type\":\"ListItem\",\"position\":2,\"name\":\"Gubbio et Ombrie\",\"item\":\"https:\/\/www.parkhotelaicappuccini.it\/fr\/gubbio-et-ombrie\/\"},{\"@type\":\"ListItem\",\"position\":3,\"name\":\"Rendez vous\"}]},{\"@type\":\"WebSite\",\"@id\":\"https:\/\/www.parkhotelaicappuccini.it\/fr\/#website\",\"url\":\"https:\/\/www.parkhotelaicappuccini.it\/fr\/\",\"name\":\"Park Hotel Ai Cappuccini\",\"description\":\"Just another ms.decms.eu site\",\"potentialAction\":[{\"@type\":\"SearchAction\",\"target\":{\"@type\":\"EntryPoint\",\"urlTemplate\":\"https:\/\/www.parkhotelaicappuccini.it\/fr\/?s={search_term_string}\"},\"query-input\":{\"@type\":\"PropertyValueSpecification\",\"valueRequired\":true,\"valueName\":\"search_term_string\"}}],\"inLanguage\":\"fr-FR\"}]}<\/script>\n<!-- \/ Yoast SEO plugin. -->","yoast_head_json":{"title":"Rendez vous - Park Hotel Ai Cappuccini -","description":"Nous vous souhaitons un agr\u00e9able s\u00e9jour \u00e0 Gubbio !.","robots":{"index":"index","follow":"follow","max-snippet":"max-snippet:-1","max-image-preview":"max-image-preview:large","max-video-preview":"max-video-preview:-1"},"canonical":"https:\/\/www.parkhotelaicappuccini.it\/fr\/gubbio-et-ombrie\/rendez-vous\/","og_locale":"fr_FR","og_type":"article","og_title":"Rendez vous - Park Hotel Ai Cappuccini -","og_description":"Nous vous souhaitons un agr\u00e9able s\u00e9jour \u00e0 Gubbio !.","og_url":"https:\/\/www.parkhotelaicappuccini.it\/fr\/gubbio-et-ombrie\/rendez-vous\/","og_site_name":"Park Hotel Ai Cappuccini","article_modified_time":"2022-01-14T10:25:05+00:00","og_image":[{"width":1200,"height":666,"url":"https:\/\/www.parkhotelaicappuccini.it\/wp-content\/uploads\/sites\/385\/2021\/12\/Parco-Acque-6.jpg","type":"image\/jpeg"}],"twitter_card":"summary_large_image","twitter_misc":{"Dur\u00e9e de lecture estim\u00e9e":"1 minute"},"schema":{"@context":"https:\/\/schema.org","@graph":[{"@type":"WebPage","@id":"https:\/\/www.parkhotelaicappuccini.it\/fr\/gubbio-et-ombrie\/rendez-vous\/","url":"https:\/\/www.parkhotelaicappuccini.it\/fr\/gubbio-et-ombrie\/rendez-vous\/","name":"Rendez vous - Park Hotel Ai Cappuccini -","isPartOf":{"@id":"https:\/\/www.parkhotelaicappuccini.it\/fr\/#website"},"datePublished":"2022-01-13T09:57:26+00:00","dateModified":"2022-01-14T10:25:05+00:00","description":"Nous vous souhaitons un agr\u00e9able s\u00e9jour \u00e0 Gubbio ! .","breadcrumb":{"@id":"https:\/\/www.parkhotelaicappuccini.it\/fr\/gubbio-et-ombrie\/rendez-vous\/#breadcrumb"},"inLanguage":"fr-FR","potentialAction":[{"@type":"ReadAction","target":["https:\/\/www.parkhotelaicappuccini.it\/fr\/gubbio-et-ombrie\/rendez-vous\/"]}]},{"@type":"BreadcrumbList","@id":"https:\/\/www.parkhotelaicappuccini.it\/fr\/gubbio-et-ombrie\/rendez-vous\/#breadcrumb","itemListElement":[{"@type":"ListItem","position":1,"name":"Home","item":"https:\/\/www.parkhotelaicappuccini.it\/fr\/"},{"@type":"ListItem","position":2,"name":"Gubbio et Ombrie","item":"https:\/\/www.parkhotelaicappuccini.it\/fr\/gubbio-et-ombrie\/"},{"@type":"ListItem","position":3,"name":"Rendez vous"}]},{"@type":"WebSite","@id":"https:\/\/www.parkhotelaicappuccini.it\/fr\/#website","url":"https:\/\/www.parkhotelaicappuccini.it\/fr\/","name":"Park Hotel Ai Cappuccini","description":"Just another ms.decms.eu site","potentialAction":[{"@type":"SearchAction","target":{"@type":"EntryPoint","urlTemplate":"https:\/\/www.parkhotelaicappuccini.it\/fr\/?s={search_term_string}"},"query-input":{"@type":"PropertyValueSpecification","valueRequired":true,"valueName":"search_term_string"}}],"inLanguage":"fr-FR"}]}},"acf":[],"_links":{"self":[{"href":"https:\/\/www.parkhotelaicappuccini.it\/fr\/wp-json\/wp\/v2\/pages\/1641","targetHints":{"allow":["GET"]}}],"collection":[{"href":"https:\/\/www.parkhotelaicappuccini.it\/fr\/wp-json\/wp\/v2\/pages"}],"about":[{"href":"https:\/\/www.parkhotelaicappuccini.it\/fr\/wp-json\/wp\/v2\/types\/page"}],"author":[{"embeddable":true,"href":"https:\/\/www.parkhotelaicappuccini.it\/fr\/wp-json\/wp\/v2\/users\/36"}],"replies":[{"embeddable":true,"href":"https:\/\/www.parkhotelaicappuccini.it\/fr\/wp-json\/wp\/v2\/comments?post=1641"}],"version-history":[{"count":0,"href":"https:\/\/www.parkhotelaicappuccini.it\/fr\/wp-json\/wp\/v2\/pages\/1641\/revisions"}],"up":[{"embeddable":true,"href":"https:\/\/www.parkhotelaicappuccini.it\/fr\/wp-json\/wp\/v2\/pages\/666"}],"wp:attachment":[{"href":"https:\/\/www.parkhotelaicappuccini.it\/fr\/wp-json\/wp\/v2\/media?parent=1641"}],"curies":[{"name":"wp","href":"https:\/\/api.w.org\/{rel}","templated":true}]}}