{"id":162,"date":"2021-12-15T15:10:18","date_gmt":"2021-12-15T15:10:18","guid":{"rendered":"https:\/\/park-hotel-ai-cappuccini.ms.decms.eu\/?page_id=162"},"modified":"2021-12-15T15:11:09","modified_gmt":"2021-12-15T15:11:09","slug":"restaurant-nicolao","status":"publish","type":"page","link":"https:\/\/www.parkhotelaicappuccini.it\/fr\/restaurant\/restaurant-nicolao\/","title":{"rendered":"Restaurant Nicolao"},"content":{"rendered":"<p>C\u2019est <strong>le restaurant de l\u2019h\u00f4tel<\/strong>: <strong>accueillant<\/strong> et <strong>discret<\/strong>, le plafond \u00e0 poutres apparentes et un plancher en ch\u00eane.<\/p>\n<p>Ici sont servies <strong>\u00ab Les propositions de la saison \u00bb<\/strong>, <strong>\u00ab Les propositions de l\u2019Ombrie \u00bb<\/strong> et <strong>\u00ab La proposition du jour \u00bb<\/strong>, en assortiment \u00e0 la <strong>grande s\u00e9lection des vins<\/strong> de notre cave, dans une ambiance chaude et relax\u00e9e qui invite \u00e0 une lente et satisfaisante d\u00e9gustation.<\/p>\n","protected":false},"excerpt":{"rendered":"<p>C\u2019est le restaurant de l\u2019h\u00f4tel: accueillant et discret, le plafond \u00e0 poutres apparentes et un plancher en ch\u00eane. Ici sont servies \u00ab Les propositions de la saison \u00bb, \u00ab Les propositions de l\u2019Ombrie \u00bb et \u00ab La proposition du jour \u00bb, en assortiment \u00e0 la grande s\u00e9lection des vins de notre cave, dans une ambiance [&hellip;]<\/p>\n","protected":false},"author":36,"featured_media":0,"parent":146,"menu_order":5,"comment_status":"closed","ping_status":"closed","template":"template-single-restaurant.php","meta":{"footnotes":""},"class_list":["post-162","page","type-page","status-publish","hentry"],"yoast_head":"<!-- This site is optimized with the Yoast SEO plugin v26.9 - https:\/\/yoast.com\/product\/yoast-seo-wordpress\/ -->\n<title>Restaurant Nicolao - Park Hotel Ai Cappuccini -<\/title>\n<meta name=\"description\" content=\"C\u2019est le restaurant de l\u2019h\u00f4tel: accueillant et discret, le plafond \u00e0 poutres apparentes et un plancher en ch\u00eane.  Ici sont servies \u00ab Les propositions de la saison \u00bb, \u00ab Les propositions de l\u2019Ombrie \u00bb et \u00ab La proposition du jour \u00bb, en assortiment \u00e0 la grande s\u00e9lection des vins de notre cave, dans une ambiance chaude et relax\u00e9e qui invite \u00e0 une lente et satisfaisante d\u00e9gustation..\" \/>\n<meta name=\"robots\" content=\"index, follow, max-snippet:-1, max-image-preview:large, max-video-preview:-1\" \/>\n<link rel=\"canonical\" href=\"https:\/\/www.parkhotelaicappuccini.it\/fr\/restaurant\/restaurant-nicolao\/\" \/>\n<meta property=\"og:locale\" content=\"fr_FR\" \/>\n<meta property=\"og:type\" content=\"article\" \/>\n<meta property=\"og:title\" content=\"Restaurant Nicolao - Park Hotel Ai Cappuccini -\" \/>\n<meta property=\"og:description\" content=\"C\u2019est le restaurant de l\u2019h\u00f4tel: accueillant et discret, le plafond \u00e0 poutres apparentes et un plancher en ch\u00eane.  Ici sont servies \u00ab Les propositions de la saison \u00bb, \u00ab Les propositions de l\u2019Ombrie \u00bb et \u00ab La proposition du jour \u00bb, en assortiment \u00e0 la grande s\u00e9lection des vins de notre cave, dans une ambiance chaude et relax\u00e9e qui invite \u00e0 une lente et satisfaisante d\u00e9gustation..\" \/>\n<meta property=\"og:url\" content=\"https:\/\/www.parkhotelaicappuccini.it\/fr\/restaurant\/restaurant-nicolao\/\" \/>\n<meta property=\"og:site_name\" content=\"Park Hotel Ai Cappuccini\" \/>\n<meta property=\"article:modified_time\" content=\"2021-12-15T15:11:09+00:00\" \/>\n<meta property=\"og:image\" content=\"https:\/\/www.parkhotelaicappuccini.it\/wp-content\/uploads\/sites\/385\/2021\/12\/Parco-Acque-6.jpg\" \/>\n\t<meta property=\"og:image:width\" content=\"1200\" \/>\n\t<meta property=\"og:image:height\" content=\"666\" \/>\n\t<meta property=\"og:image:type\" content=\"image\/jpeg\" \/>\n<meta name=\"twitter:card\" content=\"summary_large_image\" \/>\n<meta name=\"twitter:label1\" content=\"Dur\u00e9e de lecture estim\u00e9e\" \/>\n\t<meta name=\"twitter:data1\" content=\"1 minute\" \/>\n<script type=\"application\/ld+json\" class=\"yoast-schema-graph\">{\"@context\":\"https:\/\/schema.org\",\"@graph\":[{\"@type\":\"WebPage\",\"@id\":\"https:\/\/www.parkhotelaicappuccini.it\/fr\/restaurant\/restaurant-nicolao\/\",\"url\":\"https:\/\/www.parkhotelaicappuccini.it\/fr\/restaurant\/restaurant-nicolao\/\",\"name\":\"Restaurant Nicolao - Park Hotel Ai Cappuccini -\",\"isPartOf\":{\"@id\":\"https:\/\/www.parkhotelaicappuccini.it\/fr\/#website\"},\"datePublished\":\"2021-12-15T15:10:18+00:00\",\"dateModified\":\"2021-12-15T15:11:09+00:00\",\"description\":\"C\u2019est le restaurant de l\u2019h\u00f4tel: accueillant et discret, le plafond \u00e0 poutres apparentes et un plancher en ch\u00eane. Ici sont servies \u00ab Les propositions de la saison \u00bb, \u00ab Les propositions de l\u2019Ombrie \u00bb et \u00ab La proposition du jour \u00bb, en assortiment \u00e0 la grande s\u00e9lection des vins de notre cave, dans une ambiance chaude et relax\u00e9e qui invite \u00e0 une lente et satisfaisante d\u00e9gustation..\",\"breadcrumb\":{\"@id\":\"https:\/\/www.parkhotelaicappuccini.it\/fr\/restaurant\/restaurant-nicolao\/#breadcrumb\"},\"inLanguage\":\"fr-FR\",\"potentialAction\":[{\"@type\":\"ReadAction\",\"target\":[\"https:\/\/www.parkhotelaicappuccini.it\/fr\/restaurant\/restaurant-nicolao\/\"]}]},{\"@type\":\"BreadcrumbList\",\"@id\":\"https:\/\/www.parkhotelaicappuccini.it\/fr\/restaurant\/restaurant-nicolao\/#breadcrumb\",\"itemListElement\":[{\"@type\":\"ListItem\",\"position\":1,\"name\":\"Home\",\"item\":\"https:\/\/www.parkhotelaicappuccini.it\/fr\/\"},{\"@type\":\"ListItem\",\"position\":2,\"name\":\"Restaurant\",\"item\":\"https:\/\/www.parkhotelaicappuccini.it\/fr\/restaurant\/\"},{\"@type\":\"ListItem\",\"position\":3,\"name\":\"Restaurant Nicolao\"}]},{\"@type\":\"WebSite\",\"@id\":\"https:\/\/www.parkhotelaicappuccini.it\/fr\/#website\",\"url\":\"https:\/\/www.parkhotelaicappuccini.it\/fr\/\",\"name\":\"Park Hotel Ai Cappuccini\",\"description\":\"Just another ms.decms.eu site\",\"potentialAction\":[{\"@type\":\"SearchAction\",\"target\":{\"@type\":\"EntryPoint\",\"urlTemplate\":\"https:\/\/www.parkhotelaicappuccini.it\/fr\/?s={search_term_string}\"},\"query-input\":{\"@type\":\"PropertyValueSpecification\",\"valueRequired\":true,\"valueName\":\"search_term_string\"}}],\"inLanguage\":\"fr-FR\"}]}<\/script>\n<!-- \/ Yoast SEO plugin. -->","yoast_head_json":{"title":"Restaurant Nicolao - Park Hotel Ai Cappuccini -","description":"C\u2019est le restaurant de l\u2019h\u00f4tel: accueillant et discret, le plafond \u00e0 poutres apparentes et un plancher en ch\u00eane.  Ici sont servies \u00ab Les propositions de la saison \u00bb, \u00ab Les propositions de l\u2019Ombrie \u00bb et \u00ab La proposition du jour \u00bb, en assortiment \u00e0 la grande s\u00e9lection des vins de notre cave, dans une ambiance chaude et relax\u00e9e qui invite \u00e0 une lente et satisfaisante d\u00e9gustation..","robots":{"index":"index","follow":"follow","max-snippet":"max-snippet:-1","max-image-preview":"max-image-preview:large","max-video-preview":"max-video-preview:-1"},"canonical":"https:\/\/www.parkhotelaicappuccini.it\/fr\/restaurant\/restaurant-nicolao\/","og_locale":"fr_FR","og_type":"article","og_title":"Restaurant Nicolao - Park Hotel Ai Cappuccini -","og_description":"C\u2019est le restaurant de l\u2019h\u00f4tel: accueillant et discret, le plafond \u00e0 poutres apparentes et un plancher en ch\u00eane.  Ici sont servies \u00ab Les propositions de la saison \u00bb, \u00ab Les propositions de l\u2019Ombrie \u00bb et \u00ab La proposition du jour \u00bb, en assortiment \u00e0 la grande s\u00e9lection des vins de notre cave, dans une ambiance chaude et relax\u00e9e qui invite \u00e0 une lente et satisfaisante d\u00e9gustation..","og_url":"https:\/\/www.parkhotelaicappuccini.it\/fr\/restaurant\/restaurant-nicolao\/","og_site_name":"Park Hotel Ai Cappuccini","article_modified_time":"2021-12-15T15:11:09+00:00","og_image":[{"width":1200,"height":666,"url":"https:\/\/www.parkhotelaicappuccini.it\/wp-content\/uploads\/sites\/385\/2021\/12\/Parco-Acque-6.jpg","type":"image\/jpeg"}],"twitter_card":"summary_large_image","twitter_misc":{"Dur\u00e9e de lecture estim\u00e9e":"1 minute"},"schema":{"@context":"https:\/\/schema.org","@graph":[{"@type":"WebPage","@id":"https:\/\/www.parkhotelaicappuccini.it\/fr\/restaurant\/restaurant-nicolao\/","url":"https:\/\/www.parkhotelaicappuccini.it\/fr\/restaurant\/restaurant-nicolao\/","name":"Restaurant Nicolao - Park Hotel Ai Cappuccini -","isPartOf":{"@id":"https:\/\/www.parkhotelaicappuccini.it\/fr\/#website"},"datePublished":"2021-12-15T15:10:18+00:00","dateModified":"2021-12-15T15:11:09+00:00","description":"C\u2019est le restaurant de l\u2019h\u00f4tel: accueillant et discret, le plafond \u00e0 poutres apparentes et un plancher en ch\u00eane. Ici sont servies \u00ab Les propositions de la saison \u00bb, \u00ab Les propositions de l\u2019Ombrie \u00bb et \u00ab La proposition du jour \u00bb, en assortiment \u00e0 la grande s\u00e9lection des vins de notre cave, dans une ambiance chaude et relax\u00e9e qui invite \u00e0 une lente et satisfaisante d\u00e9gustation..","breadcrumb":{"@id":"https:\/\/www.parkhotelaicappuccini.it\/fr\/restaurant\/restaurant-nicolao\/#breadcrumb"},"inLanguage":"fr-FR","potentialAction":[{"@type":"ReadAction","target":["https:\/\/www.parkhotelaicappuccini.it\/fr\/restaurant\/restaurant-nicolao\/"]}]},{"@type":"BreadcrumbList","@id":"https:\/\/www.parkhotelaicappuccini.it\/fr\/restaurant\/restaurant-nicolao\/#breadcrumb","itemListElement":[{"@type":"ListItem","position":1,"name":"Home","item":"https:\/\/www.parkhotelaicappuccini.it\/fr\/"},{"@type":"ListItem","position":2,"name":"Restaurant","item":"https:\/\/www.parkhotelaicappuccini.it\/fr\/restaurant\/"},{"@type":"ListItem","position":3,"name":"Restaurant Nicolao"}]},{"@type":"WebSite","@id":"https:\/\/www.parkhotelaicappuccini.it\/fr\/#website","url":"https:\/\/www.parkhotelaicappuccini.it\/fr\/","name":"Park Hotel Ai Cappuccini","description":"Just another ms.decms.eu site","potentialAction":[{"@type":"SearchAction","target":{"@type":"EntryPoint","urlTemplate":"https:\/\/www.parkhotelaicappuccini.it\/fr\/?s={search_term_string}"},"query-input":{"@type":"PropertyValueSpecification","valueRequired":true,"valueName":"search_term_string"}}],"inLanguage":"fr-FR"}]}},"acf":[],"_links":{"self":[{"href":"https:\/\/www.parkhotelaicappuccini.it\/fr\/wp-json\/wp\/v2\/pages\/162","targetHints":{"allow":["GET"]}}],"collection":[{"href":"https:\/\/www.parkhotelaicappuccini.it\/fr\/wp-json\/wp\/v2\/pages"}],"about":[{"href":"https:\/\/www.parkhotelaicappuccini.it\/fr\/wp-json\/wp\/v2\/types\/page"}],"author":[{"embeddable":true,"href":"https:\/\/www.parkhotelaicappuccini.it\/fr\/wp-json\/wp\/v2\/users\/36"}],"replies":[{"embeddable":true,"href":"https:\/\/www.parkhotelaicappuccini.it\/fr\/wp-json\/wp\/v2\/comments?post=162"}],"version-history":[{"count":0,"href":"https:\/\/www.parkhotelaicappuccini.it\/fr\/wp-json\/wp\/v2\/pages\/162\/revisions"}],"up":[{"embeddable":true,"href":"https:\/\/www.parkhotelaicappuccini.it\/fr\/wp-json\/wp\/v2\/pages\/146"}],"wp:attachment":[{"href":"https:\/\/www.parkhotelaicappuccini.it\/fr\/wp-json\/wp\/v2\/media?parent=162"}],"curies":[{"name":"wp","href":"https:\/\/api.w.org\/{rel}","templated":true}]}}