{"id":146,"date":"2021-12-15T14:12:01","date_gmt":"2021-12-15T14:12:01","guid":{"rendered":"https:\/\/park-hotel-ai-cappuccini.ms.decms.eu\/?page_id=146"},"modified":"2022-08-26T12:16:22","modified_gmt":"2022-08-26T12:16:22","slug":"restaurant","status":"publish","type":"page","link":"https:\/\/www.parkhotelaicappuccini.it\/fr\/restaurant\/","title":{"rendered":"Restaurant"},"content":{"rendered":"<p><strong>L\u2019Ombrie<\/strong>, <strong>Gubbio<\/strong> et le <strong>Park H\u00f4tel ai Cappuccini<\/strong> resterons dans vos souvenirs gr\u00e2ce aussi aux <strong>saveurs de la table<\/strong>. Vous pouvez appr\u00e9cier des <strong>produits typiques<\/strong> gr\u00e2ce aux <strong>recettes savoureuses<\/strong> interpr\u00e9t\u00e9es sous le signe de la <strong>l\u00e9g\u00e8ret\u00e9<\/strong> et accompagn\u00e9es par<strong> les meilleurs vins ombriens<\/strong> et nationaux. La satisfaction de la bonne table, un <strong>tr\u00e8s agr\u00e9able rituel pour le corps et l\u2019esprit<\/strong>.<\/p>\n","protected":false},"excerpt":{"rendered":"<p>L\u2019Ombrie, Gubbio et le Park H\u00f4tel ai Cappuccini resterons dans vos souvenirs gr\u00e2ce aussi aux saveurs de la table. Vous pouvez appr\u00e9cier des produits typiques gr\u00e2ce aux recettes savoureuses interpr\u00e9t\u00e9es sous le signe de la l\u00e9g\u00e8ret\u00e9 et accompagn\u00e9es par les meilleurs vins ombriens et nationaux. La satisfaction de la bonne table, un tr\u00e8s agr\u00e9able rituel [&hellip;]<\/p>\n","protected":false},"author":36,"featured_media":0,"parent":0,"menu_order":15,"comment_status":"closed","ping_status":"closed","template":"template-restaurants.php","meta":{"footnotes":""},"class_list":["post-146","page","type-page","status-publish","hentry"],"yoast_head":"<!-- This site is optimized with the Yoast SEO plugin v26.9 - https:\/\/yoast.com\/product\/yoast-seo-wordpress\/ -->\n<title>Restaurant - Park Hotel Ai Cappuccini -<\/title>\n<meta name=\"description\" content=\"L\u2019Ombrie, Gubbio et le Park H\u00f4tel ai Cappuccini resterons dans vos souvenirs gr\u00e2ce aussi aux saveurs de la table. Vous pouvez appr\u00e9cier des produits typiques gr\u00e2ce aux recettes savoureuses interpr\u00e9t\u00e9es sous le signe de la l\u00e9g\u00e8ret\u00e9 et accompagn\u00e9es par les meilleurs vins ombriens et nationaux\" \/>\n<meta name=\"robots\" content=\"index, follow, max-snippet:-1, max-image-preview:large, max-video-preview:-1\" \/>\n<link rel=\"canonical\" href=\"https:\/\/www.parkhotelaicappuccini.it\/fr\/restaurant\/\" \/>\n<meta property=\"og:locale\" content=\"fr_FR\" \/>\n<meta property=\"og:type\" content=\"article\" \/>\n<meta property=\"og:title\" content=\"Restaurant - Park Hotel Ai Cappuccini -\" \/>\n<meta property=\"og:description\" content=\"L\u2019Ombrie, Gubbio et le Park H\u00f4tel ai Cappuccini resterons dans vos souvenirs gr\u00e2ce aussi aux saveurs de la table. Vous pouvez appr\u00e9cier des produits typiques gr\u00e2ce aux recettes savoureuses interpr\u00e9t\u00e9es sous le signe de la l\u00e9g\u00e8ret\u00e9 et accompagn\u00e9es par les meilleurs vins ombriens et nationaux\" \/>\n<meta property=\"og:url\" content=\"https:\/\/www.parkhotelaicappuccini.it\/fr\/restaurant\/\" \/>\n<meta property=\"og:site_name\" content=\"Park Hotel Ai Cappuccini\" \/>\n<meta property=\"article:modified_time\" content=\"2022-08-26T12:16:22+00:00\" \/>\n<meta property=\"og:image\" content=\"https:\/\/www.parkhotelaicappuccini.it\/wp-content\/uploads\/sites\/385\/2021\/12\/Parco-Acque-6.jpg\" \/>\n\t<meta property=\"og:image:width\" content=\"1200\" \/>\n\t<meta property=\"og:image:height\" content=\"666\" \/>\n\t<meta property=\"og:image:type\" content=\"image\/jpeg\" \/>\n<meta name=\"twitter:card\" content=\"summary_large_image\" \/>\n<meta name=\"twitter:label1\" content=\"Dur\u00e9e de lecture estim\u00e9e\" \/>\n\t<meta name=\"twitter:data1\" content=\"1 minute\" \/>\n<script type=\"application\/ld+json\" class=\"yoast-schema-graph\">{\"@context\":\"https:\/\/schema.org\",\"@graph\":[{\"@type\":\"WebPage\",\"@id\":\"https:\/\/www.parkhotelaicappuccini.it\/fr\/restaurant\/\",\"url\":\"https:\/\/www.parkhotelaicappuccini.it\/fr\/restaurant\/\",\"name\":\"Restaurant - Park Hotel Ai Cappuccini -\",\"isPartOf\":{\"@id\":\"https:\/\/www.parkhotelaicappuccini.it\/fr\/#website\"},\"datePublished\":\"2021-12-15T14:12:01+00:00\",\"dateModified\":\"2022-08-26T12:16:22+00:00\",\"description\":\"L\u2019Ombrie, Gubbio et le Park H\u00f4tel ai Cappuccini resterons dans vos souvenirs gr\u00e2ce aussi aux saveurs de la table. Vous pouvez appr\u00e9cier des produits typiques gr\u00e2ce aux recettes savoureuses interpr\u00e9t\u00e9es sous le signe de la l\u00e9g\u00e8ret\u00e9 et accompagn\u00e9es par les meilleurs vins ombriens et nationaux\",\"breadcrumb\":{\"@id\":\"https:\/\/www.parkhotelaicappuccini.it\/fr\/restaurant\/#breadcrumb\"},\"inLanguage\":\"fr-FR\",\"potentialAction\":[{\"@type\":\"ReadAction\",\"target\":[\"https:\/\/www.parkhotelaicappuccini.it\/fr\/restaurant\/\"]}]},{\"@type\":\"BreadcrumbList\",\"@id\":\"https:\/\/www.parkhotelaicappuccini.it\/fr\/restaurant\/#breadcrumb\",\"itemListElement\":[{\"@type\":\"ListItem\",\"position\":1,\"name\":\"Home\",\"item\":\"https:\/\/www.parkhotelaicappuccini.it\/fr\/\"},{\"@type\":\"ListItem\",\"position\":2,\"name\":\"Restaurant\"}]},{\"@type\":\"WebSite\",\"@id\":\"https:\/\/www.parkhotelaicappuccini.it\/fr\/#website\",\"url\":\"https:\/\/www.parkhotelaicappuccini.it\/fr\/\",\"name\":\"Park Hotel Ai Cappuccini\",\"description\":\"Just another ms.decms.eu site\",\"potentialAction\":[{\"@type\":\"SearchAction\",\"target\":{\"@type\":\"EntryPoint\",\"urlTemplate\":\"https:\/\/www.parkhotelaicappuccini.it\/fr\/?s={search_term_string}\"},\"query-input\":{\"@type\":\"PropertyValueSpecification\",\"valueRequired\":true,\"valueName\":\"search_term_string\"}}],\"inLanguage\":\"fr-FR\"}]}<\/script>\n<!-- \/ Yoast SEO plugin. -->","yoast_head_json":{"title":"Restaurant - Park Hotel Ai Cappuccini -","description":"L\u2019Ombrie, Gubbio et le Park H\u00f4tel ai Cappuccini resterons dans vos souvenirs gr\u00e2ce aussi aux saveurs de la table. Vous pouvez appr\u00e9cier des produits typiques gr\u00e2ce aux recettes savoureuses interpr\u00e9t\u00e9es sous le signe de la l\u00e9g\u00e8ret\u00e9 et accompagn\u00e9es par les meilleurs vins ombriens et nationaux","robots":{"index":"index","follow":"follow","max-snippet":"max-snippet:-1","max-image-preview":"max-image-preview:large","max-video-preview":"max-video-preview:-1"},"canonical":"https:\/\/www.parkhotelaicappuccini.it\/fr\/restaurant\/","og_locale":"fr_FR","og_type":"article","og_title":"Restaurant - Park Hotel Ai Cappuccini -","og_description":"L\u2019Ombrie, Gubbio et le Park H\u00f4tel ai Cappuccini resterons dans vos souvenirs gr\u00e2ce aussi aux saveurs de la table. Vous pouvez appr\u00e9cier des produits typiques gr\u00e2ce aux recettes savoureuses interpr\u00e9t\u00e9es sous le signe de la l\u00e9g\u00e8ret\u00e9 et accompagn\u00e9es par les meilleurs vins ombriens et nationaux","og_url":"https:\/\/www.parkhotelaicappuccini.it\/fr\/restaurant\/","og_site_name":"Park Hotel Ai Cappuccini","article_modified_time":"2022-08-26T12:16:22+00:00","og_image":[{"width":1200,"height":666,"url":"https:\/\/www.parkhotelaicappuccini.it\/wp-content\/uploads\/sites\/385\/2021\/12\/Parco-Acque-6.jpg","type":"image\/jpeg"}],"twitter_card":"summary_large_image","twitter_misc":{"Dur\u00e9e de lecture estim\u00e9e":"1 minute"},"schema":{"@context":"https:\/\/schema.org","@graph":[{"@type":"WebPage","@id":"https:\/\/www.parkhotelaicappuccini.it\/fr\/restaurant\/","url":"https:\/\/www.parkhotelaicappuccini.it\/fr\/restaurant\/","name":"Restaurant - Park Hotel Ai Cappuccini -","isPartOf":{"@id":"https:\/\/www.parkhotelaicappuccini.it\/fr\/#website"},"datePublished":"2021-12-15T14:12:01+00:00","dateModified":"2022-08-26T12:16:22+00:00","description":"L\u2019Ombrie, Gubbio et le Park H\u00f4tel ai Cappuccini resterons dans vos souvenirs gr\u00e2ce aussi aux saveurs de la table. Vous pouvez appr\u00e9cier des produits typiques gr\u00e2ce aux recettes savoureuses interpr\u00e9t\u00e9es sous le signe de la l\u00e9g\u00e8ret\u00e9 et accompagn\u00e9es par les meilleurs vins ombriens et nationaux","breadcrumb":{"@id":"https:\/\/www.parkhotelaicappuccini.it\/fr\/restaurant\/#breadcrumb"},"inLanguage":"fr-FR","potentialAction":[{"@type":"ReadAction","target":["https:\/\/www.parkhotelaicappuccini.it\/fr\/restaurant\/"]}]},{"@type":"BreadcrumbList","@id":"https:\/\/www.parkhotelaicappuccini.it\/fr\/restaurant\/#breadcrumb","itemListElement":[{"@type":"ListItem","position":1,"name":"Home","item":"https:\/\/www.parkhotelaicappuccini.it\/fr\/"},{"@type":"ListItem","position":2,"name":"Restaurant"}]},{"@type":"WebSite","@id":"https:\/\/www.parkhotelaicappuccini.it\/fr\/#website","url":"https:\/\/www.parkhotelaicappuccini.it\/fr\/","name":"Park Hotel Ai Cappuccini","description":"Just another ms.decms.eu site","potentialAction":[{"@type":"SearchAction","target":{"@type":"EntryPoint","urlTemplate":"https:\/\/www.parkhotelaicappuccini.it\/fr\/?s={search_term_string}"},"query-input":{"@type":"PropertyValueSpecification","valueRequired":true,"valueName":"search_term_string"}}],"inLanguage":"fr-FR"}]}},"acf":[],"_links":{"self":[{"href":"https:\/\/www.parkhotelaicappuccini.it\/fr\/wp-json\/wp\/v2\/pages\/146","targetHints":{"allow":["GET"]}}],"collection":[{"href":"https:\/\/www.parkhotelaicappuccini.it\/fr\/wp-json\/wp\/v2\/pages"}],"about":[{"href":"https:\/\/www.parkhotelaicappuccini.it\/fr\/wp-json\/wp\/v2\/types\/page"}],"author":[{"embeddable":true,"href":"https:\/\/www.parkhotelaicappuccini.it\/fr\/wp-json\/wp\/v2\/users\/36"}],"replies":[{"embeddable":true,"href":"https:\/\/www.parkhotelaicappuccini.it\/fr\/wp-json\/wp\/v2\/comments?post=146"}],"version-history":[{"count":0,"href":"https:\/\/www.parkhotelaicappuccini.it\/fr\/wp-json\/wp\/v2\/pages\/146\/revisions"}],"wp:attachment":[{"href":"https:\/\/www.parkhotelaicappuccini.it\/fr\/wp-json\/wp\/v2\/media?parent=146"}],"curies":[{"name":"wp","href":"https:\/\/api.w.org\/{rel}","templated":true}]}}