{"id":133,"date":"2021-12-15T11:01:10","date_gmt":"2021-12-15T11:01:10","guid":{"rendered":"https:\/\/park-hotel-ai-cappuccini.ms.decms.eu\/?page_id=133"},"modified":"2021-12-15T11:05:27","modified_gmt":"2021-12-15T11:05:27","slug":"suite","status":"publish","type":"page","link":"https:\/\/www.parkhotelaicappuccini.it\/fr\/chambres\/suite\/","title":{"rendered":"Suite"},"content":{"rendered":"<p>Cette suite donnant sur les collines ou le parc comprend une chambre et un coin salon s\u00e9par\u00e9 avec un canap\u00e9-lit. Mobilier contemporain et ancien.<\/p>\n<p>Occupation maximum<br \/>\n4 personnes (3 adultes, 3 enfants)<\/p>\n<p>\u00c9quipements num\u00e9riques<br \/>\nVideo Payante, T\u00e9l\u00e9vision par satellite, T\u00e9l\u00e9vision, Jeux vid\u00e9o, Radio, T\u00e9l\u00e9vision LCD, WiFi Payant, WiFi Gratuit, Acc\u00e8s gratuit \u00e0 internet<\/p>\n<p>Pour votre confort<br \/>\nFer et table \u00e0 repasser (sur demande), Chaussons, Parquet, Animaux domestiques admis, Salon, In Room Safe, Interior doorways, Non-smoking rooms available, Smoking rooms available<\/p>\n<p>Literie au choix<br \/>\nDouble, Double + Extra Bed<\/p>\n<p>Salle de bain<br \/>\nS\u00e8che-cheveux, Salle de bains priv\u00e9e et wc, Douche \u00e0 l&rsquo;italienne, Bidet, Baignoire<\/p>\n","protected":false},"excerpt":{"rendered":"<p>Cette suite donnant sur les collines ou le parc comprend une chambre et un coin salon s\u00e9par\u00e9 avec un canap\u00e9-lit. Mobilier contemporain et ancien. Occupation maximum 4 personnes (3 adultes, 3 enfants) \u00c9quipements num\u00e9riques Video Payante, T\u00e9l\u00e9vision par satellite, T\u00e9l\u00e9vision, Jeux vid\u00e9o, Radio, T\u00e9l\u00e9vision LCD, WiFi Payant, WiFi Gratuit, Acc\u00e8s gratuit \u00e0 internet Pour votre [&hellip;]<\/p>\n","protected":false},"author":36,"featured_media":0,"parent":43,"menu_order":30,"comment_status":"closed","ping_status":"closed","template":"template-single-room.php","meta":{"footnotes":""},"class_list":["post-133","page","type-page","status-publish","hentry"],"yoast_head":"<!-- This site is optimized with the Yoast SEO plugin v26.9 - https:\/\/yoast.com\/product\/yoast-seo-wordpress\/ -->\n<title>Suite - Park Hotel Ai Cappuccini -<\/title>\n<meta name=\"description\" content=\"Cette suite donnant sur les collines ou le parc comprend une chambre et un coin salon s\u00e9par\u00e9 avec un canap\u00e9-lit. Mobilier contemporain et ancien.  Occupation maximum 4 personnes (3 adultes, 3 enfants)  \u00c9quipements num\u00e9riques Video Payante, T\u00e9l\u00e9vision par satellite, T\u00e9l\u00e9vision, Jeux vid\u00e9o, Radio, T\u00e9l\u00e9vision LCD, WiFi Payant, WiFi Gratuit, Acc\u00e8s gratuit \u00e0 internet  Pour votre confort Fer et table \u00e0 repasser (sur demande), Chaussons, Parquet, Animaux domestiques admis, Salon, In Room Safe, Interior doorways, Non-smoking rooms available, Smoking rooms available  Literie au choix Double, Double + Extra Bed  Salle de bain S\u00e8che-cheveux, Salle de bains priv\u00e9e et wc, Douche \u00e0 l&#039;italienne, Bidet, Baignoire\" \/>\n<meta name=\"robots\" content=\"index, follow, max-snippet:-1, max-image-preview:large, max-video-preview:-1\" \/>\n<link rel=\"canonical\" href=\"https:\/\/www.parkhotelaicappuccini.it\/fr\/chambres\/suite\/\" \/>\n<meta property=\"og:locale\" content=\"fr_FR\" \/>\n<meta property=\"og:type\" content=\"article\" \/>\n<meta property=\"og:title\" content=\"Suite - Park Hotel Ai Cappuccini -\" \/>\n<meta property=\"og:description\" content=\"Cette suite donnant sur les collines ou le parc comprend une chambre et un coin salon s\u00e9par\u00e9 avec un canap\u00e9-lit. Mobilier contemporain et ancien.  Occupation maximum 4 personnes (3 adultes, 3 enfants)  \u00c9quipements num\u00e9riques Video Payante, T\u00e9l\u00e9vision par satellite, T\u00e9l\u00e9vision, Jeux vid\u00e9o, Radio, T\u00e9l\u00e9vision LCD, WiFi Payant, WiFi Gratuit, Acc\u00e8s gratuit \u00e0 internet  Pour votre confort Fer et table \u00e0 repasser (sur demande), Chaussons, Parquet, Animaux domestiques admis, Salon, In Room Safe, Interior doorways, Non-smoking rooms available, Smoking rooms available  Literie au choix Double, Double + Extra Bed  Salle de bain S\u00e8che-cheveux, Salle de bains priv\u00e9e et wc, Douche \u00e0 l&#039;italienne, Bidet, Baignoire\" \/>\n<meta property=\"og:url\" content=\"https:\/\/www.parkhotelaicappuccini.it\/fr\/chambres\/suite\/\" \/>\n<meta property=\"og:site_name\" content=\"Park Hotel Ai Cappuccini\" \/>\n<meta property=\"article:modified_time\" content=\"2021-12-15T11:05:27+00:00\" \/>\n<meta property=\"og:image\" content=\"https:\/\/www.parkhotelaicappuccini.it\/wp-content\/uploads\/sites\/385\/2021\/12\/Parco-Acque-6.jpg\" \/>\n\t<meta property=\"og:image:width\" content=\"1200\" \/>\n\t<meta property=\"og:image:height\" content=\"666\" \/>\n\t<meta property=\"og:image:type\" content=\"image\/jpeg\" \/>\n<meta name=\"twitter:card\" content=\"summary_large_image\" \/>\n<meta name=\"twitter:label1\" content=\"Dur\u00e9e de lecture estim\u00e9e\" \/>\n\t<meta name=\"twitter:data1\" content=\"1 minute\" \/>\n<script type=\"application\/ld+json\" class=\"yoast-schema-graph\">{\"@context\":\"https:\/\/schema.org\",\"@graph\":[{\"@type\":\"WebPage\",\"@id\":\"https:\/\/www.parkhotelaicappuccini.it\/fr\/chambres\/suite\/\",\"url\":\"https:\/\/www.parkhotelaicappuccini.it\/fr\/chambres\/suite\/\",\"name\":\"Suite - Park Hotel Ai Cappuccini -\",\"isPartOf\":{\"@id\":\"https:\/\/www.parkhotelaicappuccini.it\/fr\/#website\"},\"datePublished\":\"2021-12-15T11:01:10+00:00\",\"dateModified\":\"2021-12-15T11:05:27+00:00\",\"description\":\"Cette suite donnant sur les collines ou le parc comprend une chambre et un coin salon s\u00e9par\u00e9 avec un canap\u00e9-lit. Mobilier contemporain et ancien. Occupation maximum 4 personnes (3 adultes, 3 enfants) \u00c9quipements num\u00e9riques Video Payante, T\u00e9l\u00e9vision par satellite, T\u00e9l\u00e9vision, Jeux vid\u00e9o, Radio, T\u00e9l\u00e9vision LCD, WiFi Payant, WiFi Gratuit, Acc\u00e8s gratuit \u00e0 internet Pour votre confort Fer et table \u00e0 repasser (sur demande), Chaussons, Parquet, Animaux domestiques admis, Salon, In Room Safe, Interior doorways, Non-smoking rooms available, Smoking rooms available Literie au choix Double, Double + Extra Bed Salle de bain S\u00e8che-cheveux, Salle de bains priv\u00e9e et wc, Douche \u00e0 l'italienne, Bidet, Baignoire\",\"breadcrumb\":{\"@id\":\"https:\/\/www.parkhotelaicappuccini.it\/fr\/chambres\/suite\/#breadcrumb\"},\"inLanguage\":\"fr-FR\",\"potentialAction\":[{\"@type\":\"ReadAction\",\"target\":[\"https:\/\/www.parkhotelaicappuccini.it\/fr\/chambres\/suite\/\"]}]},{\"@type\":\"BreadcrumbList\",\"@id\":\"https:\/\/www.parkhotelaicappuccini.it\/fr\/chambres\/suite\/#breadcrumb\",\"itemListElement\":[{\"@type\":\"ListItem\",\"position\":1,\"name\":\"Home\",\"item\":\"https:\/\/www.parkhotelaicappuccini.it\/fr\/\"},{\"@type\":\"ListItem\",\"position\":2,\"name\":\"Chambres\",\"item\":\"https:\/\/www.parkhotelaicappuccini.it\/fr\/chambres\/\"},{\"@type\":\"ListItem\",\"position\":3,\"name\":\"Suite\"}]},{\"@type\":\"WebSite\",\"@id\":\"https:\/\/www.parkhotelaicappuccini.it\/fr\/#website\",\"url\":\"https:\/\/www.parkhotelaicappuccini.it\/fr\/\",\"name\":\"Park Hotel Ai Cappuccini\",\"description\":\"Just another ms.decms.eu site\",\"potentialAction\":[{\"@type\":\"SearchAction\",\"target\":{\"@type\":\"EntryPoint\",\"urlTemplate\":\"https:\/\/www.parkhotelaicappuccini.it\/fr\/?s={search_term_string}\"},\"query-input\":{\"@type\":\"PropertyValueSpecification\",\"valueRequired\":true,\"valueName\":\"search_term_string\"}}],\"inLanguage\":\"fr-FR\"}]}<\/script>\n<!-- \/ Yoast SEO plugin. -->","yoast_head_json":{"title":"Suite - Park Hotel Ai Cappuccini -","description":"Cette suite donnant sur les collines ou le parc comprend une chambre et un coin salon s\u00e9par\u00e9 avec un canap\u00e9-lit. Mobilier contemporain et ancien.  Occupation maximum 4 personnes (3 adultes, 3 enfants)  \u00c9quipements num\u00e9riques Video Payante, T\u00e9l\u00e9vision par satellite, T\u00e9l\u00e9vision, Jeux vid\u00e9o, Radio, T\u00e9l\u00e9vision LCD, WiFi Payant, WiFi Gratuit, Acc\u00e8s gratuit \u00e0 internet  Pour votre confort Fer et table \u00e0 repasser (sur demande), Chaussons, Parquet, Animaux domestiques admis, Salon, In Room Safe, Interior doorways, Non-smoking rooms available, Smoking rooms available  Literie au choix Double, Double + Extra Bed  Salle de bain S\u00e8che-cheveux, Salle de bains priv\u00e9e et wc, Douche \u00e0 l'italienne, Bidet, Baignoire","robots":{"index":"index","follow":"follow","max-snippet":"max-snippet:-1","max-image-preview":"max-image-preview:large","max-video-preview":"max-video-preview:-1"},"canonical":"https:\/\/www.parkhotelaicappuccini.it\/fr\/chambres\/suite\/","og_locale":"fr_FR","og_type":"article","og_title":"Suite - Park Hotel Ai Cappuccini -","og_description":"Cette suite donnant sur les collines ou le parc comprend une chambre et un coin salon s\u00e9par\u00e9 avec un canap\u00e9-lit. Mobilier contemporain et ancien.  Occupation maximum 4 personnes (3 adultes, 3 enfants)  \u00c9quipements num\u00e9riques Video Payante, T\u00e9l\u00e9vision par satellite, T\u00e9l\u00e9vision, Jeux vid\u00e9o, Radio, T\u00e9l\u00e9vision LCD, WiFi Payant, WiFi Gratuit, Acc\u00e8s gratuit \u00e0 internet  Pour votre confort Fer et table \u00e0 repasser (sur demande), Chaussons, Parquet, Animaux domestiques admis, Salon, In Room Safe, Interior doorways, Non-smoking rooms available, Smoking rooms available  Literie au choix Double, Double + Extra Bed  Salle de bain S\u00e8che-cheveux, Salle de bains priv\u00e9e et wc, Douche \u00e0 l'italienne, Bidet, Baignoire","og_url":"https:\/\/www.parkhotelaicappuccini.it\/fr\/chambres\/suite\/","og_site_name":"Park Hotel Ai Cappuccini","article_modified_time":"2021-12-15T11:05:27+00:00","og_image":[{"width":1200,"height":666,"url":"https:\/\/www.parkhotelaicappuccini.it\/wp-content\/uploads\/sites\/385\/2021\/12\/Parco-Acque-6.jpg","type":"image\/jpeg"}],"twitter_card":"summary_large_image","twitter_misc":{"Dur\u00e9e de lecture estim\u00e9e":"1 minute"},"schema":{"@context":"https:\/\/schema.org","@graph":[{"@type":"WebPage","@id":"https:\/\/www.parkhotelaicappuccini.it\/fr\/chambres\/suite\/","url":"https:\/\/www.parkhotelaicappuccini.it\/fr\/chambres\/suite\/","name":"Suite - Park Hotel Ai Cappuccini -","isPartOf":{"@id":"https:\/\/www.parkhotelaicappuccini.it\/fr\/#website"},"datePublished":"2021-12-15T11:01:10+00:00","dateModified":"2021-12-15T11:05:27+00:00","description":"Cette suite donnant sur les collines ou le parc comprend une chambre et un coin salon s\u00e9par\u00e9 avec un canap\u00e9-lit. Mobilier contemporain et ancien. Occupation maximum 4 personnes (3 adultes, 3 enfants) \u00c9quipements num\u00e9riques Video Payante, T\u00e9l\u00e9vision par satellite, T\u00e9l\u00e9vision, Jeux vid\u00e9o, Radio, T\u00e9l\u00e9vision LCD, WiFi Payant, WiFi Gratuit, Acc\u00e8s gratuit \u00e0 internet Pour votre confort Fer et table \u00e0 repasser (sur demande), Chaussons, Parquet, Animaux domestiques admis, Salon, In Room Safe, Interior doorways, Non-smoking rooms available, Smoking rooms available Literie au choix Double, Double + Extra Bed Salle de bain S\u00e8che-cheveux, Salle de bains priv\u00e9e et wc, Douche \u00e0 l'italienne, Bidet, Baignoire","breadcrumb":{"@id":"https:\/\/www.parkhotelaicappuccini.it\/fr\/chambres\/suite\/#breadcrumb"},"inLanguage":"fr-FR","potentialAction":[{"@type":"ReadAction","target":["https:\/\/www.parkhotelaicappuccini.it\/fr\/chambres\/suite\/"]}]},{"@type":"BreadcrumbList","@id":"https:\/\/www.parkhotelaicappuccini.it\/fr\/chambres\/suite\/#breadcrumb","itemListElement":[{"@type":"ListItem","position":1,"name":"Home","item":"https:\/\/www.parkhotelaicappuccini.it\/fr\/"},{"@type":"ListItem","position":2,"name":"Chambres","item":"https:\/\/www.parkhotelaicappuccini.it\/fr\/chambres\/"},{"@type":"ListItem","position":3,"name":"Suite"}]},{"@type":"WebSite","@id":"https:\/\/www.parkhotelaicappuccini.it\/fr\/#website","url":"https:\/\/www.parkhotelaicappuccini.it\/fr\/","name":"Park Hotel Ai Cappuccini","description":"Just another ms.decms.eu site","potentialAction":[{"@type":"SearchAction","target":{"@type":"EntryPoint","urlTemplate":"https:\/\/www.parkhotelaicappuccini.it\/fr\/?s={search_term_string}"},"query-input":{"@type":"PropertyValueSpecification","valueRequired":true,"valueName":"search_term_string"}}],"inLanguage":"fr-FR"}]}},"acf":[],"_links":{"self":[{"href":"https:\/\/www.parkhotelaicappuccini.it\/fr\/wp-json\/wp\/v2\/pages\/133","targetHints":{"allow":["GET"]}}],"collection":[{"href":"https:\/\/www.parkhotelaicappuccini.it\/fr\/wp-json\/wp\/v2\/pages"}],"about":[{"href":"https:\/\/www.parkhotelaicappuccini.it\/fr\/wp-json\/wp\/v2\/types\/page"}],"author":[{"embeddable":true,"href":"https:\/\/www.parkhotelaicappuccini.it\/fr\/wp-json\/wp\/v2\/users\/36"}],"replies":[{"embeddable":true,"href":"https:\/\/www.parkhotelaicappuccini.it\/fr\/wp-json\/wp\/v2\/comments?post=133"}],"version-history":[{"count":0,"href":"https:\/\/www.parkhotelaicappuccini.it\/fr\/wp-json\/wp\/v2\/pages\/133\/revisions"}],"up":[{"embeddable":true,"href":"https:\/\/www.parkhotelaicappuccini.it\/fr\/wp-json\/wp\/v2\/pages\/43"}],"wp:attachment":[{"href":"https:\/\/www.parkhotelaicappuccini.it\/fr\/wp-json\/wp\/v2\/media?parent=133"}],"curies":[{"name":"wp","href":"https:\/\/api.w.org\/{rel}","templated":true}]}}