{"id":1287,"date":"2022-01-10T11:11:47","date_gmt":"2022-01-10T11:11:47","guid":{"rendered":"https:\/\/park-hotel-ai-cappuccini.ms.decms.eu\/?page_id=1287"},"modified":"2022-01-10T11:11:47","modified_gmt":"2022-01-10T11:11:47","slug":"parc","status":"publish","type":"page","link":"https:\/\/www.parkhotelaicappuccini.it\/fr\/hotel\/parc\/","title":{"rendered":"Parc"},"content":{"rendered":"<p>Le projet pour la r\u00e9novation a voulu prononcer avec emphase le caract\u00e8re d\u2019un \u00ab bourg conventuel \u00bb originel, en respectant le corps principal et en cr\u00e9ant un complexe d\u2019accueil en parfaite harmonie avec le milieu environnant, ins\u00e9r\u00e9 dans un grand parc avec ses arbres s\u00e9culaires et une magnifique olivaie.<\/p>\n<p>La grande place qui s\u2019ouvre vers le sud est \u00e0 disposition pour des buffets en plein air et des journ\u00e9es de relax, et elle est enrichie par des pr\u00e9cieux \u0153uvres d\u2019art moderne, comme \u00ab La Fontaine de la Paix \u00bb de E. Abbozzo et \u00ab La Colonne du Voyageur \u00bb de A. Pomodoro.<\/p>\n","protected":false},"excerpt":{"rendered":"<p>Le projet pour la r\u00e9novation a voulu prononcer avec emphase le caract\u00e8re d\u2019un \u00ab bourg conventuel \u00bb originel, en respectant le corps principal et en cr\u00e9ant un complexe d\u2019accueil en parfaite harmonie avec le milieu environnant, ins\u00e9r\u00e9 dans un grand parc avec ses arbres s\u00e9culaires et une magnifique olivaie. La grande place qui s\u2019ouvre vers [&hellip;]<\/p>\n","protected":false},"author":36,"featured_media":0,"parent":28,"menu_order":25,"comment_status":"closed","ping_status":"closed","template":"template-default-2.php","meta":{"footnotes":""},"class_list":["post-1287","page","type-page","status-publish","hentry"],"yoast_head":"<!-- This site is optimized with the Yoast SEO plugin v26.9 - https:\/\/yoast.com\/product\/yoast-seo-wordpress\/ -->\n<title>Parc - Park Hotel Ai Cappuccini -<\/title>\n<meta name=\"description\" content=\"Le projet pour la r\u00e9novation a voulu prononcer avec emphase le caract\u00e8re d\u2019un \u00ab bourg conventuel \u00bb originel, en respectant le corps principal et en cr\u00e9ant un complexe d\u2019accueil en parfaite harmonie avec le milieu environnant, ins\u00e9r\u00e9 dans un grand parc avec ses arbres s\u00e9culaires et une magnifique olivaie.  La grande place qui s\u2019ouvre vers le sud est \u00e0 disposition pour des buffets en plein air et des journ\u00e9es de relax, et elle est enrichie par des pr\u00e9cieux \u0153uvres d\u2019art moderne, comme \u00ab La Fontaine de la Paix \u00bb de E. Abbozzo et \u00ab La Colonne du Voyageur \u00bb de A\" \/>\n<meta name=\"robots\" content=\"index, follow, max-snippet:-1, max-image-preview:large, max-video-preview:-1\" \/>\n<link rel=\"canonical\" href=\"https:\/\/www.parkhotelaicappuccini.it\/fr\/hotel\/parc\/\" \/>\n<meta property=\"og:locale\" content=\"fr_FR\" \/>\n<meta property=\"og:type\" content=\"article\" \/>\n<meta property=\"og:title\" content=\"Parc - Park Hotel Ai Cappuccini -\" \/>\n<meta property=\"og:description\" content=\"Le projet pour la r\u00e9novation a voulu prononcer avec emphase le caract\u00e8re d\u2019un \u00ab bourg conventuel \u00bb originel, en respectant le corps principal et en cr\u00e9ant un complexe d\u2019accueil en parfaite harmonie avec le milieu environnant, ins\u00e9r\u00e9 dans un grand parc avec ses arbres s\u00e9culaires et une magnifique olivaie.  La grande place qui s\u2019ouvre vers le sud est \u00e0 disposition pour des buffets en plein air et des journ\u00e9es de relax, et elle est enrichie par des pr\u00e9cieux \u0153uvres d\u2019art moderne, comme \u00ab La Fontaine de la Paix \u00bb de E. Abbozzo et \u00ab La Colonne du Voyageur \u00bb de A\" \/>\n<meta property=\"og:url\" content=\"https:\/\/www.parkhotelaicappuccini.it\/fr\/hotel\/parc\/\" \/>\n<meta property=\"og:site_name\" content=\"Park Hotel Ai Cappuccini\" \/>\n<meta property=\"og:image\" content=\"https:\/\/www.parkhotelaicappuccini.it\/wp-content\/uploads\/sites\/385\/2021\/12\/Parco-Acque-6.jpg\" \/>\n\t<meta property=\"og:image:width\" content=\"1200\" \/>\n\t<meta property=\"og:image:height\" content=\"666\" \/>\n\t<meta property=\"og:image:type\" content=\"image\/jpeg\" \/>\n<meta name=\"twitter:card\" content=\"summary_large_image\" \/>\n<meta name=\"twitter:label1\" content=\"Dur\u00e9e de lecture estim\u00e9e\" \/>\n\t<meta name=\"twitter:data1\" content=\"1 minute\" \/>\n<script type=\"application\/ld+json\" class=\"yoast-schema-graph\">{\"@context\":\"https:\/\/schema.org\",\"@graph\":[{\"@type\":\"WebPage\",\"@id\":\"https:\/\/www.parkhotelaicappuccini.it\/fr\/hotel\/parc\/\",\"url\":\"https:\/\/www.parkhotelaicappuccini.it\/fr\/hotel\/parc\/\",\"name\":\"Parc - Park Hotel Ai Cappuccini -\",\"isPartOf\":{\"@id\":\"https:\/\/www.parkhotelaicappuccini.it\/fr\/#website\"},\"datePublished\":\"2022-01-10T11:11:47+00:00\",\"description\":\"Le projet pour la r\u00e9novation a voulu prononcer avec emphase le caract\u00e8re d\u2019un \u00ab bourg conventuel \u00bb originel, en respectant le corps principal et en cr\u00e9ant un complexe d\u2019accueil en parfaite harmonie avec le milieu environnant, ins\u00e9r\u00e9 dans un grand parc avec ses arbres s\u00e9culaires et une magnifique olivaie. La grande place qui s\u2019ouvre vers le sud est \u00e0 disposition pour des buffets en plein air et des journ\u00e9es de relax, et elle est enrichie par des pr\u00e9cieux \u0153uvres d\u2019art moderne, comme \u00ab La Fontaine de la Paix \u00bb de E. Abbozzo et \u00ab La Colonne du Voyageur \u00bb de A\",\"breadcrumb\":{\"@id\":\"https:\/\/www.parkhotelaicappuccini.it\/fr\/hotel\/parc\/#breadcrumb\"},\"inLanguage\":\"fr-FR\",\"potentialAction\":[{\"@type\":\"ReadAction\",\"target\":[\"https:\/\/www.parkhotelaicappuccini.it\/fr\/hotel\/parc\/\"]}]},{\"@type\":\"BreadcrumbList\",\"@id\":\"https:\/\/www.parkhotelaicappuccini.it\/fr\/hotel\/parc\/#breadcrumb\",\"itemListElement\":[{\"@type\":\"ListItem\",\"position\":1,\"name\":\"Home\",\"item\":\"https:\/\/www.parkhotelaicappuccini.it\/fr\/\"},{\"@type\":\"ListItem\",\"position\":2,\"name\":\"H\u00f4tel\",\"item\":\"https:\/\/www.parkhotelaicappuccini.it\/fr\/hotel\/\"},{\"@type\":\"ListItem\",\"position\":3,\"name\":\"Parc\"}]},{\"@type\":\"WebSite\",\"@id\":\"https:\/\/www.parkhotelaicappuccini.it\/fr\/#website\",\"url\":\"https:\/\/www.parkhotelaicappuccini.it\/fr\/\",\"name\":\"Park Hotel Ai Cappuccini\",\"description\":\"Just another ms.decms.eu site\",\"potentialAction\":[{\"@type\":\"SearchAction\",\"target\":{\"@type\":\"EntryPoint\",\"urlTemplate\":\"https:\/\/www.parkhotelaicappuccini.it\/fr\/?s={search_term_string}\"},\"query-input\":{\"@type\":\"PropertyValueSpecification\",\"valueRequired\":true,\"valueName\":\"search_term_string\"}}],\"inLanguage\":\"fr-FR\"}]}<\/script>\n<!-- \/ Yoast SEO plugin. -->","yoast_head_json":{"title":"Parc - Park Hotel Ai Cappuccini -","description":"Le projet pour la r\u00e9novation a voulu prononcer avec emphase le caract\u00e8re d\u2019un \u00ab bourg conventuel \u00bb originel, en respectant le corps principal et en cr\u00e9ant un complexe d\u2019accueil en parfaite harmonie avec le milieu environnant, ins\u00e9r\u00e9 dans un grand parc avec ses arbres s\u00e9culaires et une magnifique olivaie.  La grande place qui s\u2019ouvre vers le sud est \u00e0 disposition pour des buffets en plein air et des journ\u00e9es de relax, et elle est enrichie par des pr\u00e9cieux \u0153uvres d\u2019art moderne, comme \u00ab La Fontaine de la Paix \u00bb de E. Abbozzo et \u00ab La Colonne du Voyageur \u00bb de A","robots":{"index":"index","follow":"follow","max-snippet":"max-snippet:-1","max-image-preview":"max-image-preview:large","max-video-preview":"max-video-preview:-1"},"canonical":"https:\/\/www.parkhotelaicappuccini.it\/fr\/hotel\/parc\/","og_locale":"fr_FR","og_type":"article","og_title":"Parc - Park Hotel Ai Cappuccini -","og_description":"Le projet pour la r\u00e9novation a voulu prononcer avec emphase le caract\u00e8re d\u2019un \u00ab bourg conventuel \u00bb originel, en respectant le corps principal et en cr\u00e9ant un complexe d\u2019accueil en parfaite harmonie avec le milieu environnant, ins\u00e9r\u00e9 dans un grand parc avec ses arbres s\u00e9culaires et une magnifique olivaie.  La grande place qui s\u2019ouvre vers le sud est \u00e0 disposition pour des buffets en plein air et des journ\u00e9es de relax, et elle est enrichie par des pr\u00e9cieux \u0153uvres d\u2019art moderne, comme \u00ab La Fontaine de la Paix \u00bb de E. Abbozzo et \u00ab La Colonne du Voyageur \u00bb de A","og_url":"https:\/\/www.parkhotelaicappuccini.it\/fr\/hotel\/parc\/","og_site_name":"Park Hotel Ai Cappuccini","og_image":[{"width":1200,"height":666,"url":"https:\/\/www.parkhotelaicappuccini.it\/wp-content\/uploads\/sites\/385\/2021\/12\/Parco-Acque-6.jpg","type":"image\/jpeg"}],"twitter_card":"summary_large_image","twitter_misc":{"Dur\u00e9e de lecture estim\u00e9e":"1 minute"},"schema":{"@context":"https:\/\/schema.org","@graph":[{"@type":"WebPage","@id":"https:\/\/www.parkhotelaicappuccini.it\/fr\/hotel\/parc\/","url":"https:\/\/www.parkhotelaicappuccini.it\/fr\/hotel\/parc\/","name":"Parc - Park Hotel Ai Cappuccini -","isPartOf":{"@id":"https:\/\/www.parkhotelaicappuccini.it\/fr\/#website"},"datePublished":"2022-01-10T11:11:47+00:00","description":"Le projet pour la r\u00e9novation a voulu prononcer avec emphase le caract\u00e8re d\u2019un \u00ab bourg conventuel \u00bb originel, en respectant le corps principal et en cr\u00e9ant un complexe d\u2019accueil en parfaite harmonie avec le milieu environnant, ins\u00e9r\u00e9 dans un grand parc avec ses arbres s\u00e9culaires et une magnifique olivaie. La grande place qui s\u2019ouvre vers le sud est \u00e0 disposition pour des buffets en plein air et des journ\u00e9es de relax, et elle est enrichie par des pr\u00e9cieux \u0153uvres d\u2019art moderne, comme \u00ab La Fontaine de la Paix \u00bb de E. Abbozzo et \u00ab La Colonne du Voyageur \u00bb de A","breadcrumb":{"@id":"https:\/\/www.parkhotelaicappuccini.it\/fr\/hotel\/parc\/#breadcrumb"},"inLanguage":"fr-FR","potentialAction":[{"@type":"ReadAction","target":["https:\/\/www.parkhotelaicappuccini.it\/fr\/hotel\/parc\/"]}]},{"@type":"BreadcrumbList","@id":"https:\/\/www.parkhotelaicappuccini.it\/fr\/hotel\/parc\/#breadcrumb","itemListElement":[{"@type":"ListItem","position":1,"name":"Home","item":"https:\/\/www.parkhotelaicappuccini.it\/fr\/"},{"@type":"ListItem","position":2,"name":"H\u00f4tel","item":"https:\/\/www.parkhotelaicappuccini.it\/fr\/hotel\/"},{"@type":"ListItem","position":3,"name":"Parc"}]},{"@type":"WebSite","@id":"https:\/\/www.parkhotelaicappuccini.it\/fr\/#website","url":"https:\/\/www.parkhotelaicappuccini.it\/fr\/","name":"Park Hotel Ai Cappuccini","description":"Just another ms.decms.eu site","potentialAction":[{"@type":"SearchAction","target":{"@type":"EntryPoint","urlTemplate":"https:\/\/www.parkhotelaicappuccini.it\/fr\/?s={search_term_string}"},"query-input":{"@type":"PropertyValueSpecification","valueRequired":true,"valueName":"search_term_string"}}],"inLanguage":"fr-FR"}]}},"acf":[],"_links":{"self":[{"href":"https:\/\/www.parkhotelaicappuccini.it\/fr\/wp-json\/wp\/v2\/pages\/1287","targetHints":{"allow":["GET"]}}],"collection":[{"href":"https:\/\/www.parkhotelaicappuccini.it\/fr\/wp-json\/wp\/v2\/pages"}],"about":[{"href":"https:\/\/www.parkhotelaicappuccini.it\/fr\/wp-json\/wp\/v2\/types\/page"}],"author":[{"embeddable":true,"href":"https:\/\/www.parkhotelaicappuccini.it\/fr\/wp-json\/wp\/v2\/users\/36"}],"replies":[{"embeddable":true,"href":"https:\/\/www.parkhotelaicappuccini.it\/fr\/wp-json\/wp\/v2\/comments?post=1287"}],"version-history":[{"count":0,"href":"https:\/\/www.parkhotelaicappuccini.it\/fr\/wp-json\/wp\/v2\/pages\/1287\/revisions"}],"up":[{"embeddable":true,"href":"https:\/\/www.parkhotelaicappuccini.it\/fr\/wp-json\/wp\/v2\/pages\/28"}],"wp:attachment":[{"href":"https:\/\/www.parkhotelaicappuccini.it\/fr\/wp-json\/wp\/v2\/media?parent=1287"}],"curies":[{"name":"wp","href":"https:\/\/api.w.org\/{rel}","templated":true}]}}