{"id":1273,"date":"2022-01-10T10:55:31","date_gmt":"2022-01-10T10:55:31","guid":{"rendered":"https:\/\/park-hotel-ai-cappuccini.ms.decms.eu\/?page_id=1273"},"modified":"2022-01-10T10:55:31","modified_gmt":"2022-01-10T10:55:31","slug":"galerie-dart","status":"publish","type":"page","link":"https:\/\/www.parkhotelaicappuccini.it\/fr\/hotel\/galerie-dart\/","title":{"rendered":"Galerie D&rsquo;Art"},"content":{"rendered":"<p>La sensibilit\u00e9 vers l\u2019art de la propri\u00e9t\u00e9 a permis, dans les ann\u00e9es, de cueillir un nombre consid\u00e9rable et tr\u00e8s int\u00e9ressant d\u2019\u0153uvres d\u2019art qui font partie du pr\u00e9cieux ameublement de la structure h\u00f4teli\u00e8re : fresques du XVe si\u00e8cle, toiles de la Renaissance, tapisserie flamandes et meubles unis aux expressions artistiques de l\u2019art contemporain, comme sculptures et manifestes, enrichissent l\u2019aust\u00e8re architecture conventuel.<\/p>\n<p>\u00ab\u00a0<em>Nous vivons dans les sens, au-del\u00e0 des sens le noir insondable, et l\u2019art qui repr\u00e9sente les sens est le meilleur exportateur de la vie, il nous la laisse tol\u00e9rer et aimer\u00a0<\/em>\u00bb Giulio Aristide Sartorio<\/p>\n","protected":false},"excerpt":{"rendered":"<p>La sensibilit\u00e9 vers l\u2019art de la propri\u00e9t\u00e9 a permis, dans les ann\u00e9es, de cueillir un nombre consid\u00e9rable et tr\u00e8s int\u00e9ressant d\u2019\u0153uvres d\u2019art qui font partie du pr\u00e9cieux ameublement de la structure h\u00f4teli\u00e8re : fresques du XVe si\u00e8cle, toiles de la Renaissance, tapisserie flamandes et meubles unis aux expressions artistiques de l\u2019art contemporain, comme sculptures et [&hellip;]<\/p>\n","protected":false},"author":36,"featured_media":0,"parent":28,"menu_order":15,"comment_status":"closed","ping_status":"closed","template":"template-default-2.php","meta":{"footnotes":""},"class_list":["post-1273","page","type-page","status-publish","hentry"],"yoast_head":"<!-- This site is optimized with the Yoast SEO plugin v26.9 - https:\/\/yoast.com\/product\/yoast-seo-wordpress\/ -->\n<title>Galerie D&#039;Art - Park Hotel Ai Cappuccini -<\/title>\n<meta name=\"description\" content=\"La sensibilit\u00e9 vers l\u2019art de la propri\u00e9t\u00e9 a permis, dans les ann\u00e9es, de cueillir un nombre consid\u00e9rable et tr\u00e8s int\u00e9ressant d\u2019\u0153uvres d\u2019art qui font partie du pr\u00e9cieux ameublement de la structure h\u00f4teli\u00e8re : fresques du XVe si\u00e8cle, toiles de la Renaissance, tapisserie flamandes et meubles unis aux expressions artistiques de l\u2019art contemporain, comme sculptures et manifestes, enrichissent l\u2019aust\u00e8re architecture conventuel.  \u00ab\u00a0Nous vivons dans les sens, au-del\u00e0 des sens le noir insondable, et l\u2019art qui repr\u00e9sente les sens est le meilleur exportateur de la vie, il nous la laisse tol\u00e9rer et aimer\u00a0\u00bb Giulio Aristide Sartorio.\" \/>\n<meta name=\"robots\" content=\"index, follow, max-snippet:-1, max-image-preview:large, max-video-preview:-1\" \/>\n<link rel=\"canonical\" href=\"https:\/\/www.parkhotelaicappuccini.it\/fr\/hotel\/galerie-dart\/\" \/>\n<meta property=\"og:locale\" content=\"fr_FR\" \/>\n<meta property=\"og:type\" content=\"article\" \/>\n<meta property=\"og:title\" content=\"Galerie D&#039;Art - Park Hotel Ai Cappuccini -\" \/>\n<meta property=\"og:description\" content=\"La sensibilit\u00e9 vers l\u2019art de la propri\u00e9t\u00e9 a permis, dans les ann\u00e9es, de cueillir un nombre consid\u00e9rable et tr\u00e8s int\u00e9ressant d\u2019\u0153uvres d\u2019art qui font partie du pr\u00e9cieux ameublement de la structure h\u00f4teli\u00e8re : fresques du XVe si\u00e8cle, toiles de la Renaissance, tapisserie flamandes et meubles unis aux expressions artistiques de l\u2019art contemporain, comme sculptures et manifestes, enrichissent l\u2019aust\u00e8re architecture conventuel.  \u00ab\u00a0Nous vivons dans les sens, au-del\u00e0 des sens le noir insondable, et l\u2019art qui repr\u00e9sente les sens est le meilleur exportateur de la vie, il nous la laisse tol\u00e9rer et aimer\u00a0\u00bb Giulio Aristide Sartorio.\" \/>\n<meta property=\"og:url\" content=\"https:\/\/www.parkhotelaicappuccini.it\/fr\/hotel\/galerie-dart\/\" \/>\n<meta property=\"og:site_name\" content=\"Park Hotel Ai Cappuccini\" \/>\n<meta property=\"og:image\" content=\"https:\/\/www.parkhotelaicappuccini.it\/wp-content\/uploads\/sites\/385\/2021\/12\/Parco-Acque-6.jpg\" \/>\n\t<meta property=\"og:image:width\" content=\"1200\" \/>\n\t<meta property=\"og:image:height\" content=\"666\" \/>\n\t<meta property=\"og:image:type\" content=\"image\/jpeg\" \/>\n<meta name=\"twitter:card\" content=\"summary_large_image\" \/>\n<meta name=\"twitter:label1\" content=\"Dur\u00e9e de lecture estim\u00e9e\" \/>\n\t<meta name=\"twitter:data1\" content=\"1 minute\" \/>\n<script type=\"application\/ld+json\" class=\"yoast-schema-graph\">{\"@context\":\"https:\/\/schema.org\",\"@graph\":[{\"@type\":\"WebPage\",\"@id\":\"https:\/\/www.parkhotelaicappuccini.it\/fr\/hotel\/galerie-dart\/\",\"url\":\"https:\/\/www.parkhotelaicappuccini.it\/fr\/hotel\/galerie-dart\/\",\"name\":\"Galerie D'Art - Park Hotel Ai Cappuccini -\",\"isPartOf\":{\"@id\":\"https:\/\/www.parkhotelaicappuccini.it\/fr\/#website\"},\"datePublished\":\"2022-01-10T10:55:31+00:00\",\"description\":\"La sensibilit\u00e9 vers l\u2019art de la propri\u00e9t\u00e9 a permis, dans les ann\u00e9es, de cueillir un nombre consid\u00e9rable et tr\u00e8s int\u00e9ressant d\u2019\u0153uvres d\u2019art qui font partie du pr\u00e9cieux ameublement de la structure h\u00f4teli\u00e8re : fresques du XVe si\u00e8cle, toiles de la Renaissance, tapisserie flamandes et meubles unis aux expressions artistiques de l\u2019art contemporain, comme sculptures et manifestes, enrichissent l\u2019aust\u00e8re architecture conventuel. \u00ab\u00a0Nous vivons dans les sens, au-del\u00e0 des sens le noir insondable, et l\u2019art qui repr\u00e9sente les sens est le meilleur exportateur de la vie, il nous la laisse tol\u00e9rer et aimer\u00a0\u00bb Giulio Aristide Sartorio.\",\"breadcrumb\":{\"@id\":\"https:\/\/www.parkhotelaicappuccini.it\/fr\/hotel\/galerie-dart\/#breadcrumb\"},\"inLanguage\":\"fr-FR\",\"potentialAction\":[{\"@type\":\"ReadAction\",\"target\":[\"https:\/\/www.parkhotelaicappuccini.it\/fr\/hotel\/galerie-dart\/\"]}]},{\"@type\":\"BreadcrumbList\",\"@id\":\"https:\/\/www.parkhotelaicappuccini.it\/fr\/hotel\/galerie-dart\/#breadcrumb\",\"itemListElement\":[{\"@type\":\"ListItem\",\"position\":1,\"name\":\"Home\",\"item\":\"https:\/\/www.parkhotelaicappuccini.it\/fr\/\"},{\"@type\":\"ListItem\",\"position\":2,\"name\":\"H\u00f4tel\",\"item\":\"https:\/\/www.parkhotelaicappuccini.it\/fr\/hotel\/\"},{\"@type\":\"ListItem\",\"position\":3,\"name\":\"Galerie D&rsquo;Art\"}]},{\"@type\":\"WebSite\",\"@id\":\"https:\/\/www.parkhotelaicappuccini.it\/fr\/#website\",\"url\":\"https:\/\/www.parkhotelaicappuccini.it\/fr\/\",\"name\":\"Park Hotel Ai Cappuccini\",\"description\":\"Just another ms.decms.eu site\",\"potentialAction\":[{\"@type\":\"SearchAction\",\"target\":{\"@type\":\"EntryPoint\",\"urlTemplate\":\"https:\/\/www.parkhotelaicappuccini.it\/fr\/?s={search_term_string}\"},\"query-input\":{\"@type\":\"PropertyValueSpecification\",\"valueRequired\":true,\"valueName\":\"search_term_string\"}}],\"inLanguage\":\"fr-FR\"}]}<\/script>\n<!-- \/ Yoast SEO plugin. -->","yoast_head_json":{"title":"Galerie D'Art - Park Hotel Ai Cappuccini -","description":"La sensibilit\u00e9 vers l\u2019art de la propri\u00e9t\u00e9 a permis, dans les ann\u00e9es, de cueillir un nombre consid\u00e9rable et tr\u00e8s int\u00e9ressant d\u2019\u0153uvres d\u2019art qui font partie du pr\u00e9cieux ameublement de la structure h\u00f4teli\u00e8re : fresques du XVe si\u00e8cle, toiles de la Renaissance, tapisserie flamandes et meubles unis aux expressions artistiques de l\u2019art contemporain, comme sculptures et manifestes, enrichissent l\u2019aust\u00e8re architecture conventuel.  \u00ab\u00a0Nous vivons dans les sens, au-del\u00e0 des sens le noir insondable, et l\u2019art qui repr\u00e9sente les sens est le meilleur exportateur de la vie, il nous la laisse tol\u00e9rer et aimer\u00a0\u00bb Giulio Aristide Sartorio.","robots":{"index":"index","follow":"follow","max-snippet":"max-snippet:-1","max-image-preview":"max-image-preview:large","max-video-preview":"max-video-preview:-1"},"canonical":"https:\/\/www.parkhotelaicappuccini.it\/fr\/hotel\/galerie-dart\/","og_locale":"fr_FR","og_type":"article","og_title":"Galerie D'Art - Park Hotel Ai Cappuccini -","og_description":"La sensibilit\u00e9 vers l\u2019art de la propri\u00e9t\u00e9 a permis, dans les ann\u00e9es, de cueillir un nombre consid\u00e9rable et tr\u00e8s int\u00e9ressant d\u2019\u0153uvres d\u2019art qui font partie du pr\u00e9cieux ameublement de la structure h\u00f4teli\u00e8re : fresques du XVe si\u00e8cle, toiles de la Renaissance, tapisserie flamandes et meubles unis aux expressions artistiques de l\u2019art contemporain, comme sculptures et manifestes, enrichissent l\u2019aust\u00e8re architecture conventuel.  \u00ab\u00a0Nous vivons dans les sens, au-del\u00e0 des sens le noir insondable, et l\u2019art qui repr\u00e9sente les sens est le meilleur exportateur de la vie, il nous la laisse tol\u00e9rer et aimer\u00a0\u00bb Giulio Aristide Sartorio.","og_url":"https:\/\/www.parkhotelaicappuccini.it\/fr\/hotel\/galerie-dart\/","og_site_name":"Park Hotel Ai Cappuccini","og_image":[{"width":1200,"height":666,"url":"https:\/\/www.parkhotelaicappuccini.it\/wp-content\/uploads\/sites\/385\/2021\/12\/Parco-Acque-6.jpg","type":"image\/jpeg"}],"twitter_card":"summary_large_image","twitter_misc":{"Dur\u00e9e de lecture estim\u00e9e":"1 minute"},"schema":{"@context":"https:\/\/schema.org","@graph":[{"@type":"WebPage","@id":"https:\/\/www.parkhotelaicappuccini.it\/fr\/hotel\/galerie-dart\/","url":"https:\/\/www.parkhotelaicappuccini.it\/fr\/hotel\/galerie-dart\/","name":"Galerie D'Art - Park Hotel Ai Cappuccini -","isPartOf":{"@id":"https:\/\/www.parkhotelaicappuccini.it\/fr\/#website"},"datePublished":"2022-01-10T10:55:31+00:00","description":"La sensibilit\u00e9 vers l\u2019art de la propri\u00e9t\u00e9 a permis, dans les ann\u00e9es, de cueillir un nombre consid\u00e9rable et tr\u00e8s int\u00e9ressant d\u2019\u0153uvres d\u2019art qui font partie du pr\u00e9cieux ameublement de la structure h\u00f4teli\u00e8re : fresques du XVe si\u00e8cle, toiles de la Renaissance, tapisserie flamandes et meubles unis aux expressions artistiques de l\u2019art contemporain, comme sculptures et manifestes, enrichissent l\u2019aust\u00e8re architecture conventuel. \u00ab\u00a0Nous vivons dans les sens, au-del\u00e0 des sens le noir insondable, et l\u2019art qui repr\u00e9sente les sens est le meilleur exportateur de la vie, il nous la laisse tol\u00e9rer et aimer\u00a0\u00bb Giulio Aristide Sartorio.","breadcrumb":{"@id":"https:\/\/www.parkhotelaicappuccini.it\/fr\/hotel\/galerie-dart\/#breadcrumb"},"inLanguage":"fr-FR","potentialAction":[{"@type":"ReadAction","target":["https:\/\/www.parkhotelaicappuccini.it\/fr\/hotel\/galerie-dart\/"]}]},{"@type":"BreadcrumbList","@id":"https:\/\/www.parkhotelaicappuccini.it\/fr\/hotel\/galerie-dart\/#breadcrumb","itemListElement":[{"@type":"ListItem","position":1,"name":"Home","item":"https:\/\/www.parkhotelaicappuccini.it\/fr\/"},{"@type":"ListItem","position":2,"name":"H\u00f4tel","item":"https:\/\/www.parkhotelaicappuccini.it\/fr\/hotel\/"},{"@type":"ListItem","position":3,"name":"Galerie D&rsquo;Art"}]},{"@type":"WebSite","@id":"https:\/\/www.parkhotelaicappuccini.it\/fr\/#website","url":"https:\/\/www.parkhotelaicappuccini.it\/fr\/","name":"Park Hotel Ai Cappuccini","description":"Just another ms.decms.eu site","potentialAction":[{"@type":"SearchAction","target":{"@type":"EntryPoint","urlTemplate":"https:\/\/www.parkhotelaicappuccini.it\/fr\/?s={search_term_string}"},"query-input":{"@type":"PropertyValueSpecification","valueRequired":true,"valueName":"search_term_string"}}],"inLanguage":"fr-FR"}]}},"acf":[],"_links":{"self":[{"href":"https:\/\/www.parkhotelaicappuccini.it\/fr\/wp-json\/wp\/v2\/pages\/1273","targetHints":{"allow":["GET"]}}],"collection":[{"href":"https:\/\/www.parkhotelaicappuccini.it\/fr\/wp-json\/wp\/v2\/pages"}],"about":[{"href":"https:\/\/www.parkhotelaicappuccini.it\/fr\/wp-json\/wp\/v2\/types\/page"}],"author":[{"embeddable":true,"href":"https:\/\/www.parkhotelaicappuccini.it\/fr\/wp-json\/wp\/v2\/users\/36"}],"replies":[{"embeddable":true,"href":"https:\/\/www.parkhotelaicappuccini.it\/fr\/wp-json\/wp\/v2\/comments?post=1273"}],"version-history":[{"count":0,"href":"https:\/\/www.parkhotelaicappuccini.it\/fr\/wp-json\/wp\/v2\/pages\/1273\/revisions"}],"up":[{"embeddable":true,"href":"https:\/\/www.parkhotelaicappuccini.it\/fr\/wp-json\/wp\/v2\/pages\/28"}],"wp:attachment":[{"href":"https:\/\/www.parkhotelaicappuccini.it\/fr\/wp-json\/wp\/v2\/media?parent=1273"}],"curies":[{"name":"wp","href":"https:\/\/api.w.org\/{rel}","templated":true}]}}