{"id":1267,"date":"2022-01-10T10:48:49","date_gmt":"2022-01-10T10:48:49","guid":{"rendered":"https:\/\/park-hotel-ai-cappuccini.ms.decms.eu\/?page_id=1267"},"modified":"2022-01-10T10:48:49","modified_gmt":"2022-01-10T10:48:49","slug":"lobby-lounge","status":"publish","type":"page","link":"https:\/\/www.parkhotelaicappuccini.it\/fr\/hotel\/lobby-lounge\/","title":{"rendered":"Lobby &#038; Lounge"},"content":{"rendered":"<p>Des grandes espaces de rencontre et de socialit\u00e9 caract\u00e9risent l\u2019int\u00e9rieur du Park H\u00f4tel ai Cappuccini.<\/p>\n<p>Des lieux d\u00e9lassants pour la conversation et r\u00e9chauff\u00e9s par des chemin\u00e9s, des tableaux d\u2019\u00e9poque et des \u0153uvres sign\u00e9es par des artistes italiens comme Giulio Aristide Sartorio, Giuseppe Capogrossi, Arnaldo Pomodoro Milieux \u00e9l\u00e9gants, chambres accueillantes, service impeccable.<\/p>\n<p>Tout cela est le Park H\u00f4tel ai Cappuccini.<\/p>\n<p>Avec quelque chose de plus: des petites attentions qui rendent grand un h\u00f4tel.<\/p>\n","protected":false},"excerpt":{"rendered":"<p>Des grandes espaces de rencontre et de socialit\u00e9 caract\u00e9risent l\u2019int\u00e9rieur du Park H\u00f4tel ai Cappuccini. Des lieux d\u00e9lassants pour la conversation et r\u00e9chauff\u00e9s par des chemin\u00e9s, des tableaux d\u2019\u00e9poque et des \u0153uvres sign\u00e9es par des artistes italiens comme Giulio Aristide Sartorio, Giuseppe Capogrossi, Arnaldo Pomodoro Milieux \u00e9l\u00e9gants, chambres accueillantes, service impeccable. Tout cela est le [&hellip;]<\/p>\n","protected":false},"author":36,"featured_media":0,"parent":28,"menu_order":10,"comment_status":"closed","ping_status":"closed","template":"template-default-2.php","meta":{"footnotes":""},"class_list":["post-1267","page","type-page","status-publish","hentry"],"yoast_head":"<!-- This site is optimized with the Yoast SEO plugin v26.9 - https:\/\/yoast.com\/product\/yoast-seo-wordpress\/ -->\n<title>Lobby &amp; Lounge - Park Hotel Ai Cappuccini -<\/title>\n<meta name=\"description\" content=\"Des grandes espaces de rencontre et de socialit\u00e9 caract\u00e9risent l\u2019int\u00e9rieur du Park H\u00f4tel ai Cappuccini.  Des lieux d\u00e9lassants pour la conversation et r\u00e9chauff\u00e9s par des chemin\u00e9s, des tableaux d\u2019\u00e9poque et des \u0153uvres sign\u00e9es par des artistes italiens comme Giulio Aristide Sartorio, Giuseppe Capogrossi, Arnaldo Pomodoro Milieux \u00e9l\u00e9gants, chambres accueillantes, service impeccable.  Tout cela est le Park H\u00f4tel ai Cappuccini.  Avec quelque chose de plus: des petites attentions qui rendent grand un h\u00f4tel..\" \/>\n<meta name=\"robots\" content=\"index, follow, max-snippet:-1, max-image-preview:large, max-video-preview:-1\" \/>\n<link rel=\"canonical\" href=\"https:\/\/www.parkhotelaicappuccini.it\/fr\/hotel\/lobby-lounge\/\" \/>\n<meta property=\"og:locale\" content=\"fr_FR\" \/>\n<meta property=\"og:type\" content=\"article\" \/>\n<meta property=\"og:title\" content=\"Lobby &amp; Lounge - Park Hotel Ai Cappuccini -\" \/>\n<meta property=\"og:description\" content=\"Des grandes espaces de rencontre et de socialit\u00e9 caract\u00e9risent l\u2019int\u00e9rieur du Park H\u00f4tel ai Cappuccini.  Des lieux d\u00e9lassants pour la conversation et r\u00e9chauff\u00e9s par des chemin\u00e9s, des tableaux d\u2019\u00e9poque et des \u0153uvres sign\u00e9es par des artistes italiens comme Giulio Aristide Sartorio, Giuseppe Capogrossi, Arnaldo Pomodoro Milieux \u00e9l\u00e9gants, chambres accueillantes, service impeccable.  Tout cela est le Park H\u00f4tel ai Cappuccini.  Avec quelque chose de plus: des petites attentions qui rendent grand un h\u00f4tel..\" \/>\n<meta property=\"og:url\" content=\"https:\/\/www.parkhotelaicappuccini.it\/fr\/hotel\/lobby-lounge\/\" \/>\n<meta property=\"og:site_name\" content=\"Park Hotel Ai Cappuccini\" \/>\n<meta property=\"og:image\" content=\"https:\/\/www.parkhotelaicappuccini.it\/wp-content\/uploads\/sites\/385\/2021\/12\/Parco-Acque-6.jpg\" \/>\n\t<meta property=\"og:image:width\" content=\"1200\" \/>\n\t<meta property=\"og:image:height\" content=\"666\" \/>\n\t<meta property=\"og:image:type\" content=\"image\/jpeg\" \/>\n<meta name=\"twitter:card\" content=\"summary_large_image\" \/>\n<meta name=\"twitter:label1\" content=\"Dur\u00e9e de lecture estim\u00e9e\" \/>\n\t<meta name=\"twitter:data1\" content=\"1 minute\" \/>\n<script type=\"application\/ld+json\" class=\"yoast-schema-graph\">{\"@context\":\"https:\/\/schema.org\",\"@graph\":[{\"@type\":\"WebPage\",\"@id\":\"https:\/\/www.parkhotelaicappuccini.it\/fr\/hotel\/lobby-lounge\/\",\"url\":\"https:\/\/www.parkhotelaicappuccini.it\/fr\/hotel\/lobby-lounge\/\",\"name\":\"Lobby & Lounge - Park Hotel Ai Cappuccini -\",\"isPartOf\":{\"@id\":\"https:\/\/www.parkhotelaicappuccini.it\/fr\/#website\"},\"datePublished\":\"2022-01-10T10:48:49+00:00\",\"description\":\"Des grandes espaces de rencontre et de socialit\u00e9 caract\u00e9risent l\u2019int\u00e9rieur du Park H\u00f4tel ai Cappuccini. Des lieux d\u00e9lassants pour la conversation et r\u00e9chauff\u00e9s par des chemin\u00e9s, des tableaux d\u2019\u00e9poque et des \u0153uvres sign\u00e9es par des artistes italiens comme Giulio Aristide Sartorio, Giuseppe Capogrossi, Arnaldo Pomodoro Milieux \u00e9l\u00e9gants, chambres accueillantes, service impeccable. Tout cela est le Park H\u00f4tel ai Cappuccini. Avec quelque chose de plus: des petites attentions qui rendent grand un h\u00f4tel..\",\"breadcrumb\":{\"@id\":\"https:\/\/www.parkhotelaicappuccini.it\/fr\/hotel\/lobby-lounge\/#breadcrumb\"},\"inLanguage\":\"fr-FR\",\"potentialAction\":[{\"@type\":\"ReadAction\",\"target\":[\"https:\/\/www.parkhotelaicappuccini.it\/fr\/hotel\/lobby-lounge\/\"]}]},{\"@type\":\"BreadcrumbList\",\"@id\":\"https:\/\/www.parkhotelaicappuccini.it\/fr\/hotel\/lobby-lounge\/#breadcrumb\",\"itemListElement\":[{\"@type\":\"ListItem\",\"position\":1,\"name\":\"Home\",\"item\":\"https:\/\/www.parkhotelaicappuccini.it\/fr\/\"},{\"@type\":\"ListItem\",\"position\":2,\"name\":\"H\u00f4tel\",\"item\":\"https:\/\/www.parkhotelaicappuccini.it\/fr\/hotel\/\"},{\"@type\":\"ListItem\",\"position\":3,\"name\":\"Lobby &#038; Lounge\"}]},{\"@type\":\"WebSite\",\"@id\":\"https:\/\/www.parkhotelaicappuccini.it\/fr\/#website\",\"url\":\"https:\/\/www.parkhotelaicappuccini.it\/fr\/\",\"name\":\"Park Hotel Ai Cappuccini\",\"description\":\"Just another ms.decms.eu site\",\"potentialAction\":[{\"@type\":\"SearchAction\",\"target\":{\"@type\":\"EntryPoint\",\"urlTemplate\":\"https:\/\/www.parkhotelaicappuccini.it\/fr\/?s={search_term_string}\"},\"query-input\":{\"@type\":\"PropertyValueSpecification\",\"valueRequired\":true,\"valueName\":\"search_term_string\"}}],\"inLanguage\":\"fr-FR\"}]}<\/script>\n<!-- \/ Yoast SEO plugin. -->","yoast_head_json":{"title":"Lobby & Lounge - Park Hotel Ai Cappuccini -","description":"Des grandes espaces de rencontre et de socialit\u00e9 caract\u00e9risent l\u2019int\u00e9rieur du Park H\u00f4tel ai Cappuccini.  Des lieux d\u00e9lassants pour la conversation et r\u00e9chauff\u00e9s par des chemin\u00e9s, des tableaux d\u2019\u00e9poque et des \u0153uvres sign\u00e9es par des artistes italiens comme Giulio Aristide Sartorio, Giuseppe Capogrossi, Arnaldo Pomodoro Milieux \u00e9l\u00e9gants, chambres accueillantes, service impeccable.  Tout cela est le Park H\u00f4tel ai Cappuccini.  Avec quelque chose de plus: des petites attentions qui rendent grand un h\u00f4tel..","robots":{"index":"index","follow":"follow","max-snippet":"max-snippet:-1","max-image-preview":"max-image-preview:large","max-video-preview":"max-video-preview:-1"},"canonical":"https:\/\/www.parkhotelaicappuccini.it\/fr\/hotel\/lobby-lounge\/","og_locale":"fr_FR","og_type":"article","og_title":"Lobby & Lounge - Park Hotel Ai Cappuccini -","og_description":"Des grandes espaces de rencontre et de socialit\u00e9 caract\u00e9risent l\u2019int\u00e9rieur du Park H\u00f4tel ai Cappuccini.  Des lieux d\u00e9lassants pour la conversation et r\u00e9chauff\u00e9s par des chemin\u00e9s, des tableaux d\u2019\u00e9poque et des \u0153uvres sign\u00e9es par des artistes italiens comme Giulio Aristide Sartorio, Giuseppe Capogrossi, Arnaldo Pomodoro Milieux \u00e9l\u00e9gants, chambres accueillantes, service impeccable.  Tout cela est le Park H\u00f4tel ai Cappuccini.  Avec quelque chose de plus: des petites attentions qui rendent grand un h\u00f4tel..","og_url":"https:\/\/www.parkhotelaicappuccini.it\/fr\/hotel\/lobby-lounge\/","og_site_name":"Park Hotel Ai Cappuccini","og_image":[{"width":1200,"height":666,"url":"https:\/\/www.parkhotelaicappuccini.it\/wp-content\/uploads\/sites\/385\/2021\/12\/Parco-Acque-6.jpg","type":"image\/jpeg"}],"twitter_card":"summary_large_image","twitter_misc":{"Dur\u00e9e de lecture estim\u00e9e":"1 minute"},"schema":{"@context":"https:\/\/schema.org","@graph":[{"@type":"WebPage","@id":"https:\/\/www.parkhotelaicappuccini.it\/fr\/hotel\/lobby-lounge\/","url":"https:\/\/www.parkhotelaicappuccini.it\/fr\/hotel\/lobby-lounge\/","name":"Lobby & Lounge - Park Hotel Ai Cappuccini -","isPartOf":{"@id":"https:\/\/www.parkhotelaicappuccini.it\/fr\/#website"},"datePublished":"2022-01-10T10:48:49+00:00","description":"Des grandes espaces de rencontre et de socialit\u00e9 caract\u00e9risent l\u2019int\u00e9rieur du Park H\u00f4tel ai Cappuccini. Des lieux d\u00e9lassants pour la conversation et r\u00e9chauff\u00e9s par des chemin\u00e9s, des tableaux d\u2019\u00e9poque et des \u0153uvres sign\u00e9es par des artistes italiens comme Giulio Aristide Sartorio, Giuseppe Capogrossi, Arnaldo Pomodoro Milieux \u00e9l\u00e9gants, chambres accueillantes, service impeccable. Tout cela est le Park H\u00f4tel ai Cappuccini. Avec quelque chose de plus: des petites attentions qui rendent grand un h\u00f4tel..","breadcrumb":{"@id":"https:\/\/www.parkhotelaicappuccini.it\/fr\/hotel\/lobby-lounge\/#breadcrumb"},"inLanguage":"fr-FR","potentialAction":[{"@type":"ReadAction","target":["https:\/\/www.parkhotelaicappuccini.it\/fr\/hotel\/lobby-lounge\/"]}]},{"@type":"BreadcrumbList","@id":"https:\/\/www.parkhotelaicappuccini.it\/fr\/hotel\/lobby-lounge\/#breadcrumb","itemListElement":[{"@type":"ListItem","position":1,"name":"Home","item":"https:\/\/www.parkhotelaicappuccini.it\/fr\/"},{"@type":"ListItem","position":2,"name":"H\u00f4tel","item":"https:\/\/www.parkhotelaicappuccini.it\/fr\/hotel\/"},{"@type":"ListItem","position":3,"name":"Lobby &#038; Lounge"}]},{"@type":"WebSite","@id":"https:\/\/www.parkhotelaicappuccini.it\/fr\/#website","url":"https:\/\/www.parkhotelaicappuccini.it\/fr\/","name":"Park Hotel Ai Cappuccini","description":"Just another ms.decms.eu site","potentialAction":[{"@type":"SearchAction","target":{"@type":"EntryPoint","urlTemplate":"https:\/\/www.parkhotelaicappuccini.it\/fr\/?s={search_term_string}"},"query-input":{"@type":"PropertyValueSpecification","valueRequired":true,"valueName":"search_term_string"}}],"inLanguage":"fr-FR"}]}},"acf":[],"_links":{"self":[{"href":"https:\/\/www.parkhotelaicappuccini.it\/fr\/wp-json\/wp\/v2\/pages\/1267","targetHints":{"allow":["GET"]}}],"collection":[{"href":"https:\/\/www.parkhotelaicappuccini.it\/fr\/wp-json\/wp\/v2\/pages"}],"about":[{"href":"https:\/\/www.parkhotelaicappuccini.it\/fr\/wp-json\/wp\/v2\/types\/page"}],"author":[{"embeddable":true,"href":"https:\/\/www.parkhotelaicappuccini.it\/fr\/wp-json\/wp\/v2\/users\/36"}],"replies":[{"embeddable":true,"href":"https:\/\/www.parkhotelaicappuccini.it\/fr\/wp-json\/wp\/v2\/comments?post=1267"}],"version-history":[{"count":0,"href":"https:\/\/www.parkhotelaicappuccini.it\/fr\/wp-json\/wp\/v2\/pages\/1267\/revisions"}],"up":[{"embeddable":true,"href":"https:\/\/www.parkhotelaicappuccini.it\/fr\/wp-json\/wp\/v2\/pages\/28"}],"wp:attachment":[{"href":"https:\/\/www.parkhotelaicappuccini.it\/fr\/wp-json\/wp\/v2\/media?parent=1267"}],"curies":[{"name":"wp","href":"https:\/\/api.w.org\/{rel}","templated":true}]}}