{"id":116,"date":"2021-12-15T09:53:15","date_gmt":"2021-12-15T09:53:15","guid":{"rendered":"https:\/\/park-hotel-ai-cappuccini.ms.decms.eu\/?page_id=116"},"modified":"2025-11-26T08:53:53","modified_gmt":"2025-11-26T08:53:53","slug":"deluxe-double","status":"publish","type":"page","link":"https:\/\/www.parkhotelaicappuccini.it\/fr\/chambres\/deluxe-double\/","title":{"rendered":"Deluxe Double"},"content":{"rendered":"<p>Chambre de luxe situ\u00e9e dans la partie ancienne de l&rsquo;ancien couvent ou dans la nouvelle partie astucieusement construite de l&rsquo;h\u00f4tel avec un mobilier contemporain et ancien.<\/p>\n<p>24\/32 sqm.<\/p>\n<p><strong>Occupation maximum<\/strong><br \/>\n2 personnes (2 adultes, 1 enfant)<\/p>\n<p><strong>\u00c9quipements num\u00e9riques<\/strong><br \/>\nVideo Payante, T\u00e9l\u00e9vision par satellite, T\u00e9l\u00e9vision, Radio, T\u00e9l\u00e9vision LCD, WiFi Gratuit, Acc\u00e8s gratuit \u00e0 internet<\/p>\n<p><strong>Pour votre confort<\/strong><br \/>\nConfort suppl\u00e9mentaire pour VIP, Parking, Fer et table \u00e0 repasser (sur demande), Bureau de travail, Chaussons, Parquet, Animaux domestiques admis, In Room Safe, Non-smoking rooms available, Smoking rooms available<\/p>\n<p><strong>Literie au choix<\/strong><br \/>\nDouble<\/p>\n","protected":false},"excerpt":{"rendered":"<p>Chambre de luxe situ\u00e9e dans la partie ancienne de l&rsquo;ancien couvent ou dans la nouvelle partie astucieusement construite de l&rsquo;h\u00f4tel avec un mobilier contemporain et ancien. 24\/32 sqm. Occupation maximum 2 personnes (2 adultes, 1 enfant) \u00c9quipements num\u00e9riques Video Payante, T\u00e9l\u00e9vision par satellite, T\u00e9l\u00e9vision, Radio, T\u00e9l\u00e9vision LCD, WiFi Gratuit, Acc\u00e8s gratuit \u00e0 internet Pour votre [&hellip;]<\/p>\n","protected":false},"author":36,"featured_media":0,"parent":43,"menu_order":25,"comment_status":"closed","ping_status":"closed","template":"template-single-room.php","meta":{"footnotes":""},"class_list":["post-116","page","type-page","status-publish","hentry"],"yoast_head":"<!-- This site is optimized with the Yoast SEO plugin v26.9 - https:\/\/yoast.com\/product\/yoast-seo-wordpress\/ -->\n<title>Deluxe Double - Park Hotel Ai Cappuccini -<\/title>\n<meta name=\"description\" content=\"Chambre de luxe situ\u00e9e dans la partie ancienne de l&#039;ancien couvent ou dans la nouvelle partie astucieusement construite de l&#039;h\u00f4tel avec un mobilier contemporain et ancien.  24\/32 sqm.  Occupation maximum 2 personnes (2 adultes, 1 enfant)  \u00c9quipements num\u00e9riques Video Payante, T\u00e9l\u00e9vision par satellite, T\u00e9l\u00e9vision, Radio, T\u00e9l\u00e9vision LCD, WiFi Gratuit, Acc\u00e8s gratuit \u00e0 internet  Pour votre confort Confort suppl\u00e9mentaire pour VIP, Parking, Fer et table \u00e0 repasser (sur demande), Bureau de travail, Chaussons, Parquet, Animaux domestiques admis, In Room Safe, Non-smoking rooms available, Smoking rooms available  Literie au choix Double.\" \/>\n<meta name=\"robots\" content=\"index, follow, max-snippet:-1, max-image-preview:large, max-video-preview:-1\" \/>\n<link rel=\"canonical\" href=\"https:\/\/www.parkhotelaicappuccini.it\/fr\/chambres\/deluxe-double\/\" \/>\n<meta property=\"og:locale\" content=\"fr_FR\" \/>\n<meta property=\"og:type\" content=\"article\" \/>\n<meta property=\"og:title\" content=\"Deluxe Double - Park Hotel Ai Cappuccini -\" \/>\n<meta property=\"og:description\" content=\"Chambre de luxe situ\u00e9e dans la partie ancienne de l&#039;ancien couvent ou dans la nouvelle partie astucieusement construite de l&#039;h\u00f4tel avec un mobilier contemporain et ancien.  24\/32 sqm.  Occupation maximum 2 personnes (2 adultes, 1 enfant)  \u00c9quipements num\u00e9riques Video Payante, T\u00e9l\u00e9vision par satellite, T\u00e9l\u00e9vision, Radio, T\u00e9l\u00e9vision LCD, WiFi Gratuit, Acc\u00e8s gratuit \u00e0 internet  Pour votre confort Confort suppl\u00e9mentaire pour VIP, Parking, Fer et table \u00e0 repasser (sur demande), Bureau de travail, Chaussons, Parquet, Animaux domestiques admis, In Room Safe, Non-smoking rooms available, Smoking rooms available  Literie au choix Double.\" \/>\n<meta property=\"og:url\" content=\"https:\/\/www.parkhotelaicappuccini.it\/fr\/chambres\/deluxe-double\/\" \/>\n<meta property=\"og:site_name\" content=\"Park Hotel Ai Cappuccini\" \/>\n<meta property=\"article:modified_time\" content=\"2025-11-26T08:53:53+00:00\" \/>\n<meta property=\"og:image\" content=\"https:\/\/www.parkhotelaicappuccini.it\/wp-content\/uploads\/sites\/385\/2021\/12\/Parco-Acque-6.jpg\" \/>\n\t<meta property=\"og:image:width\" content=\"1200\" \/>\n\t<meta property=\"og:image:height\" content=\"666\" \/>\n\t<meta property=\"og:image:type\" content=\"image\/jpeg\" \/>\n<meta name=\"twitter:card\" content=\"summary_large_image\" \/>\n<meta name=\"twitter:label1\" content=\"Dur\u00e9e de lecture estim\u00e9e\" \/>\n\t<meta name=\"twitter:data1\" content=\"1 minute\" \/>\n<script type=\"application\/ld+json\" class=\"yoast-schema-graph\">{\"@context\":\"https:\/\/schema.org\",\"@graph\":[{\"@type\":\"WebPage\",\"@id\":\"https:\/\/www.parkhotelaicappuccini.it\/fr\/chambres\/deluxe-double\/\",\"url\":\"https:\/\/www.parkhotelaicappuccini.it\/fr\/chambres\/deluxe-double\/\",\"name\":\"Deluxe Double - Park Hotel Ai Cappuccini -\",\"isPartOf\":{\"@id\":\"https:\/\/www.parkhotelaicappuccini.it\/fr\/#website\"},\"datePublished\":\"2021-12-15T09:53:15+00:00\",\"dateModified\":\"2025-11-26T08:53:53+00:00\",\"description\":\"Chambre de luxe situ\u00e9e dans la partie ancienne de l'ancien couvent ou dans la nouvelle partie astucieusement construite de l'h\u00f4tel avec un mobilier contemporain et ancien. 24\/32 sqm. Occupation maximum 2 personnes (2 adultes, 1 enfant) \u00c9quipements num\u00e9riques Video Payante, T\u00e9l\u00e9vision par satellite, T\u00e9l\u00e9vision, Radio, T\u00e9l\u00e9vision LCD, WiFi Gratuit, Acc\u00e8s gratuit \u00e0 internet Pour votre confort Confort suppl\u00e9mentaire pour VIP, Parking, Fer et table \u00e0 repasser (sur demande), Bureau de travail, Chaussons, Parquet, Animaux domestiques admis, In Room Safe, Non-smoking rooms available, Smoking rooms available Literie au choix Double.\",\"breadcrumb\":{\"@id\":\"https:\/\/www.parkhotelaicappuccini.it\/fr\/chambres\/deluxe-double\/#breadcrumb\"},\"inLanguage\":\"fr-FR\",\"potentialAction\":[{\"@type\":\"ReadAction\",\"target\":[\"https:\/\/www.parkhotelaicappuccini.it\/fr\/chambres\/deluxe-double\/\"]}]},{\"@type\":\"BreadcrumbList\",\"@id\":\"https:\/\/www.parkhotelaicappuccini.it\/fr\/chambres\/deluxe-double\/#breadcrumb\",\"itemListElement\":[{\"@type\":\"ListItem\",\"position\":1,\"name\":\"Home\",\"item\":\"https:\/\/www.parkhotelaicappuccini.it\/fr\/\"},{\"@type\":\"ListItem\",\"position\":2,\"name\":\"Chambres\",\"item\":\"https:\/\/www.parkhotelaicappuccini.it\/fr\/chambres\/\"},{\"@type\":\"ListItem\",\"position\":3,\"name\":\"Deluxe Double\"}]},{\"@type\":\"WebSite\",\"@id\":\"https:\/\/www.parkhotelaicappuccini.it\/fr\/#website\",\"url\":\"https:\/\/www.parkhotelaicappuccini.it\/fr\/\",\"name\":\"Park Hotel Ai Cappuccini\",\"description\":\"Just another ms.decms.eu site\",\"potentialAction\":[{\"@type\":\"SearchAction\",\"target\":{\"@type\":\"EntryPoint\",\"urlTemplate\":\"https:\/\/www.parkhotelaicappuccini.it\/fr\/?s={search_term_string}\"},\"query-input\":{\"@type\":\"PropertyValueSpecification\",\"valueRequired\":true,\"valueName\":\"search_term_string\"}}],\"inLanguage\":\"fr-FR\"}]}<\/script>\n<!-- \/ Yoast SEO plugin. -->","yoast_head_json":{"title":"Deluxe Double - Park Hotel Ai Cappuccini -","description":"Chambre de luxe situ\u00e9e dans la partie ancienne de l'ancien couvent ou dans la nouvelle partie astucieusement construite de l'h\u00f4tel avec un mobilier contemporain et ancien.  24\/32 sqm.  Occupation maximum 2 personnes (2 adultes, 1 enfant)  \u00c9quipements num\u00e9riques Video Payante, T\u00e9l\u00e9vision par satellite, T\u00e9l\u00e9vision, Radio, T\u00e9l\u00e9vision LCD, WiFi Gratuit, Acc\u00e8s gratuit \u00e0 internet  Pour votre confort Confort suppl\u00e9mentaire pour VIP, Parking, Fer et table \u00e0 repasser (sur demande), Bureau de travail, Chaussons, Parquet, Animaux domestiques admis, In Room Safe, Non-smoking rooms available, Smoking rooms available  Literie au choix Double.","robots":{"index":"index","follow":"follow","max-snippet":"max-snippet:-1","max-image-preview":"max-image-preview:large","max-video-preview":"max-video-preview:-1"},"canonical":"https:\/\/www.parkhotelaicappuccini.it\/fr\/chambres\/deluxe-double\/","og_locale":"fr_FR","og_type":"article","og_title":"Deluxe Double - Park Hotel Ai Cappuccini -","og_description":"Chambre de luxe situ\u00e9e dans la partie ancienne de l'ancien couvent ou dans la nouvelle partie astucieusement construite de l'h\u00f4tel avec un mobilier contemporain et ancien.  24\/32 sqm.  Occupation maximum 2 personnes (2 adultes, 1 enfant)  \u00c9quipements num\u00e9riques Video Payante, T\u00e9l\u00e9vision par satellite, T\u00e9l\u00e9vision, Radio, T\u00e9l\u00e9vision LCD, WiFi Gratuit, Acc\u00e8s gratuit \u00e0 internet  Pour votre confort Confort suppl\u00e9mentaire pour VIP, Parking, Fer et table \u00e0 repasser (sur demande), Bureau de travail, Chaussons, Parquet, Animaux domestiques admis, In Room Safe, Non-smoking rooms available, Smoking rooms available  Literie au choix Double.","og_url":"https:\/\/www.parkhotelaicappuccini.it\/fr\/chambres\/deluxe-double\/","og_site_name":"Park Hotel Ai Cappuccini","article_modified_time":"2025-11-26T08:53:53+00:00","og_image":[{"width":1200,"height":666,"url":"https:\/\/www.parkhotelaicappuccini.it\/wp-content\/uploads\/sites\/385\/2021\/12\/Parco-Acque-6.jpg","type":"image\/jpeg"}],"twitter_card":"summary_large_image","twitter_misc":{"Dur\u00e9e de lecture estim\u00e9e":"1 minute"},"schema":{"@context":"https:\/\/schema.org","@graph":[{"@type":"WebPage","@id":"https:\/\/www.parkhotelaicappuccini.it\/fr\/chambres\/deluxe-double\/","url":"https:\/\/www.parkhotelaicappuccini.it\/fr\/chambres\/deluxe-double\/","name":"Deluxe Double - Park Hotel Ai Cappuccini -","isPartOf":{"@id":"https:\/\/www.parkhotelaicappuccini.it\/fr\/#website"},"datePublished":"2021-12-15T09:53:15+00:00","dateModified":"2025-11-26T08:53:53+00:00","description":"Chambre de luxe situ\u00e9e dans la partie ancienne de l'ancien couvent ou dans la nouvelle partie astucieusement construite de l'h\u00f4tel avec un mobilier contemporain et ancien. 24\/32 sqm. Occupation maximum 2 personnes (2 adultes, 1 enfant) \u00c9quipements num\u00e9riques Video Payante, T\u00e9l\u00e9vision par satellite, T\u00e9l\u00e9vision, Radio, T\u00e9l\u00e9vision LCD, WiFi Gratuit, Acc\u00e8s gratuit \u00e0 internet Pour votre confort Confort suppl\u00e9mentaire pour VIP, Parking, Fer et table \u00e0 repasser (sur demande), Bureau de travail, Chaussons, Parquet, Animaux domestiques admis, In Room Safe, Non-smoking rooms available, Smoking rooms available Literie au choix Double.","breadcrumb":{"@id":"https:\/\/www.parkhotelaicappuccini.it\/fr\/chambres\/deluxe-double\/#breadcrumb"},"inLanguage":"fr-FR","potentialAction":[{"@type":"ReadAction","target":["https:\/\/www.parkhotelaicappuccini.it\/fr\/chambres\/deluxe-double\/"]}]},{"@type":"BreadcrumbList","@id":"https:\/\/www.parkhotelaicappuccini.it\/fr\/chambres\/deluxe-double\/#breadcrumb","itemListElement":[{"@type":"ListItem","position":1,"name":"Home","item":"https:\/\/www.parkhotelaicappuccini.it\/fr\/"},{"@type":"ListItem","position":2,"name":"Chambres","item":"https:\/\/www.parkhotelaicappuccini.it\/fr\/chambres\/"},{"@type":"ListItem","position":3,"name":"Deluxe Double"}]},{"@type":"WebSite","@id":"https:\/\/www.parkhotelaicappuccini.it\/fr\/#website","url":"https:\/\/www.parkhotelaicappuccini.it\/fr\/","name":"Park Hotel Ai Cappuccini","description":"Just another ms.decms.eu site","potentialAction":[{"@type":"SearchAction","target":{"@type":"EntryPoint","urlTemplate":"https:\/\/www.parkhotelaicappuccini.it\/fr\/?s={search_term_string}"},"query-input":{"@type":"PropertyValueSpecification","valueRequired":true,"valueName":"search_term_string"}}],"inLanguage":"fr-FR"}]}},"acf":[],"_links":{"self":[{"href":"https:\/\/www.parkhotelaicappuccini.it\/fr\/wp-json\/wp\/v2\/pages\/116","targetHints":{"allow":["GET"]}}],"collection":[{"href":"https:\/\/www.parkhotelaicappuccini.it\/fr\/wp-json\/wp\/v2\/pages"}],"about":[{"href":"https:\/\/www.parkhotelaicappuccini.it\/fr\/wp-json\/wp\/v2\/types\/page"}],"author":[{"embeddable":true,"href":"https:\/\/www.parkhotelaicappuccini.it\/fr\/wp-json\/wp\/v2\/users\/36"}],"replies":[{"embeddable":true,"href":"https:\/\/www.parkhotelaicappuccini.it\/fr\/wp-json\/wp\/v2\/comments?post=116"}],"version-history":[{"count":0,"href":"https:\/\/www.parkhotelaicappuccini.it\/fr\/wp-json\/wp\/v2\/pages\/116\/revisions"}],"up":[{"embeddable":true,"href":"https:\/\/www.parkhotelaicappuccini.it\/fr\/wp-json\/wp\/v2\/pages\/43"}],"wp:attachment":[{"href":"https:\/\/www.parkhotelaicappuccini.it\/fr\/wp-json\/wp\/v2\/media?parent=116"}],"curies":[{"name":"wp","href":"https:\/\/api.w.org\/{rel}","templated":true}]}}