{"id":91,"date":"2021-12-14T16:21:19","date_gmt":"2021-12-14T16:21:19","guid":{"rendered":"https:\/\/park-hotel-ai-cappuccini.ms.decms.eu\/?page_id=91"},"modified":"2022-12-07T11:32:05","modified_gmt":"2022-12-07T11:32:05","slug":"monasticum-doble","status":"publish","type":"page","link":"https:\/\/www.parkhotelaicappuccini.it\/es\/habitaciones\/monasticum-doble\/","title":{"rendered":"Monasticum Doble"},"content":{"rendered":"<p>Habitaci\u00f3n amueblada de forma tradicional situada en la parte antigua del convento con vistas al claustro.<\/p>\n<p>17\/20 sqm<\/p>\n<p><strong>Capacidad<\/strong><br \/>\n2 personas (2 adultos, 1 ni\u00f1o)<\/p>\n<p><strong>Equipos num\u00e9ricos<\/strong><br \/>\nTV de pago, TV v\u00eda sat\u00e9lite, TV, Radio, LCD TV, WiFi, WiFi Gratuito, Acceso a internet gratuito<\/p>\n<p><strong>Opciones de alojamiento<\/strong><br \/>\nDouble<\/p>\n<p><strong>Cuarto de ba\u00f1o<\/strong><br \/>\nSecador de pelo, Ba\u00f1o privado, Bid\u00e9, Ducha<\/p>\n","protected":false},"excerpt":{"rendered":"<p>Habitaci\u00f3n amueblada de forma tradicional situada en la parte antigua del convento con vistas al claustro. 17\/20 sqm Capacidad 2 personas (2 adultos, 1 ni\u00f1o) Equipos num\u00e9ricos TV de pago, TV v\u00eda sat\u00e9lite, TV, Radio, LCD TV, WiFi, WiFi Gratuito, Acceso a internet gratuito Opciones de alojamiento Double Cuarto de ba\u00f1o Secador de pelo, Ba\u00f1o [&hellip;]<\/p>\n","protected":false},"author":36,"featured_media":0,"parent":46,"menu_order":15,"comment_status":"closed","ping_status":"closed","template":"template-single-room.php","meta":{"footnotes":""},"class_list":["post-91","page","type-page","status-publish","hentry"],"yoast_head":"<!-- This site is optimized with the Yoast SEO plugin v26.9 - https:\/\/yoast.com\/product\/yoast-seo-wordpress\/ -->\n<title>Monasticum Doble - Park Hotel Ai Cappuccini -<\/title>\n<meta name=\"description\" content=\"Habitaci\u00f3n amueblada de forma tradicional situada en la parte antigua del convento con vistas al claustro.  17\/20 sqm  Capacidad 2 personas (2 adultos, 1 ni\u00f1o)  Equipos num\u00e9ricos TV de pago, TV v\u00eda sat\u00e9lite, TV, Radio, LCD TV, WiFi, WiFi Gratuito, Acceso a internet gratuito  Opciones de alojamiento Double  Cuarto de ba\u00f1o Secador de pelo, Ba\u00f1o privado, Bid\u00e9, Ducha.\" \/>\n<meta name=\"robots\" content=\"index, follow, max-snippet:-1, max-image-preview:large, max-video-preview:-1\" \/>\n<link rel=\"canonical\" href=\"https:\/\/www.parkhotelaicappuccini.it\/es\/habitaciones\/monasticum-doble\/\" \/>\n<meta property=\"og:locale\" content=\"es_ES\" \/>\n<meta property=\"og:type\" content=\"article\" \/>\n<meta property=\"og:title\" content=\"Monasticum Doble - Park Hotel Ai Cappuccini -\" \/>\n<meta property=\"og:description\" content=\"Habitaci\u00f3n amueblada de forma tradicional situada en la parte antigua del convento con vistas al claustro.  17\/20 sqm  Capacidad 2 personas (2 adultos, 1 ni\u00f1o)  Equipos num\u00e9ricos TV de pago, TV v\u00eda sat\u00e9lite, TV, Radio, LCD TV, WiFi, WiFi Gratuito, Acceso a internet gratuito  Opciones de alojamiento Double  Cuarto de ba\u00f1o Secador de pelo, Ba\u00f1o privado, Bid\u00e9, Ducha.\" \/>\n<meta property=\"og:url\" content=\"https:\/\/www.parkhotelaicappuccini.it\/es\/habitaciones\/monasticum-doble\/\" \/>\n<meta property=\"og:site_name\" content=\"Park Hotel Ai Cappuccini\" \/>\n<meta property=\"article:modified_time\" content=\"2022-12-07T11:32:05+00:00\" \/>\n<meta property=\"og:image\" content=\"https:\/\/www.parkhotelaicappuccini.it\/wp-content\/uploads\/sites\/385\/2021\/12\/Parco-Acque-6.jpg\" \/>\n\t<meta property=\"og:image:width\" content=\"1200\" \/>\n\t<meta property=\"og:image:height\" content=\"666\" \/>\n\t<meta property=\"og:image:type\" content=\"image\/jpeg\" \/>\n<meta name=\"twitter:card\" content=\"summary_large_image\" \/>\n<meta name=\"twitter:label1\" content=\"Tiempo de lectura\" \/>\n\t<meta name=\"twitter:data1\" content=\"1 minuto\" \/>\n<script type=\"application\/ld+json\" class=\"yoast-schema-graph\">{\"@context\":\"https:\/\/schema.org\",\"@graph\":[{\"@type\":\"WebPage\",\"@id\":\"https:\/\/www.parkhotelaicappuccini.it\/es\/habitaciones\/monasticum-doble\/\",\"url\":\"https:\/\/www.parkhotelaicappuccini.it\/es\/habitaciones\/monasticum-doble\/\",\"name\":\"Monasticum Doble - Park Hotel Ai Cappuccini -\",\"isPartOf\":{\"@id\":\"https:\/\/www.parkhotelaicappuccini.it\/es\/#website\"},\"datePublished\":\"2021-12-14T16:21:19+00:00\",\"dateModified\":\"2022-12-07T11:32:05+00:00\",\"description\":\"Habitaci\u00f3n amueblada de forma tradicional situada en la parte antigua del convento con vistas al claustro. 17\/20 sqm Capacidad 2 personas (2 adultos, 1 ni\u00f1o) Equipos num\u00e9ricos TV de pago, TV v\u00eda sat\u00e9lite, TV, Radio, LCD TV, WiFi, WiFi Gratuito, Acceso a internet gratuito Opciones de alojamiento Double Cuarto de ba\u00f1o Secador de pelo, Ba\u00f1o privado, Bid\u00e9, Ducha.\",\"breadcrumb\":{\"@id\":\"https:\/\/www.parkhotelaicappuccini.it\/es\/habitaciones\/monasticum-doble\/#breadcrumb\"},\"inLanguage\":\"es\",\"potentialAction\":[{\"@type\":\"ReadAction\",\"target\":[\"https:\/\/www.parkhotelaicappuccini.it\/es\/habitaciones\/monasticum-doble\/\"]}]},{\"@type\":\"BreadcrumbList\",\"@id\":\"https:\/\/www.parkhotelaicappuccini.it\/es\/habitaciones\/monasticum-doble\/#breadcrumb\",\"itemListElement\":[{\"@type\":\"ListItem\",\"position\":1,\"name\":\"Home\",\"item\":\"https:\/\/www.parkhotelaicappuccini.it\/es\/\"},{\"@type\":\"ListItem\",\"position\":2,\"name\":\"Habitaciones\",\"item\":\"https:\/\/www.parkhotelaicappuccini.it\/es\/habitaciones\/\"},{\"@type\":\"ListItem\",\"position\":3,\"name\":\"Monasticum Doble\"}]},{\"@type\":\"WebSite\",\"@id\":\"https:\/\/www.parkhotelaicappuccini.it\/es\/#website\",\"url\":\"https:\/\/www.parkhotelaicappuccini.it\/es\/\",\"name\":\"Park Hotel Ai Cappuccini\",\"description\":\"Just another ms.decms.eu site\",\"potentialAction\":[{\"@type\":\"SearchAction\",\"target\":{\"@type\":\"EntryPoint\",\"urlTemplate\":\"https:\/\/www.parkhotelaicappuccini.it\/es\/?s={search_term_string}\"},\"query-input\":{\"@type\":\"PropertyValueSpecification\",\"valueRequired\":true,\"valueName\":\"search_term_string\"}}],\"inLanguage\":\"es\"}]}<\/script>\n<!-- \/ Yoast SEO plugin. -->","yoast_head_json":{"title":"Monasticum Doble - Park Hotel Ai Cappuccini -","description":"Habitaci\u00f3n amueblada de forma tradicional situada en la parte antigua del convento con vistas al claustro.  17\/20 sqm  Capacidad 2 personas (2 adultos, 1 ni\u00f1o)  Equipos num\u00e9ricos TV de pago, TV v\u00eda sat\u00e9lite, TV, Radio, LCD TV, WiFi, WiFi Gratuito, Acceso a internet gratuito  Opciones de alojamiento Double  Cuarto de ba\u00f1o Secador de pelo, Ba\u00f1o privado, Bid\u00e9, Ducha.","robots":{"index":"index","follow":"follow","max-snippet":"max-snippet:-1","max-image-preview":"max-image-preview:large","max-video-preview":"max-video-preview:-1"},"canonical":"https:\/\/www.parkhotelaicappuccini.it\/es\/habitaciones\/monasticum-doble\/","og_locale":"es_ES","og_type":"article","og_title":"Monasticum Doble - Park Hotel Ai Cappuccini -","og_description":"Habitaci\u00f3n amueblada de forma tradicional situada en la parte antigua del convento con vistas al claustro.  17\/20 sqm  Capacidad 2 personas (2 adultos, 1 ni\u00f1o)  Equipos num\u00e9ricos TV de pago, TV v\u00eda sat\u00e9lite, TV, Radio, LCD TV, WiFi, WiFi Gratuito, Acceso a internet gratuito  Opciones de alojamiento Double  Cuarto de ba\u00f1o Secador de pelo, Ba\u00f1o privado, Bid\u00e9, Ducha.","og_url":"https:\/\/www.parkhotelaicappuccini.it\/es\/habitaciones\/monasticum-doble\/","og_site_name":"Park Hotel Ai Cappuccini","article_modified_time":"2022-12-07T11:32:05+00:00","og_image":[{"width":1200,"height":666,"url":"https:\/\/www.parkhotelaicappuccini.it\/wp-content\/uploads\/sites\/385\/2021\/12\/Parco-Acque-6.jpg","type":"image\/jpeg"}],"twitter_card":"summary_large_image","twitter_misc":{"Tiempo de lectura":"1 minuto"},"schema":{"@context":"https:\/\/schema.org","@graph":[{"@type":"WebPage","@id":"https:\/\/www.parkhotelaicappuccini.it\/es\/habitaciones\/monasticum-doble\/","url":"https:\/\/www.parkhotelaicappuccini.it\/es\/habitaciones\/monasticum-doble\/","name":"Monasticum Doble - Park Hotel Ai Cappuccini -","isPartOf":{"@id":"https:\/\/www.parkhotelaicappuccini.it\/es\/#website"},"datePublished":"2021-12-14T16:21:19+00:00","dateModified":"2022-12-07T11:32:05+00:00","description":"Habitaci\u00f3n amueblada de forma tradicional situada en la parte antigua del convento con vistas al claustro. 17\/20 sqm Capacidad 2 personas (2 adultos, 1 ni\u00f1o) Equipos num\u00e9ricos TV de pago, TV v\u00eda sat\u00e9lite, TV, Radio, LCD TV, WiFi, WiFi Gratuito, Acceso a internet gratuito Opciones de alojamiento Double Cuarto de ba\u00f1o Secador de pelo, Ba\u00f1o privado, Bid\u00e9, Ducha.","breadcrumb":{"@id":"https:\/\/www.parkhotelaicappuccini.it\/es\/habitaciones\/monasticum-doble\/#breadcrumb"},"inLanguage":"es","potentialAction":[{"@type":"ReadAction","target":["https:\/\/www.parkhotelaicappuccini.it\/es\/habitaciones\/monasticum-doble\/"]}]},{"@type":"BreadcrumbList","@id":"https:\/\/www.parkhotelaicappuccini.it\/es\/habitaciones\/monasticum-doble\/#breadcrumb","itemListElement":[{"@type":"ListItem","position":1,"name":"Home","item":"https:\/\/www.parkhotelaicappuccini.it\/es\/"},{"@type":"ListItem","position":2,"name":"Habitaciones","item":"https:\/\/www.parkhotelaicappuccini.it\/es\/habitaciones\/"},{"@type":"ListItem","position":3,"name":"Monasticum Doble"}]},{"@type":"WebSite","@id":"https:\/\/www.parkhotelaicappuccini.it\/es\/#website","url":"https:\/\/www.parkhotelaicappuccini.it\/es\/","name":"Park Hotel Ai Cappuccini","description":"Just another ms.decms.eu site","potentialAction":[{"@type":"SearchAction","target":{"@type":"EntryPoint","urlTemplate":"https:\/\/www.parkhotelaicappuccini.it\/es\/?s={search_term_string}"},"query-input":{"@type":"PropertyValueSpecification","valueRequired":true,"valueName":"search_term_string"}}],"inLanguage":"es"}]}},"acf":[],"_links":{"self":[{"href":"https:\/\/www.parkhotelaicappuccini.it\/es\/wp-json\/wp\/v2\/pages\/91","targetHints":{"allow":["GET"]}}],"collection":[{"href":"https:\/\/www.parkhotelaicappuccini.it\/es\/wp-json\/wp\/v2\/pages"}],"about":[{"href":"https:\/\/www.parkhotelaicappuccini.it\/es\/wp-json\/wp\/v2\/types\/page"}],"author":[{"embeddable":true,"href":"https:\/\/www.parkhotelaicappuccini.it\/es\/wp-json\/wp\/v2\/users\/36"}],"replies":[{"embeddable":true,"href":"https:\/\/www.parkhotelaicappuccini.it\/es\/wp-json\/wp\/v2\/comments?post=91"}],"version-history":[{"count":0,"href":"https:\/\/www.parkhotelaicappuccini.it\/es\/wp-json\/wp\/v2\/pages\/91\/revisions"}],"up":[{"embeddable":true,"href":"https:\/\/www.parkhotelaicappuccini.it\/es\/wp-json\/wp\/v2\/pages\/46"}],"wp:attachment":[{"href":"https:\/\/www.parkhotelaicappuccini.it\/es\/wp-json\/wp\/v2\/media?parent=91"}],"curies":[{"name":"wp","href":"https:\/\/api.w.org\/{rel}","templated":true}]}}