{"id":809,"date":"2021-12-27T10:03:43","date_gmt":"2021-12-27T10:03:43","guid":{"rendered":"https:\/\/park-hotel-ai-cappuccini.ms.decms.eu\/?page_id=809"},"modified":"2025-01-13T15:01:13","modified_gmt":"2025-01-13T15:01:13","slug":"i-casali-di-villa-benveduti","status":"publish","type":"page","link":"https:\/\/www.parkhotelaicappuccini.it\/es\/nuestro-grupo\/i-casali-di-villa-benveduti\/","title":{"rendered":"I Casali di Villa Benveduti"},"content":{"rendered":"<p style=\"text-align: center\">GUBBIO<\/p>\n<p>Las casas de campo, situadas en las onduladas colinas de la campi\u00f1a de Umbr\u00eda, cerca del centro hist\u00f3rico de Gubbio, han sido recientemente renovadas seg\u00fan las tradiciones rurales de piedra, terracota y madera de las casas de campo. Las casas de campo est\u00e1n inmersas en la mayor propiedad de Villa Benveduti, situada a lo largo de la famosa \u00abVia di Francesco\u00bb (Camino de San Francisco), que pasa por Gubbio y une La Verna y As\u00eds. Es el lugar de vacaciones perfecto para quien busca la naturaleza, el tiempo bien empleado en un paisaje incontaminado de insuperable belleza. Un lugar para reencontrarse con el ritmo pausado de las estaciones, lejos del ajetreo y el estr\u00e9s actuales.<\/p>\n<p>infobooking: <a href=\"mailto:icasali@villabenveduti.it\">icasali@villabenveduti.it<\/a><br \/>\n<a href=\"https:\/\/www.villabenveduti.it\/casali%20en.html\">website<\/a><br \/>\nI Casali di Villa Benveduti CIR: 054024B404031703 &#8211; CIN: IT054024B404031703<\/p>\n","protected":false},"excerpt":{"rendered":"<p>GUBBIO Las casas de campo, situadas en las onduladas colinas de la campi\u00f1a de Umbr\u00eda, cerca del centro hist\u00f3rico de Gubbio, han sido recientemente renovadas seg\u00fan las tradiciones rurales de piedra, terracota y madera de las casas de campo. Las casas de campo est\u00e1n inmersas en la mayor propiedad de Villa Benveduti, situada a lo [&hellip;]<\/p>\n","protected":false},"author":36,"featured_media":0,"parent":782,"menu_order":15,"comment_status":"closed","ping_status":"closed","template":"template-default-4.php","meta":{"footnotes":""},"class_list":["post-809","page","type-page","status-publish","hentry"],"yoast_head":"<!-- This site is optimized with the Yoast SEO plugin v26.9 - https:\/\/yoast.com\/product\/yoast-seo-wordpress\/ -->\n<title>I Casali di Villa Benveduti - Park Hotel Ai Cappuccini -<\/title>\n<meta name=\"description\" content=\"GUBBIO Las casas de campo, situadas en las onduladas colinas de la campi\u00f1a de Umbr\u00eda, cerca del centro hist\u00f3rico de Gubbio, han sido recientemente renovadas seg\u00fan las tradiciones rurales de piedra, terracota y madera de las casas de campo. Las casas de campo est\u00e1n inmersas en la mayor propiedad de Villa Benveduti, situada a lo largo de la famosa &quot;Via di Francesco&quot; (Camino de San Francisco), que pasa por Gubbio y une La Verna y As\u00eds\" \/>\n<meta name=\"robots\" content=\"index, follow, max-snippet:-1, max-image-preview:large, max-video-preview:-1\" \/>\n<link rel=\"canonical\" href=\"https:\/\/www.parkhotelaicappuccini.it\/es\/nuestro-grupo\/i-casali-di-villa-benveduti\/\" \/>\n<meta property=\"og:locale\" content=\"es_ES\" \/>\n<meta property=\"og:type\" content=\"article\" \/>\n<meta property=\"og:title\" content=\"I Casali di Villa Benveduti - Park Hotel Ai Cappuccini -\" \/>\n<meta property=\"og:description\" content=\"GUBBIO Las casas de campo, situadas en las onduladas colinas de la campi\u00f1a de Umbr\u00eda, cerca del centro hist\u00f3rico de Gubbio, han sido recientemente renovadas seg\u00fan las tradiciones rurales de piedra, terracota y madera de las casas de campo. Las casas de campo est\u00e1n inmersas en la mayor propiedad de Villa Benveduti, situada a lo largo de la famosa &quot;Via di Francesco&quot; (Camino de San Francisco), que pasa por Gubbio y une La Verna y As\u00eds\" \/>\n<meta property=\"og:url\" content=\"https:\/\/www.parkhotelaicappuccini.it\/es\/nuestro-grupo\/i-casali-di-villa-benveduti\/\" \/>\n<meta property=\"og:site_name\" content=\"Park Hotel Ai Cappuccini\" \/>\n<meta property=\"article:modified_time\" content=\"2025-01-13T15:01:13+00:00\" \/>\n<meta property=\"og:image\" content=\"https:\/\/www.parkhotelaicappuccini.it\/wp-content\/uploads\/sites\/385\/2021\/12\/Parco-Acque-6.jpg\" \/>\n\t<meta property=\"og:image:width\" content=\"1200\" \/>\n\t<meta property=\"og:image:height\" content=\"666\" \/>\n\t<meta property=\"og:image:type\" content=\"image\/jpeg\" \/>\n<meta name=\"twitter:card\" content=\"summary_large_image\" \/>\n<meta name=\"twitter:label1\" content=\"Tiempo de lectura\" \/>\n\t<meta name=\"twitter:data1\" content=\"1 minuto\" \/>\n<script type=\"application\/ld+json\" class=\"yoast-schema-graph\">{\"@context\":\"https:\/\/schema.org\",\"@graph\":[{\"@type\":\"WebPage\",\"@id\":\"https:\/\/www.parkhotelaicappuccini.it\/es\/nuestro-grupo\/i-casali-di-villa-benveduti\/\",\"url\":\"https:\/\/www.parkhotelaicappuccini.it\/es\/nuestro-grupo\/i-casali-di-villa-benveduti\/\",\"name\":\"I Casali di Villa Benveduti - Park Hotel Ai Cappuccini -\",\"isPartOf\":{\"@id\":\"https:\/\/www.parkhotelaicappuccini.it\/es\/#website\"},\"datePublished\":\"2021-12-27T10:03:43+00:00\",\"dateModified\":\"2025-01-13T15:01:13+00:00\",\"description\":\"GUBBIO Las casas de campo, situadas en las onduladas colinas de la campi\u00f1a de Umbr\u00eda, cerca del centro hist\u00f3rico de Gubbio, han sido recientemente renovadas seg\u00fan las tradiciones rurales de piedra, terracota y madera de las casas de campo. Las casas de campo est\u00e1n inmersas en la mayor propiedad de Villa Benveduti, situada a lo largo de la famosa \\\"Via di Francesco\\\" (Camino de San Francisco), que pasa por Gubbio y une La Verna y As\u00eds\",\"breadcrumb\":{\"@id\":\"https:\/\/www.parkhotelaicappuccini.it\/es\/nuestro-grupo\/i-casali-di-villa-benveduti\/#breadcrumb\"},\"inLanguage\":\"es\",\"potentialAction\":[{\"@type\":\"ReadAction\",\"target\":[\"https:\/\/www.parkhotelaicappuccini.it\/es\/nuestro-grupo\/i-casali-di-villa-benveduti\/\"]}]},{\"@type\":\"BreadcrumbList\",\"@id\":\"https:\/\/www.parkhotelaicappuccini.it\/es\/nuestro-grupo\/i-casali-di-villa-benveduti\/#breadcrumb\",\"itemListElement\":[{\"@type\":\"ListItem\",\"position\":1,\"name\":\"Home\",\"item\":\"https:\/\/www.parkhotelaicappuccini.it\/es\/\"},{\"@type\":\"ListItem\",\"position\":2,\"name\":\"Nuestras vacaciones en el campo\",\"item\":\"https:\/\/www.parkhotelaicappuccini.it\/es\/nuestro-grupo\/\"},{\"@type\":\"ListItem\",\"position\":3,\"name\":\"I Casali di Villa Benveduti\"}]},{\"@type\":\"WebSite\",\"@id\":\"https:\/\/www.parkhotelaicappuccini.it\/es\/#website\",\"url\":\"https:\/\/www.parkhotelaicappuccini.it\/es\/\",\"name\":\"Park Hotel Ai Cappuccini\",\"description\":\"Just another ms.decms.eu site\",\"potentialAction\":[{\"@type\":\"SearchAction\",\"target\":{\"@type\":\"EntryPoint\",\"urlTemplate\":\"https:\/\/www.parkhotelaicappuccini.it\/es\/?s={search_term_string}\"},\"query-input\":{\"@type\":\"PropertyValueSpecification\",\"valueRequired\":true,\"valueName\":\"search_term_string\"}}],\"inLanguage\":\"es\"}]}<\/script>\n<!-- \/ Yoast SEO plugin. -->","yoast_head_json":{"title":"I Casali di Villa Benveduti - Park Hotel Ai Cappuccini -","description":"GUBBIO Las casas de campo, situadas en las onduladas colinas de la campi\u00f1a de Umbr\u00eda, cerca del centro hist\u00f3rico de Gubbio, han sido recientemente renovadas seg\u00fan las tradiciones rurales de piedra, terracota y madera de las casas de campo. Las casas de campo est\u00e1n inmersas en la mayor propiedad de Villa Benveduti, situada a lo largo de la famosa \"Via di Francesco\" (Camino de San Francisco), que pasa por Gubbio y une La Verna y As\u00eds","robots":{"index":"index","follow":"follow","max-snippet":"max-snippet:-1","max-image-preview":"max-image-preview:large","max-video-preview":"max-video-preview:-1"},"canonical":"https:\/\/www.parkhotelaicappuccini.it\/es\/nuestro-grupo\/i-casali-di-villa-benveduti\/","og_locale":"es_ES","og_type":"article","og_title":"I Casali di Villa Benveduti - Park Hotel Ai Cappuccini -","og_description":"GUBBIO Las casas de campo, situadas en las onduladas colinas de la campi\u00f1a de Umbr\u00eda, cerca del centro hist\u00f3rico de Gubbio, han sido recientemente renovadas seg\u00fan las tradiciones rurales de piedra, terracota y madera de las casas de campo. Las casas de campo est\u00e1n inmersas en la mayor propiedad de Villa Benveduti, situada a lo largo de la famosa \"Via di Francesco\" (Camino de San Francisco), que pasa por Gubbio y une La Verna y As\u00eds","og_url":"https:\/\/www.parkhotelaicappuccini.it\/es\/nuestro-grupo\/i-casali-di-villa-benveduti\/","og_site_name":"Park Hotel Ai Cappuccini","article_modified_time":"2025-01-13T15:01:13+00:00","og_image":[{"width":1200,"height":666,"url":"https:\/\/www.parkhotelaicappuccini.it\/wp-content\/uploads\/sites\/385\/2021\/12\/Parco-Acque-6.jpg","type":"image\/jpeg"}],"twitter_card":"summary_large_image","twitter_misc":{"Tiempo de lectura":"1 minuto"},"schema":{"@context":"https:\/\/schema.org","@graph":[{"@type":"WebPage","@id":"https:\/\/www.parkhotelaicappuccini.it\/es\/nuestro-grupo\/i-casali-di-villa-benveduti\/","url":"https:\/\/www.parkhotelaicappuccini.it\/es\/nuestro-grupo\/i-casali-di-villa-benveduti\/","name":"I Casali di Villa Benveduti - Park Hotel Ai Cappuccini -","isPartOf":{"@id":"https:\/\/www.parkhotelaicappuccini.it\/es\/#website"},"datePublished":"2021-12-27T10:03:43+00:00","dateModified":"2025-01-13T15:01:13+00:00","description":"GUBBIO Las casas de campo, situadas en las onduladas colinas de la campi\u00f1a de Umbr\u00eda, cerca del centro hist\u00f3rico de Gubbio, han sido recientemente renovadas seg\u00fan las tradiciones rurales de piedra, terracota y madera de las casas de campo. Las casas de campo est\u00e1n inmersas en la mayor propiedad de Villa Benveduti, situada a lo largo de la famosa \"Via di Francesco\" (Camino de San Francisco), que pasa por Gubbio y une La Verna y As\u00eds","breadcrumb":{"@id":"https:\/\/www.parkhotelaicappuccini.it\/es\/nuestro-grupo\/i-casali-di-villa-benveduti\/#breadcrumb"},"inLanguage":"es","potentialAction":[{"@type":"ReadAction","target":["https:\/\/www.parkhotelaicappuccini.it\/es\/nuestro-grupo\/i-casali-di-villa-benveduti\/"]}]},{"@type":"BreadcrumbList","@id":"https:\/\/www.parkhotelaicappuccini.it\/es\/nuestro-grupo\/i-casali-di-villa-benveduti\/#breadcrumb","itemListElement":[{"@type":"ListItem","position":1,"name":"Home","item":"https:\/\/www.parkhotelaicappuccini.it\/es\/"},{"@type":"ListItem","position":2,"name":"Nuestras vacaciones en el campo","item":"https:\/\/www.parkhotelaicappuccini.it\/es\/nuestro-grupo\/"},{"@type":"ListItem","position":3,"name":"I Casali di Villa Benveduti"}]},{"@type":"WebSite","@id":"https:\/\/www.parkhotelaicappuccini.it\/es\/#website","url":"https:\/\/www.parkhotelaicappuccini.it\/es\/","name":"Park Hotel Ai Cappuccini","description":"Just another ms.decms.eu site","potentialAction":[{"@type":"SearchAction","target":{"@type":"EntryPoint","urlTemplate":"https:\/\/www.parkhotelaicappuccini.it\/es\/?s={search_term_string}"},"query-input":{"@type":"PropertyValueSpecification","valueRequired":true,"valueName":"search_term_string"}}],"inLanguage":"es"}]}},"acf":[],"_links":{"self":[{"href":"https:\/\/www.parkhotelaicappuccini.it\/es\/wp-json\/wp\/v2\/pages\/809","targetHints":{"allow":["GET"]}}],"collection":[{"href":"https:\/\/www.parkhotelaicappuccini.it\/es\/wp-json\/wp\/v2\/pages"}],"about":[{"href":"https:\/\/www.parkhotelaicappuccini.it\/es\/wp-json\/wp\/v2\/types\/page"}],"author":[{"embeddable":true,"href":"https:\/\/www.parkhotelaicappuccini.it\/es\/wp-json\/wp\/v2\/users\/36"}],"replies":[{"embeddable":true,"href":"https:\/\/www.parkhotelaicappuccini.it\/es\/wp-json\/wp\/v2\/comments?post=809"}],"version-history":[{"count":0,"href":"https:\/\/www.parkhotelaicappuccini.it\/es\/wp-json\/wp\/v2\/pages\/809\/revisions"}],"up":[{"embeddable":true,"href":"https:\/\/www.parkhotelaicappuccini.it\/es\/wp-json\/wp\/v2\/pages\/782"}],"wp:attachment":[{"href":"https:\/\/www.parkhotelaicappuccini.it\/es\/wp-json\/wp\/v2\/media?parent=809"}],"curies":[{"name":"wp","href":"https:\/\/api.w.org\/{rel}","templated":true}]}}