{"id":791,"date":"2021-12-27T09:22:39","date_gmt":"2021-12-27T09:22:39","guid":{"rendered":"https:\/\/park-hotel-ai-cappuccini.ms.decms.eu\/?page_id=791"},"modified":"2025-01-13T14:57:51","modified_gmt":"2025-01-13T14:57:51","slug":"villa-benveduti","status":"publish","type":"page","link":"https:\/\/www.parkhotelaicappuccini.it\/es\/nuestro-grupo\/villa-benveduti\/","title":{"rendered":"Villa Benveduti"},"content":{"rendered":"<p style=\"text-align: center\">GUBBIO<\/p>\n<p>Suntuosa residencia de campo restaurada y ampliada a finales del &#8216;700, situada sobre una dulce colina de la campi\u00f1a eugubina, fue residencia veraniega de la noble familia Benveduti.<\/p>\n<p>Las espl\u00e9ndidas salas engalanadas con frescos y estucos originales, la estructura arquitect\u00f3nica de refinada elegancia, la sugestiva avenida de entrada con su magn\u00edfico parque, la convierten en la soluci\u00f3n ideal para acontecimientos de prestigio como un banquete de bodas o una cena de gala.<\/p>\n<p>Adem\u00e1s, la antigua bodega, contigua a la villa, representa el marco m\u00e1s adecuado para degustaciones de vinos y productos de la gastronom\u00eda local o para cenas t\u00edpicas.<\/p>\n<p>Se puede alquilar toda la villa para estancias esclusivas en sus 10 magn\u00edficas habitaciones y suite, cada una con su atractivo especial, situadas en la parte noble de la residencia y recientemente restauradas. <a href=\"https:\/\/www.villabenveduti.it\/index%20en.html\">https:\/\/www.villabenveduti.it\/index%20en.html<\/a><br \/>\n<a href=\"mailto:info@villabenveduti.it\">info@villabenveduti.it<\/a><br \/>\nVilla Benveduti CIR: 054024B902034084 \u2013 CIN: IT054024B902034084<\/p>\n","protected":false},"excerpt":{"rendered":"<p>GUBBIO Suntuosa residencia de campo restaurada y ampliada a finales del &#8216;700, situada sobre una dulce colina de la campi\u00f1a eugubina, fue residencia veraniega de la noble familia Benveduti. Las espl\u00e9ndidas salas engalanadas con frescos y estucos originales, la estructura arquitect\u00f3nica de refinada elegancia, la sugestiva avenida de entrada con su magn\u00edfico parque, la convierten [&hellip;]<\/p>\n","protected":false},"author":36,"featured_media":0,"parent":782,"menu_order":5,"comment_status":"closed","ping_status":"closed","template":"template-default-4.php","meta":{"footnotes":""},"class_list":["post-791","page","type-page","status-publish","hentry"],"yoast_head":"<!-- This site is optimized with the Yoast SEO plugin v26.9 - https:\/\/yoast.com\/product\/yoast-seo-wordpress\/ -->\n<title>Villa Benveduti - Park Hotel Ai Cappuccini -<\/title>\n<meta name=\"description\" content=\"GUBBIO Suntuosa residencia de campo restaurada y ampliada a finales del &#039;700, situada sobre una dulce colina de la campi\u00f1a eugubina, fue residencia veraniega de la noble familia Benveduti.  Las espl\u00e9ndidas salas engalanadas con frescos y estucos originales, la estructura arquitect\u00f3nica de refinada elegancia, la sugestiva avenida de entrada con su magn\u00edfico parque, la convierten en la soluci\u00f3n ideal para acontecimientos de prestigio como un banquete de bodas o una cena de gala.  Adem\u00e1s, la antigua bodega, contigua a la villa, representa el marco m\u00e1s adecuado para degustaciones de vinos y productos de la gastronom\u00eda local o para cenas t\u00edpicas.  Se puede alquilar toda la villa para estancias esclusivas en sus 10 magn\u00edficas habitaciones y suite, cada una con su atractivo especial, situadas en la parte noble de la residencia y recientemente restauradas. https:\/\/www.villabenveduti.it\/index%20en.html info@villabenveduti.it Villa Benveduti CIR: 054024B902034084 \u2013 CIN: IT054024B902034084\" \/>\n<meta name=\"robots\" content=\"index, follow, max-snippet:-1, max-image-preview:large, max-video-preview:-1\" \/>\n<link rel=\"canonical\" href=\"https:\/\/www.parkhotelaicappuccini.it\/es\/nuestro-grupo\/villa-benveduti\/\" \/>\n<meta property=\"og:locale\" content=\"es_ES\" \/>\n<meta property=\"og:type\" content=\"article\" \/>\n<meta property=\"og:title\" content=\"Villa Benveduti - Park Hotel Ai Cappuccini -\" \/>\n<meta property=\"og:description\" content=\"GUBBIO Suntuosa residencia de campo restaurada y ampliada a finales del &#039;700, situada sobre una dulce colina de la campi\u00f1a eugubina, fue residencia veraniega de la noble familia Benveduti.  Las espl\u00e9ndidas salas engalanadas con frescos y estucos originales, la estructura arquitect\u00f3nica de refinada elegancia, la sugestiva avenida de entrada con su magn\u00edfico parque, la convierten en la soluci\u00f3n ideal para acontecimientos de prestigio como un banquete de bodas o una cena de gala.  Adem\u00e1s, la antigua bodega, contigua a la villa, representa el marco m\u00e1s adecuado para degustaciones de vinos y productos de la gastronom\u00eda local o para cenas t\u00edpicas.  Se puede alquilar toda la villa para estancias esclusivas en sus 10 magn\u00edficas habitaciones y suite, cada una con su atractivo especial, situadas en la parte noble de la residencia y recientemente restauradas. https:\/\/www.villabenveduti.it\/index%20en.html info@villabenveduti.it Villa Benveduti CIR: 054024B902034084 \u2013 CIN: IT054024B902034084\" \/>\n<meta property=\"og:url\" content=\"https:\/\/www.parkhotelaicappuccini.it\/es\/nuestro-grupo\/villa-benveduti\/\" \/>\n<meta property=\"og:site_name\" content=\"Park Hotel Ai Cappuccini\" \/>\n<meta property=\"article:modified_time\" content=\"2025-01-13T14:57:51+00:00\" \/>\n<meta property=\"og:image\" content=\"https:\/\/www.parkhotelaicappuccini.it\/wp-content\/uploads\/sites\/385\/2021\/12\/Parco-Acque-6.jpg\" \/>\n\t<meta property=\"og:image:width\" content=\"1200\" \/>\n\t<meta property=\"og:image:height\" content=\"666\" \/>\n\t<meta property=\"og:image:type\" content=\"image\/jpeg\" \/>\n<meta name=\"twitter:card\" content=\"summary_large_image\" \/>\n<meta name=\"twitter:label1\" content=\"Tiempo de lectura\" \/>\n\t<meta name=\"twitter:data1\" content=\"1 minuto\" \/>\n<script type=\"application\/ld+json\" class=\"yoast-schema-graph\">{\"@context\":\"https:\/\/schema.org\",\"@graph\":[{\"@type\":\"WebPage\",\"@id\":\"https:\/\/www.parkhotelaicappuccini.it\/es\/nuestro-grupo\/villa-benveduti\/\",\"url\":\"https:\/\/www.parkhotelaicappuccini.it\/es\/nuestro-grupo\/villa-benveduti\/\",\"name\":\"Villa Benveduti - Park Hotel Ai Cappuccini -\",\"isPartOf\":{\"@id\":\"https:\/\/www.parkhotelaicappuccini.it\/es\/#website\"},\"datePublished\":\"2021-12-27T09:22:39+00:00\",\"dateModified\":\"2025-01-13T14:57:51+00:00\",\"description\":\"GUBBIO Suntuosa residencia de campo restaurada y ampliada a finales del '700, situada sobre una dulce colina de la campi\u00f1a eugubina, fue residencia veraniega de la noble familia Benveduti. Las espl\u00e9ndidas salas engalanadas con frescos y estucos originales, la estructura arquitect\u00f3nica de refinada elegancia, la sugestiva avenida de entrada con su magn\u00edfico parque, la convierten en la soluci\u00f3n ideal para acontecimientos de prestigio como un banquete de bodas o una cena de gala. Adem\u00e1s, la antigua bodega, contigua a la villa, representa el marco m\u00e1s adecuado para degustaciones de vinos y productos de la gastronom\u00eda local o para cenas t\u00edpicas. Se puede alquilar toda la villa para estancias esclusivas en sus 10 magn\u00edficas habitaciones y suite, cada una con su atractivo especial, situadas en la parte noble de la residencia y recientemente restauradas. https:\/\/www.villabenveduti.it\/index%20en.html info@villabenveduti.it Villa Benveduti CIR: 054024B902034084 \u2013 CIN: IT054024B902034084\",\"breadcrumb\":{\"@id\":\"https:\/\/www.parkhotelaicappuccini.it\/es\/nuestro-grupo\/villa-benveduti\/#breadcrumb\"},\"inLanguage\":\"es\",\"potentialAction\":[{\"@type\":\"ReadAction\",\"target\":[\"https:\/\/www.parkhotelaicappuccini.it\/es\/nuestro-grupo\/villa-benveduti\/\"]}]},{\"@type\":\"BreadcrumbList\",\"@id\":\"https:\/\/www.parkhotelaicappuccini.it\/es\/nuestro-grupo\/villa-benveduti\/#breadcrumb\",\"itemListElement\":[{\"@type\":\"ListItem\",\"position\":1,\"name\":\"Home\",\"item\":\"https:\/\/www.parkhotelaicappuccini.it\/es\/\"},{\"@type\":\"ListItem\",\"position\":2,\"name\":\"Nuestras vacaciones en el campo\",\"item\":\"https:\/\/www.parkhotelaicappuccini.it\/es\/nuestro-grupo\/\"},{\"@type\":\"ListItem\",\"position\":3,\"name\":\"Villa Benveduti\"}]},{\"@type\":\"WebSite\",\"@id\":\"https:\/\/www.parkhotelaicappuccini.it\/es\/#website\",\"url\":\"https:\/\/www.parkhotelaicappuccini.it\/es\/\",\"name\":\"Park Hotel Ai Cappuccini\",\"description\":\"Just another ms.decms.eu site\",\"potentialAction\":[{\"@type\":\"SearchAction\",\"target\":{\"@type\":\"EntryPoint\",\"urlTemplate\":\"https:\/\/www.parkhotelaicappuccini.it\/es\/?s={search_term_string}\"},\"query-input\":{\"@type\":\"PropertyValueSpecification\",\"valueRequired\":true,\"valueName\":\"search_term_string\"}}],\"inLanguage\":\"es\"}]}<\/script>\n<!-- \/ Yoast SEO plugin. -->","yoast_head_json":{"title":"Villa Benveduti - Park Hotel Ai Cappuccini -","description":"GUBBIO Suntuosa residencia de campo restaurada y ampliada a finales del '700, situada sobre una dulce colina de la campi\u00f1a eugubina, fue residencia veraniega de la noble familia Benveduti.  Las espl\u00e9ndidas salas engalanadas con frescos y estucos originales, la estructura arquitect\u00f3nica de refinada elegancia, la sugestiva avenida de entrada con su magn\u00edfico parque, la convierten en la soluci\u00f3n ideal para acontecimientos de prestigio como un banquete de bodas o una cena de gala.  Adem\u00e1s, la antigua bodega, contigua a la villa, representa el marco m\u00e1s adecuado para degustaciones de vinos y productos de la gastronom\u00eda local o para cenas t\u00edpicas.  Se puede alquilar toda la villa para estancias esclusivas en sus 10 magn\u00edficas habitaciones y suite, cada una con su atractivo especial, situadas en la parte noble de la residencia y recientemente restauradas. https:\/\/www.villabenveduti.it\/index%20en.html info@villabenveduti.it Villa Benveduti CIR: 054024B902034084 \u2013 CIN: IT054024B902034084","robots":{"index":"index","follow":"follow","max-snippet":"max-snippet:-1","max-image-preview":"max-image-preview:large","max-video-preview":"max-video-preview:-1"},"canonical":"https:\/\/www.parkhotelaicappuccini.it\/es\/nuestro-grupo\/villa-benveduti\/","og_locale":"es_ES","og_type":"article","og_title":"Villa Benveduti - Park Hotel Ai Cappuccini -","og_description":"GUBBIO Suntuosa residencia de campo restaurada y ampliada a finales del '700, situada sobre una dulce colina de la campi\u00f1a eugubina, fue residencia veraniega de la noble familia Benveduti.  Las espl\u00e9ndidas salas engalanadas con frescos y estucos originales, la estructura arquitect\u00f3nica de refinada elegancia, la sugestiva avenida de entrada con su magn\u00edfico parque, la convierten en la soluci\u00f3n ideal para acontecimientos de prestigio como un banquete de bodas o una cena de gala.  Adem\u00e1s, la antigua bodega, contigua a la villa, representa el marco m\u00e1s adecuado para degustaciones de vinos y productos de la gastronom\u00eda local o para cenas t\u00edpicas.  Se puede alquilar toda la villa para estancias esclusivas en sus 10 magn\u00edficas habitaciones y suite, cada una con su atractivo especial, situadas en la parte noble de la residencia y recientemente restauradas. https:\/\/www.villabenveduti.it\/index%20en.html info@villabenveduti.it Villa Benveduti CIR: 054024B902034084 \u2013 CIN: IT054024B902034084","og_url":"https:\/\/www.parkhotelaicappuccini.it\/es\/nuestro-grupo\/villa-benveduti\/","og_site_name":"Park Hotel Ai Cappuccini","article_modified_time":"2025-01-13T14:57:51+00:00","og_image":[{"width":1200,"height":666,"url":"https:\/\/www.parkhotelaicappuccini.it\/wp-content\/uploads\/sites\/385\/2021\/12\/Parco-Acque-6.jpg","type":"image\/jpeg"}],"twitter_card":"summary_large_image","twitter_misc":{"Tiempo de lectura":"1 minuto"},"schema":{"@context":"https:\/\/schema.org","@graph":[{"@type":"WebPage","@id":"https:\/\/www.parkhotelaicappuccini.it\/es\/nuestro-grupo\/villa-benveduti\/","url":"https:\/\/www.parkhotelaicappuccini.it\/es\/nuestro-grupo\/villa-benveduti\/","name":"Villa Benveduti - Park Hotel Ai Cappuccini -","isPartOf":{"@id":"https:\/\/www.parkhotelaicappuccini.it\/es\/#website"},"datePublished":"2021-12-27T09:22:39+00:00","dateModified":"2025-01-13T14:57:51+00:00","description":"GUBBIO Suntuosa residencia de campo restaurada y ampliada a finales del '700, situada sobre una dulce colina de la campi\u00f1a eugubina, fue residencia veraniega de la noble familia Benveduti. Las espl\u00e9ndidas salas engalanadas con frescos y estucos originales, la estructura arquitect\u00f3nica de refinada elegancia, la sugestiva avenida de entrada con su magn\u00edfico parque, la convierten en la soluci\u00f3n ideal para acontecimientos de prestigio como un banquete de bodas o una cena de gala. Adem\u00e1s, la antigua bodega, contigua a la villa, representa el marco m\u00e1s adecuado para degustaciones de vinos y productos de la gastronom\u00eda local o para cenas t\u00edpicas. Se puede alquilar toda la villa para estancias esclusivas en sus 10 magn\u00edficas habitaciones y suite, cada una con su atractivo especial, situadas en la parte noble de la residencia y recientemente restauradas. https:\/\/www.villabenveduti.it\/index%20en.html info@villabenveduti.it Villa Benveduti CIR: 054024B902034084 \u2013 CIN: IT054024B902034084","breadcrumb":{"@id":"https:\/\/www.parkhotelaicappuccini.it\/es\/nuestro-grupo\/villa-benveduti\/#breadcrumb"},"inLanguage":"es","potentialAction":[{"@type":"ReadAction","target":["https:\/\/www.parkhotelaicappuccini.it\/es\/nuestro-grupo\/villa-benveduti\/"]}]},{"@type":"BreadcrumbList","@id":"https:\/\/www.parkhotelaicappuccini.it\/es\/nuestro-grupo\/villa-benveduti\/#breadcrumb","itemListElement":[{"@type":"ListItem","position":1,"name":"Home","item":"https:\/\/www.parkhotelaicappuccini.it\/es\/"},{"@type":"ListItem","position":2,"name":"Nuestras vacaciones en el campo","item":"https:\/\/www.parkhotelaicappuccini.it\/es\/nuestro-grupo\/"},{"@type":"ListItem","position":3,"name":"Villa Benveduti"}]},{"@type":"WebSite","@id":"https:\/\/www.parkhotelaicappuccini.it\/es\/#website","url":"https:\/\/www.parkhotelaicappuccini.it\/es\/","name":"Park Hotel Ai Cappuccini","description":"Just another ms.decms.eu site","potentialAction":[{"@type":"SearchAction","target":{"@type":"EntryPoint","urlTemplate":"https:\/\/www.parkhotelaicappuccini.it\/es\/?s={search_term_string}"},"query-input":{"@type":"PropertyValueSpecification","valueRequired":true,"valueName":"search_term_string"}}],"inLanguage":"es"}]}},"acf":[],"_links":{"self":[{"href":"https:\/\/www.parkhotelaicappuccini.it\/es\/wp-json\/wp\/v2\/pages\/791","targetHints":{"allow":["GET"]}}],"collection":[{"href":"https:\/\/www.parkhotelaicappuccini.it\/es\/wp-json\/wp\/v2\/pages"}],"about":[{"href":"https:\/\/www.parkhotelaicappuccini.it\/es\/wp-json\/wp\/v2\/types\/page"}],"author":[{"embeddable":true,"href":"https:\/\/www.parkhotelaicappuccini.it\/es\/wp-json\/wp\/v2\/users\/36"}],"replies":[{"embeddable":true,"href":"https:\/\/www.parkhotelaicappuccini.it\/es\/wp-json\/wp\/v2\/comments?post=791"}],"version-history":[{"count":0,"href":"https:\/\/www.parkhotelaicappuccini.it\/es\/wp-json\/wp\/v2\/pages\/791\/revisions"}],"up":[{"embeddable":true,"href":"https:\/\/www.parkhotelaicappuccini.it\/es\/wp-json\/wp\/v2\/pages\/782"}],"wp:attachment":[{"href":"https:\/\/www.parkhotelaicappuccini.it\/es\/wp-json\/wp\/v2\/media?parent=791"}],"curies":[{"name":"wp","href":"https:\/\/api.w.org\/{rel}","templated":true}]}}