{"id":763,"date":"2021-12-24T14:07:27","date_gmt":"2021-12-24T14:07:27","guid":{"rendered":"https:\/\/park-hotel-ai-cappuccini.ms.decms.eu\/?page_id=763"},"modified":"2021-12-24T14:07:47","modified_gmt":"2021-12-24T14:07:47","slug":"quien-es-marc-messegue","status":"publish","type":"page","link":"https:\/\/www.parkhotelaicappuccini.it\/es\/marc-messegue\/quien-es-marc-messegue\/","title":{"rendered":"Qui\u00e9n es Marc Mess\u00e9gu\u00e9"},"content":{"rendered":"<p>Marc Mess\u00e9gu\u00e9, franc\u00e9s por nacimiento y umbro por adopci\u00f3n, cuenta con una vasta experiencia en el campo de la fitoterapia y de la herborister\u00eda, aut\u00e9nticas tradiciones familiares. Desde hace a\u00f1os est\u00e1 comprometido en la sensibilizaci\u00f3n de la importancia de la alimentaci\u00f3n para mejorar la calidad de la vida restableciendo el equilibrio ps\u00edquico-f\u00edsico natural y armonioso. Es suya la creaci\u00f3n de la revolucionaria dieta One Day Light que permite recuperar la forma natural gracias a un \u00fanico d\u00eda de dieta por semana. El estudio constante y la continua investigaci\u00f3n lo llevan a buscar siempre nuevos caminos que integren las antiguas y sabias pr\u00e1cticas de la medicina natural con las terapias contempor\u00e1neas.<\/p>\n<p>\u201c<em>La b\u00fasqueda apasionada, el estudio constante, la tenacidad para perseguir una idea han convertido el nombre de Mess\u00e9gu\u00e9 en un punto de referencia en el mundo para todo lo relacionado con lo natural. Esta es la inestimable herencia transmitida por mi padre, el mayor regalo que nos ha donado: su nombre, el nombre que llevamos sus hijos y que llevan mis hijos, un nombre que Maurice Mess\u00e9gu\u00e9 ha honrado durante su vida profesional y que nosotros intentamos honrar mejorando la calidad de la vida<\/em>\u00bb (Marc Mess\u00e9gu\u00e9).<\/p>\n","protected":false},"excerpt":{"rendered":"<p>Marc Mess\u00e9gu\u00e9, franc\u00e9s por nacimiento y umbro por adopci\u00f3n, cuenta con una vasta experiencia en el campo de la fitoterapia y de la herborister\u00eda, aut\u00e9nticas tradiciones familiares. Desde hace a\u00f1os est\u00e1 comprometido en la sensibilizaci\u00f3n de la importancia de la alimentaci\u00f3n para mejorar la calidad de la vida restableciendo el equilibrio ps\u00edquico-f\u00edsico natural y armonioso. [&hellip;]<\/p>\n","protected":false},"author":36,"featured_media":0,"parent":734,"menu_order":10,"comment_status":"closed","ping_status":"closed","template":"template-default-3.php","meta":{"footnotes":""},"class_list":["post-763","page","type-page","status-publish","hentry"],"yoast_head":"<!-- This site is optimized with the Yoast SEO plugin v26.9 - https:\/\/yoast.com\/product\/yoast-seo-wordpress\/ -->\n<title>Qui\u00e9n es Marc Mess\u00e9gu\u00e9 - Park Hotel Ai Cappuccini -<\/title>\n<meta name=\"description\" content=\"Marc Mess\u00e9gu\u00e9, franc\u00e9s por nacimiento y umbro por adopci\u00f3n, cuenta con una vasta experiencia en el campo de la fitoterapia y de la herborister\u00eda, aut\u00e9nticas tradiciones familiares. Desde hace a\u00f1os est\u00e1 comprometido en la sensibilizaci\u00f3n de la importancia de la alimentaci\u00f3n para mejorar la calidad de la vida restableciendo el equilibrio ps\u00edquico-f\u00edsico natural y armonioso\" \/>\n<meta name=\"robots\" content=\"index, follow, max-snippet:-1, max-image-preview:large, max-video-preview:-1\" \/>\n<link rel=\"canonical\" href=\"https:\/\/www.parkhotelaicappuccini.it\/es\/marc-messegue\/quien-es-marc-messegue\/\" \/>\n<meta property=\"og:locale\" content=\"es_ES\" \/>\n<meta property=\"og:type\" content=\"article\" \/>\n<meta property=\"og:title\" content=\"Qui\u00e9n es Marc Mess\u00e9gu\u00e9 - Park Hotel Ai Cappuccini -\" \/>\n<meta property=\"og:description\" content=\"Marc Mess\u00e9gu\u00e9, franc\u00e9s por nacimiento y umbro por adopci\u00f3n, cuenta con una vasta experiencia en el campo de la fitoterapia y de la herborister\u00eda, aut\u00e9nticas tradiciones familiares. Desde hace a\u00f1os est\u00e1 comprometido en la sensibilizaci\u00f3n de la importancia de la alimentaci\u00f3n para mejorar la calidad de la vida restableciendo el equilibrio ps\u00edquico-f\u00edsico natural y armonioso\" \/>\n<meta property=\"og:url\" content=\"https:\/\/www.parkhotelaicappuccini.it\/es\/marc-messegue\/quien-es-marc-messegue\/\" \/>\n<meta property=\"og:site_name\" content=\"Park Hotel Ai Cappuccini\" \/>\n<meta property=\"article:modified_time\" content=\"2021-12-24T14:07:47+00:00\" \/>\n<meta property=\"og:image\" content=\"https:\/\/www.parkhotelaicappuccini.it\/wp-content\/uploads\/sites\/385\/2021\/12\/Parco-Acque-6.jpg\" \/>\n\t<meta property=\"og:image:width\" content=\"1200\" \/>\n\t<meta property=\"og:image:height\" content=\"666\" \/>\n\t<meta property=\"og:image:type\" content=\"image\/jpeg\" \/>\n<meta name=\"twitter:card\" content=\"summary_large_image\" \/>\n<meta name=\"twitter:label1\" content=\"Tiempo de lectura\" \/>\n\t<meta name=\"twitter:data1\" content=\"1 minuto\" \/>\n<script type=\"application\/ld+json\" class=\"yoast-schema-graph\">{\"@context\":\"https:\/\/schema.org\",\"@graph\":[{\"@type\":\"WebPage\",\"@id\":\"https:\/\/www.parkhotelaicappuccini.it\/es\/marc-messegue\/quien-es-marc-messegue\/\",\"url\":\"https:\/\/www.parkhotelaicappuccini.it\/es\/marc-messegue\/quien-es-marc-messegue\/\",\"name\":\"Qui\u00e9n es Marc Mess\u00e9gu\u00e9 - Park Hotel Ai Cappuccini -\",\"isPartOf\":{\"@id\":\"https:\/\/www.parkhotelaicappuccini.it\/es\/#website\"},\"datePublished\":\"2021-12-24T14:07:27+00:00\",\"dateModified\":\"2021-12-24T14:07:47+00:00\",\"description\":\"Marc Mess\u00e9gu\u00e9, franc\u00e9s por nacimiento y umbro por adopci\u00f3n, cuenta con una vasta experiencia en el campo de la fitoterapia y de la herborister\u00eda, aut\u00e9nticas tradiciones familiares. Desde hace a\u00f1os est\u00e1 comprometido en la sensibilizaci\u00f3n de la importancia de la alimentaci\u00f3n para mejorar la calidad de la vida restableciendo el equilibrio ps\u00edquico-f\u00edsico natural y armonioso\",\"breadcrumb\":{\"@id\":\"https:\/\/www.parkhotelaicappuccini.it\/es\/marc-messegue\/quien-es-marc-messegue\/#breadcrumb\"},\"inLanguage\":\"es\",\"potentialAction\":[{\"@type\":\"ReadAction\",\"target\":[\"https:\/\/www.parkhotelaicappuccini.it\/es\/marc-messegue\/quien-es-marc-messegue\/\"]}]},{\"@type\":\"BreadcrumbList\",\"@id\":\"https:\/\/www.parkhotelaicappuccini.it\/es\/marc-messegue\/quien-es-marc-messegue\/#breadcrumb\",\"itemListElement\":[{\"@type\":\"ListItem\",\"position\":1,\"name\":\"Home\",\"item\":\"https:\/\/www.parkhotelaicappuccini.it\/es\/\"},{\"@type\":\"ListItem\",\"position\":2,\"name\":\"Marc Mess\u00e9gu\u00e9\",\"item\":\"https:\/\/www.parkhotelaicappuccini.it\/es\/marc-messegue\/\"},{\"@type\":\"ListItem\",\"position\":3,\"name\":\"Qui\u00e9n es Marc Mess\u00e9gu\u00e9\"}]},{\"@type\":\"WebSite\",\"@id\":\"https:\/\/www.parkhotelaicappuccini.it\/es\/#website\",\"url\":\"https:\/\/www.parkhotelaicappuccini.it\/es\/\",\"name\":\"Park Hotel Ai Cappuccini\",\"description\":\"Just another ms.decms.eu site\",\"potentialAction\":[{\"@type\":\"SearchAction\",\"target\":{\"@type\":\"EntryPoint\",\"urlTemplate\":\"https:\/\/www.parkhotelaicappuccini.it\/es\/?s={search_term_string}\"},\"query-input\":{\"@type\":\"PropertyValueSpecification\",\"valueRequired\":true,\"valueName\":\"search_term_string\"}}],\"inLanguage\":\"es\"}]}<\/script>\n<!-- \/ Yoast SEO plugin. -->","yoast_head_json":{"title":"Qui\u00e9n es Marc Mess\u00e9gu\u00e9 - Park Hotel Ai Cappuccini -","description":"Marc Mess\u00e9gu\u00e9, franc\u00e9s por nacimiento y umbro por adopci\u00f3n, cuenta con una vasta experiencia en el campo de la fitoterapia y de la herborister\u00eda, aut\u00e9nticas tradiciones familiares. Desde hace a\u00f1os est\u00e1 comprometido en la sensibilizaci\u00f3n de la importancia de la alimentaci\u00f3n para mejorar la calidad de la vida restableciendo el equilibrio ps\u00edquico-f\u00edsico natural y armonioso","robots":{"index":"index","follow":"follow","max-snippet":"max-snippet:-1","max-image-preview":"max-image-preview:large","max-video-preview":"max-video-preview:-1"},"canonical":"https:\/\/www.parkhotelaicappuccini.it\/es\/marc-messegue\/quien-es-marc-messegue\/","og_locale":"es_ES","og_type":"article","og_title":"Qui\u00e9n es Marc Mess\u00e9gu\u00e9 - Park Hotel Ai Cappuccini -","og_description":"Marc Mess\u00e9gu\u00e9, franc\u00e9s por nacimiento y umbro por adopci\u00f3n, cuenta con una vasta experiencia en el campo de la fitoterapia y de la herborister\u00eda, aut\u00e9nticas tradiciones familiares. Desde hace a\u00f1os est\u00e1 comprometido en la sensibilizaci\u00f3n de la importancia de la alimentaci\u00f3n para mejorar la calidad de la vida restableciendo el equilibrio ps\u00edquico-f\u00edsico natural y armonioso","og_url":"https:\/\/www.parkhotelaicappuccini.it\/es\/marc-messegue\/quien-es-marc-messegue\/","og_site_name":"Park Hotel Ai Cappuccini","article_modified_time":"2021-12-24T14:07:47+00:00","og_image":[{"width":1200,"height":666,"url":"https:\/\/www.parkhotelaicappuccini.it\/wp-content\/uploads\/sites\/385\/2021\/12\/Parco-Acque-6.jpg","type":"image\/jpeg"}],"twitter_card":"summary_large_image","twitter_misc":{"Tiempo de lectura":"1 minuto"},"schema":{"@context":"https:\/\/schema.org","@graph":[{"@type":"WebPage","@id":"https:\/\/www.parkhotelaicappuccini.it\/es\/marc-messegue\/quien-es-marc-messegue\/","url":"https:\/\/www.parkhotelaicappuccini.it\/es\/marc-messegue\/quien-es-marc-messegue\/","name":"Qui\u00e9n es Marc Mess\u00e9gu\u00e9 - Park Hotel Ai Cappuccini -","isPartOf":{"@id":"https:\/\/www.parkhotelaicappuccini.it\/es\/#website"},"datePublished":"2021-12-24T14:07:27+00:00","dateModified":"2021-12-24T14:07:47+00:00","description":"Marc Mess\u00e9gu\u00e9, franc\u00e9s por nacimiento y umbro por adopci\u00f3n, cuenta con una vasta experiencia en el campo de la fitoterapia y de la herborister\u00eda, aut\u00e9nticas tradiciones familiares. Desde hace a\u00f1os est\u00e1 comprometido en la sensibilizaci\u00f3n de la importancia de la alimentaci\u00f3n para mejorar la calidad de la vida restableciendo el equilibrio ps\u00edquico-f\u00edsico natural y armonioso","breadcrumb":{"@id":"https:\/\/www.parkhotelaicappuccini.it\/es\/marc-messegue\/quien-es-marc-messegue\/#breadcrumb"},"inLanguage":"es","potentialAction":[{"@type":"ReadAction","target":["https:\/\/www.parkhotelaicappuccini.it\/es\/marc-messegue\/quien-es-marc-messegue\/"]}]},{"@type":"BreadcrumbList","@id":"https:\/\/www.parkhotelaicappuccini.it\/es\/marc-messegue\/quien-es-marc-messegue\/#breadcrumb","itemListElement":[{"@type":"ListItem","position":1,"name":"Home","item":"https:\/\/www.parkhotelaicappuccini.it\/es\/"},{"@type":"ListItem","position":2,"name":"Marc Mess\u00e9gu\u00e9","item":"https:\/\/www.parkhotelaicappuccini.it\/es\/marc-messegue\/"},{"@type":"ListItem","position":3,"name":"Qui\u00e9n es Marc Mess\u00e9gu\u00e9"}]},{"@type":"WebSite","@id":"https:\/\/www.parkhotelaicappuccini.it\/es\/#website","url":"https:\/\/www.parkhotelaicappuccini.it\/es\/","name":"Park Hotel Ai Cappuccini","description":"Just another ms.decms.eu site","potentialAction":[{"@type":"SearchAction","target":{"@type":"EntryPoint","urlTemplate":"https:\/\/www.parkhotelaicappuccini.it\/es\/?s={search_term_string}"},"query-input":{"@type":"PropertyValueSpecification","valueRequired":true,"valueName":"search_term_string"}}],"inLanguage":"es"}]}},"acf":[],"_links":{"self":[{"href":"https:\/\/www.parkhotelaicappuccini.it\/es\/wp-json\/wp\/v2\/pages\/763","targetHints":{"allow":["GET"]}}],"collection":[{"href":"https:\/\/www.parkhotelaicappuccini.it\/es\/wp-json\/wp\/v2\/pages"}],"about":[{"href":"https:\/\/www.parkhotelaicappuccini.it\/es\/wp-json\/wp\/v2\/types\/page"}],"author":[{"embeddable":true,"href":"https:\/\/www.parkhotelaicappuccini.it\/es\/wp-json\/wp\/v2\/users\/36"}],"replies":[{"embeddable":true,"href":"https:\/\/www.parkhotelaicappuccini.it\/es\/wp-json\/wp\/v2\/comments?post=763"}],"version-history":[{"count":0,"href":"https:\/\/www.parkhotelaicappuccini.it\/es\/wp-json\/wp\/v2\/pages\/763\/revisions"}],"up":[{"embeddable":true,"href":"https:\/\/www.parkhotelaicappuccini.it\/es\/wp-json\/wp\/v2\/pages\/734"}],"wp:attachment":[{"href":"https:\/\/www.parkhotelaicappuccini.it\/es\/wp-json\/wp\/v2\/media?parent=763"}],"curies":[{"name":"wp","href":"https:\/\/api.w.org\/{rel}","templated":true}]}}