{"id":754,"date":"2021-12-24T13:44:43","date_gmt":"2021-12-24T13:44:43","guid":{"rendered":"https:\/\/park-hotel-ai-cappuccini.ms.decms.eu\/?page_id=754"},"modified":"2021-12-24T13:45:09","modified_gmt":"2021-12-24T13:45:09","slug":"methode-marc-messegue","status":"publish","type":"page","link":"https:\/\/www.parkhotelaicappuccini.it\/es\/marc-messegue\/methode-marc-messegue\/","title":{"rendered":"M\u00e9thode Marc Mess\u00e9gu\u00e9"},"content":{"rendered":"<p>El Marc Mess\u00e9gu\u00e9 en el Cappuccini de Gubbio es un lugar en el que la fitoterapia y la medicina alop\u00e1tica se armonizan con la educaci\u00f3n alimentaria y la fisioterapia. A \u00e9l pueden acudir quienes deseen afrontar problemas como el exceso de peso, la hipertensi\u00f3n arterial, alteraciones del metabolismo glucolip\u00eddico, mal funcionamientos hep\u00e1ticos o intestinales, problemas de circulaci\u00f3n o bien,\u00a0 quienes deseen simplemente recuperar la forma y el bienestar psicof\u00edsico, sin medicinas, pero bajo un estricto control m\u00e9dico especializado permanente, empezando por el control cardiol\u00f3gico, an\u00e1lisis de laboratorio (hematol\u00f3gico-hematoqu\u00edmico), control bioimpedanci\u00f3metro, necesarios para ser admitidos al tratamiento. Tisanas, decocciones, c\u00e1psulas de hierbas micronizadas y extractos l\u00edquidos son los protagonistas de un ciclo de terapia durante el cual nos ocupamos de nuestros pacientes estableciendo para cada uno de ellos recetas fitoter\u00e1picas, dietas alimentarias, controles m\u00e9dicos y programas de terapia f\u00edsica personalizados. Todas las plantas oficinales y arom\u00e1ticas que se emplean se analizan previamente desde el punto de vista qu\u00edmico y biol\u00f3gico para garantizar la ausencia de aditivos qu\u00edmicos y de pesticidas: todas cuentan con la marca L.M.R. (L\u00edmite M\u00e1ximo de Residuos) que certifica los l\u00edmites de residuos contaminantes presentes.<\/p>\n<p>Quien acuda a Marc Mess\u00e9gu\u00e9 en el Cappuccini estar\u00e1 respaldado por un espec\u00edfico programa de terapia f\u00edsica: como soporte para las dietas alimentarias, correctiva, utilizada asimismo como Terapia Ocupacional para suministrar a los pacientes un constante empe\u00f1o relajante con el que ocupar las jornadas. Est\u00e1n previstos, cada d\u00eda, maniluvios y pediluvios terap\u00e9uticos e inhalaciones de hierbas. Una hora al d\u00eda se dedica al linfodrenaje manual o al masaje conectival o al masaje combinado con t\u00e9cnicas de peeling qu\u00edmico-f\u00edsico, seg\u00fan las necesidades individuales. Otra hora al d\u00eda se dedica al hidromasaje con magnesio y potasio, o a los ba\u00f1os completos con sal y a una terapia f\u00edsica en el gimnasio, a la gimnasia fisioter\u00e1pica en el agua y al paseo de grupo. Un gran n\u00famero de terapias y de tratamientos est\u00e9ticos pueden completar de forma agradable la jornada de nuestros hu\u00e9spedes.<\/p>\n<p>Quien sigue un tratamiento en Marc Mess\u00e9gu\u00e9 en el Cappuccini contar\u00e1 asimismo con un espec\u00edfico programa diet\u00e9tico basado en los principios alimentarios de la medicina natural, adaptado a sus gustos personales.<\/p>\n<p><strong>Son tres los programas alimentarios de base que tienen en cuenta las necesidades prioritarias del organismo:<\/strong><\/p>\n<ul>\n<li>dieta sin sal, hipolip\u00eddica, hipogluc\u00e9mica, hipocal\u00f3rica:\u00a0 3\u00a0 comidas al d\u00eda con una media de 900\/1000 Kcal totales.<\/li>\n<li>dieta hipos\u00f3dica, hipolip\u00eddica, normocal\u00f3rica:\u00a0 4\u00a0 comidas al d\u00eda con una media de 1500\/1600 Kcal totales.<\/li>\n<li type=\"_moz\">dieta equilibrada de recuperaci\u00f3n: 4\u00a0 comidas al d\u00eda con una media de 2800 Kcal totales.<\/li>\n<\/ul>\n<p>Todos los esquemas diet\u00e9ticos, personalizables seg\u00fan los gustos y\/o intolerancias alimentarias de cada paciente, est\u00e1n estudiados para suministrar de todos modos, incluso en el caso de un r\u00e9gimen adelgazante estricto, el aporte m\u00ednimo necesario de prote\u00ednas, vitaminas, sales minerales y carbohidratos<\/p>\n","protected":false},"excerpt":{"rendered":"<p>El Marc Mess\u00e9gu\u00e9 en el Cappuccini de Gubbio es un lugar en el que la fitoterapia y la medicina alop\u00e1tica se armonizan con la educaci\u00f3n alimentaria y la fisioterapia. A \u00e9l pueden acudir quienes deseen afrontar problemas como el exceso de peso, la hipertensi\u00f3n arterial, alteraciones del metabolismo glucolip\u00eddico, mal funcionamientos hep\u00e1ticos o intestinales, problemas [&hellip;]<\/p>\n","protected":false},"author":36,"featured_media":0,"parent":734,"menu_order":5,"comment_status":"closed","ping_status":"closed","template":"template-default-3.php","meta":{"footnotes":""},"class_list":["post-754","page","type-page","status-publish","hentry"],"yoast_head":"<!-- This site is optimized with the Yoast SEO plugin v26.9 - https:\/\/yoast.com\/product\/yoast-seo-wordpress\/ -->\n<title>M\u00e9thode Marc Mess\u00e9gu\u00e9 - Park Hotel Ai Cappuccini -<\/title>\n<meta name=\"description\" content=\"El Marc Mess\u00e9gu\u00e9 en el Cappuccini de Gubbio es un lugar en el que la fitoterapia y la medicina alop\u00e1tica se armonizan con la educaci\u00f3n alimentaria y la fisioterapia. A \u00e9l pueden acudir quienes deseen afrontar problemas como el exceso de peso, la hipertensi\u00f3n arterial, alteraciones del metabolismo glucolip\u00eddico, mal funcionamientos hep\u00e1ticos o intestinales, problemas de circulaci\u00f3n o bien,\u00a0 quienes deseen simplemente recuperar la forma y el bienestar psicof\u00edsico, sin medicinas, pero bajo un estricto control m\u00e9dico especializado permanente, empezando por el control cardiol\u00f3gico, an\u00e1lisis de laboratorio (hematol\u00f3gico-hematoqu\u00edmico), control bioimpedanci\u00f3metro, necesarios para ser admitidos al tratamiento\" \/>\n<meta name=\"robots\" content=\"index, follow, max-snippet:-1, max-image-preview:large, max-video-preview:-1\" \/>\n<link rel=\"canonical\" href=\"https:\/\/www.parkhotelaicappuccini.it\/es\/marc-messegue\/methode-marc-messegue\/\" \/>\n<meta property=\"og:locale\" content=\"es_ES\" \/>\n<meta property=\"og:type\" content=\"article\" \/>\n<meta property=\"og:title\" content=\"M\u00e9thode Marc Mess\u00e9gu\u00e9 - Park Hotel Ai Cappuccini -\" \/>\n<meta property=\"og:description\" content=\"El Marc Mess\u00e9gu\u00e9 en el Cappuccini de Gubbio es un lugar en el que la fitoterapia y la medicina alop\u00e1tica se armonizan con la educaci\u00f3n alimentaria y la fisioterapia. A \u00e9l pueden acudir quienes deseen afrontar problemas como el exceso de peso, la hipertensi\u00f3n arterial, alteraciones del metabolismo glucolip\u00eddico, mal funcionamientos hep\u00e1ticos o intestinales, problemas de circulaci\u00f3n o bien,\u00a0 quienes deseen simplemente recuperar la forma y el bienestar psicof\u00edsico, sin medicinas, pero bajo un estricto control m\u00e9dico especializado permanente, empezando por el control cardiol\u00f3gico, an\u00e1lisis de laboratorio (hematol\u00f3gico-hematoqu\u00edmico), control bioimpedanci\u00f3metro, necesarios para ser admitidos al tratamiento\" \/>\n<meta property=\"og:url\" content=\"https:\/\/www.parkhotelaicappuccini.it\/es\/marc-messegue\/methode-marc-messegue\/\" \/>\n<meta property=\"og:site_name\" content=\"Park Hotel Ai Cappuccini\" \/>\n<meta property=\"article:modified_time\" content=\"2021-12-24T13:45:09+00:00\" \/>\n<meta property=\"og:image\" content=\"https:\/\/www.parkhotelaicappuccini.it\/wp-content\/uploads\/sites\/385\/2021\/12\/Parco-Acque-6.jpg\" \/>\n\t<meta property=\"og:image:width\" content=\"1200\" \/>\n\t<meta property=\"og:image:height\" content=\"666\" \/>\n\t<meta property=\"og:image:type\" content=\"image\/jpeg\" \/>\n<meta name=\"twitter:card\" content=\"summary_large_image\" \/>\n<meta name=\"twitter:label1\" content=\"Tiempo de lectura\" \/>\n\t<meta name=\"twitter:data1\" content=\"3 minutos\" \/>\n<script type=\"application\/ld+json\" class=\"yoast-schema-graph\">{\"@context\":\"https:\/\/schema.org\",\"@graph\":[{\"@type\":\"WebPage\",\"@id\":\"https:\/\/www.parkhotelaicappuccini.it\/es\/marc-messegue\/methode-marc-messegue\/\",\"url\":\"https:\/\/www.parkhotelaicappuccini.it\/es\/marc-messegue\/methode-marc-messegue\/\",\"name\":\"M\u00e9thode Marc Mess\u00e9gu\u00e9 - Park Hotel Ai Cappuccini -\",\"isPartOf\":{\"@id\":\"https:\/\/www.parkhotelaicappuccini.it\/es\/#website\"},\"datePublished\":\"2021-12-24T13:44:43+00:00\",\"dateModified\":\"2021-12-24T13:45:09+00:00\",\"description\":\"El Marc Mess\u00e9gu\u00e9 en el Cappuccini de Gubbio es un lugar en el que la fitoterapia y la medicina alop\u00e1tica se armonizan con la educaci\u00f3n alimentaria y la fisioterapia. A \u00e9l pueden acudir quienes deseen afrontar problemas como el exceso de peso, la hipertensi\u00f3n arterial, alteraciones del metabolismo glucolip\u00eddico, mal funcionamientos hep\u00e1ticos o intestinales, problemas de circulaci\u00f3n o bien,\u00a0 quienes deseen simplemente recuperar la forma y el bienestar psicof\u00edsico, sin medicinas, pero bajo un estricto control m\u00e9dico especializado permanente, empezando por el control cardiol\u00f3gico, an\u00e1lisis de laboratorio (hematol\u00f3gico-hematoqu\u00edmico), control bioimpedanci\u00f3metro, necesarios para ser admitidos al tratamiento\",\"breadcrumb\":{\"@id\":\"https:\/\/www.parkhotelaicappuccini.it\/es\/marc-messegue\/methode-marc-messegue\/#breadcrumb\"},\"inLanguage\":\"es\",\"potentialAction\":[{\"@type\":\"ReadAction\",\"target\":[\"https:\/\/www.parkhotelaicappuccini.it\/es\/marc-messegue\/methode-marc-messegue\/\"]}]},{\"@type\":\"BreadcrumbList\",\"@id\":\"https:\/\/www.parkhotelaicappuccini.it\/es\/marc-messegue\/methode-marc-messegue\/#breadcrumb\",\"itemListElement\":[{\"@type\":\"ListItem\",\"position\":1,\"name\":\"Home\",\"item\":\"https:\/\/www.parkhotelaicappuccini.it\/es\/\"},{\"@type\":\"ListItem\",\"position\":2,\"name\":\"Marc Mess\u00e9gu\u00e9\",\"item\":\"https:\/\/www.parkhotelaicappuccini.it\/es\/marc-messegue\/\"},{\"@type\":\"ListItem\",\"position\":3,\"name\":\"M\u00e9thode Marc Mess\u00e9gu\u00e9\"}]},{\"@type\":\"WebSite\",\"@id\":\"https:\/\/www.parkhotelaicappuccini.it\/es\/#website\",\"url\":\"https:\/\/www.parkhotelaicappuccini.it\/es\/\",\"name\":\"Park Hotel Ai Cappuccini\",\"description\":\"Just another ms.decms.eu site\",\"potentialAction\":[{\"@type\":\"SearchAction\",\"target\":{\"@type\":\"EntryPoint\",\"urlTemplate\":\"https:\/\/www.parkhotelaicappuccini.it\/es\/?s={search_term_string}\"},\"query-input\":{\"@type\":\"PropertyValueSpecification\",\"valueRequired\":true,\"valueName\":\"search_term_string\"}}],\"inLanguage\":\"es\"}]}<\/script>\n<!-- \/ Yoast SEO plugin. -->","yoast_head_json":{"title":"M\u00e9thode Marc Mess\u00e9gu\u00e9 - Park Hotel Ai Cappuccini -","description":"El Marc Mess\u00e9gu\u00e9 en el Cappuccini de Gubbio es un lugar en el que la fitoterapia y la medicina alop\u00e1tica se armonizan con la educaci\u00f3n alimentaria y la fisioterapia. A \u00e9l pueden acudir quienes deseen afrontar problemas como el exceso de peso, la hipertensi\u00f3n arterial, alteraciones del metabolismo glucolip\u00eddico, mal funcionamientos hep\u00e1ticos o intestinales, problemas de circulaci\u00f3n o bien,\u00a0 quienes deseen simplemente recuperar la forma y el bienestar psicof\u00edsico, sin medicinas, pero bajo un estricto control m\u00e9dico especializado permanente, empezando por el control cardiol\u00f3gico, an\u00e1lisis de laboratorio (hematol\u00f3gico-hematoqu\u00edmico), control bioimpedanci\u00f3metro, necesarios para ser admitidos al tratamiento","robots":{"index":"index","follow":"follow","max-snippet":"max-snippet:-1","max-image-preview":"max-image-preview:large","max-video-preview":"max-video-preview:-1"},"canonical":"https:\/\/www.parkhotelaicappuccini.it\/es\/marc-messegue\/methode-marc-messegue\/","og_locale":"es_ES","og_type":"article","og_title":"M\u00e9thode Marc Mess\u00e9gu\u00e9 - Park Hotel Ai Cappuccini -","og_description":"El Marc Mess\u00e9gu\u00e9 en el Cappuccini de Gubbio es un lugar en el que la fitoterapia y la medicina alop\u00e1tica se armonizan con la educaci\u00f3n alimentaria y la fisioterapia. A \u00e9l pueden acudir quienes deseen afrontar problemas como el exceso de peso, la hipertensi\u00f3n arterial, alteraciones del metabolismo glucolip\u00eddico, mal funcionamientos hep\u00e1ticos o intestinales, problemas de circulaci\u00f3n o bien,\u00a0 quienes deseen simplemente recuperar la forma y el bienestar psicof\u00edsico, sin medicinas, pero bajo un estricto control m\u00e9dico especializado permanente, empezando por el control cardiol\u00f3gico, an\u00e1lisis de laboratorio (hematol\u00f3gico-hematoqu\u00edmico), control bioimpedanci\u00f3metro, necesarios para ser admitidos al tratamiento","og_url":"https:\/\/www.parkhotelaicappuccini.it\/es\/marc-messegue\/methode-marc-messegue\/","og_site_name":"Park Hotel Ai Cappuccini","article_modified_time":"2021-12-24T13:45:09+00:00","og_image":[{"width":1200,"height":666,"url":"https:\/\/www.parkhotelaicappuccini.it\/wp-content\/uploads\/sites\/385\/2021\/12\/Parco-Acque-6.jpg","type":"image\/jpeg"}],"twitter_card":"summary_large_image","twitter_misc":{"Tiempo de lectura":"3 minutos"},"schema":{"@context":"https:\/\/schema.org","@graph":[{"@type":"WebPage","@id":"https:\/\/www.parkhotelaicappuccini.it\/es\/marc-messegue\/methode-marc-messegue\/","url":"https:\/\/www.parkhotelaicappuccini.it\/es\/marc-messegue\/methode-marc-messegue\/","name":"M\u00e9thode Marc Mess\u00e9gu\u00e9 - Park Hotel Ai Cappuccini -","isPartOf":{"@id":"https:\/\/www.parkhotelaicappuccini.it\/es\/#website"},"datePublished":"2021-12-24T13:44:43+00:00","dateModified":"2021-12-24T13:45:09+00:00","description":"El Marc Mess\u00e9gu\u00e9 en el Cappuccini de Gubbio es un lugar en el que la fitoterapia y la medicina alop\u00e1tica se armonizan con la educaci\u00f3n alimentaria y la fisioterapia. A \u00e9l pueden acudir quienes deseen afrontar problemas como el exceso de peso, la hipertensi\u00f3n arterial, alteraciones del metabolismo glucolip\u00eddico, mal funcionamientos hep\u00e1ticos o intestinales, problemas de circulaci\u00f3n o bien,\u00a0 quienes deseen simplemente recuperar la forma y el bienestar psicof\u00edsico, sin medicinas, pero bajo un estricto control m\u00e9dico especializado permanente, empezando por el control cardiol\u00f3gico, an\u00e1lisis de laboratorio (hematol\u00f3gico-hematoqu\u00edmico), control bioimpedanci\u00f3metro, necesarios para ser admitidos al tratamiento","breadcrumb":{"@id":"https:\/\/www.parkhotelaicappuccini.it\/es\/marc-messegue\/methode-marc-messegue\/#breadcrumb"},"inLanguage":"es","potentialAction":[{"@type":"ReadAction","target":["https:\/\/www.parkhotelaicappuccini.it\/es\/marc-messegue\/methode-marc-messegue\/"]}]},{"@type":"BreadcrumbList","@id":"https:\/\/www.parkhotelaicappuccini.it\/es\/marc-messegue\/methode-marc-messegue\/#breadcrumb","itemListElement":[{"@type":"ListItem","position":1,"name":"Home","item":"https:\/\/www.parkhotelaicappuccini.it\/es\/"},{"@type":"ListItem","position":2,"name":"Marc Mess\u00e9gu\u00e9","item":"https:\/\/www.parkhotelaicappuccini.it\/es\/marc-messegue\/"},{"@type":"ListItem","position":3,"name":"M\u00e9thode Marc Mess\u00e9gu\u00e9"}]},{"@type":"WebSite","@id":"https:\/\/www.parkhotelaicappuccini.it\/es\/#website","url":"https:\/\/www.parkhotelaicappuccini.it\/es\/","name":"Park Hotel Ai Cappuccini","description":"Just another ms.decms.eu site","potentialAction":[{"@type":"SearchAction","target":{"@type":"EntryPoint","urlTemplate":"https:\/\/www.parkhotelaicappuccini.it\/es\/?s={search_term_string}"},"query-input":{"@type":"PropertyValueSpecification","valueRequired":true,"valueName":"search_term_string"}}],"inLanguage":"es"}]}},"acf":[],"_links":{"self":[{"href":"https:\/\/www.parkhotelaicappuccini.it\/es\/wp-json\/wp\/v2\/pages\/754","targetHints":{"allow":["GET"]}}],"collection":[{"href":"https:\/\/www.parkhotelaicappuccini.it\/es\/wp-json\/wp\/v2\/pages"}],"about":[{"href":"https:\/\/www.parkhotelaicappuccini.it\/es\/wp-json\/wp\/v2\/types\/page"}],"author":[{"embeddable":true,"href":"https:\/\/www.parkhotelaicappuccini.it\/es\/wp-json\/wp\/v2\/users\/36"}],"replies":[{"embeddable":true,"href":"https:\/\/www.parkhotelaicappuccini.it\/es\/wp-json\/wp\/v2\/comments?post=754"}],"version-history":[{"count":0,"href":"https:\/\/www.parkhotelaicappuccini.it\/es\/wp-json\/wp\/v2\/pages\/754\/revisions"}],"up":[{"embeddable":true,"href":"https:\/\/www.parkhotelaicappuccini.it\/es\/wp-json\/wp\/v2\/pages\/734"}],"wp:attachment":[{"href":"https:\/\/www.parkhotelaicappuccini.it\/es\/wp-json\/wp\/v2\/media?parent=754"}],"curies":[{"name":"wp","href":"https:\/\/api.w.org\/{rel}","templated":true}]}}