{"id":7,"date":"2021-11-30T16:39:26","date_gmt":"2021-11-30T16:39:26","guid":{"rendered":"https:\/\/park-hotel-ai-cappuccini.ms.decms.eu\/?page_id=7"},"modified":"2026-01-15T09:58:08","modified_gmt":"2026-01-15T09:58:08","slug":"park-hotel-ai-cappuccini","status":"publish","type":"page","link":"https:\/\/www.parkhotelaicappuccini.it\/es\/","title":{"rendered":"Park Hotel ai Cappuccini"},"content":{"rendered":"<p>El <strong>Park Hotel ai Cappuccini<\/strong> es un convento del siglo XVII h\u00e1bilmente restaurado. Este espl\u00e9ndido edificio y las comunidades religiosas que desde su inicio lo han habitado, pertenecen a la historia de <strong>Gubbio<\/strong>. Gubbio se encuentra en el coraz\u00f3n de <strong>Umbria<\/strong>, un c\u00e1ndido tesoro sumergido en la naturaleza.<\/p>\n<p>Sus piedras, su arquitectura se enumeran entre los m\u00e1s importantes vestigios de una Edad Media luminosa, refinada y culta. En una posici\u00f3n apartada pero al mismo tiempo muy cerca del centro de la ciudad, el <strong>Park Hotel ai Cappuccini<\/strong> es actualmente una estructura que une, de manera equilibrada y harmoniosa, antiguas estructuras con modernos conforts.<\/p>\n","protected":false},"excerpt":{"rendered":"<p>El Park Hotel ai Cappuccini es un convento del siglo XVII h\u00e1bilmente restaurado. Este espl\u00e9ndido edificio y las comunidades religiosas que desde su inicio lo han habitado, pertenecen a la historia de Gubbio. Gubbio se encuentra en el coraz\u00f3n de Umbria, un c\u00e1ndido tesoro sumergido en la naturaleza. Sus piedras, su arquitectura se enumeran entre [&hellip;]<\/p>\n","protected":false},"author":36,"featured_media":0,"parent":0,"menu_order":0,"comment_status":"closed","ping_status":"closed","template":"","meta":{"footnotes":""},"class_list":["post-7","page","type-page","status-publish","hentry"],"yoast_head":"<!-- This site is optimized with the Yoast SEO plugin v26.9 - https:\/\/yoast.com\/product\/yoast-seo-wordpress\/ -->\n<title>Park Hotel ai Cappuccini - en el coraz\u00f3n de Umbria<\/title>\n<meta name=\"description\" content=\"El Park Hotel ai Cappuccini es un convento del siglo XVII h\u00e1bilmente restaurado. Este espl\u00e9ndido edificio y las comunidades religiosas que desde su inicio lo han habitado, pertenecen a la historia de Gubbio\" \/>\n<meta name=\"robots\" content=\"index, follow, max-snippet:-1, max-image-preview:large, max-video-preview:-1\" \/>\n<link rel=\"canonical\" href=\"https:\/\/www.parkhotelaicappuccini.it\/es\/\" \/>\n<meta property=\"og:locale\" content=\"es_ES\" \/>\n<meta property=\"og:type\" content=\"article\" \/>\n<meta property=\"og:title\" content=\"Park Hotel ai Cappuccini - en el coraz\u00f3n de Umbria\" \/>\n<meta property=\"og:description\" content=\"El Park Hotel ai Cappuccini es un convento del siglo XVII h\u00e1bilmente restaurado. Este espl\u00e9ndido edificio y las comunidades religiosas que desde su inicio lo han habitado, pertenecen a la historia de Gubbio\" \/>\n<meta property=\"og:url\" content=\"https:\/\/www.parkhotelaicappuccini.it\/es\/\" \/>\n<meta property=\"og:site_name\" content=\"Park Hotel Ai Cappuccini\" \/>\n<meta property=\"article:modified_time\" content=\"2026-01-15T09:58:08+00:00\" \/>\n<meta property=\"og:image\" content=\"https:\/\/www.parkhotelaicappuccini.it\/wp-content\/uploads\/sites\/385\/2021\/12\/Parco-Acque-6.jpg\" \/>\n\t<meta property=\"og:image:width\" content=\"1200\" \/>\n\t<meta property=\"og:image:height\" content=\"666\" \/>\n\t<meta property=\"og:image:type\" content=\"image\/jpeg\" \/>\n<meta name=\"twitter:card\" content=\"summary_large_image\" \/>\n<meta name=\"twitter:label1\" content=\"Tiempo de lectura\" \/>\n\t<meta name=\"twitter:data1\" content=\"1 minuto\" \/>\n<script type=\"application\/ld+json\" class=\"yoast-schema-graph\">{\"@context\":\"https:\/\/schema.org\",\"@graph\":[{\"@type\":\"WebPage\",\"@id\":\"https:\/\/www.parkhotelaicappuccini.it\/es\/\",\"url\":\"https:\/\/www.parkhotelaicappuccini.it\/es\/\",\"name\":\"Park Hotel ai Cappuccini - en el coraz\u00f3n de Umbria\",\"isPartOf\":{\"@id\":\"https:\/\/www.parkhotelaicappuccini.it\/es\/#website\"},\"datePublished\":\"2021-11-30T16:39:26+00:00\",\"dateModified\":\"2026-01-15T09:58:08+00:00\",\"description\":\"El Park Hotel ai Cappuccini es un convento del siglo XVII h\u00e1bilmente restaurado. Este espl\u00e9ndido edificio y las comunidades religiosas que desde su inicio lo han habitado, pertenecen a la historia de Gubbio\",\"breadcrumb\":{\"@id\":\"https:\/\/www.parkhotelaicappuccini.it\/es\/#breadcrumb\"},\"inLanguage\":\"es\",\"potentialAction\":[{\"@type\":\"ReadAction\",\"target\":[\"https:\/\/www.parkhotelaicappuccini.it\/es\/\"]}]},{\"@type\":\"BreadcrumbList\",\"@id\":\"https:\/\/www.parkhotelaicappuccini.it\/es\/#breadcrumb\",\"itemListElement\":[{\"@type\":\"ListItem\",\"position\":1,\"name\":\"Home\",\"item\":\"https:\/\/www.parkhotelaicappuccini.it\/es\/\"},{\"@type\":\"ListItem\",\"position\":2,\"name\":\"Park Hotel ai Cappuccini\"}]},{\"@type\":\"WebSite\",\"@id\":\"https:\/\/www.parkhotelaicappuccini.it\/es\/#website\",\"url\":\"https:\/\/www.parkhotelaicappuccini.it\/es\/\",\"name\":\"Park Hotel Ai Cappuccini\",\"description\":\"Just another ms.decms.eu site\",\"potentialAction\":[{\"@type\":\"SearchAction\",\"target\":{\"@type\":\"EntryPoint\",\"urlTemplate\":\"https:\/\/www.parkhotelaicappuccini.it\/es\/?s={search_term_string}\"},\"query-input\":{\"@type\":\"PropertyValueSpecification\",\"valueRequired\":true,\"valueName\":\"search_term_string\"}}],\"inLanguage\":\"es\"}]}<\/script>\n<!-- \/ Yoast SEO plugin. -->","yoast_head_json":{"title":"Park Hotel ai Cappuccini - en el coraz\u00f3n de Umbria","description":"El Park Hotel ai Cappuccini es un convento del siglo XVII h\u00e1bilmente restaurado. Este espl\u00e9ndido edificio y las comunidades religiosas que desde su inicio lo han habitado, pertenecen a la historia de Gubbio","robots":{"index":"index","follow":"follow","max-snippet":"max-snippet:-1","max-image-preview":"max-image-preview:large","max-video-preview":"max-video-preview:-1"},"canonical":"https:\/\/www.parkhotelaicappuccini.it\/es\/","og_locale":"es_ES","og_type":"article","og_title":"Park Hotel ai Cappuccini - en el coraz\u00f3n de Umbria","og_description":"El Park Hotel ai Cappuccini es un convento del siglo XVII h\u00e1bilmente restaurado. Este espl\u00e9ndido edificio y las comunidades religiosas que desde su inicio lo han habitado, pertenecen a la historia de Gubbio","og_url":"https:\/\/www.parkhotelaicappuccini.it\/es\/","og_site_name":"Park Hotel Ai Cappuccini","article_modified_time":"2026-01-15T09:58:08+00:00","og_image":[{"width":1200,"height":666,"url":"https:\/\/www.parkhotelaicappuccini.it\/wp-content\/uploads\/sites\/385\/2021\/12\/Parco-Acque-6.jpg","type":"image\/jpeg"}],"twitter_card":"summary_large_image","twitter_misc":{"Tiempo de lectura":"1 minuto"},"schema":{"@context":"https:\/\/schema.org","@graph":[{"@type":"WebPage","@id":"https:\/\/www.parkhotelaicappuccini.it\/es\/","url":"https:\/\/www.parkhotelaicappuccini.it\/es\/","name":"Park Hotel ai Cappuccini - en el coraz\u00f3n de Umbria","isPartOf":{"@id":"https:\/\/www.parkhotelaicappuccini.it\/es\/#website"},"datePublished":"2021-11-30T16:39:26+00:00","dateModified":"2026-01-15T09:58:08+00:00","description":"El Park Hotel ai Cappuccini es un convento del siglo XVII h\u00e1bilmente restaurado. Este espl\u00e9ndido edificio y las comunidades religiosas que desde su inicio lo han habitado, pertenecen a la historia de Gubbio","breadcrumb":{"@id":"https:\/\/www.parkhotelaicappuccini.it\/es\/#breadcrumb"},"inLanguage":"es","potentialAction":[{"@type":"ReadAction","target":["https:\/\/www.parkhotelaicappuccini.it\/es\/"]}]},{"@type":"BreadcrumbList","@id":"https:\/\/www.parkhotelaicappuccini.it\/es\/#breadcrumb","itemListElement":[{"@type":"ListItem","position":1,"name":"Home","item":"https:\/\/www.parkhotelaicappuccini.it\/es\/"},{"@type":"ListItem","position":2,"name":"Park Hotel ai Cappuccini"}]},{"@type":"WebSite","@id":"https:\/\/www.parkhotelaicappuccini.it\/es\/#website","url":"https:\/\/www.parkhotelaicappuccini.it\/es\/","name":"Park Hotel Ai Cappuccini","description":"Just another ms.decms.eu site","potentialAction":[{"@type":"SearchAction","target":{"@type":"EntryPoint","urlTemplate":"https:\/\/www.parkhotelaicappuccini.it\/es\/?s={search_term_string}"},"query-input":{"@type":"PropertyValueSpecification","valueRequired":true,"valueName":"search_term_string"}}],"inLanguage":"es"}]}},"acf":[],"_links":{"self":[{"href":"https:\/\/www.parkhotelaicappuccini.it\/es\/wp-json\/wp\/v2\/pages\/7","targetHints":{"allow":["GET"]}}],"collection":[{"href":"https:\/\/www.parkhotelaicappuccini.it\/es\/wp-json\/wp\/v2\/pages"}],"about":[{"href":"https:\/\/www.parkhotelaicappuccini.it\/es\/wp-json\/wp\/v2\/types\/page"}],"author":[{"embeddable":true,"href":"https:\/\/www.parkhotelaicappuccini.it\/es\/wp-json\/wp\/v2\/users\/36"}],"replies":[{"embeddable":true,"href":"https:\/\/www.parkhotelaicappuccini.it\/es\/wp-json\/wp\/v2\/comments?post=7"}],"version-history":[{"count":0,"href":"https:\/\/www.parkhotelaicappuccini.it\/es\/wp-json\/wp\/v2\/pages\/7\/revisions"}],"wp:attachment":[{"href":"https:\/\/www.parkhotelaicappuccini.it\/es\/wp-json\/wp\/v2\/media?parent=7"}],"curies":[{"name":"wp","href":"https:\/\/api.w.org\/{rel}","templated":true}]}}