{"id":669,"date":"2021-12-23T16:32:02","date_gmt":"2021-12-23T16:32:02","guid":{"rendered":"https:\/\/park-hotel-ai-cappuccini.ms.decms.eu\/?page_id=669"},"modified":"2021-12-23T16:32:02","modified_gmt":"2021-12-23T16:32:02","slug":"gubbio-y-umbria","status":"publish","type":"page","link":"https:\/\/www.parkhotelaicappuccini.it\/es\/gubbio-y-umbria\/","title":{"rendered":"Gubbio y Umbr\u00eda"},"content":{"rendered":"<p>En la secci\u00f3n Nombramentos presentamos los principales eventos que tienen lugar en Gubbio a lo largo del a\u00f1o y que no se pueden perder.<\/p>\n<p>En la secci\u00f3n Qu\u00e9 hacer en Gubbio le proponemos algunas actividades de ocio que podr\u00e1 realizar durante su estancia en Gubbio y que har\u00e1n que su estancia sea muy placentera (algunas actividades podr\u00edan realizarse en colaboraci\u00f3n con intermediarios).<\/p>\n","protected":false},"excerpt":{"rendered":"<p>En la secci\u00f3n Nombramentos presentamos los principales eventos que tienen lugar en Gubbio a lo largo del a\u00f1o y que no se pueden perder. En la secci\u00f3n Qu\u00e9 hacer en Gubbio le proponemos algunas actividades de ocio que podr\u00e1 realizar durante su estancia en Gubbio y que har\u00e1n que su estancia sea muy placentera (algunas [&hellip;]<\/p>\n","protected":false},"author":36,"featured_media":0,"parent":0,"menu_order":70,"comment_status":"closed","ping_status":"closed","template":"template-surroundings.php","meta":{"footnotes":""},"class_list":["post-669","page","type-page","status-publish","hentry"],"yoast_head":"<!-- This site is optimized with the Yoast SEO plugin v26.9 - https:\/\/yoast.com\/product\/yoast-seo-wordpress\/ -->\n<title>Gubbio y Umbr\u00eda - Park Hotel Ai Cappuccini -<\/title>\n<meta name=\"description\" content=\"En la secci\u00f3n Nombramentos presentamos los principales eventos que tienen lugar en Gubbio a lo largo del a\u00f1o y que no se pueden perder.  En la secci\u00f3n Qu\u00e9 hacer en Gubbio le proponemos algunas actividades de ocio que podr\u00e1 realizar durante su estancia en Gubbio y que har\u00e1n que su estancia sea muy placentera (algunas actividades podr\u00edan realizarse en colaboraci\u00f3n con intermediarios)..\" \/>\n<meta name=\"robots\" content=\"index, follow, max-snippet:-1, max-image-preview:large, max-video-preview:-1\" \/>\n<link rel=\"canonical\" href=\"https:\/\/www.parkhotelaicappuccini.it\/es\/gubbio-y-umbria\/\" \/>\n<meta property=\"og:locale\" content=\"es_ES\" \/>\n<meta property=\"og:type\" content=\"article\" \/>\n<meta property=\"og:title\" content=\"Gubbio y Umbr\u00eda - Park Hotel Ai Cappuccini -\" \/>\n<meta property=\"og:description\" content=\"En la secci\u00f3n Nombramentos presentamos los principales eventos que tienen lugar en Gubbio a lo largo del a\u00f1o y que no se pueden perder.  En la secci\u00f3n Qu\u00e9 hacer en Gubbio le proponemos algunas actividades de ocio que podr\u00e1 realizar durante su estancia en Gubbio y que har\u00e1n que su estancia sea muy placentera (algunas actividades podr\u00edan realizarse en colaboraci\u00f3n con intermediarios)..\" \/>\n<meta property=\"og:url\" content=\"https:\/\/www.parkhotelaicappuccini.it\/es\/gubbio-y-umbria\/\" \/>\n<meta property=\"og:site_name\" content=\"Park Hotel Ai Cappuccini\" \/>\n<meta property=\"og:image\" content=\"https:\/\/www.parkhotelaicappuccini.it\/wp-content\/uploads\/sites\/385\/2021\/12\/Parco-Acque-6.jpg\" \/>\n\t<meta property=\"og:image:width\" content=\"1200\" \/>\n\t<meta property=\"og:image:height\" content=\"666\" \/>\n\t<meta property=\"og:image:type\" content=\"image\/jpeg\" \/>\n<meta name=\"twitter:card\" content=\"summary_large_image\" \/>\n<meta name=\"twitter:label1\" content=\"Tiempo de lectura\" \/>\n\t<meta name=\"twitter:data1\" content=\"1 minuto\" \/>\n<script type=\"application\/ld+json\" class=\"yoast-schema-graph\">{\"@context\":\"https:\/\/schema.org\",\"@graph\":[{\"@type\":\"WebPage\",\"@id\":\"https:\/\/www.parkhotelaicappuccini.it\/es\/gubbio-y-umbria\/\",\"url\":\"https:\/\/www.parkhotelaicappuccini.it\/es\/gubbio-y-umbria\/\",\"name\":\"Gubbio y Umbr\u00eda - Park Hotel Ai Cappuccini -\",\"isPartOf\":{\"@id\":\"https:\/\/www.parkhotelaicappuccini.it\/es\/#website\"},\"datePublished\":\"2021-12-23T16:32:02+00:00\",\"description\":\"En la secci\u00f3n Nombramentos presentamos los principales eventos que tienen lugar en Gubbio a lo largo del a\u00f1o y que no se pueden perder. En la secci\u00f3n Qu\u00e9 hacer en Gubbio le proponemos algunas actividades de ocio que podr\u00e1 realizar durante su estancia en Gubbio y que har\u00e1n que su estancia sea muy placentera (algunas actividades podr\u00edan realizarse en colaboraci\u00f3n con intermediarios)..\",\"breadcrumb\":{\"@id\":\"https:\/\/www.parkhotelaicappuccini.it\/es\/gubbio-y-umbria\/#breadcrumb\"},\"inLanguage\":\"es\",\"potentialAction\":[{\"@type\":\"ReadAction\",\"target\":[\"https:\/\/www.parkhotelaicappuccini.it\/es\/gubbio-y-umbria\/\"]}]},{\"@type\":\"BreadcrumbList\",\"@id\":\"https:\/\/www.parkhotelaicappuccini.it\/es\/gubbio-y-umbria\/#breadcrumb\",\"itemListElement\":[{\"@type\":\"ListItem\",\"position\":1,\"name\":\"Home\",\"item\":\"https:\/\/www.parkhotelaicappuccini.it\/es\/\"},{\"@type\":\"ListItem\",\"position\":2,\"name\":\"Gubbio y Umbr\u00eda\"}]},{\"@type\":\"WebSite\",\"@id\":\"https:\/\/www.parkhotelaicappuccini.it\/es\/#website\",\"url\":\"https:\/\/www.parkhotelaicappuccini.it\/es\/\",\"name\":\"Park Hotel Ai Cappuccini\",\"description\":\"Just another ms.decms.eu site\",\"potentialAction\":[{\"@type\":\"SearchAction\",\"target\":{\"@type\":\"EntryPoint\",\"urlTemplate\":\"https:\/\/www.parkhotelaicappuccini.it\/es\/?s={search_term_string}\"},\"query-input\":{\"@type\":\"PropertyValueSpecification\",\"valueRequired\":true,\"valueName\":\"search_term_string\"}}],\"inLanguage\":\"es\"}]}<\/script>\n<!-- \/ Yoast SEO plugin. -->","yoast_head_json":{"title":"Gubbio y Umbr\u00eda - Park Hotel Ai Cappuccini -","description":"En la secci\u00f3n Nombramentos presentamos los principales eventos que tienen lugar en Gubbio a lo largo del a\u00f1o y que no se pueden perder.  En la secci\u00f3n Qu\u00e9 hacer en Gubbio le proponemos algunas actividades de ocio que podr\u00e1 realizar durante su estancia en Gubbio y que har\u00e1n que su estancia sea muy placentera (algunas actividades podr\u00edan realizarse en colaboraci\u00f3n con intermediarios)..","robots":{"index":"index","follow":"follow","max-snippet":"max-snippet:-1","max-image-preview":"max-image-preview:large","max-video-preview":"max-video-preview:-1"},"canonical":"https:\/\/www.parkhotelaicappuccini.it\/es\/gubbio-y-umbria\/","og_locale":"es_ES","og_type":"article","og_title":"Gubbio y Umbr\u00eda - Park Hotel Ai Cappuccini -","og_description":"En la secci\u00f3n Nombramentos presentamos los principales eventos que tienen lugar en Gubbio a lo largo del a\u00f1o y que no se pueden perder.  En la secci\u00f3n Qu\u00e9 hacer en Gubbio le proponemos algunas actividades de ocio que podr\u00e1 realizar durante su estancia en Gubbio y que har\u00e1n que su estancia sea muy placentera (algunas actividades podr\u00edan realizarse en colaboraci\u00f3n con intermediarios)..","og_url":"https:\/\/www.parkhotelaicappuccini.it\/es\/gubbio-y-umbria\/","og_site_name":"Park Hotel Ai Cappuccini","og_image":[{"width":1200,"height":666,"url":"https:\/\/www.parkhotelaicappuccini.it\/wp-content\/uploads\/sites\/385\/2021\/12\/Parco-Acque-6.jpg","type":"image\/jpeg"}],"twitter_card":"summary_large_image","twitter_misc":{"Tiempo de lectura":"1 minuto"},"schema":{"@context":"https:\/\/schema.org","@graph":[{"@type":"WebPage","@id":"https:\/\/www.parkhotelaicappuccini.it\/es\/gubbio-y-umbria\/","url":"https:\/\/www.parkhotelaicappuccini.it\/es\/gubbio-y-umbria\/","name":"Gubbio y Umbr\u00eda - Park Hotel Ai Cappuccini -","isPartOf":{"@id":"https:\/\/www.parkhotelaicappuccini.it\/es\/#website"},"datePublished":"2021-12-23T16:32:02+00:00","description":"En la secci\u00f3n Nombramentos presentamos los principales eventos que tienen lugar en Gubbio a lo largo del a\u00f1o y que no se pueden perder. En la secci\u00f3n Qu\u00e9 hacer en Gubbio le proponemos algunas actividades de ocio que podr\u00e1 realizar durante su estancia en Gubbio y que har\u00e1n que su estancia sea muy placentera (algunas actividades podr\u00edan realizarse en colaboraci\u00f3n con intermediarios)..","breadcrumb":{"@id":"https:\/\/www.parkhotelaicappuccini.it\/es\/gubbio-y-umbria\/#breadcrumb"},"inLanguage":"es","potentialAction":[{"@type":"ReadAction","target":["https:\/\/www.parkhotelaicappuccini.it\/es\/gubbio-y-umbria\/"]}]},{"@type":"BreadcrumbList","@id":"https:\/\/www.parkhotelaicappuccini.it\/es\/gubbio-y-umbria\/#breadcrumb","itemListElement":[{"@type":"ListItem","position":1,"name":"Home","item":"https:\/\/www.parkhotelaicappuccini.it\/es\/"},{"@type":"ListItem","position":2,"name":"Gubbio y Umbr\u00eda"}]},{"@type":"WebSite","@id":"https:\/\/www.parkhotelaicappuccini.it\/es\/#website","url":"https:\/\/www.parkhotelaicappuccini.it\/es\/","name":"Park Hotel Ai Cappuccini","description":"Just another ms.decms.eu site","potentialAction":[{"@type":"SearchAction","target":{"@type":"EntryPoint","urlTemplate":"https:\/\/www.parkhotelaicappuccini.it\/es\/?s={search_term_string}"},"query-input":{"@type":"PropertyValueSpecification","valueRequired":true,"valueName":"search_term_string"}}],"inLanguage":"es"}]}},"acf":[],"_links":{"self":[{"href":"https:\/\/www.parkhotelaicappuccini.it\/es\/wp-json\/wp\/v2\/pages\/669","targetHints":{"allow":["GET"]}}],"collection":[{"href":"https:\/\/www.parkhotelaicappuccini.it\/es\/wp-json\/wp\/v2\/pages"}],"about":[{"href":"https:\/\/www.parkhotelaicappuccini.it\/es\/wp-json\/wp\/v2\/types\/page"}],"author":[{"embeddable":true,"href":"https:\/\/www.parkhotelaicappuccini.it\/es\/wp-json\/wp\/v2\/users\/36"}],"replies":[{"embeddable":true,"href":"https:\/\/www.parkhotelaicappuccini.it\/es\/wp-json\/wp\/v2\/comments?post=669"}],"version-history":[{"count":0,"href":"https:\/\/www.parkhotelaicappuccini.it\/es\/wp-json\/wp\/v2\/pages\/669\/revisions"}],"wp:attachment":[{"href":"https:\/\/www.parkhotelaicappuccini.it\/es\/wp-json\/wp\/v2\/media?parent=669"}],"curies":[{"name":"wp","href":"https:\/\/api.w.org\/{rel}","templated":true}]}}