{"id":572,"date":"2021-12-21T08:36:13","date_gmt":"2021-12-21T08:36:13","guid":{"rendered":"https:\/\/park-hotel-ai-cappuccini.ms.decms.eu\/?page_id=572"},"modified":"2022-01-26T09:09:02","modified_gmt":"2022-01-26T09:09:02","slug":"parco-acque","status":"publish","type":"page","link":"https:\/\/www.parkhotelaicappuccini.it\/es\/spa-fitness\/parco-acque\/","title":{"rendered":"Parco Acque"},"content":{"rendered":"<p>El\u00a0Parco Acque del Cappuccini Wellness &amp; Spa consta de dos zonas: una primera zona de 350 m2, de libre acceso, llamada Acque Emozionali y equipada con una piscina con carriles para practicar la nataci\u00f3n, una piscina para los peque\u00f1os, nataci\u00f3n contracorriente y \u00e1rea hidromasaje a 28\/29\u00b0C; una segunda zona, m\u00e1s \u00edntima y reservada, la Sala Idromassaggi, dispone de una ba\u00f1era de hidromasaje circular, una ba\u00f1era de hidromasaje con forma de arca que emplea agua enriquecida con magnesio y potasio y una ba\u00f1era de talasoterapia.<\/p>\n","protected":false},"excerpt":{"rendered":"<p>El\u00a0Parco Acque del Cappuccini Wellness &amp; Spa consta de dos zonas: una primera zona de 350 m2, de libre acceso, llamada Acque Emozionali y equipada con una piscina con carriles para practicar la nataci\u00f3n, una piscina para los peque\u00f1os, nataci\u00f3n contracorriente y \u00e1rea hidromasaje a 28\/29\u00b0C; una segunda zona, m\u00e1s \u00edntima y reservada, la Sala [&hellip;]<\/p>\n","protected":false},"author":36,"featured_media":0,"parent":476,"menu_order":10,"comment_status":"closed","ping_status":"closed","template":"template-single-spa.php","meta":{"footnotes":""},"class_list":["post-572","page","type-page","status-publish","hentry"],"yoast_head":"<!-- This site is optimized with the Yoast SEO plugin v26.9 - https:\/\/yoast.com\/product\/yoast-seo-wordpress\/ -->\n<title>Parco Acque - Park Hotel Ai Cappuccini -<\/title>\n<meta name=\"description\" content=\"El\u00a0Parco Acque del Cappuccini Wellness &amp; Spa consta de dos zonas: una primera zona de 350 m2, de libre acceso, llamada Acque Emozionali y equipada con una piscina con carriles para practicar la nataci\u00f3n, una piscina para los peque\u00f1os, nataci\u00f3n contracorriente y \u00e1rea hidromasaje a 28\/29\u00b0C; una segunda zona, m\u00e1s \u00edntima y reservada, la Sala Idromassaggi, dispone de una ba\u00f1era de hidromasaje circular, una ba\u00f1era de hidromasaje con forma de arca que emplea agua enriquecida con magnesio y potasio y una ba\u00f1era de talasoterapia..\" \/>\n<meta name=\"robots\" content=\"index, follow, max-snippet:-1, max-image-preview:large, max-video-preview:-1\" \/>\n<link rel=\"canonical\" href=\"https:\/\/www.parkhotelaicappuccini.it\/es\/spa-fitness\/parco-acque\/\" \/>\n<meta property=\"og:locale\" content=\"es_ES\" \/>\n<meta property=\"og:type\" content=\"article\" \/>\n<meta property=\"og:title\" content=\"Parco Acque - Park Hotel Ai Cappuccini -\" \/>\n<meta property=\"og:description\" content=\"El\u00a0Parco Acque del Cappuccini Wellness &amp; Spa consta de dos zonas: una primera zona de 350 m2, de libre acceso, llamada Acque Emozionali y equipada con una piscina con carriles para practicar la nataci\u00f3n, una piscina para los peque\u00f1os, nataci\u00f3n contracorriente y \u00e1rea hidromasaje a 28\/29\u00b0C; una segunda zona, m\u00e1s \u00edntima y reservada, la Sala Idromassaggi, dispone de una ba\u00f1era de hidromasaje circular, una ba\u00f1era de hidromasaje con forma de arca que emplea agua enriquecida con magnesio y potasio y una ba\u00f1era de talasoterapia..\" \/>\n<meta property=\"og:url\" content=\"https:\/\/www.parkhotelaicappuccini.it\/es\/spa-fitness\/parco-acque\/\" \/>\n<meta property=\"og:site_name\" content=\"Park Hotel Ai Cappuccini\" \/>\n<meta property=\"article:modified_time\" content=\"2022-01-26T09:09:02+00:00\" \/>\n<meta property=\"og:image\" content=\"https:\/\/www.parkhotelaicappuccini.it\/wp-content\/uploads\/sites\/385\/2021\/12\/Parco-Acque-6.jpg\" \/>\n\t<meta property=\"og:image:width\" content=\"1200\" \/>\n\t<meta property=\"og:image:height\" content=\"666\" \/>\n\t<meta property=\"og:image:type\" content=\"image\/jpeg\" \/>\n<meta name=\"twitter:card\" content=\"summary_large_image\" \/>\n<meta name=\"twitter:label1\" content=\"Tiempo de lectura\" \/>\n\t<meta name=\"twitter:data1\" content=\"1 minuto\" \/>\n<script type=\"application\/ld+json\" class=\"yoast-schema-graph\">{\"@context\":\"https:\/\/schema.org\",\"@graph\":[{\"@type\":\"WebPage\",\"@id\":\"https:\/\/www.parkhotelaicappuccini.it\/es\/spa-fitness\/parco-acque\/\",\"url\":\"https:\/\/www.parkhotelaicappuccini.it\/es\/spa-fitness\/parco-acque\/\",\"name\":\"Parco Acque - Park Hotel Ai Cappuccini -\",\"isPartOf\":{\"@id\":\"https:\/\/www.parkhotelaicappuccini.it\/es\/#website\"},\"datePublished\":\"2021-12-21T08:36:13+00:00\",\"dateModified\":\"2022-01-26T09:09:02+00:00\",\"description\":\"El\u00a0Parco Acque del Cappuccini Wellness &amp; Spa consta de dos zonas: una primera zona de 350 m2, de libre acceso, llamada Acque Emozionali y equipada con una piscina con carriles para practicar la nataci\u00f3n, una piscina para los peque\u00f1os, nataci\u00f3n contracorriente y \u00e1rea hidromasaje a 28\/29\u00b0C; una segunda zona, m\u00e1s \u00edntima y reservada, la Sala Idromassaggi, dispone de una ba\u00f1era de hidromasaje circular, una ba\u00f1era de hidromasaje con forma de arca que emplea agua enriquecida con magnesio y potasio y una ba\u00f1era de talasoterapia..\",\"breadcrumb\":{\"@id\":\"https:\/\/www.parkhotelaicappuccini.it\/es\/spa-fitness\/parco-acque\/#breadcrumb\"},\"inLanguage\":\"es\",\"potentialAction\":[{\"@type\":\"ReadAction\",\"target\":[\"https:\/\/www.parkhotelaicappuccini.it\/es\/spa-fitness\/parco-acque\/\"]}]},{\"@type\":\"BreadcrumbList\",\"@id\":\"https:\/\/www.parkhotelaicappuccini.it\/es\/spa-fitness\/parco-acque\/#breadcrumb\",\"itemListElement\":[{\"@type\":\"ListItem\",\"position\":1,\"name\":\"Home\",\"item\":\"https:\/\/www.parkhotelaicappuccini.it\/es\/\"},{\"@type\":\"ListItem\",\"position\":2,\"name\":\"Spa &amp; fitness\",\"item\":\"https:\/\/www.parkhotelaicappuccini.it\/es\/spa-fitness\/\"},{\"@type\":\"ListItem\",\"position\":3,\"name\":\"Parco Acque\"}]},{\"@type\":\"WebSite\",\"@id\":\"https:\/\/www.parkhotelaicappuccini.it\/es\/#website\",\"url\":\"https:\/\/www.parkhotelaicappuccini.it\/es\/\",\"name\":\"Park Hotel Ai Cappuccini\",\"description\":\"Just another ms.decms.eu site\",\"potentialAction\":[{\"@type\":\"SearchAction\",\"target\":{\"@type\":\"EntryPoint\",\"urlTemplate\":\"https:\/\/www.parkhotelaicappuccini.it\/es\/?s={search_term_string}\"},\"query-input\":{\"@type\":\"PropertyValueSpecification\",\"valueRequired\":true,\"valueName\":\"search_term_string\"}}],\"inLanguage\":\"es\"}]}<\/script>\n<!-- \/ Yoast SEO plugin. -->","yoast_head_json":{"title":"Parco Acque - Park Hotel Ai Cappuccini -","description":"El\u00a0Parco Acque del Cappuccini Wellness &amp; Spa consta de dos zonas: una primera zona de 350 m2, de libre acceso, llamada Acque Emozionali y equipada con una piscina con carriles para practicar la nataci\u00f3n, una piscina para los peque\u00f1os, nataci\u00f3n contracorriente y \u00e1rea hidromasaje a 28\/29\u00b0C; una segunda zona, m\u00e1s \u00edntima y reservada, la Sala Idromassaggi, dispone de una ba\u00f1era de hidromasaje circular, una ba\u00f1era de hidromasaje con forma de arca que emplea agua enriquecida con magnesio y potasio y una ba\u00f1era de talasoterapia..","robots":{"index":"index","follow":"follow","max-snippet":"max-snippet:-1","max-image-preview":"max-image-preview:large","max-video-preview":"max-video-preview:-1"},"canonical":"https:\/\/www.parkhotelaicappuccini.it\/es\/spa-fitness\/parco-acque\/","og_locale":"es_ES","og_type":"article","og_title":"Parco Acque - Park Hotel Ai Cappuccini -","og_description":"El\u00a0Parco Acque del Cappuccini Wellness &amp; Spa consta de dos zonas: una primera zona de 350 m2, de libre acceso, llamada Acque Emozionali y equipada con una piscina con carriles para practicar la nataci\u00f3n, una piscina para los peque\u00f1os, nataci\u00f3n contracorriente y \u00e1rea hidromasaje a 28\/29\u00b0C; una segunda zona, m\u00e1s \u00edntima y reservada, la Sala Idromassaggi, dispone de una ba\u00f1era de hidromasaje circular, una ba\u00f1era de hidromasaje con forma de arca que emplea agua enriquecida con magnesio y potasio y una ba\u00f1era de talasoterapia..","og_url":"https:\/\/www.parkhotelaicappuccini.it\/es\/spa-fitness\/parco-acque\/","og_site_name":"Park Hotel Ai Cappuccini","article_modified_time":"2022-01-26T09:09:02+00:00","og_image":[{"width":1200,"height":666,"url":"https:\/\/www.parkhotelaicappuccini.it\/wp-content\/uploads\/sites\/385\/2021\/12\/Parco-Acque-6.jpg","type":"image\/jpeg"}],"twitter_card":"summary_large_image","twitter_misc":{"Tiempo de lectura":"1 minuto"},"schema":{"@context":"https:\/\/schema.org","@graph":[{"@type":"WebPage","@id":"https:\/\/www.parkhotelaicappuccini.it\/es\/spa-fitness\/parco-acque\/","url":"https:\/\/www.parkhotelaicappuccini.it\/es\/spa-fitness\/parco-acque\/","name":"Parco Acque - Park Hotel Ai Cappuccini -","isPartOf":{"@id":"https:\/\/www.parkhotelaicappuccini.it\/es\/#website"},"datePublished":"2021-12-21T08:36:13+00:00","dateModified":"2022-01-26T09:09:02+00:00","description":"El\u00a0Parco Acque del Cappuccini Wellness &amp; Spa consta de dos zonas: una primera zona de 350 m2, de libre acceso, llamada Acque Emozionali y equipada con una piscina con carriles para practicar la nataci\u00f3n, una piscina para los peque\u00f1os, nataci\u00f3n contracorriente y \u00e1rea hidromasaje a 28\/29\u00b0C; una segunda zona, m\u00e1s \u00edntima y reservada, la Sala Idromassaggi, dispone de una ba\u00f1era de hidromasaje circular, una ba\u00f1era de hidromasaje con forma de arca que emplea agua enriquecida con magnesio y potasio y una ba\u00f1era de talasoterapia..","breadcrumb":{"@id":"https:\/\/www.parkhotelaicappuccini.it\/es\/spa-fitness\/parco-acque\/#breadcrumb"},"inLanguage":"es","potentialAction":[{"@type":"ReadAction","target":["https:\/\/www.parkhotelaicappuccini.it\/es\/spa-fitness\/parco-acque\/"]}]},{"@type":"BreadcrumbList","@id":"https:\/\/www.parkhotelaicappuccini.it\/es\/spa-fitness\/parco-acque\/#breadcrumb","itemListElement":[{"@type":"ListItem","position":1,"name":"Home","item":"https:\/\/www.parkhotelaicappuccini.it\/es\/"},{"@type":"ListItem","position":2,"name":"Spa &amp; fitness","item":"https:\/\/www.parkhotelaicappuccini.it\/es\/spa-fitness\/"},{"@type":"ListItem","position":3,"name":"Parco Acque"}]},{"@type":"WebSite","@id":"https:\/\/www.parkhotelaicappuccini.it\/es\/#website","url":"https:\/\/www.parkhotelaicappuccini.it\/es\/","name":"Park Hotel Ai Cappuccini","description":"Just another ms.decms.eu site","potentialAction":[{"@type":"SearchAction","target":{"@type":"EntryPoint","urlTemplate":"https:\/\/www.parkhotelaicappuccini.it\/es\/?s={search_term_string}"},"query-input":{"@type":"PropertyValueSpecification","valueRequired":true,"valueName":"search_term_string"}}],"inLanguage":"es"}]}},"acf":[],"_links":{"self":[{"href":"https:\/\/www.parkhotelaicappuccini.it\/es\/wp-json\/wp\/v2\/pages\/572","targetHints":{"allow":["GET"]}}],"collection":[{"href":"https:\/\/www.parkhotelaicappuccini.it\/es\/wp-json\/wp\/v2\/pages"}],"about":[{"href":"https:\/\/www.parkhotelaicappuccini.it\/es\/wp-json\/wp\/v2\/types\/page"}],"author":[{"embeddable":true,"href":"https:\/\/www.parkhotelaicappuccini.it\/es\/wp-json\/wp\/v2\/users\/36"}],"replies":[{"embeddable":true,"href":"https:\/\/www.parkhotelaicappuccini.it\/es\/wp-json\/wp\/v2\/comments?post=572"}],"version-history":[{"count":0,"href":"https:\/\/www.parkhotelaicappuccini.it\/es\/wp-json\/wp\/v2\/pages\/572\/revisions"}],"up":[{"embeddable":true,"href":"https:\/\/www.parkhotelaicappuccini.it\/es\/wp-json\/wp\/v2\/pages\/476"}],"wp:attachment":[{"href":"https:\/\/www.parkhotelaicappuccini.it\/es\/wp-json\/wp\/v2\/media?parent=572"}],"curies":[{"name":"wp","href":"https:\/\/api.w.org\/{rel}","templated":true}]}}