{"id":553,"date":"2021-12-21T08:24:45","date_gmt":"2021-12-21T08:24:45","guid":{"rendered":"https:\/\/park-hotel-ai-cappuccini.ms.decms.eu\/?page_id=553"},"modified":"2025-08-13T16:47:38","modified_gmt":"2025-08-13T16:47:38","slug":"jardines-colgantes-nuevo-2020","status":"publish","type":"page","link":"https:\/\/www.parkhotelaicappuccini.it\/es\/spa-fitness\/jardines-colgantes-nuevo-2020\/","title":{"rendered":"TERAZA JARD\u00cdN"},"content":{"rendered":"<p>La prolongaci\u00f3n natural del Parco Acque es la Terrazza Giardino (Teraza Jard\u00edn), construida a lo largo de la pendiente natural del Monte Foce, junto a la piscina Acque Emozionali, a los pies del olivar y del huerto arom\u00e1tico. Es el lugar donde las fuentes fluyen incesantemente captando la atenci\u00f3n e inspirando pensamientos de tranquilidad, el agua transparente salta desde refinados toboganes met\u00e1licos para caer luego en su lecho de piedra, el azul de las piscinas juega a intercambiar reflejos con el cielo y las nubes, el follaje de los arbustos ofrece una variedad incesante de tonos verdes, entre los que destacan inflorescencias de diferentes colores y formas<\/p>\n","protected":false},"excerpt":{"rendered":"<p>La prolongaci\u00f3n natural del Parco Acque es la Terrazza Giardino (Teraza Jard\u00edn), construida a lo largo de la pendiente natural del Monte Foce, junto a la piscina Acque Emozionali, a los pies del olivar y del huerto arom\u00e1tico. Es el lugar donde las fuentes fluyen incesantemente captando la atenci\u00f3n e inspirando pensamientos de tranquilidad, el [&hellip;]<\/p>\n","protected":false},"author":36,"featured_media":0,"parent":476,"menu_order":20,"comment_status":"closed","ping_status":"closed","template":"template-single-spa.php","meta":{"footnotes":""},"class_list":["post-553","page","type-page","status-publish","hentry"],"yoast_head":"<!-- This site is optimized with the Yoast SEO plugin v26.9 - https:\/\/yoast.com\/product\/yoast-seo-wordpress\/ -->\n<title>TERAZA JARD\u00cdN - Park Hotel Ai Cappuccini -<\/title>\n<meta name=\"description\" content=\"La prolongaci\u00f3n natural del Parco Acque es la Terrazza Giardino (Teraza Jard\u00edn), construida a lo largo de la pendiente natural del Monte Foce, junto a la piscina Acque Emozionali, a los pies del olivar y del huerto arom\u00e1tico. Es el lugar donde las fuentes fluyen incesantemente captando la atenci\u00f3n e inspirando pensamientos de tranquilidad, el agua transparente salta desde refinados toboganes met\u00e1licos para caer luego en su lecho de piedra, el azul de las piscinas juega a intercambiar reflejos con el cielo y las nubes, el follaje de los arbustos ofrece una variedad incesante de tonos verdes, entre los que destacan inflorescencias de diferentes colores y formas\" \/>\n<meta name=\"robots\" content=\"index, follow, max-snippet:-1, max-image-preview:large, max-video-preview:-1\" \/>\n<link rel=\"canonical\" href=\"https:\/\/www.parkhotelaicappuccini.it\/es\/spa-fitness\/jardines-colgantes-nuevo-2020\/\" \/>\n<meta property=\"og:locale\" content=\"es_ES\" \/>\n<meta property=\"og:type\" content=\"article\" \/>\n<meta property=\"og:title\" content=\"TERAZA JARD\u00cdN - Park Hotel Ai Cappuccini -\" \/>\n<meta property=\"og:description\" content=\"La prolongaci\u00f3n natural del Parco Acque es la Terrazza Giardino (Teraza Jard\u00edn), construida a lo largo de la pendiente natural del Monte Foce, junto a la piscina Acque Emozionali, a los pies del olivar y del huerto arom\u00e1tico. Es el lugar donde las fuentes fluyen incesantemente captando la atenci\u00f3n e inspirando pensamientos de tranquilidad, el agua transparente salta desde refinados toboganes met\u00e1licos para caer luego en su lecho de piedra, el azul de las piscinas juega a intercambiar reflejos con el cielo y las nubes, el follaje de los arbustos ofrece una variedad incesante de tonos verdes, entre los que destacan inflorescencias de diferentes colores y formas\" \/>\n<meta property=\"og:url\" content=\"https:\/\/www.parkhotelaicappuccini.it\/es\/spa-fitness\/jardines-colgantes-nuevo-2020\/\" \/>\n<meta property=\"og:site_name\" content=\"Park Hotel Ai Cappuccini\" \/>\n<meta property=\"article:modified_time\" content=\"2025-08-13T16:47:38+00:00\" \/>\n<meta property=\"og:image\" content=\"https:\/\/www.parkhotelaicappuccini.it\/wp-content\/uploads\/sites\/385\/2021\/12\/Parco-Acque-6.jpg\" \/>\n\t<meta property=\"og:image:width\" content=\"1200\" \/>\n\t<meta property=\"og:image:height\" content=\"666\" \/>\n\t<meta property=\"og:image:type\" content=\"image\/jpeg\" \/>\n<meta name=\"twitter:card\" content=\"summary_large_image\" \/>\n<meta name=\"twitter:label1\" content=\"Tiempo de lectura\" \/>\n\t<meta name=\"twitter:data1\" content=\"1 minuto\" \/>\n<script type=\"application\/ld+json\" class=\"yoast-schema-graph\">{\"@context\":\"https:\/\/schema.org\",\"@graph\":[{\"@type\":\"WebPage\",\"@id\":\"https:\/\/www.parkhotelaicappuccini.it\/es\/spa-fitness\/jardines-colgantes-nuevo-2020\/\",\"url\":\"https:\/\/www.parkhotelaicappuccini.it\/es\/spa-fitness\/jardines-colgantes-nuevo-2020\/\",\"name\":\"TERAZA JARD\u00cdN - Park Hotel Ai Cappuccini -\",\"isPartOf\":{\"@id\":\"https:\/\/www.parkhotelaicappuccini.it\/es\/#website\"},\"datePublished\":\"2021-12-21T08:24:45+00:00\",\"dateModified\":\"2025-08-13T16:47:38+00:00\",\"description\":\"La prolongaci\u00f3n natural del Parco Acque es la Terrazza Giardino (Teraza Jard\u00edn), construida a lo largo de la pendiente natural del Monte Foce, junto a la piscina Acque Emozionali, a los pies del olivar y del huerto arom\u00e1tico. Es el lugar donde las fuentes fluyen incesantemente captando la atenci\u00f3n e inspirando pensamientos de tranquilidad, el agua transparente salta desde refinados toboganes met\u00e1licos para caer luego en su lecho de piedra, el azul de las piscinas juega a intercambiar reflejos con el cielo y las nubes, el follaje de los arbustos ofrece una variedad incesante de tonos verdes, entre los que destacan inflorescencias de diferentes colores y formas\",\"breadcrumb\":{\"@id\":\"https:\/\/www.parkhotelaicappuccini.it\/es\/spa-fitness\/jardines-colgantes-nuevo-2020\/#breadcrumb\"},\"inLanguage\":\"es\",\"potentialAction\":[{\"@type\":\"ReadAction\",\"target\":[\"https:\/\/www.parkhotelaicappuccini.it\/es\/spa-fitness\/jardines-colgantes-nuevo-2020\/\"]}]},{\"@type\":\"BreadcrumbList\",\"@id\":\"https:\/\/www.parkhotelaicappuccini.it\/es\/spa-fitness\/jardines-colgantes-nuevo-2020\/#breadcrumb\",\"itemListElement\":[{\"@type\":\"ListItem\",\"position\":1,\"name\":\"Home\",\"item\":\"https:\/\/www.parkhotelaicappuccini.it\/es\/\"},{\"@type\":\"ListItem\",\"position\":2,\"name\":\"Spa &amp; fitness\",\"item\":\"https:\/\/www.parkhotelaicappuccini.it\/es\/spa-fitness\/\"},{\"@type\":\"ListItem\",\"position\":3,\"name\":\"TERAZA JARD\u00cdN\"}]},{\"@type\":\"WebSite\",\"@id\":\"https:\/\/www.parkhotelaicappuccini.it\/es\/#website\",\"url\":\"https:\/\/www.parkhotelaicappuccini.it\/es\/\",\"name\":\"Park Hotel Ai Cappuccini\",\"description\":\"Just another ms.decms.eu site\",\"potentialAction\":[{\"@type\":\"SearchAction\",\"target\":{\"@type\":\"EntryPoint\",\"urlTemplate\":\"https:\/\/www.parkhotelaicappuccini.it\/es\/?s={search_term_string}\"},\"query-input\":{\"@type\":\"PropertyValueSpecification\",\"valueRequired\":true,\"valueName\":\"search_term_string\"}}],\"inLanguage\":\"es\"}]}<\/script>\n<!-- \/ Yoast SEO plugin. -->","yoast_head_json":{"title":"TERAZA JARD\u00cdN - Park Hotel Ai Cappuccini -","description":"La prolongaci\u00f3n natural del Parco Acque es la Terrazza Giardino (Teraza Jard\u00edn), construida a lo largo de la pendiente natural del Monte Foce, junto a la piscina Acque Emozionali, a los pies del olivar y del huerto arom\u00e1tico. Es el lugar donde las fuentes fluyen incesantemente captando la atenci\u00f3n e inspirando pensamientos de tranquilidad, el agua transparente salta desde refinados toboganes met\u00e1licos para caer luego en su lecho de piedra, el azul de las piscinas juega a intercambiar reflejos con el cielo y las nubes, el follaje de los arbustos ofrece una variedad incesante de tonos verdes, entre los que destacan inflorescencias de diferentes colores y formas","robots":{"index":"index","follow":"follow","max-snippet":"max-snippet:-1","max-image-preview":"max-image-preview:large","max-video-preview":"max-video-preview:-1"},"canonical":"https:\/\/www.parkhotelaicappuccini.it\/es\/spa-fitness\/jardines-colgantes-nuevo-2020\/","og_locale":"es_ES","og_type":"article","og_title":"TERAZA JARD\u00cdN - Park Hotel Ai Cappuccini -","og_description":"La prolongaci\u00f3n natural del Parco Acque es la Terrazza Giardino (Teraza Jard\u00edn), construida a lo largo de la pendiente natural del Monte Foce, junto a la piscina Acque Emozionali, a los pies del olivar y del huerto arom\u00e1tico. Es el lugar donde las fuentes fluyen incesantemente captando la atenci\u00f3n e inspirando pensamientos de tranquilidad, el agua transparente salta desde refinados toboganes met\u00e1licos para caer luego en su lecho de piedra, el azul de las piscinas juega a intercambiar reflejos con el cielo y las nubes, el follaje de los arbustos ofrece una variedad incesante de tonos verdes, entre los que destacan inflorescencias de diferentes colores y formas","og_url":"https:\/\/www.parkhotelaicappuccini.it\/es\/spa-fitness\/jardines-colgantes-nuevo-2020\/","og_site_name":"Park Hotel Ai Cappuccini","article_modified_time":"2025-08-13T16:47:38+00:00","og_image":[{"width":1200,"height":666,"url":"https:\/\/www.parkhotelaicappuccini.it\/wp-content\/uploads\/sites\/385\/2021\/12\/Parco-Acque-6.jpg","type":"image\/jpeg"}],"twitter_card":"summary_large_image","twitter_misc":{"Tiempo de lectura":"1 minuto"},"schema":{"@context":"https:\/\/schema.org","@graph":[{"@type":"WebPage","@id":"https:\/\/www.parkhotelaicappuccini.it\/es\/spa-fitness\/jardines-colgantes-nuevo-2020\/","url":"https:\/\/www.parkhotelaicappuccini.it\/es\/spa-fitness\/jardines-colgantes-nuevo-2020\/","name":"TERAZA JARD\u00cdN - Park Hotel Ai Cappuccini -","isPartOf":{"@id":"https:\/\/www.parkhotelaicappuccini.it\/es\/#website"},"datePublished":"2021-12-21T08:24:45+00:00","dateModified":"2025-08-13T16:47:38+00:00","description":"La prolongaci\u00f3n natural del Parco Acque es la Terrazza Giardino (Teraza Jard\u00edn), construida a lo largo de la pendiente natural del Monte Foce, junto a la piscina Acque Emozionali, a los pies del olivar y del huerto arom\u00e1tico. Es el lugar donde las fuentes fluyen incesantemente captando la atenci\u00f3n e inspirando pensamientos de tranquilidad, el agua transparente salta desde refinados toboganes met\u00e1licos para caer luego en su lecho de piedra, el azul de las piscinas juega a intercambiar reflejos con el cielo y las nubes, el follaje de los arbustos ofrece una variedad incesante de tonos verdes, entre los que destacan inflorescencias de diferentes colores y formas","breadcrumb":{"@id":"https:\/\/www.parkhotelaicappuccini.it\/es\/spa-fitness\/jardines-colgantes-nuevo-2020\/#breadcrumb"},"inLanguage":"es","potentialAction":[{"@type":"ReadAction","target":["https:\/\/www.parkhotelaicappuccini.it\/es\/spa-fitness\/jardines-colgantes-nuevo-2020\/"]}]},{"@type":"BreadcrumbList","@id":"https:\/\/www.parkhotelaicappuccini.it\/es\/spa-fitness\/jardines-colgantes-nuevo-2020\/#breadcrumb","itemListElement":[{"@type":"ListItem","position":1,"name":"Home","item":"https:\/\/www.parkhotelaicappuccini.it\/es\/"},{"@type":"ListItem","position":2,"name":"Spa &amp; fitness","item":"https:\/\/www.parkhotelaicappuccini.it\/es\/spa-fitness\/"},{"@type":"ListItem","position":3,"name":"TERAZA JARD\u00cdN"}]},{"@type":"WebSite","@id":"https:\/\/www.parkhotelaicappuccini.it\/es\/#website","url":"https:\/\/www.parkhotelaicappuccini.it\/es\/","name":"Park Hotel Ai Cappuccini","description":"Just another ms.decms.eu site","potentialAction":[{"@type":"SearchAction","target":{"@type":"EntryPoint","urlTemplate":"https:\/\/www.parkhotelaicappuccini.it\/es\/?s={search_term_string}"},"query-input":{"@type":"PropertyValueSpecification","valueRequired":true,"valueName":"search_term_string"}}],"inLanguage":"es"}]}},"acf":[],"_links":{"self":[{"href":"https:\/\/www.parkhotelaicappuccini.it\/es\/wp-json\/wp\/v2\/pages\/553","targetHints":{"allow":["GET"]}}],"collection":[{"href":"https:\/\/www.parkhotelaicappuccini.it\/es\/wp-json\/wp\/v2\/pages"}],"about":[{"href":"https:\/\/www.parkhotelaicappuccini.it\/es\/wp-json\/wp\/v2\/types\/page"}],"author":[{"embeddable":true,"href":"https:\/\/www.parkhotelaicappuccini.it\/es\/wp-json\/wp\/v2\/users\/36"}],"replies":[{"embeddable":true,"href":"https:\/\/www.parkhotelaicappuccini.it\/es\/wp-json\/wp\/v2\/comments?post=553"}],"version-history":[{"count":0,"href":"https:\/\/www.parkhotelaicappuccini.it\/es\/wp-json\/wp\/v2\/pages\/553\/revisions"}],"up":[{"embeddable":true,"href":"https:\/\/www.parkhotelaicappuccini.it\/es\/wp-json\/wp\/v2\/pages\/476"}],"wp:attachment":[{"href":"https:\/\/www.parkhotelaicappuccini.it\/es\/wp-json\/wp\/v2\/media?parent=553"}],"curies":[{"name":"wp","href":"https:\/\/api.w.org\/{rel}","templated":true}]}}