{"id":508,"date":"2021-12-20T16:21:03","date_gmt":"2021-12-20T16:21:03","guid":{"rendered":"https:\/\/park-hotel-ai-cappuccini.ms.decms.eu\/?page_id=508"},"modified":"2023-10-03T09:27:43","modified_gmt":"2023-10-03T09:27:43","slug":"el-spa","status":"publish","type":"page","link":"https:\/\/www.parkhotelaicappuccini.it\/es\/spa-fitness\/spa\/el-spa\/","title":{"rendered":"el Spa"},"content":{"rendered":"<p>En la SPA el placer del relax y del relajamiento muscular se obtienen nada m\u00e1s entrar: relaj\u00e1ndose en el ba\u00f1o mediterr\u00e1neo; purific\u00e1ndose en las saunas finlandesas y en el ba\u00f1o turco; acost\u00e1ndose en la sala relax y bebiendo una tisana arropados por el tepor, para calentarse sin esfuerzo; revitaliz\u00e1ndose en el recorrido de las duchas emocionales y del wasser paradise con la aroma-cromoterapia, en donde aromas tropicales acompa\u00f1ados por una ducha tibia evocan d\u00edas de sol en playas remotas, interrumpidos por breves y perfumados temporales, mientras aguas fr\u00edas, con esencias de menta, rememoran los helados paisajes del norte.<\/p>\n","protected":false},"excerpt":{"rendered":"<p>En la SPA el placer del relax y del relajamiento muscular se obtienen nada m\u00e1s entrar: relaj\u00e1ndose en el ba\u00f1o mediterr\u00e1neo; purific\u00e1ndose en las saunas finlandesas y en el ba\u00f1o turco; acost\u00e1ndose en la sala relax y bebiendo una tisana arropados por el tepor, para calentarse sin esfuerzo; revitaliz\u00e1ndose en el recorrido de las duchas [&hellip;]<\/p>\n","protected":false},"author":36,"featured_media":0,"parent":496,"menu_order":5,"comment_status":"closed","ping_status":"closed","template":"template-default-3.php","meta":{"footnotes":""},"class_list":["post-508","page","type-page","status-publish","hentry"],"yoast_head":"<!-- This site is optimized with the Yoast SEO plugin v26.9 - https:\/\/yoast.com\/product\/yoast-seo-wordpress\/ -->\n<title>el Spa - Park Hotel Ai Cappuccini -<\/title>\n<meta name=\"description\" content=\"En la SPA el placer del relax y del relajamiento muscular se obtienen nada m\u00e1s entrar: relaj\u00e1ndose en el ba\u00f1o mediterr\u00e1neo; purific\u00e1ndose en las saunas finlandesas y en el ba\u00f1o turco; acost\u00e1ndose en la sala relax y bebiendo una tisana arropados por el tepor, para calentarse sin esfuerzo; revitaliz\u00e1ndose en el recorrido de las duchas emocionales y del wasser paradise con la aroma-cromoterapia, en donde aromas tropicales acompa\u00f1ados por una ducha tibia evocan d\u00edas de sol en playas remotas, interrumpidos por breves y perfumados temporales, mientras aguas fr\u00edas, con esencias de menta, rememoran los helados paisajes del norte..\" \/>\n<meta name=\"robots\" content=\"index, follow, max-snippet:-1, max-image-preview:large, max-video-preview:-1\" \/>\n<link rel=\"canonical\" href=\"https:\/\/www.parkhotelaicappuccini.it\/es\/spa-fitness\/spa\/el-spa\/\" \/>\n<meta property=\"og:locale\" content=\"es_ES\" \/>\n<meta property=\"og:type\" content=\"article\" \/>\n<meta property=\"og:title\" content=\"el Spa - Park Hotel Ai Cappuccini -\" \/>\n<meta property=\"og:description\" content=\"En la SPA el placer del relax y del relajamiento muscular se obtienen nada m\u00e1s entrar: relaj\u00e1ndose en el ba\u00f1o mediterr\u00e1neo; purific\u00e1ndose en las saunas finlandesas y en el ba\u00f1o turco; acost\u00e1ndose en la sala relax y bebiendo una tisana arropados por el tepor, para calentarse sin esfuerzo; revitaliz\u00e1ndose en el recorrido de las duchas emocionales y del wasser paradise con la aroma-cromoterapia, en donde aromas tropicales acompa\u00f1ados por una ducha tibia evocan d\u00edas de sol en playas remotas, interrumpidos por breves y perfumados temporales, mientras aguas fr\u00edas, con esencias de menta, rememoran los helados paisajes del norte..\" \/>\n<meta property=\"og:url\" content=\"https:\/\/www.parkhotelaicappuccini.it\/es\/spa-fitness\/spa\/el-spa\/\" \/>\n<meta property=\"og:site_name\" content=\"Park Hotel Ai Cappuccini\" \/>\n<meta property=\"article:modified_time\" content=\"2023-10-03T09:27:43+00:00\" \/>\n<meta property=\"og:image\" content=\"https:\/\/www.parkhotelaicappuccini.it\/wp-content\/uploads\/sites\/385\/2021\/12\/Parco-Acque-6.jpg\" \/>\n\t<meta property=\"og:image:width\" content=\"1200\" \/>\n\t<meta property=\"og:image:height\" content=\"666\" \/>\n\t<meta property=\"og:image:type\" content=\"image\/jpeg\" \/>\n<meta name=\"twitter:card\" content=\"summary_large_image\" \/>\n<meta name=\"twitter:label1\" content=\"Tiempo de lectura\" \/>\n\t<meta name=\"twitter:data1\" content=\"1 minuto\" \/>\n<script type=\"application\/ld+json\" class=\"yoast-schema-graph\">{\"@context\":\"https:\/\/schema.org\",\"@graph\":[{\"@type\":\"WebPage\",\"@id\":\"https:\/\/www.parkhotelaicappuccini.it\/es\/spa-fitness\/spa\/el-spa\/\",\"url\":\"https:\/\/www.parkhotelaicappuccini.it\/es\/spa-fitness\/spa\/el-spa\/\",\"name\":\"el Spa - Park Hotel Ai Cappuccini -\",\"isPartOf\":{\"@id\":\"https:\/\/www.parkhotelaicappuccini.it\/es\/#website\"},\"datePublished\":\"2021-12-20T16:21:03+00:00\",\"dateModified\":\"2023-10-03T09:27:43+00:00\",\"description\":\"En la SPA el placer del relax y del relajamiento muscular se obtienen nada m\u00e1s entrar: relaj\u00e1ndose en el ba\u00f1o mediterr\u00e1neo; purific\u00e1ndose en las saunas finlandesas y en el ba\u00f1o turco; acost\u00e1ndose en la sala relax y bebiendo una tisana arropados por el tepor, para calentarse sin esfuerzo; revitaliz\u00e1ndose en el recorrido de las duchas emocionales y del wasser paradise con la aroma-cromoterapia, en donde aromas tropicales acompa\u00f1ados por una ducha tibia evocan d\u00edas de sol en playas remotas, interrumpidos por breves y perfumados temporales, mientras aguas fr\u00edas, con esencias de menta, rememoran los helados paisajes del norte..\",\"breadcrumb\":{\"@id\":\"https:\/\/www.parkhotelaicappuccini.it\/es\/spa-fitness\/spa\/el-spa\/#breadcrumb\"},\"inLanguage\":\"es\",\"potentialAction\":[{\"@type\":\"ReadAction\",\"target\":[\"https:\/\/www.parkhotelaicappuccini.it\/es\/spa-fitness\/spa\/el-spa\/\"]}]},{\"@type\":\"BreadcrumbList\",\"@id\":\"https:\/\/www.parkhotelaicappuccini.it\/es\/spa-fitness\/spa\/el-spa\/#breadcrumb\",\"itemListElement\":[{\"@type\":\"ListItem\",\"position\":1,\"name\":\"Home\",\"item\":\"https:\/\/www.parkhotelaicappuccini.it\/es\/\"},{\"@type\":\"ListItem\",\"position\":2,\"name\":\"Spa &amp; fitness\",\"item\":\"https:\/\/www.parkhotelaicappuccini.it\/es\/spa-fitness\/\"},{\"@type\":\"ListItem\",\"position\":3,\"name\":\"Spa\",\"item\":\"https:\/\/www.parkhotelaicappuccini.it\/es\/spa-fitness\/spa\/\"},{\"@type\":\"ListItem\",\"position\":4,\"name\":\"el Spa\"}]},{\"@type\":\"WebSite\",\"@id\":\"https:\/\/www.parkhotelaicappuccini.it\/es\/#website\",\"url\":\"https:\/\/www.parkhotelaicappuccini.it\/es\/\",\"name\":\"Park Hotel Ai Cappuccini\",\"description\":\"Just another ms.decms.eu site\",\"potentialAction\":[{\"@type\":\"SearchAction\",\"target\":{\"@type\":\"EntryPoint\",\"urlTemplate\":\"https:\/\/www.parkhotelaicappuccini.it\/es\/?s={search_term_string}\"},\"query-input\":{\"@type\":\"PropertyValueSpecification\",\"valueRequired\":true,\"valueName\":\"search_term_string\"}}],\"inLanguage\":\"es\"}]}<\/script>\n<!-- \/ Yoast SEO plugin. -->","yoast_head_json":{"title":"el Spa - Park Hotel Ai Cappuccini -","description":"En la SPA el placer del relax y del relajamiento muscular se obtienen nada m\u00e1s entrar: relaj\u00e1ndose en el ba\u00f1o mediterr\u00e1neo; purific\u00e1ndose en las saunas finlandesas y en el ba\u00f1o turco; acost\u00e1ndose en la sala relax y bebiendo una tisana arropados por el tepor, para calentarse sin esfuerzo; revitaliz\u00e1ndose en el recorrido de las duchas emocionales y del wasser paradise con la aroma-cromoterapia, en donde aromas tropicales acompa\u00f1ados por una ducha tibia evocan d\u00edas de sol en playas remotas, interrumpidos por breves y perfumados temporales, mientras aguas fr\u00edas, con esencias de menta, rememoran los helados paisajes del norte..","robots":{"index":"index","follow":"follow","max-snippet":"max-snippet:-1","max-image-preview":"max-image-preview:large","max-video-preview":"max-video-preview:-1"},"canonical":"https:\/\/www.parkhotelaicappuccini.it\/es\/spa-fitness\/spa\/el-spa\/","og_locale":"es_ES","og_type":"article","og_title":"el Spa - Park Hotel Ai Cappuccini -","og_description":"En la SPA el placer del relax y del relajamiento muscular se obtienen nada m\u00e1s entrar: relaj\u00e1ndose en el ba\u00f1o mediterr\u00e1neo; purific\u00e1ndose en las saunas finlandesas y en el ba\u00f1o turco; acost\u00e1ndose en la sala relax y bebiendo una tisana arropados por el tepor, para calentarse sin esfuerzo; revitaliz\u00e1ndose en el recorrido de las duchas emocionales y del wasser paradise con la aroma-cromoterapia, en donde aromas tropicales acompa\u00f1ados por una ducha tibia evocan d\u00edas de sol en playas remotas, interrumpidos por breves y perfumados temporales, mientras aguas fr\u00edas, con esencias de menta, rememoran los helados paisajes del norte..","og_url":"https:\/\/www.parkhotelaicappuccini.it\/es\/spa-fitness\/spa\/el-spa\/","og_site_name":"Park Hotel Ai Cappuccini","article_modified_time":"2023-10-03T09:27:43+00:00","og_image":[{"width":1200,"height":666,"url":"https:\/\/www.parkhotelaicappuccini.it\/wp-content\/uploads\/sites\/385\/2021\/12\/Parco-Acque-6.jpg","type":"image\/jpeg"}],"twitter_card":"summary_large_image","twitter_misc":{"Tiempo de lectura":"1 minuto"},"schema":{"@context":"https:\/\/schema.org","@graph":[{"@type":"WebPage","@id":"https:\/\/www.parkhotelaicappuccini.it\/es\/spa-fitness\/spa\/el-spa\/","url":"https:\/\/www.parkhotelaicappuccini.it\/es\/spa-fitness\/spa\/el-spa\/","name":"el Spa - Park Hotel Ai Cappuccini -","isPartOf":{"@id":"https:\/\/www.parkhotelaicappuccini.it\/es\/#website"},"datePublished":"2021-12-20T16:21:03+00:00","dateModified":"2023-10-03T09:27:43+00:00","description":"En la SPA el placer del relax y del relajamiento muscular se obtienen nada m\u00e1s entrar: relaj\u00e1ndose en el ba\u00f1o mediterr\u00e1neo; purific\u00e1ndose en las saunas finlandesas y en el ba\u00f1o turco; acost\u00e1ndose en la sala relax y bebiendo una tisana arropados por el tepor, para calentarse sin esfuerzo; revitaliz\u00e1ndose en el recorrido de las duchas emocionales y del wasser paradise con la aroma-cromoterapia, en donde aromas tropicales acompa\u00f1ados por una ducha tibia evocan d\u00edas de sol en playas remotas, interrumpidos por breves y perfumados temporales, mientras aguas fr\u00edas, con esencias de menta, rememoran los helados paisajes del norte..","breadcrumb":{"@id":"https:\/\/www.parkhotelaicappuccini.it\/es\/spa-fitness\/spa\/el-spa\/#breadcrumb"},"inLanguage":"es","potentialAction":[{"@type":"ReadAction","target":["https:\/\/www.parkhotelaicappuccini.it\/es\/spa-fitness\/spa\/el-spa\/"]}]},{"@type":"BreadcrumbList","@id":"https:\/\/www.parkhotelaicappuccini.it\/es\/spa-fitness\/spa\/el-spa\/#breadcrumb","itemListElement":[{"@type":"ListItem","position":1,"name":"Home","item":"https:\/\/www.parkhotelaicappuccini.it\/es\/"},{"@type":"ListItem","position":2,"name":"Spa &amp; fitness","item":"https:\/\/www.parkhotelaicappuccini.it\/es\/spa-fitness\/"},{"@type":"ListItem","position":3,"name":"Spa","item":"https:\/\/www.parkhotelaicappuccini.it\/es\/spa-fitness\/spa\/"},{"@type":"ListItem","position":4,"name":"el Spa"}]},{"@type":"WebSite","@id":"https:\/\/www.parkhotelaicappuccini.it\/es\/#website","url":"https:\/\/www.parkhotelaicappuccini.it\/es\/","name":"Park Hotel Ai Cappuccini","description":"Just another ms.decms.eu site","potentialAction":[{"@type":"SearchAction","target":{"@type":"EntryPoint","urlTemplate":"https:\/\/www.parkhotelaicappuccini.it\/es\/?s={search_term_string}"},"query-input":{"@type":"PropertyValueSpecification","valueRequired":true,"valueName":"search_term_string"}}],"inLanguage":"es"}]}},"acf":[],"_links":{"self":[{"href":"https:\/\/www.parkhotelaicappuccini.it\/es\/wp-json\/wp\/v2\/pages\/508","targetHints":{"allow":["GET"]}}],"collection":[{"href":"https:\/\/www.parkhotelaicappuccini.it\/es\/wp-json\/wp\/v2\/pages"}],"about":[{"href":"https:\/\/www.parkhotelaicappuccini.it\/es\/wp-json\/wp\/v2\/types\/page"}],"author":[{"embeddable":true,"href":"https:\/\/www.parkhotelaicappuccini.it\/es\/wp-json\/wp\/v2\/users\/36"}],"replies":[{"embeddable":true,"href":"https:\/\/www.parkhotelaicappuccini.it\/es\/wp-json\/wp\/v2\/comments?post=508"}],"version-history":[{"count":0,"href":"https:\/\/www.parkhotelaicappuccini.it\/es\/wp-json\/wp\/v2\/pages\/508\/revisions"}],"up":[{"embeddable":true,"href":"https:\/\/www.parkhotelaicappuccini.it\/es\/wp-json\/wp\/v2\/pages\/496"}],"wp:attachment":[{"href":"https:\/\/www.parkhotelaicappuccini.it\/es\/wp-json\/wp\/v2\/media?parent=508"}],"curies":[{"name":"wp","href":"https:\/\/api.w.org\/{rel}","templated":true}]}}