{"id":496,"date":"2021-12-20T15:34:22","date_gmt":"2021-12-20T15:34:22","guid":{"rendered":"https:\/\/park-hotel-ai-cappuccini.ms.decms.eu\/?page_id=496"},"modified":"2026-01-08T16:16:16","modified_gmt":"2026-01-08T16:16:16","slug":"spa","status":"publish","type":"page","link":"https:\/\/www.parkhotelaicappuccini.it\/es\/spa-fitness\/spa\/","title":{"rendered":"Spa"},"content":{"rendered":"<p>Aflora una nueva filosof\u00eda que tiene por objetivo encontrar la harmon\u00eda y la belleza gracias a las propiedades ben\u00e9ficas del mundo vegetal, en una perfecta uni\u00f3n entre tecnolog\u00eda y naturaleza.<\/p>\n<p>En un ambiente de design, enmarcado por los colores c\u00e1lidos de la madera, envuelto por el perfume de las esencias del del territorio y de las creadas por algunas empresas de cosm\u00e9tica que ofrecen una vasta gama de productos naturales a base de plantas y flores, el cuerpo vuelve a encontrar su equilibrio.<\/p>\n<p>El Spa Path incluye los siguientes servicios: SPA (saunas, ba\u00f1o turco, ba\u00f1o mediterr\u00e1neo, duchas emocionales, zona de relajaci\u00f3n); Sala de hidromasaje; Oasi del Parco (piscina interior\/exterior a 34\u00b0C, sendero Kneipp, zona de silencio y relajaci\u00f3n); spa kit. Precio a partir de 50,00 euros por persona.<\/p>\n","protected":false},"excerpt":{"rendered":"<p>Aflora una nueva filosof\u00eda que tiene por objetivo encontrar la harmon\u00eda y la belleza gracias a las propiedades ben\u00e9ficas del mundo vegetal, en una perfecta uni\u00f3n entre tecnolog\u00eda y naturaleza. En un ambiente de design, enmarcado por los colores c\u00e1lidos de la madera, envuelto por el perfume de las esencias del del territorio y de [&hellip;]<\/p>\n","protected":false},"author":36,"featured_media":0,"parent":476,"menu_order":5,"comment_status":"closed","ping_status":"closed","template":"template-single-spa.php","meta":{"footnotes":""},"class_list":["post-496","page","type-page","status-publish","hentry"],"yoast_head":"<!-- This site is optimized with the Yoast SEO plugin v26.9 - https:\/\/yoast.com\/product\/yoast-seo-wordpress\/ -->\n<title>Spa - Park Hotel Ai Cappuccini -<\/title>\n<meta name=\"description\" content=\"Aflora una nueva filosof\u00eda que tiene por objetivo encontrar la harmon\u00eda y la belleza gracias a las propiedades ben\u00e9ficas del mundo vegetal, en una perfecta uni\u00f3n entre tecnolog\u00eda y naturaleza.  En un ambiente de design, enmarcado por los colores c\u00e1lidos de la madera, envuelto por el perfume de las esencias del del territorio y de las creadas por algunas empresas de cosm\u00e9tica que ofrecen una vasta gama de productos naturales a base de plantas y flores, el cuerpo vuelve a encontrar su equilibrio.  El Spa Path incluye los siguientes servicios: SPA (saunas, ba\u00f1o turco, ba\u00f1o mediterr\u00e1neo, duchas emocionales, zona de relajaci\u00f3n); Sala de hidromasaje; Oasi del Parco (piscina interior\/exterior a 34\u00b0C, sendero Kneipp, zona de silencio y relajaci\u00f3n); spa kit. Precio a partir de 50,00 euros por persona.\" \/>\n<meta name=\"robots\" content=\"index, follow, max-snippet:-1, max-image-preview:large, max-video-preview:-1\" \/>\n<link rel=\"canonical\" href=\"https:\/\/www.parkhotelaicappuccini.it\/es\/spa-fitness\/spa\/\" \/>\n<meta property=\"og:locale\" content=\"es_ES\" \/>\n<meta property=\"og:type\" content=\"article\" \/>\n<meta property=\"og:title\" content=\"Spa - Park Hotel Ai Cappuccini -\" \/>\n<meta property=\"og:description\" content=\"Aflora una nueva filosof\u00eda que tiene por objetivo encontrar la harmon\u00eda y la belleza gracias a las propiedades ben\u00e9ficas del mundo vegetal, en una perfecta uni\u00f3n entre tecnolog\u00eda y naturaleza.  En un ambiente de design, enmarcado por los colores c\u00e1lidos de la madera, envuelto por el perfume de las esencias del del territorio y de las creadas por algunas empresas de cosm\u00e9tica que ofrecen una vasta gama de productos naturales a base de plantas y flores, el cuerpo vuelve a encontrar su equilibrio.  El Spa Path incluye los siguientes servicios: SPA (saunas, ba\u00f1o turco, ba\u00f1o mediterr\u00e1neo, duchas emocionales, zona de relajaci\u00f3n); Sala de hidromasaje; Oasi del Parco (piscina interior\/exterior a 34\u00b0C, sendero Kneipp, zona de silencio y relajaci\u00f3n); spa kit. Precio a partir de 50,00 euros por persona.\" \/>\n<meta property=\"og:url\" content=\"https:\/\/www.parkhotelaicappuccini.it\/es\/spa-fitness\/spa\/\" \/>\n<meta property=\"og:site_name\" content=\"Park Hotel Ai Cappuccini\" \/>\n<meta property=\"article:modified_time\" content=\"2026-01-08T16:16:16+00:00\" \/>\n<meta property=\"og:image\" content=\"https:\/\/www.parkhotelaicappuccini.it\/wp-content\/uploads\/sites\/385\/2021\/12\/Parco-Acque-6.jpg\" \/>\n\t<meta property=\"og:image:width\" content=\"1200\" \/>\n\t<meta property=\"og:image:height\" content=\"666\" \/>\n\t<meta property=\"og:image:type\" content=\"image\/jpeg\" \/>\n<meta name=\"twitter:card\" content=\"summary_large_image\" \/>\n<meta name=\"twitter:label1\" content=\"Tiempo de lectura\" \/>\n\t<meta name=\"twitter:data1\" content=\"1 minuto\" \/>\n<script type=\"application\/ld+json\" class=\"yoast-schema-graph\">{\"@context\":\"https:\/\/schema.org\",\"@graph\":[{\"@type\":\"WebPage\",\"@id\":\"https:\/\/www.parkhotelaicappuccini.it\/es\/spa-fitness\/spa\/\",\"url\":\"https:\/\/www.parkhotelaicappuccini.it\/es\/spa-fitness\/spa\/\",\"name\":\"Spa - Park Hotel Ai Cappuccini -\",\"isPartOf\":{\"@id\":\"https:\/\/www.parkhotelaicappuccini.it\/es\/#website\"},\"datePublished\":\"2021-12-20T15:34:22+00:00\",\"dateModified\":\"2026-01-08T16:16:16+00:00\",\"description\":\"Aflora una nueva filosof\u00eda que tiene por objetivo encontrar la harmon\u00eda y la belleza gracias a las propiedades ben\u00e9ficas del mundo vegetal, en una perfecta uni\u00f3n entre tecnolog\u00eda y naturaleza. En un ambiente de design, enmarcado por los colores c\u00e1lidos de la madera, envuelto por el perfume de las esencias del del territorio y de las creadas por algunas empresas de cosm\u00e9tica que ofrecen una vasta gama de productos naturales a base de plantas y flores, el cuerpo vuelve a encontrar su equilibrio. El Spa Path incluye los siguientes servicios: SPA (saunas, ba\u00f1o turco, ba\u00f1o mediterr\u00e1neo, duchas emocionales, zona de relajaci\u00f3n); Sala de hidromasaje; Oasi del Parco (piscina interior\/exterior a 34\u00b0C, sendero Kneipp, zona de silencio y relajaci\u00f3n); spa kit. Precio a partir de 50,00 euros por persona.\",\"breadcrumb\":{\"@id\":\"https:\/\/www.parkhotelaicappuccini.it\/es\/spa-fitness\/spa\/#breadcrumb\"},\"inLanguage\":\"es\",\"potentialAction\":[{\"@type\":\"ReadAction\",\"target\":[\"https:\/\/www.parkhotelaicappuccini.it\/es\/spa-fitness\/spa\/\"]}]},{\"@type\":\"BreadcrumbList\",\"@id\":\"https:\/\/www.parkhotelaicappuccini.it\/es\/spa-fitness\/spa\/#breadcrumb\",\"itemListElement\":[{\"@type\":\"ListItem\",\"position\":1,\"name\":\"Home\",\"item\":\"https:\/\/www.parkhotelaicappuccini.it\/es\/\"},{\"@type\":\"ListItem\",\"position\":2,\"name\":\"Spa &amp; fitness\",\"item\":\"https:\/\/www.parkhotelaicappuccini.it\/es\/spa-fitness\/\"},{\"@type\":\"ListItem\",\"position\":3,\"name\":\"Spa\"}]},{\"@type\":\"WebSite\",\"@id\":\"https:\/\/www.parkhotelaicappuccini.it\/es\/#website\",\"url\":\"https:\/\/www.parkhotelaicappuccini.it\/es\/\",\"name\":\"Park Hotel Ai Cappuccini\",\"description\":\"Just another ms.decms.eu site\",\"potentialAction\":[{\"@type\":\"SearchAction\",\"target\":{\"@type\":\"EntryPoint\",\"urlTemplate\":\"https:\/\/www.parkhotelaicappuccini.it\/es\/?s={search_term_string}\"},\"query-input\":{\"@type\":\"PropertyValueSpecification\",\"valueRequired\":true,\"valueName\":\"search_term_string\"}}],\"inLanguage\":\"es\"}]}<\/script>\n<!-- \/ Yoast SEO plugin. -->","yoast_head_json":{"title":"Spa - Park Hotel Ai Cappuccini -","description":"Aflora una nueva filosof\u00eda que tiene por objetivo encontrar la harmon\u00eda y la belleza gracias a las propiedades ben\u00e9ficas del mundo vegetal, en una perfecta uni\u00f3n entre tecnolog\u00eda y naturaleza.  En un ambiente de design, enmarcado por los colores c\u00e1lidos de la madera, envuelto por el perfume de las esencias del del territorio y de las creadas por algunas empresas de cosm\u00e9tica que ofrecen una vasta gama de productos naturales a base de plantas y flores, el cuerpo vuelve a encontrar su equilibrio.  El Spa Path incluye los siguientes servicios: SPA (saunas, ba\u00f1o turco, ba\u00f1o mediterr\u00e1neo, duchas emocionales, zona de relajaci\u00f3n); Sala de hidromasaje; Oasi del Parco (piscina interior\/exterior a 34\u00b0C, sendero Kneipp, zona de silencio y relajaci\u00f3n); spa kit. Precio a partir de 50,00 euros por persona.","robots":{"index":"index","follow":"follow","max-snippet":"max-snippet:-1","max-image-preview":"max-image-preview:large","max-video-preview":"max-video-preview:-1"},"canonical":"https:\/\/www.parkhotelaicappuccini.it\/es\/spa-fitness\/spa\/","og_locale":"es_ES","og_type":"article","og_title":"Spa - Park Hotel Ai Cappuccini -","og_description":"Aflora una nueva filosof\u00eda que tiene por objetivo encontrar la harmon\u00eda y la belleza gracias a las propiedades ben\u00e9ficas del mundo vegetal, en una perfecta uni\u00f3n entre tecnolog\u00eda y naturaleza.  En un ambiente de design, enmarcado por los colores c\u00e1lidos de la madera, envuelto por el perfume de las esencias del del territorio y de las creadas por algunas empresas de cosm\u00e9tica que ofrecen una vasta gama de productos naturales a base de plantas y flores, el cuerpo vuelve a encontrar su equilibrio.  El Spa Path incluye los siguientes servicios: SPA (saunas, ba\u00f1o turco, ba\u00f1o mediterr\u00e1neo, duchas emocionales, zona de relajaci\u00f3n); Sala de hidromasaje; Oasi del Parco (piscina interior\/exterior a 34\u00b0C, sendero Kneipp, zona de silencio y relajaci\u00f3n); spa kit. Precio a partir de 50,00 euros por persona.","og_url":"https:\/\/www.parkhotelaicappuccini.it\/es\/spa-fitness\/spa\/","og_site_name":"Park Hotel Ai Cappuccini","article_modified_time":"2026-01-08T16:16:16+00:00","og_image":[{"width":1200,"height":666,"url":"https:\/\/www.parkhotelaicappuccini.it\/wp-content\/uploads\/sites\/385\/2021\/12\/Parco-Acque-6.jpg","type":"image\/jpeg"}],"twitter_card":"summary_large_image","twitter_misc":{"Tiempo de lectura":"1 minuto"},"schema":{"@context":"https:\/\/schema.org","@graph":[{"@type":"WebPage","@id":"https:\/\/www.parkhotelaicappuccini.it\/es\/spa-fitness\/spa\/","url":"https:\/\/www.parkhotelaicappuccini.it\/es\/spa-fitness\/spa\/","name":"Spa - Park Hotel Ai Cappuccini -","isPartOf":{"@id":"https:\/\/www.parkhotelaicappuccini.it\/es\/#website"},"datePublished":"2021-12-20T15:34:22+00:00","dateModified":"2026-01-08T16:16:16+00:00","description":"Aflora una nueva filosof\u00eda que tiene por objetivo encontrar la harmon\u00eda y la belleza gracias a las propiedades ben\u00e9ficas del mundo vegetal, en una perfecta uni\u00f3n entre tecnolog\u00eda y naturaleza. En un ambiente de design, enmarcado por los colores c\u00e1lidos de la madera, envuelto por el perfume de las esencias del del territorio y de las creadas por algunas empresas de cosm\u00e9tica que ofrecen una vasta gama de productos naturales a base de plantas y flores, el cuerpo vuelve a encontrar su equilibrio. El Spa Path incluye los siguientes servicios: SPA (saunas, ba\u00f1o turco, ba\u00f1o mediterr\u00e1neo, duchas emocionales, zona de relajaci\u00f3n); Sala de hidromasaje; Oasi del Parco (piscina interior\/exterior a 34\u00b0C, sendero Kneipp, zona de silencio y relajaci\u00f3n); spa kit. Precio a partir de 50,00 euros por persona.","breadcrumb":{"@id":"https:\/\/www.parkhotelaicappuccini.it\/es\/spa-fitness\/spa\/#breadcrumb"},"inLanguage":"es","potentialAction":[{"@type":"ReadAction","target":["https:\/\/www.parkhotelaicappuccini.it\/es\/spa-fitness\/spa\/"]}]},{"@type":"BreadcrumbList","@id":"https:\/\/www.parkhotelaicappuccini.it\/es\/spa-fitness\/spa\/#breadcrumb","itemListElement":[{"@type":"ListItem","position":1,"name":"Home","item":"https:\/\/www.parkhotelaicappuccini.it\/es\/"},{"@type":"ListItem","position":2,"name":"Spa &amp; fitness","item":"https:\/\/www.parkhotelaicappuccini.it\/es\/spa-fitness\/"},{"@type":"ListItem","position":3,"name":"Spa"}]},{"@type":"WebSite","@id":"https:\/\/www.parkhotelaicappuccini.it\/es\/#website","url":"https:\/\/www.parkhotelaicappuccini.it\/es\/","name":"Park Hotel Ai Cappuccini","description":"Just another ms.decms.eu site","potentialAction":[{"@type":"SearchAction","target":{"@type":"EntryPoint","urlTemplate":"https:\/\/www.parkhotelaicappuccini.it\/es\/?s={search_term_string}"},"query-input":{"@type":"PropertyValueSpecification","valueRequired":true,"valueName":"search_term_string"}}],"inLanguage":"es"}]}},"acf":[],"_links":{"self":[{"href":"https:\/\/www.parkhotelaicappuccini.it\/es\/wp-json\/wp\/v2\/pages\/496","targetHints":{"allow":["GET"]}}],"collection":[{"href":"https:\/\/www.parkhotelaicappuccini.it\/es\/wp-json\/wp\/v2\/pages"}],"about":[{"href":"https:\/\/www.parkhotelaicappuccini.it\/es\/wp-json\/wp\/v2\/types\/page"}],"author":[{"embeddable":true,"href":"https:\/\/www.parkhotelaicappuccini.it\/es\/wp-json\/wp\/v2\/users\/36"}],"replies":[{"embeddable":true,"href":"https:\/\/www.parkhotelaicappuccini.it\/es\/wp-json\/wp\/v2\/comments?post=496"}],"version-history":[{"count":0,"href":"https:\/\/www.parkhotelaicappuccini.it\/es\/wp-json\/wp\/v2\/pages\/496\/revisions"}],"up":[{"embeddable":true,"href":"https:\/\/www.parkhotelaicappuccini.it\/es\/wp-json\/wp\/v2\/pages\/476"}],"wp:attachment":[{"href":"https:\/\/www.parkhotelaicappuccini.it\/es\/wp-json\/wp\/v2\/media?parent=496"}],"curies":[{"name":"wp","href":"https:\/\/api.w.org\/{rel}","templated":true}]}}