{"id":466,"date":"2021-12-20T14:32:49","date_gmt":"2021-12-20T14:32:49","guid":{"rendered":"https:\/\/park-hotel-ai-cappuccini.ms.decms.eu\/?page_id=466"},"modified":"2021-12-20T14:37:06","modified_gmt":"2021-12-20T14:37:06","slug":"palazzo-della-porta","status":"publish","type":"page","link":"https:\/\/www.parkhotelaicappuccini.it\/es\/eventos-bodas\/boda\/palazzo-della-porta\/","title":{"rendered":"Palazzo della Porta"},"content":{"rendered":"<p>Palazzo della Porta es una de las m\u00e1s encantadoras residencias hist\u00f3ricas de la ciudad. Se remonta al siglo XV y debe su nombre a la ilustre familia propietaria.<\/p>\n<p>Est\u00e1 adornado con objetos antiguos de su \u00e9poca, entre los cuales el port\u00f3n del siglo XVI de arenisca, recientemente restructurado y brinda un encantador marco para esclusivas celebraciones en el coraz\u00f3n del casco antiguo de Gubbio, la \u201cciudad de piedra\u201d.<\/p>\n","protected":false},"excerpt":{"rendered":"<p>Palazzo della Porta es una de las m\u00e1s encantadoras residencias hist\u00f3ricas de la ciudad. Se remonta al siglo XV y debe su nombre a la ilustre familia propietaria. Est\u00e1 adornado con objetos antiguos de su \u00e9poca, entre los cuales el port\u00f3n del siglo XVI de arenisca, recientemente restructurado y brinda un encantador marco para esclusivas [&hellip;]<\/p>\n","protected":false},"author":36,"featured_media":0,"parent":384,"menu_order":15,"comment_status":"closed","ping_status":"closed","template":"template-single-wedding.php","meta":{"footnotes":""},"class_list":["post-466","page","type-page","status-publish","hentry"],"yoast_head":"<!-- This site is optimized with the Yoast SEO plugin v26.9 - https:\/\/yoast.com\/product\/yoast-seo-wordpress\/ -->\n<title>Palazzo della Porta - Park Hotel Ai Cappuccini -<\/title>\n<meta name=\"description\" content=\"Palazzo della Porta es una de las m\u00e1s encantadoras residencias hist\u00f3ricas de la ciudad. Se remonta al siglo XV y debe su nombre a la ilustre familia propietaria.  Est\u00e1 adornado con objetos antiguos de su \u00e9poca, entre los cuales el port\u00f3n del siglo XVI de arenisca, recientemente restructurado y brinda un encantador marco para esclusivas celebraciones en el coraz\u00f3n del casco antiguo de Gubbio, la \u201cciudad de piedra\u201d.\" \/>\n<meta name=\"robots\" content=\"index, follow, max-snippet:-1, max-image-preview:large, max-video-preview:-1\" \/>\n<link rel=\"canonical\" href=\"https:\/\/www.parkhotelaicappuccini.it\/es\/eventos-bodas\/boda\/palazzo-della-porta\/\" \/>\n<meta property=\"og:locale\" content=\"es_ES\" \/>\n<meta property=\"og:type\" content=\"article\" \/>\n<meta property=\"og:title\" content=\"Palazzo della Porta - Park Hotel Ai Cappuccini -\" \/>\n<meta property=\"og:description\" content=\"Palazzo della Porta es una de las m\u00e1s encantadoras residencias hist\u00f3ricas de la ciudad. Se remonta al siglo XV y debe su nombre a la ilustre familia propietaria.  Est\u00e1 adornado con objetos antiguos de su \u00e9poca, entre los cuales el port\u00f3n del siglo XVI de arenisca, recientemente restructurado y brinda un encantador marco para esclusivas celebraciones en el coraz\u00f3n del casco antiguo de Gubbio, la \u201cciudad de piedra\u201d.\" \/>\n<meta property=\"og:url\" content=\"https:\/\/www.parkhotelaicappuccini.it\/es\/eventos-bodas\/boda\/palazzo-della-porta\/\" \/>\n<meta property=\"og:site_name\" content=\"Park Hotel Ai Cappuccini\" \/>\n<meta property=\"article:modified_time\" content=\"2021-12-20T14:37:06+00:00\" \/>\n<meta property=\"og:image\" content=\"https:\/\/www.parkhotelaicappuccini.it\/wp-content\/uploads\/sites\/385\/2021\/12\/Parco-Acque-6.jpg\" \/>\n\t<meta property=\"og:image:width\" content=\"1200\" \/>\n\t<meta property=\"og:image:height\" content=\"666\" \/>\n\t<meta property=\"og:image:type\" content=\"image\/jpeg\" \/>\n<meta name=\"twitter:card\" content=\"summary_large_image\" \/>\n<meta name=\"twitter:label1\" content=\"Tiempo de lectura\" \/>\n\t<meta name=\"twitter:data1\" content=\"1 minuto\" \/>\n<script type=\"application\/ld+json\" class=\"yoast-schema-graph\">{\"@context\":\"https:\/\/schema.org\",\"@graph\":[{\"@type\":\"WebPage\",\"@id\":\"https:\/\/www.parkhotelaicappuccini.it\/es\/eventos-bodas\/boda\/palazzo-della-porta\/\",\"url\":\"https:\/\/www.parkhotelaicappuccini.it\/es\/eventos-bodas\/boda\/palazzo-della-porta\/\",\"name\":\"Palazzo della Porta - Park Hotel Ai Cappuccini -\",\"isPartOf\":{\"@id\":\"https:\/\/www.parkhotelaicappuccini.it\/es\/#website\"},\"datePublished\":\"2021-12-20T14:32:49+00:00\",\"dateModified\":\"2021-12-20T14:37:06+00:00\",\"description\":\"Palazzo della Porta es una de las m\u00e1s encantadoras residencias hist\u00f3ricas de la ciudad. Se remonta al siglo XV y debe su nombre a la ilustre familia propietaria. Est\u00e1 adornado con objetos antiguos de su \u00e9poca, entre los cuales el port\u00f3n del siglo XVI de arenisca, recientemente restructurado y brinda un encantador marco para esclusivas celebraciones en el coraz\u00f3n del casco antiguo de Gubbio, la \u201cciudad de piedra\u201d.\",\"breadcrumb\":{\"@id\":\"https:\/\/www.parkhotelaicappuccini.it\/es\/eventos-bodas\/boda\/palazzo-della-porta\/#breadcrumb\"},\"inLanguage\":\"es\",\"potentialAction\":[{\"@type\":\"ReadAction\",\"target\":[\"https:\/\/www.parkhotelaicappuccini.it\/es\/eventos-bodas\/boda\/palazzo-della-porta\/\"]}]},{\"@type\":\"BreadcrumbList\",\"@id\":\"https:\/\/www.parkhotelaicappuccini.it\/es\/eventos-bodas\/boda\/palazzo-della-porta\/#breadcrumb\",\"itemListElement\":[{\"@type\":\"ListItem\",\"position\":1,\"name\":\"Home\",\"item\":\"https:\/\/www.parkhotelaicappuccini.it\/es\/\"},{\"@type\":\"ListItem\",\"position\":2,\"name\":\"Eventos &#038; Bodas\",\"item\":\"https:\/\/www.parkhotelaicappuccini.it\/es\/eventos-bodas\/\"},{\"@type\":\"ListItem\",\"position\":3,\"name\":\"Boda\",\"item\":\"https:\/\/www.parkhotelaicappuccini.it\/es\/eventos-bodas\/boda\/\"},{\"@type\":\"ListItem\",\"position\":4,\"name\":\"Palazzo della Porta\"}]},{\"@type\":\"WebSite\",\"@id\":\"https:\/\/www.parkhotelaicappuccini.it\/es\/#website\",\"url\":\"https:\/\/www.parkhotelaicappuccini.it\/es\/\",\"name\":\"Park Hotel Ai Cappuccini\",\"description\":\"Just another ms.decms.eu site\",\"potentialAction\":[{\"@type\":\"SearchAction\",\"target\":{\"@type\":\"EntryPoint\",\"urlTemplate\":\"https:\/\/www.parkhotelaicappuccini.it\/es\/?s={search_term_string}\"},\"query-input\":{\"@type\":\"PropertyValueSpecification\",\"valueRequired\":true,\"valueName\":\"search_term_string\"}}],\"inLanguage\":\"es\"}]}<\/script>\n<!-- \/ Yoast SEO plugin. -->","yoast_head_json":{"title":"Palazzo della Porta - Park Hotel Ai Cappuccini -","description":"Palazzo della Porta es una de las m\u00e1s encantadoras residencias hist\u00f3ricas de la ciudad. Se remonta al siglo XV y debe su nombre a la ilustre familia propietaria.  Est\u00e1 adornado con objetos antiguos de su \u00e9poca, entre los cuales el port\u00f3n del siglo XVI de arenisca, recientemente restructurado y brinda un encantador marco para esclusivas celebraciones en el coraz\u00f3n del casco antiguo de Gubbio, la \u201cciudad de piedra\u201d.","robots":{"index":"index","follow":"follow","max-snippet":"max-snippet:-1","max-image-preview":"max-image-preview:large","max-video-preview":"max-video-preview:-1"},"canonical":"https:\/\/www.parkhotelaicappuccini.it\/es\/eventos-bodas\/boda\/palazzo-della-porta\/","og_locale":"es_ES","og_type":"article","og_title":"Palazzo della Porta - Park Hotel Ai Cappuccini -","og_description":"Palazzo della Porta es una de las m\u00e1s encantadoras residencias hist\u00f3ricas de la ciudad. Se remonta al siglo XV y debe su nombre a la ilustre familia propietaria.  Est\u00e1 adornado con objetos antiguos de su \u00e9poca, entre los cuales el port\u00f3n del siglo XVI de arenisca, recientemente restructurado y brinda un encantador marco para esclusivas celebraciones en el coraz\u00f3n del casco antiguo de Gubbio, la \u201cciudad de piedra\u201d.","og_url":"https:\/\/www.parkhotelaicappuccini.it\/es\/eventos-bodas\/boda\/palazzo-della-porta\/","og_site_name":"Park Hotel Ai Cappuccini","article_modified_time":"2021-12-20T14:37:06+00:00","og_image":[{"width":1200,"height":666,"url":"https:\/\/www.parkhotelaicappuccini.it\/wp-content\/uploads\/sites\/385\/2021\/12\/Parco-Acque-6.jpg","type":"image\/jpeg"}],"twitter_card":"summary_large_image","twitter_misc":{"Tiempo de lectura":"1 minuto"},"schema":{"@context":"https:\/\/schema.org","@graph":[{"@type":"WebPage","@id":"https:\/\/www.parkhotelaicappuccini.it\/es\/eventos-bodas\/boda\/palazzo-della-porta\/","url":"https:\/\/www.parkhotelaicappuccini.it\/es\/eventos-bodas\/boda\/palazzo-della-porta\/","name":"Palazzo della Porta - Park Hotel Ai Cappuccini -","isPartOf":{"@id":"https:\/\/www.parkhotelaicappuccini.it\/es\/#website"},"datePublished":"2021-12-20T14:32:49+00:00","dateModified":"2021-12-20T14:37:06+00:00","description":"Palazzo della Porta es una de las m\u00e1s encantadoras residencias hist\u00f3ricas de la ciudad. Se remonta al siglo XV y debe su nombre a la ilustre familia propietaria. Est\u00e1 adornado con objetos antiguos de su \u00e9poca, entre los cuales el port\u00f3n del siglo XVI de arenisca, recientemente restructurado y brinda un encantador marco para esclusivas celebraciones en el coraz\u00f3n del casco antiguo de Gubbio, la \u201cciudad de piedra\u201d.","breadcrumb":{"@id":"https:\/\/www.parkhotelaicappuccini.it\/es\/eventos-bodas\/boda\/palazzo-della-porta\/#breadcrumb"},"inLanguage":"es","potentialAction":[{"@type":"ReadAction","target":["https:\/\/www.parkhotelaicappuccini.it\/es\/eventos-bodas\/boda\/palazzo-della-porta\/"]}]},{"@type":"BreadcrumbList","@id":"https:\/\/www.parkhotelaicappuccini.it\/es\/eventos-bodas\/boda\/palazzo-della-porta\/#breadcrumb","itemListElement":[{"@type":"ListItem","position":1,"name":"Home","item":"https:\/\/www.parkhotelaicappuccini.it\/es\/"},{"@type":"ListItem","position":2,"name":"Eventos &#038; Bodas","item":"https:\/\/www.parkhotelaicappuccini.it\/es\/eventos-bodas\/"},{"@type":"ListItem","position":3,"name":"Boda","item":"https:\/\/www.parkhotelaicappuccini.it\/es\/eventos-bodas\/boda\/"},{"@type":"ListItem","position":4,"name":"Palazzo della Porta"}]},{"@type":"WebSite","@id":"https:\/\/www.parkhotelaicappuccini.it\/es\/#website","url":"https:\/\/www.parkhotelaicappuccini.it\/es\/","name":"Park Hotel Ai Cappuccini","description":"Just another ms.decms.eu site","potentialAction":[{"@type":"SearchAction","target":{"@type":"EntryPoint","urlTemplate":"https:\/\/www.parkhotelaicappuccini.it\/es\/?s={search_term_string}"},"query-input":{"@type":"PropertyValueSpecification","valueRequired":true,"valueName":"search_term_string"}}],"inLanguage":"es"}]}},"acf":[],"_links":{"self":[{"href":"https:\/\/www.parkhotelaicappuccini.it\/es\/wp-json\/wp\/v2\/pages\/466","targetHints":{"allow":["GET"]}}],"collection":[{"href":"https:\/\/www.parkhotelaicappuccini.it\/es\/wp-json\/wp\/v2\/pages"}],"about":[{"href":"https:\/\/www.parkhotelaicappuccini.it\/es\/wp-json\/wp\/v2\/types\/page"}],"author":[{"embeddable":true,"href":"https:\/\/www.parkhotelaicappuccini.it\/es\/wp-json\/wp\/v2\/users\/36"}],"replies":[{"embeddable":true,"href":"https:\/\/www.parkhotelaicappuccini.it\/es\/wp-json\/wp\/v2\/comments?post=466"}],"version-history":[{"count":0,"href":"https:\/\/www.parkhotelaicappuccini.it\/es\/wp-json\/wp\/v2\/pages\/466\/revisions"}],"up":[{"embeddable":true,"href":"https:\/\/www.parkhotelaicappuccini.it\/es\/wp-json\/wp\/v2\/pages\/384"}],"wp:attachment":[{"href":"https:\/\/www.parkhotelaicappuccini.it\/es\/wp-json\/wp\/v2\/media?parent=466"}],"curies":[{"name":"wp","href":"https:\/\/api.w.org\/{rel}","templated":true}]}}