{"id":351,"date":"2021-12-17T15:25:01","date_gmt":"2021-12-17T15:25:01","guid":{"rendered":"https:\/\/park-hotel-ai-cappuccini.ms.decms.eu\/?page_id=351"},"modified":"2022-01-10T08:39:57","modified_gmt":"2022-01-10T08:39:57","slug":"sala-verette","status":"publish","type":"page","link":"https:\/\/www.parkhotelaicappuccini.it\/es\/eventos-bodas\/reunion\/sala-verette\/","title":{"rendered":"SALA VERETTE"},"content":{"rendered":"<p>La<strong>\u00a0sala Verette<\/strong>\u00a0est\u00e1 muy cerca de la sala Europa y se puede usar como sala de apoyo o como\u00a0<strong>sala aut\u00f3noma<\/strong>\u00a0para\u00a0<strong>reuniones<\/strong>\u00a0y\u00a0<strong>encuentros<\/strong>.<\/p>\n<p>El nombre \u201c<strong>verette<\/strong>\u201d deriva de la definici\u00f3n del\u00a0<strong>dardo<\/strong>\u00a0o<strong>\u00a0flecha lanzada<\/strong>\u00a0por el arco de una ballesta.<\/p>\n<p>A\u00fan hoy en d\u00eda, en Gubbio, se celebra la antigua Competici\u00f3n de la\u00a0<strong>Ballesta entre los ballesteros<\/strong>\u00a0de\u00a0<strong>Gubbio<\/strong>\u00a0y los de\u00a0<strong>Sansepolcro<\/strong>\u00a0y contin\u00faa siendo una\u00a0<strong>tradici\u00f3n viva y muy seguida<\/strong>.<\/p>\n<p><img loading=\"lazy\" decoding=\"async\" class=\"alignnone size-medium wp-image-352\" src=\"https:\/\/park-hotel-ai-cappuccini.ms.decms.eu\/wp-content\/uploads\/sites\/385\/2021\/12\/PiantaSalaVerette-95x300.jpg\" alt=\"\" width=\"95\" height=\"300\" srcset=\"https:\/\/www.parkhotelaicappuccini.it\/wp-content\/uploads\/sites\/385\/2021\/12\/PiantaSalaVerette-95x300.jpg 95w, https:\/\/www.parkhotelaicappuccini.it\/wp-content\/uploads\/sites\/385\/2021\/12\/PiantaSalaVerette.jpg 150w\" sizes=\"auto, (max-width: 95px) 100vw, 95px\" \/><\/p>\n<p>PAX 20 &#8211; Tavolo unico &#8211; mq. 51<\/p>\n<p>PAX 28 &#8211; Platea &#8211; mq. 51<\/p>\n<p>PAX 15\/18 &#8211; Ferro di cavallo &#8211; mq. 51<\/p>\n","protected":false},"excerpt":{"rendered":"<p>La\u00a0sala Verette\u00a0est\u00e1 muy cerca de la sala Europa y se puede usar como sala de apoyo o como\u00a0sala aut\u00f3noma\u00a0para\u00a0reuniones\u00a0y\u00a0encuentros. El nombre \u201cverette\u201d deriva de la definici\u00f3n del\u00a0dardo\u00a0o\u00a0flecha lanzada\u00a0por el arco de una ballesta. A\u00fan hoy en d\u00eda, en Gubbio, se celebra la antigua Competici\u00f3n de la\u00a0Ballesta entre los ballesteros\u00a0de\u00a0Gubbio\u00a0y los de\u00a0Sansepolcro\u00a0y contin\u00faa siendo una\u00a0tradici\u00f3n viva [&hellip;]<\/p>\n","protected":false},"author":36,"featured_media":0,"parent":289,"menu_order":20,"comment_status":"closed","ping_status":"closed","template":"template-meeting.php","meta":{"footnotes":""},"class_list":["post-351","page","type-page","status-publish","hentry"],"yoast_head":"<!-- This site is optimized with the Yoast SEO plugin v26.9 - https:\/\/yoast.com\/product\/yoast-seo-wordpress\/ -->\n<title>SALA VERETTE - Park Hotel Ai Cappuccini -<\/title>\n<meta name=\"description\" content=\"La\u00a0sala Verette\u00a0est\u00e1 muy cerca de la sala Europa y se puede usar como sala de apoyo o como\u00a0sala aut\u00f3noma\u00a0para\u00a0reuniones\u00a0y\u00a0encuentros.  El nombre \u201cverette\u201d deriva de la definici\u00f3n del\u00a0dardo\u00a0o\u00a0flecha lanzada\u00a0por el arco de una ballesta.  A\u00fan hoy en d\u00eda, en Gubbio, se celebra la antigua Competici\u00f3n de la\u00a0Ballesta entre los ballesteros\u00a0de\u00a0Gubbio\u00a0y los de\u00a0Sansepolcro\u00a0y contin\u00faa siendo una\u00a0tradici\u00f3n viva y muy seguida.    PAX 20 - Tavolo unico - mq. 51  PAX 28 - Platea - mq\" \/>\n<meta name=\"robots\" content=\"index, follow, max-snippet:-1, max-image-preview:large, max-video-preview:-1\" \/>\n<link rel=\"canonical\" href=\"https:\/\/www.parkhotelaicappuccini.it\/es\/eventos-bodas\/reunion\/sala-verette\/\" \/>\n<meta property=\"og:locale\" content=\"es_ES\" \/>\n<meta property=\"og:type\" content=\"article\" \/>\n<meta property=\"og:title\" content=\"SALA VERETTE - Park Hotel Ai Cappuccini -\" \/>\n<meta property=\"og:description\" content=\"La\u00a0sala Verette\u00a0est\u00e1 muy cerca de la sala Europa y se puede usar como sala de apoyo o como\u00a0sala aut\u00f3noma\u00a0para\u00a0reuniones\u00a0y\u00a0encuentros.  El nombre \u201cverette\u201d deriva de la definici\u00f3n del\u00a0dardo\u00a0o\u00a0flecha lanzada\u00a0por el arco de una ballesta.  A\u00fan hoy en d\u00eda, en Gubbio, se celebra la antigua Competici\u00f3n de la\u00a0Ballesta entre los ballesteros\u00a0de\u00a0Gubbio\u00a0y los de\u00a0Sansepolcro\u00a0y contin\u00faa siendo una\u00a0tradici\u00f3n viva y muy seguida.    PAX 20 - Tavolo unico - mq. 51  PAX 28 - Platea - mq\" \/>\n<meta property=\"og:url\" content=\"https:\/\/www.parkhotelaicappuccini.it\/es\/eventos-bodas\/reunion\/sala-verette\/\" \/>\n<meta property=\"og:site_name\" content=\"Park Hotel Ai Cappuccini\" \/>\n<meta property=\"article:modified_time\" content=\"2022-01-10T08:39:57+00:00\" \/>\n<meta property=\"og:image\" content=\"https:\/\/park-hotel-ai-cappuccini.ms.decms.eu\/wp-content\/uploads\/sites\/385\/2021\/12\/PiantaSalaVerette-95x300.jpg\" \/>\n<meta name=\"twitter:card\" content=\"summary_large_image\" \/>\n<meta name=\"twitter:label1\" content=\"Tiempo de lectura\" \/>\n\t<meta name=\"twitter:data1\" content=\"1 minuto\" \/>\n<script type=\"application\/ld+json\" class=\"yoast-schema-graph\">{\"@context\":\"https:\/\/schema.org\",\"@graph\":[{\"@type\":\"WebPage\",\"@id\":\"https:\/\/www.parkhotelaicappuccini.it\/es\/eventos-bodas\/reunion\/sala-verette\/\",\"url\":\"https:\/\/www.parkhotelaicappuccini.it\/es\/eventos-bodas\/reunion\/sala-verette\/\",\"name\":\"SALA VERETTE - Park Hotel Ai Cappuccini -\",\"isPartOf\":{\"@id\":\"https:\/\/www.parkhotelaicappuccini.it\/es\/#website\"},\"primaryImageOfPage\":{\"@id\":\"https:\/\/www.parkhotelaicappuccini.it\/es\/eventos-bodas\/reunion\/sala-verette\/#primaryimage\"},\"image\":{\"@id\":\"https:\/\/www.parkhotelaicappuccini.it\/es\/eventos-bodas\/reunion\/sala-verette\/#primaryimage\"},\"thumbnailUrl\":\"https:\/\/park-hotel-ai-cappuccini.ms.decms.eu\/wp-content\/uploads\/sites\/385\/2021\/12\/PiantaSalaVerette-95x300.jpg\",\"datePublished\":\"2021-12-17T15:25:01+00:00\",\"dateModified\":\"2022-01-10T08:39:57+00:00\",\"description\":\"La\u00a0sala Verette\u00a0est\u00e1 muy cerca de la sala Europa y se puede usar como sala de apoyo o como\u00a0sala aut\u00f3noma\u00a0para\u00a0reuniones\u00a0y\u00a0encuentros. El nombre \u201cverette\u201d deriva de la definici\u00f3n del\u00a0dardo\u00a0o\u00a0flecha lanzada\u00a0por el arco de una ballesta. A\u00fan hoy en d\u00eda, en Gubbio, se celebra la antigua Competici\u00f3n de la\u00a0Ballesta entre los ballesteros\u00a0de\u00a0Gubbio\u00a0y los de\u00a0Sansepolcro\u00a0y contin\u00faa siendo una\u00a0tradici\u00f3n viva y muy seguida. PAX 20 - Tavolo unico - mq. 51 PAX 28 - Platea - mq\",\"breadcrumb\":{\"@id\":\"https:\/\/www.parkhotelaicappuccini.it\/es\/eventos-bodas\/reunion\/sala-verette\/#breadcrumb\"},\"inLanguage\":\"es\",\"potentialAction\":[{\"@type\":\"ReadAction\",\"target\":[\"https:\/\/www.parkhotelaicappuccini.it\/es\/eventos-bodas\/reunion\/sala-verette\/\"]}]},{\"@type\":\"ImageObject\",\"inLanguage\":\"es\",\"@id\":\"https:\/\/www.parkhotelaicappuccini.it\/es\/eventos-bodas\/reunion\/sala-verette\/#primaryimage\",\"url\":\"https:\/\/park-hotel-ai-cappuccini.ms.decms.eu\/wp-content\/uploads\/sites\/385\/2021\/12\/PiantaSalaVerette-95x300.jpg\",\"contentUrl\":\"https:\/\/park-hotel-ai-cappuccini.ms.decms.eu\/wp-content\/uploads\/sites\/385\/2021\/12\/PiantaSalaVerette-95x300.jpg\"},{\"@type\":\"BreadcrumbList\",\"@id\":\"https:\/\/www.parkhotelaicappuccini.it\/es\/eventos-bodas\/reunion\/sala-verette\/#breadcrumb\",\"itemListElement\":[{\"@type\":\"ListItem\",\"position\":1,\"name\":\"Home\",\"item\":\"https:\/\/www.parkhotelaicappuccini.it\/es\/\"},{\"@type\":\"ListItem\",\"position\":2,\"name\":\"Eventos &#038; Bodas\",\"item\":\"https:\/\/www.parkhotelaicappuccini.it\/es\/eventos-bodas\/\"},{\"@type\":\"ListItem\",\"position\":3,\"name\":\"Reuni\u00f3n\",\"item\":\"https:\/\/www.parkhotelaicappuccini.it\/es\/eventos-bodas\/reunion\/\"},{\"@type\":\"ListItem\",\"position\":4,\"name\":\"SALA VERETTE\"}]},{\"@type\":\"WebSite\",\"@id\":\"https:\/\/www.parkhotelaicappuccini.it\/es\/#website\",\"url\":\"https:\/\/www.parkhotelaicappuccini.it\/es\/\",\"name\":\"Park Hotel Ai Cappuccini\",\"description\":\"Just another ms.decms.eu site\",\"potentialAction\":[{\"@type\":\"SearchAction\",\"target\":{\"@type\":\"EntryPoint\",\"urlTemplate\":\"https:\/\/www.parkhotelaicappuccini.it\/es\/?s={search_term_string}\"},\"query-input\":{\"@type\":\"PropertyValueSpecification\",\"valueRequired\":true,\"valueName\":\"search_term_string\"}}],\"inLanguage\":\"es\"}]}<\/script>\n<!-- \/ Yoast SEO plugin. -->","yoast_head_json":{"title":"SALA VERETTE - Park Hotel Ai Cappuccini -","description":"La\u00a0sala Verette\u00a0est\u00e1 muy cerca de la sala Europa y se puede usar como sala de apoyo o como\u00a0sala aut\u00f3noma\u00a0para\u00a0reuniones\u00a0y\u00a0encuentros.  El nombre \u201cverette\u201d deriva de la definici\u00f3n del\u00a0dardo\u00a0o\u00a0flecha lanzada\u00a0por el arco de una ballesta.  A\u00fan hoy en d\u00eda, en Gubbio, se celebra la antigua Competici\u00f3n de la\u00a0Ballesta entre los ballesteros\u00a0de\u00a0Gubbio\u00a0y los de\u00a0Sansepolcro\u00a0y contin\u00faa siendo una\u00a0tradici\u00f3n viva y muy seguida.    PAX 20 - Tavolo unico - mq. 51  PAX 28 - Platea - mq","robots":{"index":"index","follow":"follow","max-snippet":"max-snippet:-1","max-image-preview":"max-image-preview:large","max-video-preview":"max-video-preview:-1"},"canonical":"https:\/\/www.parkhotelaicappuccini.it\/es\/eventos-bodas\/reunion\/sala-verette\/","og_locale":"es_ES","og_type":"article","og_title":"SALA VERETTE - Park Hotel Ai Cappuccini -","og_description":"La\u00a0sala Verette\u00a0est\u00e1 muy cerca de la sala Europa y se puede usar como sala de apoyo o como\u00a0sala aut\u00f3noma\u00a0para\u00a0reuniones\u00a0y\u00a0encuentros.  El nombre \u201cverette\u201d deriva de la definici\u00f3n del\u00a0dardo\u00a0o\u00a0flecha lanzada\u00a0por el arco de una ballesta.  A\u00fan hoy en d\u00eda, en Gubbio, se celebra la antigua Competici\u00f3n de la\u00a0Ballesta entre los ballesteros\u00a0de\u00a0Gubbio\u00a0y los de\u00a0Sansepolcro\u00a0y contin\u00faa siendo una\u00a0tradici\u00f3n viva y muy seguida.    PAX 20 - Tavolo unico - mq. 51  PAX 28 - Platea - mq","og_url":"https:\/\/www.parkhotelaicappuccini.it\/es\/eventos-bodas\/reunion\/sala-verette\/","og_site_name":"Park Hotel Ai Cappuccini","article_modified_time":"2022-01-10T08:39:57+00:00","og_image":[{"url":"https:\/\/park-hotel-ai-cappuccini.ms.decms.eu\/wp-content\/uploads\/sites\/385\/2021\/12\/PiantaSalaVerette-95x300.jpg","type":"","width":"","height":""}],"twitter_card":"summary_large_image","twitter_misc":{"Tiempo de lectura":"1 minuto"},"schema":{"@context":"https:\/\/schema.org","@graph":[{"@type":"WebPage","@id":"https:\/\/www.parkhotelaicappuccini.it\/es\/eventos-bodas\/reunion\/sala-verette\/","url":"https:\/\/www.parkhotelaicappuccini.it\/es\/eventos-bodas\/reunion\/sala-verette\/","name":"SALA VERETTE - Park Hotel Ai Cappuccini -","isPartOf":{"@id":"https:\/\/www.parkhotelaicappuccini.it\/es\/#website"},"primaryImageOfPage":{"@id":"https:\/\/www.parkhotelaicappuccini.it\/es\/eventos-bodas\/reunion\/sala-verette\/#primaryimage"},"image":{"@id":"https:\/\/www.parkhotelaicappuccini.it\/es\/eventos-bodas\/reunion\/sala-verette\/#primaryimage"},"thumbnailUrl":"https:\/\/park-hotel-ai-cappuccini.ms.decms.eu\/wp-content\/uploads\/sites\/385\/2021\/12\/PiantaSalaVerette-95x300.jpg","datePublished":"2021-12-17T15:25:01+00:00","dateModified":"2022-01-10T08:39:57+00:00","description":"La\u00a0sala Verette\u00a0est\u00e1 muy cerca de la sala Europa y se puede usar como sala de apoyo o como\u00a0sala aut\u00f3noma\u00a0para\u00a0reuniones\u00a0y\u00a0encuentros. El nombre \u201cverette\u201d deriva de la definici\u00f3n del\u00a0dardo\u00a0o\u00a0flecha lanzada\u00a0por el arco de una ballesta. A\u00fan hoy en d\u00eda, en Gubbio, se celebra la antigua Competici\u00f3n de la\u00a0Ballesta entre los ballesteros\u00a0de\u00a0Gubbio\u00a0y los de\u00a0Sansepolcro\u00a0y contin\u00faa siendo una\u00a0tradici\u00f3n viva y muy seguida. PAX 20 - Tavolo unico - mq. 51 PAX 28 - Platea - mq","breadcrumb":{"@id":"https:\/\/www.parkhotelaicappuccini.it\/es\/eventos-bodas\/reunion\/sala-verette\/#breadcrumb"},"inLanguage":"es","potentialAction":[{"@type":"ReadAction","target":["https:\/\/www.parkhotelaicappuccini.it\/es\/eventos-bodas\/reunion\/sala-verette\/"]}]},{"@type":"ImageObject","inLanguage":"es","@id":"https:\/\/www.parkhotelaicappuccini.it\/es\/eventos-bodas\/reunion\/sala-verette\/#primaryimage","url":"https:\/\/park-hotel-ai-cappuccini.ms.decms.eu\/wp-content\/uploads\/sites\/385\/2021\/12\/PiantaSalaVerette-95x300.jpg","contentUrl":"https:\/\/park-hotel-ai-cappuccini.ms.decms.eu\/wp-content\/uploads\/sites\/385\/2021\/12\/PiantaSalaVerette-95x300.jpg"},{"@type":"BreadcrumbList","@id":"https:\/\/www.parkhotelaicappuccini.it\/es\/eventos-bodas\/reunion\/sala-verette\/#breadcrumb","itemListElement":[{"@type":"ListItem","position":1,"name":"Home","item":"https:\/\/www.parkhotelaicappuccini.it\/es\/"},{"@type":"ListItem","position":2,"name":"Eventos &#038; Bodas","item":"https:\/\/www.parkhotelaicappuccini.it\/es\/eventos-bodas\/"},{"@type":"ListItem","position":3,"name":"Reuni\u00f3n","item":"https:\/\/www.parkhotelaicappuccini.it\/es\/eventos-bodas\/reunion\/"},{"@type":"ListItem","position":4,"name":"SALA VERETTE"}]},{"@type":"WebSite","@id":"https:\/\/www.parkhotelaicappuccini.it\/es\/#website","url":"https:\/\/www.parkhotelaicappuccini.it\/es\/","name":"Park Hotel Ai Cappuccini","description":"Just another ms.decms.eu site","potentialAction":[{"@type":"SearchAction","target":{"@type":"EntryPoint","urlTemplate":"https:\/\/www.parkhotelaicappuccini.it\/es\/?s={search_term_string}"},"query-input":{"@type":"PropertyValueSpecification","valueRequired":true,"valueName":"search_term_string"}}],"inLanguage":"es"}]}},"acf":[],"_links":{"self":[{"href":"https:\/\/www.parkhotelaicappuccini.it\/es\/wp-json\/wp\/v2\/pages\/351","targetHints":{"allow":["GET"]}}],"collection":[{"href":"https:\/\/www.parkhotelaicappuccini.it\/es\/wp-json\/wp\/v2\/pages"}],"about":[{"href":"https:\/\/www.parkhotelaicappuccini.it\/es\/wp-json\/wp\/v2\/types\/page"}],"author":[{"embeddable":true,"href":"https:\/\/www.parkhotelaicappuccini.it\/es\/wp-json\/wp\/v2\/users\/36"}],"replies":[{"embeddable":true,"href":"https:\/\/www.parkhotelaicappuccini.it\/es\/wp-json\/wp\/v2\/comments?post=351"}],"version-history":[{"count":0,"href":"https:\/\/www.parkhotelaicappuccini.it\/es\/wp-json\/wp\/v2\/pages\/351\/revisions"}],"up":[{"embeddable":true,"href":"https:\/\/www.parkhotelaicappuccini.it\/es\/wp-json\/wp\/v2\/pages\/289"}],"wp:attachment":[{"href":"https:\/\/www.parkhotelaicappuccini.it\/es\/wp-json\/wp\/v2\/media?parent=351"}],"curies":[{"name":"wp","href":"https:\/\/api.w.org\/{rel}","templated":true}]}}