{"id":2294,"date":"2026-02-05T14:43:03","date_gmt":"2026-02-05T14:43:03","guid":{"rendered":"https:\/\/www.parkhotelaicappuccini.it\/accessibilita-e-comfort-per-tutti\/"},"modified":"2026-02-06T08:32:56","modified_gmt":"2026-02-06T08:32:56","slug":"accesibilidad-y-comodidad-para-todos","status":"publish","type":"page","link":"https:\/\/www.parkhotelaicappuccini.it\/es\/accesibilidad-y-comodidad-para-todos\/","title":{"rendered":"Accesibilidad y Comodidad para Todos"},"content":{"rendered":"<p>En Park Hotel ai Cappuccini, nuestra prioridad es garantizar que cada hu\u00e9sped disfrute de una estancia c\u00f3moda, independiente y segura.<\/p>\n<p>Nos comprometemos a que nuestras instalaciones sean accesibles para todos, prestando especial atenci\u00f3n a las necesidades de las personas con discapacidad visual, auditiva o movilidad reducida. Hemos implementado diversas mejoras para superar las barreras arquitect\u00f3nicas y hacer que la experiencia sea m\u00e1s agradable y tranquila, incluso para hu\u00e9spedes mayores o personas convalecientes.<\/p>\n<p>Queremos que todos disfruten de una experiencia inolvidable, sinti\u00e9ndose a gusto en todo momento. Para ello, nos hemos unido a la red V4A (Village for All), que promueve la Hospitalidad Accesible en los alojamientos.<\/p>\n","protected":false},"excerpt":{"rendered":"<p>En Park Hotel ai Cappuccini, nuestra prioridad es garantizar que cada hu\u00e9sped disfrute de una estancia c\u00f3moda, independiente y segura. Nos comprometemos a que nuestras instalaciones sean accesibles para todos, prestando especial atenci\u00f3n a las necesidades de las personas con discapacidad visual, auditiva o movilidad reducida. Hemos implementado diversas mejoras para superar las barreras arquitect\u00f3nicas [&hellip;]<\/p>\n","protected":false},"author":699,"featured_media":0,"parent":0,"menu_order":200,"comment_status":"closed","ping_status":"closed","template":"template-default-2.php","meta":{"footnotes":""},"class_list":["post-2294","page","type-page","status-publish","hentry"],"yoast_head":"<!-- This site is optimized with the Yoast SEO plugin v26.9 - https:\/\/yoast.com\/product\/yoast-seo-wordpress\/ -->\n<title>Accesibilidad y Comodidad para Todos - Park Hotel Ai Cappuccini -<\/title>\n<meta name=\"description\" content=\"En Park Hotel ai Cappuccini, nuestra prioridad es garantizar que cada hu\u00e9sped disfrute de una estancia c\u00f3moda, independiente y segura.  Nos comprometemos a que nuestras instalaciones sean accesibles para todos, prestando especial atenci\u00f3n a las necesidades de las personas con discapacidad visual, auditiva o movilidad reducida. Hemos implementado diversas mejoras para superar las barreras arquitect\u00f3nicas y hacer que la experiencia sea m\u00e1s agradable y tranquila, incluso para hu\u00e9spedes mayores o personas convalecientes.  Queremos que todos disfruten de una experiencia inolvidable, sinti\u00e9ndose a gusto en todo momento\" \/>\n<meta name=\"robots\" content=\"index, follow, max-snippet:-1, max-image-preview:large, max-video-preview:-1\" \/>\n<link rel=\"canonical\" href=\"https:\/\/www.parkhotelaicappuccini.it\/es\/accesibilidad-y-comodidad-para-todos\/\" \/>\n<meta property=\"og:locale\" content=\"es_ES\" \/>\n<meta property=\"og:type\" content=\"article\" \/>\n<meta property=\"og:title\" content=\"Accesibilidad y Comodidad para Todos - Park Hotel Ai Cappuccini -\" \/>\n<meta property=\"og:description\" content=\"En Park Hotel ai Cappuccini, nuestra prioridad es garantizar que cada hu\u00e9sped disfrute de una estancia c\u00f3moda, independiente y segura.  Nos comprometemos a que nuestras instalaciones sean accesibles para todos, prestando especial atenci\u00f3n a las necesidades de las personas con discapacidad visual, auditiva o movilidad reducida. Hemos implementado diversas mejoras para superar las barreras arquitect\u00f3nicas y hacer que la experiencia sea m\u00e1s agradable y tranquila, incluso para hu\u00e9spedes mayores o personas convalecientes.  Queremos que todos disfruten de una experiencia inolvidable, sinti\u00e9ndose a gusto en todo momento\" \/>\n<meta property=\"og:url\" content=\"https:\/\/www.parkhotelaicappuccini.it\/es\/accesibilidad-y-comodidad-para-todos\/\" \/>\n<meta property=\"og:site_name\" content=\"Park Hotel Ai Cappuccini\" \/>\n<meta property=\"article:modified_time\" content=\"2026-02-06T08:32:56+00:00\" \/>\n<meta property=\"og:image\" content=\"https:\/\/www.parkhotelaicappuccini.it\/wp-content\/uploads\/sites\/385\/2021\/12\/Parco-Acque-6.jpg\" \/>\n\t<meta property=\"og:image:width\" content=\"1200\" \/>\n\t<meta property=\"og:image:height\" content=\"666\" \/>\n\t<meta property=\"og:image:type\" content=\"image\/jpeg\" \/>\n<meta name=\"twitter:card\" content=\"summary_large_image\" \/>\n<meta name=\"twitter:label1\" content=\"Tiempo de lectura\" \/>\n\t<meta name=\"twitter:data1\" content=\"1 minuto\" \/>\n<script type=\"application\/ld+json\" class=\"yoast-schema-graph\">{\"@context\":\"https:\/\/schema.org\",\"@graph\":[{\"@type\":\"WebPage\",\"@id\":\"https:\/\/www.parkhotelaicappuccini.it\/es\/accesibilidad-y-comodidad-para-todos\/\",\"url\":\"https:\/\/www.parkhotelaicappuccini.it\/es\/accesibilidad-y-comodidad-para-todos\/\",\"name\":\"Accesibilidad y Comodidad para Todos - Park Hotel Ai Cappuccini -\",\"isPartOf\":{\"@id\":\"https:\/\/www.parkhotelaicappuccini.it\/es\/#website\"},\"datePublished\":\"2026-02-05T14:43:03+00:00\",\"dateModified\":\"2026-02-06T08:32:56+00:00\",\"description\":\"En Park Hotel ai Cappuccini, nuestra prioridad es garantizar que cada hu\u00e9sped disfrute de una estancia c\u00f3moda, independiente y segura. Nos comprometemos a que nuestras instalaciones sean accesibles para todos, prestando especial atenci\u00f3n a las necesidades de las personas con discapacidad visual, auditiva o movilidad reducida. Hemos implementado diversas mejoras para superar las barreras arquitect\u00f3nicas y hacer que la experiencia sea m\u00e1s agradable y tranquila, incluso para hu\u00e9spedes mayores o personas convalecientes. Queremos que todos disfruten de una experiencia inolvidable, sinti\u00e9ndose a gusto en todo momento\",\"breadcrumb\":{\"@id\":\"https:\/\/www.parkhotelaicappuccini.it\/es\/accesibilidad-y-comodidad-para-todos\/#breadcrumb\"},\"inLanguage\":\"es\",\"potentialAction\":[{\"@type\":\"ReadAction\",\"target\":[\"https:\/\/www.parkhotelaicappuccini.it\/es\/accesibilidad-y-comodidad-para-todos\/\"]}]},{\"@type\":\"BreadcrumbList\",\"@id\":\"https:\/\/www.parkhotelaicappuccini.it\/es\/accesibilidad-y-comodidad-para-todos\/#breadcrumb\",\"itemListElement\":[{\"@type\":\"ListItem\",\"position\":1,\"name\":\"Home\",\"item\":\"https:\/\/www.parkhotelaicappuccini.it\/es\/\"},{\"@type\":\"ListItem\",\"position\":2,\"name\":\"Accesibilidad y Comodidad para Todos\"}]},{\"@type\":\"WebSite\",\"@id\":\"https:\/\/www.parkhotelaicappuccini.it\/es\/#website\",\"url\":\"https:\/\/www.parkhotelaicappuccini.it\/es\/\",\"name\":\"Park Hotel Ai Cappuccini\",\"description\":\"Just another ms.decms.eu site\",\"potentialAction\":[{\"@type\":\"SearchAction\",\"target\":{\"@type\":\"EntryPoint\",\"urlTemplate\":\"https:\/\/www.parkhotelaicappuccini.it\/es\/?s={search_term_string}\"},\"query-input\":{\"@type\":\"PropertyValueSpecification\",\"valueRequired\":true,\"valueName\":\"search_term_string\"}}],\"inLanguage\":\"es\"}]}<\/script>\n<!-- \/ Yoast SEO plugin. -->","yoast_head_json":{"title":"Accesibilidad y Comodidad para Todos - Park Hotel Ai Cappuccini -","description":"En Park Hotel ai Cappuccini, nuestra prioridad es garantizar que cada hu\u00e9sped disfrute de una estancia c\u00f3moda, independiente y segura.  Nos comprometemos a que nuestras instalaciones sean accesibles para todos, prestando especial atenci\u00f3n a las necesidades de las personas con discapacidad visual, auditiva o movilidad reducida. Hemos implementado diversas mejoras para superar las barreras arquitect\u00f3nicas y hacer que la experiencia sea m\u00e1s agradable y tranquila, incluso para hu\u00e9spedes mayores o personas convalecientes.  Queremos que todos disfruten de una experiencia inolvidable, sinti\u00e9ndose a gusto en todo momento","robots":{"index":"index","follow":"follow","max-snippet":"max-snippet:-1","max-image-preview":"max-image-preview:large","max-video-preview":"max-video-preview:-1"},"canonical":"https:\/\/www.parkhotelaicappuccini.it\/es\/accesibilidad-y-comodidad-para-todos\/","og_locale":"es_ES","og_type":"article","og_title":"Accesibilidad y Comodidad para Todos - Park Hotel Ai Cappuccini -","og_description":"En Park Hotel ai Cappuccini, nuestra prioridad es garantizar que cada hu\u00e9sped disfrute de una estancia c\u00f3moda, independiente y segura.  Nos comprometemos a que nuestras instalaciones sean accesibles para todos, prestando especial atenci\u00f3n a las necesidades de las personas con discapacidad visual, auditiva o movilidad reducida. Hemos implementado diversas mejoras para superar las barreras arquitect\u00f3nicas y hacer que la experiencia sea m\u00e1s agradable y tranquila, incluso para hu\u00e9spedes mayores o personas convalecientes.  Queremos que todos disfruten de una experiencia inolvidable, sinti\u00e9ndose a gusto en todo momento","og_url":"https:\/\/www.parkhotelaicappuccini.it\/es\/accesibilidad-y-comodidad-para-todos\/","og_site_name":"Park Hotel Ai Cappuccini","article_modified_time":"2026-02-06T08:32:56+00:00","og_image":[{"width":1200,"height":666,"url":"https:\/\/www.parkhotelaicappuccini.it\/wp-content\/uploads\/sites\/385\/2021\/12\/Parco-Acque-6.jpg","type":"image\/jpeg"}],"twitter_card":"summary_large_image","twitter_misc":{"Tiempo de lectura":"1 minuto"},"schema":{"@context":"https:\/\/schema.org","@graph":[{"@type":"WebPage","@id":"https:\/\/www.parkhotelaicappuccini.it\/es\/accesibilidad-y-comodidad-para-todos\/","url":"https:\/\/www.parkhotelaicappuccini.it\/es\/accesibilidad-y-comodidad-para-todos\/","name":"Accesibilidad y Comodidad para Todos - Park Hotel Ai Cappuccini -","isPartOf":{"@id":"https:\/\/www.parkhotelaicappuccini.it\/es\/#website"},"datePublished":"2026-02-05T14:43:03+00:00","dateModified":"2026-02-06T08:32:56+00:00","description":"En Park Hotel ai Cappuccini, nuestra prioridad es garantizar que cada hu\u00e9sped disfrute de una estancia c\u00f3moda, independiente y segura. Nos comprometemos a que nuestras instalaciones sean accesibles para todos, prestando especial atenci\u00f3n a las necesidades de las personas con discapacidad visual, auditiva o movilidad reducida. Hemos implementado diversas mejoras para superar las barreras arquitect\u00f3nicas y hacer que la experiencia sea m\u00e1s agradable y tranquila, incluso para hu\u00e9spedes mayores o personas convalecientes. Queremos que todos disfruten de una experiencia inolvidable, sinti\u00e9ndose a gusto en todo momento","breadcrumb":{"@id":"https:\/\/www.parkhotelaicappuccini.it\/es\/accesibilidad-y-comodidad-para-todos\/#breadcrumb"},"inLanguage":"es","potentialAction":[{"@type":"ReadAction","target":["https:\/\/www.parkhotelaicappuccini.it\/es\/accesibilidad-y-comodidad-para-todos\/"]}]},{"@type":"BreadcrumbList","@id":"https:\/\/www.parkhotelaicappuccini.it\/es\/accesibilidad-y-comodidad-para-todos\/#breadcrumb","itemListElement":[{"@type":"ListItem","position":1,"name":"Home","item":"https:\/\/www.parkhotelaicappuccini.it\/es\/"},{"@type":"ListItem","position":2,"name":"Accesibilidad y Comodidad para Todos"}]},{"@type":"WebSite","@id":"https:\/\/www.parkhotelaicappuccini.it\/es\/#website","url":"https:\/\/www.parkhotelaicappuccini.it\/es\/","name":"Park Hotel Ai Cappuccini","description":"Just another ms.decms.eu site","potentialAction":[{"@type":"SearchAction","target":{"@type":"EntryPoint","urlTemplate":"https:\/\/www.parkhotelaicappuccini.it\/es\/?s={search_term_string}"},"query-input":{"@type":"PropertyValueSpecification","valueRequired":true,"valueName":"search_term_string"}}],"inLanguage":"es"}]}},"acf":[],"_links":{"self":[{"href":"https:\/\/www.parkhotelaicappuccini.it\/es\/wp-json\/wp\/v2\/pages\/2294","targetHints":{"allow":["GET"]}}],"collection":[{"href":"https:\/\/www.parkhotelaicappuccini.it\/es\/wp-json\/wp\/v2\/pages"}],"about":[{"href":"https:\/\/www.parkhotelaicappuccini.it\/es\/wp-json\/wp\/v2\/types\/page"}],"author":[{"embeddable":true,"href":"https:\/\/www.parkhotelaicappuccini.it\/es\/wp-json\/wp\/v2\/users\/699"}],"replies":[{"embeddable":true,"href":"https:\/\/www.parkhotelaicappuccini.it\/es\/wp-json\/wp\/v2\/comments?post=2294"}],"version-history":[{"count":0,"href":"https:\/\/www.parkhotelaicappuccini.it\/es\/wp-json\/wp\/v2\/pages\/2294\/revisions"}],"wp:attachment":[{"href":"https:\/\/www.parkhotelaicappuccini.it\/es\/wp-json\/wp\/v2\/media?parent=2294"}],"curies":[{"name":"wp","href":"https:\/\/api.w.org\/{rel}","templated":true}]}}